{"id":33836,"date":"2023-08-11T21:12:35","date_gmt":"2023-08-11T19:12:35","guid":{"rendered":"https:\/\/gamecardshop.com\/livecards\/?post_type=product&#038;p=33836"},"modified":"2026-04-03T12:01:43","modified_gmt":"2026-04-03T10:01:43","slug":"office-2013-professional-plus","status":"publish","type":"product","link":"https:\/\/livekaarten.nl\/it\/prodotto\/office-2013-professional-plus\/","title":{"rendered":"Microsoft Office 2013 Professional Plus Licenza per 3 dispositivi"},"content":{"rendered":"<div>\n<p>Con i programmi inclusi, Microsoft Office 2013 Professional Plus soddisfa tutti i requisiti di un software per ufficio completo. Sia che si creino lettere, si gestiscano dati aziendali e fogli di calcolo, si progettino presentazioni, si creino database o si organizzino le e-mail per i progetti aziendali e privati, con le applicazioni Office si pu\u00f2 fare tutto in un attimo.<\/p>\n<p><strong>Quali programmi sono inclusi in Microsoft Office 2013 Professional Plus?<\/strong><\/p>\n<ul>\n<li><strong>Microsoft Word 2013<\/strong> - per creare e modificare testi e documenti<\/li>\n<li><strong>Microsoft Excel 2013<\/strong> - per l'elaborazione di record di dati tabellari<\/li>\n<li><strong>Microsoft PowerPoint 2013<\/strong> - per creare presentazioni stimolanti<\/li>\n<li><strong>Microsoft Outlook 2013<\/strong> - per la gestione di e-mail, contatti, orari e attivit\u00e0<\/li>\n<li><strong>Microsoft OneNote 2013<\/strong> - per creare e gestire le note<\/li>\n<li><strong>Microsoft Publisher 2013<\/strong> - per creare facilmente pubblicazioni dall'aspetto professionale<\/li>\n<li><strong>Microsoft Access 2013<\/strong> - per la creazione di database con accesso a Internet<\/li>\n<\/ul>\n<p>Microsoft fa ampio uso del cloud in Microsoft Office 2013. La suite consente agli utenti di archiviare i documenti direttamente nel servizio cloud SkyDrive di Microsoft. Grazie a questa funzione, \u00e8 possibile accedere a un computer su cui non \u00e8 installato il software Office e utilizzare i componenti Web Office di Microsoft per aprire, modificare e condividere un documento. La versione 2013 della suite non richiede alcun componente software aggiuntivo, che rendeva il processo macchinoso nelle versioni precedenti.<\/p>\n<p>Microsoft ha apportato alcuni graditi miglioramenti a specifici elementi software della suite Office. Uno dei miglioramenti apportati a Word 2013 \u00e8 la possibilit\u00e0 di aprire e modificare documenti PDF direttamente da Word, il che pu\u00f2 rappresentare un vero e proprio risparmio di tempo. Inoltre, \u00e8 in grado di riorganizzare attivamente il testo intorno a immagini o filmati durante la digitazione. Word \u00e8 anche dotato di Simple Markup, una nuova opzione di revisione che offre agli utenti una visione pulita e semplice di un documento, ma con indicatori per annotare le modifiche tracciate.<\/p>\n<p><strong>Funzioni aggiuntive<\/strong><\/p>\n<ul>\n<li>\u201cRicerca \u201dInsights\" direttamente dai vostri documenti. In questo modo \u00e8 possibile recuperare informazioni rilevanti da Internet e integrarle nei documenti o nelle presentazioni. Il collegamento a Bing garantisce risultati di ricerca rapidi<\/li>\n<li>Assistente di ricerca \u201cDimmi\u201d, che rende ogni programma pi\u00f9 veloce e pi\u00f9 facile da usare<\/li>\n<li>Excel con la funzione di riempimento automatico rileva i modelli e riempie i dati automaticamente. \u00c8 inoltre possibile prevedere facilmente le serie di dati e le forme per le tendenze future.<\/li>\n<li>Utilizzate l'opzione integrata in Publisher per stampare le foto online. Risparmiate tempo e garantite risultati professionali<\/li>\n<li>PowerPoint offre la possibilit\u00e0 di condividere le presentazioni sul Web. Non \u00e8 necessario installare PowerPoint per visualizzarle.<\/li>\n<li>Attivate lo sfondo dello schermo \u201cTema nero\u201d per lavorare in modo pi\u00f9 agevole per gli occhi.<\/li>\n<li>Utilizzate OneDrive con 5 GB di spazio di archiviazione cloud gratuito e collaborate con gli altri in tempo reale.<\/li>\n<\/ul>\n<p>In altre parole, l'interfaccia utente intuitiva di Microsoft Office Professional Plus 2013 consente una navigazione rapida all'interno dei programmi. La nuova barra multifunzione semplifica la ricerca delle funzioni. E se non si riesce a capire, l'assistente di ricerca \u201cDimmi\u201d aiuta a trovare rapidamente la funzione desiderata. In questo modo si abitua rapidamente ai diversi programmi e li si utilizza in modo ottimale per il proprio lavoro.<\/p>\n<p>Grazie all'integrazione con Skype for Business, sarete sempre in contatto con i vostri colleghi e collaboratori. Microsoft Office Professional Plus 2013 offre funzioni avanzate di messaggistica istantanea, videoconferenza e telefonia IP. \u00c8 possibile condividere informazioni, chiarire e discutere progetti. Il servizio cloud OneDrive semplifica inoltre la condivisione dei dati. Lavorate insieme per il successo della vostra azienda, ovunque vi troviate. L'interfaccia di Microsoft Office 2013 Professional Plus si integra perfettamente con Windows 10 ed \u00e8 ottimizzata per il controllo touch. Lavorate in modo flessibile e aumentate la produttivit\u00e0 con Microsoft Office Professional Plus 2013.<\/p>\n<p><strong>Requisiti di sistema<\/strong><\/p>\n<ul>\n<li>1,4 GHz, processore a 2 core<\/li>\n<li>Windows 7, Windows 8, Windows 10<\/li>\n<li>1 GB (32bit), 2 GB (64bit) di RAM<\/li>\n<li>3 GB di spazio disponibile su disco rigido<\/li>\n<li>Scheda grafica DirectX 9 per utilizzare l'accelerazione grafica hardware<\/li>\n<\/ul>\n<\/div>","protected":false},"excerpt":{"rendered":"<ul>\n<li>Licenza: Per l'attivazione su 3 PC (online o per telefono)<\/li>\n<li>Consegna: il link per il download, il codice prodotto, le istruzioni e la fattura vengono consegnati direttamente via e-mail. Non disponibile su supporto fisico (USB, CD, ecc.).<\/li>\n<li>Versione: Per sistemi a 32 e 64 bit, versioni complete e illimitate del software.<\/li>\n<li>Lingue: inglese, spagnolo, italiano, tedesco, francese<\/li>\n<li>Assistenza: 24 ore su 24, 7 giorni su 7, in inglese, spagnolo e tedesco.<\/li>\n<li><strong><span style=\"color: #008000;\">Questo prodotto \u00e8 compatibile con Windows.<\/span><\/strong><\/li>\n<li><strong><span style=\"color: #ff0000;\">NON \u00e8 compatibile con Apple macOS\u2122, dispositivi Android e Chromebook.<\/span><\/strong><\/li>\n<\/ul>","protected":false},"featured_media":114643,"comment_status":"closed","ping_status":"closed","template":"","meta":[],"product_cat":[75],"product_tag":[79],"class_list":{"0":"post-33836","1":"product","2":"type-product","3":"status-publish","4":"has-post-thumbnail","6":"product_cat-microsoft-office","7":"product_tag-ms-office","9":"first","10":"instock","11":"sale","12":"virtual","13":"taxable","14":"purchasable","15":"product-type-simple"},"yoast_head":"<!-- This site is optimized with the Yoast SEO plugin v27.3 - https:\/\/yoast.com\/product\/yoast-seo-wordpress\/ -->\n<title>Microsoft Office 2013 Professional Plus Licentie voor 3 apparaten | Your best option, at the best price<\/title>\n<meta name=\"description\" content=\"Microsoft Office 2013 Professional Plus Licentie voor 3 apparaten Application for editing digital texts. | Best market prices. | 24\/7 Customer support | Immediate delivery\" \/>\n<meta name=\"robots\" content=\"index, follow, max-snippet:-1, max-image-preview:large, max-video-preview:-1\" \/>\n<link rel=\"canonical\" href=\"https:\/\/livekaarten.nl\/it\/prodotto\/office-2013-professional-plus\/\" \/>\n<meta property=\"og:locale\" content=\"it_IT\" \/>\n<meta property=\"og:type\" content=\"article\" \/>\n<meta property=\"og:title\" content=\"Microsoft Office 2013 Professional Plus Licentie voor 3 apparaten | Your best option, at the best price\" \/>\n<meta property=\"og:description\" content=\"Microsoft Office 2013 Professional Plus Licentie voor 3 apparaten Application for editing digital texts. | Best market prices. | 24\/7 Customer support | Immediate delivery\" \/>\n<meta property=\"og:url\" content=\"https:\/\/livekaarten.nl\/it\/prodotto\/office-2013-professional-plus\/\" \/>\n<meta property=\"og:site_name\" content=\"livekaarten.nl\" \/>\n<meta property=\"article:modified_time\" content=\"2026-04-03T10:01:43+00:00\" \/>\n<meta property=\"og:image\" content=\"https:\/\/livekaarten.nl\/wp-content\/uploads\/2025\/04\/O13PP.jpg\" \/>\n\t<meta property=\"og:image:width\" content=\"1000\" \/>\n\t<meta property=\"og:image:height\" content=\"1500\" \/>\n\t<meta property=\"og:image:type\" content=\"image\/jpeg\" \/>\n<meta name=\"twitter:card\" content=\"summary_large_image\" \/>\n<meta name=\"twitter:label1\" content=\"Tempo di lettura stimato\" \/>\n\t<meta name=\"twitter:data1\" content=\"4 minuti\" \/>\n<script type=\"application\/ld+json\" class=\"yoast-schema-graph\">{\"@context\":\"https:\\\/\\\/schema.org\",\"@graph\":[{\"@type\":\"WebPage\",\"@id\":\"https:\\\/\\\/livekaarten.nl\\\/product\\\/office-2013-professional-plus\\\/\",\"url\":\"https:\\\/\\\/livekaarten.nl\\\/product\\\/office-2013-professional-plus\\\/\",\"name\":\"Microsoft Office 2013 Professional Plus Licentie voor 3 apparaten | Your best option, at the best price\",\"isPartOf\":{\"@id\":\"https:\\\/\\\/livekaarten.nl\\\/#website\"},\"primaryImageOfPage\":{\"@id\":\"https:\\\/\\\/livekaarten.nl\\\/product\\\/office-2013-professional-plus\\\/#primaryimage\"},\"image\":{\"@id\":\"https:\\\/\\\/livekaarten.nl\\\/product\\\/office-2013-professional-plus\\\/#primaryimage\"},\"thumbnailUrl\":\"https:\\\/\\\/livekaarten.nl\\\/wp-content\\\/uploads\\\/2025\\\/04\\\/O13PP.jpg\",\"datePublished\":\"2023-08-11T19:12:35+00:00\",\"dateModified\":\"2026-04-03T10:01:43+00:00\",\"description\":\"Microsoft Office 2013 Professional Plus Licentie voor 3 apparaten Application for editing digital texts. | Best market prices. | 24\\\/7 Customer support | Immediate delivery\",\"breadcrumb\":{\"@id\":\"https:\\\/\\\/livekaarten.nl\\\/product\\\/office-2013-professional-plus\\\/#breadcrumb\"},\"inLanguage\":\"it-IT\",\"potentialAction\":[{\"@type\":\"ReadAction\",\"target\":[\"https:\\\/\\\/livekaarten.nl\\\/product\\\/office-2013-professional-plus\\\/\"]}]},{\"@type\":\"ImageObject\",\"inLanguage\":\"it-IT\",\"@id\":\"https:\\\/\\\/livekaarten.nl\\\/product\\\/office-2013-professional-plus\\\/#primaryimage\",\"url\":\"https:\\\/\\\/livekaarten.nl\\\/wp-content\\\/uploads\\\/2025\\\/04\\\/O13PP.jpg\",\"contentUrl\":\"https:\\\/\\\/livekaarten.nl\\\/wp-content\\\/uploads\\\/2025\\\/04\\\/O13PP.jpg\",\"width\":1000,\"height\":1500},{\"@type\":\"BreadcrumbList\",\"@id\":\"https:\\\/\\\/livekaarten.nl\\\/product\\\/office-2013-professional-plus\\\/#breadcrumb\",\"itemListElement\":[{\"@type\":\"ListItem\",\"position\":1,\"name\":\"Home\",\"item\":\"https:\\\/\\\/livekaarten.nl\\\/\"},{\"@type\":\"ListItem\",\"position\":2,\"name\":\"Winkel\",\"item\":\"https:\\\/\\\/livekaarten.nl\\\/shop\\\/\"},{\"@type\":\"ListItem\",\"position\":3,\"name\":\"Microsoft Office 2013 Professional Plus Licentie voor 3 apparaten\"}]},{\"@type\":\"WebSite\",\"@id\":\"https:\\\/\\\/livekaarten.nl\\\/#website\",\"url\":\"https:\\\/\\\/livekaarten.nl\\\/\",\"name\":\"Livekaarten.nl\",\"description\":\"Koop uw kantoor\",\"potentialAction\":[{\"@type\":\"SearchAction\",\"target\":{\"@type\":\"EntryPoint\",\"urlTemplate\":\"https:\\\/\\\/livekaarten.nl\\\/?s={search_term_string}\"},\"query-input\":{\"@type\":\"PropertyValueSpecification\",\"valueRequired\":true,\"valueName\":\"search_term_string\"}}],\"inLanguage\":\"it-IT\"}]}<\/script>\n<!-- \/ Yoast SEO plugin. -->","yoast_head_json":{"title":"Microsoft Office 2013 Professional Plus Licentie voor 3 apparaten | Your best option, at the best price","description":"Microsoft Office 2013 Professional Plus Licentie voor 3 apparaten Application for editing digital texts. | Best market prices. | 24\/7 Customer support | Immediate delivery","robots":{"index":"index","follow":"follow","max-snippet":"max-snippet:-1","max-image-preview":"max-image-preview:large","max-video-preview":"max-video-preview:-1"},"canonical":"https:\/\/livekaarten.nl\/it\/prodotto\/office-2013-professional-plus\/","og_locale":"it_IT","og_type":"article","og_title":"Microsoft Office 2013 Professional Plus Licentie voor 3 apparaten | Your best option, at the best price","og_description":"Microsoft Office 2013 Professional Plus Licentie voor 3 apparaten Application for editing digital texts. | Best market prices. | 24\/7 Customer support | Immediate delivery","og_url":"https:\/\/livekaarten.nl\/it\/prodotto\/office-2013-professional-plus\/","og_site_name":"livekaarten.nl","article_modified_time":"2026-04-03T10:01:43+00:00","og_image":[{"width":1000,"height":1500,"url":"https:\/\/livekaarten.nl\/wp-content\/uploads\/2025\/04\/O13PP.jpg","type":"image\/jpeg"}],"twitter_card":"summary_large_image","twitter_misc":{"Tempo di lettura stimato":"4 minuti"},"schema":{"@context":"https:\/\/schema.org","@graph":[{"@type":"WebPage","@id":"https:\/\/livekaarten.nl\/product\/office-2013-professional-plus\/","url":"https:\/\/livekaarten.nl\/product\/office-2013-professional-plus\/","name":"Microsoft Office 2013 Professional Plus Licentie voor 3 apparaten | Your best option, at the best price","isPartOf":{"@id":"https:\/\/livekaarten.nl\/#website"},"primaryImageOfPage":{"@id":"https:\/\/livekaarten.nl\/product\/office-2013-professional-plus\/#primaryimage"},"image":{"@id":"https:\/\/livekaarten.nl\/product\/office-2013-professional-plus\/#primaryimage"},"thumbnailUrl":"https:\/\/livekaarten.nl\/wp-content\/uploads\/2025\/04\/O13PP.jpg","datePublished":"2023-08-11T19:12:35+00:00","dateModified":"2026-04-03T10:01:43+00:00","description":"Microsoft Office 2013 Professional Plus Licentie voor 3 apparaten Application for editing digital texts. | Best market prices. | 24\/7 Customer support | Immediate delivery","breadcrumb":{"@id":"https:\/\/livekaarten.nl\/product\/office-2013-professional-plus\/#breadcrumb"},"inLanguage":"it-IT","potentialAction":[{"@type":"ReadAction","target":["https:\/\/livekaarten.nl\/product\/office-2013-professional-plus\/"]}]},{"@type":"ImageObject","inLanguage":"it-IT","@id":"https:\/\/livekaarten.nl\/product\/office-2013-professional-plus\/#primaryimage","url":"https:\/\/livekaarten.nl\/wp-content\/uploads\/2025\/04\/O13PP.jpg","contentUrl":"https:\/\/livekaarten.nl\/wp-content\/uploads\/2025\/04\/O13PP.jpg","width":1000,"height":1500},{"@type":"BreadcrumbList","@id":"https:\/\/livekaarten.nl\/product\/office-2013-professional-plus\/#breadcrumb","itemListElement":[{"@type":"ListItem","position":1,"name":"Home","item":"https:\/\/livekaarten.nl\/"},{"@type":"ListItem","position":2,"name":"Winkel","item":"https:\/\/livekaarten.nl\/shop\/"},{"@type":"ListItem","position":3,"name":"Microsoft Office 2013 Professional Plus Licentie voor 3 apparaten"}]},{"@type":"WebSite","@id":"https:\/\/livekaarten.nl\/#website","url":"https:\/\/livekaarten.nl\/","name":"Livecards.it","description":"Acquista il tuo ufficio","potentialAction":[{"@type":"SearchAction","target":{"@type":"EntryPoint","urlTemplate":"https:\/\/livekaarten.nl\/?s={search_term_string}"},"query-input":{"@type":"PropertyValueSpecification","valueRequired":true,"valueName":"search_term_string"}}],"inLanguage":"it-IT"}]}},"_links":{"self":[{"href":"https:\/\/livekaarten.nl\/it\/wp-json\/wp\/v2\/product\/33836","targetHints":{"allow":["GET"]}}],"collection":[{"href":"https:\/\/livekaarten.nl\/it\/wp-json\/wp\/v2\/product"}],"about":[{"href":"https:\/\/livekaarten.nl\/it\/wp-json\/wp\/v2\/types\/product"}],"replies":[{"embeddable":true,"href":"https:\/\/livekaarten.nl\/it\/wp-json\/wp\/v2\/comments?post=33836"}],"wp:featuredmedia":[{"embeddable":true,"href":"https:\/\/livekaarten.nl\/it\/wp-json\/wp\/v2\/media\/114643"}],"wp:attachment":[{"href":"https:\/\/livekaarten.nl\/it\/wp-json\/wp\/v2\/media?parent=33836"}],"wp:term":[{"taxonomy":"product_cat","embeddable":true,"href":"https:\/\/livekaarten.nl\/it\/wp-json\/wp\/v2\/product_cat?post=33836"},{"taxonomy":"product_tag","embeddable":true,"href":"https:\/\/livekaarten.nl\/it\/wp-json\/wp\/v2\/product_tag?post=33836"}],"curies":[{"name":"wp","href":"https:\/\/api.w.org\/{rel}","templated":true}]}}