{"id":1957,"date":"2022-10-20T21:47:49","date_gmt":"2022-10-20T21:47:49","guid":{"rendered":"https:\/\/gamecardshop.com\/livecards\/?post_type=product&#038;p=1957"},"modified":"2026-04-03T12:01:43","modified_gmt":"2026-04-03T10:01:43","slug":"microsoft-windows-11-home","status":"publish","type":"product","link":"https:\/\/livekaarten.nl\/it\/prodotto\/microsoft-windows-11-home\/","title":{"rendered":"Microsoft Windows 11 Home"},"content":{"rendered":"<div id=\"primaryR2\" data-grid=\"container\" data-region-key=\"primaryr2\" data-m=\"{&quot;cN&quot;:&quot;primaryR2 1&quot;,&quot;cT&quot;:&quot;Region_coreui-region&quot;,&quot;id&quot;:&quot;r2a2&quot;,&quot;sN&quot;:2,&quot;aN&quot;:&quot;a2&quot;}\">\n<div id=\"coreui-banner-l03vzh8\" data-m=\"{&quot;cN&quot;:&quot;R2Banner 1&quot;,&quot;cT&quot;:&quot;Module_coreui-banner&quot;,&quot;id&quot;:&quot;m1r2a2&quot;,&quot;sN&quot;:1,&quot;aN&quot;:&quot;r2a2&quot;}\" data-module-id=\"WDG-Windows|primaryR2|coreui-region|coreui-banner-l03vzh8|coreui-banner\">\n<div class=\"m-banner f-align-left\" data-grid=\"col-12\">\n<p class=\"c-heading-3\"><strong><span style=\"font-size: 32px;\">Microsoft Windows 11 Professional<\/span><\/strong><\/p>\n<h4 class=\"c-heading-3\">Requisiti di sistema<\/h4>\n<\/div>\n<\/div>\n<div id=\"coreui-divider-f6wmnt9\" data-m=\"{&quot;cN&quot;:&quot;R2Divider 1&quot;,&quot;cT&quot;:&quot;Module_coreui-divider&quot;,&quot;id&quot;:&quot;m2r2a2&quot;,&quot;sN&quot;:2,&quot;aN&quot;:&quot;r2a2&quot;}\" data-module-id=\"WDG-Windows|primaryR2|coreui-region|coreui-divider-f6wmnt9|coreui-divider\">\n<hr class=\"c-divider f-pad-top-3x\" data-grid=\"col-12\" \/>\n<\/div>\n<div id=\"coreui-contentrichblock-o5iouct\" data-m=\"{&quot;cN&quot;:&quot;R2ContentRichBlock 1&quot;,&quot;cT&quot;:&quot;Module_coreui-contentrichblock&quot;,&quot;id&quot;:&quot;m3r2a2&quot;,&quot;sN&quot;:3,&quot;aN&quot;:&quot;r2a2&quot;}\" data-module-id=\"WDG-Windows|primaryR2|coreui-region|coreui-contentrichblock-o5iouct|coreui-contentrichblock\">\n<div class=\"m-rich-content-block context-ucx\" data-grid=\"col-12\">\n<p>Assicuratevi di essere pronti per l'ultimo e pi\u00f9 grande sistema operativo di Microsoft!<\/p>\n<p>Questi sono i requisiti minimi per installare Microsoft Windows 11 su un PC. Se il vostro dispositivo non soddisfa questi requisiti, potreste non essere in grado di installare Microsoft Windows 11. Se non si \u00e8 sicuri che il proprio PC soddisfi questi requisiti, \u00e8 possibile utilizzare l'applicazione PC Health Check per valutare la compatibilit\u00e0. <strong>(Richiede Windows 10, <a href=\"https:\/\/aka.ms\/GetPCHealthCheckApp\">clicca qui per scaricare<\/a>).<\/strong><\/p>\n<\/div>\n<\/div>\n<div id=\"coreui-tablev2-62jrfm3\" data-m=\"{&quot;cN&quot;:&quot;R2TableV2 1&quot;,&quot;cT&quot;:&quot;Module_coreui-tablev2&quot;,&quot;id&quot;:&quot;m4r2a2&quot;,&quot;sN&quot;:4,&quot;aN&quot;:&quot;r2a2&quot;}\" data-module-id=\"WDG-Windows|primaryR2|coreui-region|coreui-tablev2-62jrfm3|coreui-tablev2\">\n<div class=\"m-table\">\n<div class=\"c-table\" data-f-loc-ascending=\"Sorted by {0} - ascending\" data-f-loc-descending=\"Sorted by {0} - descending\">\n<table>\n<tbody>\n<tr>\n<td class=\"f-divided\"><strong>Processore:<\/strong><\/td>\n<td class=\"f-divided\">1 gigahertz (GHz) o pi\u00f9 veloce con 2 o pi\u00f9 core su un processore o un System on a Chip (SoC) a 64 bit compatibile<\/td>\n<\/tr>\n<tr>\n<td class=\"f-divided\"><strong>RAM:<\/strong><\/td>\n<td class=\"f-divided\">4 gigabyte (GB)<\/td>\n<\/tr>\n<tr>\n<td class=\"f-divided\"><strong>Stoccaggio:<\/strong><\/td>\n<td class=\"f-divided\">Dispositivo di archiviazione da 64 GB o pi\u00f9 grande<\/p>\n<p>Nota: per ulteriori informazioni, consultare la sezione \u201cUlteriori informazioni sull'archiviazione per mantenere aggiornato Windows 11\u201d.<\/td>\n<\/tr>\n<tr>\n<td class=\"f-divided\"><strong>Firmware del sistema:<\/strong><\/td>\n<td class=\"f-divided\">UEFI, adatto al Secure Boot<\/td>\n<\/tr>\n<tr>\n<td class=\"f-divided\"><strong>TPM:<\/strong><\/td>\n<td class=\"f-divided\">Modulo di piattaforma affidabile (TPM) versione 2.0<\/td>\n<\/tr>\n<tr>\n<td class=\"f-divided\"><strong>Scheda grafica:<\/strong><\/td>\n<td class=\"f-divided\">Compatibile con DirectX 12 o superiore con driver WDDM 2.0<\/td>\n<\/tr>\n<tr>\n<td class=\"f-divided\"><strong>Display:<\/strong><\/td>\n<td class=\"f-divided\">Display ad alta definizione (720p) con diagonale di oltre 9\u2033, 8 bit per canale di colore<\/td>\n<\/tr>\n<tr>\n<td class=\"f-divided\"><strong>Connessione a Internet e account Microsoft: <\/strong><\/td>\n<td class=\"f-divided\">Microsoft Windows 11 richiede una connessione a Internet e un account Microsoft per completare l'installazione del dispositivo al primo utilizzo.<\/p>\n<p>Anche il passaggio di un dispositivo da Microsoft Windows 11 Home alla modalit\u00e0 S richiede una connessione a Internet.<\/p>\n<p>Tutte le edizioni di Microsoft Windows 11 richiedono l'accesso a Internet per eseguire gli aggiornamenti, scaricare e utilizzare alcune funzioni. Alcune funzioni richiedono un account Microsoft.<\/td>\n<\/tr>\n<\/tbody>\n<\/table>\n<\/div>\n<\/div>\n<\/div>\n<div id=\"coreui-contentrichblock-wqm7a2a\" data-m=\"{&quot;cN&quot;:&quot;R2ContentRichBlock 2&quot;,&quot;cT&quot;:&quot;Module_coreui-contentrichblock&quot;,&quot;id&quot;:&quot;m5r2a2&quot;,&quot;sN&quot;:5,&quot;aN&quot;:&quot;r2a2&quot;}\" data-module-id=\"WDG-Windows|primaryR2|coreui-region|coreui-contentrichblock-wqm7a2a|coreui-contentrichblock\">\n<div class=\"m-rich-content-block context-ucx\" data-grid=\"col-12\">\n<p>Nel corso del tempo, potrebbero essere richiesti ulteriori aggiornamenti e requisiti per abilitare specifiche funzionalit\u00e0 del sistema operativo.<\/p>\n<\/div>\n<\/div>\n<\/div>\n<div id=\"primaryR3\" data-grid=\"container\" data-region-key=\"primaryr3\" data-m=\"{&quot;cN&quot;:&quot;primaryR3 1&quot;,&quot;cT&quot;:&quot;Region_coreui-region&quot;,&quot;id&quot;:&quot;r3a2&quot;,&quot;sN&quot;:3,&quot;aN&quot;:&quot;a2&quot;}\">\n<div id=\"coreui-divider-xjbne9z\" data-m=\"{&quot;cN&quot;:&quot;R2Divider 1&quot;,&quot;cT&quot;:&quot;Module_coreui-divider&quot;,&quot;id&quot;:&quot;m2r3a2&quot;,&quot;sN&quot;:2,&quot;aN&quot;:&quot;r3a2&quot;}\" data-module-id=\"WDG-Windows|primaryR3|coreui-region|coreui-divider-xjbne9z|coreui-divider\">\n<hr class=\"c-divider f-pad-top-3x\" data-grid=\"col-12\" \/>\n<\/div>\n<div id=\"coreui-contentrichblock-rhi1sei\" data-m=\"{&quot;cN&quot;:&quot;R2ContentRichBlock 1&quot;,&quot;cT&quot;:&quot;Module_coreui-contentrichblock&quot;,&quot;id&quot;:&quot;m3r3a2&quot;,&quot;sN&quot;:3,&quot;aN&quot;:&quot;r3a2&quot;}\" data-module-id=\"WDG-Windows|primaryR3|coreui-region|coreui-contentrichblock-rhi1sei|coreui-contentrichblock\">\n<div class=\"m-rich-content-block context-ucx\" data-grid=\"col-12\">\n<p>Alcune funzioni di Microsoft Windows 11 hanno requisiti pi\u00f9 elevati di quelli elencati nella sezione dei requisiti minimi. Di seguito sono riportate ulteriori informazioni sui requisiti delle funzioni principali:<\/p>\n<div>\n<ul class=\"c-list\">\n<li>Il supporto 5G richiede un modem abilitato al 5G.<\/li>\n<li>L'Auto HDR richiede un monitor HDR.<\/li>\n<li>BitLocker to Go richiede un'unit\u00e0 flash USB (disponibile nelle edizioni di Windows Pro e successive).<\/li>\n<li>Il client Hyper-V richiede un processore con capacit\u00e0 SLAT (traduzione degli indirizzi di secondo livello) (disponibile nelle edizioni di Windows Pro e successive).<\/li>\n<li>Cortana richiede un microfono e un altoparlante ed \u00e8 attualmente disponibile in<\/li>\n<li>Microsoft Windows 11 per Australia, Brasile, Canada, Cina, Francia, Germania, India, Italia, Giappone, Messico, Spagna, Regno Unito e Stati Uniti.<\/li>\n<li>DirectStorage richiede un'unit\u00e0 SSD NVMe per memorizzare ed eseguire i giochi utilizzando il driver \u201cStandard NVM Express Controller\u201d e un'unit\u00e0 SSD NVMe.<\/li>\n<li>GPU DirectX12 con supporto per Shader Model 6.0.<\/li>\n<li>DirectX 12 Ultimate \u00e8 disponibile con i giochi e i chip grafici supportati.<\/li>\n<li>La presenza richiede un sensore in grado di rilevare la distanza dell'uomo dal dispositivo o l'intenzione di interagire con il dispositivo.<\/li>\n<li>Le videoconferenze intelligenti richiedono una videocamera, un microfono e un altoparlante (uscita audio).<\/li>\n<li>L'assistente vocale multiplo (MVA) richiede un microfono e un altoparlante.<\/li>\n<li>I layout Snap a tre colonne richiedono uno schermo con una larghezza effettiva di 1920 pixel o pi\u00f9.<\/li>\n<li>L'opzione Mute\/Unmute dalla barra delle applicazioni richiede una videocamera, un microfono e un altoparlante (uscita audio). L'app deve essere compatibile con la funzione per abilitare il silenziamento\/rimozione globale.<\/li>\n<li>Il suono spaziale richiede hardware e software di supporto.<\/li>\n<li>Le squadre richiedono una videocamera, un microfono e un altoparlante (uscita audio).<\/li>\n<li>Il touch richiede uno schermo o un monitor che supporti il multi-touch.<\/li>\n<li>L'autenticazione a due fattori richiede l'uso del PIN, della biometria (lettore di impronte digitali o telecamera a infrarossi illuminata) o di un telefono con funzionalit\u00e0 Wi-Fi o Bluetooth.<\/li>\n<li>La digitazione vocale richiede un PC con un microfono.<\/li>\n<li>Wake on Voice richiede un modello di alimentazione Modern Standby e un microfono.<\/li>\n<li>Il Wi-Fi 6E richiede un nuovo hardware e driver WLAN IHV e un AP\/router abilitato al Wi-Fi 6E.<\/li>\n<li>Windows Hello richiede una fotocamera configurata per l'imaging nel vicino infrarosso (IR) o un lettore di impronte digitali per l'autenticazione biometrica. I dispositivi senza sensori biometrici possono utilizzare Windows Hello con un PIN o una chiave di sicurezza portatile compatibile con Microsoft.<\/li>\n<li>Windows Projection richiede un adattatore di schermo che supporti Windows Display Driver Model (WDDM) 2.0 e un adattatore Wi-Fi che supporti Wi-Fi Direct.<\/li>\n<li>Xbox (app) richiede un account Xbox Live, che non \u00e8 disponibile in tutte le regioni.<\/li>\n<li>Per informazioni pi\u00f9 aggiornate sulla disponibilit\u00e0, vedere Paesi e regioni di Xbox Live. Alcune funzioni dell'app Xbox richiedono un abbonamento attivo a Xbox Game Pass. Per saperne di pi\u00f9 sul pass.<\/li>\n<\/ul>\n<\/div>\n<\/div>\n<\/div>\n<\/div>\n<div id=\"simple-translate\" class=\"simple-translate-system-theme\">\n<div>\n<div class=\"simple-translate-button isShow\" style=\"height: 22px; width: 22px; top: 2880px; left: 582px;\"><\/div>\n<div class=\"simple-translate-panel\" style=\"width: 300px; height: 200px; top: 0px; left: 0px; font-size: 13px;\">\n<div class=\"simple-translate-result-wrapper\" style=\"overflow: hidden;\">\n<div class=\"simple-translate-move\"><\/div>\n<div class=\"simple-translate-result-contents\"><\/div>\n<\/div>\n<\/div>\n<\/div>\n<\/div>","protected":false},"excerpt":{"rendered":"<p><strong>Prima di procedere all'acquisto, verificate che il vostro computer sia compatibile con Windows 11:<\/strong> <span style=\"color: #ff0000;\"><strong><a style=\"color: #ff0000;\" href=\"https:\/\/aka.ms\/GetPCHealthCheckApp\">Scarica qui<\/a><\/strong><\/span><\/p>\n<ul>\n<li>Licenza: da utilizzare su 3 PC (da attivare online o per telefono)<\/li>\n<li>Consegna: il link per il download, il codice prodotto, le istruzioni e la fattura vengono consegnati direttamente via e-mail.<\/li>\n<li>Versione: adatta a sistemi a 32 e 64 bit. Versioni complete e illimitate del software<\/li>\n<li>Lingue: inglese, spagnolo, italiano, tedesco, francese<\/li>\n<li>Assistenza: 24 ore su 24, 7 giorni su 7, in olandese, francese e tedesco.<\/li>\n<li><strong><span style=\"color: #008000;\">Questo prodotto \u00e8 compatibile con Microsoft Windows.<\/span><\/strong><\/li>\n<li><strong><span style=\"color: #ff0000;\">Non compatibile con Apple macOS\u2122, dispositivi Android e Chromebook.<\/span><\/strong><\/li>\n<\/ul>","protected":false},"featured_media":114616,"comment_status":"closed","ping_status":"closed","template":"","meta":[],"product_cat":[82,89],"product_tag":[],"class_list":{"0":"post-1957","1":"product","2":"type-product","3":"status-publish","4":"has-post-thumbnail","6":"product_cat-microsoft-windows","7":"product_cat-windows-11","9":"first","10":"instock","11":"sale","12":"virtual","13":"taxable","14":"purchasable","15":"product-type-simple"},"yoast_head":"<!-- This site is optimized with the Yoast SEO plugin v27.3 - https:\/\/yoast.com\/product\/yoast-seo-wordpress\/ -->\n<title>Microsoft Windows 11 Home | livekaarten.nl<\/title>\n<meta name=\"robots\" content=\"index, follow, max-snippet:-1, max-image-preview:large, max-video-preview:-1\" \/>\n<link rel=\"canonical\" href=\"https:\/\/livekaarten.nl\/it\/prodotto\/microsoft-windows-11-home\/\" \/>\n<meta property=\"og:locale\" content=\"it_IT\" \/>\n<meta property=\"og:type\" content=\"article\" \/>\n<meta property=\"og:title\" content=\"Microsoft Windows 11 Home | livekaarten.nl\" \/>\n<meta property=\"og:description\" content=\"Controleer voordat je koopt of je computer compatibel is met Windows 11: Download hier   Licentie: Te gebruiken op 3 pc\u2019s (online of telefonisch te activeren)  Levering: Downloadlink, productsleutel, instructies en factuur worden direct per e-mail geleverd.  Versie: Geschikt voor 32- en 64-bits systemen. Volledige, onbeperkte versies van de software  Talen: Engels, Spaans, Italiaans, Duits, Frans  Ondersteuning: 24\/7 in het Nederlands, Frans, Duits  Dit product is compatibel met Microsoft Windows.  Niet compatibel met Apple macOS\u2122, Android-apparaten en Chromebooks.\" \/>\n<meta property=\"og:url\" content=\"https:\/\/livekaarten.nl\/it\/prodotto\/microsoft-windows-11-home\/\" \/>\n<meta property=\"og:site_name\" content=\"livekaarten.nl\" \/>\n<meta property=\"article:modified_time\" content=\"2026-04-03T10:01:43+00:00\" \/>\n<meta property=\"og:image\" content=\"https:\/\/livekaarten.nl\/wp-content\/uploads\/2025\/04\/W11H.jpg\" \/>\n\t<meta property=\"og:image:width\" content=\"1000\" \/>\n\t<meta property=\"og:image:height\" content=\"1500\" \/>\n\t<meta property=\"og:image:type\" content=\"image\/jpeg\" \/>\n<meta name=\"twitter:card\" content=\"summary_large_image\" \/>\n<meta name=\"twitter:label1\" content=\"Tempo di lettura stimato\" \/>\n\t<meta name=\"twitter:data1\" content=\"4 minuti\" \/>\n<script type=\"application\/ld+json\" class=\"yoast-schema-graph\">{\"@context\":\"https:\\\/\\\/schema.org\",\"@graph\":[{\"@type\":\"WebPage\",\"@id\":\"https:\\\/\\\/livekaarten.nl\\\/product\\\/microsoft-windows-11-home\\\/\",\"url\":\"https:\\\/\\\/livekaarten.nl\\\/product\\\/microsoft-windows-11-home\\\/\",\"name\":\"Microsoft Windows 11 Home | livekaarten.nl\",\"isPartOf\":{\"@id\":\"https:\\\/\\\/livekaarten.nl\\\/#website\"},\"primaryImageOfPage\":{\"@id\":\"https:\\\/\\\/livekaarten.nl\\\/product\\\/microsoft-windows-11-home\\\/#primaryimage\"},\"image\":{\"@id\":\"https:\\\/\\\/livekaarten.nl\\\/product\\\/microsoft-windows-11-home\\\/#primaryimage\"},\"thumbnailUrl\":\"https:\\\/\\\/livekaarten.nl\\\/wp-content\\\/uploads\\\/2025\\\/04\\\/W11H.jpg\",\"datePublished\":\"2022-10-20T21:47:49+00:00\",\"dateModified\":\"2026-04-03T10:01:43+00:00\",\"breadcrumb\":{\"@id\":\"https:\\\/\\\/livekaarten.nl\\\/product\\\/microsoft-windows-11-home\\\/#breadcrumb\"},\"inLanguage\":\"it-IT\",\"potentialAction\":[{\"@type\":\"ReadAction\",\"target\":[\"https:\\\/\\\/livekaarten.nl\\\/product\\\/microsoft-windows-11-home\\\/\"]}]},{\"@type\":\"ImageObject\",\"inLanguage\":\"it-IT\",\"@id\":\"https:\\\/\\\/livekaarten.nl\\\/product\\\/microsoft-windows-11-home\\\/#primaryimage\",\"url\":\"https:\\\/\\\/livekaarten.nl\\\/wp-content\\\/uploads\\\/2025\\\/04\\\/W11H.jpg\",\"contentUrl\":\"https:\\\/\\\/livekaarten.nl\\\/wp-content\\\/uploads\\\/2025\\\/04\\\/W11H.jpg\",\"width\":1000,\"height\":1500},{\"@type\":\"BreadcrumbList\",\"@id\":\"https:\\\/\\\/livekaarten.nl\\\/product\\\/microsoft-windows-11-home\\\/#breadcrumb\",\"itemListElement\":[{\"@type\":\"ListItem\",\"position\":1,\"name\":\"Home\",\"item\":\"https:\\\/\\\/livekaarten.nl\\\/\"},{\"@type\":\"ListItem\",\"position\":2,\"name\":\"Winkel\",\"item\":\"https:\\\/\\\/livekaarten.nl\\\/shop\\\/\"},{\"@type\":\"ListItem\",\"position\":3,\"name\":\"Microsoft Windows 11 Home\"}]},{\"@type\":\"WebSite\",\"@id\":\"https:\\\/\\\/livekaarten.nl\\\/#website\",\"url\":\"https:\\\/\\\/livekaarten.nl\\\/\",\"name\":\"Livekaarten.nl\",\"description\":\"Koop uw kantoor\",\"potentialAction\":[{\"@type\":\"SearchAction\",\"target\":{\"@type\":\"EntryPoint\",\"urlTemplate\":\"https:\\\/\\\/livekaarten.nl\\\/?s={search_term_string}\"},\"query-input\":{\"@type\":\"PropertyValueSpecification\",\"valueRequired\":true,\"valueName\":\"search_term_string\"}}],\"inLanguage\":\"it-IT\"}]}<\/script>\n<!-- \/ Yoast SEO plugin. -->","yoast_head_json":{"title":"Microsoft Windows 11 Home | livekaarten.nl","robots":{"index":"index","follow":"follow","max-snippet":"max-snippet:-1","max-image-preview":"max-image-preview:large","max-video-preview":"max-video-preview:-1"},"canonical":"https:\/\/livekaarten.nl\/it\/prodotto\/microsoft-windows-11-home\/","og_locale":"it_IT","og_type":"article","og_title":"Microsoft Windows 11 Home | livekaarten.nl","og_description":"Controleer voordat je koopt of je computer compatibel is met Windows 11: Download hier   Licentie: Te gebruiken op 3 pc\u2019s (online of telefonisch te activeren)  Levering: Downloadlink, productsleutel, instructies en factuur worden direct per e-mail geleverd.  Versie: Geschikt voor 32- en 64-bits systemen. Volledige, onbeperkte versies van de software  Talen: Engels, Spaans, Italiaans, Duits, Frans  Ondersteuning: 24\/7 in het Nederlands, Frans, Duits  Dit product is compatibel met Microsoft Windows.  Niet compatibel met Apple macOS\u2122, Android-apparaten en Chromebooks.","og_url":"https:\/\/livekaarten.nl\/it\/prodotto\/microsoft-windows-11-home\/","og_site_name":"livekaarten.nl","article_modified_time":"2026-04-03T10:01:43+00:00","og_image":[{"width":1000,"height":1500,"url":"https:\/\/livekaarten.nl\/wp-content\/uploads\/2025\/04\/W11H.jpg","type":"image\/jpeg"}],"twitter_card":"summary_large_image","twitter_misc":{"Tempo di lettura stimato":"4 minuti"},"schema":{"@context":"https:\/\/schema.org","@graph":[{"@type":"WebPage","@id":"https:\/\/livekaarten.nl\/product\/microsoft-windows-11-home\/","url":"https:\/\/livekaarten.nl\/product\/microsoft-windows-11-home\/","name":"Microsoft Windows 11 Home | livekaarten.nl","isPartOf":{"@id":"https:\/\/livekaarten.nl\/#website"},"primaryImageOfPage":{"@id":"https:\/\/livekaarten.nl\/product\/microsoft-windows-11-home\/#primaryimage"},"image":{"@id":"https:\/\/livekaarten.nl\/product\/microsoft-windows-11-home\/#primaryimage"},"thumbnailUrl":"https:\/\/livekaarten.nl\/wp-content\/uploads\/2025\/04\/W11H.jpg","datePublished":"2022-10-20T21:47:49+00:00","dateModified":"2026-04-03T10:01:43+00:00","breadcrumb":{"@id":"https:\/\/livekaarten.nl\/product\/microsoft-windows-11-home\/#breadcrumb"},"inLanguage":"it-IT","potentialAction":[{"@type":"ReadAction","target":["https:\/\/livekaarten.nl\/product\/microsoft-windows-11-home\/"]}]},{"@type":"ImageObject","inLanguage":"it-IT","@id":"https:\/\/livekaarten.nl\/product\/microsoft-windows-11-home\/#primaryimage","url":"https:\/\/livekaarten.nl\/wp-content\/uploads\/2025\/04\/W11H.jpg","contentUrl":"https:\/\/livekaarten.nl\/wp-content\/uploads\/2025\/04\/W11H.jpg","width":1000,"height":1500},{"@type":"BreadcrumbList","@id":"https:\/\/livekaarten.nl\/product\/microsoft-windows-11-home\/#breadcrumb","itemListElement":[{"@type":"ListItem","position":1,"name":"Home","item":"https:\/\/livekaarten.nl\/"},{"@type":"ListItem","position":2,"name":"Winkel","item":"https:\/\/livekaarten.nl\/shop\/"},{"@type":"ListItem","position":3,"name":"Microsoft Windows 11 Home"}]},{"@type":"WebSite","@id":"https:\/\/livekaarten.nl\/#website","url":"https:\/\/livekaarten.nl\/","name":"Livecards.it","description":"Acquista il tuo ufficio","potentialAction":[{"@type":"SearchAction","target":{"@type":"EntryPoint","urlTemplate":"https:\/\/livekaarten.nl\/?s={search_term_string}"},"query-input":{"@type":"PropertyValueSpecification","valueRequired":true,"valueName":"search_term_string"}}],"inLanguage":"it-IT"}]}},"_links":{"self":[{"href":"https:\/\/livekaarten.nl\/it\/wp-json\/wp\/v2\/product\/1957","targetHints":{"allow":["GET"]}}],"collection":[{"href":"https:\/\/livekaarten.nl\/it\/wp-json\/wp\/v2\/product"}],"about":[{"href":"https:\/\/livekaarten.nl\/it\/wp-json\/wp\/v2\/types\/product"}],"replies":[{"embeddable":true,"href":"https:\/\/livekaarten.nl\/it\/wp-json\/wp\/v2\/comments?post=1957"}],"wp:featuredmedia":[{"embeddable":true,"href":"https:\/\/livekaarten.nl\/it\/wp-json\/wp\/v2\/media\/114616"}],"wp:attachment":[{"href":"https:\/\/livekaarten.nl\/it\/wp-json\/wp\/v2\/media?parent=1957"}],"wp:term":[{"taxonomy":"product_cat","embeddable":true,"href":"https:\/\/livekaarten.nl\/it\/wp-json\/wp\/v2\/product_cat?post=1957"},{"taxonomy":"product_tag","embeddable":true,"href":"https:\/\/livekaarten.nl\/it\/wp-json\/wp\/v2\/product_tag?post=1957"}],"curies":[{"name":"wp","href":"https:\/\/api.w.org\/{rel}","templated":true}]}}