{"id":1956,"date":"2022-10-20T21:47:49","date_gmt":"2022-10-20T21:47:49","guid":{"rendered":"https:\/\/gamecardshop.com\/livecards\/?post_type=product&#038;p=1956"},"modified":"2026-04-20T13:01:57","modified_gmt":"2026-04-20T11:01:57","slug":"microsoft-windows-11-professional","status":"publish","type":"product","link":"https:\/\/livekaarten.nl\/it\/prodotto\/microsoft-windows-11-professional\/","title":{"rendered":"Microsoft Windows 11 Professional - Licenza per 3 dispositivi"},"content":{"rendered":"<div class=\"product-content\">\n<h2>Microsoft Windows 11 Professional<\/h2>\n<h3>Requisiti di sistema<\/h3>\n<hr>\n<p>Assicuratevi di essere pronti per l'ultimo e pi\u00f9 grande sistema operativo di Microsoft!<\/p>\n<p>Questi sono i requisiti minimi per installare Microsoft Windows 11 su un PC. Se il vostro dispositivo non soddisfa questi requisiti, potreste non essere in grado di installare Microsoft Windows 11. Se non si \u00e8 sicuri che il proprio PC soddisfi questi requisiti, \u00e8 possibile utilizzare l'applicazione PC Health Check per valutare la compatibilit\u00e0. <strong>(Richiede Windows 10, <a href=\"https:\/\/aka.ms\/GetPCHealthCheckApp\">clicca qui per scaricare<\/a>)<\/strong>.<\/p>\n<ul>\n<li><strong>Processore:<\/strong> 1 gigahertz (GHz) pi\u00f9 veloce con 2 o pi\u00f9 core su un processore compatibile a 64 bit o System on a Chip (SoC).<\/li>\n<li><strong>RAM:<\/strong> 4 gigabyte (GB).<\/li>\n<li><strong>Stoccaggio:<\/strong> 64 GB di spazio di archiviazione pi\u00f9 grande. Nota: vedere di seguito alla sezione \u201cInformazioni sullo spazio di archiviazione necessario per mantenere aggiornato Windows 11\u201d per ulteriori dettagli.<\/li>\n<li><strong>Firmware del sistema:<\/strong> UEFI, abilitato per Secure Boot.<\/li>\n<li><strong>TPM:<\/strong> Trusted Platform Module (TPM) versione 2.0.<\/li>\n<li><strong>Scheda grafica:<\/strong> Compatibile con DirectX 12 o superiore con driver WDDM 2.0.<\/li>\n<li><strong>Display:<\/strong> Schermo ad alta definizione (720p) con una diagonale superiore a 9 pollici, 8 bit per canale colore.<\/li>\n<li><strong>Connessione a Internet e account Microsoft:<\/strong> Microsoft Windows 11 richiede una connessione Internet e un account Microsoft per completare la configurazione del dispositivo al primo utilizzo. Per disattivare la modalit\u00e0 S di Microsoft Windows 11 Home \u00e8 necessaria anche una connessione Internet. Tutte le edizioni di Microsoft Windows 11 richiedono l'accesso a Internet per scaricare aggiornamenti e per scaricare e utilizzare alcune funzionalit\u00e0. Alcune funzionalit\u00e0 richiedono un account Microsoft.<\/li>\n<\/ul>\n<p>Nel corso del tempo, potrebbero essere richiesti ulteriori aggiornamenti e requisiti per abilitare specifiche funzionalit\u00e0 del sistema operativo.<\/p>\n<hr>\n<h3>Requisiti aggiuntivi per funzionalit\u00e0 importanti<\/h3>\n<p>Alcune funzioni di Microsoft Windows 11 hanno requisiti pi\u00f9 elevati di quelli elencati nella sezione dei requisiti minimi. Di seguito sono riportate ulteriori informazioni sui requisiti delle funzioni principali:<\/p>\n<ul>\n<li>Il supporto 5G richiede un modem abilitato al 5G.<\/li>\n<li>L'Auto HDR richiede un monitor HDR.<\/li>\n<li>BitLocker to Go richiede un'unit\u00e0 flash USB (disponibile nelle edizioni di Windows Pro e successive).<\/li>\n<li>Il client Hyper-V richiede un processore con capacit\u00e0 SLAT (traduzione degli indirizzi di secondo livello) (disponibile nelle edizioni di Windows Pro e successive).<\/li>\n<li>Cortana vereist een microfoon en luidspreker en is momenteel beschikbaar in Microsoft Windows 11 voor Australi\u00eb, Brazili\u00eb, Canada, China, Frankrijk, Duitsland, India, Itali\u00eb, Japan, Mexico, Spanje, het Verenigd Koninkrijk en de Verenigde Staten.<\/li>\n<li>DirectStorage richiede un'unit\u00e0 SSD NVMe per archiviare ed eseguire giochi che utilizzano il driver \u201cStandard NVM Express Controller\u201d e una GPU DirectX 12 con supporto per Shader Model 6.0.<\/li>\n<li>DirectX 12 Ultimate \u00e8 disponibile con i giochi e i chip grafici supportati.<\/li>\n<li>La presenza richiede un sensore che possa rilevare la distanza umana dal dispositivo o l'intenzione di interagire con il dispositivo.<\/li>\n<li>Le videoconferenze intelligenti richiedono una videocamera, un microfono e un altoparlante (uscita audio).<\/li>\n<li>L'assistente vocale multiplo (MVA) richiede un microfono e un altoparlante.<\/li>\n<li>I layout Snap a tre colonne richiedono uno schermo con una larghezza effettiva di 1920 pixel o pi\u00f9.<\/li>\n<li>L'opzione Mute\/Unmute dalla barra delle applicazioni richiede una videocamera, un microfono e un altoparlante (uscita audio). L'app deve essere compatibile con la funzione per abilitare il silenziamento\/rimozione globale.<\/li>\n<li>Il suono spaziale richiede hardware e software di supporto.<\/li>\n<li>Le squadre richiedono una videocamera, un microfono e un altoparlante (uscita audio).<\/li>\n<li>Il touch richiede uno schermo o un monitor che supporti il multi-touch.<\/li>\n<li>L'autenticazione a due fattori richiede l'uso del PIN, della biometria (lettore di impronte digitali o telecamera a infrarossi illuminata) o di un telefono con funzionalit\u00e0 Wi-Fi o Bluetooth.<\/li>\n<li>La digitazione vocale richiede un PC con un microfono.<\/li>\n<li>Wake on Voice richiede un modello di alimentazione Modern Standby e un microfono.<\/li>\n<li>Il Wi-Fi 6E richiede un nuovo hardware e driver WLAN IHV e un AP\/router abilitato al Wi-Fi 6E.<\/li>\n<li>Windows Hello richiede una fotocamera configurata per l'imaging nel vicino infrarosso (IR) o un lettore di impronte digitali per l'autenticazione biometrica. I dispositivi senza sensori biometrici possono utilizzare Windows Hello con un PIN o una chiave di sicurezza portatile compatibile con Microsoft.<\/li>\n<li>Windows Projection richiede un adattatore di schermo che supporti Windows Display Driver Model (WDDM) 2.0 e un adattatore Wi-Fi che supporti Wi-Fi Direct.<\/li>\n<li>Xbox (app) richiede un account Xbox Live, che non \u00e8 disponibile in tutte le regioni. Per le informazioni pi\u00f9 aggiornate sulla disponibilit\u00e0, consulta Paesi e regioni di Xbox Live. Alcune funzionalit\u00e0 dell'app Xbox richiedono un abbonamento Xbox Game Pass attivo. Ulteriori informazioni sul pass.<\/li>\n<\/ul>\n<\/div>","protected":false},"excerpt":{"rendered":"<ul>\n<li>Licenza: questa licenza consente di attivare il software su 3 diversi dispositivi, ad esempio PC di casa, notebook e PC di lavoro.<\/li>\n<li>Consegna: il link per il download, il codice prodotto, le istruzioni e la fattura vengono consegnati direttamente via e-mail.<\/li>\n<li>Versione: Versione completa e illimitata da un Microsoft Gold Partner certificato - garanzia di rimborso a vita!<\/li>\n<li>Lingue: inglese, spagnolo, italiano, tedesco, francese<\/li>\n<li>Assistenza: disponibile 24 ore su 24, 7 giorni su 7, in olandese, francese e tedesco.<\/li>\n<li><strong><span style=\"color: #008000;\">Questo prodotto \u00e8 compatibile con Microsoft Windows.<\/span><\/strong><\/li>\n<li><strong><span style=\"color: #ff0000;\">Non compatibile con Apple macOS\u2122, dispositivi Android e Chromebook.<\/span><\/strong><\/li>\n<\/ul>","protected":false},"featured_media":114611,"comment_status":"closed","ping_status":"closed","template":"","meta":{"rs_blank_template":"","rs_page_bg_color":"","slide_template_v7":""},"product_cat":[82,89],"product_tag":[118,117],"class_list":{"0":"post-1956","1":"product","2":"type-product","3":"status-publish","4":"has-post-thumbnail","6":"product_cat-microsoft-windows","7":"product_cat-windows-11","8":"product_tag-microsoft-windows-11-professional","9":"product_tag-microsoft-windows-11-professional-license-for-3-pcs","11":"first","12":"instock","13":"sale","14":"featured","15":"virtual","16":"taxable","17":"purchasable","18":"product-type-simple"},"yoast_head":"<!-- This site is optimized with the Yoast SEO plugin v27.5 - https:\/\/yoast.com\/product\/yoast-seo-wordpress\/ -->\n<title>Microsoft Windows 11 Professional license for 3 PCs<\/title>\n<meta name=\"description\" content=\"With this license the software can be activated on 3 different devices, e.g. home PC, notebook and work PC. Lifetime Replacement Warranty!!!\" \/>\n<meta name=\"robots\" content=\"index, follow, max-snippet:-1, max-image-preview:large, max-video-preview:-1\" \/>\n<link rel=\"canonical\" href=\"https:\/\/livekaarten.nl\/it\/prodotto\/microsoft-windows-11-professional\/\" \/>\n<meta property=\"og:locale\" content=\"it_IT\" \/>\n<meta property=\"og:type\" content=\"article\" \/>\n<meta property=\"og:title\" content=\"Microsoft Windows 11 Professional license for 3 PCs\" \/>\n<meta property=\"og:description\" content=\"With this license the software can be activated on 3 different devices, e.g. home PC, notebook and work PC. Lifetime Replacement Warranty!!!\" \/>\n<meta property=\"og:url\" content=\"https:\/\/livekaarten.nl\/it\/prodotto\/microsoft-windows-11-professional\/\" \/>\n<meta property=\"og:site_name\" content=\"livekaarten.nl\" \/>\n<meta property=\"article:modified_time\" content=\"2026-04-20T11:01:57+00:00\" \/>\n<meta property=\"og:image\" content=\"https:\/\/livekaarten.nl\/wp-content\/uploads\/2025\/04\/W11P.jpg\" \/>\n\t<meta property=\"og:image:width\" content=\"1000\" \/>\n\t<meta property=\"og:image:height\" content=\"1500\" \/>\n\t<meta property=\"og:image:type\" content=\"image\/jpeg\" \/>\n<meta name=\"twitter:card\" content=\"summary_large_image\" \/>\n<meta name=\"twitter:label1\" content=\"Tempo di lettura stimato\" \/>\n\t<meta name=\"twitter:data1\" content=\"4 minuti\" \/>\n<script type=\"application\/ld+json\" class=\"yoast-schema-graph\">{\"@context\":\"https:\\\/\\\/schema.org\",\"@graph\":[{\"@type\":\"WebPage\",\"@id\":\"https:\\\/\\\/livekaarten.nl\\\/product\\\/microsoft-windows-11-professional\\\/\",\"url\":\"https:\\\/\\\/livekaarten.nl\\\/product\\\/microsoft-windows-11-professional\\\/\",\"name\":\"Microsoft Windows 11 Professional license for 3 PCs\",\"isPartOf\":{\"@id\":\"https:\\\/\\\/livekaarten.nl\\\/#website\"},\"primaryImageOfPage\":{\"@id\":\"https:\\\/\\\/livekaarten.nl\\\/product\\\/microsoft-windows-11-professional\\\/#primaryimage\"},\"image\":{\"@id\":\"https:\\\/\\\/livekaarten.nl\\\/product\\\/microsoft-windows-11-professional\\\/#primaryimage\"},\"thumbnailUrl\":\"https:\\\/\\\/livekaarten.nl\\\/wp-content\\\/uploads\\\/2025\\\/04\\\/W11P.jpg\",\"datePublished\":\"2022-10-20T21:47:49+00:00\",\"dateModified\":\"2026-04-20T11:01:57+00:00\",\"description\":\"With this license the software can be activated on 3 different devices, e.g. home PC, notebook and work PC. Lifetime Replacement Warranty!!!\",\"breadcrumb\":{\"@id\":\"https:\\\/\\\/livekaarten.nl\\\/product\\\/microsoft-windows-11-professional\\\/#breadcrumb\"},\"inLanguage\":\"it-IT\",\"potentialAction\":[{\"@type\":\"ReadAction\",\"target\":[\"https:\\\/\\\/livekaarten.nl\\\/product\\\/microsoft-windows-11-professional\\\/\"]}]},{\"@type\":\"ImageObject\",\"inLanguage\":\"it-IT\",\"@id\":\"https:\\\/\\\/livekaarten.nl\\\/product\\\/microsoft-windows-11-professional\\\/#primaryimage\",\"url\":\"https:\\\/\\\/livekaarten.nl\\\/wp-content\\\/uploads\\\/2025\\\/04\\\/W11P.jpg\",\"contentUrl\":\"https:\\\/\\\/livekaarten.nl\\\/wp-content\\\/uploads\\\/2025\\\/04\\\/W11P.jpg\",\"width\":1000,\"height\":1500},{\"@type\":\"BreadcrumbList\",\"@id\":\"https:\\\/\\\/livekaarten.nl\\\/product\\\/microsoft-windows-11-professional\\\/#breadcrumb\",\"itemListElement\":[{\"@type\":\"ListItem\",\"position\":1,\"name\":\"Home\",\"item\":\"https:\\\/\\\/livekaarten.nl\\\/\"},{\"@type\":\"ListItem\",\"position\":2,\"name\":\"Winkel\",\"item\":\"https:\\\/\\\/livekaarten.nl\\\/shop\\\/\"},{\"@type\":\"ListItem\",\"position\":3,\"name\":\"Microsoft Windows 11 Professional \u2013 Licentie voor 3 apparaten\"}]},{\"@type\":\"WebSite\",\"@id\":\"https:\\\/\\\/livekaarten.nl\\\/#website\",\"url\":\"https:\\\/\\\/livekaarten.nl\\\/\",\"name\":\"Livekaarten.nl\",\"description\":\"Koop uw kantoor\",\"potentialAction\":[{\"@type\":\"SearchAction\",\"target\":{\"@type\":\"EntryPoint\",\"urlTemplate\":\"https:\\\/\\\/livekaarten.nl\\\/?s={search_term_string}\"},\"query-input\":{\"@type\":\"PropertyValueSpecification\",\"valueRequired\":true,\"valueName\":\"search_term_string\"}}],\"inLanguage\":\"it-IT\"}]}<\/script>\n<!-- \/ Yoast SEO plugin. -->","yoast_head_json":{"title":"Licenza Microsoft Windows 11 Professional per 3 PC","description":"Con questa licenza il software pu\u00f2 essere attivato su 3 diversi dispositivi, ad esempio PC di casa, notebook e PC di lavoro. Garanzia di sostituzione a vita!!!","robots":{"index":"index","follow":"follow","max-snippet":"max-snippet:-1","max-image-preview":"max-image-preview:large","max-video-preview":"max-video-preview:-1"},"canonical":"https:\/\/livekaarten.nl\/it\/prodotto\/microsoft-windows-11-professional\/","og_locale":"it_IT","og_type":"article","og_title":"Microsoft Windows 11 Professional license for 3 PCs","og_description":"With this license the software can be activated on 3 different devices, e.g. home PC, notebook and work PC. Lifetime Replacement Warranty!!!","og_url":"https:\/\/livekaarten.nl\/it\/prodotto\/microsoft-windows-11-professional\/","og_site_name":"livekaarten.nl","article_modified_time":"2026-04-20T11:01:57+00:00","og_image":[{"width":1000,"height":1500,"url":"https:\/\/livekaarten.nl\/wp-content\/uploads\/2025\/04\/W11P.jpg","type":"image\/jpeg"}],"twitter_card":"summary_large_image","twitter_misc":{"Tempo di lettura stimato":"4 minuti"},"schema":{"@context":"https:\/\/schema.org","@graph":[{"@type":"WebPage","@id":"https:\/\/livekaarten.nl\/product\/microsoft-windows-11-professional\/","url":"https:\/\/livekaarten.nl\/product\/microsoft-windows-11-professional\/","name":"Licenza Microsoft Windows 11 Professional per 3 PC","isPartOf":{"@id":"https:\/\/livekaarten.nl\/#website"},"primaryImageOfPage":{"@id":"https:\/\/livekaarten.nl\/product\/microsoft-windows-11-professional\/#primaryimage"},"image":{"@id":"https:\/\/livekaarten.nl\/product\/microsoft-windows-11-professional\/#primaryimage"},"thumbnailUrl":"https:\/\/livekaarten.nl\/wp-content\/uploads\/2025\/04\/W11P.jpg","datePublished":"2022-10-20T21:47:49+00:00","dateModified":"2026-04-20T11:01:57+00:00","description":"Con questa licenza il software pu\u00f2 essere attivato su 3 diversi dispositivi, ad esempio PC di casa, notebook e PC di lavoro. Garanzia di sostituzione a vita!!!","breadcrumb":{"@id":"https:\/\/livekaarten.nl\/product\/microsoft-windows-11-professional\/#breadcrumb"},"inLanguage":"it-IT","potentialAction":[{"@type":"ReadAction","target":["https:\/\/livekaarten.nl\/product\/microsoft-windows-11-professional\/"]}]},{"@type":"ImageObject","inLanguage":"it-IT","@id":"https:\/\/livekaarten.nl\/product\/microsoft-windows-11-professional\/#primaryimage","url":"https:\/\/livekaarten.nl\/wp-content\/uploads\/2025\/04\/W11P.jpg","contentUrl":"https:\/\/livekaarten.nl\/wp-content\/uploads\/2025\/04\/W11P.jpg","width":1000,"height":1500},{"@type":"BreadcrumbList","@id":"https:\/\/livekaarten.nl\/product\/microsoft-windows-11-professional\/#breadcrumb","itemListElement":[{"@type":"ListItem","position":1,"name":"Home","item":"https:\/\/livekaarten.nl\/"},{"@type":"ListItem","position":2,"name":"Winkel","item":"https:\/\/livekaarten.nl\/shop\/"},{"@type":"ListItem","position":3,"name":"Microsoft Windows 11 Professional \u2013 Licentie voor 3 apparaten"}]},{"@type":"WebSite","@id":"https:\/\/livekaarten.nl\/#website","url":"https:\/\/livekaarten.nl\/","name":"Livecards.it","description":"Acquista il tuo ufficio","potentialAction":[{"@type":"SearchAction","target":{"@type":"EntryPoint","urlTemplate":"https:\/\/livekaarten.nl\/?s={search_term_string}"},"query-input":{"@type":"PropertyValueSpecification","valueRequired":true,"valueName":"search_term_string"}}],"inLanguage":"it-IT"}]}},"_links":{"self":[{"href":"https:\/\/livekaarten.nl\/it\/wp-json\/wp\/v2\/product\/1956","targetHints":{"allow":["GET"]}}],"collection":[{"href":"https:\/\/livekaarten.nl\/it\/wp-json\/wp\/v2\/product"}],"about":[{"href":"https:\/\/livekaarten.nl\/it\/wp-json\/wp\/v2\/types\/product"}],"replies":[{"embeddable":true,"href":"https:\/\/livekaarten.nl\/it\/wp-json\/wp\/v2\/comments?post=1956"}],"wp:featuredmedia":[{"embeddable":true,"href":"https:\/\/livekaarten.nl\/it\/wp-json\/wp\/v2\/media\/114611"}],"wp:attachment":[{"href":"https:\/\/livekaarten.nl\/it\/wp-json\/wp\/v2\/media?parent=1956"}],"wp:term":[{"taxonomy":"product_cat","embeddable":true,"href":"https:\/\/livekaarten.nl\/it\/wp-json\/wp\/v2\/product_cat?post=1956"},{"taxonomy":"product_tag","embeddable":true,"href":"https:\/\/livekaarten.nl\/it\/wp-json\/wp\/v2\/product_tag?post=1956"}],"curies":[{"name":"wp","href":"https:\/\/api.w.org\/{rel}","templated":true}]}}