{"id":1939,"date":"2022-10-20T21:47:48","date_gmt":"2022-10-20T21:47:48","guid":{"rendered":"https:\/\/gamecardshop.com\/livecards\/?post_type=product&#038;p=1939"},"modified":"2026-04-20T13:05:33","modified_gmt":"2026-04-20T11:05:33","slug":"windows-11-professional-project-2021-professional-office-2021-professional-visio-2021-standard","status":"publish","type":"product","link":"https:\/\/livekaarten.nl\/it\/prodotto\/windows-11-professional-project-2021-professional-office-2021-professional-visio-2021-standard\/","title":{"rendered":"Microsoft Windows 11 Pro + Microsoft Project 2021 Pro + Microsoft Office 2021 Pro Plus + Microsoft Visio 2021 Standard Licenza per 3 dispositivi"},"content":{"rendered":"<div class=\"product-content\">\n<h2>Microsoft Windows 11 Professional<\/h2>\n<h3>Requisiti di sistema<\/h3>\n<ul>\n<li><strong>Processore:<\/strong> 1 gigahertz (GHz) of sneller met 2 of meer kernen op een compatibele 64-bits processor of System on a Chip (SoC).<\/li>\n<li><strong>RAM:<\/strong> 4 gigabyte (GB).<\/li>\n<li><strong>Stoccaggio:<\/strong> 64 GB of groter opslagapparaat. Opmerking: zie hieronder onder &#8220;Meer informatie over opslagruimte om Windows 11 up-to-date te houden&#8221; voor meer informatie.<\/li>\n<li><strong>Firmware del sistema:<\/strong> UEFI, geschikt voor Secure Boot.<\/li>\n<li><strong>TPM:<\/strong> Trusted Platform Module (TPM) versione 2.0.<\/li>\n<li><strong>Scheda grafica:<\/strong> Compatibel met DirectX 12 of hoger met WDDM 2.0 stuurprogramma.<\/li>\n<li><strong>Display:<\/strong> Hoge definitie (720p) beeldscherm met een diagonaal van meer dan 9&#8243;, 8 bits per kleurkanaal.<\/li>\n<li><strong>Connessione a Internet e account Microsoft:<\/strong> Microsoft Windows 11 vereist een internetverbinding en een Microsoft-account om de installatie van het apparaat bij het eerste gebruik te voltooien. Om een apparaat uit Microsoft Windows 11 Home in de S-modus te schakelen, is ook een internetverbinding nodig. Voor alle Microsoft Windows 11-edities is internettoegang vereist om updates uit te voeren en bepaalde functies te downloaden en te gebruiken. Voor sommige functies is een Microsoft-account vereist.<\/li>\n<\/ul>\n<p>Nel corso del tempo, potrebbero essere richiesti ulteriori aggiornamenti e requisiti per abilitare specifiche funzionalit\u00e0 del sistema operativo.<\/p>\n<hr \/>\n<h3>Extra vereisten voor belangrijke functies<\/h3>\n<p>Alcune funzioni di Microsoft Windows 11 hanno requisiti pi\u00f9 elevati di quelli elencati nella sezione dei requisiti minimi. Di seguito sono riportate ulteriori informazioni sui requisiti delle funzioni principali:<\/p>\n<ul>\n<li>Il supporto 5G richiede un modem abilitato al 5G.<\/li>\n<li>L'Auto HDR richiede un monitor HDR.<\/li>\n<li>BitLocker to Go richiede un'unit\u00e0 flash USB (disponibile nelle edizioni di Windows Pro e successive).<\/li>\n<li>Il client Hyper-V richiede un processore con capacit\u00e0 SLAT (traduzione degli indirizzi di secondo livello) (disponibile nelle edizioni di Windows Pro e successive).<\/li>\n<li>Cortana vereist een microfoon en luidspreker en is momenteel beschikbaar in Windows 11 voor Australi\u00eb, Brazili\u00eb, Canada, China, Frankrijk, Duitsland, India, Itali\u00eb, Japan, Mexico, Spanje, het Verenigd Koninkrijk en de Verenigde Staten.<\/li>\n<li>DirectStorage vereist een NVMe SSD om games op te slaan en uit te voeren die het stuurprogramma &#8220;Standard NVM Express Controller&#8221; gebruiken en een DirectX 12 GPU met ondersteuning voor Shader Model 6.0.<\/li>\n<li>DirectX 12 Ultimate \u00e8 disponibile con i giochi e i chip grafici supportati.<\/li>\n<li>Aanwezigheid vereist een sensor die de menselijke afstand tot het apparaat of de intentie tot interactie met het apparaat kan detecteren.<\/li>\n<li>Le videoconferenze intelligenti richiedono una videocamera, un microfono e un altoparlante (uscita audio).<\/li>\n<li>L'assistente vocale multiplo (MVA) richiede un microfono e un altoparlante.<\/li>\n<li>I layout Snap a tre colonne richiedono uno schermo con una larghezza effettiva di 1920 pixel o pi\u00f9.<\/li>\n<li>L'opzione Mute\/Unmute dalla barra delle applicazioni richiede una videocamera, un microfono e un altoparlante (uscita audio). L'app deve essere compatibile con la funzione per abilitare il silenziamento\/rimozione globale.<\/li>\n<li>Il suono spaziale richiede hardware e software di supporto.<\/li>\n<li>Le squadre richiedono una videocamera, un microfono e un altoparlante (uscita audio).<\/li>\n<li>Il touch richiede uno schermo o un monitor che supporti il multi-touch.<\/li>\n<li>L'autenticazione a due fattori richiede l'uso del PIN, della biometria (lettore di impronte digitali o telecamera a infrarossi illuminata) o di un telefono con funzionalit\u00e0 Wi-Fi o Bluetooth.<\/li>\n<li>La digitazione vocale richiede un PC con un microfono.<\/li>\n<li>Wake on Voice richiede un modello di alimentazione Modern Standby e un microfono.<\/li>\n<li>Il Wi-Fi 6E richiede un nuovo hardware e driver WLAN IHV e un AP\/router abilitato al Wi-Fi 6E.<\/li>\n<li>Windows Hello richiede una fotocamera configurata per l'imaging nel vicino infrarosso (IR) o un lettore di impronte digitali per l'autenticazione biometrica. I dispositivi senza sensori biometrici possono utilizzare Windows Hello con un PIN o una chiave di sicurezza portatile compatibile con Microsoft.<\/li>\n<li>Windows Projection richiede un adattatore di schermo che supporti Windows Display Driver Model (WDDM) 2.0 e un adattatore Wi-Fi che supporti Wi-Fi Direct.<\/li>\n<li>Xbox (app) vereist een Xbox Live-account, dat niet in alle regio&#8217;s beschikbaar is. Zie Landen en regio&#8217;s van Xbox Live voor de meest actuele informatie over beschikbaarheid. Voor sommige functies in de Xbox app is een actief Xbox Game Pass-abonnement vereist. Meer informatie over de pas.<\/li>\n<\/ul>\n<hr \/>\n<h3>Microsoft Project 2021 Professional<\/h3>\n<p>Il potente Microsoft Project Professional 2021 Edition dispone di ampie funzionalit\u00e0 e di nuove interfacce per MS SharePoint, Project Server e Skype. Sfrutta appieno i numerosi vantaggi del sistema operativo Microsoft Windows 10 o 11, ma non \u00e8 supportato dalle versioni precedenti di Windows. MS Project Professional 2021 si rivolge principalmente ai project manager delle aziende che pianificano, gestiscono, documentano e successivamente analizzano i loro singoli progetti.<\/p>\n<hr \/>\n<h3>Microsoft Office 2021 Professional Plus<\/h3>\n<p>Microsoft Office-gebruikers die thuis of op kantoor het volledige scala aan toepassingen gebruiken, zitten goed met de Microsoft Office 2021 Professional Plus Edition. Alle belangrijke programma&#8217;s zijn inbegrepen: Word, Excel, Outlook, PowerPoint, Publisher en Access. OneNote is nu te downloaden in de Windows Store zodat je snel notities kunt maken en deze via de cloud op alle apparaten beschikbaar kunt maken. Vanwege het brede scala aan verschillende programma&#8217;s is de Professional Plus-versie vooral gericht op mensen die thuis werken, in het kantoor aan huis, of die op zoek zijn naar een krachtige, betrouwbare oplossing op kantoor om documenten, tabellen, enz. te organiseren.<\/p>\n<ul>\n<li><strong>Microsoft Word:<\/strong> Create documenti di testo di qualit\u00e0 professionale in pochissimo tempo.<\/li>\n<li><strong>Microsoft Excel:<\/strong> Foglio elettronico intelligente per la gestione delle informazioni.<\/li>\n<li><strong>Microsoft PowerPoint:<\/strong> Creare presentazioni dinamiche e di grande effetto.<\/li>\n<li><strong>Microsoft OneNote:<\/strong> Il vostro taccuino digitale.<\/li>\n<li><strong>Microsoft Outlook:<\/strong> Facile da comunicare.<\/li>\n<li><strong>Microsoft Publisher:<\/strong> Lay-out maken voor professionele publicaties.<\/li>\n<\/ul>\n<p><strong>Nota:<\/strong> A seguito di un <a href=\"https:\/\/blogs.microsoft.com\/eupolicy\/2023\/08\/31\/european-competition-teams-office-microsoft-365\/\" target=\"_blank\" rel=\"noopener\">Indagine della Commissione europea<\/a> Microsoft non offre pi\u00f9 una licenza Teams in bundle con i prodotti Office. \u00c8 possibile <a href=\"https:\/\/www.microsoft.com\/en-us\/microsoft-teams\/download-app\" target=\"_blank\" rel=\"noopener\">Scarica le squadre<\/a> e utilizzare con una licenza gratuita o a pagamento (venduta separatamente), a seconda delle esigenze.<\/p>\n<hr \/>\n<h3>Microsoft Visio 2021 Standard<\/h3>\n<p>Microsoft Visio Standard 2021 \u00e8 l'ultima generazione del famoso software Microsoft per la creazione e la modifica di diagrammi e visualizzazioni. Visio Standard \u00e8 particolarmente adatto alle aziende, in quanto pi\u00f9 utenti di un team o di un reparto possono lavorare contemporaneamente sui diagrammi. Sono disponibili numerose interfacce per condividere le visualizzazioni completate sia internamente che esternamente con persone selezionate. Microsoft ha lavorato intensamente sui modelli e sulle forme che vengono continuamente utilizzati in Visio. Anche gli stili dei diagrammi sono stati migliorati per renderli visivamente pi\u00f9 impressionanti e allo stesso tempo pi\u00f9 facili da leggere. Con Microsoft Visio Standard 2021, inoltre, \u00e8 possibile inserire dati in una visualizzazione esistente in tempo reale.<\/p>\n<\/div>","protected":false},"excerpt":{"rendered":"<ul>\n<li>Licenza: questa licenza consente di attivare il software su 3 diversi dispositivi, ad esempio PC di casa, notebook e PC di lavoro.<\/li>\n<li>Consegna: il link per il download, il codice prodotto, le istruzioni e la fattura vengono consegnati direttamente via e-mail.<\/li>\n<li>Versione: Versione completa e illimitata da un Microsoft Gold Partner certificato - garanzia di rimborso a vita!<\/li>\n<li>Lingue: inglese, spagnolo, italiano, tedesco, francese<\/li>\n<li>Assistenza: 24 ore su 24, 7 giorni su 7, in olandese, francese e tedesco.<\/li>\n<li><strong><span style=\"color: #008000;\"> Questo prodotto \u00e8 compatibile con Microsoft Windows.<\/span><\/strong><\/li>\n<li><strong><span style=\"color: #ff0000;\">NON \u00e8 compatibile con Apple macOS\u2122, dispositivi Android e Chromebook.<\/span><\/strong><\/li>\n<\/ul>","protected":false},"featured_media":114613,"comment_status":"closed","ping_status":"closed","template":"","meta":{"rs_blank_template":"","rs_page_bg_color":"","slide_template_v7":""},"product_cat":[81,83,89],"product_tag":[120,119],"class_list":{"0":"post-1939","1":"product","2":"type-product","3":"status-publish","4":"has-post-thumbnail","6":"product_cat-combo","7":"product_cat-office-2021","8":"product_cat-windows-11","9":"product_tag-microsoft-windows-11-pro-project-2021-pro-office-2021-pro-visio-2021-standard","10":"product_tag-microsoft-windows-11-pro-project-2021-pro-office-2021-pro-visio-2021-standard-license-for-3-pcs","12":"first","13":"instock","14":"sale","15":"virtual","16":"taxable","17":"purchasable","18":"product-type-simple"},"yoast_head":"<!-- This site is optimized with the Yoast SEO plugin v27.5 - https:\/\/yoast.com\/product\/yoast-seo-wordpress\/ -->\n<title>Microsoft Windows 11 Pro + Microsoft Project 2021 Pro + Microsoft Office 2021 Pro p+ Visio 2021 Standard license for 3 PCs<\/title>\n<meta name=\"description\" content=\"With this license the software can be activated on 3 different devices, e.g. home PC, notebook and work PC. Lifetime Replacement Warranty!!!\" \/>\n<meta name=\"robots\" content=\"index, follow, max-snippet:-1, max-image-preview:large, max-video-preview:-1\" \/>\n<link rel=\"canonical\" href=\"https:\/\/livekaarten.nl\/it\/prodotto\/windows-11-professional-project-2021-professional-office-2021-professional-visio-2021-standard\/\" \/>\n<meta property=\"og:locale\" content=\"it_IT\" \/>\n<meta property=\"og:type\" content=\"article\" \/>\n<meta property=\"og:title\" content=\"Microsoft Windows 11 Pro + Microsoft Project 2021 Pro + Microsoft Office 2021 Pro p+ Visio 2021 Standard license for 3 PCs\" \/>\n<meta property=\"og:description\" content=\"With this license the software can be activated on 3 different devices, e.g. home PC, notebook and work PC. Lifetime Replacement Warranty!!!\" \/>\n<meta property=\"og:url\" content=\"https:\/\/livekaarten.nl\/it\/prodotto\/windows-11-professional-project-2021-professional-office-2021-professional-visio-2021-standard\/\" \/>\n<meta property=\"og:site_name\" content=\"livekaarten.nl\" \/>\n<meta property=\"article:modified_time\" content=\"2026-04-20T11:05:33+00:00\" \/>\n<meta property=\"og:image\" content=\"https:\/\/livekaarten.nl\/wp-content\/uploads\/2025\/04\/W11PO21PPP21PV21S.jpg\" \/>\n\t<meta property=\"og:image:width\" content=\"1000\" \/>\n\t<meta property=\"og:image:height\" content=\"1500\" \/>\n\t<meta property=\"og:image:type\" content=\"image\/jpeg\" \/>\n<meta name=\"twitter:card\" content=\"summary_large_image\" \/>\n<meta name=\"twitter:label1\" content=\"Tempo di lettura stimato\" \/>\n\t<meta name=\"twitter:data1\" content=\"6 minuti\" \/>\n<script type=\"application\/ld+json\" class=\"yoast-schema-graph\">{\"@context\":\"https:\\\/\\\/schema.org\",\"@graph\":[{\"@type\":\"WebPage\",\"@id\":\"https:\\\/\\\/livekaarten.nl\\\/product\\\/windows-11-professional-project-2021-professional-office-2021-professional-visio-2021-standard\\\/\",\"url\":\"https:\\\/\\\/livekaarten.nl\\\/product\\\/windows-11-professional-project-2021-professional-office-2021-professional-visio-2021-standard\\\/\",\"name\":\"Microsoft Windows 11 Pro + Microsoft Project 2021 Pro + Microsoft Office 2021 Pro p+ Visio 2021 Standard license for 3 PCs\",\"isPartOf\":{\"@id\":\"https:\\\/\\\/livekaarten.nl\\\/#website\"},\"primaryImageOfPage\":{\"@id\":\"https:\\\/\\\/livekaarten.nl\\\/product\\\/windows-11-professional-project-2021-professional-office-2021-professional-visio-2021-standard\\\/#primaryimage\"},\"image\":{\"@id\":\"https:\\\/\\\/livekaarten.nl\\\/product\\\/windows-11-professional-project-2021-professional-office-2021-professional-visio-2021-standard\\\/#primaryimage\"},\"thumbnailUrl\":\"https:\\\/\\\/livekaarten.nl\\\/wp-content\\\/uploads\\\/2025\\\/04\\\/W11PO21PPP21PV21S.jpg\",\"datePublished\":\"2022-10-20T21:47:48+00:00\",\"dateModified\":\"2026-04-20T11:05:33+00:00\",\"description\":\"With this license the software can be activated on 3 different devices, e.g. home PC, notebook and work PC. Lifetime Replacement Warranty!!!\",\"breadcrumb\":{\"@id\":\"https:\\\/\\\/livekaarten.nl\\\/product\\\/windows-11-professional-project-2021-professional-office-2021-professional-visio-2021-standard\\\/#breadcrumb\"},\"inLanguage\":\"it-IT\",\"potentialAction\":[{\"@type\":\"ReadAction\",\"target\":[\"https:\\\/\\\/livekaarten.nl\\\/product\\\/windows-11-professional-project-2021-professional-office-2021-professional-visio-2021-standard\\\/\"]}]},{\"@type\":\"ImageObject\",\"inLanguage\":\"it-IT\",\"@id\":\"https:\\\/\\\/livekaarten.nl\\\/product\\\/windows-11-professional-project-2021-professional-office-2021-professional-visio-2021-standard\\\/#primaryimage\",\"url\":\"https:\\\/\\\/livekaarten.nl\\\/wp-content\\\/uploads\\\/2025\\\/04\\\/W11PO21PPP21PV21S.jpg\",\"contentUrl\":\"https:\\\/\\\/livekaarten.nl\\\/wp-content\\\/uploads\\\/2025\\\/04\\\/W11PO21PPP21PV21S.jpg\",\"width\":1000,\"height\":1500},{\"@type\":\"BreadcrumbList\",\"@id\":\"https:\\\/\\\/livekaarten.nl\\\/product\\\/windows-11-professional-project-2021-professional-office-2021-professional-visio-2021-standard\\\/#breadcrumb\",\"itemListElement\":[{\"@type\":\"ListItem\",\"position\":1,\"name\":\"Home\",\"item\":\"https:\\\/\\\/livekaarten.nl\\\/\"},{\"@type\":\"ListItem\",\"position\":2,\"name\":\"Winkel\",\"item\":\"https:\\\/\\\/livekaarten.nl\\\/shop\\\/\"},{\"@type\":\"ListItem\",\"position\":3,\"name\":\"Microsoft Windows 11 Pro + Microsoft Project 2021 Pro + Microsoft Office 2021 Pro Plus + Microsoft Visio 2021 Standard Licentie voor 3 apparaten\"}]},{\"@type\":\"WebSite\",\"@id\":\"https:\\\/\\\/livekaarten.nl\\\/#website\",\"url\":\"https:\\\/\\\/livekaarten.nl\\\/\",\"name\":\"Livekaarten.nl\",\"description\":\"Koop uw kantoor\",\"potentialAction\":[{\"@type\":\"SearchAction\",\"target\":{\"@type\":\"EntryPoint\",\"urlTemplate\":\"https:\\\/\\\/livekaarten.nl\\\/?s={search_term_string}\"},\"query-input\":{\"@type\":\"PropertyValueSpecification\",\"valueRequired\":true,\"valueName\":\"search_term_string\"}}],\"inLanguage\":\"it-IT\"}]}<\/script>\n<!-- \/ Yoast SEO plugin. -->","yoast_head_json":{"title":"Microsoft Windows 11 Pro + Microsoft Project 2021 Pro + Microsoft Office 2021 Pro p+ licenza Visio 2021 Standard per 3 PC","description":"Con questa licenza il software pu\u00f2 essere attivato su 3 diversi dispositivi, ad esempio PC di casa, notebook e PC di lavoro. Garanzia di sostituzione a vita!!!","robots":{"index":"index","follow":"follow","max-snippet":"max-snippet:-1","max-image-preview":"max-image-preview:large","max-video-preview":"max-video-preview:-1"},"canonical":"https:\/\/livekaarten.nl\/it\/prodotto\/windows-11-professional-project-2021-professional-office-2021-professional-visio-2021-standard\/","og_locale":"it_IT","og_type":"article","og_title":"Microsoft Windows 11 Pro + Microsoft Project 2021 Pro + Microsoft Office 2021 Pro p+ Visio 2021 Standard license for 3 PCs","og_description":"With this license the software can be activated on 3 different devices, e.g. home PC, notebook and work PC. Lifetime Replacement Warranty!!!","og_url":"https:\/\/livekaarten.nl\/it\/prodotto\/windows-11-professional-project-2021-professional-office-2021-professional-visio-2021-standard\/","og_site_name":"livekaarten.nl","article_modified_time":"2026-04-20T11:05:33+00:00","og_image":[{"width":1000,"height":1500,"url":"https:\/\/livekaarten.nl\/wp-content\/uploads\/2025\/04\/W11PO21PPP21PV21S.jpg","type":"image\/jpeg"}],"twitter_card":"summary_large_image","twitter_misc":{"Tempo di lettura stimato":"6 minuti"},"schema":{"@context":"https:\/\/schema.org","@graph":[{"@type":"WebPage","@id":"https:\/\/livekaarten.nl\/product\/windows-11-professional-project-2021-professional-office-2021-professional-visio-2021-standard\/","url":"https:\/\/livekaarten.nl\/product\/windows-11-professional-project-2021-professional-office-2021-professional-visio-2021-standard\/","name":"Microsoft Windows 11 Pro + Microsoft Project 2021 Pro + Microsoft Office 2021 Pro p+ licenza Visio 2021 Standard per 3 PC","isPartOf":{"@id":"https:\/\/livekaarten.nl\/#website"},"primaryImageOfPage":{"@id":"https:\/\/livekaarten.nl\/product\/windows-11-professional-project-2021-professional-office-2021-professional-visio-2021-standard\/#primaryimage"},"image":{"@id":"https:\/\/livekaarten.nl\/product\/windows-11-professional-project-2021-professional-office-2021-professional-visio-2021-standard\/#primaryimage"},"thumbnailUrl":"https:\/\/livekaarten.nl\/wp-content\/uploads\/2025\/04\/W11PO21PPP21PV21S.jpg","datePublished":"2022-10-20T21:47:48+00:00","dateModified":"2026-04-20T11:05:33+00:00","description":"Con questa licenza il software pu\u00f2 essere attivato su 3 diversi dispositivi, ad esempio PC di casa, notebook e PC di lavoro. Garanzia di sostituzione a vita!!!","breadcrumb":{"@id":"https:\/\/livekaarten.nl\/product\/windows-11-professional-project-2021-professional-office-2021-professional-visio-2021-standard\/#breadcrumb"},"inLanguage":"it-IT","potentialAction":[{"@type":"ReadAction","target":["https:\/\/livekaarten.nl\/product\/windows-11-professional-project-2021-professional-office-2021-professional-visio-2021-standard\/"]}]},{"@type":"ImageObject","inLanguage":"it-IT","@id":"https:\/\/livekaarten.nl\/product\/windows-11-professional-project-2021-professional-office-2021-professional-visio-2021-standard\/#primaryimage","url":"https:\/\/livekaarten.nl\/wp-content\/uploads\/2025\/04\/W11PO21PPP21PV21S.jpg","contentUrl":"https:\/\/livekaarten.nl\/wp-content\/uploads\/2025\/04\/W11PO21PPP21PV21S.jpg","width":1000,"height":1500},{"@type":"BreadcrumbList","@id":"https:\/\/livekaarten.nl\/product\/windows-11-professional-project-2021-professional-office-2021-professional-visio-2021-standard\/#breadcrumb","itemListElement":[{"@type":"ListItem","position":1,"name":"Home","item":"https:\/\/livekaarten.nl\/"},{"@type":"ListItem","position":2,"name":"Winkel","item":"https:\/\/livekaarten.nl\/shop\/"},{"@type":"ListItem","position":3,"name":"Microsoft Windows 11 Pro + Microsoft Project 2021 Pro + Microsoft Office 2021 Pro Plus + Microsoft Visio 2021 Standard Licentie voor 3 apparaten"}]},{"@type":"WebSite","@id":"https:\/\/livekaarten.nl\/#website","url":"https:\/\/livekaarten.nl\/","name":"Livecards.it","description":"Acquista il tuo ufficio","potentialAction":[{"@type":"SearchAction","target":{"@type":"EntryPoint","urlTemplate":"https:\/\/livekaarten.nl\/?s={search_term_string}"},"query-input":{"@type":"PropertyValueSpecification","valueRequired":true,"valueName":"search_term_string"}}],"inLanguage":"it-IT"}]}},"_links":{"self":[{"href":"https:\/\/livekaarten.nl\/it\/wp-json\/wp\/v2\/product\/1939","targetHints":{"allow":["GET"]}}],"collection":[{"href":"https:\/\/livekaarten.nl\/it\/wp-json\/wp\/v2\/product"}],"about":[{"href":"https:\/\/livekaarten.nl\/it\/wp-json\/wp\/v2\/types\/product"}],"replies":[{"embeddable":true,"href":"https:\/\/livekaarten.nl\/it\/wp-json\/wp\/v2\/comments?post=1939"}],"wp:featuredmedia":[{"embeddable":true,"href":"https:\/\/livekaarten.nl\/it\/wp-json\/wp\/v2\/media\/114613"}],"wp:attachment":[{"href":"https:\/\/livekaarten.nl\/it\/wp-json\/wp\/v2\/media?parent=1939"}],"wp:term":[{"taxonomy":"product_cat","embeddable":true,"href":"https:\/\/livekaarten.nl\/it\/wp-json\/wp\/v2\/product_cat?post=1939"},{"taxonomy":"product_tag","embeddable":true,"href":"https:\/\/livekaarten.nl\/it\/wp-json\/wp\/v2\/product_tag?post=1939"}],"curies":[{"name":"wp","href":"https:\/\/api.w.org\/{rel}","templated":true}]}}