{"id":1938,"date":"2022-10-20T21:47:48","date_gmt":"2022-10-20T21:47:48","guid":{"rendered":"https:\/\/gamecardshop.com\/livecards\/?post_type=product&#038;p=1938"},"modified":"2026-04-20T13:07:35","modified_gmt":"2026-04-20T11:07:35","slug":"microsoft-windows-11-home-microsoft-office-2021-standard","status":"publish","type":"product","link":"https:\/\/livekaarten.nl\/it\/prodotto\/microsoft-windows-11-home-microsoft-office-2021-standard\/","title":{"rendered":"Microsoft Windows 11 Home + Microsoft Office 2021 Standard"},"content":{"rendered":"<div class=\"product-content\">\n<h2>Microsoft Windows 11 Home<\/h2>\n<h3>Requisiti di sistema<\/h3>\n<hr \/>\n<p>Assicuratevi di essere pronti per l'ultimo e pi\u00f9 grande sistema operativo di Microsoft!<\/p>\n<p>Questi sono i requisiti minimi per installare Microsoft Windows 11 su un PC. Se il vostro dispositivo non soddisfa questi requisiti, potreste non essere in grado di installare Microsoft Windows 11. Se non si \u00e8 sicuri che il proprio PC soddisfi questi requisiti, \u00e8 possibile utilizzare l'applicazione PC Health Check per valutare la compatibilit\u00e0. <strong>(Richiede Windows 10, <a href=\"https:\/\/aka.ms\/GetPCHealthCheckApp\">clicca qui per scaricare<\/a>)<\/strong>.<\/p>\n<ul>\n<li><strong>Processore:<\/strong> 1 gigahertz (GHz) pi\u00f9 veloce con 2 o pi\u00f9 core su un processore compatibile a 64 bit o System on a Chip (SoC).<\/li>\n<li><strong>RAM:<\/strong> 4 gigabyte (GB).<\/li>\n<li><strong>Stoccaggio:<\/strong> 64 GB di spazio di archiviazione pi\u00f9 grande. Nota: vedere di seguito alla sezione \u201cInformazioni sullo spazio di archiviazione necessario per mantenere aggiornato Windows 11\u201d per ulteriori dettagli.<\/li>\n<li><strong>Firmware del sistema:<\/strong> UEFI, abilitato per Secure Boot.<\/li>\n<li><strong>TPM:<\/strong> Trusted Platform Module (TPM) versione 2.0.<\/li>\n<li><strong>Scheda grafica:<\/strong> Compatibile con DirectX 12 o superiore con driver WDDM 2.0.<\/li>\n<li><strong>Display:<\/strong> Schermo ad alta definizione (720p) con una diagonale superiore a 9 pollici, 8 bit per canale colore.<\/li>\n<li><strong>Connessione a Internet e account Microsoft:<\/strong> Microsoft Windows 11 edition vereist een internetverbinding en een Microsoft-account om de installatie van het apparaat bij het eerste gebruik te voltooien. Om een apparaat uit Microsoft Windows 11 Home in de S-modus te schakelen, is ook een internetverbinding nodig. Voor alle Microsoft Windows 11-edities is internettoegang vereist om updates uit te voeren en bepaalde functies te downloaden en te gebruiken. Voor sommige functies is een Microsoft-account vereist.<\/li>\n<\/ul>\n<p>Nel corso del tempo, potrebbero essere richiesti ulteriori aggiornamenti e requisiti per abilitare specifiche funzionalit\u00e0 del sistema operativo.<\/p>\n<hr \/>\n<h3>Requisiti aggiuntivi per funzionalit\u00e0 importanti<\/h3>\n<p>Alcune funzioni di Microsoft Windows 11 hanno requisiti pi\u00f9 elevati di quelli elencati nella sezione dei requisiti minimi. Di seguito sono riportate ulteriori informazioni sui requisiti delle funzioni principali:<\/p>\n<ul>\n<li>Il supporto 5G richiede un modem abilitato al 5G.<\/li>\n<li>L'Auto HDR richiede un monitor HDR.<\/li>\n<li>BitLocker to Go richiede un'unit\u00e0 flash USB (disponibile nelle edizioni di Windows Pro e successive).<\/li>\n<li>Il client Hyper-V richiede un processore con capacit\u00e0 SLAT (traduzione degli indirizzi di secondo livello) (disponibile nelle edizioni di Windows Pro e successive).<\/li>\n<li>Cortana richiede un microfono e altoparlanti ed \u00e8 attualmente disponibile in Windows 11 per Australia, Brasile, Canada, Cina, Francia, Germania, India, Italia, Giappone, Messico, Spagna, Regno Unito e Stati Uniti.<\/li>\n<li>DirectStorage richiede un'unit\u00e0 SSD NVMe per archiviare ed eseguire giochi che utilizzano il driver \u201cStandard NVM Express Controller\u201d e una GPU DirectX 12 con supporto per Shader Model 6.0.<\/li>\n<li>DirectX 12 Ultimate \u00e8 disponibile con i giochi e i chip grafici supportati.<\/li>\n<li>La presenza richiede un sensore che possa rilevare la distanza umana dal dispositivo o l'intenzione di interagire con il dispositivo.<\/li>\n<li>Le videoconferenze intelligenti richiedono una videocamera, un microfono e un altoparlante (uscita audio).<\/li>\n<li>L'assistente vocale multiplo (MVA) richiede un microfono e un altoparlante.<\/li>\n<li>I layout Snap a tre colonne richiedono uno schermo con una larghezza effettiva di 1920 pixel o pi\u00f9.<\/li>\n<li>L'opzione Mute\/Unmute dalla barra delle applicazioni richiede una videocamera, un microfono e un altoparlante (uscita audio). L'app deve essere compatibile con la funzione per abilitare il silenziamento\/rimozione globale.<\/li>\n<li>Il suono spaziale richiede hardware e software di supporto.<\/li>\n<li>Le squadre richiedono una videocamera, un microfono e un altoparlante (uscita audio).<\/li>\n<li>Il touch richiede uno schermo o un monitor che supporti il multi-touch.<\/li>\n<li>L'autenticazione a due fattori richiede l'uso del PIN, della biometria (lettore di impronte digitali o telecamera a infrarossi illuminata) o di un telefono con funzionalit\u00e0 Wi-Fi o Bluetooth.<\/li>\n<li>La digitazione vocale richiede un PC con un microfono.<\/li>\n<li>Wake on Voice richiede un modello di alimentazione Modern Standby e un microfono.<\/li>\n<li>Il Wi-Fi 6E richiede un nuovo hardware e driver WLAN IHV e un AP\/router abilitato al Wi-Fi 6E.<\/li>\n<li>Windows Hello richiede una fotocamera configurata per l'imaging nel vicino infrarosso (IR) o un lettore di impronte digitali per l'autenticazione biometrica. I dispositivi senza sensori biometrici possono utilizzare Windows Hello con un PIN o una chiave di sicurezza portatile compatibile con Microsoft.<\/li>\n<li>Windows Projection richiede un adattatore di schermo che supporti Windows Display Driver Model (WDDM) 2.0 e un adattatore Wi-Fi che supporti Wi-Fi Direct.<\/li>\n<li>Xbox (app) richiede un account Xbox Live, che non \u00e8 disponibile in tutte le regioni. Per le informazioni pi\u00f9 aggiornate sulla disponibilit\u00e0, consulta Paesi e regioni di Xbox Live. Alcune funzionalit\u00e0 dell'app Xbox richiedono un abbonamento Xbox Game Pass attivo. Ulteriori informazioni sul pass.<\/li>\n<\/ul>\n<hr \/>\n<h3>Microsoft Office 2021 Standard<\/h3>\n<p>Microsoft Office-gebruikers die thuis of op kantoor het volledige scala aan toepassingen gebruiken, zitten goed met de Microsoft Office 2021 Standard Edition. Alle belangrijke programma&#8217;s zijn inbegrepen: Word, Excel, Outlook, PowerPoint, Publisher en Access. OneNote is nu te downloaden in de Windows Store zodat je snel notities kunt maken en deze via de cloud op alle apparaten beschikbaar kunt maken. Vanwege het brede scala aan verschillende programma&#8217;s is de Standard-versie vooral gericht op mensen die thuis werken, in het kantoor aan huis, of die op zoek zijn naar een krachtige, betrouwbare oplossing op kantoor om documenten, tabellen, enz. te organiseren.<\/p>\n<ul>\n<li><strong>Microsoft Word:<\/strong> Create documenti di testo di qualit\u00e0 professionale in pochissimo tempo.<\/li>\n<li><strong>Microsoft Excel:<\/strong> Foglio elettronico intelligente per la gestione delle informazioni.<\/li>\n<li><strong>Microsoft PowerPoint:<\/strong> Creare presentazioni dinamiche e di grande effetto.<\/li>\n<li><strong>Microsoft OneNote:<\/strong> Il vostro taccuino digitale.<\/li>\n<li><strong>Microsoft Outlook:<\/strong> Facile da comunicare.<\/li>\n<li><strong>Microsoft Publisher:<\/strong> Lay-out maken voor professionele publicaties.<\/li>\n<\/ul>\n<\/div>","protected":false},"excerpt":{"rendered":"<p><strong>Prima di procedere all'acquisto, verificate che il vostro computer sia compatibile con Windows 11:<\/strong> <span style=\"color: #ff0000;\"><strong><a style=\"color: #ff0000;\" href=\"https:\/\/aka.ms\/GetPCHealthCheckApp\">Scarica qui<\/a><\/strong><\/span><\/p>\n<ul>\n<li>Licenza: Per l'attivazione su 1 PC (online o per telefono)<\/li>\n<li>Consegna: il link per il download, il codice prodotto, le istruzioni e la fattura vengono consegnati direttamente via e-mail. Non disponibile su supporti fisici (come USB, CD, ecc.).<\/li>\n<li>Versione: Versioni complete e illimitate del software per sistemi a 32 e 64 bit.<\/li>\n<li>Lingue: inglese, spagnolo, italiano, tedesco, francese<\/li>\n<li>Assistenza: 24 ore su 24, 7 giorni su 7, in inglese, spagnolo e tedesco.<\/li>\n<li><strong><span style=\"color: #008000;\"> Questo prodotto \u00e8 compatibile con Microsoft Windows.<\/span><\/strong><\/li>\n<li><strong><span style=\"color: #ff0000;\">NON \u00e8 compatibile con Apple macOS\u2122, dispositivi Android e Chromebook.<\/span><\/strong><\/li>\n<\/ul>","protected":false},"featured_media":114605,"comment_status":"closed","ping_status":"closed","template":"","meta":{"rs_blank_template":"","rs_page_bg_color":"","slide_template_v7":""},"product_cat":[81,82,83,89],"product_tag":[88,86],"class_list":{"0":"post-1938","1":"product","2":"type-product","3":"status-publish","4":"has-post-thumbnail","6":"product_cat-combo","7":"product_cat-microsoft-windows","8":"product_cat-office-2021","9":"product_cat-windows-11","10":"product_tag-windows","11":"product_tag-windows-11","13":"first","14":"instock","15":"sale","16":"virtual","17":"taxable","18":"purchasable","19":"product-type-simple"},"yoast_head":"<!-- This site is optimized with the Yoast SEO plugin v27.5 - https:\/\/yoast.com\/product\/yoast-seo-wordpress\/ -->\n<title>Microsoft Windows 11 Home + Microsoft Office 2021 Standard | livekaarten.nl<\/title>\n<meta name=\"robots\" content=\"index, follow, max-snippet:-1, max-image-preview:large, max-video-preview:-1\" \/>\n<link rel=\"canonical\" href=\"https:\/\/livekaarten.nl\/it\/prodotto\/microsoft-windows-11-home-microsoft-office-2021-standard\/\" \/>\n<meta property=\"og:locale\" content=\"it_IT\" \/>\n<meta property=\"og:type\" content=\"article\" \/>\n<meta property=\"og:title\" content=\"Microsoft Windows 11 Home + Microsoft Office 2021 Standard | livekaarten.nl\" \/>\n<meta property=\"og:description\" content=\"Controleer voordat je koopt of je computer compatibel is met Windows 11: Download hier   Licentie: Voor activering op 1 PC (online of telefonisch)  Levering: Downloadlink, productsleutel, instructies en factuur worden direct per e-mail geleverd. Niet beschikbaar op fysieke media (zoals USB, cd, enzovoort)  Versie: Volledige, onbeperkte versies van de software voor 32- en 64-bits systemen  Talen: Engels, Spaans, Italiaans, Duits, Frans  Ondersteuning: 24\/7 in Engels, Spaans, Duits   Dit product is compatibel met Microsoft Windows.  NIET compatibel met Apple macOS\u2122, Android-apparaten en Chromebooks.\" \/>\n<meta property=\"og:url\" content=\"https:\/\/livekaarten.nl\/it\/prodotto\/microsoft-windows-11-home-microsoft-office-2021-standard\/\" \/>\n<meta property=\"og:site_name\" content=\"livekaarten.nl\" \/>\n<meta property=\"article:modified_time\" content=\"2026-04-20T11:07:35+00:00\" \/>\n<meta property=\"og:image\" content=\"https:\/\/livekaarten.nl\/wp-content\/uploads\/2025\/04\/W11HO21S.jpg\" \/>\n\t<meta property=\"og:image:width\" content=\"1000\" \/>\n\t<meta property=\"og:image:height\" content=\"1500\" \/>\n\t<meta property=\"og:image:type\" content=\"image\/jpeg\" \/>\n<meta name=\"twitter:card\" content=\"summary_large_image\" \/>\n<meta name=\"twitter:label1\" content=\"Tempo di lettura stimato\" \/>\n\t<meta name=\"twitter:data1\" content=\"5 minuti\" \/>\n<script type=\"application\/ld+json\" class=\"yoast-schema-graph\">{\"@context\":\"https:\\\/\\\/schema.org\",\"@graph\":[{\"@type\":\"WebPage\",\"@id\":\"https:\\\/\\\/livekaarten.nl\\\/product\\\/microsoft-windows-11-home-microsoft-office-2021-standard\\\/\",\"url\":\"https:\\\/\\\/livekaarten.nl\\\/product\\\/microsoft-windows-11-home-microsoft-office-2021-standard\\\/\",\"name\":\"Microsoft Windows 11 Home + Microsoft Office 2021 Standard | livekaarten.nl\",\"isPartOf\":{\"@id\":\"https:\\\/\\\/livekaarten.nl\\\/#website\"},\"primaryImageOfPage\":{\"@id\":\"https:\\\/\\\/livekaarten.nl\\\/product\\\/microsoft-windows-11-home-microsoft-office-2021-standard\\\/#primaryimage\"},\"image\":{\"@id\":\"https:\\\/\\\/livekaarten.nl\\\/product\\\/microsoft-windows-11-home-microsoft-office-2021-standard\\\/#primaryimage\"},\"thumbnailUrl\":\"https:\\\/\\\/livekaarten.nl\\\/wp-content\\\/uploads\\\/2025\\\/04\\\/W11HO21S.jpg\",\"datePublished\":\"2022-10-20T21:47:48+00:00\",\"dateModified\":\"2026-04-20T11:07:35+00:00\",\"breadcrumb\":{\"@id\":\"https:\\\/\\\/livekaarten.nl\\\/product\\\/microsoft-windows-11-home-microsoft-office-2021-standard\\\/#breadcrumb\"},\"inLanguage\":\"it-IT\",\"potentialAction\":[{\"@type\":\"ReadAction\",\"target\":[\"https:\\\/\\\/livekaarten.nl\\\/product\\\/microsoft-windows-11-home-microsoft-office-2021-standard\\\/\"]}]},{\"@type\":\"ImageObject\",\"inLanguage\":\"it-IT\",\"@id\":\"https:\\\/\\\/livekaarten.nl\\\/product\\\/microsoft-windows-11-home-microsoft-office-2021-standard\\\/#primaryimage\",\"url\":\"https:\\\/\\\/livekaarten.nl\\\/wp-content\\\/uploads\\\/2025\\\/04\\\/W11HO21S.jpg\",\"contentUrl\":\"https:\\\/\\\/livekaarten.nl\\\/wp-content\\\/uploads\\\/2025\\\/04\\\/W11HO21S.jpg\",\"width\":1000,\"height\":1500},{\"@type\":\"BreadcrumbList\",\"@id\":\"https:\\\/\\\/livekaarten.nl\\\/product\\\/microsoft-windows-11-home-microsoft-office-2021-standard\\\/#breadcrumb\",\"itemListElement\":[{\"@type\":\"ListItem\",\"position\":1,\"name\":\"Home\",\"item\":\"https:\\\/\\\/livekaarten.nl\\\/\"},{\"@type\":\"ListItem\",\"position\":2,\"name\":\"Winkel\",\"item\":\"https:\\\/\\\/livekaarten.nl\\\/shop\\\/\"},{\"@type\":\"ListItem\",\"position\":3,\"name\":\"Microsoft Windows 11 Home + Microsoft Office 2021 Standard\"}]},{\"@type\":\"WebSite\",\"@id\":\"https:\\\/\\\/livekaarten.nl\\\/#website\",\"url\":\"https:\\\/\\\/livekaarten.nl\\\/\",\"name\":\"Livekaarten.nl\",\"description\":\"Koop uw kantoor\",\"potentialAction\":[{\"@type\":\"SearchAction\",\"target\":{\"@type\":\"EntryPoint\",\"urlTemplate\":\"https:\\\/\\\/livekaarten.nl\\\/?s={search_term_string}\"},\"query-input\":{\"@type\":\"PropertyValueSpecification\",\"valueRequired\":true,\"valueName\":\"search_term_string\"}}],\"inLanguage\":\"it-IT\"}]}<\/script>\n<!-- \/ Yoast SEO plugin. -->","yoast_head_json":{"title":"Microsoft Windows 11 Home + Microsoft Office 2021 Standard | livekaarten.nl","robots":{"index":"index","follow":"follow","max-snippet":"max-snippet:-1","max-image-preview":"max-image-preview:large","max-video-preview":"max-video-preview:-1"},"canonical":"https:\/\/livekaarten.nl\/it\/prodotto\/microsoft-windows-11-home-microsoft-office-2021-standard\/","og_locale":"it_IT","og_type":"article","og_title":"Microsoft Windows 11 Home + Microsoft Office 2021 Standard | livekaarten.nl","og_description":"Controleer voordat je koopt of je computer compatibel is met Windows 11: Download hier   Licentie: Voor activering op 1 PC (online of telefonisch)  Levering: Downloadlink, productsleutel, instructies en factuur worden direct per e-mail geleverd. Niet beschikbaar op fysieke media (zoals USB, cd, enzovoort)  Versie: Volledige, onbeperkte versies van de software voor 32- en 64-bits systemen  Talen: Engels, Spaans, Italiaans, Duits, Frans  Ondersteuning: 24\/7 in Engels, Spaans, Duits   Dit product is compatibel met Microsoft Windows.  NIET compatibel met Apple macOS\u2122, Android-apparaten en Chromebooks.","og_url":"https:\/\/livekaarten.nl\/it\/prodotto\/microsoft-windows-11-home-microsoft-office-2021-standard\/","og_site_name":"livekaarten.nl","article_modified_time":"2026-04-20T11:07:35+00:00","og_image":[{"width":1000,"height":1500,"url":"https:\/\/livekaarten.nl\/wp-content\/uploads\/2025\/04\/W11HO21S.jpg","type":"image\/jpeg"}],"twitter_card":"summary_large_image","twitter_misc":{"Tempo di lettura stimato":"5 minuti"},"schema":{"@context":"https:\/\/schema.org","@graph":[{"@type":"WebPage","@id":"https:\/\/livekaarten.nl\/product\/microsoft-windows-11-home-microsoft-office-2021-standard\/","url":"https:\/\/livekaarten.nl\/product\/microsoft-windows-11-home-microsoft-office-2021-standard\/","name":"Microsoft Windows 11 Home + Microsoft Office 2021 Standard | livekaarten.nl","isPartOf":{"@id":"https:\/\/livekaarten.nl\/#website"},"primaryImageOfPage":{"@id":"https:\/\/livekaarten.nl\/product\/microsoft-windows-11-home-microsoft-office-2021-standard\/#primaryimage"},"image":{"@id":"https:\/\/livekaarten.nl\/product\/microsoft-windows-11-home-microsoft-office-2021-standard\/#primaryimage"},"thumbnailUrl":"https:\/\/livekaarten.nl\/wp-content\/uploads\/2025\/04\/W11HO21S.jpg","datePublished":"2022-10-20T21:47:48+00:00","dateModified":"2026-04-20T11:07:35+00:00","breadcrumb":{"@id":"https:\/\/livekaarten.nl\/product\/microsoft-windows-11-home-microsoft-office-2021-standard\/#breadcrumb"},"inLanguage":"it-IT","potentialAction":[{"@type":"ReadAction","target":["https:\/\/livekaarten.nl\/product\/microsoft-windows-11-home-microsoft-office-2021-standard\/"]}]},{"@type":"ImageObject","inLanguage":"it-IT","@id":"https:\/\/livekaarten.nl\/product\/microsoft-windows-11-home-microsoft-office-2021-standard\/#primaryimage","url":"https:\/\/livekaarten.nl\/wp-content\/uploads\/2025\/04\/W11HO21S.jpg","contentUrl":"https:\/\/livekaarten.nl\/wp-content\/uploads\/2025\/04\/W11HO21S.jpg","width":1000,"height":1500},{"@type":"BreadcrumbList","@id":"https:\/\/livekaarten.nl\/product\/microsoft-windows-11-home-microsoft-office-2021-standard\/#breadcrumb","itemListElement":[{"@type":"ListItem","position":1,"name":"Home","item":"https:\/\/livekaarten.nl\/"},{"@type":"ListItem","position":2,"name":"Winkel","item":"https:\/\/livekaarten.nl\/shop\/"},{"@type":"ListItem","position":3,"name":"Microsoft Windows 11 Home + Microsoft Office 2021 Standard"}]},{"@type":"WebSite","@id":"https:\/\/livekaarten.nl\/#website","url":"https:\/\/livekaarten.nl\/","name":"Livecards.it","description":"Acquista il tuo ufficio","potentialAction":[{"@type":"SearchAction","target":{"@type":"EntryPoint","urlTemplate":"https:\/\/livekaarten.nl\/?s={search_term_string}"},"query-input":{"@type":"PropertyValueSpecification","valueRequired":true,"valueName":"search_term_string"}}],"inLanguage":"it-IT"}]}},"_links":{"self":[{"href":"https:\/\/livekaarten.nl\/it\/wp-json\/wp\/v2\/product\/1938","targetHints":{"allow":["GET"]}}],"collection":[{"href":"https:\/\/livekaarten.nl\/it\/wp-json\/wp\/v2\/product"}],"about":[{"href":"https:\/\/livekaarten.nl\/it\/wp-json\/wp\/v2\/types\/product"}],"replies":[{"embeddable":true,"href":"https:\/\/livekaarten.nl\/it\/wp-json\/wp\/v2\/comments?post=1938"}],"wp:featuredmedia":[{"embeddable":true,"href":"https:\/\/livekaarten.nl\/it\/wp-json\/wp\/v2\/media\/114605"}],"wp:attachment":[{"href":"https:\/\/livekaarten.nl\/it\/wp-json\/wp\/v2\/media?parent=1938"}],"wp:term":[{"taxonomy":"product_cat","embeddable":true,"href":"https:\/\/livekaarten.nl\/it\/wp-json\/wp\/v2\/product_cat?post=1938"},{"taxonomy":"product_tag","embeddable":true,"href":"https:\/\/livekaarten.nl\/it\/wp-json\/wp\/v2\/product_tag?post=1938"}],"curies":[{"name":"wp","href":"https:\/\/api.w.org\/{rel}","templated":true}]}}