{"id":1924,"date":"2022-10-20T21:47:33","date_gmt":"2022-10-20T21:47:33","guid":{"rendered":"https:\/\/gamecardshop.com\/livecards\/?post_type=product&#038;p=1924"},"modified":"2026-04-03T12:01:35","modified_gmt":"2026-04-03T10:01:35","slug":"windows-10-professional-visio-2019-professional-project-2019-professional-office-2019-professional-plus","status":"publish","type":"product","link":"https:\/\/livekaarten.nl\/it\/prodotto\/windows-10-professional-visio-2019-professional-project-2019-professional-office-2019-professional-plus\/","title":{"rendered":"Windows 10 Professional + Visio 2019 Professional + Project 2019 Professional + Office 2019 Professional Plus - Licenza per 3 dispositivi"},"content":{"rendered":"<p><span style=\"font-size: 32px\"><strong>Microsoft Windows 10 Professional<\/strong><\/span><\/p>\n<p>Con la nuova versione di Microsoft Windows 10 Professional, Microsoft offre agli utenti domestici e alle aziende particolarmente esigenti un sistema operativo moderno e intuitivo. Le caratteristiche di Microsoft Windows 10 Professional includono funzioni di sicurezza migliorate, accesso al desktop remoto, crittografia BitLocker e l'assistente virtuale personale Cortana. Il sistema si adatta a qualsiasi dispositivo grazie alle sue funzioni avanzate e ha il vantaggio che i requisiti di sistema non sono praticamente cambiati rispetto ai suoi predecessori. Ci\u00f2 significa che non \u00e8 necessario investire in nuovo hardware per beneficiare di Microsoft Windows 10 Professional.<\/p>\n<p><span style=\"font-size: 32px\"><strong>Microsoft Office 2019 Professional Plus<\/strong><\/span><\/p>\n<p>Gli utenti Microsoft Office che desiderano utilizzare l'intera gamma di applicazioni a casa o in ufficio sono nel posto giusto con Microsoft Office 2019 Professional Plus. Sono inclusi tutti i programmi essenziali: Word, Excel, Outlook, PowerPoint, Publisher e Access. OneNote \u00e8 disponibile attraverso il Microsoft Store, in modo da poter prendere facilmente appunti e sincronizzarli su pi\u00f9 dispositivi tramite il cloud. Grazie all'ampia scelta di applicazioni, la versione Professional Plus \u00e8 ideale per chi lavora da casa, in ufficio o per chi cerca una soluzione potente e affidabile per organizzare documenti, fogli di calcolo e altro ancora....<\/p>\n<ul>\n<li><strong>Microsoft Word:<\/strong> Create documenti di testo di qualit\u00e0 professionale in pochissimo tempo.<\/li>\n<li><strong>Microsoft Excel:<\/strong> Foglio elettronico intelligente per la gestione delle informazioni.<\/li>\n<li><strong>Microsoft PowerPoint:<\/strong> Creare presentazioni dinamiche e di grande effetto.<\/li>\n<li><strong>Microsoft OneNote:<\/strong> Il vostro taccuino digitale.<\/li>\n<li><strong>Microsoft Outlook:<\/strong> Facile da comunicare.<\/li>\n<li><strong>Microsoft Publisher:<\/strong> Creazione di layout per pubblicazioni professionali<\/li>\n<\/ul>\n<p><span style=\"font-size: 32px\"><strong>Microsoft Visio 2019 Professional<\/strong><\/span><\/p>\n<p>Microsoft Visio 2019 \u00e8 una potente applicazione di diagrammi che consente di lavorare visivamente per creare tutti i tipi di diagrammi ed \u00e8 leader del settore con oltre 12 milioni di utenti. Microsoft Visio 2019 semplifica la definizione dei processi aziendali, la documentazione delle best practice, la visualizzazione dello stato futuro delle iniziative di trasformazione e la gestione delle informazioni operative in azienda.<\/p>\n<p><span style=\"font-size: 32px\"><strong>Microsoft Project 2019 Professional<\/strong><\/span><\/p>\n<p>Collaborate con altri per lanciare ed eseguire progetti di successo in pochissimo tempo. Include tutte le funzionalit\u00e0 di Microsoft Project Standard pi\u00f9 la collaborazione nella gestione delle risorse, la sincronizzazione delle attivit\u00e0 con SharePoint, l'invio di timesheet e altro ancora. Microsoft Project Professional 2019 offre funzioni flessibili che consentono di pianificare i progetti, monitorare lo stato e collaborare con gli altri praticamente ovunque. L'applicazione offre comunicazione in tempo reale e messaggistica istantanea, attivata direttamente nel piano di progetto tramite Skype for Business, e consolida tutte le potenziali risorse del progetto in un'unica vista.<\/p>","protected":false},"excerpt":{"rendered":"<ul>\n<li>Licenza: questa licenza consente di attivare il software su 3 diversi dispositivi, ad esempio PC di casa, notebook e PC di lavoro.<\/li>\n<li>Consegna: il link per il download, il codice prodotto, le istruzioni e la fattura vengono consegnati direttamente via e-mail.<\/li>\n<li>Versione: Versione completa e illimitata da un Microsoft Gold Partner certificato - garanzia di rimborso a vita!<\/li>\n<li>Lingue: inglese, spagnolo, italiano, tedesco, francese<\/li>\n<li>Assistenza: 24 ore su 24, 7 giorni su 7, in olandese, francese e tedesco.<\/li>\n<li><strong><span style=\"color: #008000\"> Questo prodotto \u00e8 compatibile con Microsoft Windows.<\/span><\/strong><\/li>\n<li><strong><span style=\"color: #ff0000\">NON \u00e8 compatibile con Apple macOS\u2122, dispositivi Android e Chromebook.<\/span><\/strong><\/li>\n<\/ul>","protected":false},"featured_media":114610,"comment_status":"closed","ping_status":"closed","template":"","meta":[],"product_cat":[81,75,82,76],"product_tag":[],"class_list":{"0":"post-1924","1":"product","2":"type-product","3":"status-publish","4":"has-post-thumbnail","6":"product_cat-combo","7":"product_cat-microsoft-office","8":"product_cat-microsoft-windows","9":"product_cat-office-2019","11":"first","12":"instock","13":"sale","14":"virtual","15":"taxable","16":"purchasable","17":"product-type-simple"},"yoast_head":"<!-- This site is optimized with the Yoast SEO plugin v27.3 - https:\/\/yoast.com\/product\/yoast-seo-wordpress\/ -->\n<title>Windows 10 Professional + Visio 2019 Professional + Project 2019 Professional + Office 2019 Professional Plus \u2013 Licentie voor 3 apparaten | livekaarten.nl<\/title>\n<meta name=\"robots\" content=\"index, follow, max-snippet:-1, max-image-preview:large, max-video-preview:-1\" \/>\n<link rel=\"canonical\" href=\"https:\/\/livekaarten.nl\/it\/prodotto\/windows-10-professional-visio-2019-professional-project-2019-professional-office-2019-professional-plus\/\" \/>\n<meta property=\"og:locale\" content=\"it_IT\" \/>\n<meta property=\"og:type\" content=\"article\" \/>\n<meta property=\"og:title\" content=\"Windows 10 Professional + Visio 2019 Professional + Project 2019 Professional + Office 2019 Professional Plus \u2013 Licentie voor 3 apparaten | livekaarten.nl\" \/>\n<meta property=\"og:description\" content=\"Licentie: Met deze licentie kan de software op 3 verschillende apparaten worden geactiveerd, b.v. thuis-pc, notebook en werk-pc  Levering: Downloadlink, productsleutel, instructies en factuur worden direct per e-mail geleverd.  Versie: Volledige, onbeperkte versie van een gecertificeerde Microsoft Gold Partner \u2013 levenslange geld-teruggarantie!  Talen: Engels, Spaans, Italiaans, Duits, Frans  Ondersteuning: 24\/7 in het Nederlands, Frans, Duits   Dit product is compatibel met Microsoft Windows.  NIET compatibel met Apple macOS\u2122, Android-apparaten en Chromebooks.\" \/>\n<meta property=\"og:url\" content=\"https:\/\/livekaarten.nl\/it\/prodotto\/windows-10-professional-visio-2019-professional-project-2019-professional-office-2019-professional-plus\/\" \/>\n<meta property=\"og:site_name\" content=\"livekaarten.nl\" \/>\n<meta property=\"article:modified_time\" content=\"2026-04-03T10:01:35+00:00\" \/>\n<meta property=\"og:image\" content=\"https:\/\/livekaarten.nl\/wp-content\/uploads\/2025\/04\/W10PO19PPP19PV19P.jpg\" \/>\n\t<meta property=\"og:image:width\" content=\"1000\" \/>\n\t<meta property=\"og:image:height\" content=\"1500\" \/>\n\t<meta property=\"og:image:type\" content=\"image\/jpeg\" \/>\n<meta name=\"twitter:card\" content=\"summary_large_image\" \/>\n<meta name=\"twitter:label1\" content=\"Tempo di lettura stimato\" \/>\n\t<meta name=\"twitter:data1\" content=\"3 minuti\" \/>\n<script type=\"application\/ld+json\" class=\"yoast-schema-graph\">{\"@context\":\"https:\\\/\\\/schema.org\",\"@graph\":[{\"@type\":\"WebPage\",\"@id\":\"https:\\\/\\\/livekaarten.nl\\\/product\\\/windows-10-professional-visio-2019-professional-project-2019-professional-office-2019-professional-plus\\\/\",\"url\":\"https:\\\/\\\/livekaarten.nl\\\/product\\\/windows-10-professional-visio-2019-professional-project-2019-professional-office-2019-professional-plus\\\/\",\"name\":\"Windows 10 Professional + Visio 2019 Professional + Project 2019 Professional + Office 2019 Professional Plus \u2013 Licentie voor 3 apparaten | livekaarten.nl\",\"isPartOf\":{\"@id\":\"https:\\\/\\\/livekaarten.nl\\\/#website\"},\"primaryImageOfPage\":{\"@id\":\"https:\\\/\\\/livekaarten.nl\\\/product\\\/windows-10-professional-visio-2019-professional-project-2019-professional-office-2019-professional-plus\\\/#primaryimage\"},\"image\":{\"@id\":\"https:\\\/\\\/livekaarten.nl\\\/product\\\/windows-10-professional-visio-2019-professional-project-2019-professional-office-2019-professional-plus\\\/#primaryimage\"},\"thumbnailUrl\":\"https:\\\/\\\/livekaarten.nl\\\/wp-content\\\/uploads\\\/2025\\\/04\\\/W10PO19PPP19PV19P.jpg\",\"datePublished\":\"2022-10-20T21:47:33+00:00\",\"dateModified\":\"2026-04-03T10:01:35+00:00\",\"breadcrumb\":{\"@id\":\"https:\\\/\\\/livekaarten.nl\\\/product\\\/windows-10-professional-visio-2019-professional-project-2019-professional-office-2019-professional-plus\\\/#breadcrumb\"},\"inLanguage\":\"it-IT\",\"potentialAction\":[{\"@type\":\"ReadAction\",\"target\":[\"https:\\\/\\\/livekaarten.nl\\\/product\\\/windows-10-professional-visio-2019-professional-project-2019-professional-office-2019-professional-plus\\\/\"]}]},{\"@type\":\"ImageObject\",\"inLanguage\":\"it-IT\",\"@id\":\"https:\\\/\\\/livekaarten.nl\\\/product\\\/windows-10-professional-visio-2019-professional-project-2019-professional-office-2019-professional-plus\\\/#primaryimage\",\"url\":\"https:\\\/\\\/livekaarten.nl\\\/wp-content\\\/uploads\\\/2025\\\/04\\\/W10PO19PPP19PV19P.jpg\",\"contentUrl\":\"https:\\\/\\\/livekaarten.nl\\\/wp-content\\\/uploads\\\/2025\\\/04\\\/W10PO19PPP19PV19P.jpg\",\"width\":1000,\"height\":1500},{\"@type\":\"BreadcrumbList\",\"@id\":\"https:\\\/\\\/livekaarten.nl\\\/product\\\/windows-10-professional-visio-2019-professional-project-2019-professional-office-2019-professional-plus\\\/#breadcrumb\",\"itemListElement\":[{\"@type\":\"ListItem\",\"position\":1,\"name\":\"Home\",\"item\":\"https:\\\/\\\/livekaarten.nl\\\/\"},{\"@type\":\"ListItem\",\"position\":2,\"name\":\"Winkel\",\"item\":\"https:\\\/\\\/livekaarten.nl\\\/shop\\\/\"},{\"@type\":\"ListItem\",\"position\":3,\"name\":\"Windows 10 Professional + Visio 2019 Professional + Project 2019 Professional + Office 2019 Professional Plus \u2013 Licentie voor 3 apparaten\"}]},{\"@type\":\"WebSite\",\"@id\":\"https:\\\/\\\/livekaarten.nl\\\/#website\",\"url\":\"https:\\\/\\\/livekaarten.nl\\\/\",\"name\":\"Livekaarten.nl\",\"description\":\"Koop uw kantoor\",\"potentialAction\":[{\"@type\":\"SearchAction\",\"target\":{\"@type\":\"EntryPoint\",\"urlTemplate\":\"https:\\\/\\\/livekaarten.nl\\\/?s={search_term_string}\"},\"query-input\":{\"@type\":\"PropertyValueSpecification\",\"valueRequired\":true,\"valueName\":\"search_term_string\"}}],\"inLanguage\":\"it-IT\"}]}<\/script>\n<!-- \/ Yoast SEO plugin. -->","yoast_head_json":{"title":"Windows 10 Professional + Visio 2019 Professional + Project 2019 Professional + Office 2019 Professional Plus \u2013 Licentie voor 3 apparaten | livekaarten.nl","robots":{"index":"index","follow":"follow","max-snippet":"max-snippet:-1","max-image-preview":"max-image-preview:large","max-video-preview":"max-video-preview:-1"},"canonical":"https:\/\/livekaarten.nl\/it\/prodotto\/windows-10-professional-visio-2019-professional-project-2019-professional-office-2019-professional-plus\/","og_locale":"it_IT","og_type":"article","og_title":"Windows 10 Professional + Visio 2019 Professional + Project 2019 Professional + Office 2019 Professional Plus \u2013 Licentie voor 3 apparaten | livekaarten.nl","og_description":"Licentie: Met deze licentie kan de software op 3 verschillende apparaten worden geactiveerd, b.v. thuis-pc, notebook en werk-pc  Levering: Downloadlink, productsleutel, instructies en factuur worden direct per e-mail geleverd.  Versie: Volledige, onbeperkte versie van een gecertificeerde Microsoft Gold Partner \u2013 levenslange geld-teruggarantie!  Talen: Engels, Spaans, Italiaans, Duits, Frans  Ondersteuning: 24\/7 in het Nederlands, Frans, Duits   Dit product is compatibel met Microsoft Windows.  NIET compatibel met Apple macOS\u2122, Android-apparaten en Chromebooks.","og_url":"https:\/\/livekaarten.nl\/it\/prodotto\/windows-10-professional-visio-2019-professional-project-2019-professional-office-2019-professional-plus\/","og_site_name":"livekaarten.nl","article_modified_time":"2026-04-03T10:01:35+00:00","og_image":[{"width":1000,"height":1500,"url":"https:\/\/livekaarten.nl\/wp-content\/uploads\/2025\/04\/W10PO19PPP19PV19P.jpg","type":"image\/jpeg"}],"twitter_card":"summary_large_image","twitter_misc":{"Tempo di lettura stimato":"3 minuti"},"schema":{"@context":"https:\/\/schema.org","@graph":[{"@type":"WebPage","@id":"https:\/\/livekaarten.nl\/product\/windows-10-professional-visio-2019-professional-project-2019-professional-office-2019-professional-plus\/","url":"https:\/\/livekaarten.nl\/product\/windows-10-professional-visio-2019-professional-project-2019-professional-office-2019-professional-plus\/","name":"Windows 10 Professional + Visio 2019 Professional + Project 2019 Professional + Office 2019 Professional Plus \u2013 Licentie voor 3 apparaten | livekaarten.nl","isPartOf":{"@id":"https:\/\/livekaarten.nl\/#website"},"primaryImageOfPage":{"@id":"https:\/\/livekaarten.nl\/product\/windows-10-professional-visio-2019-professional-project-2019-professional-office-2019-professional-plus\/#primaryimage"},"image":{"@id":"https:\/\/livekaarten.nl\/product\/windows-10-professional-visio-2019-professional-project-2019-professional-office-2019-professional-plus\/#primaryimage"},"thumbnailUrl":"https:\/\/livekaarten.nl\/wp-content\/uploads\/2025\/04\/W10PO19PPP19PV19P.jpg","datePublished":"2022-10-20T21:47:33+00:00","dateModified":"2026-04-03T10:01:35+00:00","breadcrumb":{"@id":"https:\/\/livekaarten.nl\/product\/windows-10-professional-visio-2019-professional-project-2019-professional-office-2019-professional-plus\/#breadcrumb"},"inLanguage":"it-IT","potentialAction":[{"@type":"ReadAction","target":["https:\/\/livekaarten.nl\/product\/windows-10-professional-visio-2019-professional-project-2019-professional-office-2019-professional-plus\/"]}]},{"@type":"ImageObject","inLanguage":"it-IT","@id":"https:\/\/livekaarten.nl\/product\/windows-10-professional-visio-2019-professional-project-2019-professional-office-2019-professional-plus\/#primaryimage","url":"https:\/\/livekaarten.nl\/wp-content\/uploads\/2025\/04\/W10PO19PPP19PV19P.jpg","contentUrl":"https:\/\/livekaarten.nl\/wp-content\/uploads\/2025\/04\/W10PO19PPP19PV19P.jpg","width":1000,"height":1500},{"@type":"BreadcrumbList","@id":"https:\/\/livekaarten.nl\/product\/windows-10-professional-visio-2019-professional-project-2019-professional-office-2019-professional-plus\/#breadcrumb","itemListElement":[{"@type":"ListItem","position":1,"name":"Home","item":"https:\/\/livekaarten.nl\/"},{"@type":"ListItem","position":2,"name":"Winkel","item":"https:\/\/livekaarten.nl\/shop\/"},{"@type":"ListItem","position":3,"name":"Windows 10 Professional + Visio 2019 Professional + Project 2019 Professional + Office 2019 Professional Plus \u2013 Licentie voor 3 apparaten"}]},{"@type":"WebSite","@id":"https:\/\/livekaarten.nl\/#website","url":"https:\/\/livekaarten.nl\/","name":"Livecards.it","description":"Acquista il tuo ufficio","potentialAction":[{"@type":"SearchAction","target":{"@type":"EntryPoint","urlTemplate":"https:\/\/livekaarten.nl\/?s={search_term_string}"},"query-input":{"@type":"PropertyValueSpecification","valueRequired":true,"valueName":"search_term_string"}}],"inLanguage":"it-IT"}]}},"_links":{"self":[{"href":"https:\/\/livekaarten.nl\/it\/wp-json\/wp\/v2\/product\/1924","targetHints":{"allow":["GET"]}}],"collection":[{"href":"https:\/\/livekaarten.nl\/it\/wp-json\/wp\/v2\/product"}],"about":[{"href":"https:\/\/livekaarten.nl\/it\/wp-json\/wp\/v2\/types\/product"}],"replies":[{"embeddable":true,"href":"https:\/\/livekaarten.nl\/it\/wp-json\/wp\/v2\/comments?post=1924"}],"wp:featuredmedia":[{"embeddable":true,"href":"https:\/\/livekaarten.nl\/it\/wp-json\/wp\/v2\/media\/114610"}],"wp:attachment":[{"href":"https:\/\/livekaarten.nl\/it\/wp-json\/wp\/v2\/media?parent=1924"}],"wp:term":[{"taxonomy":"product_cat","embeddable":true,"href":"https:\/\/livekaarten.nl\/it\/wp-json\/wp\/v2\/product_cat?post=1924"},{"taxonomy":"product_tag","embeddable":true,"href":"https:\/\/livekaarten.nl\/it\/wp-json\/wp\/v2\/product_tag?post=1924"}],"curies":[{"name":"wp","href":"https:\/\/api.w.org\/{rel}","templated":true}]}}