{"id":1905,"date":"2022-10-20T21:47:08","date_gmt":"2022-10-20T21:47:08","guid":{"rendered":"https:\/\/gamecardshop.com\/livecards\/?post_type=product&#038;p=1905"},"modified":"2026-04-03T12:01:28","modified_gmt":"2026-04-03T10:01:28","slug":"microsoft-windows-10-home-microsoft-office-2021-professional-plus","status":"publish","type":"product","link":"https:\/\/livekaarten.nl\/it\/prodotto\/microsoft-windows-10-home-microsoft-office-2021-professional-plus\/","title":{"rendered":"Microsoft Windows 10 Home + Microsoft Office 2021 Professional Plus"},"content":{"rendered":"<p><span style=\"font-size: 32px;\"><strong>Microsoft Windows 10 Home<\/strong><\/span><\/p>\n<p>Microsoft Windows 10 Home si rivolge agli utenti domestici con particolare attenzione ai giochi e all'uso multimediale. Questa edizione funziona su PC desktop, laptop e tablet. Offre tutte le funzioni necessarie, come il nuovo centro notifiche, un menu di avvio rinnovato, gli aggiornamenti automatici e tutte le funzioni conosciute dalle precedenti versioni di Windows.<\/p>\n<p><strong>Requisiti minimi di sistema<\/strong><\/p>\n<ul>\n<li>CPU da 1 GHz o pi\u00f9 veloce<\/li>\n<li>1 GB di RAM per 32 bit o 2 GB di RAM per 64 bit.<\/li>\n<li>16 GB di spazio disponibile sul disco rigido per il sistema operativo a 32 bit o 20 GB per il sistema operativo a 64 bit.<\/li>\n<li>4 GB di spazio disponibile su disco rigido<\/li>\n<\/ul>\n<div id=\"primaryR2\" data-grid=\"container\" data-region-key=\"primaryr2\" data-m=\"{&quot;cN&quot;:&quot;primaryR2 1&quot;,&quot;cT&quot;:&quot;Region_coreui-region&quot;,&quot;id&quot;:&quot;r2a2&quot;,&quot;sN&quot;:2,&quot;aN&quot;:&quot;a2&quot;}\">\n<div id=\"coreui-banner-l03vzh8\" data-m=\"{&quot;cN&quot;:&quot;R2Banner 1&quot;,&quot;cT&quot;:&quot;Module_coreui-banner&quot;,&quot;id&quot;:&quot;m1r2a2&quot;,&quot;sN&quot;:1,&quot;aN&quot;:&quot;r2a2&quot;}\" data-module-id=\"WDG-Windows|primaryR2|coreui-region|coreui-banner-l03vzh8|coreui-banner\">\n<div class=\"m-banner f-align-left\" data-grid=\"col-12\"><span style=\"font-size: 32px;\"><strong>Microsoft Office 2021 Professional Plus<\/strong><\/span><\/div>\n<\/div>\n<\/div>\n<div id=\"primaryR3\" data-grid=\"container\" data-region-key=\"primaryr3\" data-m=\"{&quot;cN&quot;:&quot;primaryR3 1&quot;,&quot;cT&quot;:&quot;Region_coreui-region&quot;,&quot;id&quot;:&quot;r3a2&quot;,&quot;sN&quot;:3,&quot;aN&quot;:&quot;a2&quot;}\">\n<div id=\"coreui-contentrichblock-rhi1sei\" data-m=\"{&quot;cN&quot;:&quot;R2ContentRichBlock 1&quot;,&quot;cT&quot;:&quot;Module_coreui-contentrichblock&quot;,&quot;id&quot;:&quot;m3r3a2&quot;,&quot;sN&quot;:3,&quot;aN&quot;:&quot;r3a2&quot;}\" data-module-id=\"WDG-Windows|primaryR3|coreui-region|coreui-contentrichblock-rhi1sei|coreui-contentrichblock\">\n<div class=\"m-rich-content-block context-ucx\" data-grid=\"col-12\">\n<div class=\"dePhmb\">\n<div class=\"eyKpYb\" data-language=\"en\" data-original-language=\"de\" data-result-index=\"0\">\n<div class=\"J0lOec\">\n<p>Gli utenti Microsoft Office che utilizzano l'intera gamma di applicazioni a casa o in ufficio sono nel posto giusto con il Microsoft Office 2021 Standard Edition. Sono inclusi tutti i principali programmi: Microsoft Word, Microsoft Excel, Microsoft Outlook, Microsoft PowerPoint, Microsoft Publisher e Microsoft Access.  OneNote \u00e8 ora disponibile per il download dal Windows Store, in modo da poter prendere rapidamente appunti e renderli disponibili su tutti i dispositivi tramite il cloud. Grazie all'ampia gamma di programmi, la versione Standard si rivolge principalmente a chi lavora a casa, nell'home office o a chi cerca una soluzione potente e affidabile in ufficio per organizzare documenti, tabelle, ecc.<\/p>\n<ul>\n<li><strong>Microsoft Word:<\/strong> Create documenti di testo di qualit\u00e0 professionale in pochissimo tempo.<\/li>\n<li><strong>Microsoft Excel:<\/strong> Foglio elettronico intelligente per la gestione delle informazioni.<\/li>\n<li><strong>Microsoft PowerPoint:<\/strong> Creare presentazioni dinamiche e di grande effetto.<\/li>\n<li><strong>Microsoft OneNote:<\/strong> Il vostro taccuino digitale.<\/li>\n<li><strong>Microsoft Outlook:<\/strong> Facile da comunicare.<\/li>\n<li><strong>Microsoft Publisher:<\/strong> Creazione di layout per pubblicazioni professionali<\/li>\n<\/ul>\n<p><strong>Nota:<\/strong> A seguito di un <a href=\"https:\/\/blogs.microsoft.com\/eupolicy\/2023\/08\/31\/european-competition-teams-office-microsoft-365\/\" target=\"_blank\" rel=\"noopener\">Indagine della Commissione europea<\/a> Microsoft Teams non verr\u00e0 pi\u00f9 fornito in bundle con i prodotti Office. \u00c8 possibile <a href=\"https:\/\/www.microsoft.com\/en-us\/microsoft-teams\/download-app\" target=\"_blank\" rel=\"noopener\">Scarica le squadre<\/a> e utilizzare con una licenza gratuita o a pagamento (venduta separatamente), a seconda delle esigenze.<\/p>\n<\/div>\n<\/div>\n<\/div>\n<\/div>\n<\/div>\n<\/div>\n<p>&nbsp;<\/p>\n<div id=\"simple-translate\" class=\"simple-translate-system-theme\">\n<div class=\"simple-translate-panel\" style=\"width: 300px; height: 200px; top: 0px; left: 0px; font-size: 13px;\">\n<div class=\"simple-translate-result-wrapper\" style=\"overflow: hidden;\">\n<div class=\"simple-translate-move\"><\/div>\n<div class=\"simple-translate-result-contents\">\n<p class=\"simple-translate-candidate\" dir=\"auto\">\n<\/div>\n<\/div>\n<\/div>\n<\/div>","protected":false},"excerpt":{"rendered":"<ul>\n<li>Licenza: Per l'attivazione su 1 PC (online o per telefono)<\/li>\n<li>Consegna: il link per il download, il codice prodotto, le istruzioni e la fattura vengono consegnati direttamente via e-mail. Non sono disponibili su supporti fisici (come USB, CD, ecc.).<\/li>\n<li>Versione: Versioni complete e illimitate del software per sistemi a 32 e 64 bit.<\/li>\n<li>Lingue: inglese, spagnolo, italiano, tedesco, francese<\/li>\n<li>Assistenza: 24 ore su 24, 7 giorni su 7, in inglese, spagnolo e tedesco.<\/li>\n<li><strong><span style=\"color: #008000;\"> Questo prodotto \u00e8 compatibile con Microsoft Windows.<\/span><\/strong><\/li>\n<li><strong><span style=\"color: #ff0000;\">NON \u00e8 compatibile con Apple macOS\u2122, dispositivi Android e Chromebook.<\/span><\/strong><\/li>\n<\/ul>","protected":false},"featured_media":114603,"comment_status":"closed","ping_status":"closed","template":"","meta":[],"product_cat":[81,82,83,87],"product_tag":[],"class_list":{"0":"post-1905","1":"product","2":"type-product","3":"status-publish","4":"has-post-thumbnail","6":"product_cat-combo","7":"product_cat-microsoft-windows","8":"product_cat-office-2021","9":"product_cat-window-10","11":"first","12":"instock","13":"sale","14":"virtual","15":"taxable","16":"purchasable","17":"product-type-simple"},"yoast_head":"<!-- This site is optimized with the Yoast SEO plugin v27.3 - https:\/\/yoast.com\/product\/yoast-seo-wordpress\/ -->\n<title>Microsoft Windows 10 Home + Microsoft Office 2021 Professional Plus | livekaarten.nl<\/title>\n<meta name=\"robots\" content=\"index, follow, max-snippet:-1, max-image-preview:large, max-video-preview:-1\" \/>\n<link rel=\"canonical\" href=\"https:\/\/livekaarten.nl\/it\/prodotto\/microsoft-windows-10-home-microsoft-office-2021-professional-plus\/\" \/>\n<meta property=\"og:locale\" content=\"it_IT\" \/>\n<meta property=\"og:type\" content=\"article\" \/>\n<meta property=\"og:title\" content=\"Microsoft Windows 10 Home + Microsoft Office 2021 Professional Plus | livekaarten.nl\" \/>\n<meta property=\"og:description\" content=\"Licentie: Voor activering op 1 PC (online of telefonisch)  Levering: Downloadlink, productsleutel, instructies en factuur worden direct per e-mail geleverd. Niet beschikbaar op fysieke media (zoals USB, cd, enzovoort).  Versie: Volledige, onbeperkte versies van de software voor 32- en 64-bits systemen.  Talen: Engels, Spaans, Italiaans, Duits, Frans  Ondersteuning: 24\/7 in Engels, Spaans, Duits   Dit product is compatibel met Microsoft Windows.  NIET compatibel met Apple macOS\u2122, Android-apparaten en Chromebooks.\" \/>\n<meta property=\"og:url\" content=\"https:\/\/livekaarten.nl\/it\/prodotto\/microsoft-windows-10-home-microsoft-office-2021-professional-plus\/\" \/>\n<meta property=\"og:site_name\" content=\"livekaarten.nl\" \/>\n<meta property=\"article:modified_time\" content=\"2026-04-03T10:01:28+00:00\" \/>\n<meta property=\"og:image\" content=\"https:\/\/livekaarten.nl\/wp-content\/uploads\/2025\/04\/W10HO21PP.jpg\" \/>\n\t<meta property=\"og:image:width\" content=\"1000\" \/>\n\t<meta property=\"og:image:height\" content=\"1500\" \/>\n\t<meta property=\"og:image:type\" content=\"image\/jpeg\" \/>\n<meta name=\"twitter:card\" content=\"summary_large_image\" \/>\n<meta name=\"twitter:label1\" content=\"Tempo di lettura stimato\" \/>\n\t<meta name=\"twitter:data1\" content=\"2 minuti\" \/>\n<script type=\"application\/ld+json\" class=\"yoast-schema-graph\">{\"@context\":\"https:\\\/\\\/schema.org\",\"@graph\":[{\"@type\":\"WebPage\",\"@id\":\"https:\\\/\\\/livekaarten.nl\\\/product\\\/microsoft-windows-10-home-microsoft-office-2021-professional-plus\\\/\",\"url\":\"https:\\\/\\\/livekaarten.nl\\\/product\\\/microsoft-windows-10-home-microsoft-office-2021-professional-plus\\\/\",\"name\":\"Microsoft Windows 10 Home + Microsoft Office 2021 Professional Plus | livekaarten.nl\",\"isPartOf\":{\"@id\":\"https:\\\/\\\/livekaarten.nl\\\/#website\"},\"primaryImageOfPage\":{\"@id\":\"https:\\\/\\\/livekaarten.nl\\\/product\\\/microsoft-windows-10-home-microsoft-office-2021-professional-plus\\\/#primaryimage\"},\"image\":{\"@id\":\"https:\\\/\\\/livekaarten.nl\\\/product\\\/microsoft-windows-10-home-microsoft-office-2021-professional-plus\\\/#primaryimage\"},\"thumbnailUrl\":\"https:\\\/\\\/livekaarten.nl\\\/wp-content\\\/uploads\\\/2025\\\/04\\\/W10HO21PP.jpg\",\"datePublished\":\"2022-10-20T21:47:08+00:00\",\"dateModified\":\"2026-04-03T10:01:28+00:00\",\"breadcrumb\":{\"@id\":\"https:\\\/\\\/livekaarten.nl\\\/product\\\/microsoft-windows-10-home-microsoft-office-2021-professional-plus\\\/#breadcrumb\"},\"inLanguage\":\"it-IT\",\"potentialAction\":[{\"@type\":\"ReadAction\",\"target\":[\"https:\\\/\\\/livekaarten.nl\\\/product\\\/microsoft-windows-10-home-microsoft-office-2021-professional-plus\\\/\"]}]},{\"@type\":\"ImageObject\",\"inLanguage\":\"it-IT\",\"@id\":\"https:\\\/\\\/livekaarten.nl\\\/product\\\/microsoft-windows-10-home-microsoft-office-2021-professional-plus\\\/#primaryimage\",\"url\":\"https:\\\/\\\/livekaarten.nl\\\/wp-content\\\/uploads\\\/2025\\\/04\\\/W10HO21PP.jpg\",\"contentUrl\":\"https:\\\/\\\/livekaarten.nl\\\/wp-content\\\/uploads\\\/2025\\\/04\\\/W10HO21PP.jpg\",\"width\":1000,\"height\":1500},{\"@type\":\"BreadcrumbList\",\"@id\":\"https:\\\/\\\/livekaarten.nl\\\/product\\\/microsoft-windows-10-home-microsoft-office-2021-professional-plus\\\/#breadcrumb\",\"itemListElement\":[{\"@type\":\"ListItem\",\"position\":1,\"name\":\"Home\",\"item\":\"https:\\\/\\\/livekaarten.nl\\\/\"},{\"@type\":\"ListItem\",\"position\":2,\"name\":\"Winkel\",\"item\":\"https:\\\/\\\/livekaarten.nl\\\/shop\\\/\"},{\"@type\":\"ListItem\",\"position\":3,\"name\":\"Microsoft Windows 10 Home + Microsoft Office 2021 Professional Plus\"}]},{\"@type\":\"WebSite\",\"@id\":\"https:\\\/\\\/livekaarten.nl\\\/#website\",\"url\":\"https:\\\/\\\/livekaarten.nl\\\/\",\"name\":\"Livekaarten.nl\",\"description\":\"Koop uw kantoor\",\"potentialAction\":[{\"@type\":\"SearchAction\",\"target\":{\"@type\":\"EntryPoint\",\"urlTemplate\":\"https:\\\/\\\/livekaarten.nl\\\/?s={search_term_string}\"},\"query-input\":{\"@type\":\"PropertyValueSpecification\",\"valueRequired\":true,\"valueName\":\"search_term_string\"}}],\"inLanguage\":\"it-IT\"}]}<\/script>\n<!-- \/ Yoast SEO plugin. -->","yoast_head_json":{"title":"Microsoft Windows 10 Home + Microsoft Office 2021 Professional Plus | livekaarten.nl","robots":{"index":"index","follow":"follow","max-snippet":"max-snippet:-1","max-image-preview":"max-image-preview:large","max-video-preview":"max-video-preview:-1"},"canonical":"https:\/\/livekaarten.nl\/it\/prodotto\/microsoft-windows-10-home-microsoft-office-2021-professional-plus\/","og_locale":"it_IT","og_type":"article","og_title":"Microsoft Windows 10 Home + Microsoft Office 2021 Professional Plus | livekaarten.nl","og_description":"Licentie: Voor activering op 1 PC (online of telefonisch)  Levering: Downloadlink, productsleutel, instructies en factuur worden direct per e-mail geleverd. Niet beschikbaar op fysieke media (zoals USB, cd, enzovoort).  Versie: Volledige, onbeperkte versies van de software voor 32- en 64-bits systemen.  Talen: Engels, Spaans, Italiaans, Duits, Frans  Ondersteuning: 24\/7 in Engels, Spaans, Duits   Dit product is compatibel met Microsoft Windows.  NIET compatibel met Apple macOS\u2122, Android-apparaten en Chromebooks.","og_url":"https:\/\/livekaarten.nl\/it\/prodotto\/microsoft-windows-10-home-microsoft-office-2021-professional-plus\/","og_site_name":"livekaarten.nl","article_modified_time":"2026-04-03T10:01:28+00:00","og_image":[{"width":1000,"height":1500,"url":"https:\/\/livekaarten.nl\/wp-content\/uploads\/2025\/04\/W10HO21PP.jpg","type":"image\/jpeg"}],"twitter_card":"summary_large_image","twitter_misc":{"Tempo di lettura stimato":"2 minuti"},"schema":{"@context":"https:\/\/schema.org","@graph":[{"@type":"WebPage","@id":"https:\/\/livekaarten.nl\/product\/microsoft-windows-10-home-microsoft-office-2021-professional-plus\/","url":"https:\/\/livekaarten.nl\/product\/microsoft-windows-10-home-microsoft-office-2021-professional-plus\/","name":"Microsoft Windows 10 Home + Microsoft Office 2021 Professional Plus | livekaarten.nl","isPartOf":{"@id":"https:\/\/livekaarten.nl\/#website"},"primaryImageOfPage":{"@id":"https:\/\/livekaarten.nl\/product\/microsoft-windows-10-home-microsoft-office-2021-professional-plus\/#primaryimage"},"image":{"@id":"https:\/\/livekaarten.nl\/product\/microsoft-windows-10-home-microsoft-office-2021-professional-plus\/#primaryimage"},"thumbnailUrl":"https:\/\/livekaarten.nl\/wp-content\/uploads\/2025\/04\/W10HO21PP.jpg","datePublished":"2022-10-20T21:47:08+00:00","dateModified":"2026-04-03T10:01:28+00:00","breadcrumb":{"@id":"https:\/\/livekaarten.nl\/product\/microsoft-windows-10-home-microsoft-office-2021-professional-plus\/#breadcrumb"},"inLanguage":"it-IT","potentialAction":[{"@type":"ReadAction","target":["https:\/\/livekaarten.nl\/product\/microsoft-windows-10-home-microsoft-office-2021-professional-plus\/"]}]},{"@type":"ImageObject","inLanguage":"it-IT","@id":"https:\/\/livekaarten.nl\/product\/microsoft-windows-10-home-microsoft-office-2021-professional-plus\/#primaryimage","url":"https:\/\/livekaarten.nl\/wp-content\/uploads\/2025\/04\/W10HO21PP.jpg","contentUrl":"https:\/\/livekaarten.nl\/wp-content\/uploads\/2025\/04\/W10HO21PP.jpg","width":1000,"height":1500},{"@type":"BreadcrumbList","@id":"https:\/\/livekaarten.nl\/product\/microsoft-windows-10-home-microsoft-office-2021-professional-plus\/#breadcrumb","itemListElement":[{"@type":"ListItem","position":1,"name":"Home","item":"https:\/\/livekaarten.nl\/"},{"@type":"ListItem","position":2,"name":"Winkel","item":"https:\/\/livekaarten.nl\/shop\/"},{"@type":"ListItem","position":3,"name":"Microsoft Windows 10 Home + Microsoft Office 2021 Professional Plus"}]},{"@type":"WebSite","@id":"https:\/\/livekaarten.nl\/#website","url":"https:\/\/livekaarten.nl\/","name":"Livecards.it","description":"Acquista il tuo ufficio","potentialAction":[{"@type":"SearchAction","target":{"@type":"EntryPoint","urlTemplate":"https:\/\/livekaarten.nl\/?s={search_term_string}"},"query-input":{"@type":"PropertyValueSpecification","valueRequired":true,"valueName":"search_term_string"}}],"inLanguage":"it-IT"}]}},"_links":{"self":[{"href":"https:\/\/livekaarten.nl\/it\/wp-json\/wp\/v2\/product\/1905","targetHints":{"allow":["GET"]}}],"collection":[{"href":"https:\/\/livekaarten.nl\/it\/wp-json\/wp\/v2\/product"}],"about":[{"href":"https:\/\/livekaarten.nl\/it\/wp-json\/wp\/v2\/types\/product"}],"replies":[{"embeddable":true,"href":"https:\/\/livekaarten.nl\/it\/wp-json\/wp\/v2\/comments?post=1905"}],"wp:featuredmedia":[{"embeddable":true,"href":"https:\/\/livekaarten.nl\/it\/wp-json\/wp\/v2\/media\/114603"}],"wp:attachment":[{"href":"https:\/\/livekaarten.nl\/it\/wp-json\/wp\/v2\/media?parent=1905"}],"wp:term":[{"taxonomy":"product_cat","embeddable":true,"href":"https:\/\/livekaarten.nl\/it\/wp-json\/wp\/v2\/product_cat?post=1905"},{"taxonomy":"product_tag","embeddable":true,"href":"https:\/\/livekaarten.nl\/it\/wp-json\/wp\/v2\/product_tag?post=1905"}],"curies":[{"name":"wp","href":"https:\/\/api.w.org\/{rel}","templated":true}]}}