{"id":1897,"date":"2022-10-20T21:47:08","date_gmt":"2022-10-20T21:47:08","guid":{"rendered":"https:\/\/gamecardshop.com\/livecards\/?post_type=product&#038;p=1897"},"modified":"2026-04-03T12:01:28","modified_gmt":"2026-04-03T10:01:28","slug":"microsoft-office-2021-professional-plus","status":"publish","type":"product","link":"https:\/\/livekaarten.nl\/it\/prodotto\/microsoft-office-2021-professional-plus\/","title":{"rendered":"Microsoft Office 2021 Professional Plus - Licenza per 3 dispositivi"},"content":{"rendered":"<div id=\"primaryR2\" data-grid=\"container\" data-region-key=\"primaryr2\" data-m=\"{&quot;cN&quot;:&quot;primaryR2 1&quot;,&quot;cT&quot;:&quot;Region_coreui-region&quot;,&quot;id&quot;:&quot;r2a2&quot;,&quot;sN&quot;:2,&quot;aN&quot;:&quot;a2&quot;}\">\n<div id=\"coreui-banner-l03vzh8\" data-m=\"{&quot;cN&quot;:&quot;R2Banner 1&quot;,&quot;cT&quot;:&quot;Module_coreui-banner&quot;,&quot;id&quot;:&quot;m1r2a2&quot;,&quot;sN&quot;:1,&quot;aN&quot;:&quot;r2a2&quot;}\" data-module-id=\"WDG-Windows|primaryR2|coreui-region|coreui-banner-l03vzh8|coreui-banner\">\n<div class=\"m-banner f-align-left\" data-grid=\"col-12\"><span style=\"font-size: 24pt;\"><strong><span style=\"vertical-align: inherit;\"><span style=\"vertical-align: inherit;\">Microsoft Office 2021 Professional Plus - Licenza Premium per 3 dispositivi (versione completa e illimitata da un Microsoft Gold Partner certificato)<\/span><\/span><\/strong><\/span><\/div>\n<div data-grid=\"col-12\"><\/div>\n<div data-grid=\"col-12\"><strong>Questa licenza consente di attivare il software su 3 diversi dispositivi, come il PC di casa, il laptop e il PC di lavoro.<\/strong><\/div>\n<div data-grid=\"col-12\"><\/div>\n<div data-grid=\"col-12\"><strong>Garanzia di sostituzione a vita!<\/strong><\/div>\n<div data-grid=\"col-12\">\n<hr class=\"c-divider f-pad-top-3x\" data-grid=\"col-12\" \/>\n<\/div>\n<\/div>\n<\/div>\n<div id=\"primaryR3\" data-grid=\"container\" data-region-key=\"primaryr3\" data-m=\"{&quot;cN&quot;:&quot;primaryR3 1&quot;,&quot;cT&quot;:&quot;Region_coreui-region&quot;,&quot;id&quot;:&quot;r3a2&quot;,&quot;sN&quot;:3,&quot;aN&quot;:&quot;a2&quot;}\">\n<div id=\"coreui-contentrichblock-rhi1sei\" data-m=\"{&quot;cN&quot;:&quot;R2ContentRichBlock 1&quot;,&quot;cT&quot;:&quot;Module_coreui-contentrichblock&quot;,&quot;id&quot;:&quot;m3r3a2&quot;,&quot;sN&quot;:3,&quot;aN&quot;:&quot;r3a2&quot;}\" data-module-id=\"WDG-Windows|primaryR3|coreui-region|coreui-contentrichblock-rhi1sei|coreui-contentrichblock\">\n<div class=\"m-rich-content-block context-ucx\" data-grid=\"col-12\">\n<div class=\"dePhmb\">\n<div class=\"eyKpYb\" data-language=\"en\" data-original-language=\"de\" data-result-index=\"0\">\n<div class=\"J0lOec\">\n<p>Gli utenti di Microsoft Office che desiderano utilizzare l'intera gamma di applicazioni a casa o in ufficio sono nel posto giusto con Microsoft Office 2021 Professional Plus. Sono inclusi tutti i programmi essenziali: Word, Excel, Outlook, PowerPoint, Publisher e Access. OneNote \u00e8 disponibile sul Microsoft Store e consente di prendere facilmente appunti e di sincronizzarli su pi\u00f9 dispositivi tramite il cloud. Grazie all'ampia scelta di applicazioni, la versione Professional Plus \u00e8 ideale per chi lavora da casa, ha un ufficio domestico o cerca una soluzione potente e affidabile per organizzare documenti, fogli di calcolo e altro.<\/p>\n<p><strong>Microsoft Word<\/strong> - Creare documenti di testo professionali senza alcuno sforzo.<br \/>\n<strong>Microsoft Excel<\/strong> - Potenti fogli di calcolo per una gestione intelligente dei dati.<br \/>\n<strong>Microsoft PowerPoint<\/strong> - Progettare presentazioni dinamiche e di grande impatto.<br \/>\n<strong>Microsoft OneNote<\/strong> - Il vostro taccuino digitale.<br \/>\n<strong>Microsoft Outlook<\/strong> - Comunicazione semplice ed efficiente.<br \/>\n<strong>Microsoft Publisher<\/strong> - Impaginazione professionale per le pubblicazioni.<br \/>\n<strong>Microsoft Access<\/strong> - Gestione di database per applicazioni basate su browser.<br \/>\n<strong>Microsoft Teams<\/strong> - Maggiore produttivit\u00e0 con la chat e le videoconferenze HD (da scaricare separatamente).<\/p>\n<p><strong>Nota:<\/strong> A seguito di un <a href=\"https:\/\/blogs.microsoft.com\/eupolicy\/2023\/08\/31\/european-competition-teams-office-microsoft-365\/\" target=\"_blank\" rel=\"noopener\">Indagine della Commissione europea<\/a> Microsoft non offre pi\u00f9 una licenza Teams in bundle con i prodotti Office. \u00c8 possibile <a href=\"https:\/\/www.microsoft.com\/en-us\/microsoft-teams\/download-app\" target=\"_blank\" rel=\"noopener\">Scarica le squadre<\/a> e utilizzare con una licenza gratuita o a pagamento (venduta separatamente), a seconda delle esigenze.<\/p>\n<p><strong>Sistema operativo richiesto:<\/strong> Windows 10 o 11<\/p>\n<\/div>\n<\/div>\n<\/div>\n<\/div>\n<\/div>\n<\/div>","protected":false},"excerpt":{"rendered":"<ul>\n<li>Licenza: questa licenza consente di attivare il software su 3 diversi dispositivi, ad esempio PC di casa, notebook e PC di lavoro.<\/li>\n<li>Consegna: il link per il download, il codice prodotto, le istruzioni e la fattura vengono consegnati direttamente via e-mail.<\/li>\n<li>Versione: Versione completa e illimitata da un Microsoft Gold Partner certificato - garanzia di rimborso a vita!<\/li>\n<li>Lingue: inglese, spagnolo, italiano, tedesco, francese<\/li>\n<li>Assistenza: 24 ore su 24, 7 giorni su 7, in olandese, francese e tedesco.<\/li>\n<li><strong><span style=\"color: #008000;\"> Questo prodotto \u00e8 compatibile con Microsoft Windows.<\/span><\/strong><\/li>\n<li><strong><span style=\"color: #ff0000;\">NON \u00e8 compatibile con Apple macOS\u2122, dispositivi Android e Chromebook.<\/span><\/strong><\/li>\n<\/ul>","protected":false},"featured_media":114602,"comment_status":"closed","ping_status":"closed","template":"","meta":[],"product_cat":[75,83,77],"product_tag":[112,111,84,85],"class_list":{"0":"post-1897","1":"product","2":"type-product","3":"status-publish","4":"has-post-thumbnail","6":"product_cat-microsoft-office","7":"product_cat-office-2021","8":"product_cat-popular","9":"product_tag-microsoft-office-2021-professional-plus","10":"product_tag-microsoft-office-2021-professional-plus-license-for-3-pcs","11":"product_tag-office","12":"product_tag-office-2021","14":"first","15":"instock","16":"sale","17":"featured","18":"virtual","19":"taxable","20":"purchasable","21":"product-type-simple"},"yoast_head":"<!-- This site is optimized with the Yoast SEO plugin v27.3 - https:\/\/yoast.com\/product\/yoast-seo-wordpress\/ -->\n<title>Microsoft Office 2021 Professional Plus license for 3 PCs<\/title>\n<meta name=\"description\" content=\"With this license the software can be activated on 3 different devices, e.g. home PC, notebook and work PC. Lifetime Replacement Warranty!!!\" \/>\n<meta name=\"robots\" content=\"index, follow, max-snippet:-1, max-image-preview:large, max-video-preview:-1\" \/>\n<link rel=\"canonical\" href=\"https:\/\/livekaarten.nl\/it\/prodotto\/microsoft-office-2021-professional-plus\/\" \/>\n<meta property=\"og:locale\" content=\"it_IT\" \/>\n<meta property=\"og:type\" content=\"article\" \/>\n<meta property=\"og:title\" content=\"Microsoft Office 2021 Professional Plus license for 3 PCs\" \/>\n<meta property=\"og:description\" content=\"With this license the software can be activated on 3 different devices, e.g. home PC, notebook and work PC. Lifetime Replacement Warranty!!!\" \/>\n<meta property=\"og:url\" content=\"https:\/\/livekaarten.nl\/it\/prodotto\/microsoft-office-2021-professional-plus\/\" \/>\n<meta property=\"og:site_name\" content=\"livekaarten.nl\" \/>\n<meta property=\"article:modified_time\" content=\"2026-04-03T10:01:28+00:00\" \/>\n<meta property=\"og:image\" content=\"https:\/\/livekaarten.nl\/wp-content\/uploads\/2025\/04\/O21PP.jpg\" \/>\n\t<meta property=\"og:image:width\" content=\"1000\" \/>\n\t<meta property=\"og:image:height\" content=\"1500\" \/>\n\t<meta property=\"og:image:type\" content=\"image\/jpeg\" \/>\n<meta name=\"twitter:card\" content=\"summary_large_image\" \/>\n<meta name=\"twitter:label1\" content=\"Tempo di lettura stimato\" \/>\n\t<meta name=\"twitter:data1\" content=\"2 minuti\" \/>\n<script type=\"application\/ld+json\" class=\"yoast-schema-graph\">{\"@context\":\"https:\\\/\\\/schema.org\",\"@graph\":[{\"@type\":\"WebPage\",\"@id\":\"https:\\\/\\\/livekaarten.nl\\\/product\\\/microsoft-office-2021-professional-plus\\\/\",\"url\":\"https:\\\/\\\/livekaarten.nl\\\/product\\\/microsoft-office-2021-professional-plus\\\/\",\"name\":\"Microsoft Office 2021 Professional Plus license for 3 PCs\",\"isPartOf\":{\"@id\":\"https:\\\/\\\/livekaarten.nl\\\/#website\"},\"primaryImageOfPage\":{\"@id\":\"https:\\\/\\\/livekaarten.nl\\\/product\\\/microsoft-office-2021-professional-plus\\\/#primaryimage\"},\"image\":{\"@id\":\"https:\\\/\\\/livekaarten.nl\\\/product\\\/microsoft-office-2021-professional-plus\\\/#primaryimage\"},\"thumbnailUrl\":\"https:\\\/\\\/livekaarten.nl\\\/wp-content\\\/uploads\\\/2025\\\/04\\\/O21PP.jpg\",\"datePublished\":\"2022-10-20T21:47:08+00:00\",\"dateModified\":\"2026-04-03T10:01:28+00:00\",\"description\":\"With this license the software can be activated on 3 different devices, e.g. home PC, notebook and work PC. Lifetime Replacement Warranty!!!\",\"breadcrumb\":{\"@id\":\"https:\\\/\\\/livekaarten.nl\\\/product\\\/microsoft-office-2021-professional-plus\\\/#breadcrumb\"},\"inLanguage\":\"it-IT\",\"potentialAction\":[{\"@type\":\"ReadAction\",\"target\":[\"https:\\\/\\\/livekaarten.nl\\\/product\\\/microsoft-office-2021-professional-plus\\\/\"]}]},{\"@type\":\"ImageObject\",\"inLanguage\":\"it-IT\",\"@id\":\"https:\\\/\\\/livekaarten.nl\\\/product\\\/microsoft-office-2021-professional-plus\\\/#primaryimage\",\"url\":\"https:\\\/\\\/livekaarten.nl\\\/wp-content\\\/uploads\\\/2025\\\/04\\\/O21PP.jpg\",\"contentUrl\":\"https:\\\/\\\/livekaarten.nl\\\/wp-content\\\/uploads\\\/2025\\\/04\\\/O21PP.jpg\",\"width\":1000,\"height\":1500},{\"@type\":\"BreadcrumbList\",\"@id\":\"https:\\\/\\\/livekaarten.nl\\\/product\\\/microsoft-office-2021-professional-plus\\\/#breadcrumb\",\"itemListElement\":[{\"@type\":\"ListItem\",\"position\":1,\"name\":\"Home\",\"item\":\"https:\\\/\\\/livekaarten.nl\\\/\"},{\"@type\":\"ListItem\",\"position\":2,\"name\":\"Winkel\",\"item\":\"https:\\\/\\\/livekaarten.nl\\\/shop\\\/\"},{\"@type\":\"ListItem\",\"position\":3,\"name\":\"Microsoft Office 2021 Professional Plus \u2013 Licentie voor 3 apparaten\"}]},{\"@type\":\"WebSite\",\"@id\":\"https:\\\/\\\/livekaarten.nl\\\/#website\",\"url\":\"https:\\\/\\\/livekaarten.nl\\\/\",\"name\":\"Livekaarten.nl\",\"description\":\"Koop uw kantoor\",\"potentialAction\":[{\"@type\":\"SearchAction\",\"target\":{\"@type\":\"EntryPoint\",\"urlTemplate\":\"https:\\\/\\\/livekaarten.nl\\\/?s={search_term_string}\"},\"query-input\":{\"@type\":\"PropertyValueSpecification\",\"valueRequired\":true,\"valueName\":\"search_term_string\"}}],\"inLanguage\":\"it-IT\"}]}<\/script>\n<!-- \/ Yoast SEO plugin. -->","yoast_head_json":{"title":"Microsoft Office 2021 Professional Plus licenza per 3 PC","description":"Con questa licenza il software pu\u00f2 essere attivato su 3 diversi dispositivi, ad esempio PC di casa, notebook e PC di lavoro. Garanzia di sostituzione a vita!!!","robots":{"index":"index","follow":"follow","max-snippet":"max-snippet:-1","max-image-preview":"max-image-preview:large","max-video-preview":"max-video-preview:-1"},"canonical":"https:\/\/livekaarten.nl\/it\/prodotto\/microsoft-office-2021-professional-plus\/","og_locale":"it_IT","og_type":"article","og_title":"Microsoft Office 2021 Professional Plus license for 3 PCs","og_description":"With this license the software can be activated on 3 different devices, e.g. home PC, notebook and work PC. Lifetime Replacement Warranty!!!","og_url":"https:\/\/livekaarten.nl\/it\/prodotto\/microsoft-office-2021-professional-plus\/","og_site_name":"livekaarten.nl","article_modified_time":"2026-04-03T10:01:28+00:00","og_image":[{"width":1000,"height":1500,"url":"https:\/\/livekaarten.nl\/wp-content\/uploads\/2025\/04\/O21PP.jpg","type":"image\/jpeg"}],"twitter_card":"summary_large_image","twitter_misc":{"Tempo di lettura stimato":"2 minuti"},"schema":{"@context":"https:\/\/schema.org","@graph":[{"@type":"WebPage","@id":"https:\/\/livekaarten.nl\/product\/microsoft-office-2021-professional-plus\/","url":"https:\/\/livekaarten.nl\/product\/microsoft-office-2021-professional-plus\/","name":"Microsoft Office 2021 Professional Plus licenza per 3 PC","isPartOf":{"@id":"https:\/\/livekaarten.nl\/#website"},"primaryImageOfPage":{"@id":"https:\/\/livekaarten.nl\/product\/microsoft-office-2021-professional-plus\/#primaryimage"},"image":{"@id":"https:\/\/livekaarten.nl\/product\/microsoft-office-2021-professional-plus\/#primaryimage"},"thumbnailUrl":"https:\/\/livekaarten.nl\/wp-content\/uploads\/2025\/04\/O21PP.jpg","datePublished":"2022-10-20T21:47:08+00:00","dateModified":"2026-04-03T10:01:28+00:00","description":"Con questa licenza il software pu\u00f2 essere attivato su 3 diversi dispositivi, ad esempio PC di casa, notebook e PC di lavoro. Garanzia di sostituzione a vita!!!","breadcrumb":{"@id":"https:\/\/livekaarten.nl\/product\/microsoft-office-2021-professional-plus\/#breadcrumb"},"inLanguage":"it-IT","potentialAction":[{"@type":"ReadAction","target":["https:\/\/livekaarten.nl\/product\/microsoft-office-2021-professional-plus\/"]}]},{"@type":"ImageObject","inLanguage":"it-IT","@id":"https:\/\/livekaarten.nl\/product\/microsoft-office-2021-professional-plus\/#primaryimage","url":"https:\/\/livekaarten.nl\/wp-content\/uploads\/2025\/04\/O21PP.jpg","contentUrl":"https:\/\/livekaarten.nl\/wp-content\/uploads\/2025\/04\/O21PP.jpg","width":1000,"height":1500},{"@type":"BreadcrumbList","@id":"https:\/\/livekaarten.nl\/product\/microsoft-office-2021-professional-plus\/#breadcrumb","itemListElement":[{"@type":"ListItem","position":1,"name":"Home","item":"https:\/\/livekaarten.nl\/"},{"@type":"ListItem","position":2,"name":"Winkel","item":"https:\/\/livekaarten.nl\/shop\/"},{"@type":"ListItem","position":3,"name":"Microsoft Office 2021 Professional Plus \u2013 Licentie voor 3 apparaten"}]},{"@type":"WebSite","@id":"https:\/\/livekaarten.nl\/#website","url":"https:\/\/livekaarten.nl\/","name":"Livecards.it","description":"Acquista il tuo ufficio","potentialAction":[{"@type":"SearchAction","target":{"@type":"EntryPoint","urlTemplate":"https:\/\/livekaarten.nl\/?s={search_term_string}"},"query-input":{"@type":"PropertyValueSpecification","valueRequired":true,"valueName":"search_term_string"}}],"inLanguage":"it-IT"}]}},"_links":{"self":[{"href":"https:\/\/livekaarten.nl\/it\/wp-json\/wp\/v2\/product\/1897","targetHints":{"allow":["GET"]}}],"collection":[{"href":"https:\/\/livekaarten.nl\/it\/wp-json\/wp\/v2\/product"}],"about":[{"href":"https:\/\/livekaarten.nl\/it\/wp-json\/wp\/v2\/types\/product"}],"replies":[{"embeddable":true,"href":"https:\/\/livekaarten.nl\/it\/wp-json\/wp\/v2\/comments?post=1897"}],"wp:featuredmedia":[{"embeddable":true,"href":"https:\/\/livekaarten.nl\/it\/wp-json\/wp\/v2\/media\/114602"}],"wp:attachment":[{"href":"https:\/\/livekaarten.nl\/it\/wp-json\/wp\/v2\/media?parent=1897"}],"wp:term":[{"taxonomy":"product_cat","embeddable":true,"href":"https:\/\/livekaarten.nl\/it\/wp-json\/wp\/v2\/product_cat?post=1897"},{"taxonomy":"product_tag","embeddable":true,"href":"https:\/\/livekaarten.nl\/it\/wp-json\/wp\/v2\/product_tag?post=1897"}],"curies":[{"name":"wp","href":"https:\/\/api.w.org\/{rel}","templated":true}]}}