{"id":116664,"date":"2025-08-27T20:47:22","date_gmt":"2025-08-27T18:47:22","guid":{"rendered":"https:\/\/livekaarten.nl\/?post_type=product&#038;p=116664"},"modified":"2026-04-03T12:03:49","modified_gmt":"2026-04-03T10:03:49","slug":"microsoft-office-2024-standard-microsoft-windows-11-professional-licentie-voor-3-apparaten","status":"publish","type":"product","link":"https:\/\/livekaarten.nl\/it\/prodotto\/microsoft-office-2024-standard-microsoft-windows-11-professional-licentie-voor-3-apparaten\/","title":{"rendered":"Microsoft Office 2024 Standard - Licenza Microsoft Windows 11 Professional per 3 dispositivi"},"content":{"rendered":"<h3><strong>Microsoft Office 2024 Standard<\/strong><\/h3>\n<div style=\"margin-bottom: 15px;\"><strong>Questa licenza consente di attivare il software su 3 diversi dispositivi, come il PC di casa, il notebook e il computer di lavoro.<\/strong><\/div>\n<div style=\"margin-bottom: 15px;\">Per gli utenti che necessitano di un set affidabile di applicazioni Office a casa o in ufficio, Microsoft Office 2024 Standard Edition \u00e8 una scelta eccellente. I programmi principali inclusi sono: Word, Excel, Outlook, PowerPoint e Access (Publisher non \u00e8 pi\u00f9 incluso perch\u00e9 verr\u00e0 dismesso nel 2026). OneNote \u00e8 disponibile come download dal Microsoft Store, in modo da poter prendere rapidamente appunti e sincronizzarli via cloud su tutti i dispositivi. L'ampia gamma di applicazioni rende questa edizione ideale sia per gli uffici domestici che per gli ambienti di lavoro professionali in cui efficienza e organizzazione sono importanti.<\/div>\n<ul>\n<li><strong>Diventare<\/strong>: Creare documenti di testo professionali senza alcuno sforzo.<\/li>\n<li><strong>Excel<\/strong>Fogli di calcolo potenti per la gestione dei dati.<\/li>\n<li><strong>PowerPoint<\/strong>Creare presentazioni dinamiche e di grande effetto.<\/li>\n<li><strong>OneNote<\/strong>Il vostro taccuino digitale per appunti veloci.<\/li>\n<li><strong>Prospettiva<\/strong>E-mail e calendario in un'unica applicazione chiara.<\/li>\n<\/ul>\n<div><strong>Requisiti del sistema operativo: Microsoft Windows 10 o 11<\/strong><\/div>\n<p>&nbsp;<\/p>\n<div id=\"primaryR2\" data-grid=\"container\" data-region-key=\"primaryr2\" data-m=\"{&quot;cN&quot;:&quot;primaryR2 1&quot;,&quot;cT&quot;:&quot;Region_coreui-region&quot;,&quot;id&quot;:&quot;r2a2&quot;,&quot;sN&quot;:2,&quot;aN&quot;:&quot;a2&quot;}\">\n<div id=\"coreui-banner-l03vzh8\" data-m=\"{&quot;cN&quot;:&quot;R2Banner 1&quot;,&quot;cT&quot;:&quot;Module_coreui-banner&quot;,&quot;id&quot;:&quot;m1r2a2&quot;,&quot;sN&quot;:1,&quot;aN&quot;:&quot;r2a2&quot;}\" data-module-id=\"WDG-Windows|primaryR2|coreui-region|coreui-banner-l03vzh8|coreui-banner\">\n<div class=\"m-banner f-align-left\" data-grid=\"col-12\">\n<p class=\"c-heading-3\"><strong><span style=\"font-size: 32px;\">Microsoft Windows 11 Professional<\/span><\/strong><\/p>\n<h4 class=\"c-heading-3\">Requisiti di sistema<\/h4>\n<\/div>\n<\/div>\n<div id=\"coreui-divider-f6wmnt9\" data-m=\"{&quot;cN&quot;:&quot;R2Divider 1&quot;,&quot;cT&quot;:&quot;Module_coreui-divider&quot;,&quot;id&quot;:&quot;m2r2a2&quot;,&quot;sN&quot;:2,&quot;aN&quot;:&quot;r2a2&quot;}\" data-module-id=\"WDG-Windows|primaryR2|coreui-region|coreui-divider-f6wmnt9|coreui-divider\">\n<hr class=\"c-divider f-pad-top-3x\" data-grid=\"col-12\" \/>\n<\/div>\n<div id=\"coreui-contentrichblock-o5iouct\" data-m=\"{&quot;cN&quot;:&quot;R2ContentRichBlock 1&quot;,&quot;cT&quot;:&quot;Module_coreui-contentrichblock&quot;,&quot;id&quot;:&quot;m3r2a2&quot;,&quot;sN&quot;:3,&quot;aN&quot;:&quot;r2a2&quot;}\" data-module-id=\"WDG-Windows|primaryR2|coreui-region|coreui-contentrichblock-o5iouct|coreui-contentrichblock\">\n<div class=\"m-rich-content-block context-ucx\" data-grid=\"col-12\">\n<p>&nbsp;<\/p>\n<\/div>\n<\/div>\n<div id=\"coreui-tablev2-62jrfm3\" data-m=\"{&quot;cN&quot;:&quot;R2TableV2 1&quot;,&quot;cT&quot;:&quot;Module_coreui-tablev2&quot;,&quot;id&quot;:&quot;m4r2a2&quot;,&quot;sN&quot;:4,&quot;aN&quot;:&quot;r2a2&quot;}\" data-module-id=\"WDG-Windows|primaryR2|coreui-region|coreui-tablev2-62jrfm3|coreui-tablev2\">\n<div class=\"m-table\">\n<div class=\"c-table\" data-f-loc-ascending=\"Sorted by {0} - ascending\" data-f-loc-descending=\"Sorted by {0} - descending\">\n<table>\n<tbody>\n<tr>\n<td class=\"f-divided\"><strong>Processore:<\/strong><\/td>\n<td class=\"f-divided\">1 gigahertz (GHz) o pi\u00f9 veloce con 2 o pi\u00f9 core su un processore o un System on a Chip (SoC) a 64 bit compatibile<\/td>\n<\/tr>\n<tr>\n<td class=\"f-divided\"><strong>RAM:<\/strong><\/td>\n<td class=\"f-divided\">4 gigabyte (GB)<\/td>\n<\/tr>\n<tr>\n<td class=\"f-divided\"><strong>Stoccaggio:<\/strong><\/td>\n<td class=\"f-divided\">Dispositivo di archiviazione da 64 GB o pi\u00f9 grande<\/p>\n<p>Nota: per ulteriori dettagli, vedere la sezione \u201cUlteriori informazioni sull'archiviazione per mantenere aggiornato Windows 11\u201d.<\/td>\n<\/tr>\n<tr>\n<td class=\"f-divided\"><strong>Firmware del sistema:<\/strong><\/td>\n<td class=\"f-divided\">UEFI, adatto al Secure Boot<\/td>\n<\/tr>\n<tr>\n<td class=\"f-divided\"><strong>TPM:<\/strong><\/td>\n<td class=\"f-divided\">Modulo di piattaforma affidabile (TPM) versione 2.0<\/td>\n<\/tr>\n<tr>\n<td class=\"f-divided\"><strong>Scheda grafica:<\/strong><\/td>\n<td class=\"f-divided\">Compatibile con DirectX 12 o superiore con driver WDDM 2.0<\/td>\n<\/tr>\n<tr>\n<td class=\"f-divided\"><strong>Display:<\/strong><\/td>\n<td class=\"f-divided\">Display ad alta definizione (720p) con diagonale di oltre 9\u2033, 8 bit per canale di colore<\/td>\n<\/tr>\n<tr>\n<td class=\"f-divided\"><strong>Connessione a Internet e account Microsoft:<\/strong><\/td>\n<td class=\"f-divided\">Windows 11 richiede una connessione a Internet e un account Microsoft per completare l'installazione del dispositivo al primo utilizzo.<\/p>\n<p>Anche il passaggio di un dispositivo da Windows 11 Home alla modalit\u00e0 S richiede una connessione a Internet.<\/p>\n<p>Tutte le edizioni di Windows 11 richiedono l'accesso a Internet per eseguire gli aggiornamenti, scaricare e utilizzare alcune funzioni. Alcune funzioni richiedono un account Microsoft.<\/td>\n<\/tr>\n<\/tbody>\n<\/table>\n<\/div>\n<\/div>\n<\/div>\n<div id=\"coreui-contentrichblock-wqm7a2a\" data-m=\"{&quot;cN&quot;:&quot;R2ContentRichBlock 2&quot;,&quot;cT&quot;:&quot;Module_coreui-contentrichblock&quot;,&quot;id&quot;:&quot;m5r2a2&quot;,&quot;sN&quot;:5,&quot;aN&quot;:&quot;r2a2&quot;}\" data-module-id=\"WDG-Windows|primaryR2|coreui-region|coreui-contentrichblock-wqm7a2a|coreui-contentrichblock\">\n<div class=\"m-rich-content-block context-ucx\" data-grid=\"col-12\">\n<p>Nel corso del tempo, potrebbero essere necessari ulteriori requisiti per gli aggiornamenti o per l'utilizzo di determinate funzioni del sistema operativo.<\/p>\n<\/div>\n<\/div>\n<\/div>\n<div id=\"primaryR3\" data-grid=\"container\" data-region-key=\"primaryr3\" data-m=\"{&quot;cN&quot;:&quot;primaryR3 1&quot;,&quot;cT&quot;:&quot;Region_coreui-region&quot;,&quot;id&quot;:&quot;r3a2&quot;,&quot;sN&quot;:3,&quot;aN&quot;:&quot;a2&quot;}\">\n<div id=\"coreui-divider-xjbne9z\" data-m=\"{&quot;cN&quot;:&quot;R2Divider 1&quot;,&quot;cT&quot;:&quot;Module_coreui-divider&quot;,&quot;id&quot;:&quot;m2r3a2&quot;,&quot;sN&quot;:2,&quot;aN&quot;:&quot;r3a2&quot;}\" data-module-id=\"WDG-Windows|primaryR3|coreui-region|coreui-divider-xjbne9z|coreui-divider\">\n<hr class=\"c-divider f-pad-top-3x\" data-grid=\"col-12\" \/>\n<\/div>\n<div id=\"coreui-contentrichblock-rhi1sei\" data-m=\"{&quot;cN&quot;:&quot;R2ContentRichBlock 1&quot;,&quot;cT&quot;:&quot;Module_coreui-contentrichblock&quot;,&quot;id&quot;:&quot;m3r3a2&quot;,&quot;sN&quot;:3,&quot;aN&quot;:&quot;r3a2&quot;}\" data-module-id=\"WDG-Windows|primaryR3|coreui-region|coreui-contentrichblock-rhi1sei|coreui-contentrichblock\">\n<div class=\"m-rich-content-block context-ucx\" data-grid=\"col-12\">\n<p>Alcune funzioni di Windows 11 richiedono requisiti di sistema pi\u00f9 elevati rispetto a quelli elencati sopra alla voce requisiti minimi. Di seguito sono riportate ulteriori informazioni sui requisiti delle funzioni principali:<\/p>\n<div>\n<ul class=\"c-list\">\n<li>Il supporto 5G richiede un modem abilitato al 5G.<\/li>\n<li>L'Auto HDR richiede un monitor HDR.<\/li>\n<li>BitLocker to Go richiede un'unit\u00e0 flash USB (disponibile nelle edizioni di Windows Pro e successive).<\/li>\n<li>Il client Hyper-V richiede un processore con capacit\u00e0 SLAT (traduzione degli indirizzi di secondo livello) (disponibile nelle edizioni di Windows Pro e successive).<\/li>\n<li>Cortana richiede un microfono e un altoparlante ed \u00e8 attualmente disponibile in<\/li>\n<li>Windows 11 per Australia, Brasile, Canada, Cina, Francia, Germania, India, Italia, Giappone, Messico, Spagna, Regno Unito e Stati Uniti.<\/li>\n<li>DirectStorage richiede un'unit\u00e0 SSD NVMe per memorizzare ed eseguire i giochi utilizzando il driver \u201cStandard NVM Express Controller\u201d e un'unit\u00e0 SSD NVMe.<\/li>\n<li>GPU DirectX12 con supporto per Shader Model 6.0.<\/li>\n<li>DirectX 12 Ultimate \u00e8 disponibile con i giochi e i chip grafici supportati.<\/li>\n<li>La presenza richiede un sensore in grado di rilevare la distanza dell'uomo dal dispositivo o l'intenzione di interagire.<\/li>\n<li>Le videoconferenze intelligenti richiedono una videocamera, un microfono e un altoparlante (uscita audio).<\/li>\n<li>L'assistente vocale multiplo (MVA) richiede un microfono e un altoparlante.<\/li>\n<li>I layout Snap a tre colonne richiedono uno schermo con una larghezza effettiva di 1920 pixel o pi\u00f9.<\/li>\n<li>La funzione Mute\/Unmute dalla barra delle applicazioni richiede una videocamera, un microfono e un altoparlante (uscita audio). L'applicazione deve essere compatibile con la funzione di silenziamento\/rimozione globale.<\/li>\n<li>Il suono spaziale richiede hardware e software di supporto.<\/li>\n<li>Le squadre richiedono una videocamera, un microfono e un altoparlante (uscita audio).<\/li>\n<li>Il touch richiede uno schermo o un monitor che supporti il multi-touch.<\/li>\n<li>L'autenticazione a due fattori richiede l'uso di un PIN, della biometria (lettore di impronte digitali o telecamera a infrarossi illuminata) o di un telefono con funzionalit\u00e0 Wi-Fi o Bluetooth.<\/li>\n<li>La digitazione vocale richiede un PC con un microfono.<\/li>\n<li>Wake on Voice richiede un modello di alimentazione Modern Standby e un microfono.<\/li>\n<li>Il Wi-Fi 6E richiede un nuovo hardware e driver WLAN IHV e un AP\/router abilitato al Wi-Fi 6E.<\/li>\n<li>Windows Hello richiede una fotocamera configurata per l'imaging nel vicino infrarosso (IR) o un lettore di impronte digitali per l'autenticazione biometrica. I dispositivi senza sensori biometrici possono utilizzare Windows Hello con un PIN o una chiave di sicurezza portatile compatibile con Microsoft.<\/li>\n<li>Windows Projection richiede un adattatore di schermo che supporti Windows Display Driver Model (WDDM) 2.0 e un adattatore Wi-Fi che supporti Wi-Fi Direct.<\/li>\n<li>Xbox (app) richiede un account Xbox Live, che non \u00e8 disponibile in tutte le regioni.<\/li>\n<li>Per informazioni pi\u00f9 aggiornate sulla disponibilit\u00e0, vedere Paesi e regioni di Xbox Live. Alcune funzioni dell'app Xbox richiedono un abbonamento attivo a Xbox Game Pass. Per saperne di pi\u00f9 sul pass.<\/li>\n<\/ul>\n<\/div>\n<\/div>\n<\/div>\n<\/div>","protected":false},"excerpt":{"rendered":"<ul>\n<li>Microsoft Office 2024 Licenza Standard per 3 dispositivi<\/li>\n<li>Microsoft Windows 11 Professional per 3 PC<\/li>\n<li><strong>Questa licenza consente di attivare il software su 3 diversi dispositivi, come il PC di casa, il notebook e il computer di lavoro.<\/strong><\/li>\n<li>Adatto per sistemi a 32 e 64 bit, versioni software complete e illimitate <strong>da un partner certificato Microsoft Gold<\/strong><\/li>\n<li><strong>Garanzia di rimborso a vita!<\/strong><\/li>\n<li>Consegna via e-mail: codice prodotto, istruzioni, link per il download, fattura<\/li>\n<li>Download immediato!<\/li>\n<li>Nessun limite di tempo, nessun abbonamento richiesto<\/li>\n<li>Assistenza gratuita 24\/7 per l'installazione e l'attivazione<\/li>\n<li>Non disponibile su supporto fisico (USB, CD, ecc.)<\/li>\n<li>Attivazione online e telefonica<\/li>\n<li>Lingue: inglese, spagnolo, italiano, tedesco, francese<\/li>\n<li><strong><span style=\"color: #008000;\">Questo prodotto \u00e8 compatibile con Microsoft Windows.<\/span><\/strong><\/li>\n<li><strong><span style=\"color: #ff0000;\">NON \u00e8 compatibile con Apple macOS\u2122, dispositivi Android e Chromebook.<\/span><\/strong><\/li>\n<\/ul>","protected":false},"featured_media":114621,"comment_status":"open","ping_status":"closed","template":"","meta":[],"product_cat":[75,129],"product_tag":[79,232],"class_list":{"0":"post-116664","1":"product","2":"type-product","3":"status-publish","4":"has-post-thumbnail","6":"product_cat-microsoft-office","7":"product_cat-office-2024","8":"product_tag-ms-office","9":"product_tag-standard","11":"first","12":"instock","13":"sale","14":"taxable","15":"shipping-taxable","16":"purchasable","17":"product-type-simple"},"yoast_head":"<!-- This site is optimized with the Yoast SEO plugin v27.3 - https:\/\/yoast.com\/product\/yoast-seo-wordpress\/ -->\n<title>Microsoft Office 2024 Standard - Microsoft Windows 11 Professional licentie voor 3 apparaten | livekaarten.nl<\/title>\n<meta name=\"robots\" content=\"index, follow, max-snippet:-1, max-image-preview:large, max-video-preview:-1\" \/>\n<link rel=\"canonical\" href=\"https:\/\/livekaarten.nl\/it\/prodotto\/microsoft-office-2024-standard-microsoft-windows-11-professional-licentie-voor-3-apparaten\/\" \/>\n<meta property=\"og:locale\" content=\"it_IT\" \/>\n<meta property=\"og:type\" content=\"article\" \/>\n<meta property=\"og:title\" content=\"Microsoft Office 2024 Standard - Microsoft Windows 11 Professional licentie voor 3 apparaten | livekaarten.nl\" \/>\n<meta property=\"og:description\" content=\"Microsoft Office 2024 Standard licentie voor 3 apparaten  Microsoft Windows 11 Professional f\u00fcr 3 PC  Met deze licentie kunt u de software activeren op 3 verschillende apparaten, zoals een thuis-pc, notebook en werkcomputer.  Geschikt voor 32- en 64-bits systemen, volledige onbeperkte softwareversies van een gecertificeerde Microsoft Gold Partner  Levenslange geld-terug-garantie!  Levering via e-mail: productsleutel, instructies, downloadlinks, factuur  Direct te downloaden!  Geen tijdslimiet, geen abonnement vereist  Gratis 24\/7 ondersteuning bij installatie en activering  Niet beschikbaar op fysieke media (USB, CD, enz.)  Online en telefonische activering  Talen: Engels, Spaans, Italiaans, Duits, Frans  Dit product is compatibel met Microsoft Windows.  NIET compatibel met Apple macOS\u2122, Android-apparaten en Chromebooks.\" \/>\n<meta property=\"og:url\" content=\"https:\/\/livekaarten.nl\/it\/prodotto\/microsoft-office-2024-standard-microsoft-windows-11-professional-licentie-voor-3-apparaten\/\" \/>\n<meta property=\"og:site_name\" content=\"livekaarten.nl\" \/>\n<meta property=\"article:modified_time\" content=\"2026-04-03T10:03:49+00:00\" \/>\n<meta property=\"og:image\" content=\"https:\/\/livekaarten.nl\/wp-content\/uploads\/2025\/04\/W11PO24S.jpg\" \/>\n\t<meta property=\"og:image:width\" content=\"1000\" \/>\n\t<meta property=\"og:image:height\" content=\"1500\" \/>\n\t<meta property=\"og:image:type\" content=\"image\/jpeg\" \/>\n<meta name=\"twitter:card\" content=\"summary_large_image\" \/>\n<meta name=\"twitter:label1\" content=\"Tempo di lettura stimato\" \/>\n\t<meta name=\"twitter:data1\" content=\"4 minuti\" \/>\n<script type=\"application\/ld+json\" class=\"yoast-schema-graph\">{\"@context\":\"https:\\\/\\\/schema.org\",\"@graph\":[{\"@type\":\"WebPage\",\"@id\":\"https:\\\/\\\/livekaarten.nl\\\/product\\\/microsoft-office-2024-standard-microsoft-windows-11-professional-licentie-voor-3-apparaten\\\/\",\"url\":\"https:\\\/\\\/livekaarten.nl\\\/product\\\/microsoft-office-2024-standard-microsoft-windows-11-professional-licentie-voor-3-apparaten\\\/\",\"name\":\"Microsoft Office 2024 Standard - Microsoft Windows 11 Professional licentie voor 3 apparaten | livekaarten.nl\",\"isPartOf\":{\"@id\":\"https:\\\/\\\/livekaarten.nl\\\/#website\"},\"primaryImageOfPage\":{\"@id\":\"https:\\\/\\\/livekaarten.nl\\\/product\\\/microsoft-office-2024-standard-microsoft-windows-11-professional-licentie-voor-3-apparaten\\\/#primaryimage\"},\"image\":{\"@id\":\"https:\\\/\\\/livekaarten.nl\\\/product\\\/microsoft-office-2024-standard-microsoft-windows-11-professional-licentie-voor-3-apparaten\\\/#primaryimage\"},\"thumbnailUrl\":\"https:\\\/\\\/livekaarten.nl\\\/wp-content\\\/uploads\\\/2025\\\/04\\\/W11PO24S.jpg\",\"datePublished\":\"2025-08-27T18:47:22+00:00\",\"dateModified\":\"2026-04-03T10:03:49+00:00\",\"breadcrumb\":{\"@id\":\"https:\\\/\\\/livekaarten.nl\\\/product\\\/microsoft-office-2024-standard-microsoft-windows-11-professional-licentie-voor-3-apparaten\\\/#breadcrumb\"},\"inLanguage\":\"it-IT\",\"potentialAction\":[{\"@type\":\"ReadAction\",\"target\":[\"https:\\\/\\\/livekaarten.nl\\\/product\\\/microsoft-office-2024-standard-microsoft-windows-11-professional-licentie-voor-3-apparaten\\\/\"]}]},{\"@type\":\"ImageObject\",\"inLanguage\":\"it-IT\",\"@id\":\"https:\\\/\\\/livekaarten.nl\\\/product\\\/microsoft-office-2024-standard-microsoft-windows-11-professional-licentie-voor-3-apparaten\\\/#primaryimage\",\"url\":\"https:\\\/\\\/livekaarten.nl\\\/wp-content\\\/uploads\\\/2025\\\/04\\\/W11PO24S.jpg\",\"contentUrl\":\"https:\\\/\\\/livekaarten.nl\\\/wp-content\\\/uploads\\\/2025\\\/04\\\/W11PO24S.jpg\",\"width\":1000,\"height\":1500},{\"@type\":\"BreadcrumbList\",\"@id\":\"https:\\\/\\\/livekaarten.nl\\\/product\\\/microsoft-office-2024-standard-microsoft-windows-11-professional-licentie-voor-3-apparaten\\\/#breadcrumb\",\"itemListElement\":[{\"@type\":\"ListItem\",\"position\":1,\"name\":\"Home\",\"item\":\"https:\\\/\\\/livekaarten.nl\\\/\"},{\"@type\":\"ListItem\",\"position\":2,\"name\":\"Winkel\",\"item\":\"https:\\\/\\\/livekaarten.nl\\\/shop\\\/\"},{\"@type\":\"ListItem\",\"position\":3,\"name\":\"Microsoft Office 2024 Standard &#8211; Microsoft Windows 11 Professional licentie voor 3 apparaten\"}]},{\"@type\":\"WebSite\",\"@id\":\"https:\\\/\\\/livekaarten.nl\\\/#website\",\"url\":\"https:\\\/\\\/livekaarten.nl\\\/\",\"name\":\"Livekaarten.nl\",\"description\":\"Koop uw kantoor\",\"potentialAction\":[{\"@type\":\"SearchAction\",\"target\":{\"@type\":\"EntryPoint\",\"urlTemplate\":\"https:\\\/\\\/livekaarten.nl\\\/?s={search_term_string}\"},\"query-input\":{\"@type\":\"PropertyValueSpecification\",\"valueRequired\":true,\"valueName\":\"search_term_string\"}}],\"inLanguage\":\"it-IT\"}]}<\/script>\n<!-- \/ Yoast SEO plugin. -->","yoast_head_json":{"title":"Microsoft Office 2024 Standard - Microsoft Windows 11 Professional licentie voor 3 apparaten | livekaarten.nl","robots":{"index":"index","follow":"follow","max-snippet":"max-snippet:-1","max-image-preview":"max-image-preview:large","max-video-preview":"max-video-preview:-1"},"canonical":"https:\/\/livekaarten.nl\/it\/prodotto\/microsoft-office-2024-standard-microsoft-windows-11-professional-licentie-voor-3-apparaten\/","og_locale":"it_IT","og_type":"article","og_title":"Microsoft Office 2024 Standard - Microsoft Windows 11 Professional licentie voor 3 apparaten | livekaarten.nl","og_description":"Microsoft Office 2024 Standard licentie voor 3 apparaten  Microsoft Windows 11 Professional f\u00fcr 3 PC  Met deze licentie kunt u de software activeren op 3 verschillende apparaten, zoals een thuis-pc, notebook en werkcomputer.  Geschikt voor 32- en 64-bits systemen, volledige onbeperkte softwareversies van een gecertificeerde Microsoft Gold Partner  Levenslange geld-terug-garantie!  Levering via e-mail: productsleutel, instructies, downloadlinks, factuur  Direct te downloaden!  Geen tijdslimiet, geen abonnement vereist  Gratis 24\/7 ondersteuning bij installatie en activering  Niet beschikbaar op fysieke media (USB, CD, enz.)  Online en telefonische activering  Talen: Engels, Spaans, Italiaans, Duits, Frans  Dit product is compatibel met Microsoft Windows.  NIET compatibel met Apple macOS\u2122, Android-apparaten en Chromebooks.","og_url":"https:\/\/livekaarten.nl\/it\/prodotto\/microsoft-office-2024-standard-microsoft-windows-11-professional-licentie-voor-3-apparaten\/","og_site_name":"livekaarten.nl","article_modified_time":"2026-04-03T10:03:49+00:00","og_image":[{"width":1000,"height":1500,"url":"https:\/\/livekaarten.nl\/wp-content\/uploads\/2025\/04\/W11PO24S.jpg","type":"image\/jpeg"}],"twitter_card":"summary_large_image","twitter_misc":{"Tempo di lettura stimato":"4 minuti"},"schema":{"@context":"https:\/\/schema.org","@graph":[{"@type":"WebPage","@id":"https:\/\/livekaarten.nl\/product\/microsoft-office-2024-standard-microsoft-windows-11-professional-licentie-voor-3-apparaten\/","url":"https:\/\/livekaarten.nl\/product\/microsoft-office-2024-standard-microsoft-windows-11-professional-licentie-voor-3-apparaten\/","name":"Microsoft Office 2024 Standard - Microsoft Windows 11 Professional licentie voor 3 apparaten | livekaarten.nl","isPartOf":{"@id":"https:\/\/livekaarten.nl\/#website"},"primaryImageOfPage":{"@id":"https:\/\/livekaarten.nl\/product\/microsoft-office-2024-standard-microsoft-windows-11-professional-licentie-voor-3-apparaten\/#primaryimage"},"image":{"@id":"https:\/\/livekaarten.nl\/product\/microsoft-office-2024-standard-microsoft-windows-11-professional-licentie-voor-3-apparaten\/#primaryimage"},"thumbnailUrl":"https:\/\/livekaarten.nl\/wp-content\/uploads\/2025\/04\/W11PO24S.jpg","datePublished":"2025-08-27T18:47:22+00:00","dateModified":"2026-04-03T10:03:49+00:00","breadcrumb":{"@id":"https:\/\/livekaarten.nl\/product\/microsoft-office-2024-standard-microsoft-windows-11-professional-licentie-voor-3-apparaten\/#breadcrumb"},"inLanguage":"it-IT","potentialAction":[{"@type":"ReadAction","target":["https:\/\/livekaarten.nl\/product\/microsoft-office-2024-standard-microsoft-windows-11-professional-licentie-voor-3-apparaten\/"]}]},{"@type":"ImageObject","inLanguage":"it-IT","@id":"https:\/\/livekaarten.nl\/product\/microsoft-office-2024-standard-microsoft-windows-11-professional-licentie-voor-3-apparaten\/#primaryimage","url":"https:\/\/livekaarten.nl\/wp-content\/uploads\/2025\/04\/W11PO24S.jpg","contentUrl":"https:\/\/livekaarten.nl\/wp-content\/uploads\/2025\/04\/W11PO24S.jpg","width":1000,"height":1500},{"@type":"BreadcrumbList","@id":"https:\/\/livekaarten.nl\/product\/microsoft-office-2024-standard-microsoft-windows-11-professional-licentie-voor-3-apparaten\/#breadcrumb","itemListElement":[{"@type":"ListItem","position":1,"name":"Home","item":"https:\/\/livekaarten.nl\/"},{"@type":"ListItem","position":2,"name":"Winkel","item":"https:\/\/livekaarten.nl\/shop\/"},{"@type":"ListItem","position":3,"name":"Microsoft Office 2024 Standard &#8211; Microsoft Windows 11 Professional licentie voor 3 apparaten"}]},{"@type":"WebSite","@id":"https:\/\/livekaarten.nl\/#website","url":"https:\/\/livekaarten.nl\/","name":"Livecards.it","description":"Acquista il tuo ufficio","potentialAction":[{"@type":"SearchAction","target":{"@type":"EntryPoint","urlTemplate":"https:\/\/livekaarten.nl\/?s={search_term_string}"},"query-input":{"@type":"PropertyValueSpecification","valueRequired":true,"valueName":"search_term_string"}}],"inLanguage":"it-IT"}]}},"_links":{"self":[{"href":"https:\/\/livekaarten.nl\/it\/wp-json\/wp\/v2\/product\/116664","targetHints":{"allow":["GET"]}}],"collection":[{"href":"https:\/\/livekaarten.nl\/it\/wp-json\/wp\/v2\/product"}],"about":[{"href":"https:\/\/livekaarten.nl\/it\/wp-json\/wp\/v2\/types\/product"}],"replies":[{"embeddable":true,"href":"https:\/\/livekaarten.nl\/it\/wp-json\/wp\/v2\/comments?post=116664"}],"wp:featuredmedia":[{"embeddable":true,"href":"https:\/\/livekaarten.nl\/it\/wp-json\/wp\/v2\/media\/114621"}],"wp:attachment":[{"href":"https:\/\/livekaarten.nl\/it\/wp-json\/wp\/v2\/media?parent=116664"}],"wp:term":[{"taxonomy":"product_cat","embeddable":true,"href":"https:\/\/livekaarten.nl\/it\/wp-json\/wp\/v2\/product_cat?post=116664"},{"taxonomy":"product_tag","embeddable":true,"href":"https:\/\/livekaarten.nl\/it\/wp-json\/wp\/v2\/product_tag?post=116664"}],"curies":[{"name":"wp","href":"https:\/\/api.w.org\/{rel}","templated":true}]}}