{"id":115523,"date":"2025-06-10T13:16:10","date_gmt":"2025-06-10T11:16:10","guid":{"rendered":"https:\/\/livekaarten.nl\/?post_type=product&#038;p=115523"},"modified":"2026-04-03T12:03:41","modified_gmt":"2026-04-03T10:03:41","slug":"microsoft-project-2019-professional","status":"publish","type":"product","link":"https:\/\/livekaarten.nl\/it\/prodotto\/microsoft-project-2019-professional\/","title":{"rendered":"Microsoft Project 2019 Professional per 3 dispositivi"},"content":{"rendered":"<p>Collaborate con altri per lanciare e implementare progetti di successo in pochissimo tempo. Include tutte le funzionalit\u00e0 di Microsoft Project Standard, oltre a soluzioni per la collaborazione, la gestione delle risorse, la sincronizzazione delle attivit\u00e0 di SharePoint, la condivisione dei timesheet e altro ancora. Microsoft Project Professional 2019 offre funzioni flessibili che consentono di pianificare i progetti, monitorare lo stato e collaborare con gli altri praticamente ovunque. L'applicazione offre comunicazione in tempo reale e messaggistica istantanea, direttamente nel piano di progetto tramite Skype for Business, e consolida tutte le potenziali risorse del progetto in un'unica vista.<\/p>\n<p>Organizzatevi e mantenete il controllo. Che si tratti di un piccolo progetto o di una grande campagna, Microsoft Project vi aiuta ad affrontare qualsiasi sfida. Non siete un project manager? Nessun problema: con questa potente e pratica applicazione, quasi tutti possono gestire con successo i progetti.<\/p>\n<p>Avviare rapidamente i progetti e implementarli facilmente.<\/p>\n<p>Affidatevi a un potente strumento di gestione dei progetti per impostare e gestire nuovi progetti in modo rapido e semplice.<\/p>\n<p>Gestire i progetti senza stress.<\/p>\n<p>Tenete facilmente sotto controllo anche i progetti pi\u00f9 complessi con strumenti e metodi personalizzati per le vostre esigenze.<\/p>\n<p>Collaborate facilmente in team, praticamente ovunque.<\/p>\n<p>Collaborare ai progetti, anche a distanza. Poich\u00e9 tutti i membri del team lavorano contemporaneamente sulla stessa versione, la produttivit\u00e0 \u00e8 ancora maggiore.<\/p>\n<p>Pianificare facilmente i progetti<\/p>\n<p>Mantenete i vostri progetti in carreggiata pianificando dinamicamente l'impegno del progetto, la durata e l'impiego dei membri del team.<\/p>\n<p>Business Intelligence: per ottenere rapidamente informazioni e risultati migliori<\/p>\n<p>Create dashboard interattivi con Power BI per visualizzare lo stato generale ed esaminare in dettaglio progetti e programmi.<\/p>\n<p>Pensare e agire in modo pi\u00f9 innovativo<\/p>\n<p>Sviluppate soluzioni personalizzate per dispositivi desktop o mobili e automatizzate i flussi di lavoro in pochi passaggi. Utilizzate una piattaforma flessibile e sicura su Azure, un cloud aziendale riconosciuto a livello mondiale.<\/p>\n<p><strong>Requisiti di sistema:<\/strong><\/p>\n<ul>\n<li>Processore dual-core da 1,6 GHz<\/li>\n<li>Microsoft Windows 10<\/li>\n<li>2 GB (32 bit), 4 GB (64 bit) di RAM<\/li>\n<li>4 GB di spazio disponibile su disco rigido<\/li>\n<li>L'accelerazione grafica richiede una scheda grafica compatibile con DirectX 10.<\/li>\n<\/ul>","protected":false},"excerpt":{"rendered":"<ul>\n<li>Licenza Microsoft Project 2019 Professional per 1 PC<\/li>\n<li>Disponibile per sistemi a 32 e 64 bit<\/li>\n<li>Spedizione via e-mail: codice prodotto, istruzioni, link per il download e fattura<\/li>\n<li><strong>Rimborso completo di 30 giorni - garanzia di sostituzione a vita!<\/strong><\/li>\n<li>Scaricate immediatamente!<\/li>\n<li>Nessun limite di tempo, nessun abbonamento richiesto<\/li>\n<li>Assistenza gratuita per l'installazione e l'attivazione<\/li>\n<li>Nessuna consegna su supporto fisico (USB, CD, ecc.).<\/li>\n<li>Attivazione online e per telefono<\/li>\n<li><strong><span style=\"color: #008000;\">Questo prodotto \u00e8 compatibile con Windows.<\/span><\/strong><\/li>\n<li><strong><span style=\"color: #ff0000;\">NON \u00e8 compatibile con Apple macOS\u2122, dispositivi Android o Chromebook.<\/span><\/strong><\/li>\n<\/ul>","protected":false},"featured_media":100000114596,"comment_status":"closed","ping_status":"closed","template":"","meta":[],"product_cat":[75],"product_tag":[],"class_list":{"0":"post-115523","1":"product","2":"type-product","3":"status-publish","4":"has-post-thumbnail","6":"product_cat-microsoft-office","8":"first","9":"instock","10":"sale","11":"virtual","12":"taxable","13":"purchasable","14":"product-type-simple"},"yoast_head":"<!-- This site is optimized with the Yoast SEO plugin v27.3 - https:\/\/yoast.com\/product\/yoast-seo-wordpress\/ -->\n<title>Microsoft Project 2019 Professional voor 3 apparaten | livekaarten.nl<\/title>\n<meta name=\"robots\" content=\"index, follow, max-snippet:-1, max-image-preview:large, max-video-preview:-1\" \/>\n<link rel=\"canonical\" href=\"https:\/\/livekaarten.nl\/it\/prodotto\/microsoft-project-2019-professional\/\" \/>\n<meta property=\"og:locale\" content=\"it_IT\" \/>\n<meta property=\"og:type\" content=\"article\" \/>\n<meta property=\"og:title\" content=\"Microsoft Project 2019 Professional voor 3 apparaten | livekaarten.nl\" \/>\n<meta property=\"og:description\" content=\"Microsoft Project 2019 Professional-licentie voor 1 pc  Beschikbaar voor 32- en 64-bits systemen  Verzending per e-mail: productcode, instructies, downloadlinks en factuur  30 dagen volledige restitutie \u2013 levenslange vervangingsgarantie!  Direct downloaden!  Geen tijdslimiet, geen abonnement nodig  Gratis ondersteuning bij installatie en activering  Geen levering op fysieke dragers (USB, cd, enz.)  Activering online en telefonisch  Dit product is compatibel met Windows.  NIET compatibel met Apple macOS\u2122, Android-apparaten of Chromebooks.\" \/>\n<meta property=\"og:url\" content=\"https:\/\/livekaarten.nl\/it\/prodotto\/microsoft-project-2019-professional\/\" \/>\n<meta property=\"og:site_name\" content=\"livekaarten.nl\" \/>\n<meta property=\"article:modified_time\" content=\"2026-04-03T10:03:41+00:00\" \/>\n<meta name=\"twitter:card\" content=\"summary_large_image\" \/>\n<meta name=\"twitter:label1\" content=\"Tempo di lettura stimato\" \/>\n\t<meta name=\"twitter:data1\" content=\"2 minuti\" \/>\n<script type=\"application\/ld+json\" class=\"yoast-schema-graph\">{\"@context\":\"https:\\\/\\\/schema.org\",\"@graph\":[{\"@type\":\"WebPage\",\"@id\":\"https:\\\/\\\/livekaarten.nl\\\/product\\\/microsoft-project-2019-professional\\\/\",\"url\":\"https:\\\/\\\/livekaarten.nl\\\/product\\\/microsoft-project-2019-professional\\\/\",\"name\":\"Microsoft Project 2019 Professional voor 3 apparaten | livekaarten.nl\",\"isPartOf\":{\"@id\":\"https:\\\/\\\/livekaarten.nl\\\/#website\"},\"primaryImageOfPage\":{\"@id\":\"https:\\\/\\\/livekaarten.nl\\\/product\\\/microsoft-project-2019-professional\\\/#primaryimage\"},\"image\":{\"@id\":\"https:\\\/\\\/livekaarten.nl\\\/product\\\/microsoft-project-2019-professional\\\/#primaryimage\"},\"thumbnailUrl\":\"https:\\\/\\\/livekaarten.nl\\\/wp-content\\\/uploads\\\/2025\\\/04\\\/P19P.jpg\",\"datePublished\":\"2025-06-10T11:16:10+00:00\",\"dateModified\":\"2026-04-03T10:03:41+00:00\",\"breadcrumb\":{\"@id\":\"https:\\\/\\\/livekaarten.nl\\\/product\\\/microsoft-project-2019-professional\\\/#breadcrumb\"},\"inLanguage\":\"it-IT\",\"potentialAction\":[{\"@type\":\"ReadAction\",\"target\":[\"https:\\\/\\\/livekaarten.nl\\\/product\\\/microsoft-project-2019-professional\\\/\"]}]},{\"@type\":\"ImageObject\",\"inLanguage\":\"it-IT\",\"@id\":\"https:\\\/\\\/livekaarten.nl\\\/product\\\/microsoft-project-2019-professional\\\/#primaryimage\",\"url\":\"https:\\\/\\\/livekaarten.nl\\\/wp-content\\\/uploads\\\/2025\\\/04\\\/P19P.jpg\",\"contentUrl\":\"https:\\\/\\\/livekaarten.nl\\\/wp-content\\\/uploads\\\/2025\\\/04\\\/P19P.jpg\"},{\"@type\":\"BreadcrumbList\",\"@id\":\"https:\\\/\\\/livekaarten.nl\\\/product\\\/microsoft-project-2019-professional\\\/#breadcrumb\",\"itemListElement\":[{\"@type\":\"ListItem\",\"position\":1,\"name\":\"Home\",\"item\":\"https:\\\/\\\/livekaarten.nl\\\/\"},{\"@type\":\"ListItem\",\"position\":2,\"name\":\"Winkel\",\"item\":\"https:\\\/\\\/livekaarten.nl\\\/shop\\\/\"},{\"@type\":\"ListItem\",\"position\":3,\"name\":\"Microsoft Project 2019 Professional voor 3 apparaten\"}]},{\"@type\":\"WebSite\",\"@id\":\"https:\\\/\\\/livekaarten.nl\\\/#website\",\"url\":\"https:\\\/\\\/livekaarten.nl\\\/\",\"name\":\"Livekaarten.nl\",\"description\":\"Koop uw kantoor\",\"potentialAction\":[{\"@type\":\"SearchAction\",\"target\":{\"@type\":\"EntryPoint\",\"urlTemplate\":\"https:\\\/\\\/livekaarten.nl\\\/?s={search_term_string}\"},\"query-input\":{\"@type\":\"PropertyValueSpecification\",\"valueRequired\":true,\"valueName\":\"search_term_string\"}}],\"inLanguage\":\"it-IT\"}]}<\/script>\n<!-- \/ Yoast SEO plugin. -->","yoast_head_json":{"title":"Microsoft Project 2019 Professional voor 3 apparaten | livekaarten.nl","robots":{"index":"index","follow":"follow","max-snippet":"max-snippet:-1","max-image-preview":"max-image-preview:large","max-video-preview":"max-video-preview:-1"},"canonical":"https:\/\/livekaarten.nl\/it\/prodotto\/microsoft-project-2019-professional\/","og_locale":"it_IT","og_type":"article","og_title":"Microsoft Project 2019 Professional voor 3 apparaten | livekaarten.nl","og_description":"Microsoft Project 2019 Professional-licentie voor 1 pc  Beschikbaar voor 32- en 64-bits systemen  Verzending per e-mail: productcode, instructies, downloadlinks en factuur  30 dagen volledige restitutie \u2013 levenslange vervangingsgarantie!  Direct downloaden!  Geen tijdslimiet, geen abonnement nodig  Gratis ondersteuning bij installatie en activering  Geen levering op fysieke dragers (USB, cd, enz.)  Activering online en telefonisch  Dit product is compatibel met Windows.  NIET compatibel met Apple macOS\u2122, Android-apparaten of Chromebooks.","og_url":"https:\/\/livekaarten.nl\/it\/prodotto\/microsoft-project-2019-professional\/","og_site_name":"livekaarten.nl","article_modified_time":"2026-04-03T10:03:41+00:00","twitter_card":"summary_large_image","twitter_misc":{"Tempo di lettura stimato":"2 minuti"},"schema":{"@context":"https:\/\/schema.org","@graph":[{"@type":"WebPage","@id":"https:\/\/livekaarten.nl\/product\/microsoft-project-2019-professional\/","url":"https:\/\/livekaarten.nl\/product\/microsoft-project-2019-professional\/","name":"Microsoft Project 2019 Professional voor 3 apparaten | livekaarten.nl","isPartOf":{"@id":"https:\/\/livekaarten.nl\/#website"},"primaryImageOfPage":{"@id":"https:\/\/livekaarten.nl\/product\/microsoft-project-2019-professional\/#primaryimage"},"image":{"@id":"https:\/\/livekaarten.nl\/product\/microsoft-project-2019-professional\/#primaryimage"},"thumbnailUrl":"https:\/\/livekaarten.nl\/wp-content\/uploads\/2025\/04\/P19P.jpg","datePublished":"2025-06-10T11:16:10+00:00","dateModified":"2026-04-03T10:03:41+00:00","breadcrumb":{"@id":"https:\/\/livekaarten.nl\/product\/microsoft-project-2019-professional\/#breadcrumb"},"inLanguage":"it-IT","potentialAction":[{"@type":"ReadAction","target":["https:\/\/livekaarten.nl\/product\/microsoft-project-2019-professional\/"]}]},{"@type":"ImageObject","inLanguage":"it-IT","@id":"https:\/\/livekaarten.nl\/product\/microsoft-project-2019-professional\/#primaryimage","url":"https:\/\/livekaarten.nl\/wp-content\/uploads\/2025\/04\/P19P.jpg","contentUrl":"https:\/\/livekaarten.nl\/wp-content\/uploads\/2025\/04\/P19P.jpg"},{"@type":"BreadcrumbList","@id":"https:\/\/livekaarten.nl\/product\/microsoft-project-2019-professional\/#breadcrumb","itemListElement":[{"@type":"ListItem","position":1,"name":"Home","item":"https:\/\/livekaarten.nl\/"},{"@type":"ListItem","position":2,"name":"Winkel","item":"https:\/\/livekaarten.nl\/shop\/"},{"@type":"ListItem","position":3,"name":"Microsoft Project 2019 Professional voor 3 apparaten"}]},{"@type":"WebSite","@id":"https:\/\/livekaarten.nl\/#website","url":"https:\/\/livekaarten.nl\/","name":"Livecards.it","description":"Acquista il tuo ufficio","potentialAction":[{"@type":"SearchAction","target":{"@type":"EntryPoint","urlTemplate":"https:\/\/livekaarten.nl\/?s={search_term_string}"},"query-input":{"@type":"PropertyValueSpecification","valueRequired":true,"valueName":"search_term_string"}}],"inLanguage":"it-IT"}]}},"_links":{"self":[{"href":"https:\/\/livekaarten.nl\/it\/wp-json\/wp\/v2\/product\/115523","targetHints":{"allow":["GET"]}}],"collection":[{"href":"https:\/\/livekaarten.nl\/it\/wp-json\/wp\/v2\/product"}],"about":[{"href":"https:\/\/livekaarten.nl\/it\/wp-json\/wp\/v2\/types\/product"}],"replies":[{"embeddable":true,"href":"https:\/\/livekaarten.nl\/it\/wp-json\/wp\/v2\/comments?post=115523"}],"wp:featuredmedia":[{"embeddable":true,"href":"https:\/\/livekaarten.nl\/it\/wp-json\/"}],"wp:attachment":[{"href":"https:\/\/livekaarten.nl\/it\/wp-json\/wp\/v2\/media?parent=115523"}],"wp:term":[{"taxonomy":"product_cat","embeddable":true,"href":"https:\/\/livekaarten.nl\/it\/wp-json\/wp\/v2\/product_cat?post=115523"},{"taxonomy":"product_tag","embeddable":true,"href":"https:\/\/livekaarten.nl\/it\/wp-json\/wp\/v2\/product_tag?post=115523"}],"curies":[{"name":"wp","href":"https:\/\/api.w.org\/{rel}","templated":true}]}}