{"id":115522,"date":"2025-06-10T13:16:10","date_gmt":"2025-06-10T11:16:10","guid":{"rendered":"https:\/\/livekaarten.nl\/?post_type=product&#038;p=115522"},"modified":"2026-04-03T12:03:41","modified_gmt":"2026-04-03T10:03:41","slug":"microsoft-visio-2019-professional","status":"publish","type":"product","link":"https:\/\/livekaarten.nl\/it\/prodotto\/microsoft-visio-2019-professional\/","title":{"rendered":"Microsoft Visio 2019 Professional per 3 dispositivi"},"content":{"rendered":"<p>Microsoft Visio Professional 2019 rimane il miglior strumento per la progettazione di diagrammi nelle aziende, basato su standard industriali comuni come l'IEEE. Inoltre, Microsoft ha apportato migliaia di miglioramenti dettagliati e introdotto nuove funzionalit\u00e0, soprattutto per facilitare il lavoro di progetto in team pi\u00f9 numerosi. Il software \u00e8 quindi esplicitamente rivolto agli utenti professionali. Tuttavia, la familiare facilit\u00e0 d'uso del programma rimane, soprattutto grazie ai numerosi modelli e alla collaudata interfaccia Microsoft Office. Ogni acquirente riceve ancora 2 GB di spazio di archiviazione gratuito sulla soluzione cloud di Microsoft, OneDrive.<\/p>\n<p>Generare diagrammi in Microsoft Visio Professional 2019 \u00e8 possibile fin dall'inizio: centinaia di modelli, basati su una selezione di oltre 250.000 forme, se ne occupano. Poich\u00e9 l'applicazione desktop si aggiorna costantemente, vengono aggiunti regolarmente nuovi modelli. Gli utenti possono quindi condividere i diagrammi completati non solo come set di dati Microsoft Visio, ma anche via Internet: Microsoft Visio Professional 2019 supporta le visualizzazioni dei diagrammi basate sul web e l'output in PDF per gli utenti che non dispongono di Microsoft Visio sul proprio dispositivo. I commenti aggiunti al diagramma da altri utenti sono immediatamente visibili al creatore del progetto, che riceve un feedback.<\/p>\n<p>Per Microsoft Visio Professional 2019 e Microsoft Windows 10, Microsoft ha anche migliorato il supporto per l'input tattile e le penne come la Microsoft Surface Pen. I diagrammi possono ora essere perfezionati utilizzando metodi di input naturali, con l'inchiostro virtuale o persino le dita per colorare, spostare le forme e riordinare i diagrammi. Questo facilita anche l'utilizzo dell'applicazione su tablet come l'iPad Pro, per il quale \u00e8 disponibile un'app dedicata nell'Apple Store ufficiale. Per facilitare la collaborazione con gli altri, le funzioni di annotazione sono state migliorate e l'integrazione con Skype for Business \u00e8 stata estesa all'interfaccia dell'applicazione.<\/p>\n<p>I nuovi dati vengono importati direttamente da altri programmi popolari come Excel in Microsoft Visio Professional 2019. In questo modo si risparmia tempo nella modifica dei diagrammi, poich\u00e9 si riduce l'immissione manuale. Per dare vita a questi diagrammi e visualizzare in modo chiaro anche grandi quantit\u00e0 di informazioni, sono disponibili numerosi colori, forme e grafici per attirare l'attenzione sui dati veramente importanti per l'osservatore. Il programma supporta anche l'integrazione di disegni creati con il famoso software AutoCAD. Questo amplia notevolmente la gamma di funzioni, rendendo possibili anche forme complesse.<\/p>\n<p>Non appena i dati precedentemente integrati nel diagramma cambiano, Microsoft Visio Professional 2019 modifica immediatamente la vista del progetto. A tal fine, il programma esegue una scansione continua dei dati integrati, indipendentemente dalla loro origine e dal fatto che siano disponibili localmente o in rete, per poi apportare immediatamente le modifiche al diagramma corrente. In questo modo, tutti coloro che lavorano al progetto hanno sempre una visione d'insieme e lavorano insieme su un'unica versione del diagramma. L'eliminazione degli aggiornamenti manuali semplifica inoltre il processo di lavoro e fa risparmiare molto tempo nel lungo periodo.<\/p>\n<p>Microsoft ha sviluppato Microsoft Visio Professional 2019 per essere compatibile con una sola edizione di Microsoft Windows 10 e Microsoft Windows 10 S. Non \u00e8 possibile utilizzare il software su una versione precedente di Microsoft Windows. Inoltre, questa offerta \u00e8 una chiave di prodotto per un PC desktop o un notebook. Non sono previsti costi di abbonamento aggiuntivi. Microsoft garantisce gli aggiornamenti per questo software per almeno cinque anni.<\/p>\n<p><strong>Requisiti di sistema:<\/strong><\/p>\n<ul>\n<li>Microsoft Windows 10, Microsoft Windows Server 2019<\/li>\n<li>Processore dual-core da 1,6 GHz o pi\u00f9 veloce<\/li>\n<li>2 GB di RAM (32 bit); 4 GB di RAM (64 bit)<\/li>\n<li>4 GB di spazio disponibile su disco rigido<\/li>\n<li>L'accelerazione grafica richiede una scheda grafica compatibile con DirectX 9. Con WDDM 2.0 o superiore per Microsoft Windows 10 (o WDDM 1.3 per Microsoft Windows 10 Fall Creators Update).<\/li>\n<\/ul>\n<p><strong>Supporto:<\/strong><\/p>\n<p>Avete domande? Non esitate a contattarci <a href=\"mailto:info@livekaarten.nl\" target=\"_self\" rel=\"noopener\">via e-mail<\/a>. Il nostro servizio clienti \u00e8 disponibile 7 giorni su 7, 24 ore al giorno.<\/p>","protected":false},"excerpt":{"rendered":"<ul>\n<li>Microsoft Visio 2019 Professional per 1 PC<\/li>\n<li>Versioni disponibili per sistemi a 32 e 64 bit<\/li>\n<li>Inviati per e-mail: codice prodotto, istruzioni, link per il download, fattura<\/li>\n<li><strong>Rimborso completo di 30 giorni - garanzia di sostituzione a vita!!!<\/strong><\/li>\n<li>Scaricate immediatamente!<\/li>\n<li>Nessun limite di tempo, nessun abbonamento<\/li>\n<li>Assistenza gratuita per l'installazione e l'attivazione<\/li>\n<li>Mancata fornitura di memoria per i dati (USB, CD, ecc.)<\/li>\n<li>Attivazione online e per telefono<\/li>\n<li><span style=\"color: #339966;\"><strong>Questo prodotto \u00e8 compatibile con Windows.<\/strong><\/span><\/li>\n<li><span style=\"color: #ff0000;\"><strong>NON \u00e8 compatibile con Apple macOS\u2122, dispositivi Android o Chromebook.<\/strong><\/span><\/li>\n<\/ul>","protected":false},"featured_media":100000114598,"comment_status":"open","ping_status":"closed","template":"","meta":[],"product_cat":[75],"product_tag":[],"class_list":{"0":"post-115522","1":"product","2":"type-product","3":"status-publish","4":"has-post-thumbnail","6":"product_cat-microsoft-office","8":"first","9":"instock","10":"sale","11":"virtual","12":"taxable","13":"purchasable","14":"product-type-simple"},"yoast_head":"<!-- This site is optimized with the Yoast SEO plugin v27.3 - https:\/\/yoast.com\/product\/yoast-seo-wordpress\/ -->\n<title>Microsoft Visio 2019 Professional voor 3 apparaten | livekaarten.nl<\/title>\n<meta name=\"robots\" content=\"index, follow, max-snippet:-1, max-image-preview:large, max-video-preview:-1\" \/>\n<link rel=\"canonical\" href=\"https:\/\/livekaarten.nl\/it\/prodotto\/microsoft-visio-2019-professional\/\" \/>\n<meta property=\"og:locale\" content=\"it_IT\" \/>\n<meta property=\"og:type\" content=\"article\" \/>\n<meta property=\"og:title\" content=\"Microsoft Visio 2019 Professional voor 3 apparaten | livekaarten.nl\" \/>\n<meta property=\"og:description\" content=\"Microsoft Visio 2019 Professional voor 1 pc  Versies beschikbaar voor 32- en 64-bits systemen  Verzonden per e-mail: productcode, instructies, downloadlinks, factuur  30 dagen volledige restitutie \u2013 levenslange vervangingsgarantie!!!  Direct downloaden!  Geen tijdslimiet, geen abonnement  Gratis ondersteuning bij installatie en activering  Geen levering van gegevensopslag (USB, cd, enz.)  Activering online en telefonisch  Dit product is compatibel met Windows.  NIET compatibel met Apple macOS\u2122, Android-apparaten of Chromebooks.\" \/>\n<meta property=\"og:url\" content=\"https:\/\/livekaarten.nl\/it\/prodotto\/microsoft-visio-2019-professional\/\" \/>\n<meta property=\"og:site_name\" content=\"livekaarten.nl\" \/>\n<meta property=\"article:modified_time\" content=\"2026-04-03T10:03:41+00:00\" \/>\n<meta name=\"twitter:card\" content=\"summary_large_image\" \/>\n<meta name=\"twitter:label1\" content=\"Tempo di lettura stimato\" \/>\n\t<meta name=\"twitter:data1\" content=\"4 minuti\" \/>\n<script type=\"application\/ld+json\" class=\"yoast-schema-graph\">{\"@context\":\"https:\\\/\\\/schema.org\",\"@graph\":[{\"@type\":\"WebPage\",\"@id\":\"https:\\\/\\\/livekaarten.nl\\\/product\\\/microsoft-visio-2019-professional\\\/\",\"url\":\"https:\\\/\\\/livekaarten.nl\\\/product\\\/microsoft-visio-2019-professional\\\/\",\"name\":\"Microsoft Visio 2019 Professional voor 3 apparaten | livekaarten.nl\",\"isPartOf\":{\"@id\":\"https:\\\/\\\/livekaarten.nl\\\/#website\"},\"primaryImageOfPage\":{\"@id\":\"https:\\\/\\\/livekaarten.nl\\\/product\\\/microsoft-visio-2019-professional\\\/#primaryimage\"},\"image\":{\"@id\":\"https:\\\/\\\/livekaarten.nl\\\/product\\\/microsoft-visio-2019-professional\\\/#primaryimage\"},\"thumbnailUrl\":\"https:\\\/\\\/livekaarten.nl\\\/wp-content\\\/uploads\\\/2025\\\/04\\\/V19P.jpg\",\"datePublished\":\"2025-06-10T11:16:10+00:00\",\"dateModified\":\"2026-04-03T10:03:41+00:00\",\"breadcrumb\":{\"@id\":\"https:\\\/\\\/livekaarten.nl\\\/product\\\/microsoft-visio-2019-professional\\\/#breadcrumb\"},\"inLanguage\":\"it-IT\",\"potentialAction\":[{\"@type\":\"ReadAction\",\"target\":[\"https:\\\/\\\/livekaarten.nl\\\/product\\\/microsoft-visio-2019-professional\\\/\"]}]},{\"@type\":\"ImageObject\",\"inLanguage\":\"it-IT\",\"@id\":\"https:\\\/\\\/livekaarten.nl\\\/product\\\/microsoft-visio-2019-professional\\\/#primaryimage\",\"url\":\"https:\\\/\\\/livekaarten.nl\\\/wp-content\\\/uploads\\\/2025\\\/04\\\/V19P.jpg\",\"contentUrl\":\"https:\\\/\\\/livekaarten.nl\\\/wp-content\\\/uploads\\\/2025\\\/04\\\/V19P.jpg\"},{\"@type\":\"BreadcrumbList\",\"@id\":\"https:\\\/\\\/livekaarten.nl\\\/product\\\/microsoft-visio-2019-professional\\\/#breadcrumb\",\"itemListElement\":[{\"@type\":\"ListItem\",\"position\":1,\"name\":\"Home\",\"item\":\"https:\\\/\\\/livekaarten.nl\\\/\"},{\"@type\":\"ListItem\",\"position\":2,\"name\":\"Winkel\",\"item\":\"https:\\\/\\\/livekaarten.nl\\\/shop\\\/\"},{\"@type\":\"ListItem\",\"position\":3,\"name\":\"Microsoft Visio 2019 Professional voor 3 apparaten\"}]},{\"@type\":\"WebSite\",\"@id\":\"https:\\\/\\\/livekaarten.nl\\\/#website\",\"url\":\"https:\\\/\\\/livekaarten.nl\\\/\",\"name\":\"Livekaarten.nl\",\"description\":\"Koop uw kantoor\",\"potentialAction\":[{\"@type\":\"SearchAction\",\"target\":{\"@type\":\"EntryPoint\",\"urlTemplate\":\"https:\\\/\\\/livekaarten.nl\\\/?s={search_term_string}\"},\"query-input\":{\"@type\":\"PropertyValueSpecification\",\"valueRequired\":true,\"valueName\":\"search_term_string\"}}],\"inLanguage\":\"it-IT\"}]}<\/script>\n<!-- \/ Yoast SEO plugin. -->","yoast_head_json":{"title":"Microsoft Visio 2019 Professional voor 3 apparaten | livekaarten.nl","robots":{"index":"index","follow":"follow","max-snippet":"max-snippet:-1","max-image-preview":"max-image-preview:large","max-video-preview":"max-video-preview:-1"},"canonical":"https:\/\/livekaarten.nl\/it\/prodotto\/microsoft-visio-2019-professional\/","og_locale":"it_IT","og_type":"article","og_title":"Microsoft Visio 2019 Professional voor 3 apparaten | livekaarten.nl","og_description":"Microsoft Visio 2019 Professional voor 1 pc  Versies beschikbaar voor 32- en 64-bits systemen  Verzonden per e-mail: productcode, instructies, downloadlinks, factuur  30 dagen volledige restitutie \u2013 levenslange vervangingsgarantie!!!  Direct downloaden!  Geen tijdslimiet, geen abonnement  Gratis ondersteuning bij installatie en activering  Geen levering van gegevensopslag (USB, cd, enz.)  Activering online en telefonisch  Dit product is compatibel met Windows.  NIET compatibel met Apple macOS\u2122, Android-apparaten of Chromebooks.","og_url":"https:\/\/livekaarten.nl\/it\/prodotto\/microsoft-visio-2019-professional\/","og_site_name":"livekaarten.nl","article_modified_time":"2026-04-03T10:03:41+00:00","twitter_card":"summary_large_image","twitter_misc":{"Tempo di lettura stimato":"4 minuti"},"schema":{"@context":"https:\/\/schema.org","@graph":[{"@type":"WebPage","@id":"https:\/\/livekaarten.nl\/product\/microsoft-visio-2019-professional\/","url":"https:\/\/livekaarten.nl\/product\/microsoft-visio-2019-professional\/","name":"Microsoft Visio 2019 Professional voor 3 apparaten | livekaarten.nl","isPartOf":{"@id":"https:\/\/livekaarten.nl\/#website"},"primaryImageOfPage":{"@id":"https:\/\/livekaarten.nl\/product\/microsoft-visio-2019-professional\/#primaryimage"},"image":{"@id":"https:\/\/livekaarten.nl\/product\/microsoft-visio-2019-professional\/#primaryimage"},"thumbnailUrl":"https:\/\/livekaarten.nl\/wp-content\/uploads\/2025\/04\/V19P.jpg","datePublished":"2025-06-10T11:16:10+00:00","dateModified":"2026-04-03T10:03:41+00:00","breadcrumb":{"@id":"https:\/\/livekaarten.nl\/product\/microsoft-visio-2019-professional\/#breadcrumb"},"inLanguage":"it-IT","potentialAction":[{"@type":"ReadAction","target":["https:\/\/livekaarten.nl\/product\/microsoft-visio-2019-professional\/"]}]},{"@type":"ImageObject","inLanguage":"it-IT","@id":"https:\/\/livekaarten.nl\/product\/microsoft-visio-2019-professional\/#primaryimage","url":"https:\/\/livekaarten.nl\/wp-content\/uploads\/2025\/04\/V19P.jpg","contentUrl":"https:\/\/livekaarten.nl\/wp-content\/uploads\/2025\/04\/V19P.jpg"},{"@type":"BreadcrumbList","@id":"https:\/\/livekaarten.nl\/product\/microsoft-visio-2019-professional\/#breadcrumb","itemListElement":[{"@type":"ListItem","position":1,"name":"Home","item":"https:\/\/livekaarten.nl\/"},{"@type":"ListItem","position":2,"name":"Winkel","item":"https:\/\/livekaarten.nl\/shop\/"},{"@type":"ListItem","position":3,"name":"Microsoft Visio 2019 Professional voor 3 apparaten"}]},{"@type":"WebSite","@id":"https:\/\/livekaarten.nl\/#website","url":"https:\/\/livekaarten.nl\/","name":"Livecards.it","description":"Acquista il tuo ufficio","potentialAction":[{"@type":"SearchAction","target":{"@type":"EntryPoint","urlTemplate":"https:\/\/livekaarten.nl\/?s={search_term_string}"},"query-input":{"@type":"PropertyValueSpecification","valueRequired":true,"valueName":"search_term_string"}}],"inLanguage":"it-IT"}]}},"_links":{"self":[{"href":"https:\/\/livekaarten.nl\/it\/wp-json\/wp\/v2\/product\/115522","targetHints":{"allow":["GET"]}}],"collection":[{"href":"https:\/\/livekaarten.nl\/it\/wp-json\/wp\/v2\/product"}],"about":[{"href":"https:\/\/livekaarten.nl\/it\/wp-json\/wp\/v2\/types\/product"}],"replies":[{"embeddable":true,"href":"https:\/\/livekaarten.nl\/it\/wp-json\/wp\/v2\/comments?post=115522"}],"wp:featuredmedia":[{"embeddable":true,"href":"https:\/\/livekaarten.nl\/it\/wp-json\/"}],"wp:attachment":[{"href":"https:\/\/livekaarten.nl\/it\/wp-json\/wp\/v2\/media?parent=115522"}],"wp:term":[{"taxonomy":"product_cat","embeddable":true,"href":"https:\/\/livekaarten.nl\/it\/wp-json\/wp\/v2\/product_cat?post=115522"},{"taxonomy":"product_tag","embeddable":true,"href":"https:\/\/livekaarten.nl\/it\/wp-json\/wp\/v2\/product_tag?post=115522"}],"curies":[{"name":"wp","href":"https:\/\/api.w.org\/{rel}","templated":true}]}}