{"id":114187,"date":"2024-12-01T07:42:54","date_gmt":"2024-12-01T05:42:54","guid":{"rendered":"https:\/\/gamecardshop.com\/livecards\/?post_type=product&#038;p=114187"},"modified":"2026-04-20T12:52:50","modified_gmt":"2026-04-20T10:52:50","slug":"microsoft-windows-11-pro-microsoft-project-2024-pro-microsoft-office-2024-pro-plus-microsoft-visio-2024-pro-premium-licentie-voor-3-apparaten","status":"publish","type":"product","link":"https:\/\/livekaarten.nl\/it\/prodotto\/microsoft-windows-11-pro-microsoft-project-2024-pro-microsoft-office-2024-pro-plus-microsoft-visio-2024-pro-premium-licentie-voor-3-apparaten\/","title":{"rendered":"Microsoft Windows 11 Professional + Microsoft Project 2024 Professional + Microsoft Office 2024 Professional Plus + Microsoft Visio 2024 Professional Premium licenza per 3 dispositivi"},"content":{"rendered":"<div class=\"product-content\">\n<h2>Microsoft Windows 11 Professional<\/h2>\n<h3>Requisiti di sistema<\/h3>\n<ul>\n<li><strong>Processore:<\/strong> 1 gigahertz (GHz) of sneller met 2 of meer kernen op een compatibele 64-bits processor of System on a Chip (SoC).<\/li>\n<li><strong>RAM:<\/strong> 4 gigabyte (GB).<\/li>\n<li><strong>Stoccaggio:<\/strong> 64 GB of groter opslagapparaat. Opmerking: zie hieronder onder &#8220;Meer informatie over opslagruimte om Windows 11 up-to-date te houden&#8221; voor meer informatie.<\/li>\n<li><strong>Firmware del sistema:<\/strong> UEFI, geschikt voor Secure Boot.<\/li>\n<li><strong>TPM:<\/strong> Trusted Platform Module (TPM) versione 2.0.<\/li>\n<li><strong>Scheda grafica:<\/strong> Compatibel met DirectX 12 of hoger met WDDM 2.0 stuurprogramma.<\/li>\n<li><strong>Display:<\/strong> Hoge definitie (720p) beeldscherm met een diagonaal van meer dan 9&#8243;, 8 bits per kleurkanaal.<\/li>\n<li><strong>Connessione a Internet e account Microsoft:<\/strong> Microsoft Windows 11 vereist een internetverbinding en een Microsoft-account om de installatie van het apparaat bij het eerste gebruik te voltooien. Om een apparaat uit Microsoft Windows 11 Home in de S-modus te schakelen, is ook een internetverbinding nodig. Voor alle Microsoft Windows 11-edities is internettoegang vereist om updates uit te voeren en bepaalde functies te downloaden en te gebruiken. Voor sommige functies is een Microsoft-account vereist.<\/li>\n<\/ul>\n<p>Nel corso del tempo, potrebbero essere richiesti ulteriori aggiornamenti e requisiti per abilitare specifiche funzionalit\u00e0 del sistema operativo.<\/p>\n<hr \/>\n<h3>Extra vereisten voor belangrijke functies<\/h3>\n<p>Alcune funzioni di Microsoft Windows 11 hanno requisiti pi\u00f9 elevati di quelli elencati nella sezione dei requisiti minimi. Di seguito sono riportate ulteriori informazioni sui requisiti delle funzioni principali:<\/p>\n<ul>\n<li>Il supporto 5G richiede un modem abilitato al 5G.<\/li>\n<li>L'Auto HDR richiede un monitor HDR.<\/li>\n<li>BitLocker to Go richiede un'unit\u00e0 flash USB (disponibile nelle edizioni di Windows Pro e successive).<\/li>\n<li>Il client Hyper-V richiede un processore con capacit\u00e0 SLAT (traduzione degli indirizzi di secondo livello) (disponibile nelle edizioni di Windows Pro e successive).<\/li>\n<li>Cortana vereist een microfoon en luidspreker en is momenteel beschikbaar in Windows 11 voor Australi\u00eb, Brazili\u00eb, Canada, China, Frankrijk, Duitsland, India, Itali\u00eb, Japan, Mexico, Spanje, het Verenigd Koninkrijk en de Verenigde Staten.<\/li>\n<li>DirectStorage vereist een NVMe SSD om games op te slaan en uit te voeren die het stuurprogramma &#8220;Standard NVM Express Controller&#8221; gebruiken en een DirectX 12 GPU met ondersteuning voor Shader Model 6.0.<\/li>\n<li>DirectX 12 Ultimate \u00e8 disponibile con i giochi e i chip grafici supportati.<\/li>\n<li>Aanwezigheid vereist een sensor die de menselijke afstand tot het apparaat of de intentie tot interactie met het apparaat kan detecteren.<\/li>\n<li>Le videoconferenze intelligenti richiedono una videocamera, un microfono e un altoparlante (uscita audio).<\/li>\n<li>L'assistente vocale multiplo (MVA) richiede un microfono e un altoparlante.<\/li>\n<li>I layout Snap a tre colonne richiedono uno schermo con una larghezza effettiva di 1920 pixel o pi\u00f9.<\/li>\n<li>Mute\/Unmute vanuit taakbalk vereist videocamera, microfoon en luidspreker (audio-uitgang). App moet compatibel zijn met de functie om globale mute\/unmute in te schakelen.<\/li>\n<li>Il suono spaziale richiede hardware e software di supporto.<\/li>\n<li>Le squadre richiedono una videocamera, un microfono e un altoparlante (uscita audio).<\/li>\n<li>Il touch richiede uno schermo o un monitor che supporti il multi-touch.<\/li>\n<li>L'autenticazione a due fattori richiede l'uso del PIN, della biometria (lettore di impronte digitali o telecamera a infrarossi illuminata) o di un telefono con funzionalit\u00e0 Wi-Fi o Bluetooth.<\/li>\n<li>La digitazione vocale richiede un PC con un microfono.<\/li>\n<li>Wake on Voice richiede un modello di alimentazione Modern Standby e un microfono.<\/li>\n<li>Il Wi-Fi 6E richiede un nuovo hardware e driver WLAN IHV e un AP\/router abilitato al Wi-Fi 6E.<\/li>\n<li>Windows Hello richiede una fotocamera configurata per l'imaging nel vicino infrarosso (IR) o un lettore di impronte digitali per l'autenticazione biometrica. I dispositivi senza sensori biometrici possono utilizzare Windows Hello con un PIN o una chiave di sicurezza portatile compatibile con Microsoft.<\/li>\n<li>Windows Projection richiede un adattatore di schermo che supporti Windows Display Driver Model (WDDM) 2.0 e un adattatore Wi-Fi che supporti Wi-Fi Direct.<\/li>\n<li>Xbox (app) vereist een Xbox Live-account, dat niet in alle regio&#8217;s beschikbaar is. Zie Landen en regio&#8217;s van Xbox Live voor de meest actuele informatie over beschikbaarheid. Voor sommige functies in de Xbox app is een actief Xbox Game Pass-abonnement vereist. Meer informatie over de pas.<\/li>\n<\/ul>\n<hr \/>\n<h2>Microsoft Project 2024 Professional<\/h2>\n<p>De krachtige Microsoft Project Professional 2024 Edition beschikt over uitgebreide functies en nieuwe interfaces voor MS SharePoint, Project Server en Skype. De software maakt volledig gebruik van de vele voordelen van het Microsoft Windows 10 of 11 besturingssysteem, maar wordt niet ondersteund op oudere Windows-versies. MS Project Professional 2024 richt zich voornamelijk op projectmanagers in bedrijven die hun individuele projecten plannen, beheren, documenteren en later analyseren.<\/p>\n<hr \/>\n<h2>Microsoft Office 2024 Professional Plus<\/h2>\n<p>Microsoft Office-gebruikers die thuis of op kantoor het volledige scala aan toepassingen gebruiken, zitten goed met de Microsoft Office 2024 Professional Plus Edition. Alle belangrijke programma&#8217;s zijn inbegrepen: Word, Excel, Outlook, PowerPoint en Access. OneNote is nu te downloaden in de Windows Store zodat je snel notities kunt maken en deze via de cloud op alle apparaten beschikbaar kunt maken. Vanwege het brede scala aan verschillende programma&#8217;s is deze versie vooral gericht op mensen die thuis werken, in het thuiskantoor, of die op zoek zijn naar een krachtige en betrouwbare oplossing op kantoor om documenten, tabellen en meer te organiseren.<\/p>\n<ul>\n<li><strong>Microsoft Word:<\/strong> Create documenti di testo di qualit\u00e0 professionale in pochissimo tempo.<\/li>\n<li><strong>Microsoft Excel:<\/strong> Foglio elettronico intelligente per la gestione delle informazioni.<\/li>\n<li><strong>Microsoft PowerPoint:<\/strong> Creare presentazioni dinamiche e di grande effetto.<\/li>\n<li><strong>Microsoft OneNote:<\/strong> Il vostro taccuino digitale.<\/li>\n<li><strong>Microsoft Outlook:<\/strong> Facile da comunicare.<\/li>\n<li><strong>Microsoft Access:<\/strong> Databaseprogrammering voor browsergebaseerde toepassingen.<\/li>\n<\/ul>\n<p><strong>Nota importante:<\/strong> <strong>Squadre<\/strong> \u00e8 <strong>NON<\/strong> inbegrepen in deze versie van Office.<\/p>\n<hr \/>\n<h2>Microsoft Visio 2024 Professional<\/h2>\n<p>Microsoft Visio Professional 2024 \u00e8 l'ultima generazione del famoso software di Microsoft per la creazione e la modifica di diagrammi e visualizzazioni. Visio Professional \u00e8 particolarmente adatto alle aziende, in quanto pi\u00f9 utenti di un team o di un reparto possono lavorare contemporaneamente sui diagrammi. Sono disponibili numerose interfacce per condividere le visualizzazioni completate sia internamente che esternamente con persone selezionate. Microsoft ha lavorato intensamente sui modelli e sulle forme che vengono continuamente utilizzati in Visio. Anche gli stili dei diagrammi sono stati migliorati, per renderli pi\u00f9 suggestivi dal punto di vista visivo e al tempo stesso pi\u00f9 facili da leggere. Con Microsoft Visio Professional 2024 \u00e8 inoltre possibile inserire dati in una visualizzazione esistente in tempo reale.<\/p>\n<\/div>","protected":false},"excerpt":{"rendered":"<ul>\n<li>Licenza: questa licenza consente di attivare il software su 3 diversi dispositivi, ad esempio PC di casa, notebook e PC di lavoro.<\/li>\n<li>Consegna: il link per il download, il codice prodotto, le istruzioni e la fattura vengono consegnati direttamente via e-mail.<\/li>\n<li>Versione: Versione completa e illimitata da un Microsoft Gold Partner certificato - garanzia di rimborso a vita!<\/li>\n<li>Lingue: inglese, spagnolo, italiano, tedesco, francese<\/li>\n<li>Assistenza: 24 ore su 24, 7 giorni su 7, in olandese, francese e tedesco.<\/li>\n<li><strong><span style=\"color: #008000;\">Questo prodotto \u00e8 compatibile con Microsoft Windows.<\/span><\/strong><\/li>\n<li><strong><span style=\"color: #ff0000;\">NON \u00e8 compatibile con Apple macOS\u2122, dispositivi Android e Chromebook.<\/span><\/strong><\/li>\n<\/ul>","protected":false},"featured_media":114637,"comment_status":"open","ping_status":"closed","template":"","meta":{"rs_blank_template":"","rs_page_bg_color":"","slide_template_v7":""},"product_cat":[137,81,75,129,89],"product_tag":[120,119],"class_list":{"0":"post-114187","1":"product","2":"type-product","3":"status-publish","4":"has-post-thumbnail","6":"product_cat-bestseller","7":"product_cat-combo","8":"product_cat-microsoft-office","9":"product_cat-office-2024","10":"product_cat-windows-11","11":"product_tag-microsoft-windows-11-pro-project-2021-pro-office-2021-pro-visio-2021-standard","12":"product_tag-microsoft-windows-11-pro-project-2021-pro-office-2021-pro-visio-2021-standard-license-for-3-pcs","14":"first","15":"instock","16":"sale","17":"virtual","18":"taxable","19":"purchasable","20":"product-type-simple"},"yoast_head":"<!-- This site is optimized with the Yoast SEO plugin v27.5 - https:\/\/yoast.com\/product\/yoast-seo-wordpress\/ -->\n<title>Microsoft Windows 11 Professional + Microsoft Project 2024 Professional + Microsoft Office 2024 Professional Plus + Microsoft Visio 2024 Professional Premium-licentie voor 3 apparaten<\/title>\n<meta name=\"description\" content=\"With this license the software can be activated on 3 different devices, e.g. home PC, notebook and work PC. Lifetime Replacement Warranty!!!\" \/>\n<meta name=\"robots\" content=\"index, follow, max-snippet:-1, max-image-preview:large, max-video-preview:-1\" \/>\n<link rel=\"canonical\" href=\"https:\/\/livekaarten.nl\/it\/prodotto\/microsoft-windows-11-pro-microsoft-project-2024-pro-microsoft-office-2024-pro-plus-microsoft-visio-2024-pro-premium-licentie-voor-3-apparaten\/\" \/>\n<meta property=\"og:locale\" content=\"it_IT\" \/>\n<meta property=\"og:type\" content=\"article\" \/>\n<meta property=\"og:title\" content=\"Microsoft Windows 11 Professional + Microsoft Project 2024 Professional + Microsoft Office 2024 Professional Plus + Microsoft Visio 2024 Professional Premium-licentie voor 3 apparaten\" \/>\n<meta property=\"og:description\" content=\"With this license the software can be activated on 3 different devices, e.g. home PC, notebook and work PC. Lifetime Replacement Warranty!!!\" \/>\n<meta property=\"og:url\" content=\"https:\/\/livekaarten.nl\/it\/prodotto\/microsoft-windows-11-pro-microsoft-project-2024-pro-microsoft-office-2024-pro-plus-microsoft-visio-2024-pro-premium-licentie-voor-3-apparaten\/\" \/>\n<meta property=\"og:site_name\" content=\"livekaarten.nl\" \/>\n<meta property=\"article:modified_time\" content=\"2026-04-20T10:52:50+00:00\" \/>\n<meta property=\"og:image\" content=\"https:\/\/livekaarten.nl\/wp-content\/uploads\/2025\/04\/W11P-O24PP-P24P-V24P.jpg\" \/>\n\t<meta property=\"og:image:width\" content=\"1000\" \/>\n\t<meta property=\"og:image:height\" content=\"1500\" \/>\n\t<meta property=\"og:image:type\" content=\"image\/jpeg\" \/>\n<meta name=\"twitter:card\" content=\"summary_large_image\" \/>\n<meta name=\"twitter:label1\" content=\"Tempo di lettura stimato\" \/>\n\t<meta name=\"twitter:data1\" content=\"5 minuti\" \/>\n<script type=\"application\/ld+json\" class=\"yoast-schema-graph\">{\"@context\":\"https:\\\/\\\/schema.org\",\"@graph\":[{\"@type\":\"WebPage\",\"@id\":\"https:\\\/\\\/livekaarten.nl\\\/product\\\/microsoft-windows-11-pro-microsoft-project-2024-pro-microsoft-office-2024-pro-plus-microsoft-visio-2024-pro-premium-licentie-voor-3-apparaten\\\/\",\"url\":\"https:\\\/\\\/livekaarten.nl\\\/product\\\/microsoft-windows-11-pro-microsoft-project-2024-pro-microsoft-office-2024-pro-plus-microsoft-visio-2024-pro-premium-licentie-voor-3-apparaten\\\/\",\"name\":\"Microsoft Windows 11 Professional + Microsoft Project 2024 Professional + Microsoft Office 2024 Professional Plus + Microsoft Visio 2024 Professional Premium-licentie voor 3 apparaten\",\"isPartOf\":{\"@id\":\"https:\\\/\\\/livekaarten.nl\\\/#website\"},\"primaryImageOfPage\":{\"@id\":\"https:\\\/\\\/livekaarten.nl\\\/product\\\/microsoft-windows-11-pro-microsoft-project-2024-pro-microsoft-office-2024-pro-plus-microsoft-visio-2024-pro-premium-licentie-voor-3-apparaten\\\/#primaryimage\"},\"image\":{\"@id\":\"https:\\\/\\\/livekaarten.nl\\\/product\\\/microsoft-windows-11-pro-microsoft-project-2024-pro-microsoft-office-2024-pro-plus-microsoft-visio-2024-pro-premium-licentie-voor-3-apparaten\\\/#primaryimage\"},\"thumbnailUrl\":\"https:\\\/\\\/livekaarten.nl\\\/wp-content\\\/uploads\\\/2025\\\/04\\\/W11P-O24PP-P24P-V24P.jpg\",\"datePublished\":\"2024-12-01T05:42:54+00:00\",\"dateModified\":\"2026-04-20T10:52:50+00:00\",\"description\":\"With this license the software can be activated on 3 different devices, e.g. home PC, notebook and work PC. Lifetime Replacement Warranty!!!\",\"breadcrumb\":{\"@id\":\"https:\\\/\\\/livekaarten.nl\\\/product\\\/microsoft-windows-11-pro-microsoft-project-2024-pro-microsoft-office-2024-pro-plus-microsoft-visio-2024-pro-premium-licentie-voor-3-apparaten\\\/#breadcrumb\"},\"inLanguage\":\"it-IT\",\"potentialAction\":[{\"@type\":\"ReadAction\",\"target\":[\"https:\\\/\\\/livekaarten.nl\\\/product\\\/microsoft-windows-11-pro-microsoft-project-2024-pro-microsoft-office-2024-pro-plus-microsoft-visio-2024-pro-premium-licentie-voor-3-apparaten\\\/\"]}]},{\"@type\":\"ImageObject\",\"inLanguage\":\"it-IT\",\"@id\":\"https:\\\/\\\/livekaarten.nl\\\/product\\\/microsoft-windows-11-pro-microsoft-project-2024-pro-microsoft-office-2024-pro-plus-microsoft-visio-2024-pro-premium-licentie-voor-3-apparaten\\\/#primaryimage\",\"url\":\"https:\\\/\\\/livekaarten.nl\\\/wp-content\\\/uploads\\\/2025\\\/04\\\/W11P-O24PP-P24P-V24P.jpg\",\"contentUrl\":\"https:\\\/\\\/livekaarten.nl\\\/wp-content\\\/uploads\\\/2025\\\/04\\\/W11P-O24PP-P24P-V24P.jpg\",\"width\":1000,\"height\":1500},{\"@type\":\"BreadcrumbList\",\"@id\":\"https:\\\/\\\/livekaarten.nl\\\/product\\\/microsoft-windows-11-pro-microsoft-project-2024-pro-microsoft-office-2024-pro-plus-microsoft-visio-2024-pro-premium-licentie-voor-3-apparaten\\\/#breadcrumb\",\"itemListElement\":[{\"@type\":\"ListItem\",\"position\":1,\"name\":\"Home\",\"item\":\"https:\\\/\\\/livekaarten.nl\\\/\"},{\"@type\":\"ListItem\",\"position\":2,\"name\":\"Winkel\",\"item\":\"https:\\\/\\\/livekaarten.nl\\\/shop\\\/\"},{\"@type\":\"ListItem\",\"position\":3,\"name\":\"Microsoft Windows 11 Professional + Microsoft Project 2024 Professional + Microsoft Office 2024 Professional Plus + Microsoft Visio 2024 Professional Premium-licentie voor 3 apparaten\"}]},{\"@type\":\"WebSite\",\"@id\":\"https:\\\/\\\/livekaarten.nl\\\/#website\",\"url\":\"https:\\\/\\\/livekaarten.nl\\\/\",\"name\":\"Livekaarten.nl\",\"description\":\"Koop uw kantoor\",\"potentialAction\":[{\"@type\":\"SearchAction\",\"target\":{\"@type\":\"EntryPoint\",\"urlTemplate\":\"https:\\\/\\\/livekaarten.nl\\\/?s={search_term_string}\"},\"query-input\":{\"@type\":\"PropertyValueSpecification\",\"valueRequired\":true,\"valueName\":\"search_term_string\"}}],\"inLanguage\":\"it-IT\"}]}<\/script>\n<!-- \/ Yoast SEO plugin. -->","yoast_head_json":{"title":"Microsoft Windows 11 Professional + Microsoft Project 2024 Professional + Microsoft Office 2024 Professional Plus + Microsoft Visio 2024 Professional Premium-licentie voor 3 apparaten","description":"Con questa licenza il software pu\u00f2 essere attivato su 3 diversi dispositivi, ad esempio PC di casa, notebook e PC di lavoro. Garanzia di sostituzione a vita!!!","robots":{"index":"index","follow":"follow","max-snippet":"max-snippet:-1","max-image-preview":"max-image-preview:large","max-video-preview":"max-video-preview:-1"},"canonical":"https:\/\/livekaarten.nl\/it\/prodotto\/microsoft-windows-11-pro-microsoft-project-2024-pro-microsoft-office-2024-pro-plus-microsoft-visio-2024-pro-premium-licentie-voor-3-apparaten\/","og_locale":"it_IT","og_type":"article","og_title":"Microsoft Windows 11 Professional + Microsoft Project 2024 Professional + Microsoft Office 2024 Professional Plus + Microsoft Visio 2024 Professional Premium-licentie voor 3 apparaten","og_description":"With this license the software can be activated on 3 different devices, e.g. home PC, notebook and work PC. Lifetime Replacement Warranty!!!","og_url":"https:\/\/livekaarten.nl\/it\/prodotto\/microsoft-windows-11-pro-microsoft-project-2024-pro-microsoft-office-2024-pro-plus-microsoft-visio-2024-pro-premium-licentie-voor-3-apparaten\/","og_site_name":"livekaarten.nl","article_modified_time":"2026-04-20T10:52:50+00:00","og_image":[{"width":1000,"height":1500,"url":"https:\/\/livekaarten.nl\/wp-content\/uploads\/2025\/04\/W11P-O24PP-P24P-V24P.jpg","type":"image\/jpeg"}],"twitter_card":"summary_large_image","twitter_misc":{"Tempo di lettura stimato":"5 minuti"},"schema":{"@context":"https:\/\/schema.org","@graph":[{"@type":"WebPage","@id":"https:\/\/livekaarten.nl\/product\/microsoft-windows-11-pro-microsoft-project-2024-pro-microsoft-office-2024-pro-plus-microsoft-visio-2024-pro-premium-licentie-voor-3-apparaten\/","url":"https:\/\/livekaarten.nl\/product\/microsoft-windows-11-pro-microsoft-project-2024-pro-microsoft-office-2024-pro-plus-microsoft-visio-2024-pro-premium-licentie-voor-3-apparaten\/","name":"Microsoft Windows 11 Professional + Microsoft Project 2024 Professional + Microsoft Office 2024 Professional Plus + Microsoft Visio 2024 Professional Premium-licentie voor 3 apparaten","isPartOf":{"@id":"https:\/\/livekaarten.nl\/#website"},"primaryImageOfPage":{"@id":"https:\/\/livekaarten.nl\/product\/microsoft-windows-11-pro-microsoft-project-2024-pro-microsoft-office-2024-pro-plus-microsoft-visio-2024-pro-premium-licentie-voor-3-apparaten\/#primaryimage"},"image":{"@id":"https:\/\/livekaarten.nl\/product\/microsoft-windows-11-pro-microsoft-project-2024-pro-microsoft-office-2024-pro-plus-microsoft-visio-2024-pro-premium-licentie-voor-3-apparaten\/#primaryimage"},"thumbnailUrl":"https:\/\/livekaarten.nl\/wp-content\/uploads\/2025\/04\/W11P-O24PP-P24P-V24P.jpg","datePublished":"2024-12-01T05:42:54+00:00","dateModified":"2026-04-20T10:52:50+00:00","description":"Con questa licenza il software pu\u00f2 essere attivato su 3 diversi dispositivi, ad esempio PC di casa, notebook e PC di lavoro. Garanzia di sostituzione a vita!!!","breadcrumb":{"@id":"https:\/\/livekaarten.nl\/product\/microsoft-windows-11-pro-microsoft-project-2024-pro-microsoft-office-2024-pro-plus-microsoft-visio-2024-pro-premium-licentie-voor-3-apparaten\/#breadcrumb"},"inLanguage":"it-IT","potentialAction":[{"@type":"ReadAction","target":["https:\/\/livekaarten.nl\/product\/microsoft-windows-11-pro-microsoft-project-2024-pro-microsoft-office-2024-pro-plus-microsoft-visio-2024-pro-premium-licentie-voor-3-apparaten\/"]}]},{"@type":"ImageObject","inLanguage":"it-IT","@id":"https:\/\/livekaarten.nl\/product\/microsoft-windows-11-pro-microsoft-project-2024-pro-microsoft-office-2024-pro-plus-microsoft-visio-2024-pro-premium-licentie-voor-3-apparaten\/#primaryimage","url":"https:\/\/livekaarten.nl\/wp-content\/uploads\/2025\/04\/W11P-O24PP-P24P-V24P.jpg","contentUrl":"https:\/\/livekaarten.nl\/wp-content\/uploads\/2025\/04\/W11P-O24PP-P24P-V24P.jpg","width":1000,"height":1500},{"@type":"BreadcrumbList","@id":"https:\/\/livekaarten.nl\/product\/microsoft-windows-11-pro-microsoft-project-2024-pro-microsoft-office-2024-pro-plus-microsoft-visio-2024-pro-premium-licentie-voor-3-apparaten\/#breadcrumb","itemListElement":[{"@type":"ListItem","position":1,"name":"Home","item":"https:\/\/livekaarten.nl\/"},{"@type":"ListItem","position":2,"name":"Winkel","item":"https:\/\/livekaarten.nl\/shop\/"},{"@type":"ListItem","position":3,"name":"Microsoft Windows 11 Professional + Microsoft Project 2024 Professional + Microsoft Office 2024 Professional Plus + Microsoft Visio 2024 Professional Premium-licentie voor 3 apparaten"}]},{"@type":"WebSite","@id":"https:\/\/livekaarten.nl\/#website","url":"https:\/\/livekaarten.nl\/","name":"Livecards.it","description":"Acquista il tuo ufficio","potentialAction":[{"@type":"SearchAction","target":{"@type":"EntryPoint","urlTemplate":"https:\/\/livekaarten.nl\/?s={search_term_string}"},"query-input":{"@type":"PropertyValueSpecification","valueRequired":true,"valueName":"search_term_string"}}],"inLanguage":"it-IT"}]}},"_links":{"self":[{"href":"https:\/\/livekaarten.nl\/it\/wp-json\/wp\/v2\/product\/114187","targetHints":{"allow":["GET"]}}],"collection":[{"href":"https:\/\/livekaarten.nl\/it\/wp-json\/wp\/v2\/product"}],"about":[{"href":"https:\/\/livekaarten.nl\/it\/wp-json\/wp\/v2\/types\/product"}],"replies":[{"embeddable":true,"href":"https:\/\/livekaarten.nl\/it\/wp-json\/wp\/v2\/comments?post=114187"}],"wp:featuredmedia":[{"embeddable":true,"href":"https:\/\/livekaarten.nl\/it\/wp-json\/wp\/v2\/media\/114637"}],"wp:attachment":[{"href":"https:\/\/livekaarten.nl\/it\/wp-json\/wp\/v2\/media?parent=114187"}],"wp:term":[{"taxonomy":"product_cat","embeddable":true,"href":"https:\/\/livekaarten.nl\/it\/wp-json\/wp\/v2\/product_cat?post=114187"},{"taxonomy":"product_tag","embeddable":true,"href":"https:\/\/livekaarten.nl\/it\/wp-json\/wp\/v2\/product_tag?post=114187"}],"curies":[{"name":"wp","href":"https:\/\/api.w.org\/{rel}","templated":true}]}}