{"id":114083,"date":"2024-11-03T18:31:41","date_gmt":"2024-11-03T16:31:41","guid":{"rendered":"https:\/\/gamecardshop.com\/livecards\/?post_type=product&#038;p=114083"},"modified":"2026-04-03T12:03:41","modified_gmt":"2026-04-03T10:03:41","slug":"microsoft-windows-11-professional-microsoft-project-2024-professional-licentie-voor-3","status":"publish","type":"product","link":"https:\/\/livekaarten.nl\/it\/prodotto\/microsoft-windows-11-professional-microsoft-project-2024-professional-licentie-voor-3\/","title":{"rendered":"Microsoft Windows 11 Professional + Licenza Microsoft Project 2024 Professional per 3 dispositivi"},"content":{"rendered":"<div id=\"coreui-banner-l03vzh8\" data-m=\"{&quot;cN&quot;:&quot;R2Banner 1&quot;,&quot;cT&quot;:&quot;Module_coreui-banner&quot;,&quot;id&quot;:&quot;m1r2a2&quot;,&quot;sN&quot;:1,&quot;aN&quot;:&quot;r2a2&quot;}\" data-module-id=\"WDG-Microsoft Windows|primaryR2|coreui-region|coreui-banner-l03vzh8|coreui-banner\">\n<div class=\"m-banner f-align-left\" data-grid=\"col-12\">\n<h2>Licenza Microsoft Windows 11 Professional per 3 PC<\/h2>\n<p><strong>Con questa licenza, il software pu\u00f2 essere attivato su 3 dispositivi diversi, ad esempio un PC di casa, un portatile e un PC di lavoro.<\/strong><\/p>\n<p><strong>Rimborso completo di 30 giorni - garanzia di sostituzione a vita!<\/strong><\/p>\n<p class=\"c-heading-3\">Requisiti di sistema:<\/p>\n<\/div>\n<\/div>\n<hr class=\"c-divider f-pad-top-3x\" data-grid=\"col-12\" \/>\n<div id=\"coreui-contentrichblock-o5iouct\" data-m=\"{&quot;cN&quot;:&quot;R2ContentRichBlock 1&quot;,&quot;cT&quot;:&quot;Module_coreui-contentrichblock&quot;,&quot;id&quot;:&quot;m3r2a2&quot;,&quot;sN&quot;:3,&quot;aN&quot;:&quot;r2a2&quot;}\" data-module-id=\"WDG-Microsoft Windows|primaryR2|coreui-region|coreui-contentrichblock-o5iouct|coreui-contentrichblock\">\n<div class=\"m-rich-content-block context-ucx\" data-grid=\"col-12\">\n<p>Assicuratevi di essere pronti per l'ultimo e pi\u00f9 grande sistema operativo di Microsoft!<\/p>\n<p>Questi sono i requisiti minimi per installare Microsoft Windows 11 su un PC. Se il vostro dispositivo non soddisfa questi requisiti, potreste non essere in grado di installare Windows 11 e si consiglia di acquistare un nuovo PC. Non siete sicuri che il vostro PC sia conforme? Contattate il produttore (OEM) o utilizzate l'applicazione PC Health Check se avete gi\u00e0 Windows 10 (<a href=\"https:\/\/aka.ms\/GetPCHealthCheckApp\" target=\"_self\" rel=\"noopener\"><b>scarica ora<\/b><\/a>).<\/p>\n<\/div>\n<div id=\"coreui-tablev2-62jrfm3\" data-m=\"{&quot;cN&quot;:&quot;R2TableV2 1&quot;,&quot;cT&quot;:&quot;Module_coreui-tablev2&quot;,&quot;id&quot;:&quot;m4r2a2&quot;,&quot;sN&quot;:4,&quot;aN&quot;:&quot;r2a2&quot;}\" data-module-id=\"WDG-Microsoft Windows|primaryR2|coreui-region|coreui-tablev2-62jrfm3|coreui-tablev2\">\n<div class=\"m-table\">\n<div class=\"c-table\">\n<table>\n<thead>\n<tr>\n<th><\/th>\n<th><\/th>\n<\/tr>\n<\/thead>\n<tbody>\n<tr>\n<td><strong>Processore:<\/strong><\/td>\n<td>1 gigahertz (GHz) o pi\u00f9 veloce con 2 o pi\u00f9 core su un processore o SoC (System on a Chip) compatibile a 64 bit.<\/td>\n<\/tr>\n<tr>\n<td><strong>RAM:<\/strong><\/td>\n<td>4 gigabyte (GB)<\/td>\n<\/tr>\n<tr>\n<td><strong>Stoccaggio:<\/strong><\/td>\n<td>64 GB o pi\u00f9<br \/>\n<em>Osservazione:<\/em> Per ulteriori dettagli, consultare la sezione \u201cUlteriori informazioni sui requisiti di archiviazione per mantenere Windows 11 aggiornato\u201d.<\/td>\n<\/tr>\n<tr>\n<td><strong>Firmware del sistema:<\/strong><\/td>\n<td>UEFI, adatto al Secure Boot<\/td>\n<\/tr>\n<tr>\n<td><strong>TPM:<\/strong><\/td>\n<td>Modulo di piattaforma affidabile (TPM) versione 2.0<\/td>\n<\/tr>\n<tr>\n<td><strong>Scheda grafica:<\/strong><\/td>\n<td>Compatibile con DirectX 12 o superiore con driver WDDM 2.0<\/td>\n<\/tr>\n<tr>\n<td><strong>Display:<\/strong><\/td>\n<td>Display HD (720p) con diagonale superiore a 9\u2033, 8 bit per canale di colore<\/td>\n<\/tr>\n<tr>\n<td><strong>Connessione a Internet e account Microsoft:<\/strong><\/td>\n<td>Tutte le edizioni di Microsoft Windows 11 richiedono una connessione a Internet per eseguire gli aggiornamenti, scaricare e utilizzare alcune funzioni. Alcune funzioni richiedono un account Microsoft.<\/td>\n<\/tr>\n<\/tbody>\n<\/table>\n<\/div>\n<\/div>\n<\/div>\n<\/div>\n<div id=\"primaryR3\" data-grid=\"container\" data-region-key=\"primaryr3\">\n<div class=\"m-rich-content-block context-ucx\" data-grid=\"col-12\">\n<h2>Licenza Microsoft Project 2024 Professional Plus per 3 PC<\/h2>\n<p><strong>Con questa licenza, il software pu\u00f2 essere attivato su 3 diversi dispositivi, ad esempio un PC di casa, un notebook e un PC di lavoro.<\/strong><br \/>\n<strong>Rimborso completo di 30 giorni - garanzia di sostituzione a vita!!!<\/strong><\/p>\n<p>Microsoft Project 2024 offre nuove funzionalit\u00e0 e miglioramenti che consentono ai team di organizzare il lavoro in modo ancora pi\u00f9 efficace, gestire le attivit\u00e0 e pianificare budget e risorse. Questa nuova versione introduce importanti innovazioni a vantaggio sia dei principianti che dei professionisti che lavorano su progetti di qualsiasi complessit\u00e0:<\/p>\n<ul>\n<li>Nuova interfaccia utente intuitiva e personalizzabile, con una navigazione migliorata e una visualizzazione flessibile dei dati.<\/li>\n<li>I modelli preimpostati aiutano ad avviare rapidamente il progetto<\/li>\n<li>Sincronizzazione con Project Online e Project Server per l'integrazione e la gestione delle risorse<\/li>\n<li>Gli scenari \"what-if\" aiutano a ottimizzare l'assegnazione dei compiti attraverso le simulazioni<\/li>\n<li>Completamento automatico delle date di inizio e fine in base alle dipendenze, per una migliore pianificazione.<\/li>\n<li>Utilizzare pi\u00f9 linee temporali per una chiara rappresentazione visiva di programmi complessi.<\/li>\n<li>Nuove funzionalit\u00e0 per la visualizzazione e l'analisi dei dati, con la possibilit\u00e0 di passare facilmente da una modalit\u00e0 di visualizzazione all'altra, come Kanban e Scrumboard.<\/li>\n<li>Supporto per metodologie Agile, Scrum, Waterfall e ibride, che consentono agli utenti di combinare elementi di diversi metodi di lavoro.<\/li>\n<\/ul>\n<p><strong>Supporto:<\/strong> Domande? Sentitevi liberi di <a href=\"mailto:info@livekaarten.nl\" rel=\"noopener\">contattaci via e-mail<\/a>. Il nostro servizio clienti \u00e8 disponibile 24 ore su 24, 7 giorni su 7.<\/p>\n<\/div>\n<\/div>","protected":false},"excerpt":{"rendered":"<ul>\n<li>Licenza Microsoft Windows 11 Professional per 3 PC<\/li>\n<li>Licenza Microsoft Project 2024 Professional per 3 PC<\/li>\n<li><strong>Con questa licenza, il software pu\u00f2 essere attivato su 3 diversi dispositivi<\/strong>, ad esempio, PC di casa, notebook e PC di lavoro.<\/li>\n<li><strong>Rimborso completo di 30 giorni - garanzia di sostituzione a vita!!!<\/strong><\/li>\n<li>Versione per sistemi a 64 bit<\/li>\n<li>Consegna via e-mail: chiave del prodotto, manuale, link per il download e fattura<\/li>\n<li>Download immediato!<\/li>\n<li>Nessun limite di tempo, nessun abbonamento<\/li>\n<li>Assistenza gratuita per l'installazione e l'attivazione<\/li>\n<li>Nessuna consegna su supporto fisico (USB, CD, ecc.).<\/li>\n<li>Attivazione online o per telefono<\/li>\n<li>Per Microsoft Windows<\/li>\n<li><span style=\"color: #339966;\"><strong>Questo prodotto \u00e8 compatibile con Windows.<\/strong><\/span><\/li>\n<li><span style=\"color: #ff0000;\"><strong>NON \u00e8 compatibile con Apple macOS\u2122, dispositivi Android o Chromebook.<\/strong><\/span><\/li>\n<\/ul>","protected":false},"featured_media":114635,"comment_status":"closed","ping_status":"closed","template":"","meta":[],"product_cat":[137,75,136],"product_tag":[79,84],"class_list":{"0":"post-114083","1":"product","2":"type-product","3":"status-publish","4":"has-post-thumbnail","6":"product_cat-bestseller","7":"product_cat-microsoft-office","8":"product_cat-project","9":"product_tag-ms-office","10":"product_tag-office","12":"first","13":"instock","14":"sale","15":"virtual","16":"taxable","17":"purchasable","18":"product-type-simple"},"yoast_head":"<!-- This site is optimized with the Yoast SEO plugin v27.3 - https:\/\/yoast.com\/product\/yoast-seo-wordpress\/ -->\n<title>Microsoft Windows 11 Professional + Microsoft Project 2024 Professional Licentie voor 3 apparaten | livekaarten.nl<\/title>\n<meta name=\"robots\" content=\"index, follow, max-snippet:-1, max-image-preview:large, max-video-preview:-1\" \/>\n<link rel=\"canonical\" href=\"https:\/\/livekaarten.nl\/it\/prodotto\/microsoft-windows-11-professional-microsoft-project-2024-professional-licentie-voor-3\/\" \/>\n<meta property=\"og:locale\" content=\"it_IT\" \/>\n<meta property=\"og:type\" content=\"article\" \/>\n<meta property=\"og:title\" content=\"Microsoft Windows 11 Professional + Microsoft Project 2024 Professional Licentie voor 3 apparaten | livekaarten.nl\" \/>\n<meta property=\"og:description\" content=\"Microsoft Windows 11 Professional-licentie voor 3 pc\u2019s  Microsoft Project 2024 Professional-licentie voor 3 pc\u2019s  Met deze licentie kan de software op 3 verschillende apparaten worden geactiveerd, bijvoorbeeld thuis-pc, notebook en werk-pc  30 dagen volledige terugbetaling \u2013 levenslange vervangingsgarantie!!!  Versie voor 64-bits systemen  Levering per e-mail: productsleutel, handleiding, downloadlinks en factuur  Directe download!  Geen tijdslimiet, geen abonnement  Gratis ondersteuning bij installatie en activering  Geen levering op fysieke dragers (USB, cd, enz.)  Activering online of telefonisch  Voor Microsoft Windows  Dit product is compatibel met Windows.  NIET compatibel met Apple macOS\u2122, Android-apparaten of Chromebooks.\" \/>\n<meta property=\"og:url\" content=\"https:\/\/livekaarten.nl\/it\/prodotto\/microsoft-windows-11-professional-microsoft-project-2024-professional-licentie-voor-3\/\" \/>\n<meta property=\"og:site_name\" content=\"livekaarten.nl\" \/>\n<meta property=\"article:modified_time\" content=\"2026-04-03T10:03:41+00:00\" \/>\n<meta property=\"og:image\" content=\"https:\/\/livekaarten.nl\/wp-content\/uploads\/2025\/04\/W11PP24P.jpg\" \/>\n\t<meta property=\"og:image:width\" content=\"1000\" \/>\n\t<meta property=\"og:image:height\" content=\"1500\" \/>\n\t<meta property=\"og:image:type\" content=\"image\/jpeg\" \/>\n<meta name=\"twitter:card\" content=\"summary_large_image\" \/>\n<meta name=\"twitter:label1\" content=\"Tempo di lettura stimato\" \/>\n\t<meta name=\"twitter:data1\" content=\"3 minuti\" \/>\n<script type=\"application\/ld+json\" class=\"yoast-schema-graph\">{\"@context\":\"https:\\\/\\\/schema.org\",\"@graph\":[{\"@type\":\"WebPage\",\"@id\":\"https:\\\/\\\/livekaarten.nl\\\/product\\\/microsoft-windows-11-professional-microsoft-project-2024-professional-licentie-voor-3\\\/\",\"url\":\"https:\\\/\\\/livekaarten.nl\\\/product\\\/microsoft-windows-11-professional-microsoft-project-2024-professional-licentie-voor-3\\\/\",\"name\":\"Microsoft Windows 11 Professional + Microsoft Project 2024 Professional Licentie voor 3 apparaten | livekaarten.nl\",\"isPartOf\":{\"@id\":\"https:\\\/\\\/livekaarten.nl\\\/#website\"},\"primaryImageOfPage\":{\"@id\":\"https:\\\/\\\/livekaarten.nl\\\/product\\\/microsoft-windows-11-professional-microsoft-project-2024-professional-licentie-voor-3\\\/#primaryimage\"},\"image\":{\"@id\":\"https:\\\/\\\/livekaarten.nl\\\/product\\\/microsoft-windows-11-professional-microsoft-project-2024-professional-licentie-voor-3\\\/#primaryimage\"},\"thumbnailUrl\":\"https:\\\/\\\/livekaarten.nl\\\/wp-content\\\/uploads\\\/2025\\\/04\\\/W11PP24P.jpg\",\"datePublished\":\"2024-11-03T16:31:41+00:00\",\"dateModified\":\"2026-04-03T10:03:41+00:00\",\"breadcrumb\":{\"@id\":\"https:\\\/\\\/livekaarten.nl\\\/product\\\/microsoft-windows-11-professional-microsoft-project-2024-professional-licentie-voor-3\\\/#breadcrumb\"},\"inLanguage\":\"it-IT\",\"potentialAction\":[{\"@type\":\"ReadAction\",\"target\":[\"https:\\\/\\\/livekaarten.nl\\\/product\\\/microsoft-windows-11-professional-microsoft-project-2024-professional-licentie-voor-3\\\/\"]}]},{\"@type\":\"ImageObject\",\"inLanguage\":\"it-IT\",\"@id\":\"https:\\\/\\\/livekaarten.nl\\\/product\\\/microsoft-windows-11-professional-microsoft-project-2024-professional-licentie-voor-3\\\/#primaryimage\",\"url\":\"https:\\\/\\\/livekaarten.nl\\\/wp-content\\\/uploads\\\/2025\\\/04\\\/W11PP24P.jpg\",\"contentUrl\":\"https:\\\/\\\/livekaarten.nl\\\/wp-content\\\/uploads\\\/2025\\\/04\\\/W11PP24P.jpg\",\"width\":1000,\"height\":1500},{\"@type\":\"BreadcrumbList\",\"@id\":\"https:\\\/\\\/livekaarten.nl\\\/product\\\/microsoft-windows-11-professional-microsoft-project-2024-professional-licentie-voor-3\\\/#breadcrumb\",\"itemListElement\":[{\"@type\":\"ListItem\",\"position\":1,\"name\":\"Home\",\"item\":\"https:\\\/\\\/livekaarten.nl\\\/\"},{\"@type\":\"ListItem\",\"position\":2,\"name\":\"Winkel\",\"item\":\"https:\\\/\\\/livekaarten.nl\\\/shop\\\/\"},{\"@type\":\"ListItem\",\"position\":3,\"name\":\"Microsoft Windows 11 Professional + Microsoft Project 2024 Professional Licentie voor 3 apparaten\"}]},{\"@type\":\"WebSite\",\"@id\":\"https:\\\/\\\/livekaarten.nl\\\/#website\",\"url\":\"https:\\\/\\\/livekaarten.nl\\\/\",\"name\":\"Livekaarten.nl\",\"description\":\"Koop uw kantoor\",\"potentialAction\":[{\"@type\":\"SearchAction\",\"target\":{\"@type\":\"EntryPoint\",\"urlTemplate\":\"https:\\\/\\\/livekaarten.nl\\\/?s={search_term_string}\"},\"query-input\":{\"@type\":\"PropertyValueSpecification\",\"valueRequired\":true,\"valueName\":\"search_term_string\"}}],\"inLanguage\":\"it-IT\"}]}<\/script>\n<!-- \/ Yoast SEO plugin. -->","yoast_head_json":{"title":"Microsoft Windows 11 Professional + Microsoft Project 2024 Professional Licentie voor 3 apparaten | livekaarten.nl","robots":{"index":"index","follow":"follow","max-snippet":"max-snippet:-1","max-image-preview":"max-image-preview:large","max-video-preview":"max-video-preview:-1"},"canonical":"https:\/\/livekaarten.nl\/it\/prodotto\/microsoft-windows-11-professional-microsoft-project-2024-professional-licentie-voor-3\/","og_locale":"it_IT","og_type":"article","og_title":"Microsoft Windows 11 Professional + Microsoft Project 2024 Professional Licentie voor 3 apparaten | livekaarten.nl","og_description":"Microsoft Windows 11 Professional-licentie voor 3 pc\u2019s  Microsoft Project 2024 Professional-licentie voor 3 pc\u2019s  Met deze licentie kan de software op 3 verschillende apparaten worden geactiveerd, bijvoorbeeld thuis-pc, notebook en werk-pc  30 dagen volledige terugbetaling \u2013 levenslange vervangingsgarantie!!!  Versie voor 64-bits systemen  Levering per e-mail: productsleutel, handleiding, downloadlinks en factuur  Directe download!  Geen tijdslimiet, geen abonnement  Gratis ondersteuning bij installatie en activering  Geen levering op fysieke dragers (USB, cd, enz.)  Activering online of telefonisch  Voor Microsoft Windows  Dit product is compatibel met Windows.  NIET compatibel met Apple macOS\u2122, Android-apparaten of Chromebooks.","og_url":"https:\/\/livekaarten.nl\/it\/prodotto\/microsoft-windows-11-professional-microsoft-project-2024-professional-licentie-voor-3\/","og_site_name":"livekaarten.nl","article_modified_time":"2026-04-03T10:03:41+00:00","og_image":[{"width":1000,"height":1500,"url":"https:\/\/livekaarten.nl\/wp-content\/uploads\/2025\/04\/W11PP24P.jpg","type":"image\/jpeg"}],"twitter_card":"summary_large_image","twitter_misc":{"Tempo di lettura stimato":"3 minuti"},"schema":{"@context":"https:\/\/schema.org","@graph":[{"@type":"WebPage","@id":"https:\/\/livekaarten.nl\/product\/microsoft-windows-11-professional-microsoft-project-2024-professional-licentie-voor-3\/","url":"https:\/\/livekaarten.nl\/product\/microsoft-windows-11-professional-microsoft-project-2024-professional-licentie-voor-3\/","name":"Microsoft Windows 11 Professional + Microsoft Project 2024 Professional Licentie voor 3 apparaten | livekaarten.nl","isPartOf":{"@id":"https:\/\/livekaarten.nl\/#website"},"primaryImageOfPage":{"@id":"https:\/\/livekaarten.nl\/product\/microsoft-windows-11-professional-microsoft-project-2024-professional-licentie-voor-3\/#primaryimage"},"image":{"@id":"https:\/\/livekaarten.nl\/product\/microsoft-windows-11-professional-microsoft-project-2024-professional-licentie-voor-3\/#primaryimage"},"thumbnailUrl":"https:\/\/livekaarten.nl\/wp-content\/uploads\/2025\/04\/W11PP24P.jpg","datePublished":"2024-11-03T16:31:41+00:00","dateModified":"2026-04-03T10:03:41+00:00","breadcrumb":{"@id":"https:\/\/livekaarten.nl\/product\/microsoft-windows-11-professional-microsoft-project-2024-professional-licentie-voor-3\/#breadcrumb"},"inLanguage":"it-IT","potentialAction":[{"@type":"ReadAction","target":["https:\/\/livekaarten.nl\/product\/microsoft-windows-11-professional-microsoft-project-2024-professional-licentie-voor-3\/"]}]},{"@type":"ImageObject","inLanguage":"it-IT","@id":"https:\/\/livekaarten.nl\/product\/microsoft-windows-11-professional-microsoft-project-2024-professional-licentie-voor-3\/#primaryimage","url":"https:\/\/livekaarten.nl\/wp-content\/uploads\/2025\/04\/W11PP24P.jpg","contentUrl":"https:\/\/livekaarten.nl\/wp-content\/uploads\/2025\/04\/W11PP24P.jpg","width":1000,"height":1500},{"@type":"BreadcrumbList","@id":"https:\/\/livekaarten.nl\/product\/microsoft-windows-11-professional-microsoft-project-2024-professional-licentie-voor-3\/#breadcrumb","itemListElement":[{"@type":"ListItem","position":1,"name":"Home","item":"https:\/\/livekaarten.nl\/"},{"@type":"ListItem","position":2,"name":"Winkel","item":"https:\/\/livekaarten.nl\/shop\/"},{"@type":"ListItem","position":3,"name":"Microsoft Windows 11 Professional + Microsoft Project 2024 Professional Licentie voor 3 apparaten"}]},{"@type":"WebSite","@id":"https:\/\/livekaarten.nl\/#website","url":"https:\/\/livekaarten.nl\/","name":"Livecards.it","description":"Acquista il tuo ufficio","potentialAction":[{"@type":"SearchAction","target":{"@type":"EntryPoint","urlTemplate":"https:\/\/livekaarten.nl\/?s={search_term_string}"},"query-input":{"@type":"PropertyValueSpecification","valueRequired":true,"valueName":"search_term_string"}}],"inLanguage":"it-IT"}]}},"_links":{"self":[{"href":"https:\/\/livekaarten.nl\/it\/wp-json\/wp\/v2\/product\/114083","targetHints":{"allow":["GET"]}}],"collection":[{"href":"https:\/\/livekaarten.nl\/it\/wp-json\/wp\/v2\/product"}],"about":[{"href":"https:\/\/livekaarten.nl\/it\/wp-json\/wp\/v2\/types\/product"}],"replies":[{"embeddable":true,"href":"https:\/\/livekaarten.nl\/it\/wp-json\/wp\/v2\/comments?post=114083"}],"wp:featuredmedia":[{"embeddable":true,"href":"https:\/\/livekaarten.nl\/it\/wp-json\/wp\/v2\/media\/114635"}],"wp:attachment":[{"href":"https:\/\/livekaarten.nl\/it\/wp-json\/wp\/v2\/media?parent=114083"}],"wp:term":[{"taxonomy":"product_cat","embeddable":true,"href":"https:\/\/livekaarten.nl\/it\/wp-json\/wp\/v2\/product_cat?post=114083"},{"taxonomy":"product_tag","embeddable":true,"href":"https:\/\/livekaarten.nl\/it\/wp-json\/wp\/v2\/product_tag?post=114083"}],"curies":[{"name":"wp","href":"https:\/\/api.w.org\/{rel}","templated":true}]}}