{"id":2096,"date":"2020-12-16T16:19:20","date_gmt":"2020-12-16T16:19:20","guid":{"rendered":"https:\/\/shop.winandoffice.com\/?page_id=1163"},"modified":"2026-03-09T14:43:56","modified_gmt":"2026-03-09T13:43:56","slug":"terms-and-conditions","status":"publish","type":"page","link":"https:\/\/livekaarten.nl\/it\/terms-and-conditions\/","title":{"rendered":"Termini e condizioni generali"},"content":{"rendered":"<article id=\"page-1163\" class=\"post-1163 page type-page status-publish hentry\">\n<div class=\"entry-content\">\n<p>&nbsp;<\/p>\n<p><strong>1. Disposizioni di base<\/strong><\/p>\n<p>1.1. Operazioni con<strong> livekaarten.nl<\/strong> (di seguito \u201cvenditore\u201d) avvengono esclusivamente sulla base delle presenti condizioni generali di contratto (di seguito \u201cCG\u201d). Pertanto, esse si applicano anche a tutti i futuri rapporti commerciali, anche se non sono state nuovamente concordate in modo esplicito. I riferimenti dell'acquirente (di seguito \u201ccliente\u201d) alle sue condizioni generali di contratto sono contraddittori.<\/p>\n<p>1.2. Le presenti CGV si applicano sia ai consumatori (\u00a7 13 BGB) che agli imprenditori (\u00a7 14 BGB). Se i termini seguenti non contengono una nota separata, tutti i termini si applicano ugualmente ai contratti con imprenditori e consumatori.<\/p>\n<p>1.3. Eventuali aggiunte o modifiche alle condizioni richiedono la conferma scritta dell'azienda di trasporto. L'originale dell'ordine di acquisto determina il contenuto del contratto.<\/p>\n<p>1.4. Possiamo apportare modifiche al design e alla forma della Merce, a condizione che tali modifiche non siano di natura fondamentale e non limitino sostanzialmente lo scopo contrattuale.<\/p>\n<p>1.5 Effettuando l'ordine ai sensi del paragrafo 2.2, il cliente accetta le presenti CGV.<\/p>\n<p>&nbsp;<\/p>\n<p><strong>2. Formazione del contratto<\/strong><\/p>\n<p>2.1. L'oggetto del contratto \u00e8 la vendita di prodotti scaricabili (contenuti digitali non forniti su un supporto fisico, come chiavi di prodotto, codici di accesso o altre informazioni disponibili in formato digitale), comprese le relative licenze. Inserendo il rispettivo prodotto scaricabile sul nostro sito web, facciamo al cliente un'offerta vincolante per la stipula di un contratto ai termini e alle condizioni specificati nella descrizione dell'articolo.<\/p>\n<p>2.2. Nel caso di un contratto di fornitura di beni digitali, nel caso di un contratto di fornitura di software (di seguito \u201cacquisto di software\u201d), il venditore \u00e8 tenuto a trasferire in modo permanente il software indicato nel certificato di licenza nel codice oggetto. Il venditore \u00e8 tenuto a segnalare la possibilit\u00e0 di scaricare il software e a fornire una versione stampata o scaricabile della relativa documentazione d'uso. Prima del pagamento completo del prezzo di acquisto ai sensi del paragrafo 8, la documentazione per l'utente consegnata \u00e8 soggetta alla riserva di propriet\u00e0 del venditore. Per quanto riguarda la natura del software, \u00e8 determinante la descrizione del rispettivo prodotto nel rispettivo negozio online o marketplace del venditore. Il Venditore deve inoltre concedere i diritti di cui al paragrafo 4.8.<\/p>\n<p>2.3. Il contratto viene stipulato tramite il sistema di carrello online: il cliente inserisce i prodotti selezionati nel carrello virtuale ed esegue il processo di ordinazione elettronica. Facendo clic sul pulsante per completare il processo di ordinazione, il cliente conclude un'offerta contrattuale giuridicamente vincolante relativa ai prodotti presenti nel carrello. Il cliente pu\u00f2 anche inviare l'offerta al venditore via e-mail.<\/p>\n<p>2.4. Il venditore pu\u00f2 accettare l'offerta del cliente entro cinque giorni chiedendo al cliente di pagare dopo aver effettuato l'ordine. Ci\u00f2 include la selezione di un metodo di pagamento nel processo di ordinazione, con il quale il pagamento viene effettuato prima della spedizione dei prodotti ordinati. Il termine per l'accettazione dell'offerta inizia il giorno successivo all'invio dell'offerta da parte del cliente e termina alla fine del quinto giorno successivo all'invio dell'offerta. Se il venditore non accetta l'offerta del cliente entro il suddetto termine, ci\u00f2 sar\u00e0 considerato un rifiuto dell'offerta con la conseguenza che il cliente non \u00e8 pi\u00f9 vincolato dalla sua dichiarazione d'intenti.<\/p>\n<p>2.5. L'elaborazione dell'ordine e la trasmissione di tutte le informazioni necessarie per la conclusione del contratto avvengono tramite e-mail, cos\u00ec come la consegna dei prodotti scaricabili. Pertanto, il cliente deve assicurarsi che l'indirizzo e-mail fornitoci sia corretto e che i filtri SPAM non impediscano la ricezione delle e-mail.<\/p>\n<p>&nbsp;<\/p>\n<p><strong>3. Diritto di recesso<\/strong><\/p>\n<p>3.1. I consumatori hanno generalmente il diritto di recesso.<\/p>\n<p>3.2. Ulteriori informazioni sul diritto di recesso sono disponibili nelle condizioni di annullamento del venditore.<\/p>\n<p>3.3. L'utente ha il diritto di revocare il presente contratto a vita dalla data di stipula del contratto stesso, senza indicarne i motivi.<\/p>\n<p>&nbsp;<\/p>\n<p><strong>4. Garanzia<\/strong><\/p>\n<p>4.1. Si applicano i diritti di garanzia previsti dalla legge.<\/p>\n<p>4.2. Il cliente \u00e8 tenuto a controllare l'integrit\u00e0 e i difetti visibili dell'articolo subito dopo la consegna e a segnalarci eventuali reclami il prima possibile. Il mancato rispetto di tale obbligo da parte del cliente non pregiudica i suoi diritti di garanzia legale.<\/p>\n<p>4.3. Per quanto riguarda la qualit\u00e0 dell'articolo, valgono solo le nostre informazioni e la descrizione del prodotto del produttore, ma non altre pubblicit\u00e0, promozioni pubbliche e dichiarazioni del produttore.<\/p>\n<p>4.4. Il periodo di garanzia \u00e8 di un anno dalla consegna della merce. Il periodo ridotto non si applica:<\/p>\n<ul>\n<li>I danni illegalmente attribuibili alla compagnia in seguito a lesioni alla vita, al corpo o alla salute e altri danni causati intenzionalmente o per grave negligenza;<\/li>\n<li>nella misura in cui abbiamo occultato in modo fraudolento il difetto o abbiamo assunto una garanzia sulle condizioni dell'articolo;<\/li>\n<li>in caso di eventuali ricorsi legali nei nostri confronti in relazione ai diritti di garanzia.<\/li>\n<\/ul>\n<p>4.5. Se il cliente rifiuta la consegna del venditore per qualsiasi motivo diverso da un difetto materiale che ne limiti fortemente o renda impossibile l'uso, anche se il venditore ha accettato di rispettarlo, il cliente \u00e8 in difetto di accettazione. L'accettazione della consegna non pu\u00f2 essere rifiutata per difetti insignificanti.<\/p>\n<p>4.6. La garanzia non si applica ai difetti dovuti a un uso improprio, a componenti del sistema modificati in contrasto con le basi contrattuali, all'utilizzo di risorse organizzative inadeguate, all'uso in un ambiente hardware o software che non soddisfa i requisiti specificati nel certificato di licenza, a condizioni di utilizzo insolite o a interventi sul sistema da parte del cliente o di terzi. Se la merce viene utilizzata in combinazione con dispositivi di terzi, esiste una garanzia per i difetti funzionali e di prestazione solo se tali difetti si verificano anche in assenza di tale collegamento o se la compatibilit\u00e0 con questi elementi fa parte della qualit\u00e0 concordata contrattualmente.<\/p>\n<p>4.7. Se una consegna \u00e8 difettosa, il venditore pu\u00f2 scegliere di eliminare il difetto (rettifica) o di consegnare un articolo privo di difetti (consegna sostitutiva). In quest'ultimo caso, il cliente \u00e8 tenuto a restituire la merce difettosa su richiesta del venditore in conformit\u00e0 alle disposizioni di legge. Se il cliente \u00e8 un consumatore, la frase precedente si applica con l'intesa che l'uso non pu\u00f2 essere trasferito o sostituito per il suo valore. Il cliente \u00e8 tenuto a concedere al venditore il tempo e la possibilit\u00e0 di effettuare ulteriori prestazioni, in particolare di migliorarle.<\/p>\n<p>&nbsp;<\/p>\n<p><strong>5. Prezzi e condizioni di pagamento<\/strong><\/p>\n<p>5.1. Se non diversamente indicato nella descrizione del prodotto del venditore, i prezzi indicati sono prezzi totali comprensivi dell'imposta di legge sulle vendite. Eventuali costi aggiuntivi di consegna e spedizione sono indicati separatamente nella descrizione del rispettivo prodotto.<\/p>\n<p>5.2. Per le spedizioni in Paesi al di fuori dell'Unione Europea, in singoli casi possono sorgere costi aggiuntivi per i quali il venditore non \u00e8 responsabile e che sono a carico del cliente. Si tratta, ad esempio, di spese di bonifico bancario (ad es. commissioni di trasferimento, commissioni di cambio) o di dazi o tasse di importazione (ad es. dazi doganali). Tali costi possono essere sostenuti anche in relazione al bonifico bancario se la consegna non viene effettuata in un paese al di fuori dell'Unione Europea, ma il cliente effettua il pagamento da un paese al di fuori dell'Unione Europea.<\/p>\n<p>5.3. Le opzioni di pagamento saranno comunicate al cliente nel negozio online del venditore o sul rispettivo marketplace.<\/p>\n<p>5.4. Se \u00e8 stato concordato il pagamento anticipato tramite bonifico bancario, il pagamento \u00e8 dovuto immediatamente dopo la conclusione del contratto, a meno che le parti non abbiano concordato una data di scadenza successiva.<\/p>\n<p>5.5. In caso di pagamento tramite un metodo di pagamento offerto dal fornitore di servizi di pagamento PayPal (Europe) S.\u00e0 rl et Cie, SCA, 22-24 Boulevard Royal, L-2449 Lussemburgo (di seguito \u201cPayPal\u201d), il pagamento viene elaborato tramite PayPal, in base alle Condizioni d'uso di PayPal, disponibili all'indirizzo https:\/\/www.paypal.com\/de\/webapps\/mpp\/ua\/useragreement-full o, se il Cliente non possiede un conto PayPal , in base ai termini e alle condizioni per i pagamenti senza conto PayPal, disponibili all'indirizzo https:\/\/www.paypal.com\/de\/webapps\/mpp\/ua\/privacywax-full.<\/p>\n<p>5.6. In caso di inadempienza del cliente, siamo autorizzati ad addebitare gli interessi al tasso applicato dalle banche commerciali per gli scoperti in essere, ma almeno 4% al di sopra del tasso di sconto della Bundesbank, oltre all'IVA applicabile per legge. Gli interessi sono immediatamente esigibili.<\/p>\n<p>&nbsp;<\/p>\n<p><strong>6. Condizioni di consegna e spedizione<\/strong><\/p>\n<p>6.1. Il contenuto digitale viene messo a disposizione del cliente in forma elettronica come download, fornendo un link per il download. I codici dei prodotti saranno inviati al cliente tramite e-mail.<\/p>\n<p>&nbsp;<\/p>\n<p><strong>7. Mantenimento del titolo di propriet\u00e0<\/strong><\/p>\n<p>7.1. Ci riserviamo la propriet\u00e0 della merce fino al completo pagamento di tutti i crediti che ci spettano in virt\u00f9 dei rapporti commerciali con il cliente.<\/p>\n<p>7.2. La conferma della riserva di propriet\u00e0 non costituisce un recesso dal contratto. Tuttavia, avremo il diritto di disporre della merce soggetta a riserva di propriet\u00e0 con altri mezzi dopo un periodo di tempo ragionevole e di consegnare al cliente la stessa merce o una merce equivalente dietro pagamento completo del prezzo di acquisto.<\/p>\n<p>&nbsp;<\/p>\n<p><strong>8. Disposizioni finali<\/strong><\/p>\n<p>8.1. Il partner contrattuale \u00e8 autorizzato a cedere a terzi i diritti e le pretese derivanti dal rapporto contrattuale solo previo consenso scritto del venditore. Il \u00a7 354a HGB rimane inalterato; il \u00a7 354a HGB non si applica ai consumatori.<\/p>\n<p>8.2. Con l'inizio del rapporto commerciale, i dati del cliente, che possono essere anche dati personali, verranno memorizzati e, nella misura in cui ci\u00f2 sia necessario per l'esecuzione dell'ordine, elaborati e trasmessi.<\/p>\n<p>8.3. Si applica esclusivamente il diritto tedesco, ad esclusione del diritto d'acquisto delle Nazioni Unite e dei riferimenti al diritto internazionale procedurale e privato. Per i consumatori, questa scelta di legge si applica solo nella misura in cui le disposizioni non obbligatorie della legge dello Stato in cui il consumatore ha la sua residenza abituale offrono una protezione pi\u00f9 ampia.<\/p>\n<p>8.4. De exclusieve plaats van jurisdictie voor alle geschillen die voortvloeien uit en verband houden met de contracten waarop deze AV van toepassing zijn, is de statutaire zetel van de verkoper; de verkoper heeft echter het recht om de klant te dagvaarden in elke wettelijk toegelaten plaats van jurisdictie. Deze regeling is niet van toepassing op consumenten.<\/p>\n<p>8.5. Houd er rekening mee dat Pay Shield Ltd, met statutaire zetel te Jhumat House, 160 London Road Barking, Greater London, IG11 8BB, Verenigd Koninkrijk (\u201cLIVECARDS\u201d), zelf geen digitale content aan klanten verkoopt en slechts optreedt als openbaar agent van King Of Shopping Pte. Ltd., met statutaire zetel te 1 Raffles Place #40-02, One Raffles Place, Singapore 048616, registratienummer 202016263D (\u201cVerkoper\u201d), bij het sluiten van verkoopovereenkomsten met klanten namens de Verkoper. Elke acceptatie van bestellingen en het sluiten van verkoopovereenkomsten door LIVECARDS is uitsluitend bindend voor de Verkoper, die de producten verkoopt. Bij het sluiten van de verkoopovereenkomsten zal LIVECARDS te allen tijde handelen in het belang van de Verkoper. Elke verwijzing in de Algemene Voorwaarden naar rechten en verplichtingen van LIVECARDS met betrekking tot de Verkoopovereenkomst, heeft betrekking op de rechten en verplichtingen van de Verkoper die LIVECARDS van tijd tot tijd namens en in het belang van de Verkoper kan uitvoeren.<\/p>\n<\/div>\n<\/article>","protected":false},"excerpt":{"rendered":"<p>&nbsp; 1. Basisbepalingen 1.1. Transacties met livekaarten.nl (hierna &#8220;verkoper&#8221;) vinden uitsluitend plaats op basis van deze algemene voorwaarden (hierna &#8220;AV&#8221;). Daarom zijn ze ook van toepassing op alle toekomstige zakelijke relaties, zelfs als ze niet opnieuw uitdrukkelijk zijn overeengekomen. Verwijzingen van de koper (hierna &#8220;klant&#8221;) naar zijn algemene voorwaarden worden tegengesproken. 1.2. Deze AV gelden [&hellip;]<\/p>\n","protected":false},"author":1,"featured_media":0,"parent":0,"menu_order":0,"comment_status":"closed","ping_status":"closed","template":"","meta":{"footnotes":""},"class_list":["post-2096","page","type-page","status-publish","hentry"],"yoast_head":"<!-- This site is optimized with the Yoast SEO plugin v27.3 - https:\/\/yoast.com\/product\/yoast-seo-wordpress\/ -->\n<title>Algemene voorwaarden | livekaarten.nl<\/title>\n<meta name=\"robots\" content=\"index, follow, max-snippet:-1, max-image-preview:large, max-video-preview:-1\" \/>\n<link rel=\"canonical\" href=\"https:\/\/livekaarten.nl\/it\/terms-and-conditions\/\" \/>\n<meta property=\"og:locale\" content=\"it_IT\" \/>\n<meta property=\"og:type\" content=\"article\" \/>\n<meta property=\"og:title\" content=\"Algemene voorwaarden | livekaarten.nl\" \/>\n<meta property=\"og:description\" content=\"&nbsp; 1. Basisbepalingen 1.1. Transacties met livekaarten.nl (hierna &#8220;verkoper&#8221;) vinden uitsluitend plaats op basis van deze algemene voorwaarden (hierna &#8220;AV&#8221;). Daarom zijn ze ook van toepassing op alle toekomstige zakelijke relaties, zelfs als ze niet opnieuw uitdrukkelijk zijn overeengekomen. Verwijzingen van de koper (hierna &#8220;klant&#8221;) naar zijn algemene voorwaarden worden tegengesproken. 1.2. Deze AV gelden [&hellip;]\" \/>\n<meta property=\"og:url\" content=\"https:\/\/livekaarten.nl\/it\/terms-and-conditions\/\" \/>\n<meta property=\"og:site_name\" content=\"livekaarten.nl\" \/>\n<meta property=\"article:modified_time\" content=\"2026-03-09T13:43:56+00:00\" \/>\n<meta name=\"twitter:card\" content=\"summary_large_image\" \/>\n<meta name=\"twitter:label1\" content=\"Tempo di lettura stimato\" \/>\n\t<meta name=\"twitter:data1\" content=\"9 minuti\" \/>\n<script type=\"application\/ld+json\" class=\"yoast-schema-graph\">{\"@context\":\"https:\\\/\\\/schema.org\",\"@graph\":[{\"@type\":\"WebPage\",\"@id\":\"https:\\\/\\\/livekaarten.nl\\\/terms-and-conditions\\\/\",\"url\":\"https:\\\/\\\/livekaarten.nl\\\/terms-and-conditions\\\/\",\"name\":\"Algemene voorwaarden | livekaarten.nl\",\"isPartOf\":{\"@id\":\"https:\\\/\\\/livekaarten.nl\\\/#website\"},\"datePublished\":\"2020-12-16T16:19:20+00:00\",\"dateModified\":\"2026-03-09T13:43:56+00:00\",\"breadcrumb\":{\"@id\":\"https:\\\/\\\/livekaarten.nl\\\/terms-and-conditions\\\/#breadcrumb\"},\"inLanguage\":\"it-IT\",\"potentialAction\":[{\"@type\":\"ReadAction\",\"target\":[\"https:\\\/\\\/livekaarten.nl\\\/terms-and-conditions\\\/\"]}]},{\"@type\":\"BreadcrumbList\",\"@id\":\"https:\\\/\\\/livekaarten.nl\\\/terms-and-conditions\\\/#breadcrumb\",\"itemListElement\":[{\"@type\":\"ListItem\",\"position\":1,\"name\":\"Home\",\"item\":\"https:\\\/\\\/livekaarten.nl\\\/\"},{\"@type\":\"ListItem\",\"position\":2,\"name\":\"Algemene voorwaarden\"}]},{\"@type\":\"WebSite\",\"@id\":\"https:\\\/\\\/livekaarten.nl\\\/#website\",\"url\":\"https:\\\/\\\/livekaarten.nl\\\/\",\"name\":\"Livekaarten.nl\",\"description\":\"Koop uw kantoor\",\"potentialAction\":[{\"@type\":\"SearchAction\",\"target\":{\"@type\":\"EntryPoint\",\"urlTemplate\":\"https:\\\/\\\/livekaarten.nl\\\/?s={search_term_string}\"},\"query-input\":{\"@type\":\"PropertyValueSpecification\",\"valueRequired\":true,\"valueName\":\"search_term_string\"}}],\"inLanguage\":\"it-IT\"}]}<\/script>\n<!-- \/ Yoast SEO plugin. -->","yoast_head_json":{"title":"Algemene voorwaarden | livekaarten.nl","robots":{"index":"index","follow":"follow","max-snippet":"max-snippet:-1","max-image-preview":"max-image-preview:large","max-video-preview":"max-video-preview:-1"},"canonical":"https:\/\/livekaarten.nl\/it\/terms-and-conditions\/","og_locale":"it_IT","og_type":"article","og_title":"Algemene voorwaarden | livekaarten.nl","og_description":"&nbsp; 1. Basisbepalingen 1.1. Transacties met livekaarten.nl (hierna &#8220;verkoper&#8221;) vinden uitsluitend plaats op basis van deze algemene voorwaarden (hierna &#8220;AV&#8221;). Daarom zijn ze ook van toepassing op alle toekomstige zakelijke relaties, zelfs als ze niet opnieuw uitdrukkelijk zijn overeengekomen. Verwijzingen van de koper (hierna &#8220;klant&#8221;) naar zijn algemene voorwaarden worden tegengesproken. 1.2. Deze AV gelden [&hellip;]","og_url":"https:\/\/livekaarten.nl\/it\/terms-and-conditions\/","og_site_name":"livekaarten.nl","article_modified_time":"2026-03-09T13:43:56+00:00","twitter_card":"summary_large_image","twitter_misc":{"Tempo di lettura stimato":"9 minuti"},"schema":{"@context":"https:\/\/schema.org","@graph":[{"@type":"WebPage","@id":"https:\/\/livekaarten.nl\/terms-and-conditions\/","url":"https:\/\/livekaarten.nl\/terms-and-conditions\/","name":"Algemene voorwaarden | livekaarten.nl","isPartOf":{"@id":"https:\/\/livekaarten.nl\/#website"},"datePublished":"2020-12-16T16:19:20+00:00","dateModified":"2026-03-09T13:43:56+00:00","breadcrumb":{"@id":"https:\/\/livekaarten.nl\/terms-and-conditions\/#breadcrumb"},"inLanguage":"it-IT","potentialAction":[{"@type":"ReadAction","target":["https:\/\/livekaarten.nl\/terms-and-conditions\/"]}]},{"@type":"BreadcrumbList","@id":"https:\/\/livekaarten.nl\/terms-and-conditions\/#breadcrumb","itemListElement":[{"@type":"ListItem","position":1,"name":"Home","item":"https:\/\/livekaarten.nl\/"},{"@type":"ListItem","position":2,"name":"Algemene voorwaarden"}]},{"@type":"WebSite","@id":"https:\/\/livekaarten.nl\/#website","url":"https:\/\/livekaarten.nl\/","name":"Livecards.it","description":"Acquista il tuo ufficio","potentialAction":[{"@type":"SearchAction","target":{"@type":"EntryPoint","urlTemplate":"https:\/\/livekaarten.nl\/?s={search_term_string}"},"query-input":{"@type":"PropertyValueSpecification","valueRequired":true,"valueName":"search_term_string"}}],"inLanguage":"it-IT"}]}},"_links":{"self":[{"href":"https:\/\/livekaarten.nl\/it\/wp-json\/wp\/v2\/pages\/2096","targetHints":{"allow":["GET"]}}],"collection":[{"href":"https:\/\/livekaarten.nl\/it\/wp-json\/wp\/v2\/pages"}],"about":[{"href":"https:\/\/livekaarten.nl\/it\/wp-json\/wp\/v2\/types\/page"}],"author":[{"embeddable":true,"href":"https:\/\/livekaarten.nl\/it\/wp-json\/wp\/v2\/users\/1"}],"replies":[{"embeddable":true,"href":"https:\/\/livekaarten.nl\/it\/wp-json\/wp\/v2\/comments?post=2096"}],"version-history":[{"count":0,"href":"https:\/\/livekaarten.nl\/it\/wp-json\/wp\/v2\/pages\/2096\/revisions"}],"wp:attachment":[{"href":"https:\/\/livekaarten.nl\/it\/wp-json\/wp\/v2\/media?parent=2096"}],"curies":[{"name":"wp","href":"https:\/\/api.w.org\/{rel}","templated":true}]}}