{"id":2095,"date":"2020-12-16T16:14:33","date_gmt":"2020-12-16T16:14:33","guid":{"rendered":"https:\/\/shop.winandoffice.com\/?page_id=1159"},"modified":"2025-09-05T21:59:34","modified_gmt":"2025-09-05T19:59:34","slug":"warranty-policy","status":"publish","type":"page","link":"https:\/\/livekaarten.nl\/it\/warranty-policy\/","title":{"rendered":"Politica di garanzia"},"content":{"rendered":"<article id=\"page-1159\" class=\"post-1159 page type-page status-publish hentry\">\n<div class=\"entry-content\">\n<p>&nbsp;<\/p>\n<p>1. Si applicano i diritti di garanzia previsti dalla legge.<\/p>\n<p>2. Il cliente \u00e8 tenuto a verificare la completezza e i difetti visibili dell'articolo subito dopo la consegna e a segnalarci eventuali reclami il prima possibile. Se il cliente non lo fa, ci\u00f2 non pregiudica i suoi diritti legali di garanzia.<\/p>\n<p>3. Solo le nostre informazioni e la descrizione del prodotto da parte del produttore contano come accordo sulla qualit\u00e0 dell'articolo, ma non altre pubblicit\u00e0, promozioni pubbliche e dichiarazioni del produttore.<\/p>\n<p>4. Il periodo di garanzia \u00e8 di due anni dalla consegna della merce.<\/p>\n<p>5. Se il cliente rifiuta la consegna del venditore per motivi diversi da un difetto significativo che ne limita fortemente o rende impossibile l'uso, anche se il venditore si \u00e8 impegnato a rispettarla, il cliente \u00e8 responsabile della mancata accettazione. L'accettazione della consegna non pu\u00f2 essere rifiutata per difetti insignificanti.<\/p>\n<p>6. La garanzia non copre i difetti derivanti da un funzionamento improprio, da componenti del sistema modificati in contrasto con la base contrattuale, dall'utilizzo di risorse organizzative inadeguate, dall'utilizzo in un ambiente hardware o software non conforme ai requisiti indicati nel certificato di licenza, da un uso insolito, da condizioni di utilizzo o da interventi sul sistema imputabili ai clienti o a terzi.<\/p>\n<p>7. Se una consegna \u00e8 difettosa, il venditore pu\u00f2 scegliere di eliminare il difetto (rettifica) o di consegnare un articolo privo di difetti (consegna sostitutiva). In quest'ultimo caso, il cliente \u00e8 tenuto a restituire la merce difettosa su richiesta del venditore, in conformit\u00e0 alle disposizioni di legge.<\/p>\n<p>Concessione di diritti in un contratto di fornitura di software<\/p>\n<p>L'articolo 4.8 si applica solo agli accordi per l'acquisto di software ai sensi dell'articolo 2.2.<br \/>\nCon il pagamento integrale del prezzo di acquisto, il cliente riceve il diritto non esclusivo e illimitato di utilizzare la merce nella misura concessa dal contratto. La merce pu\u00f2 essere utilizzata contemporaneamente solo da un numero massimo di persone fisiche corrispondente alla merce acquistata dal cliente. L'uso consentito comprende l'installazione del software, il suo caricamento nella memoria principale e l'uso previsto dal cliente. In nessun caso il cliente ha il diritto di noleggiare o sublicenziare la merce acquistata, di riprodurla pubblicamente o di renderla accessibile via cavo o wireless, o di metterla a disposizione di terzi a pagamento o gratuitamente.<\/p>\n<p>Il cliente ha il diritto di fare una copia di backup del software se ci\u00f2 \u00e8 necessario per garantirne l'uso futuro.<\/p>\n<\/div>\n<\/article>","protected":false},"excerpt":{"rendered":"<p>&nbsp; 1. Wettelijke garantierechten zijn van toepassing. 2. De klant wordt verzocht het artikel onmiddellijk na levering op volledigheid en zichtbare gebreken te controleren en eventuele klachten zo snel mogelijk aan ons te melden. Als de klant dit niet doet, heeft dit geen invloed op zijn wettelijke garantieaanspraken. 3. Alleen onze eigen informatie en de [&hellip;]<\/p>\n","protected":false},"author":1,"featured_media":0,"parent":0,"menu_order":0,"comment_status":"closed","ping_status":"closed","template":"","meta":{"footnotes":""},"class_list":["post-2095","page","type-page","status-publish","hentry"],"yoast_head":"<!-- This site is optimized with the Yoast SEO plugin v27.3 - https:\/\/yoast.com\/product\/yoast-seo-wordpress\/ -->\n<title>Garantiebeleid | livekaarten.nl<\/title>\n<meta name=\"robots\" content=\"index, follow, max-snippet:-1, max-image-preview:large, max-video-preview:-1\" \/>\n<link rel=\"canonical\" href=\"https:\/\/livekaarten.nl\/it\/warranty-policy\/\" \/>\n<meta property=\"og:locale\" content=\"it_IT\" \/>\n<meta property=\"og:type\" content=\"article\" \/>\n<meta property=\"og:title\" content=\"Garantiebeleid | livekaarten.nl\" \/>\n<meta property=\"og:description\" content=\"&nbsp; 1. Wettelijke garantierechten zijn van toepassing. 2. De klant wordt verzocht het artikel onmiddellijk na levering op volledigheid en zichtbare gebreken te controleren en eventuele klachten zo snel mogelijk aan ons te melden. Als de klant dit niet doet, heeft dit geen invloed op zijn wettelijke garantieaanspraken. 3. Alleen onze eigen informatie en de [&hellip;]\" \/>\n<meta property=\"og:url\" content=\"https:\/\/livekaarten.nl\/it\/warranty-policy\/\" \/>\n<meta property=\"og:site_name\" content=\"livekaarten.nl\" \/>\n<meta property=\"article:modified_time\" content=\"2025-09-05T19:59:34+00:00\" \/>\n<meta name=\"twitter:card\" content=\"summary_large_image\" \/>\n<meta name=\"twitter:label1\" content=\"Tempo di lettura stimato\" \/>\n\t<meta name=\"twitter:data1\" content=\"3 minuti\" \/>\n<script type=\"application\/ld+json\" class=\"yoast-schema-graph\">{\"@context\":\"https:\\\/\\\/schema.org\",\"@graph\":[{\"@type\":\"WebPage\",\"@id\":\"https:\\\/\\\/livekaarten.nl\\\/warranty-policy\\\/\",\"url\":\"https:\\\/\\\/livekaarten.nl\\\/warranty-policy\\\/\",\"name\":\"Garantiebeleid | livekaarten.nl\",\"isPartOf\":{\"@id\":\"https:\\\/\\\/livekaarten.nl\\\/#website\"},\"datePublished\":\"2020-12-16T16:14:33+00:00\",\"dateModified\":\"2025-09-05T19:59:34+00:00\",\"breadcrumb\":{\"@id\":\"https:\\\/\\\/livekaarten.nl\\\/warranty-policy\\\/#breadcrumb\"},\"inLanguage\":\"it-IT\",\"potentialAction\":[{\"@type\":\"ReadAction\",\"target\":[\"https:\\\/\\\/livekaarten.nl\\\/warranty-policy\\\/\"]}]},{\"@type\":\"BreadcrumbList\",\"@id\":\"https:\\\/\\\/livekaarten.nl\\\/warranty-policy\\\/#breadcrumb\",\"itemListElement\":[{\"@type\":\"ListItem\",\"position\":1,\"name\":\"Home\",\"item\":\"https:\\\/\\\/livekaarten.nl\\\/\"},{\"@type\":\"ListItem\",\"position\":2,\"name\":\"Garantiebeleid\"}]},{\"@type\":\"WebSite\",\"@id\":\"https:\\\/\\\/livekaarten.nl\\\/#website\",\"url\":\"https:\\\/\\\/livekaarten.nl\\\/\",\"name\":\"Livekaarten.nl\",\"description\":\"Koop uw kantoor\",\"potentialAction\":[{\"@type\":\"SearchAction\",\"target\":{\"@type\":\"EntryPoint\",\"urlTemplate\":\"https:\\\/\\\/livekaarten.nl\\\/?s={search_term_string}\"},\"query-input\":{\"@type\":\"PropertyValueSpecification\",\"valueRequired\":true,\"valueName\":\"search_term_string\"}}],\"inLanguage\":\"it-IT\"}]}<\/script>\n<!-- \/ Yoast SEO plugin. -->","yoast_head_json":{"title":"Garantiebeleid | livekaarten.nl","robots":{"index":"index","follow":"follow","max-snippet":"max-snippet:-1","max-image-preview":"max-image-preview:large","max-video-preview":"max-video-preview:-1"},"canonical":"https:\/\/livekaarten.nl\/it\/warranty-policy\/","og_locale":"it_IT","og_type":"article","og_title":"Garantiebeleid | livekaarten.nl","og_description":"&nbsp; 1. Wettelijke garantierechten zijn van toepassing. 2. De klant wordt verzocht het artikel onmiddellijk na levering op volledigheid en zichtbare gebreken te controleren en eventuele klachten zo snel mogelijk aan ons te melden. Als de klant dit niet doet, heeft dit geen invloed op zijn wettelijke garantieaanspraken. 3. Alleen onze eigen informatie en de [&hellip;]","og_url":"https:\/\/livekaarten.nl\/it\/warranty-policy\/","og_site_name":"livekaarten.nl","article_modified_time":"2025-09-05T19:59:34+00:00","twitter_card":"summary_large_image","twitter_misc":{"Tempo di lettura stimato":"3 minuti"},"schema":{"@context":"https:\/\/schema.org","@graph":[{"@type":"WebPage","@id":"https:\/\/livekaarten.nl\/warranty-policy\/","url":"https:\/\/livekaarten.nl\/warranty-policy\/","name":"Garantiebeleid | livekaarten.nl","isPartOf":{"@id":"https:\/\/livekaarten.nl\/#website"},"datePublished":"2020-12-16T16:14:33+00:00","dateModified":"2025-09-05T19:59:34+00:00","breadcrumb":{"@id":"https:\/\/livekaarten.nl\/warranty-policy\/#breadcrumb"},"inLanguage":"it-IT","potentialAction":[{"@type":"ReadAction","target":["https:\/\/livekaarten.nl\/warranty-policy\/"]}]},{"@type":"BreadcrumbList","@id":"https:\/\/livekaarten.nl\/warranty-policy\/#breadcrumb","itemListElement":[{"@type":"ListItem","position":1,"name":"Home","item":"https:\/\/livekaarten.nl\/"},{"@type":"ListItem","position":2,"name":"Garantiebeleid"}]},{"@type":"WebSite","@id":"https:\/\/livekaarten.nl\/#website","url":"https:\/\/livekaarten.nl\/","name":"Livecards.it","description":"Acquista il tuo ufficio","potentialAction":[{"@type":"SearchAction","target":{"@type":"EntryPoint","urlTemplate":"https:\/\/livekaarten.nl\/?s={search_term_string}"},"query-input":{"@type":"PropertyValueSpecification","valueRequired":true,"valueName":"search_term_string"}}],"inLanguage":"it-IT"}]}},"_links":{"self":[{"href":"https:\/\/livekaarten.nl\/it\/wp-json\/wp\/v2\/pages\/2095","targetHints":{"allow":["GET"]}}],"collection":[{"href":"https:\/\/livekaarten.nl\/it\/wp-json\/wp\/v2\/pages"}],"about":[{"href":"https:\/\/livekaarten.nl\/it\/wp-json\/wp\/v2\/types\/page"}],"author":[{"embeddable":true,"href":"https:\/\/livekaarten.nl\/it\/wp-json\/wp\/v2\/users\/1"}],"replies":[{"embeddable":true,"href":"https:\/\/livekaarten.nl\/it\/wp-json\/wp\/v2\/comments?post=2095"}],"version-history":[{"count":0,"href":"https:\/\/livekaarten.nl\/it\/wp-json\/wp\/v2\/pages\/2095\/revisions"}],"wp:attachment":[{"href":"https:\/\/livekaarten.nl\/it\/wp-json\/wp\/v2\/media?parent=2095"}],"curies":[{"name":"wp","href":"https:\/\/api.w.org\/{rel}","templated":true}]}}