{"id":33839,"date":"2023-08-11T21:12:36","date_gmt":"2023-08-11T19:12:36","guid":{"rendered":"https:\/\/gamecardshop.com\/livecards\/?post_type=product&#038;p=33839"},"modified":"2026-04-03T12:03:25","modified_gmt":"2026-04-03T10:03:25","slug":"microsoft-windows-server-2022-datacenter","status":"publish","type":"product","link":"https:\/\/livekaarten.nl\/fr\/produit\/microsoft-windows-server-2022-datacenter\/","title":{"rendered":"Microsoft Windows Server 2022 Datacenter"},"content":{"rendered":"<p>Microsoft Windows Server 2022 vous aide \u00e0 d\u00e9velopper votre activit\u00e9 et \u00e0 \u00e9tendre vos op\u00e9rations dans le cloud \u00e0 partir d'une position de force. Il optimise vos investissements existants et s'appuie sur les capacit\u00e9s de Windows Server en mati\u00e8re de s\u00e9curit\u00e9, d'innovation applicative et d'infrastructure hyper-converg\u00e9e pour vous aider \u00e0 combler le foss\u00e9 entre vos investissements sur site et le cloud.<\/p>\n<p>Microsoft Windows Server 2022 est disponible en trois \u00e9ditions pour diff\u00e9rents environnements :<\/p>\n<ul>\n<li><strong>Microsoft Windows Server 2022 Essentials<\/strong> est destin\u00e9 aux petites entreprises comptant jusqu'\u00e0 25 utilisateurs et 50 appareils. Aucune licence d'acc\u00e8s au serveur (CAL) suppl\u00e9mentaire n'est n\u00e9cessaire.<\/li>\n<li><strong>Microsoft Windows Server 2022 Standard<\/strong> est parfait pour les environnements physiques ou peu virtualis\u00e9s. Ce mod\u00e8le de licence bas\u00e9 sur les c\u0153urs n\u00e9cessite des licences d'acc\u00e8s au serveur (CAL).<\/li>\n<li><strong>Microsoft Windows Server 2022 Datacenter<\/strong> est id\u00e9al pour les centres de donn\u00e9es hautement virtualis\u00e9s et les environnements en nuage. Ce mod\u00e8le de licence bas\u00e9 sur les c\u0153urs n\u00e9cessite des licences d'acc\u00e8s au serveur (CAL).<\/li>\n<\/ul>\n<p>Microsoft Windows Server 2022 est le syst\u00e8me d'exploitation qui comble le foss\u00e9 entre les environnements sur site et Azure, en ajoutant des couches de s\u00e9curit\u00e9 suppl\u00e9mentaires et en vous aidant \u00e0 moderniser vos applications et votre infrastructure.<\/p>\n<p><strong>Capacit\u00e9s hybrides avec Azure<\/strong><\/p>\n<p>\u00c9tendez votre centre de donn\u00e9es \u00e0 Azure pour maximiser vos investissements et exploiter de nouvelles opportunit\u00e9s hybrides.<\/p>\n<p><strong>S\u00e9curit\u00e9 multicouche avanc\u00e9e<\/strong><\/p>\n<p>Augmentez votre s\u00e9curit\u00e9 en prot\u00e9geant votre centre de donn\u00e9es, en commen\u00e7ant par le syst\u00e8me d'exploitation.<\/p>\n<p><strong>Une innovation plus rapide pour les applications<\/strong><\/p>\n<p>Permettre la cr\u00e9ation d'applications cloud-natives et moderniser les applications traditionnelles \u00e0 l'aide de conteneurs et de microservices.<\/p>\n<p><strong>Une infrastructure hyperconverg\u00e9e sans pr\u00e9c\u00e9dent<\/strong><\/p>\n<p>D\u00e9veloppez l'infrastructure de votre centre de donn\u00e9es pour une plus grande efficacit\u00e9 et une meilleure s\u00e9curit\u00e9.<\/p>\n<p><strong>Exigences du syst\u00e8me<\/strong><\/p>\n<ul>\n<li>Processeur : 1,4 GHz 64 bits avec NX \/ DEP<\/li>\n<li>RAM : 512 MB (Server Core et Server Nano), 2 GB (avec la vue de bureau)<\/li>\n<li>Carte graphique et \u00e9cran : 1024 \u00d7 768 pixels<\/li>\n<li>R\u00e9seau : Gigabit Ethernet<\/li>\n<li>Espace disque disponible : 32 Go d'espace disque disponible<\/li>\n<li>BIOS : Syst\u00e8me UEFI avec Secure Boot (UEFI 2.3.1c) (pour certaines fonctions)<\/li>\n<\/ul>","protected":false},"excerpt":{"rendered":"<ul>\n<li>Microsoft Windows Server 2022 Standard<\/li>\n<li>Disponible pour les syst\u00e8mes 64 bits<\/li>\n<li>Livraison par e-mail : cl\u00e9 du produit, instructions, liens de t\u00e9l\u00e9chargement et facture<\/li>\n<li>T\u00e9l\u00e9chargement instantan\u00e9 disponible !<\/li>\n<li>Pas de limite de temps, pas d'abonnement n\u00e9cessaire<\/li>\n<li>Assistance gratuite \u00e0 l'installation et \u00e0 l'activation<\/li>\n<li>Non disponible sur support physique (USB, CD, etc.)<\/li>\n<li>Activation possible par internet ou par t\u00e9l\u00e9phone<\/li>\n<li><strong><span style=\"color: #ff0000;\">NON compatible avec Apple macOS\u2122, les appareils Android et les Chromebooks.<\/span><\/strong><\/li>\n<\/ul>","protected":false},"featured_media":114594,"comment_status":"closed","ping_status":"closed","template":"","meta":[],"product_cat":[82],"product_tag":[],"class_list":{"0":"post-33839","1":"product","2":"type-product","3":"status-publish","4":"has-post-thumbnail","6":"product_cat-microsoft-windows","8":"first","9":"instock","10":"sale","11":"virtual","12":"taxable","13":"purchasable","14":"product-type-simple"},"yoast_head":"<!-- This site is optimized with the Yoast SEO plugin v27.3 - https:\/\/yoast.com\/product\/yoast-seo-wordpress\/ -->\n<title>Microsoft Windows Server 2022 Datacenter | livekaarten.nl<\/title>\n<meta name=\"robots\" content=\"index, follow, max-snippet:-1, max-image-preview:large, max-video-preview:-1\" \/>\n<link rel=\"canonical\" href=\"https:\/\/livekaarten.nl\/fr\/produit\/microsoft-windows-server-2022-datacenter\/\" \/>\n<meta property=\"og:locale\" content=\"fr_FR\" \/>\n<meta property=\"og:type\" content=\"article\" \/>\n<meta property=\"og:title\" content=\"Microsoft Windows Server 2022 Datacenter | livekaarten.nl\" \/>\n<meta property=\"og:description\" content=\"Microsoft Windows Server 2022 Standaard  Beschikbaar voor 64-bits systemen  Levering per e-mail: productsleutel, instructies, downloadlinks en factuur  Directe download beschikbaar!  Geen tijdslimiet, geen abonnement vereist  Gratis ondersteuning bij installatie en activering  Niet beschikbaar op fysieke media (USB, CD, enz.)  Activering mogelijk via internet of telefonisch  NIET compatibel met Apple macOS\u2122, Android-apparaten en Chromebooks.\" \/>\n<meta property=\"og:url\" content=\"https:\/\/livekaarten.nl\/fr\/produit\/microsoft-windows-server-2022-datacenter\/\" \/>\n<meta property=\"og:site_name\" content=\"livekaarten.nl\" \/>\n<meta property=\"article:modified_time\" content=\"2026-04-03T10:03:25+00:00\" \/>\n<meta property=\"og:image\" content=\"https:\/\/livekaarten.nl\/wp-content\/uploads\/2025\/04\/WS22DC.jpg\" \/>\n\t<meta property=\"og:image:width\" content=\"1000\" \/>\n\t<meta property=\"og:image:height\" content=\"1500\" \/>\n\t<meta property=\"og:image:type\" content=\"image\/jpeg\" \/>\n<meta name=\"twitter:card\" content=\"summary_large_image\" \/>\n<meta name=\"twitter:label1\" content=\"Dur\u00e9e de lecture estim\u00e9e\" \/>\n\t<meta name=\"twitter:data1\" content=\"2 minutes\" \/>\n<script type=\"application\/ld+json\" class=\"yoast-schema-graph\">{\"@context\":\"https:\\\/\\\/schema.org\",\"@graph\":[{\"@type\":\"WebPage\",\"@id\":\"https:\\\/\\\/livekaarten.nl\\\/product\\\/microsoft-windows-server-2022-datacenter\\\/\",\"url\":\"https:\\\/\\\/livekaarten.nl\\\/product\\\/microsoft-windows-server-2022-datacenter\\\/\",\"name\":\"Microsoft Windows Server 2022 Datacenter | livekaarten.nl\",\"isPartOf\":{\"@id\":\"https:\\\/\\\/livekaarten.nl\\\/#website\"},\"primaryImageOfPage\":{\"@id\":\"https:\\\/\\\/livekaarten.nl\\\/product\\\/microsoft-windows-server-2022-datacenter\\\/#primaryimage\"},\"image\":{\"@id\":\"https:\\\/\\\/livekaarten.nl\\\/product\\\/microsoft-windows-server-2022-datacenter\\\/#primaryimage\"},\"thumbnailUrl\":\"https:\\\/\\\/livekaarten.nl\\\/wp-content\\\/uploads\\\/2025\\\/04\\\/WS22DC.jpg\",\"datePublished\":\"2023-08-11T19:12:36+00:00\",\"dateModified\":\"2026-04-03T10:03:25+00:00\",\"breadcrumb\":{\"@id\":\"https:\\\/\\\/livekaarten.nl\\\/product\\\/microsoft-windows-server-2022-datacenter\\\/#breadcrumb\"},\"inLanguage\":\"fr-FR\",\"potentialAction\":[{\"@type\":\"ReadAction\",\"target\":[\"https:\\\/\\\/livekaarten.nl\\\/product\\\/microsoft-windows-server-2022-datacenter\\\/\"]}]},{\"@type\":\"ImageObject\",\"inLanguage\":\"fr-FR\",\"@id\":\"https:\\\/\\\/livekaarten.nl\\\/product\\\/microsoft-windows-server-2022-datacenter\\\/#primaryimage\",\"url\":\"https:\\\/\\\/livekaarten.nl\\\/wp-content\\\/uploads\\\/2025\\\/04\\\/WS22DC.jpg\",\"contentUrl\":\"https:\\\/\\\/livekaarten.nl\\\/wp-content\\\/uploads\\\/2025\\\/04\\\/WS22DC.jpg\",\"width\":1000,\"height\":1500},{\"@type\":\"BreadcrumbList\",\"@id\":\"https:\\\/\\\/livekaarten.nl\\\/product\\\/microsoft-windows-server-2022-datacenter\\\/#breadcrumb\",\"itemListElement\":[{\"@type\":\"ListItem\",\"position\":1,\"name\":\"Home\",\"item\":\"https:\\\/\\\/livekaarten.nl\\\/\"},{\"@type\":\"ListItem\",\"position\":2,\"name\":\"Winkel\",\"item\":\"https:\\\/\\\/livekaarten.nl\\\/shop\\\/\"},{\"@type\":\"ListItem\",\"position\":3,\"name\":\"Microsoft Windows Server 2022 Datacenter\"}]},{\"@type\":\"WebSite\",\"@id\":\"https:\\\/\\\/livekaarten.nl\\\/#website\",\"url\":\"https:\\\/\\\/livekaarten.nl\\\/\",\"name\":\"Livekaarten.nl\",\"description\":\"Koop uw kantoor\",\"potentialAction\":[{\"@type\":\"SearchAction\",\"target\":{\"@type\":\"EntryPoint\",\"urlTemplate\":\"https:\\\/\\\/livekaarten.nl\\\/?s={search_term_string}\"},\"query-input\":{\"@type\":\"PropertyValueSpecification\",\"valueRequired\":true,\"valueName\":\"search_term_string\"}}],\"inLanguage\":\"fr-FR\"}]}<\/script>\n<!-- \/ Yoast SEO plugin. -->","yoast_head_json":{"title":"Microsoft Windows Server 2022 Datacenter | livekaarten.nl","robots":{"index":"index","follow":"follow","max-snippet":"max-snippet:-1","max-image-preview":"max-image-preview:large","max-video-preview":"max-video-preview:-1"},"canonical":"https:\/\/livekaarten.nl\/fr\/produit\/microsoft-windows-server-2022-datacenter\/","og_locale":"fr_FR","og_type":"article","og_title":"Microsoft Windows Server 2022 Datacenter | livekaarten.nl","og_description":"Microsoft Windows Server 2022 Standaard  Beschikbaar voor 64-bits systemen  Levering per e-mail: productsleutel, instructies, downloadlinks en factuur  Directe download beschikbaar!  Geen tijdslimiet, geen abonnement vereist  Gratis ondersteuning bij installatie en activering  Niet beschikbaar op fysieke media (USB, CD, enz.)  Activering mogelijk via internet of telefonisch  NIET compatibel met Apple macOS\u2122, Android-apparaten en Chromebooks.","og_url":"https:\/\/livekaarten.nl\/fr\/produit\/microsoft-windows-server-2022-datacenter\/","og_site_name":"livekaarten.nl","article_modified_time":"2026-04-03T10:03:25+00:00","og_image":[{"width":1000,"height":1500,"url":"https:\/\/livekaarten.nl\/wp-content\/uploads\/2025\/04\/WS22DC.jpg","type":"image\/jpeg"}],"twitter_card":"summary_large_image","twitter_misc":{"Dur\u00e9e de lecture estim\u00e9e":"2 minutes"},"schema":{"@context":"https:\/\/schema.org","@graph":[{"@type":"WebPage","@id":"https:\/\/livekaarten.nl\/product\/microsoft-windows-server-2022-datacenter\/","url":"https:\/\/livekaarten.nl\/product\/microsoft-windows-server-2022-datacenter\/","name":"Microsoft Windows Server 2022 Datacenter | livekaarten.nl","isPartOf":{"@id":"https:\/\/livekaarten.nl\/#website"},"primaryImageOfPage":{"@id":"https:\/\/livekaarten.nl\/product\/microsoft-windows-server-2022-datacenter\/#primaryimage"},"image":{"@id":"https:\/\/livekaarten.nl\/product\/microsoft-windows-server-2022-datacenter\/#primaryimage"},"thumbnailUrl":"https:\/\/livekaarten.nl\/wp-content\/uploads\/2025\/04\/WS22DC.jpg","datePublished":"2023-08-11T19:12:36+00:00","dateModified":"2026-04-03T10:03:25+00:00","breadcrumb":{"@id":"https:\/\/livekaarten.nl\/product\/microsoft-windows-server-2022-datacenter\/#breadcrumb"},"inLanguage":"fr-FR","potentialAction":[{"@type":"ReadAction","target":["https:\/\/livekaarten.nl\/product\/microsoft-windows-server-2022-datacenter\/"]}]},{"@type":"ImageObject","inLanguage":"fr-FR","@id":"https:\/\/livekaarten.nl\/product\/microsoft-windows-server-2022-datacenter\/#primaryimage","url":"https:\/\/livekaarten.nl\/wp-content\/uploads\/2025\/04\/WS22DC.jpg","contentUrl":"https:\/\/livekaarten.nl\/wp-content\/uploads\/2025\/04\/WS22DC.jpg","width":1000,"height":1500},{"@type":"BreadcrumbList","@id":"https:\/\/livekaarten.nl\/product\/microsoft-windows-server-2022-datacenter\/#breadcrumb","itemListElement":[{"@type":"ListItem","position":1,"name":"Home","item":"https:\/\/livekaarten.nl\/"},{"@type":"ListItem","position":2,"name":"Winkel","item":"https:\/\/livekaarten.nl\/shop\/"},{"@type":"ListItem","position":3,"name":"Microsoft Windows Server 2022 Datacenter"}]},{"@type":"WebSite","@id":"https:\/\/livekaarten.nl\/#website","url":"https:\/\/livekaarten.nl\/","name":"Livecards.co.uk","description":"Acheter votre bureau","potentialAction":[{"@type":"SearchAction","target":{"@type":"EntryPoint","urlTemplate":"https:\/\/livekaarten.nl\/?s={search_term_string}"},"query-input":{"@type":"PropertyValueSpecification","valueRequired":true,"valueName":"search_term_string"}}],"inLanguage":"fr-FR"}]}},"_links":{"self":[{"href":"https:\/\/livekaarten.nl\/fr\/wp-json\/wp\/v2\/product\/33839","targetHints":{"allow":["GET"]}}],"collection":[{"href":"https:\/\/livekaarten.nl\/fr\/wp-json\/wp\/v2\/product"}],"about":[{"href":"https:\/\/livekaarten.nl\/fr\/wp-json\/wp\/v2\/types\/product"}],"replies":[{"embeddable":true,"href":"https:\/\/livekaarten.nl\/fr\/wp-json\/wp\/v2\/comments?post=33839"}],"wp:featuredmedia":[{"embeddable":true,"href":"https:\/\/livekaarten.nl\/fr\/wp-json\/wp\/v2\/media\/114594"}],"wp:attachment":[{"href":"https:\/\/livekaarten.nl\/fr\/wp-json\/wp\/v2\/media?parent=33839"}],"wp:term":[{"taxonomy":"product_cat","embeddable":true,"href":"https:\/\/livekaarten.nl\/fr\/wp-json\/wp\/v2\/product_cat?post=33839"},{"taxonomy":"product_tag","embeddable":true,"href":"https:\/\/livekaarten.nl\/fr\/wp-json\/wp\/v2\/product_tag?post=33839"}],"curies":[{"name":"wp","href":"https:\/\/api.w.org\/{rel}","templated":true}]}}