{"id":33836,"date":"2023-08-11T21:12:35","date_gmt":"2023-08-11T19:12:35","guid":{"rendered":"https:\/\/gamecardshop.com\/livecards\/?post_type=product&#038;p=33836"},"modified":"2026-04-03T12:01:43","modified_gmt":"2026-04-03T10:01:43","slug":"office-2013-professional-plus","status":"publish","type":"product","link":"https:\/\/livekaarten.nl\/fr\/produit\/office-2013-professional-plus\/","title":{"rendered":"Microsoft Office 2013 Professional Plus Licence pour 3 appareils"},"content":{"rendered":"<div>\n<p>Avec les programmes inclus, Microsoft Office 2013 Professional Plus r\u00e9pond \u00e0 toutes les exigences d'un logiciel de bureautique complet. Que vous cr\u00e9iez des lettres types, g\u00e9riez des chiffres d'affaires et des feuilles de calcul, conceviez des pr\u00e9sentations, cr\u00e9iez des bases de donn\u00e9es ou organisiez vos courriels pour vos projets professionnels et priv\u00e9s, tout cela peut \u00eatre fait en un rien de temps avec les applications Office.<\/p>\n<p><strong>Quels sont les programmes inclus dans Microsoft Office 2013 Professional Plus ?<\/strong><\/p>\n<ul>\n<li><strong>Microsoft Word 2013<\/strong> - pour cr\u00e9er et \u00e9diter vos textes et documents<\/li>\n<li><strong>Microsoft Excel 2013<\/strong> - pour le traitement d'enregistrements de donn\u00e9es tabulaires<\/li>\n<li><strong>Microsoft PowerPoint 2013<\/strong> - pour cr\u00e9er des pr\u00e9sentations inspirantes<\/li>\n<li><strong>Microsoft Outlook 2013<\/strong> - pour g\u00e9rer vos courriels, vos contacts, vos horaires et vos t\u00e2ches<\/li>\n<li><strong>Microsoft OneNote 2013<\/strong> - pour cr\u00e9er et g\u00e9rer vos notes<\/li>\n<li><strong>Microsoft Publisher 2013<\/strong> - pour cr\u00e9er facilement des publications de qualit\u00e9 professionnelle<\/li>\n<li><strong>Microsoft Access 2013<\/strong> - pour la cr\u00e9ation de bases de donn\u00e9es avec acc\u00e8s \u00e0 l'internet<\/li>\n<\/ul>\n<p>Microsoft fait un usage intensif du nuage dans Microsoft Office 2013. La suite permet aux utilisateurs de stocker des documents directement dans le service en nuage SkyDrive de Microsoft. Gr\u00e2ce \u00e0 cette fonctionnalit\u00e9, vous pouvez vous connecter \u00e0 un ordinateur sur lequel le logiciel Office n'est pas install\u00e9 et utiliser les composants Web Office de Microsoft pour ouvrir, modifier et partager un document. La version 2013 de la suite ne n\u00e9cessite aucun composant logiciel suppl\u00e9mentaire, ce qui rendait le processus fastidieux dans les versions pr\u00e9c\u00e9dentes.<\/p>\n<p>Microsoft a apport\u00e9 quelques am\u00e9liorations bienvenues \u00e0 des \u00e9l\u00e9ments logiciels sp\u00e9cifiques de la suite Office. L'une des am\u00e9liorations apport\u00e9es \u00e0 Word 2013 est la possibilit\u00e9 d'ouvrir et de modifier des documents PDF directement \u00e0 partir de Word, ce qui peut repr\u00e9senter un v\u00e9ritable gain de temps. Il peut \u00e9galement r\u00e9organiser activement le texte autour des images ou des clips vid\u00e9o au fur et \u00e0 mesure que vous tapez. Word est \u00e9galement livr\u00e9 avec Simple Markup, une nouvelle option de r\u00e9vision qui donne aux utilisateurs une vue propre et simple d'un document, tout en ayant des indicateurs pour noter les modifications suivies.<\/p>\n<p><strong>Fonctions suppl\u00e9mentaires<\/strong><\/p>\n<ul>\n<li>\u201cRecherche \u201dInsights\" directement \u00e0 partir de vos documents. Vous pouvez ainsi r\u00e9cup\u00e9rer des informations pertinentes sur Internet et les int\u00e9grer dans vos documents ou pr\u00e9sentations. Un lien vers Bing garantit des r\u00e9sultats de recherche rapides<\/li>\n<li>L'assistant de recherche \u201cTell me\u201d, qui rend chaque programme plus rapide et plus convivial<\/li>\n<li>La fonction de remplissage automatique d'Excel d\u00e9tecte les mod\u00e8les et remplit les donn\u00e9es automatiquement. Vous pouvez \u00e9galement pr\u00e9dire facilement des ensembles de donn\u00e9es et des formes pour les tendances futures.<\/li>\n<li>Utilisez l'option int\u00e9gr\u00e9e \u00e0 Publisher pour imprimer des photos en ligne. Gagnez du temps et obtenez des r\u00e9sultats professionnels<\/li>\n<li>PowerPoint permet de partager des pr\u00e9sentations sur le web. Il n'est pas n\u00e9cessaire d'installer PowerPoint pour les visualiser<\/li>\n<li>Activez le fond d'\u00e9cran \u201cTh\u00e8me noir\u201d pour un travail plus agr\u00e9able \u00e0 l'\u0153il.<\/li>\n<li>Utilisez OneDrive avec 5 Go de stockage gratuit dans le nuage et collaborez avec d'autres personnes en temps r\u00e9el.<\/li>\n<\/ul>\n<p>En d'autres termes, l'interface utilisateur intuitive de Microsoft Office Professional Plus 2013 permet une navigation rapide dans les programmes. Le ruban r\u00e9vis\u00e9 facilite la recherche des fonctions. Et si vous n'y arrivez pas, l'assistant de recherche \u201cTell me\u201d vous aide \u00e0 trouver rapidement la fonction souhait\u00e9e. Vous vous habituez rapidement aux diff\u00e9rents programmes et les utilisez de mani\u00e8re optimale pour votre travail.<\/p>\n<p>Gr\u00e2ce \u00e0 l'int\u00e9gration de Skype for Business, vous restez toujours en contact avec vos coll\u00e8gues et collaborateurs. Microsoft Office Professional Plus 2013 offre des fonctionnalit\u00e9s avanc\u00e9es pour la messagerie instantan\u00e9e, la vid\u00e9oconf\u00e9rence et la t\u00e9l\u00e9phonie IP. Vous pouvez partager des informations, clarifier et discuter des projets. Le service en nuage OneDrive simplifie \u00e9galement le partage des donn\u00e9es. Travaillez ensemble pour la r\u00e9ussite de votre entreprise, o\u00f9 que vous soyez. L'interface de Microsoft Office 2013 Professional Plus s'int\u00e8gre parfaitement \u00e0 Windows 10 et est optimis\u00e9e pour le contr\u00f4le tactile. Travaillez de mani\u00e8re flexible et augmentez votre productivit\u00e9 avec Microsoft Office Professional Plus 2013.<\/p>\n<p><strong>Exigences du syst\u00e8me<\/strong><\/p>\n<ul>\n<li>Processeur \u00e0 deux c\u0153urs de 1,4 GHz<\/li>\n<li>Windows 7, Windows 8, Windows 10<\/li>\n<li>1 Go (32bit), 2 Go (64bit) RAM<\/li>\n<li>3 Go d'espace disque disponible<\/li>\n<li>Carte graphique DirectX 9 pour utiliser l'acc\u00e9l\u00e9ration mat\u00e9rielle des graphiques<\/li>\n<\/ul>\n<\/div>","protected":false},"excerpt":{"rendered":"<ul>\n<li>Licence : pour l'activation sur 3 PC (en ligne ou par t\u00e9l\u00e9phone)<\/li>\n<li>Livraison : lien de t\u00e9l\u00e9chargement, cl\u00e9 de produit, instructions et facture livr\u00e9s directement par e-mail. Non disponible sur support physique (USB, CD, etc.).<\/li>\n<li>Version : Pour les syst\u00e8mes 32 et 64 bits, versions compl\u00e8tes et illimit\u00e9es du logiciel<\/li>\n<li>Langues : anglais, espagnol, italien, allemand, fran\u00e7ais<\/li>\n<li>Assistance : 24 heures sur 24, 7 jours sur 7, en anglais, espagnol et allemand<\/li>\n<li><strong><span style=\"color: #008000;\">Ce produit est compatible avec Windows.<\/span><\/strong><\/li>\n<li><strong><span style=\"color: #ff0000;\">NON compatible avec Apple macOS\u2122, les appareils Android et les Chromebooks.<\/span><\/strong><\/li>\n<\/ul>","protected":false},"featured_media":114643,"comment_status":"closed","ping_status":"closed","template":"","meta":[],"product_cat":[75],"product_tag":[79],"class_list":{"0":"post-33836","1":"product","2":"type-product","3":"status-publish","4":"has-post-thumbnail","6":"product_cat-microsoft-office","7":"product_tag-ms-office","9":"first","10":"instock","11":"sale","12":"virtual","13":"taxable","14":"purchasable","15":"product-type-simple"},"yoast_head":"<!-- This site is optimized with the Yoast SEO plugin v27.3 - https:\/\/yoast.com\/product\/yoast-seo-wordpress\/ -->\n<title>Microsoft Office 2013 Professional Plus Licentie voor 3 apparaten | Your best option, at the best price<\/title>\n<meta name=\"description\" content=\"Microsoft Office 2013 Professional Plus Licentie voor 3 apparaten Application for editing digital texts. | Best market prices. | 24\/7 Customer support | Immediate delivery\" \/>\n<meta name=\"robots\" content=\"index, follow, max-snippet:-1, max-image-preview:large, max-video-preview:-1\" \/>\n<link rel=\"canonical\" href=\"https:\/\/livekaarten.nl\/fr\/produit\/office-2013-professional-plus\/\" \/>\n<meta property=\"og:locale\" content=\"fr_FR\" \/>\n<meta property=\"og:type\" content=\"article\" \/>\n<meta property=\"og:title\" content=\"Microsoft Office 2013 Professional Plus Licentie voor 3 apparaten | Your best option, at the best price\" \/>\n<meta property=\"og:description\" content=\"Microsoft Office 2013 Professional Plus Licentie voor 3 apparaten Application for editing digital texts. | Best market prices. | 24\/7 Customer support | Immediate delivery\" \/>\n<meta property=\"og:url\" content=\"https:\/\/livekaarten.nl\/fr\/produit\/office-2013-professional-plus\/\" \/>\n<meta property=\"og:site_name\" content=\"livekaarten.nl\" \/>\n<meta property=\"article:modified_time\" content=\"2026-04-03T10:01:43+00:00\" \/>\n<meta property=\"og:image\" content=\"https:\/\/livekaarten.nl\/wp-content\/uploads\/2025\/04\/O13PP.jpg\" \/>\n\t<meta property=\"og:image:width\" content=\"1000\" \/>\n\t<meta property=\"og:image:height\" content=\"1500\" \/>\n\t<meta property=\"og:image:type\" content=\"image\/jpeg\" \/>\n<meta name=\"twitter:card\" content=\"summary_large_image\" \/>\n<meta name=\"twitter:label1\" content=\"Dur\u00e9e de lecture estim\u00e9e\" \/>\n\t<meta name=\"twitter:data1\" content=\"4 minutes\" \/>\n<script type=\"application\/ld+json\" class=\"yoast-schema-graph\">{\"@context\":\"https:\\\/\\\/schema.org\",\"@graph\":[{\"@type\":\"WebPage\",\"@id\":\"https:\\\/\\\/livekaarten.nl\\\/product\\\/office-2013-professional-plus\\\/\",\"url\":\"https:\\\/\\\/livekaarten.nl\\\/product\\\/office-2013-professional-plus\\\/\",\"name\":\"Microsoft Office 2013 Professional Plus Licentie voor 3 apparaten | Your best option, at the best price\",\"isPartOf\":{\"@id\":\"https:\\\/\\\/livekaarten.nl\\\/#website\"},\"primaryImageOfPage\":{\"@id\":\"https:\\\/\\\/livekaarten.nl\\\/product\\\/office-2013-professional-plus\\\/#primaryimage\"},\"image\":{\"@id\":\"https:\\\/\\\/livekaarten.nl\\\/product\\\/office-2013-professional-plus\\\/#primaryimage\"},\"thumbnailUrl\":\"https:\\\/\\\/livekaarten.nl\\\/wp-content\\\/uploads\\\/2025\\\/04\\\/O13PP.jpg\",\"datePublished\":\"2023-08-11T19:12:35+00:00\",\"dateModified\":\"2026-04-03T10:01:43+00:00\",\"description\":\"Microsoft Office 2013 Professional Plus Licentie voor 3 apparaten Application for editing digital texts. | Best market prices. | 24\\\/7 Customer support | Immediate delivery\",\"breadcrumb\":{\"@id\":\"https:\\\/\\\/livekaarten.nl\\\/product\\\/office-2013-professional-plus\\\/#breadcrumb\"},\"inLanguage\":\"fr-FR\",\"potentialAction\":[{\"@type\":\"ReadAction\",\"target\":[\"https:\\\/\\\/livekaarten.nl\\\/product\\\/office-2013-professional-plus\\\/\"]}]},{\"@type\":\"ImageObject\",\"inLanguage\":\"fr-FR\",\"@id\":\"https:\\\/\\\/livekaarten.nl\\\/product\\\/office-2013-professional-plus\\\/#primaryimage\",\"url\":\"https:\\\/\\\/livekaarten.nl\\\/wp-content\\\/uploads\\\/2025\\\/04\\\/O13PP.jpg\",\"contentUrl\":\"https:\\\/\\\/livekaarten.nl\\\/wp-content\\\/uploads\\\/2025\\\/04\\\/O13PP.jpg\",\"width\":1000,\"height\":1500},{\"@type\":\"BreadcrumbList\",\"@id\":\"https:\\\/\\\/livekaarten.nl\\\/product\\\/office-2013-professional-plus\\\/#breadcrumb\",\"itemListElement\":[{\"@type\":\"ListItem\",\"position\":1,\"name\":\"Home\",\"item\":\"https:\\\/\\\/livekaarten.nl\\\/\"},{\"@type\":\"ListItem\",\"position\":2,\"name\":\"Winkel\",\"item\":\"https:\\\/\\\/livekaarten.nl\\\/shop\\\/\"},{\"@type\":\"ListItem\",\"position\":3,\"name\":\"Microsoft Office 2013 Professional Plus Licentie voor 3 apparaten\"}]},{\"@type\":\"WebSite\",\"@id\":\"https:\\\/\\\/livekaarten.nl\\\/#website\",\"url\":\"https:\\\/\\\/livekaarten.nl\\\/\",\"name\":\"Livekaarten.nl\",\"description\":\"Koop uw kantoor\",\"potentialAction\":[{\"@type\":\"SearchAction\",\"target\":{\"@type\":\"EntryPoint\",\"urlTemplate\":\"https:\\\/\\\/livekaarten.nl\\\/?s={search_term_string}\"},\"query-input\":{\"@type\":\"PropertyValueSpecification\",\"valueRequired\":true,\"valueName\":\"search_term_string\"}}],\"inLanguage\":\"fr-FR\"}]}<\/script>\n<!-- \/ Yoast SEO plugin. -->","yoast_head_json":{"title":"Microsoft Office 2013 Professional Plus Licentie voor 3 apparaten | Your best option, at the best price","description":"Microsoft Office 2013 Professional Plus Licentie voor 3 apparaten Application for editing digital texts. | Best market prices. | 24\/7 Customer support | Immediate delivery","robots":{"index":"index","follow":"follow","max-snippet":"max-snippet:-1","max-image-preview":"max-image-preview:large","max-video-preview":"max-video-preview:-1"},"canonical":"https:\/\/livekaarten.nl\/fr\/produit\/office-2013-professional-plus\/","og_locale":"fr_FR","og_type":"article","og_title":"Microsoft Office 2013 Professional Plus Licentie voor 3 apparaten | Your best option, at the best price","og_description":"Microsoft Office 2013 Professional Plus Licentie voor 3 apparaten Application for editing digital texts. | Best market prices. | 24\/7 Customer support | Immediate delivery","og_url":"https:\/\/livekaarten.nl\/fr\/produit\/office-2013-professional-plus\/","og_site_name":"livekaarten.nl","article_modified_time":"2026-04-03T10:01:43+00:00","og_image":[{"width":1000,"height":1500,"url":"https:\/\/livekaarten.nl\/wp-content\/uploads\/2025\/04\/O13PP.jpg","type":"image\/jpeg"}],"twitter_card":"summary_large_image","twitter_misc":{"Dur\u00e9e de lecture estim\u00e9e":"4 minutes"},"schema":{"@context":"https:\/\/schema.org","@graph":[{"@type":"WebPage","@id":"https:\/\/livekaarten.nl\/product\/office-2013-professional-plus\/","url":"https:\/\/livekaarten.nl\/product\/office-2013-professional-plus\/","name":"Microsoft Office 2013 Professional Plus Licentie voor 3 apparaten | Your best option, at the best price","isPartOf":{"@id":"https:\/\/livekaarten.nl\/#website"},"primaryImageOfPage":{"@id":"https:\/\/livekaarten.nl\/product\/office-2013-professional-plus\/#primaryimage"},"image":{"@id":"https:\/\/livekaarten.nl\/product\/office-2013-professional-plus\/#primaryimage"},"thumbnailUrl":"https:\/\/livekaarten.nl\/wp-content\/uploads\/2025\/04\/O13PP.jpg","datePublished":"2023-08-11T19:12:35+00:00","dateModified":"2026-04-03T10:01:43+00:00","description":"Microsoft Office 2013 Professional Plus Licentie voor 3 apparaten Application for editing digital texts. | Best market prices. | 24\/7 Customer support | Immediate delivery","breadcrumb":{"@id":"https:\/\/livekaarten.nl\/product\/office-2013-professional-plus\/#breadcrumb"},"inLanguage":"fr-FR","potentialAction":[{"@type":"ReadAction","target":["https:\/\/livekaarten.nl\/product\/office-2013-professional-plus\/"]}]},{"@type":"ImageObject","inLanguage":"fr-FR","@id":"https:\/\/livekaarten.nl\/product\/office-2013-professional-plus\/#primaryimage","url":"https:\/\/livekaarten.nl\/wp-content\/uploads\/2025\/04\/O13PP.jpg","contentUrl":"https:\/\/livekaarten.nl\/wp-content\/uploads\/2025\/04\/O13PP.jpg","width":1000,"height":1500},{"@type":"BreadcrumbList","@id":"https:\/\/livekaarten.nl\/product\/office-2013-professional-plus\/#breadcrumb","itemListElement":[{"@type":"ListItem","position":1,"name":"Home","item":"https:\/\/livekaarten.nl\/"},{"@type":"ListItem","position":2,"name":"Winkel","item":"https:\/\/livekaarten.nl\/shop\/"},{"@type":"ListItem","position":3,"name":"Microsoft Office 2013 Professional Plus Licentie voor 3 apparaten"}]},{"@type":"WebSite","@id":"https:\/\/livekaarten.nl\/#website","url":"https:\/\/livekaarten.nl\/","name":"Livecards.co.uk","description":"Acheter votre bureau","potentialAction":[{"@type":"SearchAction","target":{"@type":"EntryPoint","urlTemplate":"https:\/\/livekaarten.nl\/?s={search_term_string}"},"query-input":{"@type":"PropertyValueSpecification","valueRequired":true,"valueName":"search_term_string"}}],"inLanguage":"fr-FR"}]}},"_links":{"self":[{"href":"https:\/\/livekaarten.nl\/fr\/wp-json\/wp\/v2\/product\/33836","targetHints":{"allow":["GET"]}}],"collection":[{"href":"https:\/\/livekaarten.nl\/fr\/wp-json\/wp\/v2\/product"}],"about":[{"href":"https:\/\/livekaarten.nl\/fr\/wp-json\/wp\/v2\/types\/product"}],"replies":[{"embeddable":true,"href":"https:\/\/livekaarten.nl\/fr\/wp-json\/wp\/v2\/comments?post=33836"}],"wp:featuredmedia":[{"embeddable":true,"href":"https:\/\/livekaarten.nl\/fr\/wp-json\/wp\/v2\/media\/114643"}],"wp:attachment":[{"href":"https:\/\/livekaarten.nl\/fr\/wp-json\/wp\/v2\/media?parent=33836"}],"wp:term":[{"taxonomy":"product_cat","embeddable":true,"href":"https:\/\/livekaarten.nl\/fr\/wp-json\/wp\/v2\/product_cat?post=33836"},{"taxonomy":"product_tag","embeddable":true,"href":"https:\/\/livekaarten.nl\/fr\/wp-json\/wp\/v2\/product_tag?post=33836"}],"curies":[{"name":"wp","href":"https:\/\/api.w.org\/{rel}","templated":true}]}}