{"id":33835,"date":"2023-08-11T21:12:35","date_gmt":"2023-08-11T19:12:35","guid":{"rendered":"https:\/\/gamecardshop.com\/livecards\/?post_type=product&#038;p=33835"},"modified":"2026-04-03T12:01:43","modified_gmt":"2026-04-03T10:01:43","slug":"office-2016-professional-plus","status":"publish","type":"product","link":"https:\/\/livekaarten.nl\/fr\/produit\/office-2016-professional-plus\/","title":{"rendered":"Microsoft Office 2016 Professional Plus Licence pour 3 appareils"},"content":{"rendered":"<p>Avec les programmes inclus, Microsoft Office 2016 Professional Plus r\u00e9pond \u00e0 toutes les exigences d'un logiciel de bureautique complet. Qu'il s'agisse de cr\u00e9er des lettres types, de g\u00e9rer des chiffres d'affaires et des feuilles de calcul ou de concevoir des pr\u00e9sentations. De m\u00eame, la cr\u00e9ation de bases de donn\u00e9es ou l'organisation de vos courriels pour vos projets professionnels et priv\u00e9s, tout cela peut \u00eatre fait en un rien de temps avec les applications Office.<\/p>\n<p><strong>Quels sont les programmes inclus dans Microsoft Office 2016 Professional Plus ?<\/strong><\/p>\n<ul>\n<li><strong>Microsoft Word 2016.<\/strong> Pour cr\u00e9er et \u00e9diter vos textes et documents<\/li>\n<li><strong>Microsoft Excel 2016.<\/strong> Pour le traitement des enregistrements de donn\u00e9es tabulaires<\/li>\n<li><strong>Microsoft PowerPoint 2016.<\/strong> Pour cr\u00e9er des pr\u00e9sentations inspirantes<\/li>\n<li><strong>Microsoft Outlook 2016.<\/strong> Pour g\u00e9rer les courriels, les contacts, les horaires et les t\u00e2ches<\/li>\n<li><strong>Microsoft OneNote 2016.<\/strong> Pour cr\u00e9er et g\u00e9rer vos notes<\/li>\n<li><strong>Microsoft Publisher 2016.<\/strong> Pour cr\u00e9er facilement des publications de qualit\u00e9 professionnelle<\/li>\n<li><strong>Microsoft Access 2016.<\/strong> Pour la cr\u00e9ation de bases de donn\u00e9es avec acc\u00e8s \u00e0 l'internet<\/li>\n<li><strong>Skype pour les entreprises.<\/strong> Pour augmenter la productivit\u00e9 gr\u00e2ce \u00e0 la messagerie instantan\u00e9e et \u00e0 la facilit\u00e9 de communication<\/li>\n<\/ul>\n<p><strong>Nouvelles fonctionnalit\u00e9s de Microsoft Office 2016 Professional Plus<\/strong><\/p>\n<ul>\n<li>\u201cRecherche \u201dInsights\" directement \u00e0 partir de vos documents. Vous pouvez ainsi r\u00e9cup\u00e9rer des informations pertinentes sur Internet et les int\u00e9grer dans vos documents ou pr\u00e9sentations. Un lien vers Bing garantit des r\u00e9sultats de recherche rapides<\/li>\n<li>Recherchez l'assistant \u201cTell me\u201d. Vous constaterez alors que chaque programme fonctionne plus rapidement.<\/li>\n<li>Gr\u00e2ce \u00e0 sa fonction de remplissage automatique, Excel d\u00e9tecte le mod\u00e8le et remplit automatiquement vos donn\u00e9es. Vous pouvez \u00e9galement pr\u00e9dire facilement des ensembles de donn\u00e9es et des formes pour les tendances futures.<\/li>\n<li>Utilisez l'option int\u00e9gr\u00e9e dans Publisher pour imprimer des photos en ligne. Vous gagnerez ainsi du temps et obtiendrez des r\u00e9sultats professionnels.<\/li>\n<li>PowerPoint permet de partager des pr\u00e9sentations sur le web. Il n'est pas n\u00e9cessaire d'installer PowerPoint pour les visualiser.<\/li>\n<li>Activez le fond d'\u00e9cran \u201cTh\u00e8me noir\u201d. Cela vous permet de travailler de mani\u00e8re agr\u00e9able \u00e0 l'\u0153il.<\/li>\n<li>Utilisez \u00e9galement OneDrive avec 5 Go de stockage gratuit dans le nuage. Vous pouvez ainsi travailler en \u00e9quipe avec une mise en r\u00e9seau en temps r\u00e9el via.<\/li>\n<\/ul>\n<p><strong>Points importants concernant cette version de Microsoft Office<\/strong><\/p>\n<p>En d'autres termes, l'interface utilisateur intuitive de Microsoft Office Professional Plus 2016 permet une navigation rapide et efficace. Ainsi, le ruban r\u00e9vis\u00e9 permet de trouver rapidement les nouvelles fonctionnalit\u00e9s. Mais si jamais vous n'y arrivez pas, l'assistant de recherche \u201cTell Me\u201d vous aidera \u00e0 trouver la fonction souhait\u00e9e et \u00e0 l'utiliser efficacement. Vous vous habituerez rapidement aux diff\u00e9rents programmes et les utiliserez de mani\u00e8re optimale pour votre travail.<\/p>\n<p>En conclusion, en int\u00e9grant Skype for Business, vous et vos employ\u00e9s et coll\u00e8gues restez toujours connect\u00e9s. Microsoft Office Professional Plus 2016 offre ainsi de nouvelles fonctionnalit\u00e9s en mati\u00e8re de messagerie instantan\u00e9e, de visioconf\u00e9rence et de t\u00e9l\u00e9phonie sur IP. Vous pouvez alors \u00e9changer des informations, clarifier et poser des questions sur les projets. L'utilisation du service cloud OneDrive simplifie \u00e9galement le partage des donn\u00e9es. Travaillez ensemble pour la r\u00e9ussite de votre entreprise et restez flexible. M\u00eame votre lieu de travail se trouve d\u00e9sormais \u00e0 n'importe quel endroit. Le design et l'interface utilisateur de Microsoft Office 2016 Professional Plus sont bas\u00e9s sur Microsoft Windows 10. Les deux programmes sont parfaitement align\u00e9s. Optimis\u00e9s pour les appareils tactiles, vous pouvez travailler de mani\u00e8re flexible. Travaillez de mani\u00e8re cr\u00e9ative partout avec Microsoft Office Professional Plus 2016 et augmentez la productivit\u00e9 de votre entreprise.<\/p>\n<p><strong>Exigences du syst\u00e8me<\/strong>:<\/p>\n<ul>\n<li>Processeur \u00e0 deux c\u0153urs de 1,4 GHz<\/li>\n<li>Windows 7 SP1, Windows 8, Windows 10<\/li>\n<li>1 Go (32bit), 2 Go (64bit) RAM<\/li>\n<li>3 Go d'espace disque disponible<\/li>\n<li>Carte graphique DirectX 9 pour utiliser l'acc\u00e9l\u00e9ration mat\u00e9rielle des graphiques<\/li>\n<\/ul>","protected":false},"excerpt":{"rendered":"<ul>\n<li>Licence : pour l'activation sur 3 PC (en ligne ou par t\u00e9l\u00e9phone)<\/li>\n<li>Livraison : lien de t\u00e9l\u00e9chargement, cl\u00e9 de produit, instructions et facture livr\u00e9s directement par e-mail. Non disponible sur support physique (USB, CD, etc.).<\/li>\n<li>Version : Pour les syst\u00e8mes 32 et 64 bits, version compl\u00e8te et illimit\u00e9e du logiciel.<\/li>\n<li>Langues : anglais, espagnol, italien, allemand, fran\u00e7ais<\/li>\n<li>Assistance : 24\/7 en n\u00e9erlandais, fran\u00e7ais, allemand<\/li>\n<li><strong><span style=\"color: #008000;\">Ce produit est compatible avec Windows.<\/span><\/strong><\/li>\n<li><strong><span style=\"color: #ff0000;\">NON compatible avec Apple macOS\u2122, les appareils Android et les Chromebooks.<\/span><\/strong><\/li>\n<\/ul>","protected":false},"featured_media":100000114645,"comment_status":"closed","ping_status":"closed","template":"","meta":[],"product_cat":[75],"product_tag":[79,105],"class_list":{"0":"post-33835","1":"product","2":"type-product","3":"status-publish","4":"has-post-thumbnail","6":"product_cat-microsoft-office","7":"product_tag-ms-office","8":"product_tag-ms-office-2016","10":"first","11":"instock","12":"sale","13":"virtual","14":"taxable","15":"purchasable","16":"product-type-simple"},"yoast_head":"<!-- This site is optimized with the Yoast SEO plugin v27.3 - https:\/\/yoast.com\/product\/yoast-seo-wordpress\/ -->\n<title>Microsoft Office 2016 Professional Plus Licentie voor 3 apparaten | Your best option, at the best price<\/title>\n<meta name=\"description\" content=\"Microsoft Office 2016 Professional Plus Licentie voor 3 apparaten Application for editing digital texts. | Best market prices. | 24\/7 Customer support | Immediate delivery\" \/>\n<meta name=\"robots\" content=\"index, follow, max-snippet:-1, max-image-preview:large, max-video-preview:-1\" \/>\n<link rel=\"canonical\" href=\"https:\/\/livekaarten.nl\/fr\/produit\/office-2016-professional-plus\/\" \/>\n<meta property=\"og:locale\" content=\"fr_FR\" \/>\n<meta property=\"og:type\" content=\"article\" \/>\n<meta property=\"og:title\" content=\"Microsoft Office 2016 Professional Plus Licentie voor 3 apparaten | Your best option, at the best price\" \/>\n<meta property=\"og:description\" content=\"Microsoft Office 2016 Professional Plus Licentie voor 3 apparaten Application for editing digital texts. | Best market prices. | 24\/7 Customer support | Immediate delivery\" \/>\n<meta property=\"og:url\" content=\"https:\/\/livekaarten.nl\/fr\/produit\/office-2016-professional-plus\/\" \/>\n<meta property=\"og:site_name\" content=\"livekaarten.nl\" \/>\n<meta property=\"article:modified_time\" content=\"2026-04-03T10:01:43+00:00\" \/>\n<meta name=\"twitter:card\" content=\"summary_large_image\" \/>\n<meta name=\"twitter:label1\" content=\"Dur\u00e9e de lecture estim\u00e9e\" \/>\n\t<meta name=\"twitter:data1\" content=\"3 minutes\" \/>\n<script type=\"application\/ld+json\" class=\"yoast-schema-graph\">{\"@context\":\"https:\\\/\\\/schema.org\",\"@graph\":[{\"@type\":\"WebPage\",\"@id\":\"https:\\\/\\\/livekaarten.nl\\\/product\\\/office-2016-professional-plus\\\/\",\"url\":\"https:\\\/\\\/livekaarten.nl\\\/product\\\/office-2016-professional-plus\\\/\",\"name\":\"Microsoft Office 2016 Professional Plus Licentie voor 3 apparaten | Your best option, at the best price\",\"isPartOf\":{\"@id\":\"https:\\\/\\\/livekaarten.nl\\\/#website\"},\"primaryImageOfPage\":{\"@id\":\"https:\\\/\\\/livekaarten.nl\\\/product\\\/office-2016-professional-plus\\\/#primaryimage\"},\"image\":{\"@id\":\"https:\\\/\\\/livekaarten.nl\\\/product\\\/office-2016-professional-plus\\\/#primaryimage\"},\"thumbnailUrl\":\"https:\\\/\\\/livekaarten.nl\\\/wp-content\\\/uploads\\\/2025\\\/04\\\/O16PP.jpg\",\"datePublished\":\"2023-08-11T19:12:35+00:00\",\"dateModified\":\"2026-04-03T10:01:43+00:00\",\"description\":\"Microsoft Office 2016 Professional Plus Licentie voor 3 apparaten Application for editing digital texts. | Best market prices. | 24\\\/7 Customer support | Immediate delivery\",\"breadcrumb\":{\"@id\":\"https:\\\/\\\/livekaarten.nl\\\/product\\\/office-2016-professional-plus\\\/#breadcrumb\"},\"inLanguage\":\"fr-FR\",\"potentialAction\":[{\"@type\":\"ReadAction\",\"target\":[\"https:\\\/\\\/livekaarten.nl\\\/product\\\/office-2016-professional-plus\\\/\"]}]},{\"@type\":\"ImageObject\",\"inLanguage\":\"fr-FR\",\"@id\":\"https:\\\/\\\/livekaarten.nl\\\/product\\\/office-2016-professional-plus\\\/#primaryimage\",\"url\":\"https:\\\/\\\/livekaarten.nl\\\/wp-content\\\/uploads\\\/2025\\\/04\\\/O16PP.jpg\",\"contentUrl\":\"https:\\\/\\\/livekaarten.nl\\\/wp-content\\\/uploads\\\/2025\\\/04\\\/O16PP.jpg\"},{\"@type\":\"BreadcrumbList\",\"@id\":\"https:\\\/\\\/livekaarten.nl\\\/product\\\/office-2016-professional-plus\\\/#breadcrumb\",\"itemListElement\":[{\"@type\":\"ListItem\",\"position\":1,\"name\":\"Home\",\"item\":\"https:\\\/\\\/livekaarten.nl\\\/\"},{\"@type\":\"ListItem\",\"position\":2,\"name\":\"Winkel\",\"item\":\"https:\\\/\\\/livekaarten.nl\\\/shop\\\/\"},{\"@type\":\"ListItem\",\"position\":3,\"name\":\"Microsoft Office 2016 Professional Plus Licentie voor 3 apparaten\"}]},{\"@type\":\"WebSite\",\"@id\":\"https:\\\/\\\/livekaarten.nl\\\/#website\",\"url\":\"https:\\\/\\\/livekaarten.nl\\\/\",\"name\":\"Livekaarten.nl\",\"description\":\"Koop uw kantoor\",\"potentialAction\":[{\"@type\":\"SearchAction\",\"target\":{\"@type\":\"EntryPoint\",\"urlTemplate\":\"https:\\\/\\\/livekaarten.nl\\\/?s={search_term_string}\"},\"query-input\":{\"@type\":\"PropertyValueSpecification\",\"valueRequired\":true,\"valueName\":\"search_term_string\"}}],\"inLanguage\":\"fr-FR\"}]}<\/script>\n<!-- \/ Yoast SEO plugin. -->","yoast_head_json":{"title":"Microsoft Office 2016 Professional Plus Licentie voor 3 apparaten | Your best option, at the best price","description":"Microsoft Office 2016 Professional Plus Licentie voor 3 apparaten Application for editing digital texts. | Best market prices. | 24\/7 Customer support | Immediate delivery","robots":{"index":"index","follow":"follow","max-snippet":"max-snippet:-1","max-image-preview":"max-image-preview:large","max-video-preview":"max-video-preview:-1"},"canonical":"https:\/\/livekaarten.nl\/fr\/produit\/office-2016-professional-plus\/","og_locale":"fr_FR","og_type":"article","og_title":"Microsoft Office 2016 Professional Plus Licentie voor 3 apparaten | Your best option, at the best price","og_description":"Microsoft Office 2016 Professional Plus Licentie voor 3 apparaten Application for editing digital texts. | Best market prices. | 24\/7 Customer support | Immediate delivery","og_url":"https:\/\/livekaarten.nl\/fr\/produit\/office-2016-professional-plus\/","og_site_name":"livekaarten.nl","article_modified_time":"2026-04-03T10:01:43+00:00","twitter_card":"summary_large_image","twitter_misc":{"Dur\u00e9e de lecture estim\u00e9e":"3 minutes"},"schema":{"@context":"https:\/\/schema.org","@graph":[{"@type":"WebPage","@id":"https:\/\/livekaarten.nl\/product\/office-2016-professional-plus\/","url":"https:\/\/livekaarten.nl\/product\/office-2016-professional-plus\/","name":"Microsoft Office 2016 Professional Plus Licentie voor 3 apparaten | Your best option, at the best price","isPartOf":{"@id":"https:\/\/livekaarten.nl\/#website"},"primaryImageOfPage":{"@id":"https:\/\/livekaarten.nl\/product\/office-2016-professional-plus\/#primaryimage"},"image":{"@id":"https:\/\/livekaarten.nl\/product\/office-2016-professional-plus\/#primaryimage"},"thumbnailUrl":"https:\/\/livekaarten.nl\/wp-content\/uploads\/2025\/04\/O16PP.jpg","datePublished":"2023-08-11T19:12:35+00:00","dateModified":"2026-04-03T10:01:43+00:00","description":"Microsoft Office 2016 Professional Plus Licentie voor 3 apparaten Application for editing digital texts. | Best market prices. | 24\/7 Customer support | Immediate delivery","breadcrumb":{"@id":"https:\/\/livekaarten.nl\/product\/office-2016-professional-plus\/#breadcrumb"},"inLanguage":"fr-FR","potentialAction":[{"@type":"ReadAction","target":["https:\/\/livekaarten.nl\/product\/office-2016-professional-plus\/"]}]},{"@type":"ImageObject","inLanguage":"fr-FR","@id":"https:\/\/livekaarten.nl\/product\/office-2016-professional-plus\/#primaryimage","url":"https:\/\/livekaarten.nl\/wp-content\/uploads\/2025\/04\/O16PP.jpg","contentUrl":"https:\/\/livekaarten.nl\/wp-content\/uploads\/2025\/04\/O16PP.jpg"},{"@type":"BreadcrumbList","@id":"https:\/\/livekaarten.nl\/product\/office-2016-professional-plus\/#breadcrumb","itemListElement":[{"@type":"ListItem","position":1,"name":"Home","item":"https:\/\/livekaarten.nl\/"},{"@type":"ListItem","position":2,"name":"Winkel","item":"https:\/\/livekaarten.nl\/shop\/"},{"@type":"ListItem","position":3,"name":"Microsoft Office 2016 Professional Plus Licentie voor 3 apparaten"}]},{"@type":"WebSite","@id":"https:\/\/livekaarten.nl\/#website","url":"https:\/\/livekaarten.nl\/","name":"Livecards.co.uk","description":"Acheter votre bureau","potentialAction":[{"@type":"SearchAction","target":{"@type":"EntryPoint","urlTemplate":"https:\/\/livekaarten.nl\/?s={search_term_string}"},"query-input":{"@type":"PropertyValueSpecification","valueRequired":true,"valueName":"search_term_string"}}],"inLanguage":"fr-FR"}]}},"_links":{"self":[{"href":"https:\/\/livekaarten.nl\/fr\/wp-json\/wp\/v2\/product\/33835","targetHints":{"allow":["GET"]}}],"collection":[{"href":"https:\/\/livekaarten.nl\/fr\/wp-json\/wp\/v2\/product"}],"about":[{"href":"https:\/\/livekaarten.nl\/fr\/wp-json\/wp\/v2\/types\/product"}],"replies":[{"embeddable":true,"href":"https:\/\/livekaarten.nl\/fr\/wp-json\/wp\/v2\/comments?post=33835"}],"wp:featuredmedia":[{"embeddable":true,"href":"https:\/\/livekaarten.nl\/fr\/wp-json\/"}],"wp:attachment":[{"href":"https:\/\/livekaarten.nl\/fr\/wp-json\/wp\/v2\/media?parent=33835"}],"wp:term":[{"taxonomy":"product_cat","embeddable":true,"href":"https:\/\/livekaarten.nl\/fr\/wp-json\/wp\/v2\/product_cat?post=33835"},{"taxonomy":"product_tag","embeddable":true,"href":"https:\/\/livekaarten.nl\/fr\/wp-json\/wp\/v2\/product_tag?post=33835"}],"curies":[{"name":"wp","href":"https:\/\/api.w.org\/{rel}","templated":true}]}}