{"id":2026,"date":"2022-10-20T21:48:04","date_gmt":"2022-10-20T21:48:04","guid":{"rendered":"https:\/\/gamecardshop.com\/livecards\/?post_type=product&#038;p=2026"},"modified":"2026-04-03T12:01:43","modified_gmt":"2026-04-03T10:01:43","slug":"microsoft-windows-10-professional-microsoft-office-2019-standard","status":"publish","type":"product","link":"https:\/\/livekaarten.nl\/fr\/produit\/microsoft-windows-10-professional-microsoft-office-2019-standard\/","title":{"rendered":"Microsoft Windows 10 Professionnel + Licence Microsoft Office 2019 Standard pour 3 appareils"},"content":{"rendered":"<h3><strong>Microsoft Windows 10 Professionnel<\/strong><\/h3>\n<p>Avec la nouvelle version de Microsoft Windows 10 Professional, Microsoft propose aux particuliers et aux entreprises particuli\u00e8rement exigeants un syst\u00e8me d'exploitation moderne et intuitif. Windows 10 Professionnel comprend notamment des fonctions de s\u00e9curit\u00e9 am\u00e9lior\u00e9es, l'acc\u00e8s \u00e0 distance au bureau, le chiffrement BitLocker et l'assistant virtuel personnel Cortana. Le syst\u00e8me s'adapte \u00e0 tous les appareils gr\u00e2ce \u00e0 ses fonctionnalit\u00e9s avanc\u00e9es et pr\u00e9sente l'avantage que la configuration requise n'a pratiquement pas chang\u00e9 par rapport aux versions pr\u00e9c\u00e9dentes. Vous n'avez donc pas besoin d'acheter du nouveau mat\u00e9riel pour b\u00e9n\u00e9ficier de Windows 10 Professionnel.<\/p>\n<p><strong>Configuration minimale requise<\/strong><\/p>\n<ul>\n<li>Processeur 1 GHz ou plus rapide<\/li>\n<li>1 GB RAM pour 32-bit ou 2 GB RAM pour 64-bit<\/li>\n<li>16 Go d'espace disque disponible pour 32 bits ou 20 Go pour 64 bits<\/li>\n<\/ul>\n<h3><strong>Microsoft Office 2019 Standard<\/strong><\/h3>\n<p>Microsoft Office 2019 Standard est con\u00e7u pour les utilisateurs priv\u00e9s et les petites entreprises. Il comprend les applications bureautiques et web habituelles telles que Word, Excel, PowerPoint, Outlook et Publisher. Le stockage cloud OneDrive est inclus, ce qui vous permet de conserver vos fichiers en toute s\u00e9curit\u00e9, d'y acc\u00e9der n'importe o\u00f9 ou de les partager facilement. OneNote n'est plus inclus dans cette version de Office. Si vous souhaitez continuer \u00e0 utiliser OneNote, vous pouvez le faire via l'application Windows universelle incluse par d\u00e9faut dans Windows 10.<\/p>\n<p><strong>Configuration minimale requise<\/strong><\/p>\n<ul>\n<li>Processeur double c\u0153ur de 1,6 GHz ou plus rapide<\/li>\n<li>2 GB RAM pour 32-bit ou 4 GB RAM pour 64-bit<\/li>\n<li>4 Go d'espace disque disponible<\/li>\n<\/ul>\n<div id=\"simple-translate\" class=\"simple-translate-system-theme\"><\/div>","protected":false},"excerpt":{"rendered":"<ul>\n<li>Licence : cette licence permet d'activer le logiciel sur trois appareils diff\u00e9rents, par exemple un ordinateur personnel, un ordinateur portable et un ordinateur professionnel.<\/li>\n<li>Livraison : Le lien de t\u00e9l\u00e9chargement, la cl\u00e9 de produit, les instructions et la facture sont envoy\u00e9s directement par e-mail.<\/li>\n<li>Version : Version compl\u00e8te et illimit\u00e9e d'un partenaire certifi\u00e9 Microsoft Gold Partner - garantie de remboursement \u00e0 vie !<\/li>\n<li>Langues : anglais, espagnol, italien, allemand, fran\u00e7ais<\/li>\n<li>Assistance : disponible 24 heures sur 24 et 7 jours sur 7 en n\u00e9erlandais, fran\u00e7ais et allemand<\/li>\n<li><strong><span style=\"color: #008000;\"> Ce produit est compatible avec Microsoft Windows.<\/span><\/strong><\/li>\n<li><strong><span style=\"color: #ff0000;\">NON compatible avec Apple macOS\u2122, les appareils Android et les Chromebooks.<\/span><\/strong><\/li>\n<\/ul>","protected":false},"featured_media":114609,"comment_status":"closed","ping_status":"closed","template":"","meta":[],"product_cat":[75,82,76,77,87],"product_tag":[],"class_list":{"0":"post-2026","1":"product","2":"type-product","3":"status-publish","4":"has-post-thumbnail","6":"product_cat-microsoft-office","7":"product_cat-microsoft-windows","8":"product_cat-office-2019","9":"product_cat-popular","10":"product_cat-window-10","12":"first","13":"instock","14":"sale","15":"virtual","16":"taxable","17":"purchasable","18":"product-type-simple"},"yoast_head":"<!-- This site is optimized with the Yoast SEO plugin v27.3 - https:\/\/yoast.com\/product\/yoast-seo-wordpress\/ -->\n<title>Microsoft Windows 10 Professional + Microsoft Office 2019 Standard-Licentie voor 3 apparaten | livekaarten.nl<\/title>\n<meta name=\"robots\" content=\"index, follow, max-snippet:-1, max-image-preview:large, max-video-preview:-1\" \/>\n<link rel=\"canonical\" href=\"https:\/\/livekaarten.nl\/fr\/produit\/microsoft-windows-10-professional-microsoft-office-2019-standard\/\" \/>\n<meta property=\"og:locale\" content=\"fr_FR\" \/>\n<meta property=\"og:type\" content=\"article\" \/>\n<meta property=\"og:title\" content=\"Microsoft Windows 10 Professional + Microsoft Office 2019 Standard-Licentie voor 3 apparaten | livekaarten.nl\" \/>\n<meta property=\"og:description\" content=\"Licentie: Met deze licentie kan de software op 3 verschillende apparaten worden geactiveerd, b.v. thuis-pc, notebook en werk-pc  Levering: Downloadlink, productsleutel, instructies en factuur worden direct per e-mail geleverd.  Versie: Volledige, onbeperkte versie van een gecertificeerde Microsoft Gold Partner \u2013 levenslange geld-teruggarantie!  Talen: Engels, Spaans, Italiaans, Duits, Frans  Ondersteuning: 24\/7 beschikbaar in het Nederlands, Frans en Duits   Dit product is compatibel met Microsoft Windows.  NIET compatibel met Apple macOS\u2122, Android-apparaten en Chromebooks.\" \/>\n<meta property=\"og:url\" content=\"https:\/\/livekaarten.nl\/fr\/produit\/microsoft-windows-10-professional-microsoft-office-2019-standard\/\" \/>\n<meta property=\"og:site_name\" content=\"livekaarten.nl\" \/>\n<meta property=\"article:modified_time\" content=\"2026-04-03T10:01:43+00:00\" \/>\n<meta property=\"og:image\" content=\"https:\/\/livekaarten.nl\/wp-content\/uploads\/2025\/04\/W10PO19S.jpg\" \/>\n\t<meta property=\"og:image:width\" content=\"1000\" \/>\n\t<meta property=\"og:image:height\" content=\"1500\" \/>\n\t<meta property=\"og:image:type\" content=\"image\/jpeg\" \/>\n<meta name=\"twitter:card\" content=\"summary_large_image\" \/>\n<meta name=\"twitter:label1\" content=\"Dur\u00e9e de lecture estim\u00e9e\" \/>\n\t<meta name=\"twitter:data1\" content=\"2 minutes\" \/>\n<script type=\"application\/ld+json\" class=\"yoast-schema-graph\">{\"@context\":\"https:\\\/\\\/schema.org\",\"@graph\":[{\"@type\":\"WebPage\",\"@id\":\"https:\\\/\\\/livekaarten.nl\\\/product\\\/microsoft-windows-10-professional-microsoft-office-2019-standard\\\/\",\"url\":\"https:\\\/\\\/livekaarten.nl\\\/product\\\/microsoft-windows-10-professional-microsoft-office-2019-standard\\\/\",\"name\":\"Microsoft Windows 10 Professional + Microsoft Office 2019 Standard-Licentie voor 3 apparaten | livekaarten.nl\",\"isPartOf\":{\"@id\":\"https:\\\/\\\/livekaarten.nl\\\/#website\"},\"primaryImageOfPage\":{\"@id\":\"https:\\\/\\\/livekaarten.nl\\\/product\\\/microsoft-windows-10-professional-microsoft-office-2019-standard\\\/#primaryimage\"},\"image\":{\"@id\":\"https:\\\/\\\/livekaarten.nl\\\/product\\\/microsoft-windows-10-professional-microsoft-office-2019-standard\\\/#primaryimage\"},\"thumbnailUrl\":\"https:\\\/\\\/livekaarten.nl\\\/wp-content\\\/uploads\\\/2025\\\/04\\\/W10PO19S.jpg\",\"datePublished\":\"2022-10-20T21:48:04+00:00\",\"dateModified\":\"2026-04-03T10:01:43+00:00\",\"breadcrumb\":{\"@id\":\"https:\\\/\\\/livekaarten.nl\\\/product\\\/microsoft-windows-10-professional-microsoft-office-2019-standard\\\/#breadcrumb\"},\"inLanguage\":\"fr-FR\",\"potentialAction\":[{\"@type\":\"ReadAction\",\"target\":[\"https:\\\/\\\/livekaarten.nl\\\/product\\\/microsoft-windows-10-professional-microsoft-office-2019-standard\\\/\"]}]},{\"@type\":\"ImageObject\",\"inLanguage\":\"fr-FR\",\"@id\":\"https:\\\/\\\/livekaarten.nl\\\/product\\\/microsoft-windows-10-professional-microsoft-office-2019-standard\\\/#primaryimage\",\"url\":\"https:\\\/\\\/livekaarten.nl\\\/wp-content\\\/uploads\\\/2025\\\/04\\\/W10PO19S.jpg\",\"contentUrl\":\"https:\\\/\\\/livekaarten.nl\\\/wp-content\\\/uploads\\\/2025\\\/04\\\/W10PO19S.jpg\",\"width\":1000,\"height\":1500},{\"@type\":\"BreadcrumbList\",\"@id\":\"https:\\\/\\\/livekaarten.nl\\\/product\\\/microsoft-windows-10-professional-microsoft-office-2019-standard\\\/#breadcrumb\",\"itemListElement\":[{\"@type\":\"ListItem\",\"position\":1,\"name\":\"Home\",\"item\":\"https:\\\/\\\/livekaarten.nl\\\/\"},{\"@type\":\"ListItem\",\"position\":2,\"name\":\"Winkel\",\"item\":\"https:\\\/\\\/livekaarten.nl\\\/shop\\\/\"},{\"@type\":\"ListItem\",\"position\":3,\"name\":\"Microsoft Windows 10 Professional + Microsoft Office 2019 Standard-Licentie voor 3 apparaten\"}]},{\"@type\":\"WebSite\",\"@id\":\"https:\\\/\\\/livekaarten.nl\\\/#website\",\"url\":\"https:\\\/\\\/livekaarten.nl\\\/\",\"name\":\"Livekaarten.nl\",\"description\":\"Koop uw kantoor\",\"potentialAction\":[{\"@type\":\"SearchAction\",\"target\":{\"@type\":\"EntryPoint\",\"urlTemplate\":\"https:\\\/\\\/livekaarten.nl\\\/?s={search_term_string}\"},\"query-input\":{\"@type\":\"PropertyValueSpecification\",\"valueRequired\":true,\"valueName\":\"search_term_string\"}}],\"inLanguage\":\"fr-FR\"}]}<\/script>\n<!-- \/ Yoast SEO plugin. -->","yoast_head_json":{"title":"Microsoft Windows 10 Professionnel + Licence Microsoft Office 2019 Standard pour 3 appareils | livekaarten.nl","robots":{"index":"index","follow":"follow","max-snippet":"max-snippet:-1","max-image-preview":"max-image-preview:large","max-video-preview":"max-video-preview:-1"},"canonical":"https:\/\/livekaarten.nl\/fr\/produit\/microsoft-windows-10-professional-microsoft-office-2019-standard\/","og_locale":"fr_FR","og_type":"article","og_title":"Microsoft Windows 10 Professional + Microsoft Office 2019 Standard-Licentie voor 3 apparaten | livekaarten.nl","og_description":"Licentie: Met deze licentie kan de software op 3 verschillende apparaten worden geactiveerd, b.v. thuis-pc, notebook en werk-pc  Levering: Downloadlink, productsleutel, instructies en factuur worden direct per e-mail geleverd.  Versie: Volledige, onbeperkte versie van een gecertificeerde Microsoft Gold Partner \u2013 levenslange geld-teruggarantie!  Talen: Engels, Spaans, Italiaans, Duits, Frans  Ondersteuning: 24\/7 beschikbaar in het Nederlands, Frans en Duits   Dit product is compatibel met Microsoft Windows.  NIET compatibel met Apple macOS\u2122, Android-apparaten en Chromebooks.","og_url":"https:\/\/livekaarten.nl\/fr\/produit\/microsoft-windows-10-professional-microsoft-office-2019-standard\/","og_site_name":"livekaarten.nl","article_modified_time":"2026-04-03T10:01:43+00:00","og_image":[{"width":1000,"height":1500,"url":"https:\/\/livekaarten.nl\/wp-content\/uploads\/2025\/04\/W10PO19S.jpg","type":"image\/jpeg"}],"twitter_card":"summary_large_image","twitter_misc":{"Dur\u00e9e de lecture estim\u00e9e":"2 minutes"},"schema":{"@context":"https:\/\/schema.org","@graph":[{"@type":"WebPage","@id":"https:\/\/livekaarten.nl\/product\/microsoft-windows-10-professional-microsoft-office-2019-standard\/","url":"https:\/\/livekaarten.nl\/product\/microsoft-windows-10-professional-microsoft-office-2019-standard\/","name":"Microsoft Windows 10 Professionnel + Licence Microsoft Office 2019 Standard pour 3 appareils | livekaarten.nl","isPartOf":{"@id":"https:\/\/livekaarten.nl\/#website"},"primaryImageOfPage":{"@id":"https:\/\/livekaarten.nl\/product\/microsoft-windows-10-professional-microsoft-office-2019-standard\/#primaryimage"},"image":{"@id":"https:\/\/livekaarten.nl\/product\/microsoft-windows-10-professional-microsoft-office-2019-standard\/#primaryimage"},"thumbnailUrl":"https:\/\/livekaarten.nl\/wp-content\/uploads\/2025\/04\/W10PO19S.jpg","datePublished":"2022-10-20T21:48:04+00:00","dateModified":"2026-04-03T10:01:43+00:00","breadcrumb":{"@id":"https:\/\/livekaarten.nl\/product\/microsoft-windows-10-professional-microsoft-office-2019-standard\/#breadcrumb"},"inLanguage":"fr-FR","potentialAction":[{"@type":"ReadAction","target":["https:\/\/livekaarten.nl\/product\/microsoft-windows-10-professional-microsoft-office-2019-standard\/"]}]},{"@type":"ImageObject","inLanguage":"fr-FR","@id":"https:\/\/livekaarten.nl\/product\/microsoft-windows-10-professional-microsoft-office-2019-standard\/#primaryimage","url":"https:\/\/livekaarten.nl\/wp-content\/uploads\/2025\/04\/W10PO19S.jpg","contentUrl":"https:\/\/livekaarten.nl\/wp-content\/uploads\/2025\/04\/W10PO19S.jpg","width":1000,"height":1500},{"@type":"BreadcrumbList","@id":"https:\/\/livekaarten.nl\/product\/microsoft-windows-10-professional-microsoft-office-2019-standard\/#breadcrumb","itemListElement":[{"@type":"ListItem","position":1,"name":"Home","item":"https:\/\/livekaarten.nl\/"},{"@type":"ListItem","position":2,"name":"Winkel","item":"https:\/\/livekaarten.nl\/shop\/"},{"@type":"ListItem","position":3,"name":"Microsoft Windows 10 Professional + Microsoft Office 2019 Standard-Licentie voor 3 apparaten"}]},{"@type":"WebSite","@id":"https:\/\/livekaarten.nl\/#website","url":"https:\/\/livekaarten.nl\/","name":"Livecards.co.uk","description":"Acheter votre bureau","potentialAction":[{"@type":"SearchAction","target":{"@type":"EntryPoint","urlTemplate":"https:\/\/livekaarten.nl\/?s={search_term_string}"},"query-input":{"@type":"PropertyValueSpecification","valueRequired":true,"valueName":"search_term_string"}}],"inLanguage":"fr-FR"}]}},"_links":{"self":[{"href":"https:\/\/livekaarten.nl\/fr\/wp-json\/wp\/v2\/product\/2026","targetHints":{"allow":["GET"]}}],"collection":[{"href":"https:\/\/livekaarten.nl\/fr\/wp-json\/wp\/v2\/product"}],"about":[{"href":"https:\/\/livekaarten.nl\/fr\/wp-json\/wp\/v2\/types\/product"}],"replies":[{"embeddable":true,"href":"https:\/\/livekaarten.nl\/fr\/wp-json\/wp\/v2\/comments?post=2026"}],"wp:featuredmedia":[{"embeddable":true,"href":"https:\/\/livekaarten.nl\/fr\/wp-json\/wp\/v2\/media\/114609"}],"wp:attachment":[{"href":"https:\/\/livekaarten.nl\/fr\/wp-json\/wp\/v2\/media?parent=2026"}],"wp:term":[{"taxonomy":"product_cat","embeddable":true,"href":"https:\/\/livekaarten.nl\/fr\/wp-json\/wp\/v2\/product_cat?post=2026"},{"taxonomy":"product_tag","embeddable":true,"href":"https:\/\/livekaarten.nl\/fr\/wp-json\/wp\/v2\/product_tag?post=2026"}],"curies":[{"name":"wp","href":"https:\/\/api.w.org\/{rel}","templated":true}]}}