{"id":1957,"date":"2022-10-20T21:47:49","date_gmt":"2022-10-20T21:47:49","guid":{"rendered":"https:\/\/gamecardshop.com\/livecards\/?post_type=product&#038;p=1957"},"modified":"2026-04-03T12:01:43","modified_gmt":"2026-04-03T10:01:43","slug":"microsoft-windows-11-home","status":"publish","type":"product","link":"https:\/\/livekaarten.nl\/fr\/produit\/microsoft-windows-11-home\/","title":{"rendered":"Microsoft Windows 11 Home"},"content":{"rendered":"<div id=\"primaryR2\" data-grid=\"container\" data-region-key=\"primaryr2\" data-m=\"{&quot;cN&quot;:&quot;primaryR2 1&quot;,&quot;cT&quot;:&quot;Region_coreui-region&quot;,&quot;id&quot;:&quot;r2a2&quot;,&quot;sN&quot;:2,&quot;aN&quot;:&quot;a2&quot;}\">\n<div id=\"coreui-banner-l03vzh8\" data-m=\"{&quot;cN&quot;:&quot;R2Banner 1&quot;,&quot;cT&quot;:&quot;Module_coreui-banner&quot;,&quot;id&quot;:&quot;m1r2a2&quot;,&quot;sN&quot;:1,&quot;aN&quot;:&quot;r2a2&quot;}\" data-module-id=\"WDG-Windows|primaryR2|coreui-region|coreui-banner-l03vzh8|coreui-banner\">\n<div class=\"m-banner f-align-left\" data-grid=\"col-12\">\n<p class=\"c-heading-3\"><strong><span style=\"font-size: 32px;\">Microsoft Windows 11 Professionnel<\/span><\/strong><\/p>\n<h4 class=\"c-heading-3\">Exigences du syst\u00e8me<\/h4>\n<\/div>\n<\/div>\n<div id=\"coreui-divider-f6wmnt9\" data-m=\"{&quot;cN&quot;:&quot;R2Divider 1&quot;,&quot;cT&quot;:&quot;Module_coreui-divider&quot;,&quot;id&quot;:&quot;m2r2a2&quot;,&quot;sN&quot;:2,&quot;aN&quot;:&quot;r2a2&quot;}\" data-module-id=\"WDG-Windows|primaryR2|coreui-region|coreui-divider-f6wmnt9|coreui-divider\">\n<hr class=\"c-divider f-pad-top-3x\" data-grid=\"col-12\" \/>\n<\/div>\n<div id=\"coreui-contentrichblock-o5iouct\" data-m=\"{&quot;cN&quot;:&quot;R2ContentRichBlock 1&quot;,&quot;cT&quot;:&quot;Module_coreui-contentrichblock&quot;,&quot;id&quot;:&quot;m3r2a2&quot;,&quot;sN&quot;:3,&quot;aN&quot;:&quot;r2a2&quot;}\" data-module-id=\"WDG-Windows|primaryR2|coreui-region|coreui-contentrichblock-o5iouct|coreui-contentrichblock\">\n<div class=\"m-rich-content-block context-ucx\" data-grid=\"col-12\">\n<p>Assurez-vous d'\u00eatre pr\u00eat pour le dernier et meilleur syst\u00e8me d'exploitation de Microsoft !<\/p>\n<p>Il s'agit de la configuration minimale requise pour installer Microsoft Windows 11 sur un PC. Si votre appareil ne r\u00e9pond pas \u00e0 ces exigences, il se peut que vous ne puissiez pas installer Microsoft Windows 11. Si vous n'\u00eates pas s\u00fbr que votre PC r\u00e9ponde \u00e0 ces exigences, vous pouvez utiliser l'application PC Health Check pour \u00e9valuer la compatibilit\u00e9. <strong>(N\u00e9cessite Windows 10, <a href=\"https:\/\/aka.ms\/GetPCHealthCheckApp\">cliquez ici pour t\u00e9l\u00e9charger<\/a>).<\/strong><\/p>\n<\/div>\n<\/div>\n<div id=\"coreui-tablev2-62jrfm3\" data-m=\"{&quot;cN&quot;:&quot;R2TableV2 1&quot;,&quot;cT&quot;:&quot;Module_coreui-tablev2&quot;,&quot;id&quot;:&quot;m4r2a2&quot;,&quot;sN&quot;:4,&quot;aN&quot;:&quot;r2a2&quot;}\" data-module-id=\"WDG-Windows|primaryR2|coreui-region|coreui-tablev2-62jrfm3|coreui-tablev2\">\n<div class=\"m-table\">\n<div class=\"c-table\" data-f-loc-ascending=\"Sorted by {0} - ascending\" data-f-loc-descending=\"Sorted by {0} - descending\">\n<table>\n<tbody>\n<tr>\n<td class=\"f-divided\"><strong>Processeur :<\/strong><\/td>\n<td class=\"f-divided\">1 gigahertz (GHz) ou plus rapide avec 2 c\u0153urs ou plus sur un processeur 64 bits compatible ou un syst\u00e8me sur puce (SoC)<\/td>\n<\/tr>\n<tr>\n<td class=\"f-divided\"><strong>RAM :<\/strong><\/td>\n<td class=\"f-divided\">4 gigaoctets (Go)<\/td>\n<\/tr>\n<tr>\n<td class=\"f-divided\"><strong>Stockage :<\/strong><\/td>\n<td class=\"f-divided\">Dispositif de stockage de 64 Go ou plus<\/p>\n<p>Note : Voir ci-dessous \u201cPlus d'informations sur le stockage pour maintenir Windows 11 \u00e0 jour\u201d pour plus d'informations.<\/td>\n<\/tr>\n<tr>\n<td class=\"f-divided\"><strong>Micrologiciel du syst\u00e8me :<\/strong><\/td>\n<td class=\"f-divided\">UEFI, compatible avec Secure Boot<\/td>\n<\/tr>\n<tr>\n<td class=\"f-divided\"><strong>TPM :<\/strong><\/td>\n<td class=\"f-divided\">Module de plateforme de confiance (TPM) version 2.0<\/td>\n<\/tr>\n<tr>\n<td class=\"f-divided\"><strong>Carte graphique :<\/strong><\/td>\n<td class=\"f-divided\">Compatible avec DirectX 12 ou plus avec le pilote WDDM 2.0<\/td>\n<\/tr>\n<tr>\n<td class=\"f-divided\"><strong>Affichage :<\/strong><\/td>\n<td class=\"f-divided\">\u00c9cran haute d\u00e9finition (720p) d'une diagonale de plus de 9\u2033, 8 bits par canal de couleur<\/td>\n<\/tr>\n<tr>\n<td class=\"f-divided\"><strong>Connexion Internet et comptes Microsoft : <\/strong><\/td>\n<td class=\"f-divided\">Microsoft Windows 11 n\u00e9cessite une connexion internet et un compte Microsoft pour terminer l'installation de l'appareil lors de la premi\u00e8re utilisation.<\/p>\n<p>Le passage d'un appareil de Microsoft Windows 11 Home au mode S n\u00e9cessite \u00e9galement une connexion internet.<\/p>\n<p>Toutes les \u00e9ditions de Microsoft Windows 11 n\u00e9cessitent un acc\u00e8s \u00e0 Internet pour effectuer des mises \u00e0 jour et t\u00e9l\u00e9charger et utiliser certaines fonctionnalit\u00e9s. Certaines fonctionnalit\u00e9s n\u00e9cessitent un compte Microsoft.<\/td>\n<\/tr>\n<\/tbody>\n<\/table>\n<\/div>\n<\/div>\n<\/div>\n<div id=\"coreui-contentrichblock-wqm7a2a\" data-m=\"{&quot;cN&quot;:&quot;R2ContentRichBlock 2&quot;,&quot;cT&quot;:&quot;Module_coreui-contentrichblock&quot;,&quot;id&quot;:&quot;m5r2a2&quot;,&quot;sN&quot;:5,&quot;aN&quot;:&quot;r2a2&quot;}\" data-module-id=\"WDG-Windows|primaryR2|coreui-region|coreui-contentrichblock-wqm7a2a|coreui-contentrichblock\">\n<div class=\"m-rich-content-block context-ucx\" data-grid=\"col-12\">\n<p>Au fil du temps, il peut y avoir des exigences suppl\u00e9mentaires pour les mises \u00e0 jour et des exigences pour activer des fonctionnalit\u00e9s sp\u00e9cifiques dans le syst\u00e8me d'exploitation.<\/p>\n<\/div>\n<\/div>\n<\/div>\n<div id=\"primaryR3\" data-grid=\"container\" data-region-key=\"primaryr3\" data-m=\"{&quot;cN&quot;:&quot;primaryR3 1&quot;,&quot;cT&quot;:&quot;Region_coreui-region&quot;,&quot;id&quot;:&quot;r3a2&quot;,&quot;sN&quot;:3,&quot;aN&quot;:&quot;a2&quot;}\">\n<div id=\"coreui-divider-xjbne9z\" data-m=\"{&quot;cN&quot;:&quot;R2Divider 1&quot;,&quot;cT&quot;:&quot;Module_coreui-divider&quot;,&quot;id&quot;:&quot;m2r3a2&quot;,&quot;sN&quot;:2,&quot;aN&quot;:&quot;r3a2&quot;}\" data-module-id=\"WDG-Windows|primaryR3|coreui-region|coreui-divider-xjbne9z|coreui-divider\">\n<hr class=\"c-divider f-pad-top-3x\" data-grid=\"col-12\" \/>\n<\/div>\n<div id=\"coreui-contentrichblock-rhi1sei\" data-m=\"{&quot;cN&quot;:&quot;R2ContentRichBlock 1&quot;,&quot;cT&quot;:&quot;Module_coreui-contentrichblock&quot;,&quot;id&quot;:&quot;m3r3a2&quot;,&quot;sN&quot;:3,&quot;aN&quot;:&quot;r3a2&quot;}\" data-module-id=\"WDG-Windows|primaryR3|coreui-region|coreui-contentrichblock-rhi1sei|coreui-contentrichblock\">\n<div class=\"m-rich-content-block context-ucx\" data-grid=\"col-12\">\n<p>Certaines fonctionnalit\u00e9s de Microsoft Windows 11 ont des exigences plus \u00e9lev\u00e9es que celles \u00e9num\u00e9r\u00e9es ci-dessus dans la section des exigences minimales. Vous trouverez ci-dessous plus d'informations sur la configuration requise pour les fonctionnalit\u00e9s cl\u00e9s :<\/p>\n<div>\n<ul class=\"c-list\">\n<li>La prise en charge de la 5G n\u00e9cessite un modem compatible avec la 5G.<\/li>\n<li>La fonction Auto HDR n\u00e9cessite un moniteur HDR.<\/li>\n<li>BitLocker to Go n\u00e9cessite une cl\u00e9 USB (disponible dans les \u00e9ditions Windows Pro et sup\u00e9rieures).<\/li>\n<li>Le client Hyper-V n\u00e9cessite un processeur dot\u00e9 de capacit\u00e9s SLAT (traduction d'adresse de second niveau) (disponible dans les \u00e9ditions Windows Pro et sup\u00e9rieures).<\/li>\n<li>Cortana n\u00e9cessite un microphone et un haut-parleur et est actuellement disponible dans les versions suivantes<\/li>\n<li>Microsoft Windows 11 pour l'Australie, le Br\u00e9sil, le Canada, la Chine, la France, l'Allemagne, l'Inde, l'Italie, le Japon, le Mexique, l'Espagne, le Royaume-Uni et les \u00c9tats-Unis.<\/li>\n<li>DirectStorage n\u00e9cessite un disque SSD NVMe pour stocker et ex\u00e9cuter des jeux \u00e0 l'aide du pilote \u201cStandard NVM Express Controller\u201d et d'un disque SSD NVMe.<\/li>\n<li>GPU DirectX12 avec prise en charge du Shader Model 6.0.<\/li>\n<li>DirectX 12 Ultimate est disponible avec les jeux et les puces graphiques pris en charge.<\/li>\n<li>La pr\u00e9sence n\u00e9cessite un capteur capable de d\u00e9tecter la distance entre l'homme et l'appareil ou son intention d'interagir avec l'appareil.<\/li>\n<li>La vid\u00e9oconf\u00e9rence intelligente n\u00e9cessite une cam\u00e9ra vid\u00e9o, un microphone et un haut-parleur (sortie audio).<\/li>\n<li>L'assistant vocal multiple (MVA) n\u00e9cessite un microphone et un haut-parleur.<\/li>\n<li>Les mises en page avec trois colonnes n\u00e9cessitent un \u00e9cran d'une largeur effective de 1920 pixels ou plus.<\/li>\n<li>La fonction Mute\/Unmute de la barre des t\u00e2ches n\u00e9cessite une cam\u00e9ra vid\u00e9o, un microphone et un haut-parleur (sortie audio). L'application doit \u00eatre compatible avec la fonction pour permettre la mise en sourdine globale.<\/li>\n<li>Le Spatial Sound n\u00e9cessite du mat\u00e9riel et des logiciels.<\/li>\n<li>Les \u00e9quipes ont besoin d'une cam\u00e9ra vid\u00e9o, d'un microphone et d'un haut-parleur (sortie audio).<\/li>\n<li>Le tactile n\u00e9cessite un \u00e9cran ou un moniteur qui supporte le multi-touch.<\/li>\n<li>L'authentification \u00e0 deux facteurs n\u00e9cessite l'utilisation d'un code PIN, de donn\u00e9es biom\u00e9triques (lecteur d'empreintes digitales ou cam\u00e9ra infrarouge \u00e9clair\u00e9e) ou d'un t\u00e9l\u00e9phone dot\u00e9 de capacit\u00e9s Wi-Fi ou Bluetooth.<\/li>\n<li>La saisie vocale n\u00e9cessite un PC \u00e9quip\u00e9 d'un microphone.<\/li>\n<li>Le r\u00e9veil vocal n\u00e9cessite un mod\u00e8le d'alimentation en veille moderne et un microphone.<\/li>\n<li>Wi-Fi 6E n\u00e9cessite un nouveau mat\u00e9riel et pilote WLAN IHV et un AP\/routeur compatible Wi-Fi 6E.<\/li>\n<li>Windows Hello n\u00e9cessite une cam\u00e9ra configur\u00e9e pour l'imagerie proche infrarouge (IR) ou un lecteur d'empreintes digitales pour l'authentification biom\u00e9trique. Les appareils d\u00e9pourvus de capteurs biom\u00e9triques peuvent utiliser Windows Hello avec un code PIN ou une cl\u00e9 de s\u00e9curit\u00e9 portable compatible avec Microsoft.<\/li>\n<li>Windows Projection n\u00e9cessite un adaptateur d'affichage prenant en charge le mod\u00e8le de pilote d'affichage Windows (WDDM) 2.0 et un adaptateur Wi-Fi prenant en charge Wi-Fi Direct.<\/li>\n<li>Xbox (app) n\u00e9cessite un compte Xbox Live, qui n'est pas disponible dans toutes les r\u00e9gions.<\/li>\n<li>Consultez la rubrique Pays et r\u00e9gions de Xbox Live pour obtenir les informations les plus r\u00e9centes sur la disponibilit\u00e9. Certaines fonctionnalit\u00e9s de l'application Xbox n\u00e9cessitent un abonnement actif au Xbox Game Pass. En savoir plus sur le pass.<\/li>\n<\/ul>\n<\/div>\n<\/div>\n<\/div>\n<\/div>\n<div id=\"simple-translate\" class=\"simple-translate-system-theme\">\n<div>\n<div class=\"simple-translate-button isShow\" style=\"height: 22px; width: 22px; top: 2880px; left: 582px;\"><\/div>\n<div class=\"simple-translate-panel\" style=\"width: 300px; height: 200px; top: 0px; left: 0px; font-size: 13px;\">\n<div class=\"simple-translate-result-wrapper\" style=\"overflow: hidden;\">\n<div class=\"simple-translate-move\"><\/div>\n<div class=\"simple-translate-result-contents\"><\/div>\n<\/div>\n<\/div>\n<\/div>\n<\/div>","protected":false},"excerpt":{"rendered":"<p><strong>Avant d'acheter, v\u00e9rifiez que votre ordinateur est compatible avec Windows 11 :<\/strong> <span style=\"color: #ff0000;\"><strong><a style=\"color: #ff0000;\" href=\"https:\/\/aka.ms\/GetPCHealthCheckApp\">T\u00e9l\u00e9charger ici<\/a><\/strong><\/span><\/p>\n<ul>\n<li>Licence : \u00e0 utiliser sur 3 PC (\u00e0 activer en ligne ou par t\u00e9l\u00e9phone)<\/li>\n<li>Livraison : Le lien de t\u00e9l\u00e9chargement, la cl\u00e9 de produit, les instructions et la facture sont envoy\u00e9s directement par e-mail.<\/li>\n<li>Version : Convient aux syst\u00e8mes 32 et 64 bits. Versions compl\u00e8tes et illimit\u00e9es du logiciel<\/li>\n<li>Langues : anglais, espagnol, italien, allemand, fran\u00e7ais<\/li>\n<li>Assistance : 24\/7 en n\u00e9erlandais, fran\u00e7ais, allemand<\/li>\n<li><strong><span style=\"color: #008000;\">Ce produit est compatible avec Microsoft Windows.<\/span><\/strong><\/li>\n<li><strong><span style=\"color: #ff0000;\">Non compatible avec Apple macOS\u2122, les appareils Android et les Chromebooks.<\/span><\/strong><\/li>\n<\/ul>","protected":false},"featured_media":114616,"comment_status":"closed","ping_status":"closed","template":"","meta":[],"product_cat":[82,89],"product_tag":[],"class_list":{"0":"post-1957","1":"product","2":"type-product","3":"status-publish","4":"has-post-thumbnail","6":"product_cat-microsoft-windows","7":"product_cat-windows-11","9":"first","10":"instock","11":"sale","12":"virtual","13":"taxable","14":"purchasable","15":"product-type-simple"},"yoast_head":"<!-- This site is optimized with the Yoast SEO plugin v27.3 - https:\/\/yoast.com\/product\/yoast-seo-wordpress\/ -->\n<title>Microsoft Windows 11 Home | livekaarten.nl<\/title>\n<meta name=\"robots\" content=\"index, follow, max-snippet:-1, max-image-preview:large, max-video-preview:-1\" \/>\n<link rel=\"canonical\" href=\"https:\/\/livekaarten.nl\/fr\/produit\/microsoft-windows-11-home\/\" \/>\n<meta property=\"og:locale\" content=\"fr_FR\" \/>\n<meta property=\"og:type\" content=\"article\" \/>\n<meta property=\"og:title\" content=\"Microsoft Windows 11 Home | livekaarten.nl\" \/>\n<meta property=\"og:description\" content=\"Controleer voordat je koopt of je computer compatibel is met Windows 11: Download hier   Licentie: Te gebruiken op 3 pc\u2019s (online of telefonisch te activeren)  Levering: Downloadlink, productsleutel, instructies en factuur worden direct per e-mail geleverd.  Versie: Geschikt voor 32- en 64-bits systemen. Volledige, onbeperkte versies van de software  Talen: Engels, Spaans, Italiaans, Duits, Frans  Ondersteuning: 24\/7 in het Nederlands, Frans, Duits  Dit product is compatibel met Microsoft Windows.  Niet compatibel met Apple macOS\u2122, Android-apparaten en Chromebooks.\" \/>\n<meta property=\"og:url\" content=\"https:\/\/livekaarten.nl\/fr\/produit\/microsoft-windows-11-home\/\" \/>\n<meta property=\"og:site_name\" content=\"livekaarten.nl\" \/>\n<meta property=\"article:modified_time\" content=\"2026-04-03T10:01:43+00:00\" \/>\n<meta property=\"og:image\" content=\"https:\/\/livekaarten.nl\/wp-content\/uploads\/2025\/04\/W11H.jpg\" \/>\n\t<meta property=\"og:image:width\" content=\"1000\" \/>\n\t<meta property=\"og:image:height\" content=\"1500\" \/>\n\t<meta property=\"og:image:type\" content=\"image\/jpeg\" \/>\n<meta name=\"twitter:card\" content=\"summary_large_image\" \/>\n<meta name=\"twitter:label1\" content=\"Dur\u00e9e de lecture estim\u00e9e\" \/>\n\t<meta name=\"twitter:data1\" content=\"4 minutes\" \/>\n<script type=\"application\/ld+json\" class=\"yoast-schema-graph\">{\"@context\":\"https:\\\/\\\/schema.org\",\"@graph\":[{\"@type\":\"WebPage\",\"@id\":\"https:\\\/\\\/livekaarten.nl\\\/product\\\/microsoft-windows-11-home\\\/\",\"url\":\"https:\\\/\\\/livekaarten.nl\\\/product\\\/microsoft-windows-11-home\\\/\",\"name\":\"Microsoft Windows 11 Home | livekaarten.nl\",\"isPartOf\":{\"@id\":\"https:\\\/\\\/livekaarten.nl\\\/#website\"},\"primaryImageOfPage\":{\"@id\":\"https:\\\/\\\/livekaarten.nl\\\/product\\\/microsoft-windows-11-home\\\/#primaryimage\"},\"image\":{\"@id\":\"https:\\\/\\\/livekaarten.nl\\\/product\\\/microsoft-windows-11-home\\\/#primaryimage\"},\"thumbnailUrl\":\"https:\\\/\\\/livekaarten.nl\\\/wp-content\\\/uploads\\\/2025\\\/04\\\/W11H.jpg\",\"datePublished\":\"2022-10-20T21:47:49+00:00\",\"dateModified\":\"2026-04-03T10:01:43+00:00\",\"breadcrumb\":{\"@id\":\"https:\\\/\\\/livekaarten.nl\\\/product\\\/microsoft-windows-11-home\\\/#breadcrumb\"},\"inLanguage\":\"fr-FR\",\"potentialAction\":[{\"@type\":\"ReadAction\",\"target\":[\"https:\\\/\\\/livekaarten.nl\\\/product\\\/microsoft-windows-11-home\\\/\"]}]},{\"@type\":\"ImageObject\",\"inLanguage\":\"fr-FR\",\"@id\":\"https:\\\/\\\/livekaarten.nl\\\/product\\\/microsoft-windows-11-home\\\/#primaryimage\",\"url\":\"https:\\\/\\\/livekaarten.nl\\\/wp-content\\\/uploads\\\/2025\\\/04\\\/W11H.jpg\",\"contentUrl\":\"https:\\\/\\\/livekaarten.nl\\\/wp-content\\\/uploads\\\/2025\\\/04\\\/W11H.jpg\",\"width\":1000,\"height\":1500},{\"@type\":\"BreadcrumbList\",\"@id\":\"https:\\\/\\\/livekaarten.nl\\\/product\\\/microsoft-windows-11-home\\\/#breadcrumb\",\"itemListElement\":[{\"@type\":\"ListItem\",\"position\":1,\"name\":\"Home\",\"item\":\"https:\\\/\\\/livekaarten.nl\\\/\"},{\"@type\":\"ListItem\",\"position\":2,\"name\":\"Winkel\",\"item\":\"https:\\\/\\\/livekaarten.nl\\\/shop\\\/\"},{\"@type\":\"ListItem\",\"position\":3,\"name\":\"Microsoft Windows 11 Home\"}]},{\"@type\":\"WebSite\",\"@id\":\"https:\\\/\\\/livekaarten.nl\\\/#website\",\"url\":\"https:\\\/\\\/livekaarten.nl\\\/\",\"name\":\"Livekaarten.nl\",\"description\":\"Koop uw kantoor\",\"potentialAction\":[{\"@type\":\"SearchAction\",\"target\":{\"@type\":\"EntryPoint\",\"urlTemplate\":\"https:\\\/\\\/livekaarten.nl\\\/?s={search_term_string}\"},\"query-input\":{\"@type\":\"PropertyValueSpecification\",\"valueRequired\":true,\"valueName\":\"search_term_string\"}}],\"inLanguage\":\"fr-FR\"}]}<\/script>\n<!-- \/ Yoast SEO plugin. -->","yoast_head_json":{"title":"Microsoft Windows 11 Home | livekaarten.nl","robots":{"index":"index","follow":"follow","max-snippet":"max-snippet:-1","max-image-preview":"max-image-preview:large","max-video-preview":"max-video-preview:-1"},"canonical":"https:\/\/livekaarten.nl\/fr\/produit\/microsoft-windows-11-home\/","og_locale":"fr_FR","og_type":"article","og_title":"Microsoft Windows 11 Home | livekaarten.nl","og_description":"Controleer voordat je koopt of je computer compatibel is met Windows 11: Download hier   Licentie: Te gebruiken op 3 pc\u2019s (online of telefonisch te activeren)  Levering: Downloadlink, productsleutel, instructies en factuur worden direct per e-mail geleverd.  Versie: Geschikt voor 32- en 64-bits systemen. Volledige, onbeperkte versies van de software  Talen: Engels, Spaans, Italiaans, Duits, Frans  Ondersteuning: 24\/7 in het Nederlands, Frans, Duits  Dit product is compatibel met Microsoft Windows.  Niet compatibel met Apple macOS\u2122, Android-apparaten en Chromebooks.","og_url":"https:\/\/livekaarten.nl\/fr\/produit\/microsoft-windows-11-home\/","og_site_name":"livekaarten.nl","article_modified_time":"2026-04-03T10:01:43+00:00","og_image":[{"width":1000,"height":1500,"url":"https:\/\/livekaarten.nl\/wp-content\/uploads\/2025\/04\/W11H.jpg","type":"image\/jpeg"}],"twitter_card":"summary_large_image","twitter_misc":{"Dur\u00e9e de lecture estim\u00e9e":"4 minutes"},"schema":{"@context":"https:\/\/schema.org","@graph":[{"@type":"WebPage","@id":"https:\/\/livekaarten.nl\/product\/microsoft-windows-11-home\/","url":"https:\/\/livekaarten.nl\/product\/microsoft-windows-11-home\/","name":"Microsoft Windows 11 Home | livekaarten.nl","isPartOf":{"@id":"https:\/\/livekaarten.nl\/#website"},"primaryImageOfPage":{"@id":"https:\/\/livekaarten.nl\/product\/microsoft-windows-11-home\/#primaryimage"},"image":{"@id":"https:\/\/livekaarten.nl\/product\/microsoft-windows-11-home\/#primaryimage"},"thumbnailUrl":"https:\/\/livekaarten.nl\/wp-content\/uploads\/2025\/04\/W11H.jpg","datePublished":"2022-10-20T21:47:49+00:00","dateModified":"2026-04-03T10:01:43+00:00","breadcrumb":{"@id":"https:\/\/livekaarten.nl\/product\/microsoft-windows-11-home\/#breadcrumb"},"inLanguage":"fr-FR","potentialAction":[{"@type":"ReadAction","target":["https:\/\/livekaarten.nl\/product\/microsoft-windows-11-home\/"]}]},{"@type":"ImageObject","inLanguage":"fr-FR","@id":"https:\/\/livekaarten.nl\/product\/microsoft-windows-11-home\/#primaryimage","url":"https:\/\/livekaarten.nl\/wp-content\/uploads\/2025\/04\/W11H.jpg","contentUrl":"https:\/\/livekaarten.nl\/wp-content\/uploads\/2025\/04\/W11H.jpg","width":1000,"height":1500},{"@type":"BreadcrumbList","@id":"https:\/\/livekaarten.nl\/product\/microsoft-windows-11-home\/#breadcrumb","itemListElement":[{"@type":"ListItem","position":1,"name":"Home","item":"https:\/\/livekaarten.nl\/"},{"@type":"ListItem","position":2,"name":"Winkel","item":"https:\/\/livekaarten.nl\/shop\/"},{"@type":"ListItem","position":3,"name":"Microsoft Windows 11 Home"}]},{"@type":"WebSite","@id":"https:\/\/livekaarten.nl\/#website","url":"https:\/\/livekaarten.nl\/","name":"Livecards.co.uk","description":"Acheter votre bureau","potentialAction":[{"@type":"SearchAction","target":{"@type":"EntryPoint","urlTemplate":"https:\/\/livekaarten.nl\/?s={search_term_string}"},"query-input":{"@type":"PropertyValueSpecification","valueRequired":true,"valueName":"search_term_string"}}],"inLanguage":"fr-FR"}]}},"_links":{"self":[{"href":"https:\/\/livekaarten.nl\/fr\/wp-json\/wp\/v2\/product\/1957","targetHints":{"allow":["GET"]}}],"collection":[{"href":"https:\/\/livekaarten.nl\/fr\/wp-json\/wp\/v2\/product"}],"about":[{"href":"https:\/\/livekaarten.nl\/fr\/wp-json\/wp\/v2\/types\/product"}],"replies":[{"embeddable":true,"href":"https:\/\/livekaarten.nl\/fr\/wp-json\/wp\/v2\/comments?post=1957"}],"wp:featuredmedia":[{"embeddable":true,"href":"https:\/\/livekaarten.nl\/fr\/wp-json\/wp\/v2\/media\/114616"}],"wp:attachment":[{"href":"https:\/\/livekaarten.nl\/fr\/wp-json\/wp\/v2\/media?parent=1957"}],"wp:term":[{"taxonomy":"product_cat","embeddable":true,"href":"https:\/\/livekaarten.nl\/fr\/wp-json\/wp\/v2\/product_cat?post=1957"},{"taxonomy":"product_tag","embeddable":true,"href":"https:\/\/livekaarten.nl\/fr\/wp-json\/wp\/v2\/product_tag?post=1957"}],"curies":[{"name":"wp","href":"https:\/\/api.w.org\/{rel}","templated":true}]}}