{"id":1956,"date":"2022-10-20T21:47:49","date_gmt":"2022-10-20T21:47:49","guid":{"rendered":"https:\/\/gamecardshop.com\/livecards\/?post_type=product&#038;p=1956"},"modified":"2026-04-20T13:01:57","modified_gmt":"2026-04-20T11:01:57","slug":"microsoft-windows-11-professional","status":"publish","type":"product","link":"https:\/\/livekaarten.nl\/fr\/produit\/microsoft-windows-11-professional\/","title":{"rendered":"Microsoft Windows 11 Professional - Licence pour 3 appareils"},"content":{"rendered":"<div class=\"product-content\">\n<h2>Microsoft Windows 11 Professionnel<\/h2>\n<h3>Exigences du syst\u00e8me<\/h3>\n<hr>\n<p>Assurez-vous d'\u00eatre pr\u00eat pour le dernier et meilleur syst\u00e8me d'exploitation de Microsoft !<\/p>\n<p>Il s'agit de la configuration minimale requise pour installer Microsoft Windows 11 sur un PC. Si votre appareil ne r\u00e9pond pas \u00e0 ces exigences, il se peut que vous ne puissiez pas installer Microsoft Windows 11. Si vous n'\u00eates pas s\u00fbr que votre PC r\u00e9ponde \u00e0 ces exigences, vous pouvez utiliser l'application PC Health Check pour \u00e9valuer la compatibilit\u00e9. <strong>(N\u00e9cessite Windows 10, <a href=\"https:\/\/aka.ms\/GetPCHealthCheckApp\">cliquez ici pour t\u00e9l\u00e9charger<\/a>)<\/strong>.<\/p>\n<ul>\n<li><strong>Processeur :<\/strong> 1 gigahertz (Ghz) de plus avec 2 c\u0153urs ou plus sur un processeur 64 bits ou une puce du syst\u00e8me (SoC) compatible.<\/li>\n<li><strong>RAM :<\/strong> 4 gigaoctets (Go).<\/li>\n<li><strong>Stockage :<\/strong> 64 Go de stockage plus important. Remarque : Voir ci-dessous la section \u201c\u00a0En savoir plus sur l\u2019espace de stockage pour maintenir Windows\u00a011 \u00e0 jour\u00a0\u201d pour plus d\u2019informations.<\/li>\n<li><strong>Micrologiciel du syst\u00e8me :<\/strong> UEFI, compatible avec le d\u00e9marrage s\u00e9curis\u00e9.<\/li>\n<li><strong>TPM :<\/strong> Module de plateforme s\u00e9curis\u00e9e (TPM) version 2.0.<\/li>\n<li><strong>Carte graphique :<\/strong> Compatible avec DirectX 12 ou sup\u00e9rieur avec le pilote WDDM 2.0.<\/li>\n<li><strong>Affichage :<\/strong> \u00c9cran \u00e0 haute d\u00e9finition (720p) d'une diagonale sup\u00e9rieure \u00e0 9 pouces, 8 bits par canal de couleur.<\/li>\n<li><strong>Connexion Internet et comptes Microsoft :<\/strong> Microsoft Windows 11 requiert une connexion Internet et un compte Microsoft pour terminer la configuration de l'appareil lors de la premi\u00e8re utilisation. Pour quitter le mode S de Microsoft Windows 11 Famille, une connexion Internet est \u00e9galement n\u00e9cessaire. Toutes les \u00e9ditions de Microsoft Windows 11 n\u00e9cessitent un acc\u00e8s \u00e0 Internet pour les mises \u00e0 jour, ainsi que pour t\u00e9l\u00e9charger et utiliser certaines fonctionnalit\u00e9s. Un compte Microsoft est requis pour certaines fonctionnalit\u00e9s.<\/li>\n<\/ul>\n<p>Au fil du temps, il peut y avoir des exigences suppl\u00e9mentaires pour les mises \u00e0 jour et des exigences pour activer des fonctionnalit\u00e9s sp\u00e9cifiques dans le syst\u00e8me d'exploitation.<\/p>\n<hr>\n<h3>Exigences suppl\u00e9mentaires pour les fonctionnalit\u00e9s importantes<\/h3>\n<p>Certaines fonctionnalit\u00e9s de Microsoft Windows 11 ont des exigences plus \u00e9lev\u00e9es que celles \u00e9num\u00e9r\u00e9es ci-dessus dans la section des exigences minimales. Vous trouverez ci-dessous plus d'informations sur la configuration requise pour les fonctionnalit\u00e9s cl\u00e9s :<\/p>\n<ul>\n<li>La prise en charge de la 5G n\u00e9cessite un modem compatible avec la 5G.<\/li>\n<li>La fonction Auto HDR n\u00e9cessite un moniteur HDR.<\/li>\n<li>BitLocker to Go n\u00e9cessite une cl\u00e9 USB (disponible dans les \u00e9ditions Windows Pro et sup\u00e9rieures).<\/li>\n<li>Le client Hyper-V n\u00e9cessite un processeur dot\u00e9 de capacit\u00e9s SLAT (traduction d'adresse de second niveau) (disponible dans les \u00e9ditions Windows Pro et sup\u00e9rieures).<\/li>\n<li>Cortana vereist een microfoon en luidspreker en is momenteel beschikbaar in Microsoft Windows 11 voor Australi\u00eb, Brazili\u00eb, Canada, China, Frankrijk, Duitsland, India, Itali\u00eb, Japan, Mexico, Spanje, het Verenigd Koninkrijk en de Verenigde Staten.<\/li>\n<li>DirectStorage requiert un SSD NVMe pour le stockage et l'ex\u00e9cution de jeux utilisant le pilote \u201cStandard NVM Express Controller\u201d et un GPU DirectX 12 prenant en charge le mod\u00e8le de nuances 6.0.<\/li>\n<li>DirectX 12 Ultimate est disponible avec les jeux et les puces graphiques pris en charge.<\/li>\n<li>La pr\u00e9sence requiert un capteur capable de d\u00e9tecter la distance d'une personne par rapport \u00e0 l'appareil ou son intention d'interagir avec celui-ci.<\/li>\n<li>La vid\u00e9oconf\u00e9rence intelligente n\u00e9cessite une cam\u00e9ra vid\u00e9o, un microphone et un haut-parleur (sortie audio).<\/li>\n<li>L'assistant vocal multiple (MVA) n\u00e9cessite un microphone et un haut-parleur.<\/li>\n<li>Les mises en page avec trois colonnes n\u00e9cessitent un \u00e9cran d'une largeur effective de 1920 pixels ou plus.<\/li>\n<li>La fonction Mute\/Unmute de la barre des t\u00e2ches n\u00e9cessite une cam\u00e9ra vid\u00e9o, un microphone et un haut-parleur (sortie audio). L'application doit \u00eatre compatible avec la fonction pour permettre la mise en sourdine globale.<\/li>\n<li>Le Spatial Sound n\u00e9cessite du mat\u00e9riel et des logiciels.<\/li>\n<li>Les \u00e9quipes ont besoin d'une cam\u00e9ra vid\u00e9o, d'un microphone et d'un haut-parleur (sortie audio).<\/li>\n<li>Le tactile n\u00e9cessite un \u00e9cran ou un moniteur qui supporte le multi-touch.<\/li>\n<li>L'authentification \u00e0 deux facteurs n\u00e9cessite l'utilisation d'un code PIN, de donn\u00e9es biom\u00e9triques (lecteur d'empreintes digitales ou cam\u00e9ra infrarouge \u00e9clair\u00e9e) ou d'un t\u00e9l\u00e9phone dot\u00e9 de capacit\u00e9s Wi-Fi ou Bluetooth.<\/li>\n<li>La saisie vocale n\u00e9cessite un PC \u00e9quip\u00e9 d'un microphone.<\/li>\n<li>Le r\u00e9veil vocal n\u00e9cessite un mod\u00e8le d'alimentation en veille moderne et un microphone.<\/li>\n<li>Wi-Fi 6E n\u00e9cessite un nouveau mat\u00e9riel et pilote WLAN IHV et un AP\/routeur compatible Wi-Fi 6E.<\/li>\n<li>Windows Hello n\u00e9cessite une cam\u00e9ra configur\u00e9e pour l'imagerie proche infrarouge (IR) ou un lecteur d'empreintes digitales pour l'authentification biom\u00e9trique. Les appareils d\u00e9pourvus de capteurs biom\u00e9triques peuvent utiliser Windows Hello avec un code PIN ou une cl\u00e9 de s\u00e9curit\u00e9 portable compatible avec Microsoft.<\/li>\n<li>Windows Projection n\u00e9cessite un adaptateur d'affichage prenant en charge le mod\u00e8le de pilote d'affichage Windows (WDDM) 2.0 et un adaptateur Wi-Fi prenant en charge Wi-Fi Direct.<\/li>\n<li>L'application Xbox n\u00e9cessite un compte Xbox Live, qui n'est pas disponible dans toutes les r\u00e9gions. Consultez la page Pays et r\u00e9gions Xbox Live pour obtenir les informations les plus r\u00e9centes sur la disponibilit\u00e9. Certaines fonctionnalit\u00e9s de l'application Xbox n\u00e9cessitent un abonnement Xbox Game Pass actif. En savoir plus sur le pass.<\/li>\n<\/ul>\n<\/div>","protected":false},"excerpt":{"rendered":"<ul>\n<li>Licence : cette licence permet d'activer le logiciel sur trois appareils diff\u00e9rents, par exemple un ordinateur personnel, un ordinateur portable et un ordinateur professionnel.<\/li>\n<li>Livraison : Le lien de t\u00e9l\u00e9chargement, la cl\u00e9 de produit, les instructions et la facture sont envoy\u00e9s directement par e-mail.<\/li>\n<li>Version : Version compl\u00e8te et illimit\u00e9e d'un partenaire certifi\u00e9 Microsoft Gold Partner - garantie de remboursement \u00e0 vie !<\/li>\n<li>Langues : anglais, espagnol, italien, allemand, fran\u00e7ais<\/li>\n<li>Assistance : disponible 24 heures sur 24 et 7 jours sur 7 en n\u00e9erlandais, fran\u00e7ais et allemand<\/li>\n<li><strong><span style=\"color: #008000;\">Ce produit est compatible avec Microsoft Windows.<\/span><\/strong><\/li>\n<li><strong><span style=\"color: #ff0000;\">Non compatible avec Apple macOS\u2122, les appareils Android et les Chromebooks.<\/span><\/strong><\/li>\n<\/ul>","protected":false},"featured_media":114611,"comment_status":"closed","ping_status":"closed","template":"","meta":{"rs_blank_template":"","rs_page_bg_color":"","slide_template_v7":""},"product_cat":[82,89],"product_tag":[118,117],"class_list":{"0":"post-1956","1":"product","2":"type-product","3":"status-publish","4":"has-post-thumbnail","6":"product_cat-microsoft-windows","7":"product_cat-windows-11","8":"product_tag-microsoft-windows-11-professional","9":"product_tag-microsoft-windows-11-professional-license-for-3-pcs","11":"first","12":"instock","13":"sale","14":"featured","15":"virtual","16":"taxable","17":"purchasable","18":"product-type-simple"},"yoast_head":"<!-- This site is optimized with the Yoast SEO plugin v27.5 - https:\/\/yoast.com\/product\/yoast-seo-wordpress\/ -->\n<title>Microsoft Windows 11 Professional license for 3 PCs<\/title>\n<meta name=\"description\" content=\"With this license the software can be activated on 3 different devices, e.g. home PC, notebook and work PC. Lifetime Replacement Warranty!!!\" \/>\n<meta name=\"robots\" content=\"index, follow, max-snippet:-1, max-image-preview:large, max-video-preview:-1\" \/>\n<link rel=\"canonical\" href=\"https:\/\/livekaarten.nl\/fr\/produit\/microsoft-windows-11-professional\/\" \/>\n<meta property=\"og:locale\" content=\"fr_FR\" \/>\n<meta property=\"og:type\" content=\"article\" \/>\n<meta property=\"og:title\" content=\"Microsoft Windows 11 Professional license for 3 PCs\" \/>\n<meta property=\"og:description\" content=\"With this license the software can be activated on 3 different devices, e.g. home PC, notebook and work PC. Lifetime Replacement Warranty!!!\" \/>\n<meta property=\"og:url\" content=\"https:\/\/livekaarten.nl\/fr\/produit\/microsoft-windows-11-professional\/\" \/>\n<meta property=\"og:site_name\" content=\"livekaarten.nl\" \/>\n<meta property=\"article:modified_time\" content=\"2026-04-20T11:01:57+00:00\" \/>\n<meta property=\"og:image\" content=\"https:\/\/livekaarten.nl\/wp-content\/uploads\/2025\/04\/W11P.jpg\" \/>\n\t<meta property=\"og:image:width\" content=\"1000\" \/>\n\t<meta property=\"og:image:height\" content=\"1500\" \/>\n\t<meta property=\"og:image:type\" content=\"image\/jpeg\" \/>\n<meta name=\"twitter:card\" content=\"summary_large_image\" \/>\n<meta name=\"twitter:label1\" content=\"Dur\u00e9e de lecture estim\u00e9e\" \/>\n\t<meta name=\"twitter:data1\" content=\"4 minutes\" \/>\n<script type=\"application\/ld+json\" class=\"yoast-schema-graph\">{\"@context\":\"https:\\\/\\\/schema.org\",\"@graph\":[{\"@type\":\"WebPage\",\"@id\":\"https:\\\/\\\/livekaarten.nl\\\/product\\\/microsoft-windows-11-professional\\\/\",\"url\":\"https:\\\/\\\/livekaarten.nl\\\/product\\\/microsoft-windows-11-professional\\\/\",\"name\":\"Microsoft Windows 11 Professional license for 3 PCs\",\"isPartOf\":{\"@id\":\"https:\\\/\\\/livekaarten.nl\\\/#website\"},\"primaryImageOfPage\":{\"@id\":\"https:\\\/\\\/livekaarten.nl\\\/product\\\/microsoft-windows-11-professional\\\/#primaryimage\"},\"image\":{\"@id\":\"https:\\\/\\\/livekaarten.nl\\\/product\\\/microsoft-windows-11-professional\\\/#primaryimage\"},\"thumbnailUrl\":\"https:\\\/\\\/livekaarten.nl\\\/wp-content\\\/uploads\\\/2025\\\/04\\\/W11P.jpg\",\"datePublished\":\"2022-10-20T21:47:49+00:00\",\"dateModified\":\"2026-04-20T11:01:57+00:00\",\"description\":\"With this license the software can be activated on 3 different devices, e.g. home PC, notebook and work PC. Lifetime Replacement Warranty!!!\",\"breadcrumb\":{\"@id\":\"https:\\\/\\\/livekaarten.nl\\\/product\\\/microsoft-windows-11-professional\\\/#breadcrumb\"},\"inLanguage\":\"fr-FR\",\"potentialAction\":[{\"@type\":\"ReadAction\",\"target\":[\"https:\\\/\\\/livekaarten.nl\\\/product\\\/microsoft-windows-11-professional\\\/\"]}]},{\"@type\":\"ImageObject\",\"inLanguage\":\"fr-FR\",\"@id\":\"https:\\\/\\\/livekaarten.nl\\\/product\\\/microsoft-windows-11-professional\\\/#primaryimage\",\"url\":\"https:\\\/\\\/livekaarten.nl\\\/wp-content\\\/uploads\\\/2025\\\/04\\\/W11P.jpg\",\"contentUrl\":\"https:\\\/\\\/livekaarten.nl\\\/wp-content\\\/uploads\\\/2025\\\/04\\\/W11P.jpg\",\"width\":1000,\"height\":1500},{\"@type\":\"BreadcrumbList\",\"@id\":\"https:\\\/\\\/livekaarten.nl\\\/product\\\/microsoft-windows-11-professional\\\/#breadcrumb\",\"itemListElement\":[{\"@type\":\"ListItem\",\"position\":1,\"name\":\"Home\",\"item\":\"https:\\\/\\\/livekaarten.nl\\\/\"},{\"@type\":\"ListItem\",\"position\":2,\"name\":\"Winkel\",\"item\":\"https:\\\/\\\/livekaarten.nl\\\/shop\\\/\"},{\"@type\":\"ListItem\",\"position\":3,\"name\":\"Microsoft Windows 11 Professional \u2013 Licentie voor 3 apparaten\"}]},{\"@type\":\"WebSite\",\"@id\":\"https:\\\/\\\/livekaarten.nl\\\/#website\",\"url\":\"https:\\\/\\\/livekaarten.nl\\\/\",\"name\":\"Livekaarten.nl\",\"description\":\"Koop uw kantoor\",\"potentialAction\":[{\"@type\":\"SearchAction\",\"target\":{\"@type\":\"EntryPoint\",\"urlTemplate\":\"https:\\\/\\\/livekaarten.nl\\\/?s={search_term_string}\"},\"query-input\":{\"@type\":\"PropertyValueSpecification\",\"valueRequired\":true,\"valueName\":\"search_term_string\"}}],\"inLanguage\":\"fr-FR\"}]}<\/script>\n<!-- \/ Yoast SEO plugin. -->","yoast_head_json":{"title":"Licence Microsoft Windows 11 Professionnel pour 3 PC","description":"With this license the software can be activated on 3 different devices, e.g. home PC, notebook and work PC. Lifetime Replacement Warranty!!!","robots":{"index":"index","follow":"follow","max-snippet":"max-snippet:-1","max-image-preview":"max-image-preview:large","max-video-preview":"max-video-preview:-1"},"canonical":"https:\/\/livekaarten.nl\/fr\/produit\/microsoft-windows-11-professional\/","og_locale":"fr_FR","og_type":"article","og_title":"Microsoft Windows 11 Professional license for 3 PCs","og_description":"With this license the software can be activated on 3 different devices, e.g. home PC, notebook and work PC. Lifetime Replacement Warranty!!!","og_url":"https:\/\/livekaarten.nl\/fr\/produit\/microsoft-windows-11-professional\/","og_site_name":"livekaarten.nl","article_modified_time":"2026-04-20T11:01:57+00:00","og_image":[{"width":1000,"height":1500,"url":"https:\/\/livekaarten.nl\/wp-content\/uploads\/2025\/04\/W11P.jpg","type":"image\/jpeg"}],"twitter_card":"summary_large_image","twitter_misc":{"Dur\u00e9e de lecture estim\u00e9e":"4 minutes"},"schema":{"@context":"https:\/\/schema.org","@graph":[{"@type":"WebPage","@id":"https:\/\/livekaarten.nl\/product\/microsoft-windows-11-professional\/","url":"https:\/\/livekaarten.nl\/product\/microsoft-windows-11-professional\/","name":"Licence Microsoft Windows 11 Professionnel pour 3 PC","isPartOf":{"@id":"https:\/\/livekaarten.nl\/#website"},"primaryImageOfPage":{"@id":"https:\/\/livekaarten.nl\/product\/microsoft-windows-11-professional\/#primaryimage"},"image":{"@id":"https:\/\/livekaarten.nl\/product\/microsoft-windows-11-professional\/#primaryimage"},"thumbnailUrl":"https:\/\/livekaarten.nl\/wp-content\/uploads\/2025\/04\/W11P.jpg","datePublished":"2022-10-20T21:47:49+00:00","dateModified":"2026-04-20T11:01:57+00:00","description":"With this license the software can be activated on 3 different devices, e.g. home PC, notebook and work PC. Lifetime Replacement Warranty!!!","breadcrumb":{"@id":"https:\/\/livekaarten.nl\/product\/microsoft-windows-11-professional\/#breadcrumb"},"inLanguage":"fr-FR","potentialAction":[{"@type":"ReadAction","target":["https:\/\/livekaarten.nl\/product\/microsoft-windows-11-professional\/"]}]},{"@type":"ImageObject","inLanguage":"fr-FR","@id":"https:\/\/livekaarten.nl\/product\/microsoft-windows-11-professional\/#primaryimage","url":"https:\/\/livekaarten.nl\/wp-content\/uploads\/2025\/04\/W11P.jpg","contentUrl":"https:\/\/livekaarten.nl\/wp-content\/uploads\/2025\/04\/W11P.jpg","width":1000,"height":1500},{"@type":"BreadcrumbList","@id":"https:\/\/livekaarten.nl\/product\/microsoft-windows-11-professional\/#breadcrumb","itemListElement":[{"@type":"ListItem","position":1,"name":"Home","item":"https:\/\/livekaarten.nl\/"},{"@type":"ListItem","position":2,"name":"Winkel","item":"https:\/\/livekaarten.nl\/shop\/"},{"@type":"ListItem","position":3,"name":"Microsoft Windows 11 Professional \u2013 Licentie voor 3 apparaten"}]},{"@type":"WebSite","@id":"https:\/\/livekaarten.nl\/#website","url":"https:\/\/livekaarten.nl\/","name":"Livecards.co.uk","description":"Acheter votre bureau","potentialAction":[{"@type":"SearchAction","target":{"@type":"EntryPoint","urlTemplate":"https:\/\/livekaarten.nl\/?s={search_term_string}"},"query-input":{"@type":"PropertyValueSpecification","valueRequired":true,"valueName":"search_term_string"}}],"inLanguage":"fr-FR"}]}},"_links":{"self":[{"href":"https:\/\/livekaarten.nl\/fr\/wp-json\/wp\/v2\/product\/1956","targetHints":{"allow":["GET"]}}],"collection":[{"href":"https:\/\/livekaarten.nl\/fr\/wp-json\/wp\/v2\/product"}],"about":[{"href":"https:\/\/livekaarten.nl\/fr\/wp-json\/wp\/v2\/types\/product"}],"replies":[{"embeddable":true,"href":"https:\/\/livekaarten.nl\/fr\/wp-json\/wp\/v2\/comments?post=1956"}],"wp:featuredmedia":[{"embeddable":true,"href":"https:\/\/livekaarten.nl\/fr\/wp-json\/wp\/v2\/media\/114611"}],"wp:attachment":[{"href":"https:\/\/livekaarten.nl\/fr\/wp-json\/wp\/v2\/media?parent=1956"}],"wp:term":[{"taxonomy":"product_cat","embeddable":true,"href":"https:\/\/livekaarten.nl\/fr\/wp-json\/wp\/v2\/product_cat?post=1956"},{"taxonomy":"product_tag","embeddable":true,"href":"https:\/\/livekaarten.nl\/fr\/wp-json\/wp\/v2\/product_tag?post=1956"}],"curies":[{"name":"wp","href":"https:\/\/api.w.org\/{rel}","templated":true}]}}