{"id":1937,"date":"2022-10-20T21:47:48","date_gmt":"2022-10-20T21:47:48","guid":{"rendered":"https:\/\/gamecardshop.com\/livecards\/?post_type=product&#038;p=1937"},"modified":"2026-04-03T12:01:35","modified_gmt":"2026-04-03T10:01:35","slug":"microsoft-windows-10-home-microsoft-office-2021-standard","status":"publish","type":"product","link":"https:\/\/livekaarten.nl\/fr\/produit\/microsoft-windows-10-home-microsoft-office-2021-standard\/","title":{"rendered":"Microsoft Windows 10 Home + Microsoft Office 2021 Standard"},"content":{"rendered":"<p><span style=\"font-size: 32px;\"><strong>Microsoft Windows 10 Home<\/strong><\/span><\/p>\n<p>Microsoft Windows 10 Home est destin\u00e9 aux utilisateurs \u00e0 domicile et met l'accent sur les jeux et l'utilisation multim\u00e9dia. Cette \u00e9dition fonctionne sur les ordinateurs de bureau, les ordinateurs portables et les tablettes. Vous b\u00e9n\u00e9ficiez de toutes les fonctionnalit\u00e9s dont vous avez besoin, telles que le nouveau centre de notification, un menu D\u00e9marrer remani\u00e9, des mises \u00e0 jour automatiques et toutes les fonctionnalit\u00e9s que vous connaissez des versions pr\u00e9c\u00e9dentes de Windows.<\/p>\n<p><strong>Configuration minimale requise<\/strong><\/p>\n<ul>\n<li>Processeur 1 GHz ou plus rapide<\/li>\n<li>1 GB RAM pour 32-bit ou 2 GB RAM pour 64-bit.<\/li>\n<li>16 Go d'espace disque disponible pour un syst\u00e8me d'exploitation 32 bits ou 20 Go pour un syst\u00e8me d'exploitation 64 bits.<\/li>\n<li>4 Go d'espace disque disponible<\/li>\n<\/ul>\n<div id=\"primaryR2\" data-grid=\"container\" data-region-key=\"primaryr2\" data-m=\"{&quot;cN&quot;:&quot;primaryR2 1&quot;,&quot;cT&quot;:&quot;Region_coreui-region&quot;,&quot;id&quot;:&quot;r2a2&quot;,&quot;sN&quot;:2,&quot;aN&quot;:&quot;a2&quot;}\">\n<div id=\"coreui-banner-l03vzh8\" data-m=\"{&quot;cN&quot;:&quot;R2Banner 1&quot;,&quot;cT&quot;:&quot;Module_coreui-banner&quot;,&quot;id&quot;:&quot;m1r2a2&quot;,&quot;sN&quot;:1,&quot;aN&quot;:&quot;r2a2&quot;}\" data-module-id=\"WDG-Windows|primaryR2|coreui-region|coreui-banner-l03vzh8|coreui-banner\">\n<div class=\"m-banner f-align-left\" data-grid=\"col-12\"><span style=\"font-size: 32px;\"><strong>Microsoft Office 2021 Standard<\/strong><\/span><\/div>\n<\/div>\n<\/div>\n<div id=\"primaryR3\" data-grid=\"container\" data-region-key=\"primaryr3\" data-m=\"{&quot;cN&quot;:&quot;primaryR3 1&quot;,&quot;cT&quot;:&quot;Region_coreui-region&quot;,&quot;id&quot;:&quot;r3a2&quot;,&quot;sN&quot;:3,&quot;aN&quot;:&quot;a2&quot;}\">\n<div id=\"coreui-contentrichblock-rhi1sei\" data-m=\"{&quot;cN&quot;:&quot;R2ContentRichBlock 1&quot;,&quot;cT&quot;:&quot;Module_coreui-contentrichblock&quot;,&quot;id&quot;:&quot;m3r3a2&quot;,&quot;sN&quot;:3,&quot;aN&quot;:&quot;r3a2&quot;}\" data-module-id=\"WDG-Windows|primaryR3|coreui-region|coreui-contentrichblock-rhi1sei|coreui-contentrichblock\">\n<div class=\"m-rich-content-block context-ucx\" data-grid=\"col-12\">\n<div class=\"dePhmb\">\n<div class=\"eyKpYb\" data-language=\"en\" data-original-language=\"de\" data-result-index=\"0\">\n<div class=\"J0lOec\">\n<p>Les utilisateurs de Microsoft Office qui utilisent la gamme compl\u00e8te d'applications \u00e0 la maison ou au bureau sont au bon endroit avec l'\u00e9dition Microsoft Office 2021 Standard. Tous les principaux programmes sont inclus : Microsoft Word, Microsoft Excel, Microsoft Outlook, Microsoft PowerPoint, Microsoft Publisher et Microsoft Access.  OneNote est disponible dans le Windows Store, ce qui vous permet de prendre rapidement des notes et de les synchroniser sur plusieurs appareils via le cloud. En raison de son large \u00e9ventail de programmes, la version Standard s'adresse principalement aux personnes qui travaillent \u00e0 la maison, au bureau \u00e0 domicile, ou qui recherchent une solution puissante et fiable au bureau pour organiser des documents, des tableaux, etc.<\/p>\n<ul>\n<li><strong>Microsoft Word :<\/strong> Cr\u00e9ez des documents texte de qualit\u00e9 professionnelle en un rien de temps.<\/li>\n<li><strong>Microsoft Excel :<\/strong> Feuille de calcul intelligente pour la gestion de l'information.<\/li>\n<li><strong>Microsoft PowerPoint :<\/strong> Cr\u00e9er des pr\u00e9sentations impressionnantes et dynamiques.<\/li>\n<li><strong>Microsoft OneNote :<\/strong> Votre carnet de notes num\u00e9rique.<\/li>\n<li><strong>Microsoft Outlook :<\/strong> Facile \u00e0 communiquer.<\/li>\n<li><strong>Microsoft Publisher :<\/strong> Cr\u00e9ation de mises en page pour des publications professionnelles<\/li>\n<\/ul>\n<\/div>\n<\/div>\n<\/div>\n<\/div>\n<\/div>\n<\/div>","protected":false},"excerpt":{"rendered":"<ul>\n<li>Licence : pour l'activation sur 1 PC (en ligne ou par t\u00e9l\u00e9phone)<\/li>\n<li>Livraison : le lien de t\u00e9l\u00e9chargement, la cl\u00e9 de produit, les instructions et la facture sont envoy\u00e9s directement par courrier \u00e9lectronique. Non disponible sur support physique (USB, CD, etc.).<\/li>\n<li>Version : Versions compl\u00e8tes et illimit\u00e9es du logiciel pour les syst\u00e8mes 32 et 64 bits.<\/li>\n<li>Langues : anglais, espagnol, italien, allemand, fran\u00e7ais<\/li>\n<li>Assistance : 24 heures sur 24, 7 jours sur 7, en anglais, espagnol et allemand<\/li>\n<li><strong><span style=\"color: #008000;\"> Ce produit est compatible avec Microsoft Windows.<\/span><\/strong><\/li>\n<li><strong><span style=\"color: #ff0000;\">NON compatible avec Apple macOS\u2122, les appareils Android et les Chromebooks.<\/span><\/strong><\/li>\n<\/ul>","protected":false},"featured_media":114604,"comment_status":"closed","ping_status":"closed","template":"","meta":[],"product_cat":[81,82,83,87],"product_tag":[],"class_list":{"0":"post-1937","1":"product","2":"type-product","3":"status-publish","4":"has-post-thumbnail","6":"product_cat-combo","7":"product_cat-microsoft-windows","8":"product_cat-office-2021","9":"product_cat-window-10","11":"first","12":"instock","13":"sale","14":"virtual","15":"taxable","16":"purchasable","17":"product-type-simple"},"yoast_head":"<!-- This site is optimized with the Yoast SEO plugin v27.3 - https:\/\/yoast.com\/product\/yoast-seo-wordpress\/ -->\n<title>Microsoft Windows 10 Home + Microsoft Office 2021 Standard | livekaarten.nl<\/title>\n<meta name=\"robots\" content=\"index, follow, max-snippet:-1, max-image-preview:large, max-video-preview:-1\" \/>\n<link rel=\"canonical\" href=\"https:\/\/livekaarten.nl\/fr\/produit\/microsoft-windows-10-home-microsoft-office-2021-standard\/\" \/>\n<meta property=\"og:locale\" content=\"fr_FR\" \/>\n<meta property=\"og:type\" content=\"article\" \/>\n<meta property=\"og:title\" content=\"Microsoft Windows 10 Home + Microsoft Office 2021 Standard | livekaarten.nl\" \/>\n<meta property=\"og:description\" content=\"Licentie: Voor activering op 1 PC (online of telefonisch)  Levering: Downloadlink, productsleutel, instructies en factuur worden direct per e-mail geleverd. Niet beschikbaar op fysieke media (zoals USB, cd, enzovoort).  Versie: Volledige, onbeperkte versies van de software voor 32- en 64-bits systemen.  Talen: Engels, Spaans, Italiaans, Duits, Frans  Ondersteuning: 24\/7 in Engels, Spaans, Duits   Dit product is compatibel met Microsoft Windows.  NIET compatibel met Apple macOS\u2122, Android-apparaten en Chromebooks.\" \/>\n<meta property=\"og:url\" content=\"https:\/\/livekaarten.nl\/fr\/produit\/microsoft-windows-10-home-microsoft-office-2021-standard\/\" \/>\n<meta property=\"og:site_name\" content=\"livekaarten.nl\" \/>\n<meta property=\"article:modified_time\" content=\"2026-04-03T10:01:35+00:00\" \/>\n<meta property=\"og:image\" content=\"https:\/\/livekaarten.nl\/wp-content\/uploads\/2025\/04\/W10HO21S.jpg\" \/>\n\t<meta property=\"og:image:width\" content=\"1000\" \/>\n\t<meta property=\"og:image:height\" content=\"1500\" \/>\n\t<meta property=\"og:image:type\" content=\"image\/jpeg\" \/>\n<meta name=\"twitter:card\" content=\"summary_large_image\" \/>\n<meta name=\"twitter:label1\" content=\"Dur\u00e9e de lecture estim\u00e9e\" \/>\n\t<meta name=\"twitter:data1\" content=\"2 minutes\" \/>\n<script type=\"application\/ld+json\" class=\"yoast-schema-graph\">{\"@context\":\"https:\\\/\\\/schema.org\",\"@graph\":[{\"@type\":\"WebPage\",\"@id\":\"https:\\\/\\\/livekaarten.nl\\\/product\\\/microsoft-windows-10-home-microsoft-office-2021-standard\\\/\",\"url\":\"https:\\\/\\\/livekaarten.nl\\\/product\\\/microsoft-windows-10-home-microsoft-office-2021-standard\\\/\",\"name\":\"Microsoft Windows 10 Home + Microsoft Office 2021 Standard | livekaarten.nl\",\"isPartOf\":{\"@id\":\"https:\\\/\\\/livekaarten.nl\\\/#website\"},\"primaryImageOfPage\":{\"@id\":\"https:\\\/\\\/livekaarten.nl\\\/product\\\/microsoft-windows-10-home-microsoft-office-2021-standard\\\/#primaryimage\"},\"image\":{\"@id\":\"https:\\\/\\\/livekaarten.nl\\\/product\\\/microsoft-windows-10-home-microsoft-office-2021-standard\\\/#primaryimage\"},\"thumbnailUrl\":\"https:\\\/\\\/livekaarten.nl\\\/wp-content\\\/uploads\\\/2025\\\/04\\\/W10HO21S.jpg\",\"datePublished\":\"2022-10-20T21:47:48+00:00\",\"dateModified\":\"2026-04-03T10:01:35+00:00\",\"breadcrumb\":{\"@id\":\"https:\\\/\\\/livekaarten.nl\\\/product\\\/microsoft-windows-10-home-microsoft-office-2021-standard\\\/#breadcrumb\"},\"inLanguage\":\"fr-FR\",\"potentialAction\":[{\"@type\":\"ReadAction\",\"target\":[\"https:\\\/\\\/livekaarten.nl\\\/product\\\/microsoft-windows-10-home-microsoft-office-2021-standard\\\/\"]}]},{\"@type\":\"ImageObject\",\"inLanguage\":\"fr-FR\",\"@id\":\"https:\\\/\\\/livekaarten.nl\\\/product\\\/microsoft-windows-10-home-microsoft-office-2021-standard\\\/#primaryimage\",\"url\":\"https:\\\/\\\/livekaarten.nl\\\/wp-content\\\/uploads\\\/2025\\\/04\\\/W10HO21S.jpg\",\"contentUrl\":\"https:\\\/\\\/livekaarten.nl\\\/wp-content\\\/uploads\\\/2025\\\/04\\\/W10HO21S.jpg\",\"width\":1000,\"height\":1500},{\"@type\":\"BreadcrumbList\",\"@id\":\"https:\\\/\\\/livekaarten.nl\\\/product\\\/microsoft-windows-10-home-microsoft-office-2021-standard\\\/#breadcrumb\",\"itemListElement\":[{\"@type\":\"ListItem\",\"position\":1,\"name\":\"Home\",\"item\":\"https:\\\/\\\/livekaarten.nl\\\/\"},{\"@type\":\"ListItem\",\"position\":2,\"name\":\"Winkel\",\"item\":\"https:\\\/\\\/livekaarten.nl\\\/shop\\\/\"},{\"@type\":\"ListItem\",\"position\":3,\"name\":\"Microsoft Windows 10 Home + Microsoft Office 2021 Standard\"}]},{\"@type\":\"WebSite\",\"@id\":\"https:\\\/\\\/livekaarten.nl\\\/#website\",\"url\":\"https:\\\/\\\/livekaarten.nl\\\/\",\"name\":\"Livekaarten.nl\",\"description\":\"Koop uw kantoor\",\"potentialAction\":[{\"@type\":\"SearchAction\",\"target\":{\"@type\":\"EntryPoint\",\"urlTemplate\":\"https:\\\/\\\/livekaarten.nl\\\/?s={search_term_string}\"},\"query-input\":{\"@type\":\"PropertyValueSpecification\",\"valueRequired\":true,\"valueName\":\"search_term_string\"}}],\"inLanguage\":\"fr-FR\"}]}<\/script>\n<!-- \/ Yoast SEO plugin. -->","yoast_head_json":{"title":"Microsoft Windows 10 Home + Microsoft Office 2021 Standard | livekaarten.nl","robots":{"index":"index","follow":"follow","max-snippet":"max-snippet:-1","max-image-preview":"max-image-preview:large","max-video-preview":"max-video-preview:-1"},"canonical":"https:\/\/livekaarten.nl\/fr\/produit\/microsoft-windows-10-home-microsoft-office-2021-standard\/","og_locale":"fr_FR","og_type":"article","og_title":"Microsoft Windows 10 Home + Microsoft Office 2021 Standard | livekaarten.nl","og_description":"Licentie: Voor activering op 1 PC (online of telefonisch)  Levering: Downloadlink, productsleutel, instructies en factuur worden direct per e-mail geleverd. Niet beschikbaar op fysieke media (zoals USB, cd, enzovoort).  Versie: Volledige, onbeperkte versies van de software voor 32- en 64-bits systemen.  Talen: Engels, Spaans, Italiaans, Duits, Frans  Ondersteuning: 24\/7 in Engels, Spaans, Duits   Dit product is compatibel met Microsoft Windows.  NIET compatibel met Apple macOS\u2122, Android-apparaten en Chromebooks.","og_url":"https:\/\/livekaarten.nl\/fr\/produit\/microsoft-windows-10-home-microsoft-office-2021-standard\/","og_site_name":"livekaarten.nl","article_modified_time":"2026-04-03T10:01:35+00:00","og_image":[{"width":1000,"height":1500,"url":"https:\/\/livekaarten.nl\/wp-content\/uploads\/2025\/04\/W10HO21S.jpg","type":"image\/jpeg"}],"twitter_card":"summary_large_image","twitter_misc":{"Dur\u00e9e de lecture estim\u00e9e":"2 minutes"},"schema":{"@context":"https:\/\/schema.org","@graph":[{"@type":"WebPage","@id":"https:\/\/livekaarten.nl\/product\/microsoft-windows-10-home-microsoft-office-2021-standard\/","url":"https:\/\/livekaarten.nl\/product\/microsoft-windows-10-home-microsoft-office-2021-standard\/","name":"Microsoft Windows 10 Home + Microsoft Office 2021 Standard | livekaarten.nl","isPartOf":{"@id":"https:\/\/livekaarten.nl\/#website"},"primaryImageOfPage":{"@id":"https:\/\/livekaarten.nl\/product\/microsoft-windows-10-home-microsoft-office-2021-standard\/#primaryimage"},"image":{"@id":"https:\/\/livekaarten.nl\/product\/microsoft-windows-10-home-microsoft-office-2021-standard\/#primaryimage"},"thumbnailUrl":"https:\/\/livekaarten.nl\/wp-content\/uploads\/2025\/04\/W10HO21S.jpg","datePublished":"2022-10-20T21:47:48+00:00","dateModified":"2026-04-03T10:01:35+00:00","breadcrumb":{"@id":"https:\/\/livekaarten.nl\/product\/microsoft-windows-10-home-microsoft-office-2021-standard\/#breadcrumb"},"inLanguage":"fr-FR","potentialAction":[{"@type":"ReadAction","target":["https:\/\/livekaarten.nl\/product\/microsoft-windows-10-home-microsoft-office-2021-standard\/"]}]},{"@type":"ImageObject","inLanguage":"fr-FR","@id":"https:\/\/livekaarten.nl\/product\/microsoft-windows-10-home-microsoft-office-2021-standard\/#primaryimage","url":"https:\/\/livekaarten.nl\/wp-content\/uploads\/2025\/04\/W10HO21S.jpg","contentUrl":"https:\/\/livekaarten.nl\/wp-content\/uploads\/2025\/04\/W10HO21S.jpg","width":1000,"height":1500},{"@type":"BreadcrumbList","@id":"https:\/\/livekaarten.nl\/product\/microsoft-windows-10-home-microsoft-office-2021-standard\/#breadcrumb","itemListElement":[{"@type":"ListItem","position":1,"name":"Home","item":"https:\/\/livekaarten.nl\/"},{"@type":"ListItem","position":2,"name":"Winkel","item":"https:\/\/livekaarten.nl\/shop\/"},{"@type":"ListItem","position":3,"name":"Microsoft Windows 10 Home + Microsoft Office 2021 Standard"}]},{"@type":"WebSite","@id":"https:\/\/livekaarten.nl\/#website","url":"https:\/\/livekaarten.nl\/","name":"Livecards.co.uk","description":"Acheter votre bureau","potentialAction":[{"@type":"SearchAction","target":{"@type":"EntryPoint","urlTemplate":"https:\/\/livekaarten.nl\/?s={search_term_string}"},"query-input":{"@type":"PropertyValueSpecification","valueRequired":true,"valueName":"search_term_string"}}],"inLanguage":"fr-FR"}]}},"_links":{"self":[{"href":"https:\/\/livekaarten.nl\/fr\/wp-json\/wp\/v2\/product\/1937","targetHints":{"allow":["GET"]}}],"collection":[{"href":"https:\/\/livekaarten.nl\/fr\/wp-json\/wp\/v2\/product"}],"about":[{"href":"https:\/\/livekaarten.nl\/fr\/wp-json\/wp\/v2\/types\/product"}],"replies":[{"embeddable":true,"href":"https:\/\/livekaarten.nl\/fr\/wp-json\/wp\/v2\/comments?post=1937"}],"wp:featuredmedia":[{"embeddable":true,"href":"https:\/\/livekaarten.nl\/fr\/wp-json\/wp\/v2\/media\/114604"}],"wp:attachment":[{"href":"https:\/\/livekaarten.nl\/fr\/wp-json\/wp\/v2\/media?parent=1937"}],"wp:term":[{"taxonomy":"product_cat","embeddable":true,"href":"https:\/\/livekaarten.nl\/fr\/wp-json\/wp\/v2\/product_cat?post=1937"},{"taxonomy":"product_tag","embeddable":true,"href":"https:\/\/livekaarten.nl\/fr\/wp-json\/wp\/v2\/product_tag?post=1937"}],"curies":[{"name":"wp","href":"https:\/\/api.w.org\/{rel}","templated":true}]}}