{"id":1897,"date":"2022-10-20T21:47:08","date_gmt":"2022-10-20T21:47:08","guid":{"rendered":"https:\/\/gamecardshop.com\/livecards\/?post_type=product&#038;p=1897"},"modified":"2026-04-03T12:01:28","modified_gmt":"2026-04-03T10:01:28","slug":"microsoft-office-2021-professional-plus","status":"publish","type":"product","link":"https:\/\/livekaarten.nl\/fr\/produit\/microsoft-office-2021-professional-plus\/","title":{"rendered":"Microsoft Office 2021 Professional Plus - Licence pour 3 appareils"},"content":{"rendered":"<div id=\"primaryR2\" data-grid=\"container\" data-region-key=\"primaryr2\" data-m=\"{&quot;cN&quot;:&quot;primaryR2 1&quot;,&quot;cT&quot;:&quot;Region_coreui-region&quot;,&quot;id&quot;:&quot;r2a2&quot;,&quot;sN&quot;:2,&quot;aN&quot;:&quot;a2&quot;}\">\n<div id=\"coreui-banner-l03vzh8\" data-m=\"{&quot;cN&quot;:&quot;R2Banner 1&quot;,&quot;cT&quot;:&quot;Module_coreui-banner&quot;,&quot;id&quot;:&quot;m1r2a2&quot;,&quot;sN&quot;:1,&quot;aN&quot;:&quot;r2a2&quot;}\" data-module-id=\"WDG-Windows|primaryR2|coreui-region|coreui-banner-l03vzh8|coreui-banner\">\n<div class=\"m-banner f-align-left\" data-grid=\"col-12\"><span style=\"font-size: 24pt;\"><strong><span style=\"vertical-align: inherit;\"><span style=\"vertical-align: inherit;\">Microsoft Office 2021 Professional Plus - Licence Premium pour 3 appareils (version compl\u00e8te et illimit\u00e9e d'un partenaire certifi\u00e9 Microsoft Gold Partner)<\/span><\/span><\/strong><\/span><\/div>\n<div data-grid=\"col-12\"><\/div>\n<div data-grid=\"col-12\"><strong>Cette licence vous permet d'activer le logiciel sur 3 appareils diff\u00e9rents, tels qu'un PC domestique, un ordinateur portable et un PC professionnel.<\/strong><\/div>\n<div data-grid=\"col-12\"><\/div>\n<div data-grid=\"col-12\"><strong>Garantie de remplacement \u00e0 vie !<\/strong><\/div>\n<div data-grid=\"col-12\">\n<hr class=\"c-divider f-pad-top-3x\" data-grid=\"col-12\" \/>\n<\/div>\n<\/div>\n<\/div>\n<div id=\"primaryR3\" data-grid=\"container\" data-region-key=\"primaryr3\" data-m=\"{&quot;cN&quot;:&quot;primaryR3 1&quot;,&quot;cT&quot;:&quot;Region_coreui-region&quot;,&quot;id&quot;:&quot;r3a2&quot;,&quot;sN&quot;:3,&quot;aN&quot;:&quot;a2&quot;}\">\n<div id=\"coreui-contentrichblock-rhi1sei\" data-m=\"{&quot;cN&quot;:&quot;R2ContentRichBlock 1&quot;,&quot;cT&quot;:&quot;Module_coreui-contentrichblock&quot;,&quot;id&quot;:&quot;m3r3a2&quot;,&quot;sN&quot;:3,&quot;aN&quot;:&quot;r3a2&quot;}\" data-module-id=\"WDG-Windows|primaryR3|coreui-region|coreui-contentrichblock-rhi1sei|coreui-contentrichblock\">\n<div class=\"m-rich-content-block context-ucx\" data-grid=\"col-12\">\n<div class=\"dePhmb\">\n<div class=\"eyKpYb\" data-language=\"en\" data-original-language=\"de\" data-result-index=\"0\">\n<div class=\"J0lOec\">\n<p>Les utilisateurs de Microsoft Office qui souhaitent utiliser la gamme compl\u00e8te d'applications \u00e0 la maison ou au bureau sont au bon endroit avec Microsoft Office 2021 Professional Plus. Tous les programmes essentiels sont inclus : Word, Excel, Outlook, PowerPoint, Publisher et Access. OneNote est disponible via le Microsoft Store, ce qui facilite la prise de notes et leur synchronisation sur plusieurs appareils via le cloud. Avec son large choix d'applications, la version Professional Plus est id\u00e9ale pour les personnes qui travaillent \u00e0 domicile, qui ont un bureau \u00e0 domicile ou qui recherchent une solution puissante et fiable pour organiser des documents, des feuilles de calcul et bien d'autres choses encore.<\/p>\n<p><strong>Microsoft Word<\/strong> - Cr\u00e9ez des documents texte professionnels sans effort.<br \/>\n<strong>Microsoft Excel<\/strong> - Des feuilles de calcul puissantes pour une gestion intelligente des donn\u00e9es.<br \/>\n<strong>Microsoft PowerPoint<\/strong> - Concevoir des pr\u00e9sentations impressionnantes et dynamiques.<br \/>\n<strong>Microsoft OneNote<\/strong> - Votre carnet de notes num\u00e9rique.<br \/>\n<strong>Microsoft Outlook<\/strong> - Une communication simple et efficace.<br \/>\n<strong>Microsoft Publisher<\/strong> - Mises en page professionnelles pour les publications.<br \/>\n<strong>Microsoft Access<\/strong> - Gestion de base de donn\u00e9es pour les applications bas\u00e9es sur un navigateur.<br \/>\n<strong>Microsoft Teams<\/strong> - Plus de productivit\u00e9 gr\u00e2ce au chat et \u00e0 la vid\u00e9oconf\u00e9rence HD (\u00e0 t\u00e9l\u00e9charger s\u00e9par\u00e9ment).<\/p>\n<p><strong>Remarque :<\/strong> \u00c0 la suite d'une <a href=\"https:\/\/blogs.microsoft.com\/eupolicy\/2023\/08\/31\/european-competition-teams-office-microsoft-365\/\" target=\"_blank\" rel=\"noopener\">Enqu\u00eate de la Commission europ\u00e9enne<\/a> Microsoft ne fournit plus de licence Teams avec les produits Office. Vous pouvez <a href=\"https:\/\/www.microsoft.com\/en-us\/microsoft-teams\/download-app\" target=\"_blank\" rel=\"noopener\">T\u00e9l\u00e9chargement des \u00e9quipes<\/a> et l'utiliser avec une licence gratuite ou payante (vendue s\u00e9par\u00e9ment), selon vos besoins.<\/p>\n<p><strong>Syst\u00e8me d'exploitation requis :<\/strong> Windows 10 ou 11<\/p>\n<\/div>\n<\/div>\n<\/div>\n<\/div>\n<\/div>\n<\/div>","protected":false},"excerpt":{"rendered":"<ul>\n<li>Licence : cette licence permet d'activer le logiciel sur trois appareils diff\u00e9rents, par exemple un ordinateur personnel, un ordinateur portable et un ordinateur professionnel.<\/li>\n<li>Livraison : Le lien de t\u00e9l\u00e9chargement, la cl\u00e9 de produit, les instructions et la facture sont envoy\u00e9s directement par e-mail.<\/li>\n<li>Version : Version compl\u00e8te et illimit\u00e9e d'un partenaire certifi\u00e9 Microsoft Gold Partner - garantie de remboursement \u00e0 vie !<\/li>\n<li>Langues : anglais, espagnol, italien, allemand, fran\u00e7ais<\/li>\n<li>Assistance : 24\/7 en n\u00e9erlandais, fran\u00e7ais, allemand<\/li>\n<li><strong><span style=\"color: #008000;\"> Ce produit est compatible avec Microsoft Windows.<\/span><\/strong><\/li>\n<li><strong><span style=\"color: #ff0000;\">NON compatible avec Apple macOS\u2122, les appareils Android et les Chromebooks.<\/span><\/strong><\/li>\n<\/ul>","protected":false},"featured_media":114602,"comment_status":"closed","ping_status":"closed","template":"","meta":[],"product_cat":[75,83,77],"product_tag":[112,111,84,85],"class_list":{"0":"post-1897","1":"product","2":"type-product","3":"status-publish","4":"has-post-thumbnail","6":"product_cat-microsoft-office","7":"product_cat-office-2021","8":"product_cat-popular","9":"product_tag-microsoft-office-2021-professional-plus","10":"product_tag-microsoft-office-2021-professional-plus-license-for-3-pcs","11":"product_tag-office","12":"product_tag-office-2021","14":"first","15":"instock","16":"sale","17":"featured","18":"virtual","19":"taxable","20":"purchasable","21":"product-type-simple"},"yoast_head":"<!-- This site is optimized with the Yoast SEO plugin v27.3 - https:\/\/yoast.com\/product\/yoast-seo-wordpress\/ -->\n<title>Microsoft Office 2021 Professional Plus license for 3 PCs<\/title>\n<meta name=\"description\" content=\"With this license the software can be activated on 3 different devices, e.g. home PC, notebook and work PC. Lifetime Replacement Warranty!!!\" \/>\n<meta name=\"robots\" content=\"index, follow, max-snippet:-1, max-image-preview:large, max-video-preview:-1\" \/>\n<link rel=\"canonical\" href=\"https:\/\/livekaarten.nl\/fr\/produit\/microsoft-office-2021-professional-plus\/\" \/>\n<meta property=\"og:locale\" content=\"fr_FR\" \/>\n<meta property=\"og:type\" content=\"article\" \/>\n<meta property=\"og:title\" content=\"Microsoft Office 2021 Professional Plus license for 3 PCs\" \/>\n<meta property=\"og:description\" content=\"With this license the software can be activated on 3 different devices, e.g. home PC, notebook and work PC. Lifetime Replacement Warranty!!!\" \/>\n<meta property=\"og:url\" content=\"https:\/\/livekaarten.nl\/fr\/produit\/microsoft-office-2021-professional-plus\/\" \/>\n<meta property=\"og:site_name\" content=\"livekaarten.nl\" \/>\n<meta property=\"article:modified_time\" content=\"2026-04-03T10:01:28+00:00\" \/>\n<meta property=\"og:image\" content=\"https:\/\/livekaarten.nl\/wp-content\/uploads\/2025\/04\/O21PP.jpg\" \/>\n\t<meta property=\"og:image:width\" content=\"1000\" \/>\n\t<meta property=\"og:image:height\" content=\"1500\" \/>\n\t<meta property=\"og:image:type\" content=\"image\/jpeg\" \/>\n<meta name=\"twitter:card\" content=\"summary_large_image\" \/>\n<meta name=\"twitter:label1\" content=\"Dur\u00e9e de lecture estim\u00e9e\" \/>\n\t<meta name=\"twitter:data1\" content=\"2 minutes\" \/>\n<script type=\"application\/ld+json\" class=\"yoast-schema-graph\">{\"@context\":\"https:\\\/\\\/schema.org\",\"@graph\":[{\"@type\":\"WebPage\",\"@id\":\"https:\\\/\\\/livekaarten.nl\\\/product\\\/microsoft-office-2021-professional-plus\\\/\",\"url\":\"https:\\\/\\\/livekaarten.nl\\\/product\\\/microsoft-office-2021-professional-plus\\\/\",\"name\":\"Microsoft Office 2021 Professional Plus license for 3 PCs\",\"isPartOf\":{\"@id\":\"https:\\\/\\\/livekaarten.nl\\\/#website\"},\"primaryImageOfPage\":{\"@id\":\"https:\\\/\\\/livekaarten.nl\\\/product\\\/microsoft-office-2021-professional-plus\\\/#primaryimage\"},\"image\":{\"@id\":\"https:\\\/\\\/livekaarten.nl\\\/product\\\/microsoft-office-2021-professional-plus\\\/#primaryimage\"},\"thumbnailUrl\":\"https:\\\/\\\/livekaarten.nl\\\/wp-content\\\/uploads\\\/2025\\\/04\\\/O21PP.jpg\",\"datePublished\":\"2022-10-20T21:47:08+00:00\",\"dateModified\":\"2026-04-03T10:01:28+00:00\",\"description\":\"With this license the software can be activated on 3 different devices, e.g. home PC, notebook and work PC. Lifetime Replacement Warranty!!!\",\"breadcrumb\":{\"@id\":\"https:\\\/\\\/livekaarten.nl\\\/product\\\/microsoft-office-2021-professional-plus\\\/#breadcrumb\"},\"inLanguage\":\"fr-FR\",\"potentialAction\":[{\"@type\":\"ReadAction\",\"target\":[\"https:\\\/\\\/livekaarten.nl\\\/product\\\/microsoft-office-2021-professional-plus\\\/\"]}]},{\"@type\":\"ImageObject\",\"inLanguage\":\"fr-FR\",\"@id\":\"https:\\\/\\\/livekaarten.nl\\\/product\\\/microsoft-office-2021-professional-plus\\\/#primaryimage\",\"url\":\"https:\\\/\\\/livekaarten.nl\\\/wp-content\\\/uploads\\\/2025\\\/04\\\/O21PP.jpg\",\"contentUrl\":\"https:\\\/\\\/livekaarten.nl\\\/wp-content\\\/uploads\\\/2025\\\/04\\\/O21PP.jpg\",\"width\":1000,\"height\":1500},{\"@type\":\"BreadcrumbList\",\"@id\":\"https:\\\/\\\/livekaarten.nl\\\/product\\\/microsoft-office-2021-professional-plus\\\/#breadcrumb\",\"itemListElement\":[{\"@type\":\"ListItem\",\"position\":1,\"name\":\"Home\",\"item\":\"https:\\\/\\\/livekaarten.nl\\\/\"},{\"@type\":\"ListItem\",\"position\":2,\"name\":\"Winkel\",\"item\":\"https:\\\/\\\/livekaarten.nl\\\/shop\\\/\"},{\"@type\":\"ListItem\",\"position\":3,\"name\":\"Microsoft Office 2021 Professional Plus \u2013 Licentie voor 3 apparaten\"}]},{\"@type\":\"WebSite\",\"@id\":\"https:\\\/\\\/livekaarten.nl\\\/#website\",\"url\":\"https:\\\/\\\/livekaarten.nl\\\/\",\"name\":\"Livekaarten.nl\",\"description\":\"Koop uw kantoor\",\"potentialAction\":[{\"@type\":\"SearchAction\",\"target\":{\"@type\":\"EntryPoint\",\"urlTemplate\":\"https:\\\/\\\/livekaarten.nl\\\/?s={search_term_string}\"},\"query-input\":{\"@type\":\"PropertyValueSpecification\",\"valueRequired\":true,\"valueName\":\"search_term_string\"}}],\"inLanguage\":\"fr-FR\"}]}<\/script>\n<!-- \/ Yoast SEO plugin. -->","yoast_head_json":{"title":"Microsoft Office 2021 Professional Plus licence pour 3 PCs","description":"With this license the software can be activated on 3 different devices, e.g. home PC, notebook and work PC. Lifetime Replacement Warranty!!!","robots":{"index":"index","follow":"follow","max-snippet":"max-snippet:-1","max-image-preview":"max-image-preview:large","max-video-preview":"max-video-preview:-1"},"canonical":"https:\/\/livekaarten.nl\/fr\/produit\/microsoft-office-2021-professional-plus\/","og_locale":"fr_FR","og_type":"article","og_title":"Microsoft Office 2021 Professional Plus license for 3 PCs","og_description":"With this license the software can be activated on 3 different devices, e.g. home PC, notebook and work PC. Lifetime Replacement Warranty!!!","og_url":"https:\/\/livekaarten.nl\/fr\/produit\/microsoft-office-2021-professional-plus\/","og_site_name":"livekaarten.nl","article_modified_time":"2026-04-03T10:01:28+00:00","og_image":[{"width":1000,"height":1500,"url":"https:\/\/livekaarten.nl\/wp-content\/uploads\/2025\/04\/O21PP.jpg","type":"image\/jpeg"}],"twitter_card":"summary_large_image","twitter_misc":{"Dur\u00e9e de lecture estim\u00e9e":"2 minutes"},"schema":{"@context":"https:\/\/schema.org","@graph":[{"@type":"WebPage","@id":"https:\/\/livekaarten.nl\/product\/microsoft-office-2021-professional-plus\/","url":"https:\/\/livekaarten.nl\/product\/microsoft-office-2021-professional-plus\/","name":"Microsoft Office 2021 Professional Plus licence pour 3 PCs","isPartOf":{"@id":"https:\/\/livekaarten.nl\/#website"},"primaryImageOfPage":{"@id":"https:\/\/livekaarten.nl\/product\/microsoft-office-2021-professional-plus\/#primaryimage"},"image":{"@id":"https:\/\/livekaarten.nl\/product\/microsoft-office-2021-professional-plus\/#primaryimage"},"thumbnailUrl":"https:\/\/livekaarten.nl\/wp-content\/uploads\/2025\/04\/O21PP.jpg","datePublished":"2022-10-20T21:47:08+00:00","dateModified":"2026-04-03T10:01:28+00:00","description":"With this license the software can be activated on 3 different devices, e.g. home PC, notebook and work PC. Lifetime Replacement Warranty!!!","breadcrumb":{"@id":"https:\/\/livekaarten.nl\/product\/microsoft-office-2021-professional-plus\/#breadcrumb"},"inLanguage":"fr-FR","potentialAction":[{"@type":"ReadAction","target":["https:\/\/livekaarten.nl\/product\/microsoft-office-2021-professional-plus\/"]}]},{"@type":"ImageObject","inLanguage":"fr-FR","@id":"https:\/\/livekaarten.nl\/product\/microsoft-office-2021-professional-plus\/#primaryimage","url":"https:\/\/livekaarten.nl\/wp-content\/uploads\/2025\/04\/O21PP.jpg","contentUrl":"https:\/\/livekaarten.nl\/wp-content\/uploads\/2025\/04\/O21PP.jpg","width":1000,"height":1500},{"@type":"BreadcrumbList","@id":"https:\/\/livekaarten.nl\/product\/microsoft-office-2021-professional-plus\/#breadcrumb","itemListElement":[{"@type":"ListItem","position":1,"name":"Home","item":"https:\/\/livekaarten.nl\/"},{"@type":"ListItem","position":2,"name":"Winkel","item":"https:\/\/livekaarten.nl\/shop\/"},{"@type":"ListItem","position":3,"name":"Microsoft Office 2021 Professional Plus \u2013 Licentie voor 3 apparaten"}]},{"@type":"WebSite","@id":"https:\/\/livekaarten.nl\/#website","url":"https:\/\/livekaarten.nl\/","name":"Livecards.co.uk","description":"Acheter votre bureau","potentialAction":[{"@type":"SearchAction","target":{"@type":"EntryPoint","urlTemplate":"https:\/\/livekaarten.nl\/?s={search_term_string}"},"query-input":{"@type":"PropertyValueSpecification","valueRequired":true,"valueName":"search_term_string"}}],"inLanguage":"fr-FR"}]}},"_links":{"self":[{"href":"https:\/\/livekaarten.nl\/fr\/wp-json\/wp\/v2\/product\/1897","targetHints":{"allow":["GET"]}}],"collection":[{"href":"https:\/\/livekaarten.nl\/fr\/wp-json\/wp\/v2\/product"}],"about":[{"href":"https:\/\/livekaarten.nl\/fr\/wp-json\/wp\/v2\/types\/product"}],"replies":[{"embeddable":true,"href":"https:\/\/livekaarten.nl\/fr\/wp-json\/wp\/v2\/comments?post=1897"}],"wp:featuredmedia":[{"embeddable":true,"href":"https:\/\/livekaarten.nl\/fr\/wp-json\/wp\/v2\/media\/114602"}],"wp:attachment":[{"href":"https:\/\/livekaarten.nl\/fr\/wp-json\/wp\/v2\/media?parent=1897"}],"wp:term":[{"taxonomy":"product_cat","embeddable":true,"href":"https:\/\/livekaarten.nl\/fr\/wp-json\/wp\/v2\/product_cat?post=1897"},{"taxonomy":"product_tag","embeddable":true,"href":"https:\/\/livekaarten.nl\/fr\/wp-json\/wp\/v2\/product_tag?post=1897"}],"curies":[{"name":"wp","href":"https:\/\/api.w.org\/{rel}","templated":true}]}}