{"id":1892,"date":"2022-10-20T21:47:08","date_gmt":"2022-10-20T21:47:08","guid":{"rendered":"https:\/\/gamecardshop.com\/livecards\/?post_type=product&#038;p=1892"},"modified":"2026-04-03T12:01:28","modified_gmt":"2026-04-03T10:01:28","slug":"microsoft-office-2019-professional-plus","status":"publish","type":"product","link":"https:\/\/livekaarten.nl\/fr\/produit\/microsoft-office-2019-professional-plus\/","title":{"rendered":"Microsoft Office 2019 Professional Plus - Licence pour 3 appareils"},"content":{"rendered":"<h3><strong>Microsoft Office 2019 Professionnel Plus<\/strong><\/h3>\n<hr class=\"c-divider f-pad-top-3x\" data-grid=\"col-12\" \/>\n<p>Microsoft Office 2019 Professional Plus est destin\u00e9 aux utilisateurs priv\u00e9s et aux petites entreprises. Il comprend les applications classiques : Microsoft Word, Excel, PowerPoint, Outlook et Publisher - en version bureau et en version web. Le stockage OneDrive est inclus, ce qui vous permet de stocker et de partager facilement des fichiers o\u00f9 que vous soyez. Microsoft OneNote ne fait plus partie de Office 2019 Professional Plus. Vous souhaitez continuer \u00e0 utiliser OneNote ? Dans ce cas, vous pouvez le faire via l'application Windows universelle, int\u00e9gr\u00e9e \u00e0 Windows 10.<\/p>\n<p><strong>Configuration minimale requise<\/strong><\/p>\n<ul>\n<li>Processeur 1 GHz ou plus rapide<\/li>\n<li>1 GB RAM pour 32-bit, ou 2 GB RAM pour 64-bit<\/li>\n<li>16 Go d'espace disque disponible pour un syst\u00e8me d'exploitation 32 bits, ou 20 Go pour un syst\u00e8me d'exploitation 64 bits<\/li>\n<\/ul>","protected":false},"excerpt":{"rendered":"<ul>\n<li>Licence : cette licence permet d'activer le logiciel sur trois appareils diff\u00e9rents, par exemple un ordinateur personnel, un ordinateur portable et un ordinateur professionnel.<\/li>\n<li>Livraison : Le lien de t\u00e9l\u00e9chargement, la cl\u00e9 de produit, les instructions et la facture sont envoy\u00e9s directement par e-mail.<\/li>\n<li>Version : Version compl\u00e8te et illimit\u00e9e d'un partenaire certifi\u00e9 Microsoft Gold Partner - garantie de remboursement \u00e0 vie !<\/li>\n<li>Langues : anglais, espagnol, italien, allemand, fran\u00e7ais<\/li>\n<li>Assistance : 24\/7 en n\u00e9erlandais, fran\u00e7ais, allemand<\/li>\n<li><strong><span style=\"color: #008000;\"> Ce produit est compatible avec Microsoft Windows.<\/span><\/strong><\/li>\n<li><strong><span style=\"color: #ff0000;\">NON compatible avec Apple macOS\u2122, les appareils Android et les Chromebooks.<\/span><\/strong><\/li>\n<\/ul>","protected":false},"featured_media":114658,"comment_status":"closed","ping_status":"closed","template":"","meta":[],"product_cat":[75,76,77],"product_tag":[],"class_list":{"0":"post-1892","1":"product","2":"type-product","3":"status-publish","4":"has-post-thumbnail","6":"product_cat-microsoft-office","7":"product_cat-office-2019","8":"product_cat-popular","10":"first","11":"instock","12":"sale","13":"featured","14":"virtual","15":"taxable","16":"purchasable","17":"product-type-simple"},"yoast_head":"<!-- This site is optimized with the Yoast SEO plugin v27.3 - https:\/\/yoast.com\/product\/yoast-seo-wordpress\/ -->\n<title>Microsoft Office 2019 Professional Plus \u2013 Licentie voor 3 apparaten | livekaarten.nl<\/title>\n<meta name=\"robots\" content=\"index, follow, max-snippet:-1, max-image-preview:large, max-video-preview:-1\" \/>\n<link rel=\"canonical\" href=\"https:\/\/livekaarten.nl\/fr\/produit\/microsoft-office-2019-professional-plus\/\" \/>\n<meta property=\"og:locale\" content=\"fr_FR\" \/>\n<meta property=\"og:type\" content=\"article\" \/>\n<meta property=\"og:title\" content=\"Microsoft Office 2019 Professional Plus \u2013 Licentie voor 3 apparaten | livekaarten.nl\" \/>\n<meta property=\"og:description\" content=\"Licentie: Met deze licentie kan de software op 3 verschillende apparaten worden geactiveerd, b.v. thuis-pc, notebook en werk-pc  Levering: Downloadlink, productsleutel, instructies en factuur worden direct per e-mail geleverd.  Versie: Volledige, onbeperkte versie van een gecertificeerde Microsoft Gold Partner \u2013 levenslange geld-teruggarantie!  Talen: Engels, Spaans, Italiaans, Duits, Frans  Ondersteuning: 24\/7 in het Nederlands, Frans, Duits   Dit product is compatibel met Microsoft Windows.  NIET compatibel met Apple macOS\u2122, Android-apparaten en Chromebooks.\" \/>\n<meta property=\"og:url\" content=\"https:\/\/livekaarten.nl\/fr\/produit\/microsoft-office-2019-professional-plus\/\" \/>\n<meta property=\"og:site_name\" content=\"livekaarten.nl\" \/>\n<meta property=\"article:modified_time\" content=\"2026-04-03T10:01:28+00:00\" \/>\n<meta property=\"og:image\" content=\"https:\/\/livekaarten.nl\/wp-content\/uploads\/2022\/10\/O19PP.jpg\" \/>\n\t<meta property=\"og:image:width\" content=\"1000\" \/>\n\t<meta property=\"og:image:height\" content=\"1500\" \/>\n\t<meta property=\"og:image:type\" content=\"image\/jpeg\" \/>\n<meta name=\"twitter:card\" content=\"summary_large_image\" \/>\n<meta name=\"twitter:label1\" content=\"Dur\u00e9e de lecture estim\u00e9e\" \/>\n\t<meta name=\"twitter:data1\" content=\"1 minute\" \/>\n<script type=\"application\/ld+json\" class=\"yoast-schema-graph\">{\"@context\":\"https:\\\/\\\/schema.org\",\"@graph\":[{\"@type\":\"WebPage\",\"@id\":\"https:\\\/\\\/livekaarten.nl\\\/product\\\/microsoft-office-2019-professional-plus\\\/\",\"url\":\"https:\\\/\\\/livekaarten.nl\\\/product\\\/microsoft-office-2019-professional-plus\\\/\",\"name\":\"Microsoft Office 2019 Professional Plus \u2013 Licentie voor 3 apparaten | livekaarten.nl\",\"isPartOf\":{\"@id\":\"https:\\\/\\\/livekaarten.nl\\\/#website\"},\"primaryImageOfPage\":{\"@id\":\"https:\\\/\\\/livekaarten.nl\\\/product\\\/microsoft-office-2019-professional-plus\\\/#primaryimage\"},\"image\":{\"@id\":\"https:\\\/\\\/livekaarten.nl\\\/product\\\/microsoft-office-2019-professional-plus\\\/#primaryimage\"},\"thumbnailUrl\":\"https:\\\/\\\/livekaarten.nl\\\/wp-content\\\/uploads\\\/2022\\\/10\\\/O19PP.jpg\",\"datePublished\":\"2022-10-20T21:47:08+00:00\",\"dateModified\":\"2026-04-03T10:01:28+00:00\",\"breadcrumb\":{\"@id\":\"https:\\\/\\\/livekaarten.nl\\\/product\\\/microsoft-office-2019-professional-plus\\\/#breadcrumb\"},\"inLanguage\":\"fr-FR\",\"potentialAction\":[{\"@type\":\"ReadAction\",\"target\":[\"https:\\\/\\\/livekaarten.nl\\\/product\\\/microsoft-office-2019-professional-plus\\\/\"]}]},{\"@type\":\"ImageObject\",\"inLanguage\":\"fr-FR\",\"@id\":\"https:\\\/\\\/livekaarten.nl\\\/product\\\/microsoft-office-2019-professional-plus\\\/#primaryimage\",\"url\":\"https:\\\/\\\/livekaarten.nl\\\/wp-content\\\/uploads\\\/2022\\\/10\\\/O19PP.jpg\",\"contentUrl\":\"https:\\\/\\\/livekaarten.nl\\\/wp-content\\\/uploads\\\/2022\\\/10\\\/O19PP.jpg\",\"width\":1000,\"height\":1500},{\"@type\":\"BreadcrumbList\",\"@id\":\"https:\\\/\\\/livekaarten.nl\\\/product\\\/microsoft-office-2019-professional-plus\\\/#breadcrumb\",\"itemListElement\":[{\"@type\":\"ListItem\",\"position\":1,\"name\":\"Home\",\"item\":\"https:\\\/\\\/livekaarten.nl\\\/\"},{\"@type\":\"ListItem\",\"position\":2,\"name\":\"Winkel\",\"item\":\"https:\\\/\\\/livekaarten.nl\\\/shop\\\/\"},{\"@type\":\"ListItem\",\"position\":3,\"name\":\"Microsoft Office 2019 Professional Plus \u2013 Licentie voor 3 apparaten\"}]},{\"@type\":\"WebSite\",\"@id\":\"https:\\\/\\\/livekaarten.nl\\\/#website\",\"url\":\"https:\\\/\\\/livekaarten.nl\\\/\",\"name\":\"Livekaarten.nl\",\"description\":\"Koop uw kantoor\",\"potentialAction\":[{\"@type\":\"SearchAction\",\"target\":{\"@type\":\"EntryPoint\",\"urlTemplate\":\"https:\\\/\\\/livekaarten.nl\\\/?s={search_term_string}\"},\"query-input\":{\"@type\":\"PropertyValueSpecification\",\"valueRequired\":true,\"valueName\":\"search_term_string\"}}],\"inLanguage\":\"fr-FR\"}]}<\/script>\n<!-- \/ Yoast SEO plugin. -->","yoast_head_json":{"title":"Microsoft Office 2019 Professional Plus \u2013 Licentie voor 3 apparaten | livekaarten.nl","robots":{"index":"index","follow":"follow","max-snippet":"max-snippet:-1","max-image-preview":"max-image-preview:large","max-video-preview":"max-video-preview:-1"},"canonical":"https:\/\/livekaarten.nl\/fr\/produit\/microsoft-office-2019-professional-plus\/","og_locale":"fr_FR","og_type":"article","og_title":"Microsoft Office 2019 Professional Plus \u2013 Licentie voor 3 apparaten | livekaarten.nl","og_description":"Licentie: Met deze licentie kan de software op 3 verschillende apparaten worden geactiveerd, b.v. thuis-pc, notebook en werk-pc  Levering: Downloadlink, productsleutel, instructies en factuur worden direct per e-mail geleverd.  Versie: Volledige, onbeperkte versie van een gecertificeerde Microsoft Gold Partner \u2013 levenslange geld-teruggarantie!  Talen: Engels, Spaans, Italiaans, Duits, Frans  Ondersteuning: 24\/7 in het Nederlands, Frans, Duits   Dit product is compatibel met Microsoft Windows.  NIET compatibel met Apple macOS\u2122, Android-apparaten en Chromebooks.","og_url":"https:\/\/livekaarten.nl\/fr\/produit\/microsoft-office-2019-professional-plus\/","og_site_name":"livekaarten.nl","article_modified_time":"2026-04-03T10:01:28+00:00","og_image":[{"width":1000,"height":1500,"url":"https:\/\/livekaarten.nl\/wp-content\/uploads\/2022\/10\/O19PP.jpg","type":"image\/jpeg"}],"twitter_card":"summary_large_image","twitter_misc":{"Dur\u00e9e de lecture estim\u00e9e":"1 minute"},"schema":{"@context":"https:\/\/schema.org","@graph":[{"@type":"WebPage","@id":"https:\/\/livekaarten.nl\/product\/microsoft-office-2019-professional-plus\/","url":"https:\/\/livekaarten.nl\/product\/microsoft-office-2019-professional-plus\/","name":"Microsoft Office 2019 Professional Plus \u2013 Licentie voor 3 apparaten | livekaarten.nl","isPartOf":{"@id":"https:\/\/livekaarten.nl\/#website"},"primaryImageOfPage":{"@id":"https:\/\/livekaarten.nl\/product\/microsoft-office-2019-professional-plus\/#primaryimage"},"image":{"@id":"https:\/\/livekaarten.nl\/product\/microsoft-office-2019-professional-plus\/#primaryimage"},"thumbnailUrl":"https:\/\/livekaarten.nl\/wp-content\/uploads\/2022\/10\/O19PP.jpg","datePublished":"2022-10-20T21:47:08+00:00","dateModified":"2026-04-03T10:01:28+00:00","breadcrumb":{"@id":"https:\/\/livekaarten.nl\/product\/microsoft-office-2019-professional-plus\/#breadcrumb"},"inLanguage":"fr-FR","potentialAction":[{"@type":"ReadAction","target":["https:\/\/livekaarten.nl\/product\/microsoft-office-2019-professional-plus\/"]}]},{"@type":"ImageObject","inLanguage":"fr-FR","@id":"https:\/\/livekaarten.nl\/product\/microsoft-office-2019-professional-plus\/#primaryimage","url":"https:\/\/livekaarten.nl\/wp-content\/uploads\/2022\/10\/O19PP.jpg","contentUrl":"https:\/\/livekaarten.nl\/wp-content\/uploads\/2022\/10\/O19PP.jpg","width":1000,"height":1500},{"@type":"BreadcrumbList","@id":"https:\/\/livekaarten.nl\/product\/microsoft-office-2019-professional-plus\/#breadcrumb","itemListElement":[{"@type":"ListItem","position":1,"name":"Home","item":"https:\/\/livekaarten.nl\/"},{"@type":"ListItem","position":2,"name":"Winkel","item":"https:\/\/livekaarten.nl\/shop\/"},{"@type":"ListItem","position":3,"name":"Microsoft Office 2019 Professional Plus \u2013 Licentie voor 3 apparaten"}]},{"@type":"WebSite","@id":"https:\/\/livekaarten.nl\/#website","url":"https:\/\/livekaarten.nl\/","name":"Livecards.co.uk","description":"Acheter votre bureau","potentialAction":[{"@type":"SearchAction","target":{"@type":"EntryPoint","urlTemplate":"https:\/\/livekaarten.nl\/?s={search_term_string}"},"query-input":{"@type":"PropertyValueSpecification","valueRequired":true,"valueName":"search_term_string"}}],"inLanguage":"fr-FR"}]}},"_links":{"self":[{"href":"https:\/\/livekaarten.nl\/fr\/wp-json\/wp\/v2\/product\/1892","targetHints":{"allow":["GET"]}}],"collection":[{"href":"https:\/\/livekaarten.nl\/fr\/wp-json\/wp\/v2\/product"}],"about":[{"href":"https:\/\/livekaarten.nl\/fr\/wp-json\/wp\/v2\/types\/product"}],"replies":[{"embeddable":true,"href":"https:\/\/livekaarten.nl\/fr\/wp-json\/wp\/v2\/comments?post=1892"}],"wp:featuredmedia":[{"embeddable":true,"href":"https:\/\/livekaarten.nl\/fr\/wp-json\/wp\/v2\/media\/114658"}],"wp:attachment":[{"href":"https:\/\/livekaarten.nl\/fr\/wp-json\/wp\/v2\/media?parent=1892"}],"wp:term":[{"taxonomy":"product_cat","embeddable":true,"href":"https:\/\/livekaarten.nl\/fr\/wp-json\/wp\/v2\/product_cat?post=1892"},{"taxonomy":"product_tag","embeddable":true,"href":"https:\/\/livekaarten.nl\/fr\/wp-json\/wp\/v2\/product_tag?post=1892"}],"curies":[{"name":"wp","href":"https:\/\/api.w.org\/{rel}","templated":true}]}}