{"id":115525,"date":"2025-06-10T13:16:11","date_gmt":"2025-06-10T11:16:11","guid":{"rendered":"https:\/\/livekaarten.nl\/?post_type=product&#038;p=115525"},"modified":"2026-04-03T12:03:49","modified_gmt":"2026-04-03T10:03:49","slug":"microsoft-visio-2021-standard","status":"publish","type":"product","link":"https:\/\/livekaarten.nl\/fr\/produit\/microsoft-visio-2021-standard\/","title":{"rendered":"Microsoft Visio 2021 Standard pour 3 appareils"},"content":{"rendered":"<p>Microsoft Visio Standard 2021 reste le meilleur outil pour concevoir des diagrammes dans les entreprises, sur la base de normes industrielles communes telles que l'IEEE. En outre, Microsoft a apport\u00e9 des milliers d'am\u00e9liorations d\u00e9taill\u00e9es et introduit de nouvelles fonctionnalit\u00e9s, principalement pour faciliter le travail de projet au sein d'\u00e9quipes plus importantes. Le logiciel s'adresse donc explicitement aux utilisateurs professionnels. Cependant, la facilit\u00e9 d'utilisation famili\u00e8re demeure, principalement gr\u00e2ce aux nombreux mod\u00e8les et \u00e0 l'interface Microsoft Office qui a fait ses preuves. Chaque acheteur re\u00e7oit toujours 2 Go de stockage gratuit sur OneDrive, la solution en nuage de Microsoft.<\/p>\n<p>La cr\u00e9ation de diagrammes dans Microsoft Visio Standard 2021 est possible d\u00e8s le d\u00e9but du programme : des centaines de mod\u00e8les, bas\u00e9s sur une s\u00e9lection de plus de 250 000 formes, s'en chargent. Comme l'application de bureau se met constamment \u00e0 jour, de nouveaux mod\u00e8les sont r\u00e9guli\u00e8rement ajout\u00e9s. Les utilisateurs peuvent ensuite partager les diagrammes r\u00e9alis\u00e9s non seulement sous forme de jeux de donn\u00e9es Microsoft Visio, mais aussi via Internet : Microsoft Visio Standard 2021 prend en charge les vues de diagramme bas\u00e9es sur le web et la sortie PDF pour les utilisateurs qui n'ont pas Microsoft Visio sur leur appareil. Les commentaires ajout\u00e9s au diagramme par d'autres utilisateurs sont imm\u00e9diatement visibles par le cr\u00e9ateur du projet, qui re\u00e7oit un retour d'information.<\/p>\n<p>Sp\u00e9cifique \u00e0 Microsoft Visio Standard 2021 et \u00e0 Microsoft Windows 10 ou 11, Microsoft a \u00e9galement am\u00e9lior\u00e9 la prise en charge de la saisie tactile et des stylets tels que le Microsoft Surface Pen. Les diagrammes peuvent d\u00e9sormais \u00eatre affin\u00e9s \u00e0 l'aide de m\u00e9thodes de saisie naturelles, avec de l'encre virtuelle ou m\u00eame les doigts pour colorier, d\u00e9placer les formes et r\u00e9organiser les diagrammes. Cela facilite \u00e9galement l'utilisation de l'application sur une tablette telle que l'iPad Pro, pour laquelle une application d\u00e9di\u00e9e est disponible dans l'Apple Store officiel. Pour faciliter la collaboration avec d'autres personnes, les fonctions d'annotation ont \u00e9t\u00e9 am\u00e9lior\u00e9es et l'int\u00e9gration de Skype for Business a \u00e9t\u00e9 \u00e9tendue dans l'interface de l'application.<\/p>\n<p>Les nouvelles donn\u00e9es sont import\u00e9es directement depuis des programmes populaires tels qu'Excel dans Microsoft Visio Standard 2021. Cela permet de gagner du temps lors de l'\u00e9dition des diagrammes, car la saisie manuelle est r\u00e9duite. Ensuite, pour rendre ces diagrammes plus vivants et afficher clairement m\u00eame de grandes quantit\u00e9s d'informations, de nombreuses couleurs, formes et graphiques sont disponibles pour attirer l'attention sur les donn\u00e9es qui comptent vraiment pour l'observateur. Le programme prend \u00e9galement en charge l'int\u00e9gration des dessins cr\u00e9\u00e9s dans le c\u00e9l\u00e8bre logiciel AutoCAD. L'\u00e9ventail des fonctions s'en trouve consid\u00e9rablement \u00e9largi, car il est possible de cr\u00e9er des formes complexes.<\/p>\n<p>D\u00e8s que des donn\u00e9es pr\u00e9c\u00e9demment int\u00e9gr\u00e9es dans le diagramme changent, Microsoft Visio Standard 2021 modifie imm\u00e9diatement la vue du projet. Pour ce faire, le programme analyse en permanence les donn\u00e9es int\u00e9gr\u00e9es, quelle que soit leur origine et qu'elles soient disponibles localement ou sur le r\u00e9seau, puis apporte imm\u00e9diatement des modifications au diagramme actuel. Ainsi, toutes les personnes travaillant sur le projet ont toujours une vue d'ensemble et travaillent ensemble sur une seule version du diagramme. L'\u00e9limination des mises \u00e0 jour manuelles simplifie \u00e9galement le flux de travail et permet de gagner beaucoup de temps \u00e0 long terme.<\/p>\n<p>Microsoft a d\u00e9velopp\u00e9 Microsoft Visio Standard 2021 pour \u00eatre compatible avec une seule \u00e9dition de Microsoft Windows 10 ou 11 et Microsoft Windows 10S. Il n'est pas possible d'utiliser le logiciel sur une version plus ancienne de Microsoft Windows. De plus, cette offre est une cl\u00e9 de produit pour un PC de bureau ou un ordinateur portable. Il n'y a pas de frais d'abonnement suppl\u00e9mentaires. Microsoft garantit les mises \u00e0 jour de ce logiciel pendant au moins cinq ans.<\/p>\n<p><strong>Exigences du syst\u00e8me :<\/strong><\/p>\n<ul>\n<li>Microsoft Windows 10 ou 11, Microsoft Windows Server 2019 ou 2021<\/li>\n<li>Processeur double c\u0153ur de 1,6 GHz ou plus rapide<\/li>\n<li>2 Go de RAM (32 bits) ; 4 Go de RAM (64 bits)<\/li>\n<li>4 Go d'espace disque disponible<\/li>\n<li>L'acc\u00e9l\u00e9ration graphique n\u00e9cessite une carte graphique compatible DirectX 9. Avec WDDM 2.0 ou sup\u00e9rieur pour Microsoft Windows 10 (ou WDDM 1.3 pour Microsoft Windows 10 Fall Creators Update).<\/li>\n<\/ul>\n<p><strong>Soutien :<\/strong><\/p>\n<p class=\"translation-block\">Vous avez des questions ? N'h\u00e9sitez pas \u00e0 nous contacter <a href=\"mailto:info@livekaarten.nl\" target=\"_self\" rel=\"noopener\">par e-mail<\/a>. Notre service client\u00e8le est disponible 7 jours sur 7, 24 heures sur 24.<\/p>\n<p>&nbsp;<\/p>","protected":false},"excerpt":{"rendered":"<ul>\n<li>Microsoft Visio 2021 Standard pour 1 PC<\/li>\n<li>Versions disponibles pour les syst\u00e8mes 32 et 64 bits<\/li>\n<li>Envoy\u00e9 par e-mail : code produit, instructions, liens de t\u00e9l\u00e9chargement, facture<\/li>\n<li><strong>Remboursement int\u00e9gral sous 30 jours - Garantie de remplacement \u00e0 vie !<\/strong><\/li>\n<li>T\u00e9l\u00e9charger imm\u00e9diatement !<\/li>\n<li>Pas de limite de temps, pas d'abonnement<\/li>\n<li>Assistance gratuite \u00e0 l'installation et \u00e0 l'activation<\/li>\n<li>Pas de livraison sur support physique (USB, CD, etc.)<\/li>\n<li>Activation en ligne et par t\u00e9l\u00e9phone<\/li>\n<li><span style=\"color: #339966;\"><strong>Ce produit est compatible avec Windows.<\/strong><\/span><\/li>\n<li><span style=\"color: #ff0000;\"><strong>NON compatible avec Apple macOS\u2122\ufe0f, les appareils Android ou les Chromebooks.<\/strong><\/span><\/li>\n<\/ul>","protected":false},"featured_media":100000114599,"comment_status":"closed","ping_status":"closed","template":"","meta":[],"product_cat":[75],"product_tag":[],"class_list":{"0":"post-115525","1":"product","2":"type-product","3":"status-publish","4":"has-post-thumbnail","6":"product_cat-microsoft-office","8":"first","9":"instock","10":"sale","11":"virtual","12":"taxable","13":"purchasable","14":"product-type-simple"},"yoast_head":"<!-- This site is optimized with the Yoast SEO plugin v27.3 - https:\/\/yoast.com\/product\/yoast-seo-wordpress\/ -->\n<title>Microsoft Visio 2021 Standard voor 3 apparaten | livekaarten.nl<\/title>\n<meta name=\"robots\" content=\"index, follow, max-snippet:-1, max-image-preview:large, max-video-preview:-1\" \/>\n<link rel=\"canonical\" href=\"https:\/\/livekaarten.nl\/fr\/produit\/microsoft-visio-2021-standard\/\" \/>\n<meta property=\"og:locale\" content=\"fr_FR\" \/>\n<meta property=\"og:type\" content=\"article\" \/>\n<meta property=\"og:title\" content=\"Microsoft Visio 2021 Standard voor 3 apparaten | livekaarten.nl\" \/>\n<meta property=\"og:description\" content=\"Microsoft Visio 2021 Standard voor 1 pc  Versies beschikbaar voor 32- en 64-bits systemen  Verzonden per e-mail: productcode, instructies, downloadlinks, factuur  30 dagen volledige restitutie \u2013 Levenslange vervangingsgarantie!!!  Direct downloaden!  Geen tijdslimiet, geen abonnement  Gratis ondersteuning bij installatie en activering  Geen levering op fysieke media (USB, CD, enz.)  Activering online en telefonisch  Dit product is compatibel met Windows.  NIET compatibel met Apple macOS\u2122\ufe0f, Android-apparaten of Chromebooks.\" \/>\n<meta property=\"og:url\" content=\"https:\/\/livekaarten.nl\/fr\/produit\/microsoft-visio-2021-standard\/\" \/>\n<meta property=\"og:site_name\" content=\"livekaarten.nl\" \/>\n<meta property=\"article:modified_time\" content=\"2026-04-03T10:03:49+00:00\" \/>\n<meta name=\"twitter:card\" content=\"summary_large_image\" \/>\n<meta name=\"twitter:label1\" content=\"Dur\u00e9e de lecture estim\u00e9e\" \/>\n\t<meta name=\"twitter:data1\" content=\"4 minutes\" \/>\n<script type=\"application\/ld+json\" class=\"yoast-schema-graph\">{\"@context\":\"https:\\\/\\\/schema.org\",\"@graph\":[{\"@type\":\"WebPage\",\"@id\":\"https:\\\/\\\/livekaarten.nl\\\/product\\\/microsoft-visio-2021-standard\\\/\",\"url\":\"https:\\\/\\\/livekaarten.nl\\\/product\\\/microsoft-visio-2021-standard\\\/\",\"name\":\"Microsoft Visio 2021 Standard voor 3 apparaten | livekaarten.nl\",\"isPartOf\":{\"@id\":\"https:\\\/\\\/livekaarten.nl\\\/#website\"},\"primaryImageOfPage\":{\"@id\":\"https:\\\/\\\/livekaarten.nl\\\/product\\\/microsoft-visio-2021-standard\\\/#primaryimage\"},\"image\":{\"@id\":\"https:\\\/\\\/livekaarten.nl\\\/product\\\/microsoft-visio-2021-standard\\\/#primaryimage\"},\"thumbnailUrl\":\"https:\\\/\\\/livekaarten.nl\\\/wp-content\\\/uploads\\\/2025\\\/04\\\/V21S.jpg\",\"datePublished\":\"2025-06-10T11:16:11+00:00\",\"dateModified\":\"2026-04-03T10:03:49+00:00\",\"breadcrumb\":{\"@id\":\"https:\\\/\\\/livekaarten.nl\\\/product\\\/microsoft-visio-2021-standard\\\/#breadcrumb\"},\"inLanguage\":\"fr-FR\",\"potentialAction\":[{\"@type\":\"ReadAction\",\"target\":[\"https:\\\/\\\/livekaarten.nl\\\/product\\\/microsoft-visio-2021-standard\\\/\"]}]},{\"@type\":\"ImageObject\",\"inLanguage\":\"fr-FR\",\"@id\":\"https:\\\/\\\/livekaarten.nl\\\/product\\\/microsoft-visio-2021-standard\\\/#primaryimage\",\"url\":\"https:\\\/\\\/livekaarten.nl\\\/wp-content\\\/uploads\\\/2025\\\/04\\\/V21S.jpg\",\"contentUrl\":\"https:\\\/\\\/livekaarten.nl\\\/wp-content\\\/uploads\\\/2025\\\/04\\\/V21S.jpg\"},{\"@type\":\"BreadcrumbList\",\"@id\":\"https:\\\/\\\/livekaarten.nl\\\/product\\\/microsoft-visio-2021-standard\\\/#breadcrumb\",\"itemListElement\":[{\"@type\":\"ListItem\",\"position\":1,\"name\":\"Home\",\"item\":\"https:\\\/\\\/livekaarten.nl\\\/\"},{\"@type\":\"ListItem\",\"position\":2,\"name\":\"Winkel\",\"item\":\"https:\\\/\\\/livekaarten.nl\\\/shop\\\/\"},{\"@type\":\"ListItem\",\"position\":3,\"name\":\"Microsoft Visio 2021 Standard voor 3 apparaten\"}]},{\"@type\":\"WebSite\",\"@id\":\"https:\\\/\\\/livekaarten.nl\\\/#website\",\"url\":\"https:\\\/\\\/livekaarten.nl\\\/\",\"name\":\"Livekaarten.nl\",\"description\":\"Koop uw kantoor\",\"potentialAction\":[{\"@type\":\"SearchAction\",\"target\":{\"@type\":\"EntryPoint\",\"urlTemplate\":\"https:\\\/\\\/livekaarten.nl\\\/?s={search_term_string}\"},\"query-input\":{\"@type\":\"PropertyValueSpecification\",\"valueRequired\":true,\"valueName\":\"search_term_string\"}}],\"inLanguage\":\"fr-FR\"}]}<\/script>\n<!-- \/ Yoast SEO plugin. -->","yoast_head_json":{"title":"Microsoft Visio 2021 Standard voor 3 apparaten | livekaarten.nl","robots":{"index":"index","follow":"follow","max-snippet":"max-snippet:-1","max-image-preview":"max-image-preview:large","max-video-preview":"max-video-preview:-1"},"canonical":"https:\/\/livekaarten.nl\/fr\/produit\/microsoft-visio-2021-standard\/","og_locale":"fr_FR","og_type":"article","og_title":"Microsoft Visio 2021 Standard voor 3 apparaten | livekaarten.nl","og_description":"Microsoft Visio 2021 Standard voor 1 pc  Versies beschikbaar voor 32- en 64-bits systemen  Verzonden per e-mail: productcode, instructies, downloadlinks, factuur  30 dagen volledige restitutie \u2013 Levenslange vervangingsgarantie!!!  Direct downloaden!  Geen tijdslimiet, geen abonnement  Gratis ondersteuning bij installatie en activering  Geen levering op fysieke media (USB, CD, enz.)  Activering online en telefonisch  Dit product is compatibel met Windows.  NIET compatibel met Apple macOS\u2122\ufe0f, Android-apparaten of Chromebooks.","og_url":"https:\/\/livekaarten.nl\/fr\/produit\/microsoft-visio-2021-standard\/","og_site_name":"livekaarten.nl","article_modified_time":"2026-04-03T10:03:49+00:00","twitter_card":"summary_large_image","twitter_misc":{"Dur\u00e9e de lecture estim\u00e9e":"4 minutes"},"schema":{"@context":"https:\/\/schema.org","@graph":[{"@type":"WebPage","@id":"https:\/\/livekaarten.nl\/product\/microsoft-visio-2021-standard\/","url":"https:\/\/livekaarten.nl\/product\/microsoft-visio-2021-standard\/","name":"Microsoft Visio 2021 Standard voor 3 apparaten | livekaarten.nl","isPartOf":{"@id":"https:\/\/livekaarten.nl\/#website"},"primaryImageOfPage":{"@id":"https:\/\/livekaarten.nl\/product\/microsoft-visio-2021-standard\/#primaryimage"},"image":{"@id":"https:\/\/livekaarten.nl\/product\/microsoft-visio-2021-standard\/#primaryimage"},"thumbnailUrl":"https:\/\/livekaarten.nl\/wp-content\/uploads\/2025\/04\/V21S.jpg","datePublished":"2025-06-10T11:16:11+00:00","dateModified":"2026-04-03T10:03:49+00:00","breadcrumb":{"@id":"https:\/\/livekaarten.nl\/product\/microsoft-visio-2021-standard\/#breadcrumb"},"inLanguage":"fr-FR","potentialAction":[{"@type":"ReadAction","target":["https:\/\/livekaarten.nl\/product\/microsoft-visio-2021-standard\/"]}]},{"@type":"ImageObject","inLanguage":"fr-FR","@id":"https:\/\/livekaarten.nl\/product\/microsoft-visio-2021-standard\/#primaryimage","url":"https:\/\/livekaarten.nl\/wp-content\/uploads\/2025\/04\/V21S.jpg","contentUrl":"https:\/\/livekaarten.nl\/wp-content\/uploads\/2025\/04\/V21S.jpg"},{"@type":"BreadcrumbList","@id":"https:\/\/livekaarten.nl\/product\/microsoft-visio-2021-standard\/#breadcrumb","itemListElement":[{"@type":"ListItem","position":1,"name":"Home","item":"https:\/\/livekaarten.nl\/"},{"@type":"ListItem","position":2,"name":"Winkel","item":"https:\/\/livekaarten.nl\/shop\/"},{"@type":"ListItem","position":3,"name":"Microsoft Visio 2021 Standard voor 3 apparaten"}]},{"@type":"WebSite","@id":"https:\/\/livekaarten.nl\/#website","url":"https:\/\/livekaarten.nl\/","name":"Livecards.co.uk","description":"Acheter votre bureau","potentialAction":[{"@type":"SearchAction","target":{"@type":"EntryPoint","urlTemplate":"https:\/\/livekaarten.nl\/?s={search_term_string}"},"query-input":{"@type":"PropertyValueSpecification","valueRequired":true,"valueName":"search_term_string"}}],"inLanguage":"fr-FR"}]}},"_links":{"self":[{"href":"https:\/\/livekaarten.nl\/fr\/wp-json\/wp\/v2\/product\/115525","targetHints":{"allow":["GET"]}}],"collection":[{"href":"https:\/\/livekaarten.nl\/fr\/wp-json\/wp\/v2\/product"}],"about":[{"href":"https:\/\/livekaarten.nl\/fr\/wp-json\/wp\/v2\/types\/product"}],"replies":[{"embeddable":true,"href":"https:\/\/livekaarten.nl\/fr\/wp-json\/wp\/v2\/comments?post=115525"}],"wp:featuredmedia":[{"embeddable":true,"href":"https:\/\/livekaarten.nl\/fr\/wp-json\/"}],"wp:attachment":[{"href":"https:\/\/livekaarten.nl\/fr\/wp-json\/wp\/v2\/media?parent=115525"}],"wp:term":[{"taxonomy":"product_cat","embeddable":true,"href":"https:\/\/livekaarten.nl\/fr\/wp-json\/wp\/v2\/product_cat?post=115525"},{"taxonomy":"product_tag","embeddable":true,"href":"https:\/\/livekaarten.nl\/fr\/wp-json\/wp\/v2\/product_tag?post=115525"}],"curies":[{"name":"wp","href":"https:\/\/api.w.org\/{rel}","templated":true}]}}