{"id":115524,"date":"2025-06-10T13:16:10","date_gmt":"2025-06-10T11:16:10","guid":{"rendered":"https:\/\/livekaarten.nl\/?post_type=product&#038;p=115524"},"modified":"2026-04-03T12:03:49","modified_gmt":"2026-04-03T10:03:49","slug":"microsoft-project-2021-professional","status":"publish","type":"product","link":"https:\/\/livekaarten.nl\/fr\/produit\/microsoft-project-2021-professional\/","title":{"rendered":"Microsoft Project 2021 Professional pour 3 appareils"},"content":{"rendered":"<p>Collaborez avec d'autres personnes pour lancer et mettre en \u0153uvre des projets r\u00e9ussis en un rien de temps. Inclut toutes les fonctionnalit\u00e9s de Microsoft Project Standard, plus des solutions pour la collaboration, la gestion des ressources, la synchronisation des t\u00e2ches SharePoint, le partage des feuilles de temps et bien plus encore. Microsoft Project Professional 2021 offre des fonctionnalit\u00e9s flexibles qui vous permettent de planifier des projets, de suivre leur \u00e9tat d'avancement et de collaborer avec d'autres personnes pratiquement n'importe o\u00f9. L'application offre une communication en temps r\u00e9el et une messagerie instantan\u00e9e, directement dans votre plan de projet via Skype for Business, et consolide toutes les ressources potentielles du projet en une seule vue.<\/p>\n<p>Restez organis\u00e9 et gardez tout sous contr\u00f4le. Qu'il s'agisse d'un petit projet ou d'une grande campagne, Microsoft Project peut vous aider \u00e0 relever tous les d\u00e9fis. Vous n'\u00eates pas chef de projet ? Pas de probl\u00e8me, avec cette application puissante et pratique, presque tout le monde peut g\u00e9rer des projets avec succ\u00e8s.<\/p>\n<p>Lancez des projets rapidement et mettez-les en \u0153uvre facilement.<\/p>\n<p>Appuyez-vous sur un outil de gestion de projet puissant pour mettre en place et g\u00e9rer de nouveaux projets rapidement et facilement.<\/p>\n<p>G\u00e9rez vos projets sans stress.<\/p>\n<p>Ma\u00eetrisez facilement les projets les plus complexes gr\u00e2ce \u00e0 des outils et des m\u00e9thodes adapt\u00e9s \u00e0 vos besoins.<\/p>\n<p>Collaborez facilement en \u00e9quipe, pratiquement partout.<\/p>\n<p>Collaborez \u00e0 des projets, m\u00eame sur de longues distances. Comme tous les membres de l'\u00e9quipe travaillent sur la m\u00eame version en m\u00eame temps, vous \u00eates encore plus productif.<\/p>\n<p>Planifiez facilement vos projets<\/p>\n<p>Gardez vos projets sur la bonne voie en planifiant dynamiquement l'effort, la dur\u00e9e et le d\u00e9ploiement des membres de l'\u00e9quipe.<\/p>\n<p>Business Intelligence - obtenez rapidement de meilleures informations et de meilleurs r\u00e9sultats<\/p>\n<p>Cr\u00e9ez des tableaux de bord interactifs avec Power BI pour afficher l'\u00e9tat g\u00e9n\u00e9ral et examiner les projets et les programmes en d\u00e9tail.<\/p>\n<p>Penser et agir de mani\u00e8re plus innovante<\/p>\n<p>D\u00e9veloppez des solutions personnalis\u00e9es pour les ordinateurs de bureau ou les appareils mobiles et automatisez les flux de travail en quelques \u00e9tapes seulement. Utilisez une plateforme flexible et s\u00e9curis\u00e9e sur Azure, un nuage commercial mondialement reconnu.<\/p>\n<p><strong>Exigences du syst\u00e8me :<\/strong><\/p>\n<ul>\n<li>Processeur double c\u0153ur de 1,6 GHz<\/li>\n<li>Syst\u00e8me d'exploitation Microsoft Windows 10 ou 11 pour PC<\/li>\n<li>2 Go (32 bits), 4 Go (64 bits) de RAM<\/li>\n<li>4 Go d'espace libre sur le disque dur<\/li>\n<li>L'acc\u00e9l\u00e9ration graphique n\u00e9cessite une carte graphique compatible DirectX 10.<\/li>\n<\/ul>\n<p><strong>Soutien :<\/strong><\/p>\n<p class=\"translation-block\">Vous avez des questions ? N'h\u00e9sitez pas \u00e0 nous contacter <a href=\"mailto:info@livekaarten.nl\" target=\"_self\" rel=\"noopener\">par e-mail<\/a>. Notre service client\u00e8le est disponible 7 jours sur 7, 24 heures sur 24.<\/p>\n<div id=\"gtx-trans\">\n<div class=\"gtx-trans-icoon\"><\/div>\n<\/div>","protected":false},"excerpt":{"rendered":"<ul>\n<li>Licence Microsoft Project 2021 Professional pour 1 PC<\/li>\n<li>Versions disponibles pour les syst\u00e8mes 32 et 64 bits<\/li>\n<li>Envoy\u00e9 par e-mail : code produit, instructions, liens de t\u00e9l\u00e9chargement, facture<\/li>\n<li><strong>Remboursement int\u00e9gral sous 30 jours - Garantie de remplacement \u00e0 vie !<\/strong><\/li>\n<li>T\u00e9l\u00e9charger imm\u00e9diatement !<\/li>\n<li>Pas de limite de temps, pas d'abonnement n\u00e9cessaire<\/li>\n<li>Assistance gratuite \u00e0 l'installation et \u00e0 l'activation<\/li>\n<li>Pas de livraison sur support physique (USB, CD, etc.)<\/li>\n<li>Activation en ligne et par t\u00e9l\u00e9phone<\/li>\n<li><span style=\"color: #339966;\"><strong>Ce produit est compatible avec Microsoft Windows.<\/strong><\/span><\/li>\n<li><span style=\"color: #ff0000;\"><strong>NON compatible avec Apple macOS\u2122, les appareils Android ou les Chromebooks.<\/strong><\/span><\/li>\n<\/ul>","protected":false},"featured_media":100000114597,"comment_status":"closed","ping_status":"closed","template":"","meta":[],"product_cat":[75],"product_tag":[],"class_list":{"0":"post-115524","1":"product","2":"type-product","3":"status-publish","4":"has-post-thumbnail","6":"product_cat-microsoft-office","8":"first","9":"instock","10":"sale","11":"virtual","12":"taxable","13":"purchasable","14":"product-type-simple"},"yoast_head":"<!-- This site is optimized with the Yoast SEO plugin v27.3 - https:\/\/yoast.com\/product\/yoast-seo-wordpress\/ -->\n<title>Microsoft Project 2021 Professional voor 3 apparaten | livekaarten.nl<\/title>\n<meta name=\"robots\" content=\"index, follow, max-snippet:-1, max-image-preview:large, max-video-preview:-1\" \/>\n<link rel=\"canonical\" href=\"https:\/\/livekaarten.nl\/fr\/produit\/microsoft-project-2021-professional\/\" \/>\n<meta property=\"og:locale\" content=\"fr_FR\" \/>\n<meta property=\"og:type\" content=\"article\" \/>\n<meta property=\"og:title\" content=\"Microsoft Project 2021 Professional voor 3 apparaten | livekaarten.nl\" \/>\n<meta property=\"og:description\" content=\"Microsoft Project 2021 Professional-licentie voor 1 pc  Versies beschikbaar voor 32- en 64-bits systemen  Verzonden per e-mail: productcode, instructies, downloadlinks, factuur  30 dagen volledige restitutie \u2013 Levenslange vervangingsgarantie!!!  Direct downloaden!  Geen tijdslimiet, geen abonnement vereist  Gratis ondersteuning bij installatie en activering  Geen levering op fysieke media (USB, cd, enz.)  Activering online en telefonisch  Dit product is compatibel met Microsoft Windows.  NIET compatibel met Apple macOS\u2122, Android-apparaten of Chromebooks.\" \/>\n<meta property=\"og:url\" content=\"https:\/\/livekaarten.nl\/fr\/produit\/microsoft-project-2021-professional\/\" \/>\n<meta property=\"og:site_name\" content=\"livekaarten.nl\" \/>\n<meta property=\"article:modified_time\" content=\"2026-04-03T10:03:49+00:00\" \/>\n<meta name=\"twitter:card\" content=\"summary_large_image\" \/>\n<meta name=\"twitter:label1\" content=\"Dur\u00e9e de lecture estim\u00e9e\" \/>\n\t<meta name=\"twitter:data1\" content=\"2 minutes\" \/>\n<script type=\"application\/ld+json\" class=\"yoast-schema-graph\">{\"@context\":\"https:\\\/\\\/schema.org\",\"@graph\":[{\"@type\":\"WebPage\",\"@id\":\"https:\\\/\\\/livekaarten.nl\\\/product\\\/microsoft-project-2021-professional\\\/\",\"url\":\"https:\\\/\\\/livekaarten.nl\\\/product\\\/microsoft-project-2021-professional\\\/\",\"name\":\"Microsoft Project 2021 Professional voor 3 apparaten | livekaarten.nl\",\"isPartOf\":{\"@id\":\"https:\\\/\\\/livekaarten.nl\\\/#website\"},\"primaryImageOfPage\":{\"@id\":\"https:\\\/\\\/livekaarten.nl\\\/product\\\/microsoft-project-2021-professional\\\/#primaryimage\"},\"image\":{\"@id\":\"https:\\\/\\\/livekaarten.nl\\\/product\\\/microsoft-project-2021-professional\\\/#primaryimage\"},\"thumbnailUrl\":\"https:\\\/\\\/livekaarten.nl\\\/wp-content\\\/uploads\\\/2025\\\/04\\\/P21P.jpg\",\"datePublished\":\"2025-06-10T11:16:10+00:00\",\"dateModified\":\"2026-04-03T10:03:49+00:00\",\"breadcrumb\":{\"@id\":\"https:\\\/\\\/livekaarten.nl\\\/product\\\/microsoft-project-2021-professional\\\/#breadcrumb\"},\"inLanguage\":\"fr-FR\",\"potentialAction\":[{\"@type\":\"ReadAction\",\"target\":[\"https:\\\/\\\/livekaarten.nl\\\/product\\\/microsoft-project-2021-professional\\\/\"]}]},{\"@type\":\"ImageObject\",\"inLanguage\":\"fr-FR\",\"@id\":\"https:\\\/\\\/livekaarten.nl\\\/product\\\/microsoft-project-2021-professional\\\/#primaryimage\",\"url\":\"https:\\\/\\\/livekaarten.nl\\\/wp-content\\\/uploads\\\/2025\\\/04\\\/P21P.jpg\",\"contentUrl\":\"https:\\\/\\\/livekaarten.nl\\\/wp-content\\\/uploads\\\/2025\\\/04\\\/P21P.jpg\"},{\"@type\":\"BreadcrumbList\",\"@id\":\"https:\\\/\\\/livekaarten.nl\\\/product\\\/microsoft-project-2021-professional\\\/#breadcrumb\",\"itemListElement\":[{\"@type\":\"ListItem\",\"position\":1,\"name\":\"Home\",\"item\":\"https:\\\/\\\/livekaarten.nl\\\/\"},{\"@type\":\"ListItem\",\"position\":2,\"name\":\"Winkel\",\"item\":\"https:\\\/\\\/livekaarten.nl\\\/shop\\\/\"},{\"@type\":\"ListItem\",\"position\":3,\"name\":\"Microsoft Project 2021 Professional voor 3 apparaten\"}]},{\"@type\":\"WebSite\",\"@id\":\"https:\\\/\\\/livekaarten.nl\\\/#website\",\"url\":\"https:\\\/\\\/livekaarten.nl\\\/\",\"name\":\"Livekaarten.nl\",\"description\":\"Koop uw kantoor\",\"potentialAction\":[{\"@type\":\"SearchAction\",\"target\":{\"@type\":\"EntryPoint\",\"urlTemplate\":\"https:\\\/\\\/livekaarten.nl\\\/?s={search_term_string}\"},\"query-input\":{\"@type\":\"PropertyValueSpecification\",\"valueRequired\":true,\"valueName\":\"search_term_string\"}}],\"inLanguage\":\"fr-FR\"}]}<\/script>\n<!-- \/ Yoast SEO plugin. -->","yoast_head_json":{"title":"Microsoft Project 2021 Professional voor 3 apparaten | livekaarten.nl","robots":{"index":"index","follow":"follow","max-snippet":"max-snippet:-1","max-image-preview":"max-image-preview:large","max-video-preview":"max-video-preview:-1"},"canonical":"https:\/\/livekaarten.nl\/fr\/produit\/microsoft-project-2021-professional\/","og_locale":"fr_FR","og_type":"article","og_title":"Microsoft Project 2021 Professional voor 3 apparaten | livekaarten.nl","og_description":"Microsoft Project 2021 Professional-licentie voor 1 pc  Versies beschikbaar voor 32- en 64-bits systemen  Verzonden per e-mail: productcode, instructies, downloadlinks, factuur  30 dagen volledige restitutie \u2013 Levenslange vervangingsgarantie!!!  Direct downloaden!  Geen tijdslimiet, geen abonnement vereist  Gratis ondersteuning bij installatie en activering  Geen levering op fysieke media (USB, cd, enz.)  Activering online en telefonisch  Dit product is compatibel met Microsoft Windows.  NIET compatibel met Apple macOS\u2122, Android-apparaten of Chromebooks.","og_url":"https:\/\/livekaarten.nl\/fr\/produit\/microsoft-project-2021-professional\/","og_site_name":"livekaarten.nl","article_modified_time":"2026-04-03T10:03:49+00:00","twitter_card":"summary_large_image","twitter_misc":{"Dur\u00e9e de lecture estim\u00e9e":"2 minutes"},"schema":{"@context":"https:\/\/schema.org","@graph":[{"@type":"WebPage","@id":"https:\/\/livekaarten.nl\/product\/microsoft-project-2021-professional\/","url":"https:\/\/livekaarten.nl\/product\/microsoft-project-2021-professional\/","name":"Microsoft Project 2021 Professional voor 3 apparaten | livekaarten.nl","isPartOf":{"@id":"https:\/\/livekaarten.nl\/#website"},"primaryImageOfPage":{"@id":"https:\/\/livekaarten.nl\/product\/microsoft-project-2021-professional\/#primaryimage"},"image":{"@id":"https:\/\/livekaarten.nl\/product\/microsoft-project-2021-professional\/#primaryimage"},"thumbnailUrl":"https:\/\/livekaarten.nl\/wp-content\/uploads\/2025\/04\/P21P.jpg","datePublished":"2025-06-10T11:16:10+00:00","dateModified":"2026-04-03T10:03:49+00:00","breadcrumb":{"@id":"https:\/\/livekaarten.nl\/product\/microsoft-project-2021-professional\/#breadcrumb"},"inLanguage":"fr-FR","potentialAction":[{"@type":"ReadAction","target":["https:\/\/livekaarten.nl\/product\/microsoft-project-2021-professional\/"]}]},{"@type":"ImageObject","inLanguage":"fr-FR","@id":"https:\/\/livekaarten.nl\/product\/microsoft-project-2021-professional\/#primaryimage","url":"https:\/\/livekaarten.nl\/wp-content\/uploads\/2025\/04\/P21P.jpg","contentUrl":"https:\/\/livekaarten.nl\/wp-content\/uploads\/2025\/04\/P21P.jpg"},{"@type":"BreadcrumbList","@id":"https:\/\/livekaarten.nl\/product\/microsoft-project-2021-professional\/#breadcrumb","itemListElement":[{"@type":"ListItem","position":1,"name":"Home","item":"https:\/\/livekaarten.nl\/"},{"@type":"ListItem","position":2,"name":"Winkel","item":"https:\/\/livekaarten.nl\/shop\/"},{"@type":"ListItem","position":3,"name":"Microsoft Project 2021 Professional voor 3 apparaten"}]},{"@type":"WebSite","@id":"https:\/\/livekaarten.nl\/#website","url":"https:\/\/livekaarten.nl\/","name":"Livecards.co.uk","description":"Acheter votre bureau","potentialAction":[{"@type":"SearchAction","target":{"@type":"EntryPoint","urlTemplate":"https:\/\/livekaarten.nl\/?s={search_term_string}"},"query-input":{"@type":"PropertyValueSpecification","valueRequired":true,"valueName":"search_term_string"}}],"inLanguage":"fr-FR"}]}},"_links":{"self":[{"href":"https:\/\/livekaarten.nl\/fr\/wp-json\/wp\/v2\/product\/115524","targetHints":{"allow":["GET"]}}],"collection":[{"href":"https:\/\/livekaarten.nl\/fr\/wp-json\/wp\/v2\/product"}],"about":[{"href":"https:\/\/livekaarten.nl\/fr\/wp-json\/wp\/v2\/types\/product"}],"replies":[{"embeddable":true,"href":"https:\/\/livekaarten.nl\/fr\/wp-json\/wp\/v2\/comments?post=115524"}],"wp:featuredmedia":[{"embeddable":true,"href":"https:\/\/livekaarten.nl\/fr\/wp-json\/"}],"wp:attachment":[{"href":"https:\/\/livekaarten.nl\/fr\/wp-json\/wp\/v2\/media?parent=115524"}],"wp:term":[{"taxonomy":"product_cat","embeddable":true,"href":"https:\/\/livekaarten.nl\/fr\/wp-json\/wp\/v2\/product_cat?post=115524"},{"taxonomy":"product_tag","embeddable":true,"href":"https:\/\/livekaarten.nl\/fr\/wp-json\/wp\/v2\/product_tag?post=115524"}],"curies":[{"name":"wp","href":"https:\/\/api.w.org\/{rel}","templated":true}]}}