{"id":114187,"date":"2024-12-01T07:42:54","date_gmt":"2024-12-01T05:42:54","guid":{"rendered":"https:\/\/gamecardshop.com\/livecards\/?post_type=product&#038;p=114187"},"modified":"2026-04-20T12:52:50","modified_gmt":"2026-04-20T10:52:50","slug":"microsoft-windows-11-pro-microsoft-project-2024-pro-microsoft-office-2024-pro-plus-microsoft-visio-2024-pro-premium-licentie-voor-3-apparaten","status":"publish","type":"product","link":"https:\/\/livekaarten.nl\/fr\/produit\/microsoft-windows-11-pro-microsoft-project-2024-pro-microsoft-office-2024-pro-plus-microsoft-visio-2024-pro-premium-licentie-voor-3-apparaten\/","title":{"rendered":"Microsoft Windows 11 Professional + Microsoft Project 2024 Professional + Microsoft Office 2024 Professional Plus + Microsoft Visio 2024 Professional Premium licence pour 3 appareils"},"content":{"rendered":"<div class=\"product-content\">\n<h2>Microsoft Windows 11 Professionnel<\/h2>\n<h3>Exigences du syst\u00e8me<\/h3>\n<ul>\n<li><strong>Processeur :<\/strong> 1 gigahertz (Ghz) de plus avec 2 c\u0153urs ou plus sur un processeur 64 bits ou une puce du syst\u00e8me (SoC) compatible.<\/li>\n<li><strong>RAM :<\/strong> 4 gigaoctets (Go).<\/li>\n<li><strong>Stockage :<\/strong> 64 Go de stockage plus important. Remarque : Voir ci-dessous la section \u201c\u00a0En savoir plus sur l\u2019espace de stockage pour maintenir Windows\u00a011 \u00e0 jour\u00a0\u201d pour plus d\u2019informations.<\/li>\n<li><strong>Micrologiciel du syst\u00e8me :<\/strong> UEFI, compatible avec le d\u00e9marrage s\u00e9curis\u00e9.<\/li>\n<li><strong>TPM :<\/strong> Module de plateforme s\u00e9curis\u00e9e (TPM) version 2.0.<\/li>\n<li><strong>Carte graphique :<\/strong> Compatible avec DirectX 12 ou sup\u00e9rieur avec le pilote WDDM 2.0.<\/li>\n<li><strong>Affichage :<\/strong> \u00c9cran \u00e0 haute d\u00e9finition (720p) d'une diagonale sup\u00e9rieure \u00e0 9 pouces, 8 bits par canal de couleur.<\/li>\n<li><strong>Connexion Internet et compte Microsoft :<\/strong> Microsoft Windows 11 requiert une connexion Internet et un compte Microsoft pour terminer la configuration de l'appareil lors de la premi\u00e8re utilisation. Pour quitter le mode S de Microsoft Windows 11 Famille, une connexion Internet est \u00e9galement n\u00e9cessaire. Toutes les \u00e9ditions de Microsoft Windows 11 n\u00e9cessitent un acc\u00e8s \u00e0 Internet pour les mises \u00e0 jour, ainsi que pour t\u00e9l\u00e9charger et utiliser certaines fonctionnalit\u00e9s. Un compte Microsoft est requis pour certaines fonctionnalit\u00e9s.<\/li>\n<\/ul>\n<p>Au fil du temps, il peut y avoir des exigences suppl\u00e9mentaires pour les mises \u00e0 jour et des exigences pour activer des fonctionnalit\u00e9s sp\u00e9cifiques dans le syst\u00e8me d'exploitation.<\/p>\n<hr \/>\n<h3>Exigences suppl\u00e9mentaires pour les fonctionnalit\u00e9s importantes<\/h3>\n<p>Certaines fonctionnalit\u00e9s de Microsoft Windows 11 ont des exigences plus \u00e9lev\u00e9es que celles \u00e9num\u00e9r\u00e9es ci-dessus dans la section des exigences minimales. Vous trouverez ci-dessous plus d'informations sur la configuration requise pour les fonctionnalit\u00e9s cl\u00e9s :<\/p>\n<ul>\n<li>La prise en charge de la 5G n\u00e9cessite un modem compatible avec la 5G.<\/li>\n<li>La fonction Auto HDR n\u00e9cessite un moniteur HDR.<\/li>\n<li>BitLocker to Go n\u00e9cessite une cl\u00e9 USB (disponible dans les \u00e9ditions Windows Pro et sup\u00e9rieures).<\/li>\n<li>Le client Hyper-V n\u00e9cessite un processeur dot\u00e9 de capacit\u00e9s SLAT (traduction d'adresse de second niveau) (disponible dans les \u00e9ditions Windows Pro et sup\u00e9rieures).<\/li>\n<li>Cortana n\u00e9cessite un microphone et un haut-parleur et est actuellement disponible dans Windows 11 pour l'Australie, le Br\u00e9sil, le Canada, la Chine, la France, l'Allemagne, l'Inde, l'Italie, le Japon, le Mexique, l'Espagne, le Royaume-Uni et les \u00c9tats-Unis.<\/li>\n<li>DirectStorage requiert un SSD NVMe pour le stockage et l'ex\u00e9cution de jeux utilisant le pilote \u201cStandard NVM Express Controller\u201d et un GPU DirectX 12 prenant en charge le mod\u00e8le de nuances 6.0.<\/li>\n<li>DirectX 12 Ultimate est disponible avec les jeux et les puces graphiques pris en charge.<\/li>\n<li>La pr\u00e9sence requiert un capteur capable de d\u00e9tecter la distance d'une personne par rapport \u00e0 l'appareil ou son intention d'interagir avec celui-ci.<\/li>\n<li>La vid\u00e9oconf\u00e9rence intelligente n\u00e9cessite une cam\u00e9ra vid\u00e9o, un microphone et un haut-parleur (sortie audio).<\/li>\n<li>L'assistant vocal multiple (MVA) n\u00e9cessite un microphone et un haut-parleur.<\/li>\n<li>Les mises en page avec trois colonnes n\u00e9cessitent un \u00e9cran d'une largeur effective de 1920 pixels ou plus.<\/li>\n<li>Mute\/Unmute vanuit taakbalk vereist videocamera, microfoon en luidspreker (audio-uitgang). App moet compatibel zijn met de functie om globale mute\/unmute in te schakelen.<\/li>\n<li>Le Spatial Sound n\u00e9cessite du mat\u00e9riel et des logiciels.<\/li>\n<li>Les \u00e9quipes ont besoin d'une cam\u00e9ra vid\u00e9o, d'un microphone et d'un haut-parleur (sortie audio).<\/li>\n<li>Le tactile n\u00e9cessite un \u00e9cran ou un moniteur qui supporte le multi-touch.<\/li>\n<li>L'authentification \u00e0 deux facteurs n\u00e9cessite l'utilisation d'un code PIN, de donn\u00e9es biom\u00e9triques (lecteur d'empreintes digitales ou cam\u00e9ra infrarouge \u00e9clair\u00e9e) ou d'un t\u00e9l\u00e9phone dot\u00e9 de capacit\u00e9s Wi-Fi ou Bluetooth.<\/li>\n<li>La saisie vocale n\u00e9cessite un PC \u00e9quip\u00e9 d'un microphone.<\/li>\n<li>Le r\u00e9veil vocal n\u00e9cessite un mod\u00e8le d'alimentation en veille moderne et un microphone.<\/li>\n<li>Wi-Fi 6E n\u00e9cessite un nouveau mat\u00e9riel et pilote WLAN IHV et un AP\/routeur compatible Wi-Fi 6E.<\/li>\n<li>Windows Hello n\u00e9cessite une cam\u00e9ra configur\u00e9e pour l'imagerie proche infrarouge (IR) ou un lecteur d'empreintes digitales pour l'authentification biom\u00e9trique. Les appareils d\u00e9pourvus de capteurs biom\u00e9triques peuvent utiliser Windows Hello avec un code PIN ou une cl\u00e9 de s\u00e9curit\u00e9 portable compatible avec Microsoft.<\/li>\n<li>Windows Projection n\u00e9cessite un adaptateur d'affichage prenant en charge le mod\u00e8le de pilote d'affichage Windows (WDDM) 2.0 et un adaptateur Wi-Fi prenant en charge Wi-Fi Direct.<\/li>\n<li>L'application Xbox n\u00e9cessite un compte Xbox Live, qui n'est pas disponible dans toutes les r\u00e9gions. Consultez la page Pays et r\u00e9gions Xbox Live pour obtenir les informations les plus r\u00e9centes sur la disponibilit\u00e9. Certaines fonctionnalit\u00e9s de l'application Xbox n\u00e9cessitent un abonnement Xbox Game Pass actif. En savoir plus sur le pass.<\/li>\n<\/ul>\n<hr \/>\n<h2>Microsoft Project 2024 Professionnel<\/h2>\n<p>De krachtige Microsoft Project Professional 2024 Edition beschikt over uitgebreide functies en nieuwe interfaces voor MS SharePoint, Project Server en Skype. De software maakt volledig gebruik van de vele voordelen van het Microsoft Windows 10 of 11 besturingssysteem, maar wordt niet ondersteund op oudere Windows-versies. MS Project Professional 2024 richt zich voornamelijk op projectmanagers in bedrijven die hun individuele projecten plannen, beheren, documenteren en later analyseren.<\/p>\n<hr \/>\n<h2>Microsoft Office 2024 Professional Plus<\/h2>\n<p>Microsoft Office-gebruikers die thuis of op kantoor het volledige scala aan toepassingen gebruiken, zitten goed met de Microsoft Office 2024 Professional Plus Edition. Alle belangrijke programma&#8217;s zijn inbegrepen: Word, Excel, Outlook, PowerPoint en Access. OneNote is nu te downloaden in de Windows Store zodat je snel notities kunt maken en deze via de cloud op alle apparaten beschikbaar kunt maken. Vanwege het brede scala aan verschillende programma&#8217;s is deze versie vooral gericht op mensen die thuis werken, in het thuiskantoor, of die op zoek zijn naar een krachtige en betrouwbare oplossing op kantoor om documenten, tabellen en meer te organiseren.<\/p>\n<ul>\n<li><strong>Microsoft Word :<\/strong> Cr\u00e9ez des documents texte de qualit\u00e9 professionnelle en un rien de temps.<\/li>\n<li><strong>Microsoft Excel :<\/strong> Feuille de calcul intelligente pour la gestion de l'information.<\/li>\n<li><strong>Microsoft PowerPoint :<\/strong> Cr\u00e9er des pr\u00e9sentations impressionnantes et dynamiques.<\/li>\n<li><strong>Microsoft OneNote :<\/strong> Votre carnet de notes num\u00e9rique.<\/li>\n<li><strong>Microsoft Outlook :<\/strong> Facile \u00e0 communiquer.<\/li>\n<li><strong>Microsoft Access :<\/strong> Databaseprogrammering voor browsergebaseerde toepassingen.<\/li>\n<\/ul>\n<p><strong>Remarque importante :<\/strong> <strong>Les \u00e9quipes<\/strong> est <strong>PAS<\/strong> inbegrepen in deze versie van Office.<\/p>\n<hr \/>\n<h2>Microsoft Visio 2024 Professionnel<\/h2>\n<p>Microsoft Visio Professional 2024 est la derni\u00e8re g\u00e9n\u00e9ration du c\u00e9l\u00e8bre logiciel de Microsoft pour la cr\u00e9ation et l'\u00e9dition de diagrammes et de visualisations. Visio Professional est particuli\u00e8rement adapt\u00e9 aux entreprises, car plusieurs utilisateurs d'une \u00e9quipe ou d'un service peuvent travailler simultan\u00e9ment sur des diagrammes. De nombreuses interfaces sont disponibles pour partager les visualisations termin\u00e9es en interne et en externe avec des personnes s\u00e9lectionn\u00e9es. Microsoft a travaill\u00e9 intensivement sur les mod\u00e8les et les formes qui sont continuellement utilis\u00e9s dans Visio. Les styles des diagrammes ont \u00e9galement \u00e9t\u00e9 am\u00e9lior\u00e9s pour les rendre plus impressionnants visuellement tout en facilitant leur lecture. Avec Microsoft Visio Professional 2024, vous avez \u00e9galement la possibilit\u00e9 de saisir en temps r\u00e9el des donn\u00e9es dans une visualisation existante.<\/p>\n<\/div>","protected":false},"excerpt":{"rendered":"<ul>\n<li>Licence : cette licence permet d'activer le logiciel sur trois appareils diff\u00e9rents, par exemple un ordinateur personnel, un ordinateur portable et un ordinateur professionnel.<\/li>\n<li>Livraison : Le lien de t\u00e9l\u00e9chargement, la cl\u00e9 de produit, les instructions et la facture sont envoy\u00e9s directement par e-mail.<\/li>\n<li>Version : Version compl\u00e8te et illimit\u00e9e d'un partenaire certifi\u00e9 Microsoft Gold Partner - garantie de remboursement \u00e0 vie !<\/li>\n<li>Langues : anglais, espagnol, italien, allemand, fran\u00e7ais<\/li>\n<li>Assistance : 24\/7 en n\u00e9erlandais, fran\u00e7ais, allemand<\/li>\n<li><strong><span style=\"color: #008000;\">Ce produit est compatible avec Microsoft Windows.<\/span><\/strong><\/li>\n<li><strong><span style=\"color: #ff0000;\">NON compatible avec Apple macOS\u2122, les appareils Android et les Chromebooks.<\/span><\/strong><\/li>\n<\/ul>","protected":false},"featured_media":114637,"comment_status":"open","ping_status":"closed","template":"","meta":{"rs_blank_template":"","rs_page_bg_color":"","slide_template_v7":""},"product_cat":[137,81,75,129,89],"product_tag":[120,119],"class_list":{"0":"post-114187","1":"product","2":"type-product","3":"status-publish","4":"has-post-thumbnail","6":"product_cat-bestseller","7":"product_cat-combo","8":"product_cat-microsoft-office","9":"product_cat-office-2024","10":"product_cat-windows-11","11":"product_tag-microsoft-windows-11-pro-project-2021-pro-office-2021-pro-visio-2021-standard","12":"product_tag-microsoft-windows-11-pro-project-2021-pro-office-2021-pro-visio-2021-standard-license-for-3-pcs","14":"first","15":"instock","16":"sale","17":"virtual","18":"taxable","19":"purchasable","20":"product-type-simple"},"yoast_head":"<!-- This site is optimized with the Yoast SEO plugin v27.5 - https:\/\/yoast.com\/product\/yoast-seo-wordpress\/ -->\n<title>Microsoft Windows 11 Professional + Microsoft Project 2024 Professional + Microsoft Office 2024 Professional Plus + Microsoft Visio 2024 Professional Premium-licentie voor 3 apparaten<\/title>\n<meta name=\"description\" content=\"With this license the software can be activated on 3 different devices, e.g. home PC, notebook and work PC. Lifetime Replacement Warranty!!!\" \/>\n<meta name=\"robots\" content=\"index, follow, max-snippet:-1, max-image-preview:large, max-video-preview:-1\" \/>\n<link rel=\"canonical\" href=\"https:\/\/livekaarten.nl\/fr\/produit\/microsoft-windows-11-pro-microsoft-project-2024-pro-microsoft-office-2024-pro-plus-microsoft-visio-2024-pro-premium-licentie-voor-3-apparaten\/\" \/>\n<meta property=\"og:locale\" content=\"fr_FR\" \/>\n<meta property=\"og:type\" content=\"article\" \/>\n<meta property=\"og:title\" content=\"Microsoft Windows 11 Professional + Microsoft Project 2024 Professional + Microsoft Office 2024 Professional Plus + Microsoft Visio 2024 Professional Premium-licentie voor 3 apparaten\" \/>\n<meta property=\"og:description\" content=\"With this license the software can be activated on 3 different devices, e.g. home PC, notebook and work PC. Lifetime Replacement Warranty!!!\" \/>\n<meta property=\"og:url\" content=\"https:\/\/livekaarten.nl\/fr\/produit\/microsoft-windows-11-pro-microsoft-project-2024-pro-microsoft-office-2024-pro-plus-microsoft-visio-2024-pro-premium-licentie-voor-3-apparaten\/\" \/>\n<meta property=\"og:site_name\" content=\"livekaarten.nl\" \/>\n<meta property=\"article:modified_time\" content=\"2026-04-20T10:52:50+00:00\" \/>\n<meta property=\"og:image\" content=\"https:\/\/livekaarten.nl\/wp-content\/uploads\/2025\/04\/W11P-O24PP-P24P-V24P.jpg\" \/>\n\t<meta property=\"og:image:width\" content=\"1000\" \/>\n\t<meta property=\"og:image:height\" content=\"1500\" \/>\n\t<meta property=\"og:image:type\" content=\"image\/jpeg\" \/>\n<meta name=\"twitter:card\" content=\"summary_large_image\" \/>\n<meta name=\"twitter:label1\" content=\"Dur\u00e9e de lecture estim\u00e9e\" \/>\n\t<meta name=\"twitter:data1\" content=\"5 minutes\" \/>\n<script type=\"application\/ld+json\" class=\"yoast-schema-graph\">{\"@context\":\"https:\\\/\\\/schema.org\",\"@graph\":[{\"@type\":\"WebPage\",\"@id\":\"https:\\\/\\\/livekaarten.nl\\\/product\\\/microsoft-windows-11-pro-microsoft-project-2024-pro-microsoft-office-2024-pro-plus-microsoft-visio-2024-pro-premium-licentie-voor-3-apparaten\\\/\",\"url\":\"https:\\\/\\\/livekaarten.nl\\\/product\\\/microsoft-windows-11-pro-microsoft-project-2024-pro-microsoft-office-2024-pro-plus-microsoft-visio-2024-pro-premium-licentie-voor-3-apparaten\\\/\",\"name\":\"Microsoft Windows 11 Professional + Microsoft Project 2024 Professional + Microsoft Office 2024 Professional Plus + Microsoft Visio 2024 Professional Premium-licentie voor 3 apparaten\",\"isPartOf\":{\"@id\":\"https:\\\/\\\/livekaarten.nl\\\/#website\"},\"primaryImageOfPage\":{\"@id\":\"https:\\\/\\\/livekaarten.nl\\\/product\\\/microsoft-windows-11-pro-microsoft-project-2024-pro-microsoft-office-2024-pro-plus-microsoft-visio-2024-pro-premium-licentie-voor-3-apparaten\\\/#primaryimage\"},\"image\":{\"@id\":\"https:\\\/\\\/livekaarten.nl\\\/product\\\/microsoft-windows-11-pro-microsoft-project-2024-pro-microsoft-office-2024-pro-plus-microsoft-visio-2024-pro-premium-licentie-voor-3-apparaten\\\/#primaryimage\"},\"thumbnailUrl\":\"https:\\\/\\\/livekaarten.nl\\\/wp-content\\\/uploads\\\/2025\\\/04\\\/W11P-O24PP-P24P-V24P.jpg\",\"datePublished\":\"2024-12-01T05:42:54+00:00\",\"dateModified\":\"2026-04-20T10:52:50+00:00\",\"description\":\"With this license the software can be activated on 3 different devices, e.g. home PC, notebook and work PC. Lifetime Replacement Warranty!!!\",\"breadcrumb\":{\"@id\":\"https:\\\/\\\/livekaarten.nl\\\/product\\\/microsoft-windows-11-pro-microsoft-project-2024-pro-microsoft-office-2024-pro-plus-microsoft-visio-2024-pro-premium-licentie-voor-3-apparaten\\\/#breadcrumb\"},\"inLanguage\":\"fr-FR\",\"potentialAction\":[{\"@type\":\"ReadAction\",\"target\":[\"https:\\\/\\\/livekaarten.nl\\\/product\\\/microsoft-windows-11-pro-microsoft-project-2024-pro-microsoft-office-2024-pro-plus-microsoft-visio-2024-pro-premium-licentie-voor-3-apparaten\\\/\"]}]},{\"@type\":\"ImageObject\",\"inLanguage\":\"fr-FR\",\"@id\":\"https:\\\/\\\/livekaarten.nl\\\/product\\\/microsoft-windows-11-pro-microsoft-project-2024-pro-microsoft-office-2024-pro-plus-microsoft-visio-2024-pro-premium-licentie-voor-3-apparaten\\\/#primaryimage\",\"url\":\"https:\\\/\\\/livekaarten.nl\\\/wp-content\\\/uploads\\\/2025\\\/04\\\/W11P-O24PP-P24P-V24P.jpg\",\"contentUrl\":\"https:\\\/\\\/livekaarten.nl\\\/wp-content\\\/uploads\\\/2025\\\/04\\\/W11P-O24PP-P24P-V24P.jpg\",\"width\":1000,\"height\":1500},{\"@type\":\"BreadcrumbList\",\"@id\":\"https:\\\/\\\/livekaarten.nl\\\/product\\\/microsoft-windows-11-pro-microsoft-project-2024-pro-microsoft-office-2024-pro-plus-microsoft-visio-2024-pro-premium-licentie-voor-3-apparaten\\\/#breadcrumb\",\"itemListElement\":[{\"@type\":\"ListItem\",\"position\":1,\"name\":\"Home\",\"item\":\"https:\\\/\\\/livekaarten.nl\\\/\"},{\"@type\":\"ListItem\",\"position\":2,\"name\":\"Winkel\",\"item\":\"https:\\\/\\\/livekaarten.nl\\\/shop\\\/\"},{\"@type\":\"ListItem\",\"position\":3,\"name\":\"Microsoft Windows 11 Professional + Microsoft Project 2024 Professional + Microsoft Office 2024 Professional Plus + Microsoft Visio 2024 Professional Premium-licentie voor 3 apparaten\"}]},{\"@type\":\"WebSite\",\"@id\":\"https:\\\/\\\/livekaarten.nl\\\/#website\",\"url\":\"https:\\\/\\\/livekaarten.nl\\\/\",\"name\":\"Livekaarten.nl\",\"description\":\"Koop uw kantoor\",\"potentialAction\":[{\"@type\":\"SearchAction\",\"target\":{\"@type\":\"EntryPoint\",\"urlTemplate\":\"https:\\\/\\\/livekaarten.nl\\\/?s={search_term_string}\"},\"query-input\":{\"@type\":\"PropertyValueSpecification\",\"valueRequired\":true,\"valueName\":\"search_term_string\"}}],\"inLanguage\":\"fr-FR\"}]}<\/script>\n<!-- \/ Yoast SEO plugin. -->","yoast_head_json":{"title":"Microsoft Windows 11 Professional + Microsoft Project 2024 Professional + Microsoft Office 2024 Professional Plus + Microsoft Visio 2024 Professional Premium-licentie voor 3 apparaten","description":"With this license the software can be activated on 3 different devices, e.g. home PC, notebook and work PC. Lifetime Replacement Warranty!!!","robots":{"index":"index","follow":"follow","max-snippet":"max-snippet:-1","max-image-preview":"max-image-preview:large","max-video-preview":"max-video-preview:-1"},"canonical":"https:\/\/livekaarten.nl\/fr\/produit\/microsoft-windows-11-pro-microsoft-project-2024-pro-microsoft-office-2024-pro-plus-microsoft-visio-2024-pro-premium-licentie-voor-3-apparaten\/","og_locale":"fr_FR","og_type":"article","og_title":"Microsoft Windows 11 Professional + Microsoft Project 2024 Professional + Microsoft Office 2024 Professional Plus + Microsoft Visio 2024 Professional Premium-licentie voor 3 apparaten","og_description":"With this license the software can be activated on 3 different devices, e.g. home PC, notebook and work PC. Lifetime Replacement Warranty!!!","og_url":"https:\/\/livekaarten.nl\/fr\/produit\/microsoft-windows-11-pro-microsoft-project-2024-pro-microsoft-office-2024-pro-plus-microsoft-visio-2024-pro-premium-licentie-voor-3-apparaten\/","og_site_name":"livekaarten.nl","article_modified_time":"2026-04-20T10:52:50+00:00","og_image":[{"width":1000,"height":1500,"url":"https:\/\/livekaarten.nl\/wp-content\/uploads\/2025\/04\/W11P-O24PP-P24P-V24P.jpg","type":"image\/jpeg"}],"twitter_card":"summary_large_image","twitter_misc":{"Dur\u00e9e de lecture estim\u00e9e":"5 minutes"},"schema":{"@context":"https:\/\/schema.org","@graph":[{"@type":"WebPage","@id":"https:\/\/livekaarten.nl\/product\/microsoft-windows-11-pro-microsoft-project-2024-pro-microsoft-office-2024-pro-plus-microsoft-visio-2024-pro-premium-licentie-voor-3-apparaten\/","url":"https:\/\/livekaarten.nl\/product\/microsoft-windows-11-pro-microsoft-project-2024-pro-microsoft-office-2024-pro-plus-microsoft-visio-2024-pro-premium-licentie-voor-3-apparaten\/","name":"Microsoft Windows 11 Professional + Microsoft Project 2024 Professional + Microsoft Office 2024 Professional Plus + Microsoft Visio 2024 Professional Premium-licentie voor 3 apparaten","isPartOf":{"@id":"https:\/\/livekaarten.nl\/#website"},"primaryImageOfPage":{"@id":"https:\/\/livekaarten.nl\/product\/microsoft-windows-11-pro-microsoft-project-2024-pro-microsoft-office-2024-pro-plus-microsoft-visio-2024-pro-premium-licentie-voor-3-apparaten\/#primaryimage"},"image":{"@id":"https:\/\/livekaarten.nl\/product\/microsoft-windows-11-pro-microsoft-project-2024-pro-microsoft-office-2024-pro-plus-microsoft-visio-2024-pro-premium-licentie-voor-3-apparaten\/#primaryimage"},"thumbnailUrl":"https:\/\/livekaarten.nl\/wp-content\/uploads\/2025\/04\/W11P-O24PP-P24P-V24P.jpg","datePublished":"2024-12-01T05:42:54+00:00","dateModified":"2026-04-20T10:52:50+00:00","description":"With this license the software can be activated on 3 different devices, e.g. home PC, notebook and work PC. Lifetime Replacement Warranty!!!","breadcrumb":{"@id":"https:\/\/livekaarten.nl\/product\/microsoft-windows-11-pro-microsoft-project-2024-pro-microsoft-office-2024-pro-plus-microsoft-visio-2024-pro-premium-licentie-voor-3-apparaten\/#breadcrumb"},"inLanguage":"fr-FR","potentialAction":[{"@type":"ReadAction","target":["https:\/\/livekaarten.nl\/product\/microsoft-windows-11-pro-microsoft-project-2024-pro-microsoft-office-2024-pro-plus-microsoft-visio-2024-pro-premium-licentie-voor-3-apparaten\/"]}]},{"@type":"ImageObject","inLanguage":"fr-FR","@id":"https:\/\/livekaarten.nl\/product\/microsoft-windows-11-pro-microsoft-project-2024-pro-microsoft-office-2024-pro-plus-microsoft-visio-2024-pro-premium-licentie-voor-3-apparaten\/#primaryimage","url":"https:\/\/livekaarten.nl\/wp-content\/uploads\/2025\/04\/W11P-O24PP-P24P-V24P.jpg","contentUrl":"https:\/\/livekaarten.nl\/wp-content\/uploads\/2025\/04\/W11P-O24PP-P24P-V24P.jpg","width":1000,"height":1500},{"@type":"BreadcrumbList","@id":"https:\/\/livekaarten.nl\/product\/microsoft-windows-11-pro-microsoft-project-2024-pro-microsoft-office-2024-pro-plus-microsoft-visio-2024-pro-premium-licentie-voor-3-apparaten\/#breadcrumb","itemListElement":[{"@type":"ListItem","position":1,"name":"Home","item":"https:\/\/livekaarten.nl\/"},{"@type":"ListItem","position":2,"name":"Winkel","item":"https:\/\/livekaarten.nl\/shop\/"},{"@type":"ListItem","position":3,"name":"Microsoft Windows 11 Professional + Microsoft Project 2024 Professional + Microsoft Office 2024 Professional Plus + Microsoft Visio 2024 Professional Premium-licentie voor 3 apparaten"}]},{"@type":"WebSite","@id":"https:\/\/livekaarten.nl\/#website","url":"https:\/\/livekaarten.nl\/","name":"Livecards.co.uk","description":"Acheter votre bureau","potentialAction":[{"@type":"SearchAction","target":{"@type":"EntryPoint","urlTemplate":"https:\/\/livekaarten.nl\/?s={search_term_string}"},"query-input":{"@type":"PropertyValueSpecification","valueRequired":true,"valueName":"search_term_string"}}],"inLanguage":"fr-FR"}]}},"_links":{"self":[{"href":"https:\/\/livekaarten.nl\/fr\/wp-json\/wp\/v2\/product\/114187","targetHints":{"allow":["GET"]}}],"collection":[{"href":"https:\/\/livekaarten.nl\/fr\/wp-json\/wp\/v2\/product"}],"about":[{"href":"https:\/\/livekaarten.nl\/fr\/wp-json\/wp\/v2\/types\/product"}],"replies":[{"embeddable":true,"href":"https:\/\/livekaarten.nl\/fr\/wp-json\/wp\/v2\/comments?post=114187"}],"wp:featuredmedia":[{"embeddable":true,"href":"https:\/\/livekaarten.nl\/fr\/wp-json\/wp\/v2\/media\/114637"}],"wp:attachment":[{"href":"https:\/\/livekaarten.nl\/fr\/wp-json\/wp\/v2\/media?parent=114187"}],"wp:term":[{"taxonomy":"product_cat","embeddable":true,"href":"https:\/\/livekaarten.nl\/fr\/wp-json\/wp\/v2\/product_cat?post=114187"},{"taxonomy":"product_tag","embeddable":true,"href":"https:\/\/livekaarten.nl\/fr\/wp-json\/wp\/v2\/product_tag?post=114187"}],"curies":[{"name":"wp","href":"https:\/\/api.w.org\/{rel}","templated":true}]}}