{"id":114083,"date":"2024-11-03T18:31:41","date_gmt":"2024-11-03T16:31:41","guid":{"rendered":"https:\/\/gamecardshop.com\/livecards\/?post_type=product&#038;p=114083"},"modified":"2026-04-03T12:03:41","modified_gmt":"2026-04-03T10:03:41","slug":"microsoft-windows-11-professional-microsoft-project-2024-professional-licentie-voor-3","status":"publish","type":"product","link":"https:\/\/livekaarten.nl\/fr\/produit\/microsoft-windows-11-professional-microsoft-project-2024-professional-licentie-voor-3\/","title":{"rendered":"Microsoft Windows 11 Professionnel + Licence professionnelle Microsoft Project 2024 pour 3 appareils"},"content":{"rendered":"<div id=\"coreui-banner-l03vzh8\" data-m=\"{&quot;cN&quot;:&quot;R2Banner 1&quot;,&quot;cT&quot;:&quot;Module_coreui-banner&quot;,&quot;id&quot;:&quot;m1r2a2&quot;,&quot;sN&quot;:1,&quot;aN&quot;:&quot;r2a2&quot;}\" data-module-id=\"WDG-Microsoft Windows|primaryR2|coreui-region|coreui-banner-l03vzh8|coreui-banner\">\n<div class=\"m-banner f-align-left\" data-grid=\"col-12\">\n<h2>Licence Microsoft Windows 11 Professional pour 3 PC<\/h2>\n<p><strong>Cette licence permet d'activer le logiciel sur 3 appareils diff\u00e9rents, par exemple un PC domestique, un ordinateur portable et un PC professionnel.<\/strong><\/p>\n<p><strong>Remboursement int\u00e9gral sous 30 jours - garantie de remplacement \u00e0 vie !<\/strong><\/p>\n<p class=\"c-heading-3\">Exigences du syst\u00e8me :<\/p>\n<\/div>\n<\/div>\n<hr class=\"c-divider f-pad-top-3x\" data-grid=\"col-12\" \/>\n<div id=\"coreui-contentrichblock-o5iouct\" data-m=\"{&quot;cN&quot;:&quot;R2ContentRichBlock 1&quot;,&quot;cT&quot;:&quot;Module_coreui-contentrichblock&quot;,&quot;id&quot;:&quot;m3r2a2&quot;,&quot;sN&quot;:3,&quot;aN&quot;:&quot;r2a2&quot;}\" data-module-id=\"WDG-Microsoft Windows|primaryR2|coreui-region|coreui-contentrichblock-o5iouct|coreui-contentrichblock\">\n<div class=\"m-rich-content-block context-ucx\" data-grid=\"col-12\">\n<p>Assurez-vous d'\u00eatre pr\u00eat pour le dernier et meilleur syst\u00e8me d'exploitation de Microsoft !<\/p>\n<p>Il s'agit de la configuration minimale requise pour installer Microsoft Windows 11 sur un PC. Si votre appareil ne r\u00e9pond pas \u00e0 ces exigences, il se peut que vous ne puissiez pas installer Windows 11 et il est recommand\u00e9 d'acheter un nouveau PC. Vous n'\u00eates pas s\u00fbr que votre PC soit conforme ? Contactez le fabricant (OEM) ou utilisez l'application PC Health Check si vous avez d\u00e9j\u00e0 Windows 10 (<a href=\"https:\/\/aka.ms\/GetPCHealthCheckApp\" target=\"_self\" rel=\"noopener\"><b>t\u00e9l\u00e9charger maintenant<\/b><\/a>).<\/p>\n<\/div>\n<div id=\"coreui-tablev2-62jrfm3\" data-m=\"{&quot;cN&quot;:&quot;R2TableV2 1&quot;,&quot;cT&quot;:&quot;Module_coreui-tablev2&quot;,&quot;id&quot;:&quot;m4r2a2&quot;,&quot;sN&quot;:4,&quot;aN&quot;:&quot;r2a2&quot;}\" data-module-id=\"WDG-Microsoft Windows|primaryR2|coreui-region|coreui-tablev2-62jrfm3|coreui-tablev2\">\n<div class=\"m-table\">\n<div class=\"c-table\">\n<table>\n<thead>\n<tr>\n<th><\/th>\n<th><\/th>\n<\/tr>\n<\/thead>\n<tbody>\n<tr>\n<td><strong>Processeur :<\/strong><\/td>\n<td>1 gigahertz (GHz) ou plus rapide avec 2 c\u0153urs ou plus sur un processeur 64 bits compatible ou SoC (System on a Chip).<\/td>\n<\/tr>\n<tr>\n<td><strong>RAM :<\/strong><\/td>\n<td>4 gigaoctets (Go)<\/td>\n<\/tr>\n<tr>\n<td><strong>Stockage :<\/strong><\/td>\n<td>64 Go ou plus<br \/>\n<em>Remarque :<\/em> Pour plus de d\u00e9tails, voir ci-dessous \u201cPlus d'informations sur les exigences en mati\u00e8re de stockage pour maintenir Windows 11 \u00e0 jour\u201d.<\/td>\n<\/tr>\n<tr>\n<td><strong>Micrologiciel du syst\u00e8me :<\/strong><\/td>\n<td>UEFI, compatible avec Secure Boot<\/td>\n<\/tr>\n<tr>\n<td><strong>TPM :<\/strong><\/td>\n<td>Module de plateforme de confiance (TPM) version 2.0<\/td>\n<\/tr>\n<tr>\n<td><strong>Carte graphique :<\/strong><\/td>\n<td>Compatible avec DirectX 12 ou plus avec le pilote WDDM 2.0<\/td>\n<\/tr>\n<tr>\n<td><strong>Affichage :<\/strong><\/td>\n<td>\u00c9cran HD (720p) d'une diagonale de plus de 9\u2033, 8 bits par canal de couleur<\/td>\n<\/tr>\n<tr>\n<td><strong>Connexion Internet et compte Microsoft :<\/strong><\/td>\n<td>Toutes les \u00e9ditions de Microsoft Windows 11 n\u00e9cessitent une connexion internet pour effectuer des mises \u00e0 jour, t\u00e9l\u00e9charger et utiliser certaines fonctionnalit\u00e9s. Certaines fonctionnalit\u00e9s n\u00e9cessitent un compte Microsoft.<\/td>\n<\/tr>\n<\/tbody>\n<\/table>\n<\/div>\n<\/div>\n<\/div>\n<\/div>\n<div id=\"primaryR3\" data-grid=\"container\" data-region-key=\"primaryr3\">\n<div class=\"m-rich-content-block context-ucx\" data-grid=\"col-12\">\n<h2>Licence Microsoft Project 2024 Professional Plus pour 3 PCs<\/h2>\n<p><strong>Cette licence permet d'activer le logiciel sur 3 appareils diff\u00e9rents, par exemple un PC domestique, un ordinateur portable et un PC professionnel.<\/strong><br \/>\n<strong>Remboursement int\u00e9gral sous 30 jours - garantie de remplacement \u00e0 vie !!!<\/strong><\/p>\n<p>Microsoft Project 2024 offre de nouvelles fonctionnalit\u00e9s et am\u00e9liorations qui permettent aux \u00e9quipes d'organiser leur travail encore plus efficacement, de g\u00e9rer les t\u00e2ches et de planifier les budgets et les ressources. Cette nouvelle version introduit des innovations importantes qui profitent aussi bien aux d\u00e9butants qu'aux professionnels travaillant sur des projets de toute complexit\u00e9 :<\/p>\n<ul>\n<li>Nouvelle interface utilisateur intuitive et personnalisable avec une navigation am\u00e9lior\u00e9e et un affichage flexible des donn\u00e9es<\/li>\n<li>Des mod\u00e8les pr\u00e9d\u00e9finis vous aident \u00e0 d\u00e9marrer rapidement votre projet<\/li>\n<li>Synchronisation avec Project Online et Project Server pour l'int\u00e9gration et la gestion des ressources<\/li>\n<li>Des sc\u00e9narios de simulation permettent d'optimiser la r\u00e9partition des t\u00e2ches<\/li>\n<li>Compl\u00e9ter automatiquement les dates de d\u00e9but et de fin en fonction des d\u00e9pendances pour une meilleure planification<\/li>\n<li>Utiliser des \u00e9ch\u00e9ances multiples pour une repr\u00e9sentation visuelle claire de calendriers complexes<\/li>\n<li>Nouvelles fonctionnalit\u00e9s pour la visualisation et l'analyse des donn\u00e9es, avec un passage facile entre les modes d'affichage tels que Kanban et Scrumboard.<\/li>\n<li>Prise en charge des m\u00e9thodologies Agile, Scrum, Waterfall et hybrides, permettant aux utilisateurs de combiner des \u00e9l\u00e9ments de diff\u00e9rentes m\u00e9thodes de travail.<\/li>\n<\/ul>\n<p><strong>Soutien :<\/strong> Vous avez des questions ? N'h\u00e9sitez pas \u00e0 contacter <a href=\"mailto:info@livekaarten.nl\" rel=\"noopener\">nous contacter par e-mail<\/a>. Notre service client\u00e8le est disponible 24 heures sur 24, 7 jours sur 7.<\/p>\n<\/div>\n<\/div>","protected":false},"excerpt":{"rendered":"<ul>\n<li>Licence Microsoft Windows 11 Professional pour 3 PC<\/li>\n<li>Licence professionnelle Microsoft Project 2024 pour 3 PCs<\/li>\n<li><strong>Avec cette licence, le logiciel peut \u00eatre activ\u00e9 sur 3 appareils diff\u00e9rents<\/strong>, PC domestique, ordinateur portable et PC professionnel<\/li>\n<li><strong>Remboursement int\u00e9gral sous 30 jours - garantie de remplacement \u00e0 vie !!!<\/strong><\/li>\n<li>Version pour les syst\u00e8mes 64 bits<\/li>\n<li>Livraison par e-mail : cl\u00e9 du produit, manuel, liens de t\u00e9l\u00e9chargement et facture<\/li>\n<li>T\u00e9l\u00e9chargement imm\u00e9diat !<\/li>\n<li>Pas de limite de temps, pas d'abonnement<\/li>\n<li>Assistance gratuite \u00e0 l'installation et \u00e0 l'activation<\/li>\n<li>Pas de livraison sur support physique (USB, CD, etc.)<\/li>\n<li>Activation en ligne ou par t\u00e9l\u00e9phone<\/li>\n<li>Pour Microsoft Windows<\/li>\n<li><span style=\"color: #339966;\"><strong>Ce produit est compatible avec Windows.<\/strong><\/span><\/li>\n<li><span style=\"color: #ff0000;\"><strong>NON compatible avec Apple macOS\u2122, les appareils Android ou les Chromebooks.<\/strong><\/span><\/li>\n<\/ul>","protected":false},"featured_media":114635,"comment_status":"closed","ping_status":"closed","template":"","meta":[],"product_cat":[137,75,136],"product_tag":[79,84],"class_list":{"0":"post-114083","1":"product","2":"type-product","3":"status-publish","4":"has-post-thumbnail","6":"product_cat-bestseller","7":"product_cat-microsoft-office","8":"product_cat-project","9":"product_tag-ms-office","10":"product_tag-office","12":"first","13":"instock","14":"sale","15":"virtual","16":"taxable","17":"purchasable","18":"product-type-simple"},"yoast_head":"<!-- This site is optimized with the Yoast SEO plugin v27.3 - https:\/\/yoast.com\/product\/yoast-seo-wordpress\/ -->\n<title>Microsoft Windows 11 Professional + Microsoft Project 2024 Professional Licentie voor 3 apparaten | livekaarten.nl<\/title>\n<meta name=\"robots\" content=\"index, follow, max-snippet:-1, max-image-preview:large, max-video-preview:-1\" \/>\n<link rel=\"canonical\" href=\"https:\/\/livekaarten.nl\/fr\/produit\/microsoft-windows-11-professional-microsoft-project-2024-professional-licentie-voor-3\/\" \/>\n<meta property=\"og:locale\" content=\"fr_FR\" \/>\n<meta property=\"og:type\" content=\"article\" \/>\n<meta property=\"og:title\" content=\"Microsoft Windows 11 Professional + Microsoft Project 2024 Professional Licentie voor 3 apparaten | livekaarten.nl\" \/>\n<meta property=\"og:description\" content=\"Microsoft Windows 11 Professional-licentie voor 3 pc\u2019s  Microsoft Project 2024 Professional-licentie voor 3 pc\u2019s  Met deze licentie kan de software op 3 verschillende apparaten worden geactiveerd, bijvoorbeeld thuis-pc, notebook en werk-pc  30 dagen volledige terugbetaling \u2013 levenslange vervangingsgarantie!!!  Versie voor 64-bits systemen  Levering per e-mail: productsleutel, handleiding, downloadlinks en factuur  Directe download!  Geen tijdslimiet, geen abonnement  Gratis ondersteuning bij installatie en activering  Geen levering op fysieke dragers (USB, cd, enz.)  Activering online of telefonisch  Voor Microsoft Windows  Dit product is compatibel met Windows.  NIET compatibel met Apple macOS\u2122, Android-apparaten of Chromebooks.\" \/>\n<meta property=\"og:url\" content=\"https:\/\/livekaarten.nl\/fr\/produit\/microsoft-windows-11-professional-microsoft-project-2024-professional-licentie-voor-3\/\" \/>\n<meta property=\"og:site_name\" content=\"livekaarten.nl\" \/>\n<meta property=\"article:modified_time\" content=\"2026-04-03T10:03:41+00:00\" \/>\n<meta property=\"og:image\" content=\"https:\/\/livekaarten.nl\/wp-content\/uploads\/2025\/04\/W11PP24P.jpg\" \/>\n\t<meta property=\"og:image:width\" content=\"1000\" \/>\n\t<meta property=\"og:image:height\" content=\"1500\" \/>\n\t<meta property=\"og:image:type\" content=\"image\/jpeg\" \/>\n<meta name=\"twitter:card\" content=\"summary_large_image\" \/>\n<meta name=\"twitter:label1\" content=\"Dur\u00e9e de lecture estim\u00e9e\" \/>\n\t<meta name=\"twitter:data1\" content=\"3 minutes\" \/>\n<script type=\"application\/ld+json\" class=\"yoast-schema-graph\">{\"@context\":\"https:\\\/\\\/schema.org\",\"@graph\":[{\"@type\":\"WebPage\",\"@id\":\"https:\\\/\\\/livekaarten.nl\\\/product\\\/microsoft-windows-11-professional-microsoft-project-2024-professional-licentie-voor-3\\\/\",\"url\":\"https:\\\/\\\/livekaarten.nl\\\/product\\\/microsoft-windows-11-professional-microsoft-project-2024-professional-licentie-voor-3\\\/\",\"name\":\"Microsoft Windows 11 Professional + Microsoft Project 2024 Professional Licentie voor 3 apparaten | livekaarten.nl\",\"isPartOf\":{\"@id\":\"https:\\\/\\\/livekaarten.nl\\\/#website\"},\"primaryImageOfPage\":{\"@id\":\"https:\\\/\\\/livekaarten.nl\\\/product\\\/microsoft-windows-11-professional-microsoft-project-2024-professional-licentie-voor-3\\\/#primaryimage\"},\"image\":{\"@id\":\"https:\\\/\\\/livekaarten.nl\\\/product\\\/microsoft-windows-11-professional-microsoft-project-2024-professional-licentie-voor-3\\\/#primaryimage\"},\"thumbnailUrl\":\"https:\\\/\\\/livekaarten.nl\\\/wp-content\\\/uploads\\\/2025\\\/04\\\/W11PP24P.jpg\",\"datePublished\":\"2024-11-03T16:31:41+00:00\",\"dateModified\":\"2026-04-03T10:03:41+00:00\",\"breadcrumb\":{\"@id\":\"https:\\\/\\\/livekaarten.nl\\\/product\\\/microsoft-windows-11-professional-microsoft-project-2024-professional-licentie-voor-3\\\/#breadcrumb\"},\"inLanguage\":\"fr-FR\",\"potentialAction\":[{\"@type\":\"ReadAction\",\"target\":[\"https:\\\/\\\/livekaarten.nl\\\/product\\\/microsoft-windows-11-professional-microsoft-project-2024-professional-licentie-voor-3\\\/\"]}]},{\"@type\":\"ImageObject\",\"inLanguage\":\"fr-FR\",\"@id\":\"https:\\\/\\\/livekaarten.nl\\\/product\\\/microsoft-windows-11-professional-microsoft-project-2024-professional-licentie-voor-3\\\/#primaryimage\",\"url\":\"https:\\\/\\\/livekaarten.nl\\\/wp-content\\\/uploads\\\/2025\\\/04\\\/W11PP24P.jpg\",\"contentUrl\":\"https:\\\/\\\/livekaarten.nl\\\/wp-content\\\/uploads\\\/2025\\\/04\\\/W11PP24P.jpg\",\"width\":1000,\"height\":1500},{\"@type\":\"BreadcrumbList\",\"@id\":\"https:\\\/\\\/livekaarten.nl\\\/product\\\/microsoft-windows-11-professional-microsoft-project-2024-professional-licentie-voor-3\\\/#breadcrumb\",\"itemListElement\":[{\"@type\":\"ListItem\",\"position\":1,\"name\":\"Home\",\"item\":\"https:\\\/\\\/livekaarten.nl\\\/\"},{\"@type\":\"ListItem\",\"position\":2,\"name\":\"Winkel\",\"item\":\"https:\\\/\\\/livekaarten.nl\\\/shop\\\/\"},{\"@type\":\"ListItem\",\"position\":3,\"name\":\"Microsoft Windows 11 Professional + Microsoft Project 2024 Professional Licentie voor 3 apparaten\"}]},{\"@type\":\"WebSite\",\"@id\":\"https:\\\/\\\/livekaarten.nl\\\/#website\",\"url\":\"https:\\\/\\\/livekaarten.nl\\\/\",\"name\":\"Livekaarten.nl\",\"description\":\"Koop uw kantoor\",\"potentialAction\":[{\"@type\":\"SearchAction\",\"target\":{\"@type\":\"EntryPoint\",\"urlTemplate\":\"https:\\\/\\\/livekaarten.nl\\\/?s={search_term_string}\"},\"query-input\":{\"@type\":\"PropertyValueSpecification\",\"valueRequired\":true,\"valueName\":\"search_term_string\"}}],\"inLanguage\":\"fr-FR\"}]}<\/script>\n<!-- \/ Yoast SEO plugin. -->","yoast_head_json":{"title":"Microsoft Windows 11 Professional + Microsoft Project 2024 Professional Licentie voor 3 apparaten | livekaarten.nl","robots":{"index":"index","follow":"follow","max-snippet":"max-snippet:-1","max-image-preview":"max-image-preview:large","max-video-preview":"max-video-preview:-1"},"canonical":"https:\/\/livekaarten.nl\/fr\/produit\/microsoft-windows-11-professional-microsoft-project-2024-professional-licentie-voor-3\/","og_locale":"fr_FR","og_type":"article","og_title":"Microsoft Windows 11 Professional + Microsoft Project 2024 Professional Licentie voor 3 apparaten | livekaarten.nl","og_description":"Microsoft Windows 11 Professional-licentie voor 3 pc\u2019s  Microsoft Project 2024 Professional-licentie voor 3 pc\u2019s  Met deze licentie kan de software op 3 verschillende apparaten worden geactiveerd, bijvoorbeeld thuis-pc, notebook en werk-pc  30 dagen volledige terugbetaling \u2013 levenslange vervangingsgarantie!!!  Versie voor 64-bits systemen  Levering per e-mail: productsleutel, handleiding, downloadlinks en factuur  Directe download!  Geen tijdslimiet, geen abonnement  Gratis ondersteuning bij installatie en activering  Geen levering op fysieke dragers (USB, cd, enz.)  Activering online of telefonisch  Voor Microsoft Windows  Dit product is compatibel met Windows.  NIET compatibel met Apple macOS\u2122, Android-apparaten of Chromebooks.","og_url":"https:\/\/livekaarten.nl\/fr\/produit\/microsoft-windows-11-professional-microsoft-project-2024-professional-licentie-voor-3\/","og_site_name":"livekaarten.nl","article_modified_time":"2026-04-03T10:03:41+00:00","og_image":[{"width":1000,"height":1500,"url":"https:\/\/livekaarten.nl\/wp-content\/uploads\/2025\/04\/W11PP24P.jpg","type":"image\/jpeg"}],"twitter_card":"summary_large_image","twitter_misc":{"Dur\u00e9e de lecture estim\u00e9e":"3 minutes"},"schema":{"@context":"https:\/\/schema.org","@graph":[{"@type":"WebPage","@id":"https:\/\/livekaarten.nl\/product\/microsoft-windows-11-professional-microsoft-project-2024-professional-licentie-voor-3\/","url":"https:\/\/livekaarten.nl\/product\/microsoft-windows-11-professional-microsoft-project-2024-professional-licentie-voor-3\/","name":"Microsoft Windows 11 Professional + Microsoft Project 2024 Professional Licentie voor 3 apparaten | livekaarten.nl","isPartOf":{"@id":"https:\/\/livekaarten.nl\/#website"},"primaryImageOfPage":{"@id":"https:\/\/livekaarten.nl\/product\/microsoft-windows-11-professional-microsoft-project-2024-professional-licentie-voor-3\/#primaryimage"},"image":{"@id":"https:\/\/livekaarten.nl\/product\/microsoft-windows-11-professional-microsoft-project-2024-professional-licentie-voor-3\/#primaryimage"},"thumbnailUrl":"https:\/\/livekaarten.nl\/wp-content\/uploads\/2025\/04\/W11PP24P.jpg","datePublished":"2024-11-03T16:31:41+00:00","dateModified":"2026-04-03T10:03:41+00:00","breadcrumb":{"@id":"https:\/\/livekaarten.nl\/product\/microsoft-windows-11-professional-microsoft-project-2024-professional-licentie-voor-3\/#breadcrumb"},"inLanguage":"fr-FR","potentialAction":[{"@type":"ReadAction","target":["https:\/\/livekaarten.nl\/product\/microsoft-windows-11-professional-microsoft-project-2024-professional-licentie-voor-3\/"]}]},{"@type":"ImageObject","inLanguage":"fr-FR","@id":"https:\/\/livekaarten.nl\/product\/microsoft-windows-11-professional-microsoft-project-2024-professional-licentie-voor-3\/#primaryimage","url":"https:\/\/livekaarten.nl\/wp-content\/uploads\/2025\/04\/W11PP24P.jpg","contentUrl":"https:\/\/livekaarten.nl\/wp-content\/uploads\/2025\/04\/W11PP24P.jpg","width":1000,"height":1500},{"@type":"BreadcrumbList","@id":"https:\/\/livekaarten.nl\/product\/microsoft-windows-11-professional-microsoft-project-2024-professional-licentie-voor-3\/#breadcrumb","itemListElement":[{"@type":"ListItem","position":1,"name":"Home","item":"https:\/\/livekaarten.nl\/"},{"@type":"ListItem","position":2,"name":"Winkel","item":"https:\/\/livekaarten.nl\/shop\/"},{"@type":"ListItem","position":3,"name":"Microsoft Windows 11 Professional + Microsoft Project 2024 Professional Licentie voor 3 apparaten"}]},{"@type":"WebSite","@id":"https:\/\/livekaarten.nl\/#website","url":"https:\/\/livekaarten.nl\/","name":"Livecards.co.uk","description":"Acheter votre bureau","potentialAction":[{"@type":"SearchAction","target":{"@type":"EntryPoint","urlTemplate":"https:\/\/livekaarten.nl\/?s={search_term_string}"},"query-input":{"@type":"PropertyValueSpecification","valueRequired":true,"valueName":"search_term_string"}}],"inLanguage":"fr-FR"}]}},"_links":{"self":[{"href":"https:\/\/livekaarten.nl\/fr\/wp-json\/wp\/v2\/product\/114083","targetHints":{"allow":["GET"]}}],"collection":[{"href":"https:\/\/livekaarten.nl\/fr\/wp-json\/wp\/v2\/product"}],"about":[{"href":"https:\/\/livekaarten.nl\/fr\/wp-json\/wp\/v2\/types\/product"}],"replies":[{"embeddable":true,"href":"https:\/\/livekaarten.nl\/fr\/wp-json\/wp\/v2\/comments?post=114083"}],"wp:featuredmedia":[{"embeddable":true,"href":"https:\/\/livekaarten.nl\/fr\/wp-json\/wp\/v2\/media\/114635"}],"wp:attachment":[{"href":"https:\/\/livekaarten.nl\/fr\/wp-json\/wp\/v2\/media?parent=114083"}],"wp:term":[{"taxonomy":"product_cat","embeddable":true,"href":"https:\/\/livekaarten.nl\/fr\/wp-json\/wp\/v2\/product_cat?post=114083"},{"taxonomy":"product_tag","embeddable":true,"href":"https:\/\/livekaarten.nl\/fr\/wp-json\/wp\/v2\/product_tag?post=114083"}],"curies":[{"name":"wp","href":"https:\/\/api.w.org\/{rel}","templated":true}]}}