{"id":114082,"date":"2024-11-03T18:31:40","date_gmt":"2024-11-03T16:31:40","guid":{"rendered":"https:\/\/gamecardshop.com\/livecards\/?post_type=product&#038;p=114082"},"modified":"2026-04-03T12:03:41","modified_gmt":"2026-04-03T10:03:41","slug":"microsoft-windows-11-professional-microsoft-visio-2024-professional-lizenz-fur-3-pc","status":"publish","type":"product","link":"https:\/\/livekaarten.nl\/fr\/produit\/microsoft-windows-11-professional-microsoft-visio-2024-professional-lizenz-fur-3-pc\/","title":{"rendered":"Microsoft Windows 11 Professional + Microsoft Visio 2024 Professional Licence pour 3 appareils"},"content":{"rendered":"<div id=\"coreui-banner-l03vzh8\" data-m=\"{&quot;cN&quot;:&quot;R2Banner 1&quot;,&quot;cT&quot;:&quot;Module_coreui-banner&quot;,&quot;id&quot;:&quot;m1r2a2&quot;,&quot;sN&quot;:1,&quot;aN&quot;:&quot;r2a2&quot;}\" data-module-id=\"WDG-Microsoft Windows|primaryR2|coreui-region|coreui-banner-l03vzh8|coreui-banner\">\n<div class=\"m-banner f-align-left\" data-grid=\"col-12\">\n<h2>Licence Microsoft Windows 11 Professional pour 3 PC<\/h2>\n<p><strong>Avec cette licence, le logiciel peut \u00eatre activ\u00e9 sur 3 appareils diff\u00e9rents, par exemple un PC domestique, un ordinateur portable et un ordinateur de travail.<\/strong><\/p>\n<p><strong>Remboursement int\u00e9gral sous 30 jours - garantie de remplacement \u00e0 vie !<\/strong><\/p>\n<p class=\"c-heading-3\">Exigences du syst\u00e8me :<\/p>\n<\/div>\n<\/div>\n<hr class=\"c-divider f-pad-top-3x\" data-grid=\"col-12\" \/>\n<div id=\"coreui-contentrichblock-o5iouct\" data-m=\"{&quot;cN&quot;:&quot;R2ContentRichBlock 1&quot;,&quot;cT&quot;:&quot;Module_coreui-contentrichblock&quot;,&quot;id&quot;:&quot;m3r2a2&quot;,&quot;sN&quot;:3,&quot;aN&quot;:&quot;r2a2&quot;}\" data-module-id=\"WDG-Microsoft Windows|primaryR2|coreui-region|coreui-contentrichblock-o5iouct|coreui-contentrichblock\">\n<div class=\"m-rich-content-block context-ucx\" data-grid=\"col-12\">\n<p>Assurez-vous d'\u00eatre pr\u00eat pour le dernier et meilleur syst\u00e8me d'exploitation de Microsoft !<\/p>\n<p class=\"translation-block\">Il s'agit de la configuration minimale requise pour installer Microsoft Windows 11 sur un PC. Si votre appareil ne r\u00e9pond pas \u00e0 ces exigences, il se peut que l'installation ne soit pas possible et il est recommand\u00e9 d'acheter un nouvel ordinateur. Vous n'\u00eates pas s\u00fbr que votre PC r\u00e9ponde \u00e0 ces exigences ? Consultez le fabricant de votre appareil (OEM) ou utilisez l'application PC Health Check si vous utilisez d\u00e9j\u00e0 Windows 10 (<a href=\"https:\/\/aka.ms\/GetPCHealthCheckApp\" target=\"_self\" rel=\"noopener\"><b>t\u00e9l\u00e9charger maintenant<\/b><\/a>).<\/p>\n<\/div>\n<div id=\"primaryR2\" data-grid=\"container\" data-region-key=\"primaryr2\" data-m=\"{&quot;cN&quot;:&quot;primaryR2 1&quot;,&quot;cT&quot;:&quot;Region_coreui-region&quot;,&quot;id&quot;:&quot;r2a2&quot;,&quot;sN&quot;:2,&quot;aN&quot;:&quot;a2&quot;}\">\n<div id=\"coreui-contentrichblock-o5iouct\" data-m=\"{&quot;cN&quot;:&quot;R2ContentRichBlock 1&quot;,&quot;cT&quot;:&quot;Module_coreui-contentrichblock&quot;,&quot;id&quot;:&quot;m3r2a2&quot;,&quot;sN&quot;:3,&quot;aN&quot;:&quot;r2a2&quot;}\" data-module-id=\"WDG-Microsoft Windows|primaryR2|coreui-region|coreui-contentrichblock-o5iouct|coreui-contentrichblock\">\n<div class=\"m-rich-content-block context-ucx\" data-grid=\"col-12\">\n<p class=\"translation-block\">\n<\/div>\n<\/div>\n<div id=\"coreui-tablev2-62jrfm3\" data-m=\"{&quot;cN&quot;:&quot;R2TableV2 1&quot;,&quot;cT&quot;:&quot;Module_coreui-tablev2&quot;,&quot;id&quot;:&quot;m4r2a2&quot;,&quot;sN&quot;:4,&quot;aN&quot;:&quot;r2a2&quot;}\" data-module-id=\"WDG-Microsoft Windows|primaryR2|coreui-region|coreui-tablev2-62jrfm3|coreui-tablev2\">\n<div class=\"m-table\">\n<div class=\"c-table\" data-f-loc-ascending=\"Sorted by {0} - ascending\" data-f-loc-descending=\"Sorted by {0} - descending\">\n<table>\n<tbody>\n<tr>\n<td class=\"f-divided\"><strong>Processeur :<\/strong><\/td>\n<td class=\"f-divided\">\n<p class=\"translation-block\">1 gigahertz (GHz) ou plus rapide avec 2 c\u0153urs ou plus sur un <strong><a href=\"https:\/\/www.microsoft.com\/de-de\/windows\/windows-11-specifications\" target=\"_self\" rel=\"noopener\">processeur 64 bits compatible<\/a><\/strong> ou SoC (System on a Chip).<\/p>\n<\/td>\n<\/tr>\n<tr>\n<td class=\"f-divided\"><strong>RAM :<\/strong><\/td>\n<td class=\"f-divided\">4 gigaoctets (Go)<\/td>\n<\/tr>\n<tr>\n<td class=\"f-divided\"><strong>Stockage :<\/strong><\/td>\n<td class=\"f-divided\">64 Go ou plus<\/p>\n<p>Remarque : Pour plus de d\u00e9tails, voir ci-dessous \u201cPlus d'informations sur les exigences en mati\u00e8re de stockage pour maintenir Windows 11 \u00e0 jour\u201d.<\/td>\n<\/tr>\n<tr>\n<td class=\"f-divided\"><strong>Micrologiciel du syst\u00e8me :<\/strong><\/td>\n<td class=\"f-divided\">UEFI, compatible avec Secure Boot<\/td>\n<\/tr>\n<tr>\n<td class=\"f-divided\"><strong>TPM :<\/strong><\/td>\n<td class=\"f-divided\">Module de plateforme de confiance (TPM) version 2.0<\/td>\n<\/tr>\n<tr>\n<td class=\"f-divided\"><strong>Carte graphique :<\/strong><\/td>\n<td class=\"f-divided\">Compatible avec DirectX 12 ou plus avec le pilote WDDM 2.0<\/td>\n<\/tr>\n<tr>\n<td class=\"f-divided\"><strong>Affichage :<\/strong><\/td>\n<td class=\"f-divided\">\u00c9cran HD (720p) d'une diagonale de plus de 9\u2033, 8 bits par canal de couleur<\/td>\n<\/tr>\n<tr>\n<td class=\"f-divided\"><strong>Connexion Internet et compte Microsoft :<\/strong><\/td>\n<td class=\"f-divided\">Toutes les \u00e9ditions de Microsoft Windows 11 n\u00e9cessitent une connexion internet pour effectuer des mises \u00e0 jour, t\u00e9l\u00e9charger et utiliser certaines fonctionnalit\u00e9s. Certaines fonctionnalit\u00e9s n\u00e9cessitent un compte Microsoft.<\/td>\n<\/tr>\n<\/tbody>\n<\/table>\n<\/div>\n<\/div>\n<\/div>\n<\/div>\n<div id=\"primaryR3\" data-grid=\"container\" data-region-key=\"primaryr3\" data-m=\"{&quot;cN&quot;:&quot;primaryR3 1&quot;,&quot;cT&quot;:&quot;Region_coreui-region&quot;,&quot;id&quot;:&quot;r3a2&quot;,&quot;sN&quot;:3,&quot;aN&quot;:&quot;a2&quot;}\">\n<div id=\"coreui-contentrichblock-rhi1sei\" data-m=\"{&quot;cN&quot;:&quot;R2ContentRichBlock 1&quot;,&quot;cT&quot;:&quot;Module_coreui-contentrichblock&quot;,&quot;id&quot;:&quot;m3r3a2&quot;,&quot;sN&quot;:3,&quot;aN&quot;:&quot;r3a2&quot;}\" data-module-id=\"WDG-Microsoft Windows|primaryR3|coreui-region|coreui-contentrichblock-rhi1sei|coreui-contentrichblock\">\n<div class=\"m-rich-content-block context-ucx\" data-grid=\"col-12\">\n<h2><\/h2>\n<h2>Licence Microsoft Visio 2024 Professional Plus pour 3 PCs<\/h2>\n<p><strong>Avec cette licence, le logiciel peut \u00eatre activ\u00e9 sur 3 appareils diff\u00e9rents, par exemple un PC domestique, un ordinateur portable et un ordinateur de travail.<\/strong><\/p>\n<p><strong>Remboursement int\u00e9gral sous 30 jours - garantie de remplacement \u00e0 vie !<\/strong><\/p>\n<div class=\"J0lOec\">\n<p>Microsoft Visio 2024 permet aux individus et aux \u00e9quipes de cr\u00e9er et de partager des diagrammes professionnels et polyvalents plus facilement que jamais. Il comprend des formes, des mod\u00e8les et des styles mis \u00e0 jour, ainsi qu'une nouvelle barre de recherche intuitive et une interface remani\u00e9e qui s'harmonise avec les autres applications Office.<\/p>\n<p>Dans Microsoft Visio 2024, vous retrouverez toutes les fonctionnalit\u00e9s habituelles, ainsi que de nouveaux ajouts :<\/p>\n<ul>\n<li>Plus de formes, de mod\u00e8les et d'options de formatage pour cr\u00e9er des diagrammes professionnels plus rapidement.<\/li>\n<li>Un nouveau look avec une transparence moderne derri\u00e8re le canevas et les menus pour un look plus serr\u00e9.<\/li>\n<li>Prise en charge du nouveau th\u00e8me Office 2024 avec mode sombre, interface personnalisable et accessibilit\u00e9 am\u00e9lior\u00e9e.<\/li>\n<li>Barre de recherche en haut de la fen\u00eatre pour un acc\u00e8s plus rapide aux fonctions.<\/li>\n<li>Analyse avanc\u00e9e des processus \u00e0 l'aide de blocs dynamiques et d'outils de visualisation des donn\u00e9es.<\/li>\n<\/ul>\n<\/div>\n<p><strong>Soutien :<\/strong><\/p>\n<p class=\"translation-block\">Vous avez des questions ? N'h\u00e9sitez pas \u00e0 <a href=\"mailto:info@livekaarten.nl\" target=\"_self\" rel=\"noopener\">nous contacter<\/a>. Notre service client\u00e8le est disponible 24 heures sur 24, 7 jours sur 7.<\/p>\n<\/div>\n<\/div>\n<\/div>\n<\/div>","protected":false},"excerpt":{"rendered":"<ul>\n<li>Licence Microsoft Windows 11 Professional pour 3 PC<\/li>\n<li>Licence professionnelle Microsoft Visio 2024 pour 3 PC<\/li>\n<li><strong>Avec cette licence, le logiciel peut \u00eatre activ\u00e9 sur 3 appareils diff\u00e9rents<\/strong>, PC domestique, ordinateur portable et ordinateur de travail<\/li>\n<li><strong>Remboursement int\u00e9gral sous 30 jours - garantie de remplacement \u00e0 vie !<\/strong><\/li>\n<li>Version pour les syst\u00e8mes 64 bits<\/li>\n<li>Livraison par e-mail : cl\u00e9 de produit, instructions, liens de t\u00e9l\u00e9chargement, facture<\/li>\n<li>T\u00e9l\u00e9chargement imm\u00e9diat !<\/li>\n<li>Pas de limite de temps, pas d'abonnement<\/li>\n<li>Assistance gratuite \u00e0 l'installation et \u00e0 l'activation<\/li>\n<li>Non disponible sur support physique (USB, CD, etc.)<\/li>\n<li>Activation en ligne ou par t\u00e9l\u00e9phone<\/li>\n<li>Pour Microsoft Windows<\/li>\n<li><span style=\"color: #339966;\"><strong>Ce produit est compatible avec Windows.<\/strong><\/span><\/li>\n<li><span style=\"color: #ff0000;\"><strong>NON compatible avec Apple macOS\u2122\ufe0f, les appareils Android ou les Chromebooks.<\/strong><\/span><\/li>\n<\/ul>","protected":false},"featured_media":114636,"comment_status":"closed","ping_status":"closed","template":"","meta":[],"product_cat":[137,81,75,135],"product_tag":[79,84],"class_list":{"0":"post-114082","1":"product","2":"type-product","3":"status-publish","4":"has-post-thumbnail","6":"product_cat-bestseller","7":"product_cat-combo","8":"product_cat-microsoft-office","9":"product_cat-visio","10":"product_tag-ms-office","11":"product_tag-office","13":"first","14":"instock","15":"sale","16":"virtual","17":"taxable","18":"purchasable","19":"product-type-simple"},"yoast_head":"<!-- This site is optimized with the Yoast SEO plugin v27.3 - https:\/\/yoast.com\/product\/yoast-seo-wordpress\/ -->\n<title>Microsoft Windows 11 Professional + Microsoft Visio 2024 Professional Licentie voor 3 apparaten | livekaarten.nl<\/title>\n<meta name=\"robots\" content=\"index, follow, max-snippet:-1, max-image-preview:large, max-video-preview:-1\" \/>\n<link rel=\"canonical\" href=\"https:\/\/livekaarten.nl\/fr\/produit\/microsoft-windows-11-professional-microsoft-visio-2024-professional-lizenz-fur-3-pc\/\" \/>\n<meta property=\"og:locale\" content=\"fr_FR\" \/>\n<meta property=\"og:type\" content=\"article\" \/>\n<meta property=\"og:title\" content=\"Microsoft Windows 11 Professional + Microsoft Visio 2024 Professional Licentie voor 3 apparaten | livekaarten.nl\" \/>\n<meta property=\"og:description\" content=\"Microsoft Windows 11 Professional licentie voor 3 pc&#039;s  Microsoft Visio 2024 Professional licentie voor 3 pc&#039;s  Met deze licentie kan de software op 3 verschillende apparaten worden geactiveerd, bijvoorbeeld thuis-pc, laptop en werkcomputer  30 dagen volledige terugbetaling \u2013 levenslange vervangingsgarantie!  Versie voor 64-bits systemen  Levering per e-mail: productsleutel, instructies, downloadlinks, factuur  Directe download!  Geen tijdslimiet, geen abonnement  Gratis ondersteuning bij installatie en activering  Niet beschikbaar op fysieke media (USB, CD, enz.)  Activering online of telefonisch  Voor Microsoft Windows  Dit product is compatibel met Windows.  NIET compatibel met Apple macOS\u2122\ufe0f, Android-apparaten of Chromebooks.\" \/>\n<meta property=\"og:url\" content=\"https:\/\/livekaarten.nl\/fr\/produit\/microsoft-windows-11-professional-microsoft-visio-2024-professional-lizenz-fur-3-pc\/\" \/>\n<meta property=\"og:site_name\" content=\"livekaarten.nl\" \/>\n<meta property=\"article:modified_time\" content=\"2026-04-03T10:03:41+00:00\" \/>\n<meta property=\"og:image\" content=\"https:\/\/livekaarten.nl\/wp-content\/uploads\/2025\/04\/W11PV24P.jpg\" \/>\n\t<meta property=\"og:image:width\" content=\"1000\" \/>\n\t<meta property=\"og:image:height\" content=\"1500\" \/>\n\t<meta property=\"og:image:type\" content=\"image\/jpeg\" \/>\n<meta name=\"twitter:card\" content=\"summary_large_image\" \/>\n<meta name=\"twitter:label1\" content=\"Dur\u00e9e de lecture estim\u00e9e\" \/>\n\t<meta name=\"twitter:data1\" content=\"3 minutes\" \/>\n<script type=\"application\/ld+json\" class=\"yoast-schema-graph\">{\"@context\":\"https:\\\/\\\/schema.org\",\"@graph\":[{\"@type\":\"WebPage\",\"@id\":\"https:\\\/\\\/livekaarten.nl\\\/product\\\/microsoft-windows-11-professional-microsoft-visio-2024-professional-lizenz-fur-3-pc\\\/\",\"url\":\"https:\\\/\\\/livekaarten.nl\\\/product\\\/microsoft-windows-11-professional-microsoft-visio-2024-professional-lizenz-fur-3-pc\\\/\",\"name\":\"Microsoft Windows 11 Professional + Microsoft Visio 2024 Professional Licentie voor 3 apparaten | livekaarten.nl\",\"isPartOf\":{\"@id\":\"https:\\\/\\\/livekaarten.nl\\\/#website\"},\"primaryImageOfPage\":{\"@id\":\"https:\\\/\\\/livekaarten.nl\\\/product\\\/microsoft-windows-11-professional-microsoft-visio-2024-professional-lizenz-fur-3-pc\\\/#primaryimage\"},\"image\":{\"@id\":\"https:\\\/\\\/livekaarten.nl\\\/product\\\/microsoft-windows-11-professional-microsoft-visio-2024-professional-lizenz-fur-3-pc\\\/#primaryimage\"},\"thumbnailUrl\":\"https:\\\/\\\/livekaarten.nl\\\/wp-content\\\/uploads\\\/2025\\\/04\\\/W11PV24P.jpg\",\"datePublished\":\"2024-11-03T16:31:40+00:00\",\"dateModified\":\"2026-04-03T10:03:41+00:00\",\"breadcrumb\":{\"@id\":\"https:\\\/\\\/livekaarten.nl\\\/product\\\/microsoft-windows-11-professional-microsoft-visio-2024-professional-lizenz-fur-3-pc\\\/#breadcrumb\"},\"inLanguage\":\"fr-FR\",\"potentialAction\":[{\"@type\":\"ReadAction\",\"target\":[\"https:\\\/\\\/livekaarten.nl\\\/product\\\/microsoft-windows-11-professional-microsoft-visio-2024-professional-lizenz-fur-3-pc\\\/\"]}]},{\"@type\":\"ImageObject\",\"inLanguage\":\"fr-FR\",\"@id\":\"https:\\\/\\\/livekaarten.nl\\\/product\\\/microsoft-windows-11-professional-microsoft-visio-2024-professional-lizenz-fur-3-pc\\\/#primaryimage\",\"url\":\"https:\\\/\\\/livekaarten.nl\\\/wp-content\\\/uploads\\\/2025\\\/04\\\/W11PV24P.jpg\",\"contentUrl\":\"https:\\\/\\\/livekaarten.nl\\\/wp-content\\\/uploads\\\/2025\\\/04\\\/W11PV24P.jpg\",\"width\":1000,\"height\":1500},{\"@type\":\"BreadcrumbList\",\"@id\":\"https:\\\/\\\/livekaarten.nl\\\/product\\\/microsoft-windows-11-professional-microsoft-visio-2024-professional-lizenz-fur-3-pc\\\/#breadcrumb\",\"itemListElement\":[{\"@type\":\"ListItem\",\"position\":1,\"name\":\"Home\",\"item\":\"https:\\\/\\\/livekaarten.nl\\\/\"},{\"@type\":\"ListItem\",\"position\":2,\"name\":\"Winkel\",\"item\":\"https:\\\/\\\/livekaarten.nl\\\/shop\\\/\"},{\"@type\":\"ListItem\",\"position\":3,\"name\":\"Microsoft Windows 11 Professional + Microsoft Visio 2024 Professional Licentie voor 3 apparaten\"}]},{\"@type\":\"WebSite\",\"@id\":\"https:\\\/\\\/livekaarten.nl\\\/#website\",\"url\":\"https:\\\/\\\/livekaarten.nl\\\/\",\"name\":\"Livekaarten.nl\",\"description\":\"Koop uw kantoor\",\"potentialAction\":[{\"@type\":\"SearchAction\",\"target\":{\"@type\":\"EntryPoint\",\"urlTemplate\":\"https:\\\/\\\/livekaarten.nl\\\/?s={search_term_string}\"},\"query-input\":{\"@type\":\"PropertyValueSpecification\",\"valueRequired\":true,\"valueName\":\"search_term_string\"}}],\"inLanguage\":\"fr-FR\"}]}<\/script>\n<!-- \/ Yoast SEO plugin. -->","yoast_head_json":{"title":"Microsoft Windows 11 Professional + Microsoft Visio 2024 Professional Licentie voor 3 apparaten | livekaarten.nl","robots":{"index":"index","follow":"follow","max-snippet":"max-snippet:-1","max-image-preview":"max-image-preview:large","max-video-preview":"max-video-preview:-1"},"canonical":"https:\/\/livekaarten.nl\/fr\/produit\/microsoft-windows-11-professional-microsoft-visio-2024-professional-lizenz-fur-3-pc\/","og_locale":"fr_FR","og_type":"article","og_title":"Microsoft Windows 11 Professional + Microsoft Visio 2024 Professional Licentie voor 3 apparaten | livekaarten.nl","og_description":"Microsoft Windows 11 Professional licentie voor 3 pc's  Microsoft Visio 2024 Professional licentie voor 3 pc's  Met deze licentie kan de software op 3 verschillende apparaten worden geactiveerd, bijvoorbeeld thuis-pc, laptop en werkcomputer  30 dagen volledige terugbetaling \u2013 levenslange vervangingsgarantie!  Versie voor 64-bits systemen  Levering per e-mail: productsleutel, instructies, downloadlinks, factuur  Directe download!  Geen tijdslimiet, geen abonnement  Gratis ondersteuning bij installatie en activering  Niet beschikbaar op fysieke media (USB, CD, enz.)  Activering online of telefonisch  Voor Microsoft Windows  Dit product is compatibel met Windows.  NIET compatibel met Apple macOS\u2122\ufe0f, Android-apparaten of Chromebooks.","og_url":"https:\/\/livekaarten.nl\/fr\/produit\/microsoft-windows-11-professional-microsoft-visio-2024-professional-lizenz-fur-3-pc\/","og_site_name":"livekaarten.nl","article_modified_time":"2026-04-03T10:03:41+00:00","og_image":[{"width":1000,"height":1500,"url":"https:\/\/livekaarten.nl\/wp-content\/uploads\/2025\/04\/W11PV24P.jpg","type":"image\/jpeg"}],"twitter_card":"summary_large_image","twitter_misc":{"Dur\u00e9e de lecture estim\u00e9e":"3 minutes"},"schema":{"@context":"https:\/\/schema.org","@graph":[{"@type":"WebPage","@id":"https:\/\/livekaarten.nl\/product\/microsoft-windows-11-professional-microsoft-visio-2024-professional-lizenz-fur-3-pc\/","url":"https:\/\/livekaarten.nl\/product\/microsoft-windows-11-professional-microsoft-visio-2024-professional-lizenz-fur-3-pc\/","name":"Microsoft Windows 11 Professional + Microsoft Visio 2024 Professional Licentie voor 3 apparaten | livekaarten.nl","isPartOf":{"@id":"https:\/\/livekaarten.nl\/#website"},"primaryImageOfPage":{"@id":"https:\/\/livekaarten.nl\/product\/microsoft-windows-11-professional-microsoft-visio-2024-professional-lizenz-fur-3-pc\/#primaryimage"},"image":{"@id":"https:\/\/livekaarten.nl\/product\/microsoft-windows-11-professional-microsoft-visio-2024-professional-lizenz-fur-3-pc\/#primaryimage"},"thumbnailUrl":"https:\/\/livekaarten.nl\/wp-content\/uploads\/2025\/04\/W11PV24P.jpg","datePublished":"2024-11-03T16:31:40+00:00","dateModified":"2026-04-03T10:03:41+00:00","breadcrumb":{"@id":"https:\/\/livekaarten.nl\/product\/microsoft-windows-11-professional-microsoft-visio-2024-professional-lizenz-fur-3-pc\/#breadcrumb"},"inLanguage":"fr-FR","potentialAction":[{"@type":"ReadAction","target":["https:\/\/livekaarten.nl\/product\/microsoft-windows-11-professional-microsoft-visio-2024-professional-lizenz-fur-3-pc\/"]}]},{"@type":"ImageObject","inLanguage":"fr-FR","@id":"https:\/\/livekaarten.nl\/product\/microsoft-windows-11-professional-microsoft-visio-2024-professional-lizenz-fur-3-pc\/#primaryimage","url":"https:\/\/livekaarten.nl\/wp-content\/uploads\/2025\/04\/W11PV24P.jpg","contentUrl":"https:\/\/livekaarten.nl\/wp-content\/uploads\/2025\/04\/W11PV24P.jpg","width":1000,"height":1500},{"@type":"BreadcrumbList","@id":"https:\/\/livekaarten.nl\/product\/microsoft-windows-11-professional-microsoft-visio-2024-professional-lizenz-fur-3-pc\/#breadcrumb","itemListElement":[{"@type":"ListItem","position":1,"name":"Home","item":"https:\/\/livekaarten.nl\/"},{"@type":"ListItem","position":2,"name":"Winkel","item":"https:\/\/livekaarten.nl\/shop\/"},{"@type":"ListItem","position":3,"name":"Microsoft Windows 11 Professional + Microsoft Visio 2024 Professional Licentie voor 3 apparaten"}]},{"@type":"WebSite","@id":"https:\/\/livekaarten.nl\/#website","url":"https:\/\/livekaarten.nl\/","name":"Livecards.co.uk","description":"Acheter votre bureau","potentialAction":[{"@type":"SearchAction","target":{"@type":"EntryPoint","urlTemplate":"https:\/\/livekaarten.nl\/?s={search_term_string}"},"query-input":{"@type":"PropertyValueSpecification","valueRequired":true,"valueName":"search_term_string"}}],"inLanguage":"fr-FR"}]}},"_links":{"self":[{"href":"https:\/\/livekaarten.nl\/fr\/wp-json\/wp\/v2\/product\/114082","targetHints":{"allow":["GET"]}}],"collection":[{"href":"https:\/\/livekaarten.nl\/fr\/wp-json\/wp\/v2\/product"}],"about":[{"href":"https:\/\/livekaarten.nl\/fr\/wp-json\/wp\/v2\/types\/product"}],"replies":[{"embeddable":true,"href":"https:\/\/livekaarten.nl\/fr\/wp-json\/wp\/v2\/comments?post=114082"}],"wp:featuredmedia":[{"embeddable":true,"href":"https:\/\/livekaarten.nl\/fr\/wp-json\/wp\/v2\/media\/114636"}],"wp:attachment":[{"href":"https:\/\/livekaarten.nl\/fr\/wp-json\/wp\/v2\/media?parent=114082"}],"wp:term":[{"taxonomy":"product_cat","embeddable":true,"href":"https:\/\/livekaarten.nl\/fr\/wp-json\/wp\/v2\/product_cat?post=114082"},{"taxonomy":"product_tag","embeddable":true,"href":"https:\/\/livekaarten.nl\/fr\/wp-json\/wp\/v2\/product_tag?post=114082"}],"curies":[{"name":"wp","href":"https:\/\/api.w.org\/{rel}","templated":true}]}}