{"id":114081,"date":"2024-11-03T18:31:40","date_gmt":"2024-11-03T16:31:40","guid":{"rendered":"https:\/\/gamecardshop.com\/livecards\/?post_type=product&#038;p=114081"},"modified":"2026-04-03T12:03:41","modified_gmt":"2026-04-03T10:03:41","slug":"microsoft-office-2024-professional-plus-microsoft-project-2024-professional-fur-3-pc","status":"publish","type":"product","link":"https:\/\/livekaarten.nl\/fr\/produit\/microsoft-office-2024-professional-plus-microsoft-project-2024-professional-fur-3-pc\/","title":{"rendered":"Microsoft Office 2024 Professional Plus + Microsoft Project 2024 Professional Licence pour 3 appareils"},"content":{"rendered":"<h3><strong>Microsoft Office 2024 Professional Plus<\/strong><\/h3>\n<div style=\"margin-bottom: 15px;\"><strong>Cette licence permet d'activer le logiciel sur 3 appareils diff\u00e9rents, par exemple un PC domestique, un ordinateur portable et un PC professionnel.<\/strong><\/div>\n<div style=\"margin-bottom: 15px;\">Pour les utilisateurs qui souhaitent profiter de toutes les applications Office \u00e0 la maison ou au bureau, Microsoft Office 2024 Professional Plus est un excellent choix. Tous les programmes essentiels sont inclus : Word, Excel, Outlook, PowerPoint et Access (Publisher n'est plus inclus car il sera progressivement supprim\u00e9 en 2026). OneNote est disponible via le Microsoft Store, ce qui vous permet de prendre facilement des notes et d'y acc\u00e9der via le nuage sur n'importe quel appareil. Son large \u00e9ventail d'applications en fait la solution id\u00e9ale pour les travailleurs \u00e0 domicile, les petites entreprises et les professionnels qui ont besoin d'une solution puissante et fiable pour g\u00e9rer des documents, des feuilles de calcul et bien d'autres choses encore.<\/div>\n<ul>\n<li><strong>Devenir<\/strong>Les documents textuels : Cr\u00e9ez rapidement des documents textuels de qualit\u00e9 professionnelle.<\/li>\n<li><strong>Excel<\/strong>Les feuilles de calcul intelligentes pour une gestion efficace des donn\u00e9es.<\/li>\n<li><strong>PowerPoint<\/strong>: Cr\u00e9er des pr\u00e9sentations dynamiques et impressionnantes.<\/li>\n<li><strong>OneNote<\/strong>: Votre carnet de notes num\u00e9rique.<\/li>\n<li><strong>Perspectives<\/strong>Gestion efficace du courrier \u00e9lectronique et du calendrier : Gestion efficace du courrier \u00e9lectronique et du calendrier.<\/li>\n<li><strong>Acc\u00e8s<\/strong>Les bases de donn\u00e9es avanc\u00e9es pour les applications d'entreprise : les bases de donn\u00e9es avanc\u00e9es pour les applications d'entreprise.<\/li>\n<\/ul>\n<p><strong>Remarque importante :<\/strong> <strong>Microsoft Teams<\/strong> est <strong>PAS<\/strong> inclus dans cette version Office !<\/p>\n<div><strong>Exigences du syst\u00e8me :<\/strong> Microsoft Windows 10 ou 11<\/div>\n<p>&nbsp;<\/p>\n<h3><strong>Microsoft Project 2024 Professionnel<\/strong><\/h3>\n<p>Microsoft Project 2024 offre des outils puissants et des fonctionnalit\u00e9s am\u00e9lior\u00e9es qui permettent aux \u00e9quipes de planifier, g\u00e9rer et ex\u00e9cuter leurs projets plus efficacement. Id\u00e9al pour les d\u00e9butants et les chefs de projet exp\u00e9riment\u00e9s travaillant sur des projets complexes :<\/p>\n<ul>\n<li>Nouvelle interface utilisateur intuitive et personnalisable avec des options d'affichage flexibles<\/li>\n<li>Des mod\u00e8les pr\u00eats \u00e0 l'emploi pour d\u00e9marrer rapidement<\/li>\n<li>Synchronisation transparente avec Project Online et Project Server<\/li>\n<li>Simuler des sc\u00e9narios \u201cwhat-if\u201d pour optimiser les ressources et les d\u00e9lais<\/li>\n<li>Calcul automatique des dates de d\u00e9but et de fin en fonction des d\u00e9pendances<\/li>\n<li>Utilisation de lignes de temps multiples pour une visualisation claire de diagrammes complexes<\/li>\n<li>Nouvelles options d'affichage telles que Kanban et Scrumboard pour les styles de projets modernes<\/li>\n<li>Soutien aux m\u00e9thodes de travail Agile, Scrum, Waterfall et hybrides<\/li>\n<\/ul>\n<div id=\"simple-translate\" class=\"simple-translate-system-theme\">\n<div>\n<div class=\"simple-translate-panel\" style=\"width: 300px; height: 200px; top: 0; left: 0; font-size: 13px;\">\n<div class=\"simple-translate-result-wrapper\" style=\"overflow: hidden;\">\n<div class=\"simple-translate-move\"><\/div>\n<div class=\"simple-translate-result-contents\">\n<p class=\"simple-translate-candidate\" dir=\"auto\">\n<\/div>\n<\/div>\n<\/div>\n<\/div>\n<\/div>","protected":false},"excerpt":{"rendered":"<ul>\n<li>Microsoft Office 2024 Professional Plus licence pour 3 PCs<\/li>\n<li>Licence professionnelle Microsoft Project 2024 pour 3 PCs<\/li>\n<li><strong>Cette licence vous permet d'activer le logiciel sur 3 appareils diff\u00e9rents, tels qu'un PC domestique, un ordinateur portable et un PC professionnel.<\/strong><\/li>\n<li>Convient aux syst\u00e8mes 32 et 64 bits, versions compl\u00e8tes et illimit\u00e9es <strong>par un partenaire certifi\u00e9 Microsoft Gold Partner<\/strong><\/li>\n<li><strong>Garantie de remboursement de 30 jours - garantie de remplacement \u00e0 vie !<\/strong><\/li>\n<li>Livraison par e-mail : cl\u00e9 du produit, manuel d'installation, liens de t\u00e9l\u00e9chargement et facture<\/li>\n<li>T\u00e9l\u00e9chargement imm\u00e9diat !<\/li>\n<li>Pas de limite de temps, pas d'abonnement n\u00e9cessaire<\/li>\n<li>Assistance gratuite \u00e0 l'installation et \u00e0 l'activation 24 heures sur 24, 7 jours sur 7<\/li>\n<li>Pas de livraison sur support physique (USB, CD, etc.)<\/li>\n<li>Activation possible par internet et par t\u00e9l\u00e9phone<\/li>\n<li>Langues : anglais, espagnol, italien, allemand, fran\u00e7ais<\/li>\n<li><strong><span style=\"color: #008000;\">Ce produit est compatible avec Microsoft Windows.<\/span><\/strong><\/li>\n<li><strong><span style=\"color: #ff0000;\">NON compatible avec Apple macOS\u2122, les appareils Android ou les Chromebooks.<\/span><\/strong><\/li>\n<\/ul>","protected":false},"featured_media":114627,"comment_status":"closed","ping_status":"closed","template":"","meta":[],"product_cat":[137,75,129,136],"product_tag":[79,84],"class_list":{"0":"post-114081","1":"product","2":"type-product","3":"status-publish","4":"has-post-thumbnail","6":"product_cat-bestseller","7":"product_cat-microsoft-office","8":"product_cat-office-2024","9":"product_cat-project","10":"product_tag-ms-office","11":"product_tag-office","13":"first","14":"instock","15":"sale","16":"featured","17":"virtual","18":"taxable","19":"purchasable","20":"product-type-simple"},"yoast_head":"<!-- This site is optimized with the Yoast SEO plugin v27.3 - https:\/\/yoast.com\/product\/yoast-seo-wordpress\/ -->\n<title>Microsoft Office 2024 Professional Plus + Microsoft Project 2024 Professional Licentie voor 3 apparaten | livekaarten.nl<\/title>\n<meta name=\"robots\" content=\"index, follow, max-snippet:-1, max-image-preview:large, max-video-preview:-1\" \/>\n<link rel=\"canonical\" href=\"https:\/\/livekaarten.nl\/fr\/produit\/microsoft-office-2024-professional-plus-microsoft-project-2024-professional-fur-3-pc\/\" \/>\n<meta property=\"og:locale\" content=\"fr_FR\" \/>\n<meta property=\"og:type\" content=\"article\" \/>\n<meta property=\"og:title\" content=\"Microsoft Office 2024 Professional Plus + Microsoft Project 2024 Professional Licentie voor 3 apparaten | livekaarten.nl\" \/>\n<meta property=\"og:description\" content=\"Microsoft Office 2024 Professional Plus-licentie voor 3 pc&#039;s  Microsoft Project 2024 Professional-licentie voor 3 pc&#039;s  Met deze licentie kun je de software activeren op 3 verschillende apparaten, zoals een thuis-pc, laptop en werk-pc.  Geschikt voor 32- en 64-bits systemen, volledige onbeperkte versies van een gecertificeerde Microsoft Gold Partner  30 dagen geld-terug-garantie \u2013 levenslange vervangingsgarantie!  Levering via e-mail: productsleutel, installatiehandleiding, downloadlinks en factuur  Directe download!  Geen tijdslimiet, geen abonnement nodig  Gratis 24\/7 ondersteuning bij installatie en activatie  Geen levering op fysieke dragers (USB, CD, enz.)  Activering mogelijk via internet en telefoon  Talen: Engels, Spaans, Italiaans, Duits, Frans  Dit product is compatibel met Microsoft Windows.  NIET compatibel met Apple macOS\u2122, Android-apparaten of Chromebooks.\" \/>\n<meta property=\"og:url\" content=\"https:\/\/livekaarten.nl\/fr\/produit\/microsoft-office-2024-professional-plus-microsoft-project-2024-professional-fur-3-pc\/\" \/>\n<meta property=\"og:site_name\" content=\"livekaarten.nl\" \/>\n<meta property=\"article:modified_time\" content=\"2026-04-03T10:03:41+00:00\" \/>\n<meta property=\"og:image\" content=\"https:\/\/livekaarten.nl\/wp-content\/uploads\/2025\/04\/O24PPP24P.jpg\" \/>\n\t<meta property=\"og:image:width\" content=\"1000\" \/>\n\t<meta property=\"og:image:height\" content=\"1500\" \/>\n\t<meta property=\"og:image:type\" content=\"image\/jpeg\" \/>\n<meta name=\"twitter:card\" content=\"summary_large_image\" \/>\n<meta name=\"twitter:label1\" content=\"Dur\u00e9e de lecture estim\u00e9e\" \/>\n\t<meta name=\"twitter:data1\" content=\"2 minutes\" \/>\n<script type=\"application\/ld+json\" class=\"yoast-schema-graph\">{\"@context\":\"https:\\\/\\\/schema.org\",\"@graph\":[{\"@type\":\"WebPage\",\"@id\":\"https:\\\/\\\/livekaarten.nl\\\/product\\\/microsoft-office-2024-professional-plus-microsoft-project-2024-professional-fur-3-pc\\\/\",\"url\":\"https:\\\/\\\/livekaarten.nl\\\/product\\\/microsoft-office-2024-professional-plus-microsoft-project-2024-professional-fur-3-pc\\\/\",\"name\":\"Microsoft Office 2024 Professional Plus + Microsoft Project 2024 Professional Licentie voor 3 apparaten | livekaarten.nl\",\"isPartOf\":{\"@id\":\"https:\\\/\\\/livekaarten.nl\\\/#website\"},\"primaryImageOfPage\":{\"@id\":\"https:\\\/\\\/livekaarten.nl\\\/product\\\/microsoft-office-2024-professional-plus-microsoft-project-2024-professional-fur-3-pc\\\/#primaryimage\"},\"image\":{\"@id\":\"https:\\\/\\\/livekaarten.nl\\\/product\\\/microsoft-office-2024-professional-plus-microsoft-project-2024-professional-fur-3-pc\\\/#primaryimage\"},\"thumbnailUrl\":\"https:\\\/\\\/livekaarten.nl\\\/wp-content\\\/uploads\\\/2025\\\/04\\\/O24PPP24P.jpg\",\"datePublished\":\"2024-11-03T16:31:40+00:00\",\"dateModified\":\"2026-04-03T10:03:41+00:00\",\"breadcrumb\":{\"@id\":\"https:\\\/\\\/livekaarten.nl\\\/product\\\/microsoft-office-2024-professional-plus-microsoft-project-2024-professional-fur-3-pc\\\/#breadcrumb\"},\"inLanguage\":\"fr-FR\",\"potentialAction\":[{\"@type\":\"ReadAction\",\"target\":[\"https:\\\/\\\/livekaarten.nl\\\/product\\\/microsoft-office-2024-professional-plus-microsoft-project-2024-professional-fur-3-pc\\\/\"]}]},{\"@type\":\"ImageObject\",\"inLanguage\":\"fr-FR\",\"@id\":\"https:\\\/\\\/livekaarten.nl\\\/product\\\/microsoft-office-2024-professional-plus-microsoft-project-2024-professional-fur-3-pc\\\/#primaryimage\",\"url\":\"https:\\\/\\\/livekaarten.nl\\\/wp-content\\\/uploads\\\/2025\\\/04\\\/O24PPP24P.jpg\",\"contentUrl\":\"https:\\\/\\\/livekaarten.nl\\\/wp-content\\\/uploads\\\/2025\\\/04\\\/O24PPP24P.jpg\",\"width\":1000,\"height\":1500},{\"@type\":\"BreadcrumbList\",\"@id\":\"https:\\\/\\\/livekaarten.nl\\\/product\\\/microsoft-office-2024-professional-plus-microsoft-project-2024-professional-fur-3-pc\\\/#breadcrumb\",\"itemListElement\":[{\"@type\":\"ListItem\",\"position\":1,\"name\":\"Home\",\"item\":\"https:\\\/\\\/livekaarten.nl\\\/\"},{\"@type\":\"ListItem\",\"position\":2,\"name\":\"Winkel\",\"item\":\"https:\\\/\\\/livekaarten.nl\\\/shop\\\/\"},{\"@type\":\"ListItem\",\"position\":3,\"name\":\"Microsoft Office 2024 Professional Plus + Microsoft Project 2024 Professional Licentie voor 3 apparaten\"}]},{\"@type\":\"WebSite\",\"@id\":\"https:\\\/\\\/livekaarten.nl\\\/#website\",\"url\":\"https:\\\/\\\/livekaarten.nl\\\/\",\"name\":\"Livekaarten.nl\",\"description\":\"Koop uw kantoor\",\"potentialAction\":[{\"@type\":\"SearchAction\",\"target\":{\"@type\":\"EntryPoint\",\"urlTemplate\":\"https:\\\/\\\/livekaarten.nl\\\/?s={search_term_string}\"},\"query-input\":{\"@type\":\"PropertyValueSpecification\",\"valueRequired\":true,\"valueName\":\"search_term_string\"}}],\"inLanguage\":\"fr-FR\"}]}<\/script>\n<!-- \/ Yoast SEO plugin. -->","yoast_head_json":{"title":"Microsoft Office 2024 Professional Plus + Microsoft Project 2024 Professional Licentie voor 3 apparaten | livekaarten.nl","robots":{"index":"index","follow":"follow","max-snippet":"max-snippet:-1","max-image-preview":"max-image-preview:large","max-video-preview":"max-video-preview:-1"},"canonical":"https:\/\/livekaarten.nl\/fr\/produit\/microsoft-office-2024-professional-plus-microsoft-project-2024-professional-fur-3-pc\/","og_locale":"fr_FR","og_type":"article","og_title":"Microsoft Office 2024 Professional Plus + Microsoft Project 2024 Professional Licentie voor 3 apparaten | livekaarten.nl","og_description":"Microsoft Office 2024 Professional Plus-licentie voor 3 pc's  Microsoft Project 2024 Professional-licentie voor 3 pc's  Met deze licentie kun je de software activeren op 3 verschillende apparaten, zoals een thuis-pc, laptop en werk-pc.  Geschikt voor 32- en 64-bits systemen, volledige onbeperkte versies van een gecertificeerde Microsoft Gold Partner  30 dagen geld-terug-garantie \u2013 levenslange vervangingsgarantie!  Levering via e-mail: productsleutel, installatiehandleiding, downloadlinks en factuur  Directe download!  Geen tijdslimiet, geen abonnement nodig  Gratis 24\/7 ondersteuning bij installatie en activatie  Geen levering op fysieke dragers (USB, CD, enz.)  Activering mogelijk via internet en telefoon  Talen: Engels, Spaans, Italiaans, Duits, Frans  Dit product is compatibel met Microsoft Windows.  NIET compatibel met Apple macOS\u2122, Android-apparaten of Chromebooks.","og_url":"https:\/\/livekaarten.nl\/fr\/produit\/microsoft-office-2024-professional-plus-microsoft-project-2024-professional-fur-3-pc\/","og_site_name":"livekaarten.nl","article_modified_time":"2026-04-03T10:03:41+00:00","og_image":[{"width":1000,"height":1500,"url":"https:\/\/livekaarten.nl\/wp-content\/uploads\/2025\/04\/O24PPP24P.jpg","type":"image\/jpeg"}],"twitter_card":"summary_large_image","twitter_misc":{"Dur\u00e9e de lecture estim\u00e9e":"2 minutes"},"schema":{"@context":"https:\/\/schema.org","@graph":[{"@type":"WebPage","@id":"https:\/\/livekaarten.nl\/product\/microsoft-office-2024-professional-plus-microsoft-project-2024-professional-fur-3-pc\/","url":"https:\/\/livekaarten.nl\/product\/microsoft-office-2024-professional-plus-microsoft-project-2024-professional-fur-3-pc\/","name":"Microsoft Office 2024 Professional Plus + Microsoft Project 2024 Professional Licentie voor 3 apparaten | livekaarten.nl","isPartOf":{"@id":"https:\/\/livekaarten.nl\/#website"},"primaryImageOfPage":{"@id":"https:\/\/livekaarten.nl\/product\/microsoft-office-2024-professional-plus-microsoft-project-2024-professional-fur-3-pc\/#primaryimage"},"image":{"@id":"https:\/\/livekaarten.nl\/product\/microsoft-office-2024-professional-plus-microsoft-project-2024-professional-fur-3-pc\/#primaryimage"},"thumbnailUrl":"https:\/\/livekaarten.nl\/wp-content\/uploads\/2025\/04\/O24PPP24P.jpg","datePublished":"2024-11-03T16:31:40+00:00","dateModified":"2026-04-03T10:03:41+00:00","breadcrumb":{"@id":"https:\/\/livekaarten.nl\/product\/microsoft-office-2024-professional-plus-microsoft-project-2024-professional-fur-3-pc\/#breadcrumb"},"inLanguage":"fr-FR","potentialAction":[{"@type":"ReadAction","target":["https:\/\/livekaarten.nl\/product\/microsoft-office-2024-professional-plus-microsoft-project-2024-professional-fur-3-pc\/"]}]},{"@type":"ImageObject","inLanguage":"fr-FR","@id":"https:\/\/livekaarten.nl\/product\/microsoft-office-2024-professional-plus-microsoft-project-2024-professional-fur-3-pc\/#primaryimage","url":"https:\/\/livekaarten.nl\/wp-content\/uploads\/2025\/04\/O24PPP24P.jpg","contentUrl":"https:\/\/livekaarten.nl\/wp-content\/uploads\/2025\/04\/O24PPP24P.jpg","width":1000,"height":1500},{"@type":"BreadcrumbList","@id":"https:\/\/livekaarten.nl\/product\/microsoft-office-2024-professional-plus-microsoft-project-2024-professional-fur-3-pc\/#breadcrumb","itemListElement":[{"@type":"ListItem","position":1,"name":"Home","item":"https:\/\/livekaarten.nl\/"},{"@type":"ListItem","position":2,"name":"Winkel","item":"https:\/\/livekaarten.nl\/shop\/"},{"@type":"ListItem","position":3,"name":"Microsoft Office 2024 Professional Plus + Microsoft Project 2024 Professional Licentie voor 3 apparaten"}]},{"@type":"WebSite","@id":"https:\/\/livekaarten.nl\/#website","url":"https:\/\/livekaarten.nl\/","name":"Livecards.co.uk","description":"Acheter votre bureau","potentialAction":[{"@type":"SearchAction","target":{"@type":"EntryPoint","urlTemplate":"https:\/\/livekaarten.nl\/?s={search_term_string}"},"query-input":{"@type":"PropertyValueSpecification","valueRequired":true,"valueName":"search_term_string"}}],"inLanguage":"fr-FR"}]}},"_links":{"self":[{"href":"https:\/\/livekaarten.nl\/fr\/wp-json\/wp\/v2\/product\/114081","targetHints":{"allow":["GET"]}}],"collection":[{"href":"https:\/\/livekaarten.nl\/fr\/wp-json\/wp\/v2\/product"}],"about":[{"href":"https:\/\/livekaarten.nl\/fr\/wp-json\/wp\/v2\/types\/product"}],"replies":[{"embeddable":true,"href":"https:\/\/livekaarten.nl\/fr\/wp-json\/wp\/v2\/comments?post=114081"}],"wp:featuredmedia":[{"embeddable":true,"href":"https:\/\/livekaarten.nl\/fr\/wp-json\/wp\/v2\/media\/114627"}],"wp:attachment":[{"href":"https:\/\/livekaarten.nl\/fr\/wp-json\/wp\/v2\/media?parent=114081"}],"wp:term":[{"taxonomy":"product_cat","embeddable":true,"href":"https:\/\/livekaarten.nl\/fr\/wp-json\/wp\/v2\/product_cat?post=114081"},{"taxonomy":"product_tag","embeddable":true,"href":"https:\/\/livekaarten.nl\/fr\/wp-json\/wp\/v2\/product_tag?post=114081"}],"curies":[{"name":"wp","href":"https:\/\/api.w.org\/{rel}","templated":true}]}}