{"id":114080,"date":"2024-11-03T18:31:40","date_gmt":"2024-11-03T16:31:40","guid":{"rendered":"https:\/\/gamecardshop.com\/livecards\/?post_type=product&#038;p=114080"},"modified":"2026-04-03T12:03:33","modified_gmt":"2026-04-03T10:03:33","slug":"microsoft-office-2024-professional-plus-microsoft-visio-2024-professional-fur-3-pc","status":"publish","type":"product","link":"https:\/\/livekaarten.nl\/fr\/produit\/microsoft-office-2024-professional-plus-microsoft-visio-2024-professional-fur-3-pc\/","title":{"rendered":"Microsoft Office 2024 Professional Plus + Microsoft Visio 2024 Professional Licence pour 3 appareils"},"content":{"rendered":"<h3><strong>Microsoft Office 2024 Professional Plus<\/strong><\/h3>\n<div style=\"margin-bottom: 15px;\"><strong>Cette licence vous permet d'activer le logiciel sur 3 appareils diff\u00e9rents, tels qu'un PC domestique, un ordinateur portable et un PC professionnel.<\/strong><\/div>\n<div style=\"margin-bottom: 15px;\">Pour les utilisateurs qui ont besoin de la suite compl\u00e8te d'applications Office \u00e0 la maison ou au bureau, Microsoft Office 2024 Professional Plus est le choix id\u00e9al. Tous les programmes essentiels sont inclus : Word, Excel, Outlook, PowerPoint et Access. (OneNote est t\u00e9l\u00e9chargeable gratuitement \u00e0 partir du Microsoft Windows Store, ce qui vous permet de prendre rapidement des notes et de les synchroniser sur tous vos appareils via le cloud. Ses nombreuses fonctionnalit\u00e9s le rendent particuli\u00e8rement adapt\u00e9 aux travailleurs \u00e0 domicile, aux petites entreprises et \u00e0 tous ceux qui ont besoin d'une solution bureautique puissante et fiable.<\/div>\n<ul>\n<li><strong>Devenir<\/strong>Les documents textuels professionnels : Cr\u00e9ez des documents textuels professionnels en un rien de temps.<\/li>\n<li><strong>Excel<\/strong>Les feuilles de calcul avanc\u00e9es pour la gestion et l'analyse des donn\u00e9es.<\/li>\n<li><strong>PowerPoint<\/strong>Les comp\u00e9tences en mati\u00e8re de gestion des ressources humaines sont les suivantes : cr\u00e9er des pr\u00e9sentations dynamiques et convaincantes.<\/li>\n<li><strong>OneNote<\/strong>Le carnet de notes num\u00e9rique : Votre carnet de notes num\u00e9rique, disponible \u00e0 tout moment et en tout lieu.<\/li>\n<li><strong>Perspectives<\/strong>Les outils de courrier \u00e9lectronique et de calendrier intelligents pour une communication efficace.<\/li>\n<li><strong>Acc\u00e8s<\/strong>: Cr\u00e9er des bases de donn\u00e9es puissantes pour des applications bas\u00e9es sur un navigateur.<\/li>\n<\/ul>\n<p><strong>Remarque importante :<\/strong> <strong>Microsoft Teams<\/strong> est <strong>PAS<\/strong> inclus dans cette version Office.<\/p>\n<div><strong>Syst\u00e8me d'exploitation requis :<\/strong> Microsoft Windows 10 ou 11<\/div>\n<hr \/>\n<h3><strong>Microsoft Visio 2024 Professionnel<\/strong><\/h3>\n<p>Avec Microsoft Visio 2024, les individus et les \u00e9quipes peuvent facilement cr\u00e9er et partager des diagrammes professionnels et polyvalents \u00e0 des fins diverses. Cette derni\u00e8re version comprend des formes, des mod\u00e8les et des styles mis \u00e0 jour, ainsi qu'une fonction de recherche actualis\u00e9e et un design moderne qui compl\u00e8te parfaitement les autres applications Office.<\/p>\n<p>Nouveaut\u00e9s de Visio 2024 :<\/p>\n<ul>\n<li>Biblioth\u00e8que \u00e9tendue de formes, de mod\u00e8les et de pochoirs pour des flux de travail plus rapides.<\/li>\n<li>Conception moderne avec des effets de transparence derri\u00e8re le canevas et les menus pour un aspect \u00e9l\u00e9gant.<\/li>\n<li>Nouveau style d'interface utilisateur bas\u00e9 sur Office 2024, comprenant un mode sombre et des am\u00e9liorations en mati\u00e8re d'accessibilit\u00e9.<\/li>\n<li>La barre de recherche est d\u00e9sormais disponible dans la barre de titre pour un acc\u00e8s plus rapide aux fonctions.<\/li>\n<li>Analyse avanc\u00e9e des processus avec des blocs dynamiques pour la visualisation des flux de donn\u00e9es.<\/li>\n<\/ul>","protected":false},"excerpt":{"rendered":"<ul>\n<li>Microsoft Office 2024 Professional Plus licence pour 3 PCs<\/li>\n<li>Licence professionnelle Microsoft Visio 2024 pour 3 PC<\/li>\n<li><strong>Cette licence vous permet d'activer le logiciel sur 3 appareils diff\u00e9rents, tels qu'un PC domestique, un ordinateur portable et un PC professionnel.<\/strong><\/li>\n<li>Convient aux syst\u00e8mes 32 et 64 bits, versions compl\u00e8tes et illimit\u00e9es du logiciel <strong>par un partenaire certifi\u00e9 Microsoft Gold Partner<\/strong><\/li>\n<li><strong>Garantie de remboursement de 30 jours + garantie de remplacement \u00e0 vie !<\/strong><\/li>\n<li>Livraison par e-mail : cl\u00e9 du produit, manuel d'installation, liens de t\u00e9l\u00e9chargement et facture<\/li>\n<li>T\u00e9l\u00e9chargement imm\u00e9diat !<\/li>\n<li>Pas de limite de temps, pas d'abonnement n\u00e9cessaire<\/li>\n<li>Assistance gratuite \u00e0 l'installation et \u00e0 l'activation 24 heures sur 24, 7 jours sur 7<\/li>\n<li>Pas de livraison physique (pas d'USB, de CD ou d'autre support de stockage)<\/li>\n<li>Activation possible par internet ou par t\u00e9l\u00e9phone<\/li>\n<li>Langues disponibles : anglais, espagnol, italien, allemand et fran\u00e7ais<\/li>\n<li><strong><span style=\"color: #008000;\">Compatible avec Microsoft Windows.<\/span><\/strong><\/li>\n<li><strong><span style=\"color: #ff0000;\">NON compatible avec Apple macOS\u2122, les appareils Android ou les Chromebooks.<\/span><\/strong><\/li>\n<\/ul>","protected":false},"featured_media":114628,"comment_status":"closed","ping_status":"closed","template":"","meta":[],"product_cat":[137,81,75,129,135],"product_tag":[79,84],"class_list":{"0":"post-114080","1":"product","2":"type-product","3":"status-publish","4":"has-post-thumbnail","6":"product_cat-bestseller","7":"product_cat-combo","8":"product_cat-microsoft-office","9":"product_cat-office-2024","10":"product_cat-visio","11":"product_tag-ms-office","12":"product_tag-office","14":"first","15":"instock","16":"sale","17":"featured","18":"virtual","19":"taxable","20":"purchasable","21":"product-type-simple"},"yoast_head":"<!-- This site is optimized with the Yoast SEO plugin v27.3 - https:\/\/yoast.com\/product\/yoast-seo-wordpress\/ -->\n<title>Microsoft Office 2024 Professional Plus + Microsoft Visio 2024 Professional Licentie voor 3 apparaten | livekaarten.nl<\/title>\n<meta name=\"robots\" content=\"index, follow, max-snippet:-1, max-image-preview:large, max-video-preview:-1\" \/>\n<link rel=\"canonical\" href=\"https:\/\/livekaarten.nl\/fr\/produit\/microsoft-office-2024-professional-plus-microsoft-visio-2024-professional-fur-3-pc\/\" \/>\n<meta property=\"og:locale\" content=\"fr_FR\" \/>\n<meta property=\"og:type\" content=\"article\" \/>\n<meta property=\"og:title\" content=\"Microsoft Office 2024 Professional Plus + Microsoft Visio 2024 Professional Licentie voor 3 apparaten | livekaarten.nl\" \/>\n<meta property=\"og:description\" content=\"Microsoft Office 2024 Professional Plus-licentie voor 3 pc&#039;s  Microsoft Visio 2024 Professional-licentie voor 3 pc&#039;s  Met deze licentie kun je de software activeren op 3 verschillende apparaten, zoals een thuis-pc, een laptop en een werk-pc.  Geschikt voor 32- en 64-bits systemen, volledige onbeperkte versies van de software van een gecertificeerde Microsoft Gold Partner  30 dagen niet-goed-geld-teruggarantie + levenslange vervangingsgarantie!  Levering per e-mail: productsleutel, installatiehandleiding, downloadlinks en factuur  Direct te downloaden!  Geen tijdslimiet, geen abonnement vereist  Gratis 24\/7 ondersteuning bij installatie en activering  Geen fysieke levering (geen USB, CD of ander opslagmedium)  Activering mogelijk via internet of telefonisch  Beschikbare talen: Engels, Spaans, Italiaans, Duits en Frans  Compatibel met Microsoft Windows.  NIET compatibel met Apple macOS\u2122, Android-apparaten of Chromebooks.\" \/>\n<meta property=\"og:url\" content=\"https:\/\/livekaarten.nl\/fr\/produit\/microsoft-office-2024-professional-plus-microsoft-visio-2024-professional-fur-3-pc\/\" \/>\n<meta property=\"og:site_name\" content=\"livekaarten.nl\" \/>\n<meta property=\"article:modified_time\" content=\"2026-04-03T10:03:33+00:00\" \/>\n<meta property=\"og:image\" content=\"https:\/\/livekaarten.nl\/wp-content\/uploads\/2025\/04\/O24PPV24P.jpg\" \/>\n\t<meta property=\"og:image:width\" content=\"1520\" \/>\n\t<meta property=\"og:image:height\" content=\"2280\" \/>\n\t<meta property=\"og:image:type\" content=\"image\/jpeg\" \/>\n<meta name=\"twitter:card\" content=\"summary_large_image\" \/>\n<meta name=\"twitter:label1\" content=\"Dur\u00e9e de lecture estim\u00e9e\" \/>\n\t<meta name=\"twitter:data1\" content=\"2 minutes\" \/>\n<script type=\"application\/ld+json\" class=\"yoast-schema-graph\">{\"@context\":\"https:\\\/\\\/schema.org\",\"@graph\":[{\"@type\":\"WebPage\",\"@id\":\"https:\\\/\\\/livekaarten.nl\\\/product\\\/microsoft-office-2024-professional-plus-microsoft-visio-2024-professional-fur-3-pc\\\/\",\"url\":\"https:\\\/\\\/livekaarten.nl\\\/product\\\/microsoft-office-2024-professional-plus-microsoft-visio-2024-professional-fur-3-pc\\\/\",\"name\":\"Microsoft Office 2024 Professional Plus + Microsoft Visio 2024 Professional Licentie voor 3 apparaten | livekaarten.nl\",\"isPartOf\":{\"@id\":\"https:\\\/\\\/livekaarten.nl\\\/#website\"},\"primaryImageOfPage\":{\"@id\":\"https:\\\/\\\/livekaarten.nl\\\/product\\\/microsoft-office-2024-professional-plus-microsoft-visio-2024-professional-fur-3-pc\\\/#primaryimage\"},\"image\":{\"@id\":\"https:\\\/\\\/livekaarten.nl\\\/product\\\/microsoft-office-2024-professional-plus-microsoft-visio-2024-professional-fur-3-pc\\\/#primaryimage\"},\"thumbnailUrl\":\"https:\\\/\\\/livekaarten.nl\\\/wp-content\\\/uploads\\\/2025\\\/04\\\/O24PPV24P.jpg\",\"datePublished\":\"2024-11-03T16:31:40+00:00\",\"dateModified\":\"2026-04-03T10:03:33+00:00\",\"breadcrumb\":{\"@id\":\"https:\\\/\\\/livekaarten.nl\\\/product\\\/microsoft-office-2024-professional-plus-microsoft-visio-2024-professional-fur-3-pc\\\/#breadcrumb\"},\"inLanguage\":\"fr-FR\",\"potentialAction\":[{\"@type\":\"ReadAction\",\"target\":[\"https:\\\/\\\/livekaarten.nl\\\/product\\\/microsoft-office-2024-professional-plus-microsoft-visio-2024-professional-fur-3-pc\\\/\"]}]},{\"@type\":\"ImageObject\",\"inLanguage\":\"fr-FR\",\"@id\":\"https:\\\/\\\/livekaarten.nl\\\/product\\\/microsoft-office-2024-professional-plus-microsoft-visio-2024-professional-fur-3-pc\\\/#primaryimage\",\"url\":\"https:\\\/\\\/livekaarten.nl\\\/wp-content\\\/uploads\\\/2025\\\/04\\\/O24PPV24P.jpg\",\"contentUrl\":\"https:\\\/\\\/livekaarten.nl\\\/wp-content\\\/uploads\\\/2025\\\/04\\\/O24PPV24P.jpg\",\"width\":1520,\"height\":2280},{\"@type\":\"BreadcrumbList\",\"@id\":\"https:\\\/\\\/livekaarten.nl\\\/product\\\/microsoft-office-2024-professional-plus-microsoft-visio-2024-professional-fur-3-pc\\\/#breadcrumb\",\"itemListElement\":[{\"@type\":\"ListItem\",\"position\":1,\"name\":\"Home\",\"item\":\"https:\\\/\\\/livekaarten.nl\\\/\"},{\"@type\":\"ListItem\",\"position\":2,\"name\":\"Winkel\",\"item\":\"https:\\\/\\\/livekaarten.nl\\\/shop\\\/\"},{\"@type\":\"ListItem\",\"position\":3,\"name\":\"Microsoft Office 2024 Professional Plus + Microsoft Visio 2024 Professional Licentie voor 3 apparaten\"}]},{\"@type\":\"WebSite\",\"@id\":\"https:\\\/\\\/livekaarten.nl\\\/#website\",\"url\":\"https:\\\/\\\/livekaarten.nl\\\/\",\"name\":\"Livekaarten.nl\",\"description\":\"Koop uw kantoor\",\"potentialAction\":[{\"@type\":\"SearchAction\",\"target\":{\"@type\":\"EntryPoint\",\"urlTemplate\":\"https:\\\/\\\/livekaarten.nl\\\/?s={search_term_string}\"},\"query-input\":{\"@type\":\"PropertyValueSpecification\",\"valueRequired\":true,\"valueName\":\"search_term_string\"}}],\"inLanguage\":\"fr-FR\"}]}<\/script>\n<!-- \/ Yoast SEO plugin. -->","yoast_head_json":{"title":"Microsoft Office 2024 Professional Plus + Microsoft Visio 2024 Professional Licentie voor 3 apparaten | livekaarten.nl","robots":{"index":"index","follow":"follow","max-snippet":"max-snippet:-1","max-image-preview":"max-image-preview:large","max-video-preview":"max-video-preview:-1"},"canonical":"https:\/\/livekaarten.nl\/fr\/produit\/microsoft-office-2024-professional-plus-microsoft-visio-2024-professional-fur-3-pc\/","og_locale":"fr_FR","og_type":"article","og_title":"Microsoft Office 2024 Professional Plus + Microsoft Visio 2024 Professional Licentie voor 3 apparaten | livekaarten.nl","og_description":"Microsoft Office 2024 Professional Plus-licentie voor 3 pc's  Microsoft Visio 2024 Professional-licentie voor 3 pc's  Met deze licentie kun je de software activeren op 3 verschillende apparaten, zoals een thuis-pc, een laptop en een werk-pc.  Geschikt voor 32- en 64-bits systemen, volledige onbeperkte versies van de software van een gecertificeerde Microsoft Gold Partner  30 dagen niet-goed-geld-teruggarantie + levenslange vervangingsgarantie!  Levering per e-mail: productsleutel, installatiehandleiding, downloadlinks en factuur  Direct te downloaden!  Geen tijdslimiet, geen abonnement vereist  Gratis 24\/7 ondersteuning bij installatie en activering  Geen fysieke levering (geen USB, CD of ander opslagmedium)  Activering mogelijk via internet of telefonisch  Beschikbare talen: Engels, Spaans, Italiaans, Duits en Frans  Compatibel met Microsoft Windows.  NIET compatibel met Apple macOS\u2122, Android-apparaten of Chromebooks.","og_url":"https:\/\/livekaarten.nl\/fr\/produit\/microsoft-office-2024-professional-plus-microsoft-visio-2024-professional-fur-3-pc\/","og_site_name":"livekaarten.nl","article_modified_time":"2026-04-03T10:03:33+00:00","og_image":[{"width":1520,"height":2280,"url":"https:\/\/livekaarten.nl\/wp-content\/uploads\/2025\/04\/O24PPV24P.jpg","type":"image\/jpeg"}],"twitter_card":"summary_large_image","twitter_misc":{"Dur\u00e9e de lecture estim\u00e9e":"2 minutes"},"schema":{"@context":"https:\/\/schema.org","@graph":[{"@type":"WebPage","@id":"https:\/\/livekaarten.nl\/product\/microsoft-office-2024-professional-plus-microsoft-visio-2024-professional-fur-3-pc\/","url":"https:\/\/livekaarten.nl\/product\/microsoft-office-2024-professional-plus-microsoft-visio-2024-professional-fur-3-pc\/","name":"Microsoft Office 2024 Professional Plus + Microsoft Visio 2024 Professional Licentie voor 3 apparaten | livekaarten.nl","isPartOf":{"@id":"https:\/\/livekaarten.nl\/#website"},"primaryImageOfPage":{"@id":"https:\/\/livekaarten.nl\/product\/microsoft-office-2024-professional-plus-microsoft-visio-2024-professional-fur-3-pc\/#primaryimage"},"image":{"@id":"https:\/\/livekaarten.nl\/product\/microsoft-office-2024-professional-plus-microsoft-visio-2024-professional-fur-3-pc\/#primaryimage"},"thumbnailUrl":"https:\/\/livekaarten.nl\/wp-content\/uploads\/2025\/04\/O24PPV24P.jpg","datePublished":"2024-11-03T16:31:40+00:00","dateModified":"2026-04-03T10:03:33+00:00","breadcrumb":{"@id":"https:\/\/livekaarten.nl\/product\/microsoft-office-2024-professional-plus-microsoft-visio-2024-professional-fur-3-pc\/#breadcrumb"},"inLanguage":"fr-FR","potentialAction":[{"@type":"ReadAction","target":["https:\/\/livekaarten.nl\/product\/microsoft-office-2024-professional-plus-microsoft-visio-2024-professional-fur-3-pc\/"]}]},{"@type":"ImageObject","inLanguage":"fr-FR","@id":"https:\/\/livekaarten.nl\/product\/microsoft-office-2024-professional-plus-microsoft-visio-2024-professional-fur-3-pc\/#primaryimage","url":"https:\/\/livekaarten.nl\/wp-content\/uploads\/2025\/04\/O24PPV24P.jpg","contentUrl":"https:\/\/livekaarten.nl\/wp-content\/uploads\/2025\/04\/O24PPV24P.jpg","width":1520,"height":2280},{"@type":"BreadcrumbList","@id":"https:\/\/livekaarten.nl\/product\/microsoft-office-2024-professional-plus-microsoft-visio-2024-professional-fur-3-pc\/#breadcrumb","itemListElement":[{"@type":"ListItem","position":1,"name":"Home","item":"https:\/\/livekaarten.nl\/"},{"@type":"ListItem","position":2,"name":"Winkel","item":"https:\/\/livekaarten.nl\/shop\/"},{"@type":"ListItem","position":3,"name":"Microsoft Office 2024 Professional Plus + Microsoft Visio 2024 Professional Licentie voor 3 apparaten"}]},{"@type":"WebSite","@id":"https:\/\/livekaarten.nl\/#website","url":"https:\/\/livekaarten.nl\/","name":"Livecards.co.uk","description":"Acheter votre bureau","potentialAction":[{"@type":"SearchAction","target":{"@type":"EntryPoint","urlTemplate":"https:\/\/livekaarten.nl\/?s={search_term_string}"},"query-input":{"@type":"PropertyValueSpecification","valueRequired":true,"valueName":"search_term_string"}}],"inLanguage":"fr-FR"}]}},"_links":{"self":[{"href":"https:\/\/livekaarten.nl\/fr\/wp-json\/wp\/v2\/product\/114080","targetHints":{"allow":["GET"]}}],"collection":[{"href":"https:\/\/livekaarten.nl\/fr\/wp-json\/wp\/v2\/product"}],"about":[{"href":"https:\/\/livekaarten.nl\/fr\/wp-json\/wp\/v2\/types\/product"}],"replies":[{"embeddable":true,"href":"https:\/\/livekaarten.nl\/fr\/wp-json\/wp\/v2\/comments?post=114080"}],"wp:featuredmedia":[{"embeddable":true,"href":"https:\/\/livekaarten.nl\/fr\/wp-json\/wp\/v2\/media\/114628"}],"wp:attachment":[{"href":"https:\/\/livekaarten.nl\/fr\/wp-json\/wp\/v2\/media?parent=114080"}],"wp:term":[{"taxonomy":"product_cat","embeddable":true,"href":"https:\/\/livekaarten.nl\/fr\/wp-json\/wp\/v2\/product_cat?post=114080"},{"taxonomy":"product_tag","embeddable":true,"href":"https:\/\/livekaarten.nl\/fr\/wp-json\/wp\/v2\/product_tag?post=114080"}],"curies":[{"name":"wp","href":"https:\/\/api.w.org\/{rel}","templated":true}]}}