{"id":114023,"date":"2024-10-23T17:54:35","date_gmt":"2024-10-23T15:54:35","guid":{"rendered":"https:\/\/gamecardshop.com\/livecards\/?post_type=product&#038;p=114023"},"modified":"2026-04-03T12:03:33","modified_gmt":"2026-04-03T10:03:33","slug":"microsoft-office-2024-standard-office-2021-standard-licentie-voor-3-apparaten","status":"publish","type":"product","link":"https:\/\/livekaarten.nl\/fr\/produit\/microsoft-office-2024-standard-office-2021-standard-licentie-voor-3-apparaten\/","title":{"rendered":"Microsoft Office 2024 Standard + Office 2021 Licence Professionnelle Plus pour 3 appareils"},"content":{"rendered":"<h3><strong>Microsoft Office 2024 Standard<\/strong><\/h3>\n<div style=\"margin-bottom: 15px;\"><strong>Cette licence permet d'activer le logiciel sur 3 appareils diff\u00e9rents, par exemple un PC domestique, un ordinateur portable et un ordinateur de travail.<\/strong><\/div>\n<div style=\"margin-bottom: 15px;\">Pour les utilisateurs qui ont besoin d'une gamme compl\u00e8te d'applications \u00e0 la maison ou au bureau, Microsoft Office 2024 Standard est un excellent choix. Tous les programmes essentiels sont inclus : Word, Excel, Outlook, PowerPoint et Access (Publisher n'est plus inclus car il sera abandonn\u00e9 en 2026). OneNote est disponible en t\u00e9l\u00e9chargement sur le Microsoft Windows Store, ce qui vous permet de prendre rapidement des notes et de les synchroniser sur tous vos appareils via le cloud. Cette polyvalence fait de l'\u00e9dition Standard la solution id\u00e9ale pour les travailleurs \u00e0 domicile, les utilisateurs de bureau et tous ceux qui ont besoin d'une solution bureautique puissante et fiable.<\/div>\n<ul>\n<li><strong>Devenir<\/strong>Les avantages : cr\u00e9er des documents texte de qualit\u00e9 professionnelle \u00e0 la vitesse de l'\u00e9clair.<\/li>\n<li><strong>Excel<\/strong>Les feuilles de calcul avanc\u00e9es pour une gestion intelligente des donn\u00e9es.<\/li>\n<li><strong>PowerPoint<\/strong>: Concevoir des pr\u00e9sentations dynamiques et impressionnantes.<\/li>\n<li><strong>OneNote<\/strong>Le carnet de notes num\u00e9rique : Votre carnet de notes num\u00e9rique pour tous les jours.<\/li>\n<li><strong>Perspectives<\/strong>Communication efficace et gestion des courriels.<\/li>\n<\/ul>\n<div><strong>Syst\u00e8me d'exploitation requis : Microsoft Windows 10 ou 11<\/strong><\/div>\n<hr \/>\n<h3><strong>Microsoft Office 2021 Professional Plus<\/strong><\/h3>\n<p>Pour tous ceux qui ont besoin d'un ensemble d'outils robustes et fiables pour la maison ou le bureau, Microsoft Office 2021 Professional Plus offre une solution compl\u00e8te. La suite comprend tous les programmes essentiels : Word, Excel, Outlook, PowerPoint, Publisher et Access. OneNote peut \u00eatre t\u00e9l\u00e9charg\u00e9 s\u00e9par\u00e9ment \u00e0 partir du Windows Store pour cr\u00e9er rapidement des notes disponibles sur n'importe quel appareil via le cloud. Avec son large \u00e9ventail d'outils, l'\u00e9dition Professional Plus est parfaite pour les travailleurs \u00e0 domicile, les propri\u00e9taires de petites entreprises et tous ceux qui ont besoin d'une suite bureautique fiable et polyvalente.<\/p>\n<p><strong>Principales caract\u00e9ristiques de Microsoft Office 2021 Professional Plus :<\/strong><\/p>\n<ul>\n<li><strong>Microsoft Word<\/strong>Les documents textuels : Cr\u00e9ez rapidement des documents textuels de qualit\u00e9 professionnelle.<\/li>\n<li><strong>Microsoft Excel<\/strong>Les feuilles de calcul avanc\u00e9es pour une gestion efficace des donn\u00e9es.<\/li>\n<li><strong>Microsoft PowerPoint<\/strong>: Cr\u00e9er des pr\u00e9sentations dynamiques et attrayantes.<\/li>\n<li><strong>Microsoft OneNote<\/strong>Le carnet de notes num\u00e9rique : un carnet de notes num\u00e9rique pour toutes vos id\u00e9es.<\/li>\n<li><strong>Microsoft Outlook<\/strong>: G\u00e9rez vos e-mails et votre calendrier sans effort.<\/li>\n<li><strong>Microsoft Publisher<\/strong>Les publications : cr\u00e9er des publications d'aspect professionnel.<\/li>\n<li><strong>Microsoft Access<\/strong>Les bases de donn\u00e9es : Concevoir et g\u00e9rer des bases de donn\u00e9es puissantes pour les applications web.<\/li>\n<li><strong>Microsoft Teams<\/strong>Les appels vid\u00e9o HD : Augmentez votre productivit\u00e9 gr\u00e2ce au chat et aux appels vid\u00e9o HD. (\u00e0 t\u00e9l\u00e9charger s\u00e9par\u00e9ment)<\/li>\n<\/ul>\n<p><strong>Remarque :<\/strong> \u00c0 la suite d'une <a href=\"https:\/\/blogs.microsoft.com\/eupolicy\/2023\/08\/31\/european-competition-teams-office-microsoft-365\/\" target=\"_blank\" rel=\"noopener\">enqu\u00eate de la Commission europ\u00e9enne<\/a> Microsoft Teams n'est plus inclus dans les produits Office. Vous pouvez <a href=\"https:\/\/www.microsoft.com\/nl-nl\/microsoft-teams\/download-app\" target=\"_blank\" rel=\"noopener\">T\u00e9l\u00e9chargement des \u00e9quipes ici<\/a> et l'utiliser avec une licence gratuite ou s\u00e9par\u00e9e, selon vos besoins.<\/p>\n<hr \/>\n<p>Avec cette combinaison exclusive, vous b\u00e9n\u00e9ficiez du meilleur des deux versions de Microsoft Office : la fiabilit\u00e9 de Office 2021 et les derni\u00e8res fonctionnalit\u00e9s de Office 2024. Ne manquez pas cette occasion de faire passer votre productivit\u00e9 au niveau sup\u00e9rieur !<\/p>\n<div id=\"simple-translate\" class=\"simple-translate-system-theme\">\n<div>\n<div class=\"simple-translate-button\" style=\"height: 22px; width: 22px; top: 10px; left: 10px;\"><\/div>\n<div class=\"simple-translate-panel\" style=\"width: 300px; height: 200px; top: 0px; left: 0px; font-size: 13px;\">\n<div class=\"simple-translate-result-wrapper\" style=\"overflow: hidden;\">\n<div class=\"simple-translate-move\"><\/div>\n<div class=\"simple-translate-result-contents\">\n<p class=\"simple-translate-candidate\" dir=\"auto\">\n<\/div>\n<\/div>\n<\/div>\n<\/div>\n<\/div>","protected":false},"excerpt":{"rendered":"<ul>\n<li>Microsoft Office 2024 Licence Standard pour 3 appareils<\/li>\n<li>Microsoft Office 2021 Professional Plus licence pour 3 appareils<\/li>\n<li><strong>Avec cette licence, le logiciel peut \u00eatre activ\u00e9 sur 3 appareils diff\u00e9rents, tels qu'un PC domestique, un ordinateur portable et un ordinateur de travail.<\/strong><\/li>\n<li>Convient aux syst\u00e8mes 32 et 64 bits, aux versions compl\u00e8tes et illimit\u00e9es du logiciel <strong>par un partenaire certifi\u00e9 Microsoft Gold Partner<\/strong><\/li>\n<li><strong>Garantie de remboursement \u00e0 vie !<\/strong><\/li>\n<li>Livraison par e-mail : cl\u00e9 du produit, instructions d'installation, liens de t\u00e9l\u00e9chargement et facture<\/li>\n<li>T\u00e9l\u00e9chargement instantan\u00e9 possible !<\/li>\n<li>Pas de limite de temps, pas d'abonnement n\u00e9cessaire<\/li>\n<li>Assistance gratuite \u00e0 l'installation et \u00e0 l'activation 24 heures sur 24, 7 jours sur 7<\/li>\n<li>Non disponible sur support physique (USB, CD, etc.)<\/li>\n<li>Activation par internet ou par t\u00e9l\u00e9phone<\/li>\n<li>Langues : anglais, espagnol, italien, allemand, fran\u00e7ais<\/li>\n<li><strong><span style=\"color: #008000;\">Ce produit est compatible avec Microsoft Windows.<\/span><\/strong><\/li>\n<li><strong><span style=\"color: #ff0000;\">NON compatible avec Apple macOS\u2122, les appareils Android ou les Chromebooks.<\/span><\/strong><\/li>\n<\/ul>","protected":false},"featured_media":114619,"comment_status":"closed","ping_status":"closed","template":"","meta":[],"product_cat":[75,129],"product_tag":[79,84],"class_list":{"0":"post-114023","1":"product","2":"type-product","3":"status-publish","4":"has-post-thumbnail","6":"product_cat-microsoft-office","7":"product_cat-office-2024","8":"product_tag-ms-office","9":"product_tag-office","11":"first","12":"instock","13":"sale","14":"virtual","15":"taxable","16":"purchasable","17":"product-type-simple"},"yoast_head":"<!-- This site is optimized with the Yoast SEO plugin v27.3 - https:\/\/yoast.com\/product\/yoast-seo-wordpress\/ -->\n<title>Microsoft Office 2024 Standard + Office 2021 Professional Plus Licentie voor 3 apparaten | livekaarten.nl<\/title>\n<meta name=\"robots\" content=\"index, follow, max-snippet:-1, max-image-preview:large, max-video-preview:-1\" \/>\n<link rel=\"canonical\" href=\"https:\/\/livekaarten.nl\/fr\/produit\/microsoft-office-2024-standard-office-2021-standard-licentie-voor-3-apparaten\/\" \/>\n<meta property=\"og:locale\" content=\"fr_FR\" \/>\n<meta property=\"og:type\" content=\"article\" \/>\n<meta property=\"og:title\" content=\"Microsoft Office 2024 Standard + Office 2021 Professional Plus Licentie voor 3 apparaten | livekaarten.nl\" \/>\n<meta property=\"og:description\" content=\"Microsoft Office 2024 Standard-licentie voor 3 apparaten  Microsoft Office 2021 Professional Plus-licentie voor 3 apparaten  Met deze licentie kan de software op 3 verschillende apparaten worden geactiveerd, zoals een thuis-pc, laptop en werkcomputer.  Geschikt voor 32- en 64-bits systemen, volledige en onbeperkte versies van de software van een gecertificeerde Microsoft Gold Partner  Levenslange geld-terug-garantie!  Levering via e-mail: productsleutel, installatie-instructies, downloadlinks en factuur  Directe download mogelijk!  Geen tijdslimiet, geen abonnement nodig  Gratis 24\/7 ondersteuning bij installatie en activering  Niet beschikbaar op fysieke media (USB, CD, enz.)  Activering via internet of telefoon  Talen: Engels, Spaans, Italiaans, Duits, Frans  Dit product is compatibel met Microsoft Windows.  NIET compatibel met Apple macOS\u2122, Android-apparaten of Chromebooks.\" \/>\n<meta property=\"og:url\" content=\"https:\/\/livekaarten.nl\/fr\/produit\/microsoft-office-2024-standard-office-2021-standard-licentie-voor-3-apparaten\/\" \/>\n<meta property=\"og:site_name\" content=\"livekaarten.nl\" \/>\n<meta property=\"article:modified_time\" content=\"2026-04-03T10:03:33+00:00\" \/>\n<meta property=\"og:image\" content=\"https:\/\/livekaarten.nl\/wp-content\/uploads\/2025\/04\/O24SO21PP.jpg\" \/>\n\t<meta property=\"og:image:width\" content=\"1000\" \/>\n\t<meta property=\"og:image:height\" content=\"1500\" \/>\n\t<meta property=\"og:image:type\" content=\"image\/jpeg\" \/>\n<meta name=\"twitter:card\" content=\"summary_large_image\" \/>\n<meta name=\"twitter:label1\" content=\"Dur\u00e9e de lecture estim\u00e9e\" \/>\n\t<meta name=\"twitter:data1\" content=\"3 minutes\" \/>\n<script type=\"application\/ld+json\" class=\"yoast-schema-graph\">{\"@context\":\"https:\\\/\\\/schema.org\",\"@graph\":[{\"@type\":\"WebPage\",\"@id\":\"https:\\\/\\\/livekaarten.nl\\\/product\\\/microsoft-office-2024-standard-office-2021-standard-licentie-voor-3-apparaten\\\/\",\"url\":\"https:\\\/\\\/livekaarten.nl\\\/product\\\/microsoft-office-2024-standard-office-2021-standard-licentie-voor-3-apparaten\\\/\",\"name\":\"Microsoft Office 2024 Standard + Office 2021 Professional Plus Licentie voor 3 apparaten | livekaarten.nl\",\"isPartOf\":{\"@id\":\"https:\\\/\\\/livekaarten.nl\\\/#website\"},\"primaryImageOfPage\":{\"@id\":\"https:\\\/\\\/livekaarten.nl\\\/product\\\/microsoft-office-2024-standard-office-2021-standard-licentie-voor-3-apparaten\\\/#primaryimage\"},\"image\":{\"@id\":\"https:\\\/\\\/livekaarten.nl\\\/product\\\/microsoft-office-2024-standard-office-2021-standard-licentie-voor-3-apparaten\\\/#primaryimage\"},\"thumbnailUrl\":\"https:\\\/\\\/livekaarten.nl\\\/wp-content\\\/uploads\\\/2025\\\/04\\\/O24SO21PP.jpg\",\"datePublished\":\"2024-10-23T15:54:35+00:00\",\"dateModified\":\"2026-04-03T10:03:33+00:00\",\"breadcrumb\":{\"@id\":\"https:\\\/\\\/livekaarten.nl\\\/product\\\/microsoft-office-2024-standard-office-2021-standard-licentie-voor-3-apparaten\\\/#breadcrumb\"},\"inLanguage\":\"fr-FR\",\"potentialAction\":[{\"@type\":\"ReadAction\",\"target\":[\"https:\\\/\\\/livekaarten.nl\\\/product\\\/microsoft-office-2024-standard-office-2021-standard-licentie-voor-3-apparaten\\\/\"]}]},{\"@type\":\"ImageObject\",\"inLanguage\":\"fr-FR\",\"@id\":\"https:\\\/\\\/livekaarten.nl\\\/product\\\/microsoft-office-2024-standard-office-2021-standard-licentie-voor-3-apparaten\\\/#primaryimage\",\"url\":\"https:\\\/\\\/livekaarten.nl\\\/wp-content\\\/uploads\\\/2025\\\/04\\\/O24SO21PP.jpg\",\"contentUrl\":\"https:\\\/\\\/livekaarten.nl\\\/wp-content\\\/uploads\\\/2025\\\/04\\\/O24SO21PP.jpg\",\"width\":1000,\"height\":1500},{\"@type\":\"BreadcrumbList\",\"@id\":\"https:\\\/\\\/livekaarten.nl\\\/product\\\/microsoft-office-2024-standard-office-2021-standard-licentie-voor-3-apparaten\\\/#breadcrumb\",\"itemListElement\":[{\"@type\":\"ListItem\",\"position\":1,\"name\":\"Home\",\"item\":\"https:\\\/\\\/livekaarten.nl\\\/\"},{\"@type\":\"ListItem\",\"position\":2,\"name\":\"Winkel\",\"item\":\"https:\\\/\\\/livekaarten.nl\\\/shop\\\/\"},{\"@type\":\"ListItem\",\"position\":3,\"name\":\"Microsoft Office 2024 Standard + Office 2021 Professional Plus Licentie voor 3 apparaten\"}]},{\"@type\":\"WebSite\",\"@id\":\"https:\\\/\\\/livekaarten.nl\\\/#website\",\"url\":\"https:\\\/\\\/livekaarten.nl\\\/\",\"name\":\"Livekaarten.nl\",\"description\":\"Koop uw kantoor\",\"potentialAction\":[{\"@type\":\"SearchAction\",\"target\":{\"@type\":\"EntryPoint\",\"urlTemplate\":\"https:\\\/\\\/livekaarten.nl\\\/?s={search_term_string}\"},\"query-input\":{\"@type\":\"PropertyValueSpecification\",\"valueRequired\":true,\"valueName\":\"search_term_string\"}}],\"inLanguage\":\"fr-FR\"}]}<\/script>\n<!-- \/ Yoast SEO plugin. -->","yoast_head_json":{"title":"Microsoft Office 2024 Standard + Office 2021 Professional Plus Licentie voor 3 apparaten | livekaarten.nl","robots":{"index":"index","follow":"follow","max-snippet":"max-snippet:-1","max-image-preview":"max-image-preview:large","max-video-preview":"max-video-preview:-1"},"canonical":"https:\/\/livekaarten.nl\/fr\/produit\/microsoft-office-2024-standard-office-2021-standard-licentie-voor-3-apparaten\/","og_locale":"fr_FR","og_type":"article","og_title":"Microsoft Office 2024 Standard + Office 2021 Professional Plus Licentie voor 3 apparaten | livekaarten.nl","og_description":"Microsoft Office 2024 Standard-licentie voor 3 apparaten  Microsoft Office 2021 Professional Plus-licentie voor 3 apparaten  Met deze licentie kan de software op 3 verschillende apparaten worden geactiveerd, zoals een thuis-pc, laptop en werkcomputer.  Geschikt voor 32- en 64-bits systemen, volledige en onbeperkte versies van de software van een gecertificeerde Microsoft Gold Partner  Levenslange geld-terug-garantie!  Levering via e-mail: productsleutel, installatie-instructies, downloadlinks en factuur  Directe download mogelijk!  Geen tijdslimiet, geen abonnement nodig  Gratis 24\/7 ondersteuning bij installatie en activering  Niet beschikbaar op fysieke media (USB, CD, enz.)  Activering via internet of telefoon  Talen: Engels, Spaans, Italiaans, Duits, Frans  Dit product is compatibel met Microsoft Windows.  NIET compatibel met Apple macOS\u2122, Android-apparaten of Chromebooks.","og_url":"https:\/\/livekaarten.nl\/fr\/produit\/microsoft-office-2024-standard-office-2021-standard-licentie-voor-3-apparaten\/","og_site_name":"livekaarten.nl","article_modified_time":"2026-04-03T10:03:33+00:00","og_image":[{"width":1000,"height":1500,"url":"https:\/\/livekaarten.nl\/wp-content\/uploads\/2025\/04\/O24SO21PP.jpg","type":"image\/jpeg"}],"twitter_card":"summary_large_image","twitter_misc":{"Dur\u00e9e de lecture estim\u00e9e":"3 minutes"},"schema":{"@context":"https:\/\/schema.org","@graph":[{"@type":"WebPage","@id":"https:\/\/livekaarten.nl\/product\/microsoft-office-2024-standard-office-2021-standard-licentie-voor-3-apparaten\/","url":"https:\/\/livekaarten.nl\/product\/microsoft-office-2024-standard-office-2021-standard-licentie-voor-3-apparaten\/","name":"Microsoft Office 2024 Standard + Office 2021 Professional Plus Licentie voor 3 apparaten | livekaarten.nl","isPartOf":{"@id":"https:\/\/livekaarten.nl\/#website"},"primaryImageOfPage":{"@id":"https:\/\/livekaarten.nl\/product\/microsoft-office-2024-standard-office-2021-standard-licentie-voor-3-apparaten\/#primaryimage"},"image":{"@id":"https:\/\/livekaarten.nl\/product\/microsoft-office-2024-standard-office-2021-standard-licentie-voor-3-apparaten\/#primaryimage"},"thumbnailUrl":"https:\/\/livekaarten.nl\/wp-content\/uploads\/2025\/04\/O24SO21PP.jpg","datePublished":"2024-10-23T15:54:35+00:00","dateModified":"2026-04-03T10:03:33+00:00","breadcrumb":{"@id":"https:\/\/livekaarten.nl\/product\/microsoft-office-2024-standard-office-2021-standard-licentie-voor-3-apparaten\/#breadcrumb"},"inLanguage":"fr-FR","potentialAction":[{"@type":"ReadAction","target":["https:\/\/livekaarten.nl\/product\/microsoft-office-2024-standard-office-2021-standard-licentie-voor-3-apparaten\/"]}]},{"@type":"ImageObject","inLanguage":"fr-FR","@id":"https:\/\/livekaarten.nl\/product\/microsoft-office-2024-standard-office-2021-standard-licentie-voor-3-apparaten\/#primaryimage","url":"https:\/\/livekaarten.nl\/wp-content\/uploads\/2025\/04\/O24SO21PP.jpg","contentUrl":"https:\/\/livekaarten.nl\/wp-content\/uploads\/2025\/04\/O24SO21PP.jpg","width":1000,"height":1500},{"@type":"BreadcrumbList","@id":"https:\/\/livekaarten.nl\/product\/microsoft-office-2024-standard-office-2021-standard-licentie-voor-3-apparaten\/#breadcrumb","itemListElement":[{"@type":"ListItem","position":1,"name":"Home","item":"https:\/\/livekaarten.nl\/"},{"@type":"ListItem","position":2,"name":"Winkel","item":"https:\/\/livekaarten.nl\/shop\/"},{"@type":"ListItem","position":3,"name":"Microsoft Office 2024 Standard + Office 2021 Professional Plus Licentie voor 3 apparaten"}]},{"@type":"WebSite","@id":"https:\/\/livekaarten.nl\/#website","url":"https:\/\/livekaarten.nl\/","name":"Livecards.co.uk","description":"Acheter votre bureau","potentialAction":[{"@type":"SearchAction","target":{"@type":"EntryPoint","urlTemplate":"https:\/\/livekaarten.nl\/?s={search_term_string}"},"query-input":{"@type":"PropertyValueSpecification","valueRequired":true,"valueName":"search_term_string"}}],"inLanguage":"fr-FR"}]}},"_links":{"self":[{"href":"https:\/\/livekaarten.nl\/fr\/wp-json\/wp\/v2\/product\/114023","targetHints":{"allow":["GET"]}}],"collection":[{"href":"https:\/\/livekaarten.nl\/fr\/wp-json\/wp\/v2\/product"}],"about":[{"href":"https:\/\/livekaarten.nl\/fr\/wp-json\/wp\/v2\/types\/product"}],"replies":[{"embeddable":true,"href":"https:\/\/livekaarten.nl\/fr\/wp-json\/wp\/v2\/comments?post=114023"}],"wp:featuredmedia":[{"embeddable":true,"href":"https:\/\/livekaarten.nl\/fr\/wp-json\/wp\/v2\/media\/114619"}],"wp:attachment":[{"href":"https:\/\/livekaarten.nl\/fr\/wp-json\/wp\/v2\/media?parent=114023"}],"wp:term":[{"taxonomy":"product_cat","embeddable":true,"href":"https:\/\/livekaarten.nl\/fr\/wp-json\/wp\/v2\/product_cat?post=114023"},{"taxonomy":"product_tag","embeddable":true,"href":"https:\/\/livekaarten.nl\/fr\/wp-json\/wp\/v2\/product_tag?post=114023"}],"curies":[{"name":"wp","href":"https:\/\/api.w.org\/{rel}","templated":true}]}}