{"id":113613,"date":"2024-06-25T20:25:53","date_gmt":"2024-06-25T18:25:53","guid":{"rendered":"https:\/\/gamecardshop.com\/livecards\/?post_type=product&#038;p=113613"},"modified":"2026-04-03T12:03:25","modified_gmt":"2026-04-03T10:03:25","slug":"microsoft-office-2024-pro-plus-office-2021-pro-plus","status":"publish","type":"product","link":"https:\/\/livekaarten.nl\/fr\/produit\/microsoft-office-2024-pro-plus-office-2021-pro-plus\/","title":{"rendered":"Microsoft Office 2024 Professional Plus + Office 2021 Professional Plus Licence pour 3 appareils"},"content":{"rendered":"<h3><strong>Microsoft Office 2024 Professional Plus<\/strong><\/h3>\n<div style=\"margin-bottom: 15px;\"><strong>Avec cette licence, le logiciel peut \u00eatre activ\u00e9 sur 3 appareils diff\u00e9rents, par exemple le PC domestique, l'ordinateur portable et le PC professionnel.<\/strong><\/div>\n<div style=\"margin-bottom: 15px;\">Les utilisateurs de Microsoft Office qui utilisent une gamme compl\u00e8te d'applications \u00e0 la maison ou au bureau ont tout int\u00e9r\u00eat \u00e0 opter pour Microsoft Office 2024 Professional Plus Edition. Tous les principaux programmes sont inclus : Word, Excel, Outlook, PowerPoint et Access (Publisher n'est plus inclus car il sera abandonn\u00e9 en 2026). OneNote peut d\u00e9sormais \u00eatre t\u00e9l\u00e9charg\u00e9 \u00e0 partir du Microsoft Windows Store, ce qui vous permet de prendre rapidement des notes et de les rendre disponibles sur tous vos appareils via le nuage. En raison de son large \u00e9ventail de programmes diff\u00e9rents, la version Professional Plus s'adresse principalement aux personnes qui travaillent \u00e0 domicile ou au bureau, ou qui recherchent une solution puissante et fiable pour g\u00e9rer des documents, des tableaux, etc.<\/div>\n<ul>\n<li><strong>Devenir<\/strong>Les avantages de ce logiciel sont nombreux : il permet de cr\u00e9er en un rien de temps des documents textuels de qualit\u00e9 professionnelle.<\/li>\n<li><strong>Excel<\/strong>: Feuilles de calcul intelligentes pour la gestion de l'information.<\/li>\n<li><strong>PowerPoint<\/strong>Les pr\u00e9sentations dynamiques : cr\u00e9er des pr\u00e9sentations dynamiques et impressionnantes.<\/li>\n<li><strong>OneNote<\/strong>: Votre carnet de notes num\u00e9rique.<\/li>\n<li><strong>Perspectives<\/strong>: La communication en toute simplicit\u00e9.<\/li>\n<li><strong>Acc\u00e8s<\/strong>: Programmation de bases de donn\u00e9es pour les applications bas\u00e9es sur les navigateurs.<\/li>\n<\/ul>\n<p><strong>Remarque importante :<\/strong> <strong>Les \u00e9quipes<\/strong> est <strong>PAS<\/strong> inclus dans cette version de Office !<\/p>\n<div><strong>Syst\u00e8me d'exploitation requis : Microsoft Windows 10 ou 11<\/strong><\/div>\n<hr \/>\n<h3><strong>Microsoft Office 2021 Professional Plus<\/strong><\/h3>\n<div>Pour tous ceux qui ont besoin d'un ensemble d'outils robustes et fiables pour la maison ou le bureau, Microsoft Office 2021 Professional Plus Edition offre une solution compl\u00e8te. Tous les principaux programmes sont inclus : Word, Excel, Outlook, PowerPoint, Publisher et Access. OneNote est disponible en t\u00e9l\u00e9chargement sur le Windows Store, ce qui vous permet de prendre rapidement des notes et de les rendre disponibles sur tous vos appareils via le nuage. Son large \u00e9ventail de programmes en fait l'outil id\u00e9al pour les personnes qui travaillent \u00e0 domicile, g\u00e8rent un bureau \u00e0 domicile ou recherchent une solution de gestion de documents et de productivit\u00e9 puissante et fiable.<\/div>\n<p><strong>Principales caract\u00e9ristiques de Microsoft Office 2021 Professional Plus :<\/strong><\/p>\n<ul>\n<li><strong>Microsoft Word<\/strong>Les documents textuels : Cr\u00e9ez des documents textuels de qualit\u00e9 professionnelle.<\/li>\n<li><strong>Microsoft Excel<\/strong>: Des feuilles de calcul intelligentes pour g\u00e9rer les donn\u00e9es.<\/li>\n<li><strong>Microsoft PowerPoint<\/strong>Les pr\u00e9sentations : Cr\u00e9ez des pr\u00e9sentations impressionnantes et dynamiques.<\/li>\n<li><strong>Microsoft OneNote<\/strong>: Votre carnet de notes num\u00e9rique.<\/li>\n<li><strong>Microsoft Outlook<\/strong>Communication simple et efficace.<\/li>\n<li><strong>Microsoft Publisher<\/strong>Mise en page : Mise en page de publications de qualit\u00e9 professionnelle.<\/li>\n<li><strong>Microsoft Access<\/strong>: Gestion de base de donn\u00e9es pour les applications bas\u00e9es sur un navigateur.<\/li>\n<li><strong>Microsoft Teams<\/strong>Le syst\u00e8me d'information de l'entreprise : Collaboration am\u00e9lior\u00e9e gr\u00e2ce au chat et \u00e0 l'appel vid\u00e9o (\u00e0 t\u00e9l\u00e9charger s\u00e9par\u00e9ment).<\/li>\n<\/ul>\n<p><strong>Remarque :<\/strong> Par un <a href=\"https:\/\/blogs.microsoft.com\/eupolicy\/2023\/08\/31\/european-competition-teams-office-microsoft-365\/\" target=\"_blank\" rel=\"noopener\">Enqu\u00eate de la Commission europ\u00e9enne<\/a> ne regroupe plus par d\u00e9faut Microsoft Teams avec les produits Office. Vous pouvez <a href=\"https:\/\/www.microsoft.com\/en-us\/microsoft-teams\/download-app\" target=\"_blank\" rel=\"noopener\">\u00c9quipes t\u00e9l\u00e9charg\u00e9es s\u00e9par\u00e9ment<\/a> et l'utiliser avec une licence gratuite ou payante, selon vos besoins.<\/p>\n<hr \/>\n<div>Avec cette offre group\u00e9e exclusive, vous b\u00e9n\u00e9ficiez du meilleur des deux versions de Microsoft Office : la stabilit\u00e9 et la fiabilit\u00e9 de Microsoft Office 2021 ainsi que l'innovation et les fonctionnalit\u00e9s avanc\u00e9es de Microsoft Office 2024. Ne manquez pas cette occasion d'optimiser votre productivit\u00e9 et de moderniser votre lieu de travail !<\/div>","protected":false},"excerpt":{"rendered":"<ul>\n<li>Microsoft Office 2024 Professional Plus licence pour 3 appareils<\/li>\n<li>Microsoft Office 2021 Professional Plus licence pour 3 appareils<\/li>\n<li><strong>Cette licence permet d'activer le logiciel sur 3 appareils diff\u00e9rents, par exemple un PC domestique, un ordinateur portable et un PC professionnel.<\/strong><\/li>\n<li>Versions pour syst\u00e8mes 32 et 64 bits, versions logicielles compl\u00e8tes et illimit\u00e9es <strong>par un partenaire certifi\u00e9 Microsoft Gold Partner<\/strong><\/li>\n<li><strong>Garantie de remboursement \u00e0 vie !<\/strong><\/li>\n<li>Livraison par e-mail : cl\u00e9 de produit, instructions, liens de t\u00e9l\u00e9chargement, facture<\/li>\n<li>T\u00e9l\u00e9charger imm\u00e9diatement !<\/li>\n<li>Pas de limite de temps, pas d'abonnement<\/li>\n<li>Assistance gratuite 24\/7 pendant l'installation et l'activation<\/li>\n<li>Non disponible sur support physique (USB, CD, etc.)<\/li>\n<li>Activation en ligne et par t\u00e9l\u00e9phone<\/li>\n<li>Langues : anglais, espagnol, italien, allemand, fran\u00e7ais<\/li>\n<li><strong><span style=\"color: #008000;\">Ce produit est compatible avec Microsoft Windows.<\/span><\/strong><\/li>\n<li><strong><span style=\"color: #ff0000;\">NON compatible avec Apple macOS\u2122, les appareils Android et les Chromebooks.<\/span><\/strong><\/li>\n<\/ul>","protected":false},"featured_media":114640,"comment_status":"closed","ping_status":"closed","template":"","meta":[],"product_cat":[75,129],"product_tag":[79,84],"class_list":{"0":"post-113613","1":"product","2":"type-product","3":"status-publish","4":"has-post-thumbnail","6":"product_cat-microsoft-office","7":"product_cat-office-2024","8":"product_tag-ms-office","9":"product_tag-office","11":"first","12":"instock","13":"sale","14":"virtual","15":"taxable","16":"purchasable","17":"product-type-simple"},"yoast_head":"<!-- This site is optimized with the Yoast SEO plugin v27.4 - https:\/\/yoast.com\/product\/yoast-seo-wordpress\/ -->\n<title>Microsoft Office 2024 Professional Plus + Office 2021 Professional Plus Licentie voor 3 apparaten | livekaarten.nl<\/title>\n<meta name=\"robots\" content=\"index, follow, max-snippet:-1, max-image-preview:large, max-video-preview:-1\" \/>\n<link rel=\"canonical\" href=\"https:\/\/livekaarten.nl\/fr\/produit\/microsoft-office-2024-pro-plus-office-2021-pro-plus\/\" \/>\n<meta property=\"og:locale\" content=\"fr_FR\" \/>\n<meta property=\"og:type\" content=\"article\" \/>\n<meta property=\"og:title\" content=\"Microsoft Office 2024 Professional Plus + Office 2021 Professional Plus Licentie voor 3 apparaten | livekaarten.nl\" \/>\n<meta property=\"og:description\" content=\"Microsoft Office 2024 Professional Plus-licentie voor 3 apparaten  Microsoft Office 2021 Professional Plus-licentie voor 3 apparaten  Met deze licentie kan de software op 3 verschillende apparaten worden geactiveerd, bijv. een thuis-pc, notebook en werk-pc.  Versies voor 32- en 64-bits systemen, volledige onbeperkte softwareversies van een gecertificeerde Microsoft Gold Partner  Levenslange geld-terug-garantie!  Levering per e-mail: productsleutel, instructies, downloadlinks, factuur  Direct downloaden!  Geen tijdslimiet, geen abonnement  Gratis ondersteuning 24\/7 tijdens installatie en activering  Niet beschikbaar op fysieke media (USB, CD, enz.)  Activering online en telefonisch  Talen: Engels, Spaans, Italiaans, Duits, Frans  Dit product is compatibel met Microsoft Windows.  NIET compatibel met Apple macOS\u2122, Android-apparaten en Chromebooks.\" \/>\n<meta property=\"og:url\" content=\"https:\/\/livekaarten.nl\/fr\/produit\/microsoft-office-2024-pro-plus-office-2021-pro-plus\/\" \/>\n<meta property=\"og:site_name\" content=\"livekaarten.nl\" \/>\n<meta property=\"article:modified_time\" content=\"2026-04-03T10:03:25+00:00\" \/>\n<meta property=\"og:image\" content=\"https:\/\/livekaarten.nl\/wp-content\/uploads\/2025\/04\/O24PPO21PP.jpg\" \/>\n\t<meta property=\"og:image:width\" content=\"1000\" \/>\n\t<meta property=\"og:image:height\" content=\"1500\" \/>\n\t<meta property=\"og:image:type\" content=\"image\/jpeg\" \/>\n<meta name=\"twitter:card\" content=\"summary_large_image\" \/>\n<meta name=\"twitter:label1\" content=\"Dur\u00e9e de lecture estim\u00e9e\" \/>\n\t<meta name=\"twitter:data1\" content=\"3 minutes\" \/>\n<script type=\"application\/ld+json\" class=\"yoast-schema-graph\">{\"@context\":\"https:\\\/\\\/schema.org\",\"@graph\":[{\"@type\":\"WebPage\",\"@id\":\"https:\\\/\\\/livekaarten.nl\\\/product\\\/microsoft-office-2024-pro-plus-office-2021-pro-plus\\\/\",\"url\":\"https:\\\/\\\/livekaarten.nl\\\/product\\\/microsoft-office-2024-pro-plus-office-2021-pro-plus\\\/\",\"name\":\"Microsoft Office 2024 Professional Plus + Office 2021 Professional Plus Licentie voor 3 apparaten | livekaarten.nl\",\"isPartOf\":{\"@id\":\"https:\\\/\\\/livekaarten.nl\\\/#website\"},\"primaryImageOfPage\":{\"@id\":\"https:\\\/\\\/livekaarten.nl\\\/product\\\/microsoft-office-2024-pro-plus-office-2021-pro-plus\\\/#primaryimage\"},\"image\":{\"@id\":\"https:\\\/\\\/livekaarten.nl\\\/product\\\/microsoft-office-2024-pro-plus-office-2021-pro-plus\\\/#primaryimage\"},\"thumbnailUrl\":\"https:\\\/\\\/livekaarten.nl\\\/wp-content\\\/uploads\\\/2025\\\/04\\\/O24PPO21PP.jpg\",\"datePublished\":\"2024-06-25T18:25:53+00:00\",\"dateModified\":\"2026-04-03T10:03:25+00:00\",\"breadcrumb\":{\"@id\":\"https:\\\/\\\/livekaarten.nl\\\/product\\\/microsoft-office-2024-pro-plus-office-2021-pro-plus\\\/#breadcrumb\"},\"inLanguage\":\"fr-FR\",\"potentialAction\":[{\"@type\":\"ReadAction\",\"target\":[\"https:\\\/\\\/livekaarten.nl\\\/product\\\/microsoft-office-2024-pro-plus-office-2021-pro-plus\\\/\"]}]},{\"@type\":\"ImageObject\",\"inLanguage\":\"fr-FR\",\"@id\":\"https:\\\/\\\/livekaarten.nl\\\/product\\\/microsoft-office-2024-pro-plus-office-2021-pro-plus\\\/#primaryimage\",\"url\":\"https:\\\/\\\/livekaarten.nl\\\/wp-content\\\/uploads\\\/2025\\\/04\\\/O24PPO21PP.jpg\",\"contentUrl\":\"https:\\\/\\\/livekaarten.nl\\\/wp-content\\\/uploads\\\/2025\\\/04\\\/O24PPO21PP.jpg\",\"width\":1000,\"height\":1500},{\"@type\":\"BreadcrumbList\",\"@id\":\"https:\\\/\\\/livekaarten.nl\\\/product\\\/microsoft-office-2024-pro-plus-office-2021-pro-plus\\\/#breadcrumb\",\"itemListElement\":[{\"@type\":\"ListItem\",\"position\":1,\"name\":\"Home\",\"item\":\"https:\\\/\\\/livekaarten.nl\\\/\"},{\"@type\":\"ListItem\",\"position\":2,\"name\":\"Winkel\",\"item\":\"https:\\\/\\\/livekaarten.nl\\\/shop\\\/\"},{\"@type\":\"ListItem\",\"position\":3,\"name\":\"Microsoft Office 2024 Professional Plus + Office 2021 Professional Plus Licentie voor 3 apparaten\"}]},{\"@type\":\"WebSite\",\"@id\":\"https:\\\/\\\/livekaarten.nl\\\/#website\",\"url\":\"https:\\\/\\\/livekaarten.nl\\\/\",\"name\":\"Livekaarten.nl\",\"description\":\"Koop uw kantoor\",\"potentialAction\":[{\"@type\":\"SearchAction\",\"target\":{\"@type\":\"EntryPoint\",\"urlTemplate\":\"https:\\\/\\\/livekaarten.nl\\\/?s={search_term_string}\"},\"query-input\":{\"@type\":\"PropertyValueSpecification\",\"valueRequired\":true,\"valueName\":\"search_term_string\"}}],\"inLanguage\":\"fr-FR\"}]}<\/script>\n<!-- \/ Yoast SEO plugin. -->","yoast_head_json":{"title":"Microsoft Office 2024 Professional Plus + Office 2021 Professional Plus Licentie voor 3 apparaten | livekaarten.nl","robots":{"index":"index","follow":"follow","max-snippet":"max-snippet:-1","max-image-preview":"max-image-preview:large","max-video-preview":"max-video-preview:-1"},"canonical":"https:\/\/livekaarten.nl\/fr\/produit\/microsoft-office-2024-pro-plus-office-2021-pro-plus\/","og_locale":"fr_FR","og_type":"article","og_title":"Microsoft Office 2024 Professional Plus + Office 2021 Professional Plus Licentie voor 3 apparaten | livekaarten.nl","og_description":"Microsoft Office 2024 Professional Plus-licentie voor 3 apparaten  Microsoft Office 2021 Professional Plus-licentie voor 3 apparaten  Met deze licentie kan de software op 3 verschillende apparaten worden geactiveerd, bijv. een thuis-pc, notebook en werk-pc.  Versies voor 32- en 64-bits systemen, volledige onbeperkte softwareversies van een gecertificeerde Microsoft Gold Partner  Levenslange geld-terug-garantie!  Levering per e-mail: productsleutel, instructies, downloadlinks, factuur  Direct downloaden!  Geen tijdslimiet, geen abonnement  Gratis ondersteuning 24\/7 tijdens installatie en activering  Niet beschikbaar op fysieke media (USB, CD, enz.)  Activering online en telefonisch  Talen: Engels, Spaans, Italiaans, Duits, Frans  Dit product is compatibel met Microsoft Windows.  NIET compatibel met Apple macOS\u2122, Android-apparaten en Chromebooks.","og_url":"https:\/\/livekaarten.nl\/fr\/produit\/microsoft-office-2024-pro-plus-office-2021-pro-plus\/","og_site_name":"livekaarten.nl","article_modified_time":"2026-04-03T10:03:25+00:00","og_image":[{"width":1000,"height":1500,"url":"https:\/\/livekaarten.nl\/wp-content\/uploads\/2025\/04\/O24PPO21PP.jpg","type":"image\/jpeg"}],"twitter_card":"summary_large_image","twitter_misc":{"Dur\u00e9e de lecture estim\u00e9e":"3 minutes"},"schema":{"@context":"https:\/\/schema.org","@graph":[{"@type":"WebPage","@id":"https:\/\/livekaarten.nl\/product\/microsoft-office-2024-pro-plus-office-2021-pro-plus\/","url":"https:\/\/livekaarten.nl\/product\/microsoft-office-2024-pro-plus-office-2021-pro-plus\/","name":"Microsoft Office 2024 Professional Plus + Office 2021 Professional Plus Licentie voor 3 apparaten | livekaarten.nl","isPartOf":{"@id":"https:\/\/livekaarten.nl\/#website"},"primaryImageOfPage":{"@id":"https:\/\/livekaarten.nl\/product\/microsoft-office-2024-pro-plus-office-2021-pro-plus\/#primaryimage"},"image":{"@id":"https:\/\/livekaarten.nl\/product\/microsoft-office-2024-pro-plus-office-2021-pro-plus\/#primaryimage"},"thumbnailUrl":"https:\/\/livekaarten.nl\/wp-content\/uploads\/2025\/04\/O24PPO21PP.jpg","datePublished":"2024-06-25T18:25:53+00:00","dateModified":"2026-04-03T10:03:25+00:00","breadcrumb":{"@id":"https:\/\/livekaarten.nl\/product\/microsoft-office-2024-pro-plus-office-2021-pro-plus\/#breadcrumb"},"inLanguage":"fr-FR","potentialAction":[{"@type":"ReadAction","target":["https:\/\/livekaarten.nl\/product\/microsoft-office-2024-pro-plus-office-2021-pro-plus\/"]}]},{"@type":"ImageObject","inLanguage":"fr-FR","@id":"https:\/\/livekaarten.nl\/product\/microsoft-office-2024-pro-plus-office-2021-pro-plus\/#primaryimage","url":"https:\/\/livekaarten.nl\/wp-content\/uploads\/2025\/04\/O24PPO21PP.jpg","contentUrl":"https:\/\/livekaarten.nl\/wp-content\/uploads\/2025\/04\/O24PPO21PP.jpg","width":1000,"height":1500},{"@type":"BreadcrumbList","@id":"https:\/\/livekaarten.nl\/product\/microsoft-office-2024-pro-plus-office-2021-pro-plus\/#breadcrumb","itemListElement":[{"@type":"ListItem","position":1,"name":"Home","item":"https:\/\/livekaarten.nl\/"},{"@type":"ListItem","position":2,"name":"Winkel","item":"https:\/\/livekaarten.nl\/shop\/"},{"@type":"ListItem","position":3,"name":"Microsoft Office 2024 Professional Plus + Office 2021 Professional Plus Licentie voor 3 apparaten"}]},{"@type":"WebSite","@id":"https:\/\/livekaarten.nl\/#website","url":"https:\/\/livekaarten.nl\/","name":"Livecards.co.uk","description":"Acheter votre bureau","potentialAction":[{"@type":"SearchAction","target":{"@type":"EntryPoint","urlTemplate":"https:\/\/livekaarten.nl\/?s={search_term_string}"},"query-input":{"@type":"PropertyValueSpecification","valueRequired":true,"valueName":"search_term_string"}}],"inLanguage":"fr-FR"}]}},"_links":{"self":[{"href":"https:\/\/livekaarten.nl\/fr\/wp-json\/wp\/v2\/product\/113613","targetHints":{"allow":["GET"]}}],"collection":[{"href":"https:\/\/livekaarten.nl\/fr\/wp-json\/wp\/v2\/product"}],"about":[{"href":"https:\/\/livekaarten.nl\/fr\/wp-json\/wp\/v2\/types\/product"}],"replies":[{"embeddable":true,"href":"https:\/\/livekaarten.nl\/fr\/wp-json\/wp\/v2\/comments?post=113613"}],"wp:featuredmedia":[{"embeddable":true,"href":"https:\/\/livekaarten.nl\/fr\/wp-json\/wp\/v2\/media\/114640"}],"wp:attachment":[{"href":"https:\/\/livekaarten.nl\/fr\/wp-json\/wp\/v2\/media?parent=113613"}],"wp:term":[{"taxonomy":"product_cat","embeddable":true,"href":"https:\/\/livekaarten.nl\/fr\/wp-json\/wp\/v2\/product_cat?post=113613"},{"taxonomy":"product_tag","embeddable":true,"href":"https:\/\/livekaarten.nl\/fr\/wp-json\/wp\/v2\/product_tag?post=113613"}],"curies":[{"name":"wp","href":"https:\/\/api.w.org\/{rel}","templated":true}]}}