{"id":113610,"date":"2024-06-25T20:25:53","date_gmt":"2024-06-25T18:25:53","guid":{"rendered":"https:\/\/gamecardshop.com\/livecards\/?post_type=product&#038;p=113610"},"modified":"2026-04-03T12:03:25","modified_gmt":"2026-04-03T10:03:25","slug":"microsoft-office-2024-pro-plus-windows-11-pro","status":"publish","type":"product","link":"https:\/\/livekaarten.nl\/fr\/produit\/microsoft-office-2024-pro-plus-windows-11-pro\/","title":{"rendered":"Microsoft Office 2024 Professionnel Plus + Licence Windows 11 Professionnel pour 3 appareils"},"content":{"rendered":"<h3><strong>Microsoft Office 2024 Professional Plus<\/strong><\/h3>\n<div style=\"margin-bottom: 15px;\"><strong>Avec cette licence, le logiciel peut \u00eatre activ\u00e9 sur 3 appareils diff\u00e9rents, par exemple le PC domestique, l'ordinateur portable et le PC professionnel.<\/strong><\/div>\n<div style=\"margin-bottom: 15px;\">Les utilisateurs de Microsoft Office qui utilisent une gamme compl\u00e8te d'applications \u00e0 la maison ou au bureau sont parfaitement servis par Microsoft Office 2024 Professional Plus. Tous les programmes essentiels sont inclus : Word, Excel, Outlook, PowerPoint et Access (Publisher n'est plus inclus car il sera abandonn\u00e9 en 2026). Disponible sur le Microsoft Store, OneNote facilite la prise de notes et leur synchronisation via le cloud sur tous vos appareils. La polyvalence de cette \u00e9dition la rend id\u00e9ale pour tous ceux qui travaillent \u00e0 la maison ou au bureau et qui ont besoin d'une solution puissante et fiable pour les documents, les feuilles de calcul et bien d'autres choses encore.<\/div>\n<ul>\n<li><strong>Devenir<\/strong>Les avantages de ce logiciel sont nombreux : il permet de cr\u00e9er en un rien de temps des documents textuels de qualit\u00e9 professionnelle.<\/li>\n<li><strong>Excel<\/strong>Les feuilles de calcul intelligentes pour une gestion efficace des donn\u00e9es.<\/li>\n<li><strong>PowerPoint<\/strong>: Cr\u00e9er des pr\u00e9sentations impressionnantes et dynamiques.<\/li>\n<li><strong>OneNote<\/strong>Le carnet de notes num\u00e9rique : Votre carnet de notes num\u00e9rique pour des notes rapides.<\/li>\n<li><strong>Perspectives<\/strong>Gestion du courrier \u00e9lectronique : gestion et communication ais\u00e9es du courrier \u00e9lectronique.<\/li>\n<li><strong>Acc\u00e8s<\/strong>Solutions de base de donn\u00e9es pour les applications bas\u00e9es sur un navigateur.<\/li>\n<\/ul>\n<p><strong>Remarque importante :<\/strong> <strong>Les \u00e9quipes<\/strong> est <strong>PAS<\/strong> inclus dans cette version de Office !<\/p>\n<div><strong>Syst\u00e8me d'exploitation requis : Microsoft Windows 10 ou 11<\/strong><\/div>\n<hr \/>\n<h3><strong>Microsoft Windows 11 Professionnel<\/strong><\/h3>\n<p>Faites l'exp\u00e9rience de l'informatique moderne la plus r\u00e9cente avec Microsoft Windows 11 Professional. Ce syst\u00e8me d'exploitation allie un design \u00e9l\u00e9gant et contemporain \u00e0 des performances puissantes, offrant un environnement s\u00e9curis\u00e9 et intuitif pour le travail et les loisirs. Windows 11 Professionnel vous aide \u00e0 en faire plus gr\u00e2ce \u00e0 des fonctions intelligentes et des outils de productivit\u00e9 am\u00e9lior\u00e9s.<\/p>\n<p><strong>Principales caract\u00e9ristiques de Microsoft Windows 11 Professional :<\/strong><\/p>\n<ul>\n<li><strong>Interface intuitive :<\/strong> Un design moderne qui am\u00e9liore la concentration et l'efficacit\u00e9.<\/li>\n<li><strong>Am\u00e9lioration des performances :<\/strong> Des temps de d\u00e9marrage rapides, une meilleure utilisation de la m\u00e9moire et une grande stabilit\u00e9.<\/li>\n<li><strong>Bureaux virtuels :<\/strong> Gardez l'ordre dans votre travail gr\u00e2ce \u00e0 plusieurs bureaux.<\/li>\n<li><strong>Mod\u00e8les instantan\u00e9s et groupes :<\/strong> Organisez facilement les fen\u00eatres pour optimiser le multit\u00e2che.<\/li>\n<li><strong>Int\u00e9gration de Microsoft Teams :<\/strong> Restez en contact gr\u00e2ce aux outils de chat et de r\u00e9union int\u00e9gr\u00e9s.<\/li>\n<li><strong>S\u00e9curit\u00e9 avanc\u00e9e :<\/strong> Vos donn\u00e9es sont prot\u00e9g\u00e9es par des dispositifs de s\u00e9curit\u00e9 modernes.<\/li>\n<\/ul>\n<p>Avec Windows 11 Professional, vous exploitez tout le potentiel de votre PC, que vous travailliez \u00e0 la maison, en d\u00e9placement ou au bureau.<\/p>\n<hr \/>\n<p>Avec cette offre exclusive, vous b\u00e9n\u00e9ficiez de l'ensemble de productivit\u00e9 ultime et du syst\u00e8me d'exploitation le plus avanc\u00e9. B\u00e9n\u00e9ficiez des puissantes fonctionnalit\u00e9s de Microsoft Office 2024 Professional Plus combin\u00e9es aux performances et \u00e0 la conception moderne de Microsoft Windows 11 Professional. Mettez-le \u00e0 niveau d\u00e8s maintenant et tirez le meilleur parti de votre flux de travail !<\/p>\n<div id=\"simple-translate\" class=\"simple-translate-system-theme\">\n<div>\n<div class=\"simple-translate-button\" style=\"height: 22px; width: 22px; top: 10px; left: 10px;\"><\/div>\n<div class=\"simple-translate-panel\" style=\"width: 300px; height: 200px; top: 0px; left: 0px; font-size: 13px;\">\n<div class=\"simple-translate-result-wrapper\" style=\"overflow: hidden;\">\n<div class=\"simple-translate-move\"><\/div>\n<div class=\"simple-translate-result-contents\">\n<p class=\"simple-translate-candidate\" dir=\"auto\">\n<\/div>\n<\/div>\n<\/div>\n<\/div>\n<\/div>","protected":false},"excerpt":{"rendered":"<ul>\n<li>Microsoft Office 2024 Professional Plus licence pour 3 appareils<\/li>\n<li>Licence Microsoft Windows 11 Professional pour 3 appareils<\/li>\n<li><strong>Cette licence peut \u00eatre activ\u00e9e sur 3 appareils diff\u00e9rents, tels qu'un PC domestique, un ordinateur portable et un ordinateur de travail.<\/strong><\/li>\n<li>Convient aux syst\u00e8mes 32 et 64 bits, versions compl\u00e8tes et illimit\u00e9es du logiciel <strong>par un partenaire certifi\u00e9 Microsoft Gold Partner<\/strong><\/li>\n<li><strong>Garantie de remboursement \u00e0 vie !<\/strong><\/li>\n<li>Livraison par e-mail : cl\u00e9 du produit, instructions d'installation, liens de t\u00e9l\u00e9chargement et facture<\/li>\n<li>T\u00e9l\u00e9chargement instantan\u00e9 possible !<\/li>\n<li>Pas de limite de temps, pas d'abonnement n\u00e9cessaire<\/li>\n<li>Assistance gratuite \u00e0 l'installation et \u00e0 l'activation 24 heures sur 24, 7 jours sur 7<\/li>\n<li>Non disponible sur support physique (USB, CD, etc.)<\/li>\n<li>Activation en ligne ou par t\u00e9l\u00e9phone<\/li>\n<li>Langues : anglais, espagnol, italien, allemand et fran\u00e7ais<\/li>\n<li><strong><span style=\"color: #008000;\">Ce produit est compatible avec Microsoft Windows.<\/span><\/strong><\/li>\n<li><strong><span style=\"color: #ff0000;\">NON compatible avec Apple macOS\u2122, les appareils Android ou les Chromebooks.<\/span><\/strong><\/li>\n<\/ul>","protected":false},"featured_media":124608,"comment_status":"closed","ping_status":"closed","template":"","meta":[],"product_cat":[81,75,129,77],"product_tag":[79,84],"class_list":{"0":"post-113610","1":"product","2":"type-product","3":"status-publish","4":"has-post-thumbnail","6":"product_cat-combo","7":"product_cat-microsoft-office","8":"product_cat-office-2024","9":"product_cat-popular","10":"product_tag-ms-office","11":"product_tag-office","13":"first","14":"instock","15":"sale","16":"featured","17":"virtual","18":"taxable","19":"purchasable","20":"product-type-simple"},"yoast_head":"<!-- This site is optimized with the Yoast SEO plugin v27.3 - https:\/\/yoast.com\/product\/yoast-seo-wordpress\/ -->\n<title>Microsoft Office 2024 Professional Plus + Windows 11 Professional Licentie voor 3 apparaten | livekaarten.nl<\/title>\n<meta name=\"robots\" content=\"index, follow, max-snippet:-1, max-image-preview:large, max-video-preview:-1\" \/>\n<link rel=\"canonical\" href=\"https:\/\/livekaarten.nl\/fr\/produit\/microsoft-office-2024-pro-plus-windows-11-pro\/\" \/>\n<meta property=\"og:locale\" content=\"fr_FR\" \/>\n<meta property=\"og:type\" content=\"article\" \/>\n<meta property=\"og:title\" content=\"Microsoft Office 2024 Professional Plus + Windows 11 Professional Licentie voor 3 apparaten | livekaarten.nl\" \/>\n<meta property=\"og:description\" content=\"Microsoft Office 2024 Professional Plus licentie voor 3 apparaten  Microsoft Windows 11 Professional licentie voor 3 apparaten  Deze licentie kan worden geactiveerd op 3 verschillende apparaten, zoals een thuis-pc, notebook en werkcomputer.  Geschikt voor 32- en 64-bits systemen, volledige onbeperkte versies van de software van een gecertificeerde Microsoft Gold Partner  Levenslange geld-terug-garantie!  Levering per e-mail: productsleutel, installatie-instructies, downloadlinks en factuur  Direct downloaden mogelijk!  Geen tijdslimiet, geen abonnement vereist  Gratis 24\/7 ondersteuning bij installatie en activering  Niet beschikbaar op fysieke media (USB, CD, enz.)  Activering online of telefonisch  Talen: Engels, Spaans, Italiaans, Duits en Frans  Dit product is compatibel met Microsoft Windows.  NIET compatibel met Apple macOS\u2122, Android-apparaten of Chromebooks.\" \/>\n<meta property=\"og:url\" content=\"https:\/\/livekaarten.nl\/fr\/produit\/microsoft-office-2024-pro-plus-windows-11-pro\/\" \/>\n<meta property=\"og:site_name\" content=\"livekaarten.nl\" \/>\n<meta property=\"article:modified_time\" content=\"2026-04-03T10:03:25+00:00\" \/>\n<meta property=\"og:image\" content=\"https:\/\/livekaarten.nl\/wp-content\/uploads\/2024\/06\/W11PO24PP.jpg\" \/>\n\t<meta property=\"og:image:width\" content=\"1000\" \/>\n\t<meta property=\"og:image:height\" content=\"1500\" \/>\n\t<meta property=\"og:image:type\" content=\"image\/jpeg\" \/>\n<meta name=\"twitter:card\" content=\"summary_large_image\" \/>\n<meta name=\"twitter:label1\" content=\"Dur\u00e9e de lecture estim\u00e9e\" \/>\n\t<meta name=\"twitter:data1\" content=\"3 minutes\" \/>\n<script type=\"application\/ld+json\" class=\"yoast-schema-graph\">{\"@context\":\"https:\\\/\\\/schema.org\",\"@graph\":[{\"@type\":\"WebPage\",\"@id\":\"https:\\\/\\\/livekaarten.nl\\\/product\\\/microsoft-office-2024-pro-plus-windows-11-pro\\\/\",\"url\":\"https:\\\/\\\/livekaarten.nl\\\/product\\\/microsoft-office-2024-pro-plus-windows-11-pro\\\/\",\"name\":\"Microsoft Office 2024 Professional Plus + Windows 11 Professional Licentie voor 3 apparaten | livekaarten.nl\",\"isPartOf\":{\"@id\":\"https:\\\/\\\/livekaarten.nl\\\/#website\"},\"primaryImageOfPage\":{\"@id\":\"https:\\\/\\\/livekaarten.nl\\\/product\\\/microsoft-office-2024-pro-plus-windows-11-pro\\\/#primaryimage\"},\"image\":{\"@id\":\"https:\\\/\\\/livekaarten.nl\\\/product\\\/microsoft-office-2024-pro-plus-windows-11-pro\\\/#primaryimage\"},\"thumbnailUrl\":\"https:\\\/\\\/livekaarten.nl\\\/wp-content\\\/uploads\\\/2024\\\/06\\\/W11PO24PP.jpg\",\"datePublished\":\"2024-06-25T18:25:53+00:00\",\"dateModified\":\"2026-04-03T10:03:25+00:00\",\"breadcrumb\":{\"@id\":\"https:\\\/\\\/livekaarten.nl\\\/product\\\/microsoft-office-2024-pro-plus-windows-11-pro\\\/#breadcrumb\"},\"inLanguage\":\"fr-FR\",\"potentialAction\":[{\"@type\":\"ReadAction\",\"target\":[\"https:\\\/\\\/livekaarten.nl\\\/product\\\/microsoft-office-2024-pro-plus-windows-11-pro\\\/\"]}]},{\"@type\":\"ImageObject\",\"inLanguage\":\"fr-FR\",\"@id\":\"https:\\\/\\\/livekaarten.nl\\\/product\\\/microsoft-office-2024-pro-plus-windows-11-pro\\\/#primaryimage\",\"url\":\"https:\\\/\\\/livekaarten.nl\\\/wp-content\\\/uploads\\\/2024\\\/06\\\/W11PO24PP.jpg\",\"contentUrl\":\"https:\\\/\\\/livekaarten.nl\\\/wp-content\\\/uploads\\\/2024\\\/06\\\/W11PO24PP.jpg\",\"width\":1000,\"height\":1500},{\"@type\":\"BreadcrumbList\",\"@id\":\"https:\\\/\\\/livekaarten.nl\\\/product\\\/microsoft-office-2024-pro-plus-windows-11-pro\\\/#breadcrumb\",\"itemListElement\":[{\"@type\":\"ListItem\",\"position\":1,\"name\":\"Home\",\"item\":\"https:\\\/\\\/livekaarten.nl\\\/\"},{\"@type\":\"ListItem\",\"position\":2,\"name\":\"Winkel\",\"item\":\"https:\\\/\\\/livekaarten.nl\\\/shop\\\/\"},{\"@type\":\"ListItem\",\"position\":3,\"name\":\"Microsoft Office 2024 Professional Plus + Windows 11 Professional Licentie voor 3 apparaten\"}]},{\"@type\":\"WebSite\",\"@id\":\"https:\\\/\\\/livekaarten.nl\\\/#website\",\"url\":\"https:\\\/\\\/livekaarten.nl\\\/\",\"name\":\"Livekaarten.nl\",\"description\":\"Koop uw kantoor\",\"potentialAction\":[{\"@type\":\"SearchAction\",\"target\":{\"@type\":\"EntryPoint\",\"urlTemplate\":\"https:\\\/\\\/livekaarten.nl\\\/?s={search_term_string}\"},\"query-input\":{\"@type\":\"PropertyValueSpecification\",\"valueRequired\":true,\"valueName\":\"search_term_string\"}}],\"inLanguage\":\"fr-FR\"}]}<\/script>\n<!-- \/ Yoast SEO plugin. -->","yoast_head_json":{"title":"Microsoft Office 2024 Professional Plus + Windows 11 Professional Licentie voor 3 apparaten | livekaarten.nl","robots":{"index":"index","follow":"follow","max-snippet":"max-snippet:-1","max-image-preview":"max-image-preview:large","max-video-preview":"max-video-preview:-1"},"canonical":"https:\/\/livekaarten.nl\/fr\/produit\/microsoft-office-2024-pro-plus-windows-11-pro\/","og_locale":"fr_FR","og_type":"article","og_title":"Microsoft Office 2024 Professional Plus + Windows 11 Professional Licentie voor 3 apparaten | livekaarten.nl","og_description":"Microsoft Office 2024 Professional Plus licentie voor 3 apparaten  Microsoft Windows 11 Professional licentie voor 3 apparaten  Deze licentie kan worden geactiveerd op 3 verschillende apparaten, zoals een thuis-pc, notebook en werkcomputer.  Geschikt voor 32- en 64-bits systemen, volledige onbeperkte versies van de software van een gecertificeerde Microsoft Gold Partner  Levenslange geld-terug-garantie!  Levering per e-mail: productsleutel, installatie-instructies, downloadlinks en factuur  Direct downloaden mogelijk!  Geen tijdslimiet, geen abonnement vereist  Gratis 24\/7 ondersteuning bij installatie en activering  Niet beschikbaar op fysieke media (USB, CD, enz.)  Activering online of telefonisch  Talen: Engels, Spaans, Italiaans, Duits en Frans  Dit product is compatibel met Microsoft Windows.  NIET compatibel met Apple macOS\u2122, Android-apparaten of Chromebooks.","og_url":"https:\/\/livekaarten.nl\/fr\/produit\/microsoft-office-2024-pro-plus-windows-11-pro\/","og_site_name":"livekaarten.nl","article_modified_time":"2026-04-03T10:03:25+00:00","og_image":[{"width":1000,"height":1500,"url":"https:\/\/livekaarten.nl\/wp-content\/uploads\/2024\/06\/W11PO24PP.jpg","type":"image\/jpeg"}],"twitter_card":"summary_large_image","twitter_misc":{"Dur\u00e9e de lecture estim\u00e9e":"3 minutes"},"schema":{"@context":"https:\/\/schema.org","@graph":[{"@type":"WebPage","@id":"https:\/\/livekaarten.nl\/product\/microsoft-office-2024-pro-plus-windows-11-pro\/","url":"https:\/\/livekaarten.nl\/product\/microsoft-office-2024-pro-plus-windows-11-pro\/","name":"Microsoft Office 2024 Professional Plus + Windows 11 Professional Licentie voor 3 apparaten | livekaarten.nl","isPartOf":{"@id":"https:\/\/livekaarten.nl\/#website"},"primaryImageOfPage":{"@id":"https:\/\/livekaarten.nl\/product\/microsoft-office-2024-pro-plus-windows-11-pro\/#primaryimage"},"image":{"@id":"https:\/\/livekaarten.nl\/product\/microsoft-office-2024-pro-plus-windows-11-pro\/#primaryimage"},"thumbnailUrl":"https:\/\/livekaarten.nl\/wp-content\/uploads\/2024\/06\/W11PO24PP.jpg","datePublished":"2024-06-25T18:25:53+00:00","dateModified":"2026-04-03T10:03:25+00:00","breadcrumb":{"@id":"https:\/\/livekaarten.nl\/product\/microsoft-office-2024-pro-plus-windows-11-pro\/#breadcrumb"},"inLanguage":"fr-FR","potentialAction":[{"@type":"ReadAction","target":["https:\/\/livekaarten.nl\/product\/microsoft-office-2024-pro-plus-windows-11-pro\/"]}]},{"@type":"ImageObject","inLanguage":"fr-FR","@id":"https:\/\/livekaarten.nl\/product\/microsoft-office-2024-pro-plus-windows-11-pro\/#primaryimage","url":"https:\/\/livekaarten.nl\/wp-content\/uploads\/2024\/06\/W11PO24PP.jpg","contentUrl":"https:\/\/livekaarten.nl\/wp-content\/uploads\/2024\/06\/W11PO24PP.jpg","width":1000,"height":1500},{"@type":"BreadcrumbList","@id":"https:\/\/livekaarten.nl\/product\/microsoft-office-2024-pro-plus-windows-11-pro\/#breadcrumb","itemListElement":[{"@type":"ListItem","position":1,"name":"Home","item":"https:\/\/livekaarten.nl\/"},{"@type":"ListItem","position":2,"name":"Winkel","item":"https:\/\/livekaarten.nl\/shop\/"},{"@type":"ListItem","position":3,"name":"Microsoft Office 2024 Professional Plus + Windows 11 Professional Licentie voor 3 apparaten"}]},{"@type":"WebSite","@id":"https:\/\/livekaarten.nl\/#website","url":"https:\/\/livekaarten.nl\/","name":"Livecards.co.uk","description":"Acheter votre bureau","potentialAction":[{"@type":"SearchAction","target":{"@type":"EntryPoint","urlTemplate":"https:\/\/livekaarten.nl\/?s={search_term_string}"},"query-input":{"@type":"PropertyValueSpecification","valueRequired":true,"valueName":"search_term_string"}}],"inLanguage":"fr-FR"}]}},"_links":{"self":[{"href":"https:\/\/livekaarten.nl\/fr\/wp-json\/wp\/v2\/product\/113610","targetHints":{"allow":["GET"]}}],"collection":[{"href":"https:\/\/livekaarten.nl\/fr\/wp-json\/wp\/v2\/product"}],"about":[{"href":"https:\/\/livekaarten.nl\/fr\/wp-json\/wp\/v2\/types\/product"}],"replies":[{"embeddable":true,"href":"https:\/\/livekaarten.nl\/fr\/wp-json\/wp\/v2\/comments?post=113610"}],"wp:featuredmedia":[{"embeddable":true,"href":"https:\/\/livekaarten.nl\/fr\/wp-json\/wp\/v2\/media\/124608"}],"wp:attachment":[{"href":"https:\/\/livekaarten.nl\/fr\/wp-json\/wp\/v2\/media?parent=113610"}],"wp:term":[{"taxonomy":"product_cat","embeddable":true,"href":"https:\/\/livekaarten.nl\/fr\/wp-json\/wp\/v2\/product_cat?post=113610"},{"taxonomy":"product_tag","embeddable":true,"href":"https:\/\/livekaarten.nl\/fr\/wp-json\/wp\/v2\/product_tag?post=113610"}],"curies":[{"name":"wp","href":"https:\/\/api.w.org\/{rel}","templated":true}]}}