{"id":257,"date":"2020-09-14T13:27:07","date_gmt":"2020-09-14T13:27:07","guid":{"rendered":"http:\/\/localhost\/shopingcart\/?page_id=257"},"modified":"2025-12-14T15:41:02","modified_gmt":"2025-12-14T14:41:02","slug":"about-us","status":"publish","type":"page","link":"https:\/\/livekaarten.nl\/fr\/about-us\/","title":{"rendered":"A propos de nous"},"content":{"rendered":"<p>&nbsp;<\/p>\r\n<p><img fetchpriority=\"high\" decoding=\"async\" class=\"alignnone wp-image-12801 size-full\" src=\"https:\/\/livekaarten.nl\/wp-content\/uploads\/2025\/04\/logo.jpg\" alt=\"\" width=\"1710\" height=\"175\" \/><\/p>\r\n<h5>\u00a0<\/h5>\r\n<h5><a href=\"https:\/\/livekaarten.nl\/fr\/\">livekaarten.nl<\/a>: Votre plateforme logicielle pour la qualit\u00e9 et la fiabilit\u00e9<\/h5>\r\n<p>En tant que partenaire Microsoft de confiance, livekaarten.nl vous offre une large gamme de solutions logicielles - de Microsoft Office aux syst\u00e8mes d'exploitation pour serveurs. Chez nous, vous ne trouverez que des produits provenant de fabricants de logiciels renomm\u00e9s, ce qui garantit la qualit\u00e9 et l'efficacit\u00e9.<\/p>\r\n<p><strong>Syst\u00e8mes d'exploitation : Le c\u0153ur de votre PC<\/strong><\/p>\r\n<p>Un ordinateur sans syst\u00e8me d'exploitation est comme une voiture sans moteur. Il pilote le mat\u00e9riel, alloue les ressources et fournit une interface utilisateur intuitive. Pour une performance maximale de votre PC, nous nous appuyons sur les leaders du march\u00e9 tels que Windows 11, connu pour son efficacit\u00e9 et sa convivialit\u00e9. Toutes nos licences sont authentiques et peuvent \u00eatre activ\u00e9es directement chez nous.<\/p>\r\n<p><strong>Syst\u00e8mes d'exploitation pour serveurs: La puissance au service de votre entreprise<\/strong><\/p>\r\n<p>Les serveurs n\u00e9cessitent des syst\u00e8mes d'exploitation sp\u00e9cialis\u00e9s. Chezlivekaarten.nl, nous vous proposons les puissants syst\u00e8mes Windows Server de Microsoft. Vous trouverez \u00e9galement d'autres solutions de serveur telles que SQL Server, Exchange Server et SharePoint Server.<\/p>\r\n<p><strong>Microsoft Office : Productivit\u00e9 maximale au bureau<\/strong><\/p>\r\n<p>Avec Microsoft Office, vous travaillez plus efficacement que jamais. Qu'il s'agisse de traitement de texte, de feuilles de calcul ou de pr\u00e9sentations, vous trouverez sur livekaarten.nl l'\u00e9dition adapt\u00e9e \u00e0 chaque besoin, qu'il soit professionnel ou personnel.<\/p>\r\n<p><strong>livekaarten.nl: Des prix bas, une qualit\u00e9 sup\u00e9rieure et un service de premier ordre<\/strong><\/p>\r\n<p>Chez livekaarten.nl, vous b\u00e9n\u00e9ficiez non seulement de prix comp\u00e9titifs, mais aussi d'un service fiable. Notre service client\u00e8le multilingue est disponible 24 heures sur 24 et 7 jours sur 7 par courrier \u00e9lectronique. Nos experts se feront un plaisir de vous aider \u00e0 installer et \u00e0 utiliser votre logiciel. Faites confiance \u00e0 notre exp\u00e9rience et \u00e0 notre expertise. Chaque commande est accompagn\u00e9e d'une facture avec notre num\u00e9ro de TVA, d'une politique de retour claire et d'une garantie \u00e0 vie - pour votre s\u00e9curit\u00e9 et votre tranquillit\u00e9 d'esprit.<\/p>","protected":false},"excerpt":{"rendered":"<p>&nbsp; \u00a0 livekaarten.nl: Jouw softwareplatform voor kwaliteit en betrouwbaarheid Als vertrouwde Microsoft-partner biedt livekaarten.nl je een breed scala aan softwareoplossingen \u2013 van Microsoft Office tot serverbesturingssystemen. Bij ons vind je uitsluitend producten van gerenommeerde softwarefabrikanten, zodat je verzekerd bent van kwaliteit en effici\u00ebntie. Besturingssystemen: Het hart van je pc Een computer zonder besturingssysteem is als [&hellip;]<\/p>\n","protected":false},"author":1,"featured_media":0,"parent":0,"menu_order":0,"comment_status":"closed","ping_status":"closed","template":"","meta":{"footnotes":""},"class_list":["post-257","page","type-page","status-publish","hentry"],"yoast_head":"<!-- This site is optimized with the Yoast SEO plugin v27.3 - https:\/\/yoast.com\/product\/yoast-seo-wordpress\/ -->\n<title>Over ons | livekaarten.nl<\/title>\n<meta name=\"robots\" content=\"index, follow, max-snippet:-1, max-image-preview:large, max-video-preview:-1\" \/>\n<link rel=\"canonical\" href=\"https:\/\/livekaarten.nl\/fr\/about-us\/\" \/>\n<meta property=\"og:locale\" content=\"fr_FR\" \/>\n<meta property=\"og:type\" content=\"article\" \/>\n<meta property=\"og:title\" content=\"Over ons | livekaarten.nl\" \/>\n<meta property=\"og:description\" content=\"&nbsp; \u00a0 livekaarten.nl: Jouw softwareplatform voor kwaliteit en betrouwbaarheid Als vertrouwde Microsoft-partner biedt livekaarten.nl je een breed scala aan softwareoplossingen \u2013 van Microsoft Office tot serverbesturingssystemen. Bij ons vind je uitsluitend producten van gerenommeerde softwarefabrikanten, zodat je verzekerd bent van kwaliteit en effici\u00ebntie. Besturingssystemen: Het hart van je pc Een computer zonder besturingssysteem is als [&hellip;]\" \/>\n<meta property=\"og:url\" content=\"https:\/\/livekaarten.nl\/fr\/about-us\/\" \/>\n<meta property=\"og:site_name\" content=\"livekaarten.nl\" \/>\n<meta property=\"article:modified_time\" content=\"2025-12-14T14:41:02+00:00\" \/>\n<meta name=\"twitter:card\" content=\"summary_large_image\" \/>\n<meta name=\"twitter:label1\" content=\"Dur\u00e9e de lecture estim\u00e9e\" \/>\n\t<meta name=\"twitter:data1\" content=\"2 minutes\" \/>\n<script type=\"application\/ld+json\" class=\"yoast-schema-graph\">{\"@context\":\"https:\\\/\\\/schema.org\",\"@graph\":[{\"@type\":\"WebPage\",\"@id\":\"https:\\\/\\\/livekaarten.nl\\\/about-us\\\/\",\"url\":\"https:\\\/\\\/livekaarten.nl\\\/about-us\\\/\",\"name\":\"Over ons | livekaarten.nl\",\"isPartOf\":{\"@id\":\"https:\\\/\\\/livekaarten.nl\\\/#website\"},\"primaryImageOfPage\":{\"@id\":\"https:\\\/\\\/livekaarten.nl\\\/about-us\\\/#primaryimage\"},\"image\":{\"@id\":\"https:\\\/\\\/livekaarten.nl\\\/about-us\\\/#primaryimage\"},\"thumbnailUrl\":\"https:\\\/\\\/livekaarten.nl\\\/wp-content\\\/uploads\\\/2025\\\/04\\\/logo.jpg\",\"datePublished\":\"2020-09-14T13:27:07+00:00\",\"dateModified\":\"2025-12-14T14:41:02+00:00\",\"breadcrumb\":{\"@id\":\"https:\\\/\\\/livekaarten.nl\\\/about-us\\\/#breadcrumb\"},\"inLanguage\":\"fr-FR\",\"potentialAction\":[{\"@type\":\"ReadAction\",\"target\":[\"https:\\\/\\\/livekaarten.nl\\\/about-us\\\/\"]}]},{\"@type\":\"ImageObject\",\"inLanguage\":\"fr-FR\",\"@id\":\"https:\\\/\\\/livekaarten.nl\\\/about-us\\\/#primaryimage\",\"url\":\"https:\\\/\\\/livekaarten.nl\\\/wp-content\\\/uploads\\\/2025\\\/04\\\/logo.jpg\",\"contentUrl\":\"https:\\\/\\\/livekaarten.nl\\\/wp-content\\\/uploads\\\/2025\\\/04\\\/logo.jpg\"},{\"@type\":\"BreadcrumbList\",\"@id\":\"https:\\\/\\\/livekaarten.nl\\\/about-us\\\/#breadcrumb\",\"itemListElement\":[{\"@type\":\"ListItem\",\"position\":1,\"name\":\"Home\",\"item\":\"https:\\\/\\\/livekaarten.nl\\\/\"},{\"@type\":\"ListItem\",\"position\":2,\"name\":\"Over ons\"}]},{\"@type\":\"WebSite\",\"@id\":\"https:\\\/\\\/livekaarten.nl\\\/#website\",\"url\":\"https:\\\/\\\/livekaarten.nl\\\/\",\"name\":\"Livekaarten.nl\",\"description\":\"Koop uw kantoor\",\"potentialAction\":[{\"@type\":\"SearchAction\",\"target\":{\"@type\":\"EntryPoint\",\"urlTemplate\":\"https:\\\/\\\/livekaarten.nl\\\/?s={search_term_string}\"},\"query-input\":{\"@type\":\"PropertyValueSpecification\",\"valueRequired\":true,\"valueName\":\"search_term_string\"}}],\"inLanguage\":\"fr-FR\"}]}<\/script>\n<!-- \/ Yoast SEO plugin. -->","yoast_head_json":{"title":"Over ons | livekaarten.nl","robots":{"index":"index","follow":"follow","max-snippet":"max-snippet:-1","max-image-preview":"max-image-preview:large","max-video-preview":"max-video-preview:-1"},"canonical":"https:\/\/livekaarten.nl\/fr\/about-us\/","og_locale":"fr_FR","og_type":"article","og_title":"Over ons | livekaarten.nl","og_description":"&nbsp; \u00a0 livekaarten.nl: Jouw softwareplatform voor kwaliteit en betrouwbaarheid Als vertrouwde Microsoft-partner biedt livekaarten.nl je een breed scala aan softwareoplossingen \u2013 van Microsoft Office tot serverbesturingssystemen. Bij ons vind je uitsluitend producten van gerenommeerde softwarefabrikanten, zodat je verzekerd bent van kwaliteit en effici\u00ebntie. Besturingssystemen: Het hart van je pc Een computer zonder besturingssysteem is als [&hellip;]","og_url":"https:\/\/livekaarten.nl\/fr\/about-us\/","og_site_name":"livekaarten.nl","article_modified_time":"2025-12-14T14:41:02+00:00","twitter_card":"summary_large_image","twitter_misc":{"Dur\u00e9e de lecture estim\u00e9e":"2 minutes"},"schema":{"@context":"https:\/\/schema.org","@graph":[{"@type":"WebPage","@id":"https:\/\/livekaarten.nl\/about-us\/","url":"https:\/\/livekaarten.nl\/about-us\/","name":"Over ons | livekaarten.nl","isPartOf":{"@id":"https:\/\/livekaarten.nl\/#website"},"primaryImageOfPage":{"@id":"https:\/\/livekaarten.nl\/about-us\/#primaryimage"},"image":{"@id":"https:\/\/livekaarten.nl\/about-us\/#primaryimage"},"thumbnailUrl":"https:\/\/livekaarten.nl\/wp-content\/uploads\/2025\/04\/logo.jpg","datePublished":"2020-09-14T13:27:07+00:00","dateModified":"2025-12-14T14:41:02+00:00","breadcrumb":{"@id":"https:\/\/livekaarten.nl\/about-us\/#breadcrumb"},"inLanguage":"fr-FR","potentialAction":[{"@type":"ReadAction","target":["https:\/\/livekaarten.nl\/about-us\/"]}]},{"@type":"ImageObject","inLanguage":"fr-FR","@id":"https:\/\/livekaarten.nl\/about-us\/#primaryimage","url":"https:\/\/livekaarten.nl\/wp-content\/uploads\/2025\/04\/logo.jpg","contentUrl":"https:\/\/livekaarten.nl\/wp-content\/uploads\/2025\/04\/logo.jpg"},{"@type":"BreadcrumbList","@id":"https:\/\/livekaarten.nl\/about-us\/#breadcrumb","itemListElement":[{"@type":"ListItem","position":1,"name":"Home","item":"https:\/\/livekaarten.nl\/"},{"@type":"ListItem","position":2,"name":"Over ons"}]},{"@type":"WebSite","@id":"https:\/\/livekaarten.nl\/#website","url":"https:\/\/livekaarten.nl\/","name":"Livecards.co.uk","description":"Acheter votre bureau","potentialAction":[{"@type":"SearchAction","target":{"@type":"EntryPoint","urlTemplate":"https:\/\/livekaarten.nl\/?s={search_term_string}"},"query-input":{"@type":"PropertyValueSpecification","valueRequired":true,"valueName":"search_term_string"}}],"inLanguage":"fr-FR"}]}},"_links":{"self":[{"href":"https:\/\/livekaarten.nl\/fr\/wp-json\/wp\/v2\/pages\/257","targetHints":{"allow":["GET"]}}],"collection":[{"href":"https:\/\/livekaarten.nl\/fr\/wp-json\/wp\/v2\/pages"}],"about":[{"href":"https:\/\/livekaarten.nl\/fr\/wp-json\/wp\/v2\/types\/page"}],"author":[{"embeddable":true,"href":"https:\/\/livekaarten.nl\/fr\/wp-json\/wp\/v2\/users\/1"}],"replies":[{"embeddable":true,"href":"https:\/\/livekaarten.nl\/fr\/wp-json\/wp\/v2\/comments?post=257"}],"version-history":[{"count":0,"href":"https:\/\/livekaarten.nl\/fr\/wp-json\/wp\/v2\/pages\/257\/revisions"}],"wp:attachment":[{"href":"https:\/\/livekaarten.nl\/fr\/wp-json\/wp\/v2\/media?parent=257"}],"curies":[{"name":"wp","href":"https:\/\/api.w.org\/{rel}","templated":true}]}}