{"id":2096,"date":"2020-12-16T16:19:20","date_gmt":"2020-12-16T16:19:20","guid":{"rendered":"https:\/\/shop.winandoffice.com\/?page_id=1163"},"modified":"2026-03-09T14:43:56","modified_gmt":"2026-03-09T13:43:56","slug":"terms-and-conditions","status":"publish","type":"page","link":"https:\/\/livekaarten.nl\/fr\/terms-and-conditions\/","title":{"rendered":"Conditions g\u00e9n\u00e9rales d'utilisation"},"content":{"rendered":"<article id=\"page-1163\" class=\"post-1163 page type-page status-publish hentry\">\n<div class=\"entry-content\">\n<p>&nbsp;<\/p>\n<p><strong>1. Dispositions de base<\/strong><\/p>\n<p>1.1. Transactions avec<strong> livekaarten.nl<\/strong> (ci-apr\u00e8s \u201cvendeur\u201d) ont lieu exclusivement sur la base des pr\u00e9sentes conditions g\u00e9n\u00e9rales (ci-apr\u00e8s \u201cCG\u201d). Elles s'appliquent donc \u00e9galement \u00e0 toutes les relations commerciales futures, m\u00eame si elles n'ont pas fait l'objet d'un nouvel accord expr\u00e8s. Les r\u00e9f\u00e9rences de l'acheteur (ci-apr\u00e8s \u201cclient\u201d) \u00e0 ses conditions g\u00e9n\u00e9rales sont contredites.<\/p>\n<p>1.2. Les pr\u00e9sentes CGV s'appliquent aussi bien aux consommateurs (\u00a7 13 BGB) qu'aux entrepreneurs (\u00a7 14 BGB). Si les conditions suivantes ne contiennent pas de note s\u00e9par\u00e9e, toutes les conditions s'appliquent de la m\u00eame mani\u00e8re aux contrats conclus avec des entrepreneurs et des consommateurs.<\/p>\n<p>1.3. Les ajouts ou modifications des conditions n\u00e9cessitent la confirmation \u00e9crite de l'entreprise de transport. L'original du bon de commande d\u00e9termine le contenu de l'accord.<\/p>\n<p>1.4. Nous pouvons apporter des modifications \u00e0 la conception et \u00e0 la forme des marchandises, \u00e0 condition que ces modifications ne soient pas de nature fondamentale et ne limitent pas substantiellement l'objet du contrat.<\/p>\n<p>1.5 En passant commande conform\u00e9ment au paragraphe 2.2, le client accepte les pr\u00e9sentes CGV.<\/p>\n<p>&nbsp;<\/p>\n<p><strong>2. Formation du contrat<\/strong><\/p>\n<p>2.1. L'objet du contrat est la vente de produits t\u00e9l\u00e9chargeables (contenu num\u00e9rique qui n'est pas livr\u00e9 sur un support de donn\u00e9es physique, tel que des cl\u00e9s de produit, des codes d'acc\u00e8s ou d'autres informations disponibles sous forme num\u00e9rique), y compris les licences associ\u00e9es. En pla\u00e7ant le produit t\u00e9l\u00e9chargeable concern\u00e9 sur notre site web, nous faisons au client une offre contraignante de conclure un accord selon les termes et conditions sp\u00e9cifi\u00e9s dans la description de l'article.<\/p>\n<p>2.2. Dans le cas d'un contrat de fourniture de biens num\u00e9riques, dans le cas d'un contrat de fourniture de logiciel (ci-apr\u00e8s \u201cachat de logiciel\u201d), le vendeur est tenu de transf\u00e9rer de mani\u00e8re permanente le logiciel sp\u00e9cifi\u00e9 dans le certificat de licence dans le code objet. Le vendeur est tenu d'indiquer la possibilit\u00e9 de t\u00e9l\u00e9charger le logiciel et de fournir une version imprim\u00e9e ou t\u00e9l\u00e9chargeable de la documentation d'utilisation correspondante. Avant le paiement int\u00e9gral du prix d'achat conform\u00e9ment au paragraphe 8, la documentation utilisateur livr\u00e9e est soumise \u00e0 la r\u00e9serve de propri\u00e9t\u00e9 du vendeur. En ce qui concerne la nature du logiciel, la description du produit concern\u00e9 dans la boutique en ligne ou sur la place de march\u00e9 du vendeur est d\u00e9terminante. Le vendeur doit \u00e9galement accorder des droits conform\u00e9ment au paragraphe 4.8.<\/p>\n<p>2.3. Le contrat est conclu par le biais du syst\u00e8me de panier d'achat en ligne : le client place les produits s\u00e9lectionn\u00e9s dans le panier d'achat virtuel et ex\u00e9cute le processus de commande \u00e9lectronique. En cliquant sur le bouton pour terminer le processus de commande, le client conclut une offre de contrat juridiquement contraignante concernant les produits du panier. Le client peut \u00e9galement envoyer l'offre au vendeur par courrier \u00e9lectronique.<\/p>\n<p>2.4. Le vendeur peut accepter l'offre du client dans un d\u00e9lai de cinq jours en demandant au client de payer apr\u00e8s avoir pass\u00e9 sa commande. Cela inclut la s\u00e9lection d'un mode de paiement dans le processus de commande, par lequel le paiement est effectu\u00e9 avant que les produits command\u00e9s ne soient exp\u00e9di\u00e9s. Le d\u00e9lai d'acceptation de l'offre commence le jour suivant l'envoi de l'offre par le client et se termine \u00e0 la fin du cinqui\u00e8me jour suivant l'envoi de l'offre. Si le vendeur n'accepte pas l'offre du client dans le d\u00e9lai susmentionn\u00e9, cela est consid\u00e9r\u00e9 comme un refus de l'offre, avec pour cons\u00e9quence que le client n'est plus li\u00e9 par sa d\u00e9claration d'intention.<\/p>\n<p>2.5. Le traitement de la commande et la transmission de toutes les informations n\u00e9cessaires \u00e0 la conclusion du contrat se font par courrier \u00e9lectronique, de m\u00eame que la livraison des produits t\u00e9l\u00e9chargeables. Le client doit donc s'assurer que l'adresse \u00e9lectronique qu'il nous a communiqu\u00e9e est correcte et que les filtres anti-spam n'emp\u00eachent pas la r\u00e9ception des courriers \u00e9lectroniques.<\/p>\n<p>&nbsp;<\/p>\n<p><strong>3. Droit de r\u00e9tractation<\/strong><\/p>\n<p>3.1. Les consommateurs disposent g\u00e9n\u00e9ralement d'un droit de r\u00e9tractation.<\/p>\n<p>3.2. Vous trouverez plus d'informations sur le droit de r\u00e9tractation dans les conditions d'annulation du vendeur.<\/p>\n<p>3.3. Vous avez le droit de r\u00e9voquer cet accord \u00e0 vie \u00e0 compter de la date de conclusion de l'accord, sans donner de raisons.<\/p>\n<p>&nbsp;<\/p>\n<p><strong>4. Garantie<\/strong><\/p>\n<p>4.1. Les droits de garantie l\u00e9gaux s'appliquent.<\/p>\n<p>4.2. Le client est tenu de v\u00e9rifier l'int\u00e9grit\u00e9 et les d\u00e9fauts visibles de l'article imm\u00e9diatement apr\u00e8s la livraison et de nous faire part de toute r\u00e9clamation dans les plus brefs d\u00e9lais. Le non-respect de cette obligation par le client n'affecte pas ses droits l\u00e9gaux \u00e0 la garantie.<\/p>\n<p>4.3. En ce qui concerne la qualit\u00e9 de l'article, seules nos propres informations et la description du produit par le fabricant s'appliquent comme convenu, \u00e0 l'exclusion de toute autre publicit\u00e9, promotion publique et d\u00e9claration du fabricant.<\/p>\n<p>4.4. La p\u00e9riode de garantie est d'un an \u00e0 compter de la livraison des marchandises. La p\u00e9riode r\u00e9duite ne s'applique pas :<\/p>\n<ul>\n<li>Les dommages qui nous sont imputables de mani\u00e8re illicite et qui r\u00e9sultent d'une atteinte \u00e0 la vie, \u00e0 l'int\u00e9grit\u00e9 physique ou \u00e0 la sant\u00e9, ainsi que les autres dommages caus\u00e9s intentionnellement ou par n\u00e9gligence grave ;<\/li>\n<li>dans la mesure o\u00f9 nous avons frauduleusement dissimul\u00e9 le d\u00e9faut ou assum\u00e9 une garantie sur l'\u00e9tat de l'objet ;<\/li>\n<li>en cas de recours l\u00e9gal que vous pourriez avoir contre nous en ce qui concerne les droits de garantie.<\/li>\n<\/ul>\n<p>4.5. Si le client refuse la livraison du vendeur pour une raison autre qu'un d\u00e9faut mat\u00e9riel qui en limite consid\u00e9rablement ou en rend impossible l'utilisation, alors que le vendeur s'est engag\u00e9 \u00e0 s'y conformer, le client est en d\u00e9faut de r\u00e9ception. L'acceptation de la livraison ne peut \u00eatre refus\u00e9e pour des d\u00e9fauts insignifiants.<\/p>\n<p>4.6. La garantie ne s'applique pas aux d\u00e9fauts dus \u00e0 une utilisation inappropri\u00e9e, \u00e0 une modification des composants du syst\u00e8me contraire \u00e0 la base contractuelle, \u00e0 l'utilisation de ressources organisationnelles inad\u00e9quates, \u00e0 l'utilisation dans un environnement mat\u00e9riel ou logiciel qui ne r\u00e9pond pas aux exigences sp\u00e9cifi\u00e9es dans le certificat de licence, \u00e0 des conditions d'utilisation inhabituelles ou \u00e0 des interventions dans le syst\u00e8me par des clients ou des tiers. Si les marchandises sont utilis\u00e9es en combinaison avec des appareils de tiers, les d\u00e9fauts fonctionnels et les d\u00e9fauts de performance ne sont garantis que si ces d\u00e9fauts se produisent \u00e9galement sans cette connexion ou si la compatibilit\u00e9 avec ces \u00e9l\u00e9ments fait partie de la qualit\u00e9 convenue dans le contrat.<\/p>\n<p>4.7. Si une livraison est d\u00e9fectueuse, le vendeur peut choisir de rem\u00e9dier au d\u00e9faut (rectification) ou de livrer un article sans d\u00e9faut (livraison de remplacement). Dans ce dernier cas, le client est tenu de renvoyer la marchandise d\u00e9fectueuse \u00e0 la demande du vendeur, conform\u00e9ment aux dispositions l\u00e9gales. Si le client est un consommateur, la phrase pr\u00e9c\u00e9dente s'applique, \u00e9tant entendu que l'usage ne peut \u00eatre c\u00e9d\u00e9 ou remplac\u00e9 pour sa valeur. Le client doit donner au vendeur le temps et la possibilit\u00e9 d'ex\u00e9cuter d'autres prestations, en particulier de les am\u00e9liorer.<\/p>\n<p>&nbsp;<\/p>\n<p><strong>5. Prix et conditions de paiement<\/strong><\/p>\n<p>5.1. Sauf indication contraire dans la description du produit par le vendeur, les prix indiqu\u00e9s sont des prix totaux incluant la taxe de vente l\u00e9gale. Les \u00e9ventuels frais de livraison et d'exp\u00e9dition suppl\u00e9mentaires sont indiqu\u00e9s s\u00e9par\u00e9ment dans la description du produit concern\u00e9.<\/p>\n<p>5.2. Pour les envois vers des pays situ\u00e9s en dehors de l'Union europ\u00e9enne, des frais suppl\u00e9mentaires peuvent \u00eatre occasionn\u00e9s au cas par cas, pour lesquels le vendeur n'est pas responsable et qui sont \u00e0 la charge du client. Il s'agit par exemple de frais de transfert bancaire (p. ex. frais de transfert, frais de change) ou de droits d'importation ou de taxes (p. ex. droits de douane). Ces frais peuvent \u00e9galement \u00eatre li\u00e9s au virement bancaire si la livraison n'est pas effectu\u00e9e dans un pays situ\u00e9 en dehors de l'Union europ\u00e9enne, mais que le client effectue le paiement \u00e0 partir d'un pays situ\u00e9 en dehors de l'Union europ\u00e9enne.<\/p>\n<p>5.3. La ou les options de paiement seront communiqu\u00e9es au client dans la boutique en ligne du vendeur ou sur la place de march\u00e9 concern\u00e9e.<\/p>\n<p>5.4. Si un paiement anticip\u00e9 par virement bancaire a \u00e9t\u00e9 convenu, le paiement est d\u00fb imm\u00e9diatement apr\u00e8s la conclusion du contrat, \u00e0 moins que les parties n'aient convenu d'une date d'\u00e9ch\u00e9ance plus tardive.<\/p>\n<p>5.5. En cas de paiement par un mode de paiement propos\u00e9 par le prestataire de services de paiement PayPal (Europe) S.\u00e0 rl et Cie, SCA, 22-24 Boulevard Royal, L-2449 Luxembourg (ci-apr\u00e8s \u201c PayPal \u201d), le paiement est trait\u00e9 via PayPal, sous r\u00e9serve des Conditions d'utilisation de PayPal, disponibles sur https:\/\/www.paypal.com\/de\/webapps\/mpp\/ua\/useragreement-full ou, si le Client ne dispose pas d'un compte PayPal, sous les conditions g\u00e9n\u00e9rales de paiement sans compte PayPal, disponibles sur https:\/\/www.paypal.com\/de\/webapps\/mpp\/ua\/privacywax-full.<\/p>\n<p>5.6. En cas de d\u00e9faillance du client, nous sommes en droit de facturer des int\u00e9r\u00eats au taux pratiqu\u00e9 par les banques commerciales pour les d\u00e9couverts non rembours\u00e9s, mais au moins 4% au-dessus du taux d'escompte de la Bundesbank, plus la TVA l\u00e9gale applicable. Les int\u00e9r\u00eats sont payables imm\u00e9diatement.<\/p>\n<p>&nbsp;<\/p>\n<p><strong>6. Conditions de livraison et d'exp\u00e9dition<\/strong><\/p>\n<p>6.1. Le contenu num\u00e9rique est mis \u00e0 la disposition du client sous forme \u00e9lectronique en fournissant un lien de t\u00e9l\u00e9chargement. Les codes des produits seront envoy\u00e9s par courrier \u00e9lectronique au client.<\/p>\n<p>&nbsp;<\/p>\n<p><strong>7. R\u00e9serve de propri\u00e9t\u00e9<\/strong><\/p>\n<p>7.1. Nous nous r\u00e9servons la propri\u00e9t\u00e9 de la marchandise jusqu'au paiement int\u00e9gral de toutes les cr\u00e9ances qui nous reviennent dans le cadre des relations commerciales avec le client.<\/p>\n<p>7.2. La confirmation de la r\u00e9serve de propri\u00e9t\u00e9 ne constitue pas une r\u00e9siliation du contrat. Toutefois, nous sommes autoris\u00e9s \u00e0 disposer de la marchandise sous r\u00e9serve de propri\u00e9t\u00e9 par d'autres moyens apr\u00e8s un d\u00e9lai raisonnable et \u00e0 livrer la m\u00eame marchandise ou une marchandise \u00e9quivalente au client apr\u00e8s paiement int\u00e9gral du prix d'achat.<\/p>\n<p>&nbsp;<\/p>\n<p><strong>8. Dispositions finales<\/strong><\/p>\n<p>8.1. Le partenaire contractuel n'est autoris\u00e9 \u00e0 c\u00e9der \u00e0 des tiers les droits et les cr\u00e9ances r\u00e9sultant de la relation contractuelle qu'avec l'accord \u00e9crit pr\u00e9alable du vendeur. \u00a7 L'article 354a HGB n'est pas affect\u00e9 ; l'article 354a HGB ne s'applique pas aux consommateurs.<\/p>\n<p>8.2. Au d\u00e9but de la relation d'affaires, les donn\u00e9es du client, qui peuvent \u00e9galement \u00eatre des donn\u00e9es personnelles, seront stock\u00e9es et, dans la mesure o\u00f9 cela est n\u00e9cessaire \u00e0 l'ex\u00e9cution de la commande, trait\u00e9es et transmises.<\/p>\n<p>8.3. Seul le droit allemand s'applique, \u00e0 l'exclusion du droit d'achat des Nations unies et des r\u00e9f\u00e9rences au droit proc\u00e9dural et priv\u00e9 international. Pour les consommateurs, ce choix de droit ne s'applique que dans la mesure o\u00f9 des dispositions non obligatoires du droit de l'\u00c9tat dans lequel le consommateur a sa r\u00e9sidence habituelle offrent une protection plus large.<\/p>\n<p>8.4. De exclusieve plaats van jurisdictie voor alle geschillen die voortvloeien uit en verband houden met de contracten waarop deze AV van toepassing zijn, is de statutaire zetel van de verkoper; de verkoper heeft echter het recht om de klant te dagvaarden in elke wettelijk toegelaten plaats van jurisdictie. Deze regeling is niet van toepassing op consumenten.<\/p>\n<p>8.5. Houd er rekening mee dat Pay Shield Ltd, met statutaire zetel te Jhumat House, 160 London Road Barking, Greater London, IG11 8BB, Verenigd Koninkrijk (\u201cLIVECARDS\u201d), zelf geen digitale content aan klanten verkoopt en slechts optreedt als openbaar agent van King Of Shopping Pte. Ltd., met statutaire zetel te 1 Raffles Place #40-02, One Raffles Place, Singapore 048616, registratienummer 202016263D (\u201cVerkoper\u201d), bij het sluiten van verkoopovereenkomsten met klanten namens de Verkoper. Elke acceptatie van bestellingen en het sluiten van verkoopovereenkomsten door LIVECARDS is uitsluitend bindend voor de Verkoper, die de producten verkoopt. Bij het sluiten van de verkoopovereenkomsten zal LIVECARDS te allen tijde handelen in het belang van de Verkoper. Elke verwijzing in de Algemene Voorwaarden naar rechten en verplichtingen van LIVECARDS met betrekking tot de Verkoopovereenkomst, heeft betrekking op de rechten en verplichtingen van de Verkoper die LIVECARDS van tijd tot tijd namens en in het belang van de Verkoper kan uitvoeren.<\/p>\n<\/div>\n<\/article>","protected":false},"excerpt":{"rendered":"<p>&nbsp; 1. Basisbepalingen 1.1. Transacties met livekaarten.nl (hierna &#8220;verkoper&#8221;) vinden uitsluitend plaats op basis van deze algemene voorwaarden (hierna &#8220;AV&#8221;). Daarom zijn ze ook van toepassing op alle toekomstige zakelijke relaties, zelfs als ze niet opnieuw uitdrukkelijk zijn overeengekomen. Verwijzingen van de koper (hierna &#8220;klant&#8221;) naar zijn algemene voorwaarden worden tegengesproken. 1.2. Deze AV gelden [&hellip;]<\/p>\n","protected":false},"author":1,"featured_media":0,"parent":0,"menu_order":0,"comment_status":"closed","ping_status":"closed","template":"","meta":{"footnotes":""},"class_list":["post-2096","page","type-page","status-publish","hentry"],"yoast_head":"<!-- This site is optimized with the Yoast SEO plugin v27.3 - https:\/\/yoast.com\/product\/yoast-seo-wordpress\/ -->\n<title>Algemene voorwaarden | livekaarten.nl<\/title>\n<meta name=\"robots\" content=\"index, follow, max-snippet:-1, max-image-preview:large, max-video-preview:-1\" \/>\n<link rel=\"canonical\" href=\"https:\/\/livekaarten.nl\/fr\/terms-and-conditions\/\" \/>\n<meta property=\"og:locale\" content=\"fr_FR\" \/>\n<meta property=\"og:type\" content=\"article\" \/>\n<meta property=\"og:title\" content=\"Algemene voorwaarden | livekaarten.nl\" \/>\n<meta property=\"og:description\" content=\"&nbsp; 1. Basisbepalingen 1.1. Transacties met livekaarten.nl (hierna &#8220;verkoper&#8221;) vinden uitsluitend plaats op basis van deze algemene voorwaarden (hierna &#8220;AV&#8221;). Daarom zijn ze ook van toepassing op alle toekomstige zakelijke relaties, zelfs als ze niet opnieuw uitdrukkelijk zijn overeengekomen. Verwijzingen van de koper (hierna &#8220;klant&#8221;) naar zijn algemene voorwaarden worden tegengesproken. 1.2. Deze AV gelden [&hellip;]\" \/>\n<meta property=\"og:url\" content=\"https:\/\/livekaarten.nl\/fr\/terms-and-conditions\/\" \/>\n<meta property=\"og:site_name\" content=\"livekaarten.nl\" \/>\n<meta property=\"article:modified_time\" content=\"2026-03-09T13:43:56+00:00\" \/>\n<meta name=\"twitter:card\" content=\"summary_large_image\" \/>\n<meta name=\"twitter:label1\" content=\"Dur\u00e9e de lecture estim\u00e9e\" \/>\n\t<meta name=\"twitter:data1\" content=\"9 minutes\" \/>\n<script type=\"application\/ld+json\" class=\"yoast-schema-graph\">{\"@context\":\"https:\\\/\\\/schema.org\",\"@graph\":[{\"@type\":\"WebPage\",\"@id\":\"https:\\\/\\\/livekaarten.nl\\\/terms-and-conditions\\\/\",\"url\":\"https:\\\/\\\/livekaarten.nl\\\/terms-and-conditions\\\/\",\"name\":\"Algemene voorwaarden | livekaarten.nl\",\"isPartOf\":{\"@id\":\"https:\\\/\\\/livekaarten.nl\\\/#website\"},\"datePublished\":\"2020-12-16T16:19:20+00:00\",\"dateModified\":\"2026-03-09T13:43:56+00:00\",\"breadcrumb\":{\"@id\":\"https:\\\/\\\/livekaarten.nl\\\/terms-and-conditions\\\/#breadcrumb\"},\"inLanguage\":\"fr-FR\",\"potentialAction\":[{\"@type\":\"ReadAction\",\"target\":[\"https:\\\/\\\/livekaarten.nl\\\/terms-and-conditions\\\/\"]}]},{\"@type\":\"BreadcrumbList\",\"@id\":\"https:\\\/\\\/livekaarten.nl\\\/terms-and-conditions\\\/#breadcrumb\",\"itemListElement\":[{\"@type\":\"ListItem\",\"position\":1,\"name\":\"Home\",\"item\":\"https:\\\/\\\/livekaarten.nl\\\/\"},{\"@type\":\"ListItem\",\"position\":2,\"name\":\"Algemene voorwaarden\"}]},{\"@type\":\"WebSite\",\"@id\":\"https:\\\/\\\/livekaarten.nl\\\/#website\",\"url\":\"https:\\\/\\\/livekaarten.nl\\\/\",\"name\":\"Livekaarten.nl\",\"description\":\"Koop uw kantoor\",\"potentialAction\":[{\"@type\":\"SearchAction\",\"target\":{\"@type\":\"EntryPoint\",\"urlTemplate\":\"https:\\\/\\\/livekaarten.nl\\\/?s={search_term_string}\"},\"query-input\":{\"@type\":\"PropertyValueSpecification\",\"valueRequired\":true,\"valueName\":\"search_term_string\"}}],\"inLanguage\":\"fr-FR\"}]}<\/script>\n<!-- \/ Yoast SEO plugin. -->","yoast_head_json":{"title":"Conditions g\u00e9n\u00e9rales | livekaarten.nl","robots":{"index":"index","follow":"follow","max-snippet":"max-snippet:-1","max-image-preview":"max-image-preview:large","max-video-preview":"max-video-preview:-1"},"canonical":"https:\/\/livekaarten.nl\/fr\/terms-and-conditions\/","og_locale":"fr_FR","og_type":"article","og_title":"Algemene voorwaarden | livekaarten.nl","og_description":"&nbsp; 1. Basisbepalingen 1.1. Transacties met livekaarten.nl (hierna &#8220;verkoper&#8221;) vinden uitsluitend plaats op basis van deze algemene voorwaarden (hierna &#8220;AV&#8221;). Daarom zijn ze ook van toepassing op alle toekomstige zakelijke relaties, zelfs als ze niet opnieuw uitdrukkelijk zijn overeengekomen. Verwijzingen van de koper (hierna &#8220;klant&#8221;) naar zijn algemene voorwaarden worden tegengesproken. 1.2. Deze AV gelden [&hellip;]","og_url":"https:\/\/livekaarten.nl\/fr\/terms-and-conditions\/","og_site_name":"livekaarten.nl","article_modified_time":"2026-03-09T13:43:56+00:00","twitter_card":"summary_large_image","twitter_misc":{"Dur\u00e9e de lecture estim\u00e9e":"9 minutes"},"schema":{"@context":"https:\/\/schema.org","@graph":[{"@type":"WebPage","@id":"https:\/\/livekaarten.nl\/terms-and-conditions\/","url":"https:\/\/livekaarten.nl\/terms-and-conditions\/","name":"Conditions g\u00e9n\u00e9rales | livekaarten.nl","isPartOf":{"@id":"https:\/\/livekaarten.nl\/#website"},"datePublished":"2020-12-16T16:19:20+00:00","dateModified":"2026-03-09T13:43:56+00:00","breadcrumb":{"@id":"https:\/\/livekaarten.nl\/terms-and-conditions\/#breadcrumb"},"inLanguage":"fr-FR","potentialAction":[{"@type":"ReadAction","target":["https:\/\/livekaarten.nl\/terms-and-conditions\/"]}]},{"@type":"BreadcrumbList","@id":"https:\/\/livekaarten.nl\/terms-and-conditions\/#breadcrumb","itemListElement":[{"@type":"ListItem","position":1,"name":"Home","item":"https:\/\/livekaarten.nl\/"},{"@type":"ListItem","position":2,"name":"Algemene voorwaarden"}]},{"@type":"WebSite","@id":"https:\/\/livekaarten.nl\/#website","url":"https:\/\/livekaarten.nl\/","name":"Livecards.co.uk","description":"Acheter votre bureau","potentialAction":[{"@type":"SearchAction","target":{"@type":"EntryPoint","urlTemplate":"https:\/\/livekaarten.nl\/?s={search_term_string}"},"query-input":{"@type":"PropertyValueSpecification","valueRequired":true,"valueName":"search_term_string"}}],"inLanguage":"fr-FR"}]}},"_links":{"self":[{"href":"https:\/\/livekaarten.nl\/fr\/wp-json\/wp\/v2\/pages\/2096","targetHints":{"allow":["GET"]}}],"collection":[{"href":"https:\/\/livekaarten.nl\/fr\/wp-json\/wp\/v2\/pages"}],"about":[{"href":"https:\/\/livekaarten.nl\/fr\/wp-json\/wp\/v2\/types\/page"}],"author":[{"embeddable":true,"href":"https:\/\/livekaarten.nl\/fr\/wp-json\/wp\/v2\/users\/1"}],"replies":[{"embeddable":true,"href":"https:\/\/livekaarten.nl\/fr\/wp-json\/wp\/v2\/comments?post=2096"}],"version-history":[{"count":0,"href":"https:\/\/livekaarten.nl\/fr\/wp-json\/wp\/v2\/pages\/2096\/revisions"}],"wp:attachment":[{"href":"https:\/\/livekaarten.nl\/fr\/wp-json\/wp\/v2\/media?parent=2096"}],"curies":[{"name":"wp","href":"https:\/\/api.w.org\/{rel}","templated":true}]}}