{"id":2095,"date":"2020-12-16T16:14:33","date_gmt":"2020-12-16T16:14:33","guid":{"rendered":"https:\/\/shop.winandoffice.com\/?page_id=1159"},"modified":"2025-09-05T21:59:34","modified_gmt":"2025-09-05T19:59:34","slug":"warranty-policy","status":"publish","type":"page","link":"https:\/\/livekaarten.nl\/fr\/warranty-policy\/","title":{"rendered":"Politique de garantie"},"content":{"rendered":"<article id=\"page-1159\" class=\"post-1159 page type-page status-publish hentry\">\n<div class=\"entry-content\">\n<p>&nbsp;<\/p>\n<p>1. Les droits de garantie l\u00e9gaux s'appliquent.<\/p>\n<p>2. Le client est tenu de v\u00e9rifier que l'article est complet et ne pr\u00e9sente pas de d\u00e9fauts visibles imm\u00e9diatement apr\u00e8s la livraison et de nous faire part de ses \u00e9ventuelles r\u00e9clamations dans les plus brefs d\u00e9lais. Si le client ne le fait pas, cela n'affecte pas ses droits l\u00e9gaux \u00e0 la garantie.<\/p>\n<p>3. Seules nos propres informations et la description du produit par le fabricant sont consid\u00e9r\u00e9es comme un accord sur la qualit\u00e9 de l'article, \u00e0 l'exclusion de toute autre publicit\u00e9, promotion publique et d\u00e9claration du fabricant.<\/p>\n<p>4. La p\u00e9riode de garantie est de deux ans \u00e0 compter de la livraison des marchandises.<\/p>\n<p>5. Si le client refuse la livraison du vendeur pour des raisons autres qu'un d\u00e9faut important qui limite fortement ou rend impossible l'utilisation, alors que le vendeur s'est engag\u00e9 \u00e0 s'y conformer, le client est responsable de la non-acceptation. La r\u00e9ception de la livraison ne peut \u00eatre refus\u00e9e pour des d\u00e9fauts insignifiants.<\/p>\n<p>6. La garantie ne couvre pas les d\u00e9fauts r\u00e9sultant d'une mauvaise utilisation, d'une modification des composants du syst\u00e8me contraire \u00e0 la base contractuelle, de l'utilisation de ressources organisationnelles inad\u00e9quates, de l'utilisation dans un environnement mat\u00e9riel ou logiciel ne r\u00e9pondant pas aux exigences mentionn\u00e9es dans le certificat de licence, d'une utilisation inhabituelle, de conditions d'utilisation ou d'interventions dans le syst\u00e8me imputables \u00e0 des clients ou \u00e0 des tiers.<\/p>\n<p>7. Si une livraison est d\u00e9fectueuse, le vendeur peut choisir de rem\u00e9dier au d\u00e9faut (rectification) ou de livrer un article sans d\u00e9faut (livraison de remplacement). Dans ce dernier cas, le client est tenu de renvoyer la marchandise d\u00e9fectueuse \u00e0 la demande du vendeur, conform\u00e9ment aux dispositions l\u00e9gales.<\/p>\n<p>Octroi de droits dans un contrat de fourniture de logiciel<\/p>\n<p>L'article 4.8 ne s'applique qu'aux accords d'achat de logiciels conform\u00e9ment \u00e0 l'article 2.2.<br \/>\nAvec le paiement int\u00e9gral du prix d'achat, le client re\u00e7oit un droit non exclusif et illimit\u00e9 d'utiliser les biens dans la mesure accord\u00e9e dans le contrat. Les biens ne peuvent \u00eatre utilis\u00e9s simultan\u00e9ment que par un nombre maximum de personnes physiques correspondant aux biens achet\u00e9s par le client. L'utilisation autoris\u00e9e comprend l'installation du logiciel, son chargement dans la m\u00e9moire principale et son utilisation telle que pr\u00e9vue par le client. Le client n'a en aucun cas le droit de louer ou de conc\u00e9der des sous-licences sur les biens achet\u00e9s, de les reproduire publiquement ou de les rendre accessibles par c\u00e2ble ou sans fil, ou de les mettre \u00e0 la disposition de tiers \u00e0 titre on\u00e9reux ou gratuit.<\/p>\n<p>Le client a le droit de faire une copie de sauvegarde du logiciel si cela est n\u00e9cessaire pour assurer son utilisation future.<\/p>\n<\/div>\n<\/article>","protected":false},"excerpt":{"rendered":"<p>&nbsp; 1. Wettelijke garantierechten zijn van toepassing. 2. De klant wordt verzocht het artikel onmiddellijk na levering op volledigheid en zichtbare gebreken te controleren en eventuele klachten zo snel mogelijk aan ons te melden. Als de klant dit niet doet, heeft dit geen invloed op zijn wettelijke garantieaanspraken. 3. Alleen onze eigen informatie en de [&hellip;]<\/p>\n","protected":false},"author":1,"featured_media":0,"parent":0,"menu_order":0,"comment_status":"closed","ping_status":"closed","template":"","meta":{"footnotes":""},"class_list":["post-2095","page","type-page","status-publish","hentry"],"yoast_head":"<!-- This site is optimized with the Yoast SEO plugin v27.3 - https:\/\/yoast.com\/product\/yoast-seo-wordpress\/ -->\n<title>Garantiebeleid | livekaarten.nl<\/title>\n<meta name=\"robots\" content=\"index, follow, max-snippet:-1, max-image-preview:large, max-video-preview:-1\" \/>\n<link rel=\"canonical\" href=\"https:\/\/livekaarten.nl\/fr\/warranty-policy\/\" \/>\n<meta property=\"og:locale\" content=\"fr_FR\" \/>\n<meta property=\"og:type\" content=\"article\" \/>\n<meta property=\"og:title\" content=\"Garantiebeleid | livekaarten.nl\" \/>\n<meta property=\"og:description\" content=\"&nbsp; 1. Wettelijke garantierechten zijn van toepassing. 2. De klant wordt verzocht het artikel onmiddellijk na levering op volledigheid en zichtbare gebreken te controleren en eventuele klachten zo snel mogelijk aan ons te melden. Als de klant dit niet doet, heeft dit geen invloed op zijn wettelijke garantieaanspraken. 3. Alleen onze eigen informatie en de [&hellip;]\" \/>\n<meta property=\"og:url\" content=\"https:\/\/livekaarten.nl\/fr\/warranty-policy\/\" \/>\n<meta property=\"og:site_name\" content=\"livekaarten.nl\" \/>\n<meta property=\"article:modified_time\" content=\"2025-09-05T19:59:34+00:00\" \/>\n<meta name=\"twitter:card\" content=\"summary_large_image\" \/>\n<meta name=\"twitter:label1\" content=\"Dur\u00e9e de lecture estim\u00e9e\" \/>\n\t<meta name=\"twitter:data1\" content=\"3 minutes\" \/>\n<script type=\"application\/ld+json\" class=\"yoast-schema-graph\">{\"@context\":\"https:\\\/\\\/schema.org\",\"@graph\":[{\"@type\":\"WebPage\",\"@id\":\"https:\\\/\\\/livekaarten.nl\\\/warranty-policy\\\/\",\"url\":\"https:\\\/\\\/livekaarten.nl\\\/warranty-policy\\\/\",\"name\":\"Garantiebeleid | livekaarten.nl\",\"isPartOf\":{\"@id\":\"https:\\\/\\\/livekaarten.nl\\\/#website\"},\"datePublished\":\"2020-12-16T16:14:33+00:00\",\"dateModified\":\"2025-09-05T19:59:34+00:00\",\"breadcrumb\":{\"@id\":\"https:\\\/\\\/livekaarten.nl\\\/warranty-policy\\\/#breadcrumb\"},\"inLanguage\":\"fr-FR\",\"potentialAction\":[{\"@type\":\"ReadAction\",\"target\":[\"https:\\\/\\\/livekaarten.nl\\\/warranty-policy\\\/\"]}]},{\"@type\":\"BreadcrumbList\",\"@id\":\"https:\\\/\\\/livekaarten.nl\\\/warranty-policy\\\/#breadcrumb\",\"itemListElement\":[{\"@type\":\"ListItem\",\"position\":1,\"name\":\"Home\",\"item\":\"https:\\\/\\\/livekaarten.nl\\\/\"},{\"@type\":\"ListItem\",\"position\":2,\"name\":\"Garantiebeleid\"}]},{\"@type\":\"WebSite\",\"@id\":\"https:\\\/\\\/livekaarten.nl\\\/#website\",\"url\":\"https:\\\/\\\/livekaarten.nl\\\/\",\"name\":\"Livekaarten.nl\",\"description\":\"Koop uw kantoor\",\"potentialAction\":[{\"@type\":\"SearchAction\",\"target\":{\"@type\":\"EntryPoint\",\"urlTemplate\":\"https:\\\/\\\/livekaarten.nl\\\/?s={search_term_string}\"},\"query-input\":{\"@type\":\"PropertyValueSpecification\",\"valueRequired\":true,\"valueName\":\"search_term_string\"}}],\"inLanguage\":\"fr-FR\"}]}<\/script>\n<!-- \/ Yoast SEO plugin. -->","yoast_head_json":{"title":"Garantiebeleid | livekaarten.nl","robots":{"index":"index","follow":"follow","max-snippet":"max-snippet:-1","max-image-preview":"max-image-preview:large","max-video-preview":"max-video-preview:-1"},"canonical":"https:\/\/livekaarten.nl\/fr\/warranty-policy\/","og_locale":"fr_FR","og_type":"article","og_title":"Garantiebeleid | livekaarten.nl","og_description":"&nbsp; 1. Wettelijke garantierechten zijn van toepassing. 2. De klant wordt verzocht het artikel onmiddellijk na levering op volledigheid en zichtbare gebreken te controleren en eventuele klachten zo snel mogelijk aan ons te melden. Als de klant dit niet doet, heeft dit geen invloed op zijn wettelijke garantieaanspraken. 3. Alleen onze eigen informatie en de [&hellip;]","og_url":"https:\/\/livekaarten.nl\/fr\/warranty-policy\/","og_site_name":"livekaarten.nl","article_modified_time":"2025-09-05T19:59:34+00:00","twitter_card":"summary_large_image","twitter_misc":{"Dur\u00e9e de lecture estim\u00e9e":"3 minutes"},"schema":{"@context":"https:\/\/schema.org","@graph":[{"@type":"WebPage","@id":"https:\/\/livekaarten.nl\/warranty-policy\/","url":"https:\/\/livekaarten.nl\/warranty-policy\/","name":"Garantiebeleid | livekaarten.nl","isPartOf":{"@id":"https:\/\/livekaarten.nl\/#website"},"datePublished":"2020-12-16T16:14:33+00:00","dateModified":"2025-09-05T19:59:34+00:00","breadcrumb":{"@id":"https:\/\/livekaarten.nl\/warranty-policy\/#breadcrumb"},"inLanguage":"fr-FR","potentialAction":[{"@type":"ReadAction","target":["https:\/\/livekaarten.nl\/warranty-policy\/"]}]},{"@type":"BreadcrumbList","@id":"https:\/\/livekaarten.nl\/warranty-policy\/#breadcrumb","itemListElement":[{"@type":"ListItem","position":1,"name":"Home","item":"https:\/\/livekaarten.nl\/"},{"@type":"ListItem","position":2,"name":"Garantiebeleid"}]},{"@type":"WebSite","@id":"https:\/\/livekaarten.nl\/#website","url":"https:\/\/livekaarten.nl\/","name":"Livecards.co.uk","description":"Acheter votre bureau","potentialAction":[{"@type":"SearchAction","target":{"@type":"EntryPoint","urlTemplate":"https:\/\/livekaarten.nl\/?s={search_term_string}"},"query-input":{"@type":"PropertyValueSpecification","valueRequired":true,"valueName":"search_term_string"}}],"inLanguage":"fr-FR"}]}},"_links":{"self":[{"href":"https:\/\/livekaarten.nl\/fr\/wp-json\/wp\/v2\/pages\/2095","targetHints":{"allow":["GET"]}}],"collection":[{"href":"https:\/\/livekaarten.nl\/fr\/wp-json\/wp\/v2\/pages"}],"about":[{"href":"https:\/\/livekaarten.nl\/fr\/wp-json\/wp\/v2\/types\/page"}],"author":[{"embeddable":true,"href":"https:\/\/livekaarten.nl\/fr\/wp-json\/wp\/v2\/users\/1"}],"replies":[{"embeddable":true,"href":"https:\/\/livekaarten.nl\/fr\/wp-json\/wp\/v2\/comments?post=2095"}],"version-history":[{"count":0,"href":"https:\/\/livekaarten.nl\/fr\/wp-json\/wp\/v2\/pages\/2095\/revisions"}],"wp:attachment":[{"href":"https:\/\/livekaarten.nl\/fr\/wp-json\/wp\/v2\/media?parent=2095"}],"curies":[{"name":"wp","href":"https:\/\/api.w.org\/{rel}","templated":true}]}}