{"id":1472,"date":"2022-10-19T21:27:27","date_gmt":"2022-10-19T21:27:27","guid":{"rendered":"https:\/\/gamecardshop.com\/livecards\/?page_id=1472"},"modified":"2025-05-30T20:03:57","modified_gmt":"2025-05-30T18:03:57","slug":"refund_returns","status":"publish","type":"page","link":"https:\/\/livekaarten.nl\/fr\/refund_returns\/","title":{"rendered":"Politique de retour"},"content":{"rendered":"<h5><\/h5>\n<h5>Politique de retour<\/h5>\n<p>Ind\u00e9pendamment du droit l\u00e9gal de r\u00e9tractation (voir ci-dessus), nous offrons aux consommateurs une garantie de remboursement volontaire \u00e0 vie. Cette garantie est valable \u00e0 vie \u00e0 partir de la date de vente.<\/p>\n<p>Pour b\u00e9n\u00e9ficier de la garantie de remboursement \u00e0 vie, vous devez informer Game Card Shop de votre d\u00e9cision de r\u00e9silier le pr\u00e9sent contrat par une d\u00e9claration \u00e9crite claire (p. ex. lettre, e-mail). Nous vous demandons de justifier la raison pour laquelle vous faites appel \u00e0 la garantie de remboursement.<\/p>\n<p>Votre paiement sera rembours\u00e9 conform\u00e9ment au droit de r\u00e9tractation.<\/p>","protected":false},"excerpt":{"rendered":"<p>Retourbeleid Ongeacht het wettelijke herroepingsrecht (zie hierboven), bieden we consumenten een levenslange vrijwillige geld-terug-garantie. De termijn is levenslang vanaf de verkoopdatum. Om gebruik te maken van de levenslange geld-terug garantie, moet je Game Card Shop op de hoogte stellen van je beslissing om deze overeenkomst te be\u00ebindigen door een duidelijke schriftelijke verklaring (bijv. brief, e-mail). [&hellip;]<\/p>\n","protected":false},"author":1,"featured_media":0,"parent":0,"menu_order":0,"comment_status":"closed","ping_status":"closed","template":"","meta":{"footnotes":""},"class_list":["post-1472","page","type-page","status-publish","hentry"],"yoast_head":"<!-- This site is optimized with the Yoast SEO plugin v27.3 - https:\/\/yoast.com\/product\/yoast-seo-wordpress\/ -->\n<title>Retourbeleid | livekaarten.nl<\/title>\n<meta name=\"robots\" content=\"index, follow, max-snippet:-1, max-image-preview:large, max-video-preview:-1\" \/>\n<link rel=\"canonical\" href=\"https:\/\/livekaarten.nl\/fr\/refund_returns\/\" \/>\n<meta property=\"og:locale\" content=\"fr_FR\" \/>\n<meta property=\"og:type\" content=\"article\" \/>\n<meta property=\"og:title\" content=\"Retourbeleid | livekaarten.nl\" \/>\n<meta property=\"og:description\" content=\"Retourbeleid Ongeacht het wettelijke herroepingsrecht (zie hierboven), bieden we consumenten een levenslange vrijwillige geld-terug-garantie. De termijn is levenslang vanaf de verkoopdatum. Om gebruik te maken van de levenslange geld-terug garantie, moet je Game Card Shop op de hoogte stellen van je beslissing om deze overeenkomst te be\u00ebindigen door een duidelijke schriftelijke verklaring (bijv. brief, e-mail). [&hellip;]\" \/>\n<meta property=\"og:url\" content=\"https:\/\/livekaarten.nl\/fr\/refund_returns\/\" \/>\n<meta property=\"og:site_name\" content=\"livekaarten.nl\" \/>\n<meta property=\"article:modified_time\" content=\"2025-05-30T18:03:57+00:00\" \/>\n<meta name=\"twitter:card\" content=\"summary_large_image\" \/>\n<meta name=\"twitter:label1\" content=\"Dur\u00e9e de lecture estim\u00e9e\" \/>\n\t<meta name=\"twitter:data1\" content=\"1 minute\" \/>\n<script type=\"application\/ld+json\" class=\"yoast-schema-graph\">{\"@context\":\"https:\\\/\\\/schema.org\",\"@graph\":[{\"@type\":\"WebPage\",\"@id\":\"https:\\\/\\\/livekaarten.nl\\\/refund_returns\\\/\",\"url\":\"https:\\\/\\\/livekaarten.nl\\\/refund_returns\\\/\",\"name\":\"Retourbeleid | livekaarten.nl\",\"isPartOf\":{\"@id\":\"https:\\\/\\\/livekaarten.nl\\\/#website\"},\"datePublished\":\"2022-10-19T21:27:27+00:00\",\"dateModified\":\"2025-05-30T18:03:57+00:00\",\"breadcrumb\":{\"@id\":\"https:\\\/\\\/livekaarten.nl\\\/refund_returns\\\/#breadcrumb\"},\"inLanguage\":\"fr-FR\",\"potentialAction\":[{\"@type\":\"ReadAction\",\"target\":[\"https:\\\/\\\/livekaarten.nl\\\/refund_returns\\\/\"]}]},{\"@type\":\"BreadcrumbList\",\"@id\":\"https:\\\/\\\/livekaarten.nl\\\/refund_returns\\\/#breadcrumb\",\"itemListElement\":[{\"@type\":\"ListItem\",\"position\":1,\"name\":\"Home\",\"item\":\"https:\\\/\\\/livekaarten.nl\\\/\"},{\"@type\":\"ListItem\",\"position\":2,\"name\":\"Retourbeleid\"}]},{\"@type\":\"WebSite\",\"@id\":\"https:\\\/\\\/livekaarten.nl\\\/#website\",\"url\":\"https:\\\/\\\/livekaarten.nl\\\/\",\"name\":\"Livekaarten.nl\",\"description\":\"Koop uw kantoor\",\"potentialAction\":[{\"@type\":\"SearchAction\",\"target\":{\"@type\":\"EntryPoint\",\"urlTemplate\":\"https:\\\/\\\/livekaarten.nl\\\/?s={search_term_string}\"},\"query-input\":{\"@type\":\"PropertyValueSpecification\",\"valueRequired\":true,\"valueName\":\"search_term_string\"}}],\"inLanguage\":\"fr-FR\"}]}<\/script>\n<!-- \/ Yoast SEO plugin. -->","yoast_head_json":{"title":"Politique de retour | livekaarten.nl","robots":{"index":"index","follow":"follow","max-snippet":"max-snippet:-1","max-image-preview":"max-image-preview:large","max-video-preview":"max-video-preview:-1"},"canonical":"https:\/\/livekaarten.nl\/fr\/refund_returns\/","og_locale":"fr_FR","og_type":"article","og_title":"Retourbeleid | livekaarten.nl","og_description":"Retourbeleid Ongeacht het wettelijke herroepingsrecht (zie hierboven), bieden we consumenten een levenslange vrijwillige geld-terug-garantie. De termijn is levenslang vanaf de verkoopdatum. Om gebruik te maken van de levenslange geld-terug garantie, moet je Game Card Shop op de hoogte stellen van je beslissing om deze overeenkomst te be\u00ebindigen door een duidelijke schriftelijke verklaring (bijv. brief, e-mail). [&hellip;]","og_url":"https:\/\/livekaarten.nl\/fr\/refund_returns\/","og_site_name":"livekaarten.nl","article_modified_time":"2025-05-30T18:03:57+00:00","twitter_card":"summary_large_image","twitter_misc":{"Dur\u00e9e de lecture estim\u00e9e":"1 minute"},"schema":{"@context":"https:\/\/schema.org","@graph":[{"@type":"WebPage","@id":"https:\/\/livekaarten.nl\/refund_returns\/","url":"https:\/\/livekaarten.nl\/refund_returns\/","name":"Politique de retour | livekaarten.nl","isPartOf":{"@id":"https:\/\/livekaarten.nl\/#website"},"datePublished":"2022-10-19T21:27:27+00:00","dateModified":"2025-05-30T18:03:57+00:00","breadcrumb":{"@id":"https:\/\/livekaarten.nl\/refund_returns\/#breadcrumb"},"inLanguage":"fr-FR","potentialAction":[{"@type":"ReadAction","target":["https:\/\/livekaarten.nl\/refund_returns\/"]}]},{"@type":"BreadcrumbList","@id":"https:\/\/livekaarten.nl\/refund_returns\/#breadcrumb","itemListElement":[{"@type":"ListItem","position":1,"name":"Home","item":"https:\/\/livekaarten.nl\/"},{"@type":"ListItem","position":2,"name":"Retourbeleid"}]},{"@type":"WebSite","@id":"https:\/\/livekaarten.nl\/#website","url":"https:\/\/livekaarten.nl\/","name":"Livecards.co.uk","description":"Acheter votre bureau","potentialAction":[{"@type":"SearchAction","target":{"@type":"EntryPoint","urlTemplate":"https:\/\/livekaarten.nl\/?s={search_term_string}"},"query-input":{"@type":"PropertyValueSpecification","valueRequired":true,"valueName":"search_term_string"}}],"inLanguage":"fr-FR"}]}},"_links":{"self":[{"href":"https:\/\/livekaarten.nl\/fr\/wp-json\/wp\/v2\/pages\/1472","targetHints":{"allow":["GET"]}}],"collection":[{"href":"https:\/\/livekaarten.nl\/fr\/wp-json\/wp\/v2\/pages"}],"about":[{"href":"https:\/\/livekaarten.nl\/fr\/wp-json\/wp\/v2\/types\/page"}],"author":[{"embeddable":true,"href":"https:\/\/livekaarten.nl\/fr\/wp-json\/wp\/v2\/users\/1"}],"replies":[{"embeddable":true,"href":"https:\/\/livekaarten.nl\/fr\/wp-json\/wp\/v2\/comments?post=1472"}],"version-history":[{"count":0,"href":"https:\/\/livekaarten.nl\/fr\/wp-json\/wp\/v2\/pages\/1472\/revisions"}],"wp:attachment":[{"href":"https:\/\/livekaarten.nl\/fr\/wp-json\/wp\/v2\/media?parent=1472"}],"curies":[{"name":"wp","href":"https:\/\/api.w.org\/{rel}","templated":true}]}}