{"id":1156,"date":"2020-12-16T16:09:41","date_gmt":"2020-12-16T16:09:41","guid":{"rendered":"https:\/\/shop.winandoffice.com\/?page_id=1156"},"modified":"2025-07-08T23:32:20","modified_gmt":"2025-07-08T21:32:20","slug":"returns-and-refunds","status":"publish","type":"page","link":"https:\/\/livekaarten.nl\/fr\/returns-and-refunds\/","title":{"rendered":"Retours et remboursements"},"content":{"rendered":"<div style=\"width: 80%; margin: auto;\">\n<ul style=\"padding-left: 10px;\">\n<li>Pas de frais de retour<\/li>\n<li>Pas de frais de port<\/li>\n<li>30 jours de remboursement int\u00e9gral<\/li>\n<li>Garantie de remplacement \u00e0 vie<\/li>\n<\/ul>\n<p><strong>Politique d'annulation<\/strong><\/p>\n<p>Vous avez le droit de r\u00e9silier le pr\u00e9sent contrat sans donner de raisons dans les 30 jours suivant la r\u00e9ception des marchandises.<\/p>\n<p>Pour exercer votre droit de r\u00e9siliation, vous devez nous informer de votre d\u00e9cision de r\u00e9silier le pr\u00e9sent contrat par une d\u00e9claration sans ambigu\u00eft\u00e9 (par exemple, une lettre envoy\u00e9e par la poste, un fax ou un e-mail). Vous pouvez utiliser l'exemple ci-joint \u00e0 cet effet.<\/p>\n<div style=\"border: dashed 1px gray; border-radius: 5px; background-color: #f5f5f5; padding: 5px; margin-bottom: 15px;\">\n<p><strong>Propri\u00e9taire :<\/strong> PAY SHIELD LTD<\/p>\n<p><strong>Si\u00e8ge social :<\/strong> Westwood Business Centre Unit A5a, Continental Approach, Margate, Angleterre, CT9 4JG<\/p>\n<p><strong>T\u00e9l :<\/strong> +49 15258547400<\/p>\n<p><strong>E-mail :<\/strong> <a href='mailto:info@livekaarten.nl'>info@livekaarten.nl<\/a><\/p>\n<\/div>\n<p><strong>Mod\u00e8le de formulaire d'annulation<\/strong><\/p>\n<p>(Si vous souhaitez annuler l'accord, veuillez compl\u00e9ter et renvoyer ce formulaire).<\/p>\n<div style=\"border: dashed 1px gray; border-radius: 5px; background-color: #f5f5f5; padding: 5px; margin-bottom: 15px;\">\n<p>Par la pr\u00e9sente, je r\u00e9silie\/nous r\u00e9silions le contrat que j'ai\/nous avons conclu (*) pour l'achat des biens suivants (\/la prestation du service suivant (*)) :<\/p>\n<ul style=\"padding-left: 20px;\">\n<li>Command\u00e9 le (*) \/ re\u00e7u le (*)<\/li>\n<li>Nom du\/des consommateur(s)<\/li>\n<li>Adresse du\/des consommateur(s)<\/li>\n<li>Signature du\/des consommateur(s) (uniquement si la notification est faite sur papier)<\/li>\n<li>Date<\/li>\n<\/ul>\n<\/div>\n<p><em>(*) Rayer les mentions inutiles.<\/em><\/p>\n<p>Pour respecter le d\u00e9lai de r\u00e9siliation, il suffit que vous envoyiez votre notification d'exercice du droit de r\u00e9siliation avant l'expiration du d\u00e9lai de r\u00e9siliation.<\/p>\n<p><strong>Cons\u00e9quences de l'annulation<\/strong><\/p>\n<p>Si vous annulez le pr\u00e9sent contrat, nous vous rembourserons imm\u00e9diatement tous les paiements re\u00e7us de votre part, y compris les frais de livraison (\u00e0 l'exclusion des frais suppl\u00e9mentaires r\u00e9sultant de votre choix d'un mode de livraison autre que la livraison standard la moins ch\u00e8re que nous proposons). Pour ce remboursement, nous utiliserons le m\u00eame moyen de paiement que celui que vous avez utilis\u00e9 pour la transaction initiale, sauf accord contraire expr\u00e8s avec vous ; en aucun cas nous ne vous facturerons ce remboursement.<\/p>\n<p><strong>Garantie de remplacement \u00e0 vie :<\/strong><\/p>\n<p>Si vous ne respectez pas la p\u00e9riode de remboursement de 30 jours, nous vous offrons une garantie de remplacement du produit \u00e0 vie. Si le produit tombe en panne pendant l'utilisation, vous recevrez un produit de remplacement gratuit.<\/p>\n<div style=\"border: dashed 1px gray; border-radius: 5px; background-color: #f5f5f5; padding: 5px; margin-bottom: 15px;\"><strong>Propri\u00e9taire :<\/strong> PAY SHIELD LTD<br \/>\n<strong>Si\u00e8ge social :<\/strong> Westwood Business Centre Unit A5a, Continental Approach, Margate, Angleterre, CT9 4JG<br \/>\n<strong>T\u00e9l :<\/strong> +49 15258547400<br \/>\n<strong>E-mail :<\/strong> <a href='mailto:info@livekaarten.nl'>info@livekaarten.nl<\/a><\/div>\n<\/div>","protected":false},"excerpt":{"rendered":"<p>Geen retourkosten Geen verzendkosten 30 dagen volledig geld terug Levenslange vervangingsgarantie Annuleringsbeleid U heeft het recht om deze overeenkomst zonder opgaaf van redenen binnen 30 dagen na ontvangst van de goederen te annuleren. Om uw recht op annulering uit te oefenen, moet u ons informeren over uw beslissing om deze overeenkomst te annuleren door middel [&hellip;]<\/p>\n","protected":false},"author":1,"featured_media":0,"parent":0,"menu_order":0,"comment_status":"closed","ping_status":"closed","template":"","meta":{"footnotes":""},"class_list":["post-1156","page","type-page","status-publish","hentry"],"yoast_head":"<!-- This site is optimized with the Yoast SEO plugin v27.3 - https:\/\/yoast.com\/product\/yoast-seo-wordpress\/ -->\n<title>Retourneren en terugbetalen | livekaarten.nl<\/title>\n<meta name=\"robots\" content=\"index, follow, max-snippet:-1, max-image-preview:large, max-video-preview:-1\" \/>\n<link rel=\"canonical\" href=\"https:\/\/livekaarten.nl\/fr\/returns-and-refunds\/\" \/>\n<meta property=\"og:locale\" content=\"fr_FR\" \/>\n<meta property=\"og:type\" content=\"article\" \/>\n<meta property=\"og:title\" content=\"Retourneren en terugbetalen | livekaarten.nl\" \/>\n<meta property=\"og:description\" content=\"Geen retourkosten Geen verzendkosten 30 dagen volledig geld terug Levenslange vervangingsgarantie Annuleringsbeleid U heeft het recht om deze overeenkomst zonder opgaaf van redenen binnen 30 dagen na ontvangst van de goederen te annuleren. Om uw recht op annulering uit te oefenen, moet u ons informeren over uw beslissing om deze overeenkomst te annuleren door middel [&hellip;]\" \/>\n<meta property=\"og:url\" content=\"https:\/\/livekaarten.nl\/fr\/returns-and-refunds\/\" \/>\n<meta property=\"og:site_name\" content=\"livekaarten.nl\" \/>\n<meta property=\"article:modified_time\" content=\"2025-07-08T21:32:20+00:00\" \/>\n<meta name=\"twitter:card\" content=\"summary_large_image\" \/>\n<meta name=\"twitter:label1\" content=\"Dur\u00e9e de lecture estim\u00e9e\" \/>\n\t<meta name=\"twitter:data1\" content=\"2 minutes\" \/>\n<script type=\"application\/ld+json\" class=\"yoast-schema-graph\">{\"@context\":\"https:\\\/\\\/schema.org\",\"@graph\":[{\"@type\":\"WebPage\",\"@id\":\"https:\\\/\\\/livekaarten.nl\\\/returns-and-refunds\\\/\",\"url\":\"https:\\\/\\\/livekaarten.nl\\\/returns-and-refunds\\\/\",\"name\":\"Retourneren en terugbetalen | livekaarten.nl\",\"isPartOf\":{\"@id\":\"https:\\\/\\\/livekaarten.nl\\\/#website\"},\"datePublished\":\"2020-12-16T16:09:41+00:00\",\"dateModified\":\"2025-07-08T21:32:20+00:00\",\"breadcrumb\":{\"@id\":\"https:\\\/\\\/livekaarten.nl\\\/returns-and-refunds\\\/#breadcrumb\"},\"inLanguage\":\"fr-FR\",\"potentialAction\":[{\"@type\":\"ReadAction\",\"target\":[\"https:\\\/\\\/livekaarten.nl\\\/returns-and-refunds\\\/\"]}]},{\"@type\":\"BreadcrumbList\",\"@id\":\"https:\\\/\\\/livekaarten.nl\\\/returns-and-refunds\\\/#breadcrumb\",\"itemListElement\":[{\"@type\":\"ListItem\",\"position\":1,\"name\":\"Home\",\"item\":\"https:\\\/\\\/livekaarten.nl\\\/\"},{\"@type\":\"ListItem\",\"position\":2,\"name\":\"Retourneren en terugbetalen\"}]},{\"@type\":\"WebSite\",\"@id\":\"https:\\\/\\\/livekaarten.nl\\\/#website\",\"url\":\"https:\\\/\\\/livekaarten.nl\\\/\",\"name\":\"Livekaarten.nl\",\"description\":\"Koop uw kantoor\",\"potentialAction\":[{\"@type\":\"SearchAction\",\"target\":{\"@type\":\"EntryPoint\",\"urlTemplate\":\"https:\\\/\\\/livekaarten.nl\\\/?s={search_term_string}\"},\"query-input\":{\"@type\":\"PropertyValueSpecification\",\"valueRequired\":true,\"valueName\":\"search_term_string\"}}],\"inLanguage\":\"fr-FR\"}]}<\/script>\n<!-- \/ Yoast SEO plugin. -->","yoast_head_json":{"title":"Retourneren en terugbetalen | livekaarten.nl","robots":{"index":"index","follow":"follow","max-snippet":"max-snippet:-1","max-image-preview":"max-image-preview:large","max-video-preview":"max-video-preview:-1"},"canonical":"https:\/\/livekaarten.nl\/fr\/returns-and-refunds\/","og_locale":"fr_FR","og_type":"article","og_title":"Retourneren en terugbetalen | livekaarten.nl","og_description":"Geen retourkosten Geen verzendkosten 30 dagen volledig geld terug Levenslange vervangingsgarantie Annuleringsbeleid U heeft het recht om deze overeenkomst zonder opgaaf van redenen binnen 30 dagen na ontvangst van de goederen te annuleren. Om uw recht op annulering uit te oefenen, moet u ons informeren over uw beslissing om deze overeenkomst te annuleren door middel [&hellip;]","og_url":"https:\/\/livekaarten.nl\/fr\/returns-and-refunds\/","og_site_name":"livekaarten.nl","article_modified_time":"2025-07-08T21:32:20+00:00","twitter_card":"summary_large_image","twitter_misc":{"Dur\u00e9e de lecture estim\u00e9e":"2 minutes"},"schema":{"@context":"https:\/\/schema.org","@graph":[{"@type":"WebPage","@id":"https:\/\/livekaarten.nl\/returns-and-refunds\/","url":"https:\/\/livekaarten.nl\/returns-and-refunds\/","name":"Retourneren en terugbetalen | livekaarten.nl","isPartOf":{"@id":"https:\/\/livekaarten.nl\/#website"},"datePublished":"2020-12-16T16:09:41+00:00","dateModified":"2025-07-08T21:32:20+00:00","breadcrumb":{"@id":"https:\/\/livekaarten.nl\/returns-and-refunds\/#breadcrumb"},"inLanguage":"fr-FR","potentialAction":[{"@type":"ReadAction","target":["https:\/\/livekaarten.nl\/returns-and-refunds\/"]}]},{"@type":"BreadcrumbList","@id":"https:\/\/livekaarten.nl\/returns-and-refunds\/#breadcrumb","itemListElement":[{"@type":"ListItem","position":1,"name":"Home","item":"https:\/\/livekaarten.nl\/"},{"@type":"ListItem","position":2,"name":"Retourneren en terugbetalen"}]},{"@type":"WebSite","@id":"https:\/\/livekaarten.nl\/#website","url":"https:\/\/livekaarten.nl\/","name":"Livecards.co.uk","description":"Acheter votre bureau","potentialAction":[{"@type":"SearchAction","target":{"@type":"EntryPoint","urlTemplate":"https:\/\/livekaarten.nl\/?s={search_term_string}"},"query-input":{"@type":"PropertyValueSpecification","valueRequired":true,"valueName":"search_term_string"}}],"inLanguage":"fr-FR"}]}},"_links":{"self":[{"href":"https:\/\/livekaarten.nl\/fr\/wp-json\/wp\/v2\/pages\/1156","targetHints":{"allow":["GET"]}}],"collection":[{"href":"https:\/\/livekaarten.nl\/fr\/wp-json\/wp\/v2\/pages"}],"about":[{"href":"https:\/\/livekaarten.nl\/fr\/wp-json\/wp\/v2\/types\/page"}],"author":[{"embeddable":true,"href":"https:\/\/livekaarten.nl\/fr\/wp-json\/wp\/v2\/users\/1"}],"replies":[{"embeddable":true,"href":"https:\/\/livekaarten.nl\/fr\/wp-json\/wp\/v2\/comments?post=1156"}],"version-history":[{"count":0,"href":"https:\/\/livekaarten.nl\/fr\/wp-json\/wp\/v2\/pages\/1156\/revisions"}],"wp:attachment":[{"href":"https:\/\/livekaarten.nl\/fr\/wp-json\/wp\/v2\/media?parent=1156"}],"curies":[{"name":"wp","href":"https:\/\/api.w.org\/{rel}","templated":true}]}}