{"id":1150,"date":"2020-12-16T15:58:31","date_gmt":"2020-12-16T15:58:31","guid":{"rendered":"https:\/\/shop.winandoffice.com\/?page_id=1150"},"modified":"2025-05-30T20:06:15","modified_gmt":"2025-05-30T18:06:15","slug":"payment-and-delivery","status":"publish","type":"page","link":"https:\/\/livekaarten.nl\/fr\/payment-and-delivery\/","title":{"rendered":"Paiement et livraison"},"content":{"rendered":"<h6>\u00a0<\/h6>\r\n<h6>Exp\u00e9dition<\/h6>\r\n<p>Nos produits sont exp\u00e9di\u00e9s sous forme num\u00e9rique. Une fois que nous aurons confirm\u00e9 la r\u00e9ception de votre paiement, vous recevrez un e-mail contenant toutes les informations n\u00e9cessaires au t\u00e9l\u00e9chargement, \u00e0 l'installation et \u00e0 l'activation.<\/p>\r\n<p>Pour garantir la livraison des produits, veillez \u00e0 saisir correctement votre adresse \u00e9lectronique lors de la commande !<\/p>\r\n<p>Il n'y a pas de frais d'exp\u00e9dition pour l'envoi par e-mail.<\/p>\r\n<h6>Options et conditions de paiement<\/h6>\r\n<p><strong>PayPal<\/strong><\/p>\r\n<p>Payez rapidement et facilement avec PayPal. C'est le moyen le plus rapide de recevoir votre commande, g\u00e9n\u00e9ralement dans les 15 minutes.<\/p>\r\n<p><strong>Carte de cr\u00e9dit<\/strong><\/p>\r\n<p>Vous pouvez \u00e9galement payer par carte de cr\u00e9dit via le syst\u00e8me PayPal. Comme pour le paiement PayPal, le paiement sera confirm\u00e9 dans notre syst\u00e8me en quelques minutes et la commande sera exp\u00e9di\u00e9e peu apr\u00e8s.<\/p>\r\n<p><strong>Transfert<\/strong><\/p>\r\n<p>Lors de la finalisation de la commande, vous recevrez des informations sur le virement sur notre compte bancaire. L'exp\u00e9dition a lieu d\u00e8s que nous pouvons confirmer la r\u00e9ception du paiement. Si vous nous envoyez le re\u00e7u de votre virement bancaire, la commande sera exp\u00e9di\u00e9e le jour m\u00eame.<\/p>","protected":false},"excerpt":{"rendered":"<p>\u00a0 Verzending Onze producten worden digitaal verzonden. Zodra we de ontvangst van je betaling hebben bevestigd, ontvang je een e-mail met alle benodigde informatie over downloaden, installeren en activeren. Om de levering van de producten te garanderen, moet je ervoor zorgen dat je je e-mailadres correct invult bij de bestelling! Er zijn geen verzendkosten voor [&hellip;]<\/p>\n","protected":false},"author":1,"featured_media":0,"parent":0,"menu_order":0,"comment_status":"closed","ping_status":"closed","template":"","meta":{"footnotes":""},"class_list":["post-1150","page","type-page","status-publish","hentry"],"yoast_head":"<!-- This site is optimized with the Yoast SEO plugin v27.3 - https:\/\/yoast.com\/product\/yoast-seo-wordpress\/ -->\n<title>Betaling en levering | livekaarten.nl<\/title>\n<meta name=\"robots\" content=\"index, follow, max-snippet:-1, max-image-preview:large, max-video-preview:-1\" \/>\n<link rel=\"canonical\" href=\"https:\/\/livekaarten.nl\/fr\/payment-and-delivery\/\" \/>\n<meta property=\"og:locale\" content=\"fr_FR\" \/>\n<meta property=\"og:type\" content=\"article\" \/>\n<meta property=\"og:title\" content=\"Betaling en levering | livekaarten.nl\" \/>\n<meta property=\"og:description\" content=\"\u00a0 Verzending Onze producten worden digitaal verzonden. Zodra we de ontvangst van je betaling hebben bevestigd, ontvang je een e-mail met alle benodigde informatie over downloaden, installeren en activeren. Om de levering van de producten te garanderen, moet je ervoor zorgen dat je je e-mailadres correct invult bij de bestelling! Er zijn geen verzendkosten voor [&hellip;]\" \/>\n<meta property=\"og:url\" content=\"https:\/\/livekaarten.nl\/fr\/payment-and-delivery\/\" \/>\n<meta property=\"og:site_name\" content=\"livekaarten.nl\" \/>\n<meta property=\"article:modified_time\" content=\"2025-05-30T18:06:15+00:00\" \/>\n<meta name=\"twitter:card\" content=\"summary_large_image\" \/>\n<meta name=\"twitter:label1\" content=\"Dur\u00e9e de lecture estim\u00e9e\" \/>\n\t<meta name=\"twitter:data1\" content=\"1 minute\" \/>\n<script type=\"application\/ld+json\" class=\"yoast-schema-graph\">{\"@context\":\"https:\\\/\\\/schema.org\",\"@graph\":[{\"@type\":\"WebPage\",\"@id\":\"https:\\\/\\\/livekaarten.nl\\\/payment-and-delivery\\\/\",\"url\":\"https:\\\/\\\/livekaarten.nl\\\/payment-and-delivery\\\/\",\"name\":\"Betaling en levering | livekaarten.nl\",\"isPartOf\":{\"@id\":\"https:\\\/\\\/livekaarten.nl\\\/#website\"},\"datePublished\":\"2020-12-16T15:58:31+00:00\",\"dateModified\":\"2025-05-30T18:06:15+00:00\",\"breadcrumb\":{\"@id\":\"https:\\\/\\\/livekaarten.nl\\\/payment-and-delivery\\\/#breadcrumb\"},\"inLanguage\":\"fr-FR\",\"potentialAction\":[{\"@type\":\"ReadAction\",\"target\":[\"https:\\\/\\\/livekaarten.nl\\\/payment-and-delivery\\\/\"]}]},{\"@type\":\"BreadcrumbList\",\"@id\":\"https:\\\/\\\/livekaarten.nl\\\/payment-and-delivery\\\/#breadcrumb\",\"itemListElement\":[{\"@type\":\"ListItem\",\"position\":1,\"name\":\"Home\",\"item\":\"https:\\\/\\\/livekaarten.nl\\\/\"},{\"@type\":\"ListItem\",\"position\":2,\"name\":\"Betaling en levering\"}]},{\"@type\":\"WebSite\",\"@id\":\"https:\\\/\\\/livekaarten.nl\\\/#website\",\"url\":\"https:\\\/\\\/livekaarten.nl\\\/\",\"name\":\"Livekaarten.nl\",\"description\":\"Koop uw kantoor\",\"potentialAction\":[{\"@type\":\"SearchAction\",\"target\":{\"@type\":\"EntryPoint\",\"urlTemplate\":\"https:\\\/\\\/livekaarten.nl\\\/?s={search_term_string}\"},\"query-input\":{\"@type\":\"PropertyValueSpecification\",\"valueRequired\":true,\"valueName\":\"search_term_string\"}}],\"inLanguage\":\"fr-FR\"}]}<\/script>\n<!-- \/ Yoast SEO plugin. -->","yoast_head_json":{"title":"Betaling en levering | livekaarten.nl","robots":{"index":"index","follow":"follow","max-snippet":"max-snippet:-1","max-image-preview":"max-image-preview:large","max-video-preview":"max-video-preview:-1"},"canonical":"https:\/\/livekaarten.nl\/fr\/payment-and-delivery\/","og_locale":"fr_FR","og_type":"article","og_title":"Betaling en levering | livekaarten.nl","og_description":"\u00a0 Verzending Onze producten worden digitaal verzonden. Zodra we de ontvangst van je betaling hebben bevestigd, ontvang je een e-mail met alle benodigde informatie over downloaden, installeren en activeren. Om de levering van de producten te garanderen, moet je ervoor zorgen dat je je e-mailadres correct invult bij de bestelling! Er zijn geen verzendkosten voor [&hellip;]","og_url":"https:\/\/livekaarten.nl\/fr\/payment-and-delivery\/","og_site_name":"livekaarten.nl","article_modified_time":"2025-05-30T18:06:15+00:00","twitter_card":"summary_large_image","twitter_misc":{"Dur\u00e9e de lecture estim\u00e9e":"1 minute"},"schema":{"@context":"https:\/\/schema.org","@graph":[{"@type":"WebPage","@id":"https:\/\/livekaarten.nl\/payment-and-delivery\/","url":"https:\/\/livekaarten.nl\/payment-and-delivery\/","name":"Betaling en levering | livekaarten.nl","isPartOf":{"@id":"https:\/\/livekaarten.nl\/#website"},"datePublished":"2020-12-16T15:58:31+00:00","dateModified":"2025-05-30T18:06:15+00:00","breadcrumb":{"@id":"https:\/\/livekaarten.nl\/payment-and-delivery\/#breadcrumb"},"inLanguage":"fr-FR","potentialAction":[{"@type":"ReadAction","target":["https:\/\/livekaarten.nl\/payment-and-delivery\/"]}]},{"@type":"BreadcrumbList","@id":"https:\/\/livekaarten.nl\/payment-and-delivery\/#breadcrumb","itemListElement":[{"@type":"ListItem","position":1,"name":"Home","item":"https:\/\/livekaarten.nl\/"},{"@type":"ListItem","position":2,"name":"Betaling en levering"}]},{"@type":"WebSite","@id":"https:\/\/livekaarten.nl\/#website","url":"https:\/\/livekaarten.nl\/","name":"Livecards.co.uk","description":"Acheter votre bureau","potentialAction":[{"@type":"SearchAction","target":{"@type":"EntryPoint","urlTemplate":"https:\/\/livekaarten.nl\/?s={search_term_string}"},"query-input":{"@type":"PropertyValueSpecification","valueRequired":true,"valueName":"search_term_string"}}],"inLanguage":"fr-FR"}]}},"_links":{"self":[{"href":"https:\/\/livekaarten.nl\/fr\/wp-json\/wp\/v2\/pages\/1150","targetHints":{"allow":["GET"]}}],"collection":[{"href":"https:\/\/livekaarten.nl\/fr\/wp-json\/wp\/v2\/pages"}],"about":[{"href":"https:\/\/livekaarten.nl\/fr\/wp-json\/wp\/v2\/types\/page"}],"author":[{"embeddable":true,"href":"https:\/\/livekaarten.nl\/fr\/wp-json\/wp\/v2\/users\/1"}],"replies":[{"embeddable":true,"href":"https:\/\/livekaarten.nl\/fr\/wp-json\/wp\/v2\/comments?post=1150"}],"version-history":[{"count":0,"href":"https:\/\/livekaarten.nl\/fr\/wp-json\/wp\/v2\/pages\/1150\/revisions"}],"wp:attachment":[{"href":"https:\/\/livekaarten.nl\/fr\/wp-json\/wp\/v2\/media?parent=1150"}],"curies":[{"name":"wp","href":"https:\/\/api.w.org\/{rel}","templated":true}]}}