{"id":11056,"date":"2021-03-03T15:10:06","date_gmt":"2021-03-03T14:10:06","guid":{"rendered":"https:\/\/shop.winandoffice.com\/?page_id=11056"},"modified":"2025-06-03T11:12:57","modified_gmt":"2025-06-03T09:12:57","slug":"legal-basis","status":"publish","type":"page","link":"https:\/\/livekaarten.nl\/fr\/legal-basis\/","title":{"rendered":"Bases l\u00e9gales"},"content":{"rendered":"<p>&nbsp;<\/p>\n<p><strong>Droit de distribution<\/strong><\/p>\n<p>Les fabricants de logiciels tels que Microsoft ou Corel autorisent des distributeurs certifi\u00e9s (revendeurs) \u00e0 vendre leurs produits aux consommateurs. Il s'agit de droits de revente. Seuls les partenaires agr\u00e9\u00e9s sont autoris\u00e9s \u00e0 vendre des licences de logiciels et sont obligatoirement membres du programme de partenariat du fabricant. Les revendeurs ont le droit non exclusif de commercialiser et de distribuer activement les logiciels sous licence au sein de l'UE\/AELE. Toutefois, les revendeurs peuvent \u00e9galement op\u00e9rer dans d'autres r\u00e9gions. Pour ce faire, ils doivent conclure un accord \u00e9crit.<\/p>\n<p>Le distributeur est tenu de proposer les produits logiciels sous le nom de produit respectif du fabricant. Les droits de propri\u00e9t\u00e9 et les avis de droits d'auteur doivent \u00eatre respect\u00e9s. Toutes les marques commerciales et les marques d\u00e9pos\u00e9es sont la propri\u00e9t\u00e9 des fabricants respectifs. Les informations techniques doivent toujours correspondre aux sp\u00e9cifications du fabricant. Les images, pictogrammes et logos ne peuvent \u00eatre utilis\u00e9s que pour identifier les articles. Les marchandises vendues restent la propri\u00e9t\u00e9 du revendeur jusqu'\u00e0 leur paiement int\u00e9gral.<\/p>\n<p><strong>Obligation d'admission<\/strong><\/p>\n<p>Selon la jurisprudence actuelle de la Cour f\u00e9d\u00e9rale de justice (BGH, arr\u00eat du 17 juillet 2013 - I ZR 129\/08), les revendeurs sp\u00e9cialis\u00e9s sont tenus de documenter la l\u00e9galit\u00e9 et la r\u00e9gularit\u00e9 des logiciels propos\u00e9s. Les licences de logiciels ne peuvent \u00eatre commercialis\u00e9es qu'avec l'accord du titulaire des droits. La licence est accord\u00e9e moyennant une redevance qui permet au distributeur d'obtenir une r\u00e9mun\u00e9ration correspondant \u00e0 la valeur \u00e9conomique du logiciel. Le titulaire du droit oblige le distributeur \u00e0 vendre le logiciel pour une utilisation permanente et ind\u00e9finie dans le temps. Le consommateur est inform\u00e9 que le logiciel est soumis aux conditions de licence et aux droits d'utilisation du produit du producteur du logiciel.<\/p>\n<p>L'acheteur dispose d'un droit d'utilisation simple et illimit\u00e9 du logiciel. Il ne peut pas copier le logiciel ni le mettre \u00e0 la disposition d'autres personnes pour qu'elles l'utilisent. Les droits d'utilisation multiples doivent faire l'objet d'un accord s\u00e9par\u00e9.<\/p>","protected":false},"excerpt":{"rendered":"<p>&nbsp; Distributierecht Softwarefabrikanten zoals Microsoft of Corel staan gecertificeerde distributeurs (wederverkopers) toe om producten aan consumenten te verkopen. Er worden zogenoemde wederverkopersrechten toegekend. Alleen erkende partners mogen softwarelicenties verkopen en zijn verplicht lid van het partnerprogramma van de fabrikant. Wederverkopers hebben het niet-exclusieve recht om gelicentieerde software binnen de EU\/EVA actief op de markt te [&hellip;]<\/p>\n","protected":false},"author":1,"featured_media":0,"parent":0,"menu_order":0,"comment_status":"closed","ping_status":"closed","template":"","meta":{"footnotes":""},"class_list":["post-11056","page","type-page","status-publish","hentry"],"yoast_head":"<!-- This site is optimized with the Yoast SEO plugin v27.3 - https:\/\/yoast.com\/product\/yoast-seo-wordpress\/ -->\n<title>Wettelijke grondslagen | livekaarten.nl<\/title>\n<meta name=\"robots\" content=\"index, follow, max-snippet:-1, max-image-preview:large, max-video-preview:-1\" \/>\n<link rel=\"canonical\" href=\"https:\/\/livekaarten.nl\/fr\/legal-basis\/\" \/>\n<meta property=\"og:locale\" content=\"fr_FR\" \/>\n<meta property=\"og:type\" content=\"article\" \/>\n<meta property=\"og:title\" content=\"Wettelijke grondslagen | livekaarten.nl\" \/>\n<meta property=\"og:description\" content=\"&nbsp; Distributierecht Softwarefabrikanten zoals Microsoft of Corel staan gecertificeerde distributeurs (wederverkopers) toe om producten aan consumenten te verkopen. Er worden zogenoemde wederverkopersrechten toegekend. Alleen erkende partners mogen softwarelicenties verkopen en zijn verplicht lid van het partnerprogramma van de fabrikant. Wederverkopers hebben het niet-exclusieve recht om gelicentieerde software binnen de EU\/EVA actief op de markt te [&hellip;]\" \/>\n<meta property=\"og:url\" content=\"https:\/\/livekaarten.nl\/fr\/legal-basis\/\" \/>\n<meta property=\"og:site_name\" content=\"livekaarten.nl\" \/>\n<meta property=\"article:modified_time\" content=\"2025-06-03T09:12:57+00:00\" \/>\n<meta name=\"twitter:card\" content=\"summary_large_image\" \/>\n<meta name=\"twitter:label1\" content=\"Dur\u00e9e de lecture estim\u00e9e\" \/>\n\t<meta name=\"twitter:data1\" content=\"2 minutes\" \/>\n<script type=\"application\/ld+json\" class=\"yoast-schema-graph\">{\"@context\":\"https:\\\/\\\/schema.org\",\"@graph\":[{\"@type\":\"WebPage\",\"@id\":\"https:\\\/\\\/livekaarten.nl\\\/legal-basis\\\/\",\"url\":\"https:\\\/\\\/livekaarten.nl\\\/legal-basis\\\/\",\"name\":\"Wettelijke grondslagen | livekaarten.nl\",\"isPartOf\":{\"@id\":\"https:\\\/\\\/livekaarten.nl\\\/#website\"},\"datePublished\":\"2021-03-03T14:10:06+00:00\",\"dateModified\":\"2025-06-03T09:12:57+00:00\",\"breadcrumb\":{\"@id\":\"https:\\\/\\\/livekaarten.nl\\\/legal-basis\\\/#breadcrumb\"},\"inLanguage\":\"fr-FR\",\"potentialAction\":[{\"@type\":\"ReadAction\",\"target\":[\"https:\\\/\\\/livekaarten.nl\\\/legal-basis\\\/\"]}]},{\"@type\":\"BreadcrumbList\",\"@id\":\"https:\\\/\\\/livekaarten.nl\\\/legal-basis\\\/#breadcrumb\",\"itemListElement\":[{\"@type\":\"ListItem\",\"position\":1,\"name\":\"Home\",\"item\":\"https:\\\/\\\/livekaarten.nl\\\/\"},{\"@type\":\"ListItem\",\"position\":2,\"name\":\"Wettelijke grondslagen\"}]},{\"@type\":\"WebSite\",\"@id\":\"https:\\\/\\\/livekaarten.nl\\\/#website\",\"url\":\"https:\\\/\\\/livekaarten.nl\\\/\",\"name\":\"Livekaarten.nl\",\"description\":\"Koop uw kantoor\",\"potentialAction\":[{\"@type\":\"SearchAction\",\"target\":{\"@type\":\"EntryPoint\",\"urlTemplate\":\"https:\\\/\\\/livekaarten.nl\\\/?s={search_term_string}\"},\"query-input\":{\"@type\":\"PropertyValueSpecification\",\"valueRequired\":true,\"valueName\":\"search_term_string\"}}],\"inLanguage\":\"fr-FR\"}]}<\/script>\n<!-- \/ Yoast SEO plugin. -->","yoast_head_json":{"title":"Bases l\u00e9gales | livekaarten.nl","robots":{"index":"index","follow":"follow","max-snippet":"max-snippet:-1","max-image-preview":"max-image-preview:large","max-video-preview":"max-video-preview:-1"},"canonical":"https:\/\/livekaarten.nl\/fr\/legal-basis\/","og_locale":"fr_FR","og_type":"article","og_title":"Wettelijke grondslagen | livekaarten.nl","og_description":"&nbsp; Distributierecht Softwarefabrikanten zoals Microsoft of Corel staan gecertificeerde distributeurs (wederverkopers) toe om producten aan consumenten te verkopen. Er worden zogenoemde wederverkopersrechten toegekend. Alleen erkende partners mogen softwarelicenties verkopen en zijn verplicht lid van het partnerprogramma van de fabrikant. Wederverkopers hebben het niet-exclusieve recht om gelicentieerde software binnen de EU\/EVA actief op de markt te [&hellip;]","og_url":"https:\/\/livekaarten.nl\/fr\/legal-basis\/","og_site_name":"livekaarten.nl","article_modified_time":"2025-06-03T09:12:57+00:00","twitter_card":"summary_large_image","twitter_misc":{"Dur\u00e9e de lecture estim\u00e9e":"2 minutes"},"schema":{"@context":"https:\/\/schema.org","@graph":[{"@type":"WebPage","@id":"https:\/\/livekaarten.nl\/legal-basis\/","url":"https:\/\/livekaarten.nl\/legal-basis\/","name":"Bases l\u00e9gales | livekaarten.nl","isPartOf":{"@id":"https:\/\/livekaarten.nl\/#website"},"datePublished":"2021-03-03T14:10:06+00:00","dateModified":"2025-06-03T09:12:57+00:00","breadcrumb":{"@id":"https:\/\/livekaarten.nl\/legal-basis\/#breadcrumb"},"inLanguage":"fr-FR","potentialAction":[{"@type":"ReadAction","target":["https:\/\/livekaarten.nl\/legal-basis\/"]}]},{"@type":"BreadcrumbList","@id":"https:\/\/livekaarten.nl\/legal-basis\/#breadcrumb","itemListElement":[{"@type":"ListItem","position":1,"name":"Home","item":"https:\/\/livekaarten.nl\/"},{"@type":"ListItem","position":2,"name":"Wettelijke grondslagen"}]},{"@type":"WebSite","@id":"https:\/\/livekaarten.nl\/#website","url":"https:\/\/livekaarten.nl\/","name":"Livecards.co.uk","description":"Acheter votre bureau","potentialAction":[{"@type":"SearchAction","target":{"@type":"EntryPoint","urlTemplate":"https:\/\/livekaarten.nl\/?s={search_term_string}"},"query-input":{"@type":"PropertyValueSpecification","valueRequired":true,"valueName":"search_term_string"}}],"inLanguage":"fr-FR"}]}},"_links":{"self":[{"href":"https:\/\/livekaarten.nl\/fr\/wp-json\/wp\/v2\/pages\/11056","targetHints":{"allow":["GET"]}}],"collection":[{"href":"https:\/\/livekaarten.nl\/fr\/wp-json\/wp\/v2\/pages"}],"about":[{"href":"https:\/\/livekaarten.nl\/fr\/wp-json\/wp\/v2\/types\/page"}],"author":[{"embeddable":true,"href":"https:\/\/livekaarten.nl\/fr\/wp-json\/wp\/v2\/users\/1"}],"replies":[{"embeddable":true,"href":"https:\/\/livekaarten.nl\/fr\/wp-json\/wp\/v2\/comments?post=11056"}],"version-history":[{"count":0,"href":"https:\/\/livekaarten.nl\/fr\/wp-json\/wp\/v2\/pages\/11056\/revisions"}],"wp:attachment":[{"href":"https:\/\/livekaarten.nl\/fr\/wp-json\/wp\/v2\/media?parent=11056"}],"curies":[{"name":"wp","href":"https:\/\/api.w.org\/{rel}","templated":true}]}}