{"id":33839,"date":"2023-08-11T21:12:36","date_gmt":"2023-08-11T19:12:36","guid":{"rendered":"https:\/\/gamecardshop.com\/livecards\/?post_type=product&#038;p=33839"},"modified":"2026-04-03T12:03:25","modified_gmt":"2026-04-03T10:03:25","slug":"microsoft-windows-server-2022-datacenter","status":"publish","type":"product","link":"https:\/\/livekaarten.nl\/es\/producto\/microsoft-windows-server-2022-datacenter\/","title":{"rendered":"Microsoft Windows Server 2022 Datacenter"},"content":{"rendered":"<p>Microsoft Windows Server 2022 le ayuda a hacer crecer su negocio y a ampliar sus operaciones en la nube desde una posici\u00f3n de fuerza. Maximiza sus inversiones existentes y se basa en las capacidades de seguridad, innovaci\u00f3n de aplicaciones e infraestructura hiperconvergente de Windows Server para ayudarle a salvar la distancia entre sus inversiones locales y la nube.<\/p>\n<p>Microsoft Windows Server 2022 est\u00e1 disponible en tres ediciones para distintos entornos:<\/p>\n<ul>\n<li><strong>Microsoft Windows Server 2022 Essentials<\/strong> est\u00e1 pensado para peque\u00f1as empresas de hasta 25 usuarios y 50 dispositivos. No requiere licencias de acceso al servidor (CAL) adicionales.<\/li>\n<li><strong>Microsoft Windows Server 2022 Est\u00e1ndar<\/strong> es perfecto para entornos f\u00edsicos o m\u00ednimamente virtualizados. Este modelo de licencia basado en n\u00facleos requiere licencias de acceso a servidor (CAL).<\/li>\n<li><strong>Microsoft Windows Server 2022 Datacenter<\/strong> es ideal para centros de datos altamente virtualizados y entornos de nube. Este modelo de licencia basado en n\u00facleos requiere licencias de acceso a servidor (CAL).<\/li>\n<\/ul>\n<p>Microsoft Windows Server 2022 es el sistema operativo que tiende un puente entre los entornos locales y Azure, a\u00f1adiendo capas de seguridad adicionales y ayud\u00e1ndole a modernizar sus aplicaciones e infraestructura.<\/p>\n<p><strong>Capacidades h\u00edbridas con Azure<\/strong><\/p>\n<p>Ampl\u00ede su centro de datos a Azure para maximizar sus inversiones y explotar nuevas oportunidades h\u00edbridas.<\/p>\n<p><strong>Seguridad multicapa avanzada<\/strong><\/p>\n<p>Aumente su seguridad protegiendo su centro de datos, empezando por el sistema operativo.<\/p>\n<p><strong>Innovaci\u00f3n m\u00e1s r\u00e1pida para las aplicaciones<\/strong><\/p>\n<p>Permita la creaci\u00f3n de aplicaciones nativas de la nube y modernice las aplicaciones tradicionales mediante contenedores y microservicios.<\/p>\n<p><strong>Infraestructura hiperconvergente sin precedentes<\/strong><\/p>\n<p>Desarrolle la infraestructura de su centro de datos para aumentar la eficacia y mejorar la seguridad.<\/p>\n<p><strong>Requisitos del sistema<\/strong><\/p>\n<ul>\n<li>Procesador: procesador de 64 bits a 1,4 GHz con NX \/ DEP<\/li>\n<li>RAM: 512 MB (Server Core y Server Nano), 2 GB (con vista de escritorio)<\/li>\n<li>Tarjeta gr\u00e1fica y monitor: 1024 \u00d7 768 p\u00edxeles<\/li>\n<li>Red: Gigabit Ethernet<\/li>\n<li>Espacio libre en disco: 32 GB de espacio libre en disco<\/li>\n<li>BIOS: sistema UEFI con Secure Boot (UEFI 2.3.1c) (para determinadas funciones)<\/li>\n<\/ul>","protected":false},"excerpt":{"rendered":"<ul>\n<li>Microsoft Windows Server 2022 Est\u00e1ndar<\/li>\n<li>Disponible para sistemas de 64 bits<\/li>\n<li>Entrega por correo electr\u00f3nico: clave de producto, instrucciones, enlaces de descarga y factura<\/li>\n<li>Descarga instant\u00e1nea disponible<\/li>\n<li>Sin l\u00edmite de tiempo, sin necesidad de suscripci\u00f3n<\/li>\n<li>Asistencia gratuita para la instalaci\u00f3n y activaci\u00f3n<\/li>\n<li>No disponible en soporte f\u00edsico (USB, CD, etc.)<\/li>\n<li>Activaci\u00f3n posible por Internet o tel\u00e9fono<\/li>\n<li><strong><span style=\"color: #ff0000;\">NO compatible con Apple macOS\u2122, dispositivos Android y Chromebooks.<\/span><\/strong><\/li>\n<\/ul>","protected":false},"featured_media":114594,"comment_status":"closed","ping_status":"closed","template":"","meta":[],"product_cat":[82],"product_tag":[],"class_list":{"0":"post-33839","1":"product","2":"type-product","3":"status-publish","4":"has-post-thumbnail","6":"product_cat-microsoft-windows","8":"first","9":"instock","10":"sale","11":"virtual","12":"taxable","13":"purchasable","14":"product-type-simple"},"yoast_head":"<!-- This site is optimized with the Yoast SEO plugin v27.3 - https:\/\/yoast.com\/product\/yoast-seo-wordpress\/ -->\n<title>Microsoft Windows Server 2022 Datacenter | livekaarten.nl<\/title>\n<meta name=\"robots\" content=\"index, follow, max-snippet:-1, max-image-preview:large, max-video-preview:-1\" \/>\n<link rel=\"canonical\" href=\"https:\/\/livekaarten.nl\/es\/producto\/microsoft-windows-server-2022-datacenter\/\" \/>\n<meta property=\"og:locale\" content=\"es_ES\" \/>\n<meta property=\"og:type\" content=\"article\" \/>\n<meta property=\"og:title\" content=\"Microsoft Windows Server 2022 Datacenter | livekaarten.nl\" \/>\n<meta property=\"og:description\" content=\"Microsoft Windows Server 2022 Standaard  Beschikbaar voor 64-bits systemen  Levering per e-mail: productsleutel, instructies, downloadlinks en factuur  Directe download beschikbaar!  Geen tijdslimiet, geen abonnement vereist  Gratis ondersteuning bij installatie en activering  Niet beschikbaar op fysieke media (USB, CD, enz.)  Activering mogelijk via internet of telefonisch  NIET compatibel met Apple macOS\u2122, Android-apparaten en Chromebooks.\" \/>\n<meta property=\"og:url\" content=\"https:\/\/livekaarten.nl\/es\/producto\/microsoft-windows-server-2022-datacenter\/\" \/>\n<meta property=\"og:site_name\" content=\"livekaarten.nl\" \/>\n<meta property=\"article:modified_time\" content=\"2026-04-03T10:03:25+00:00\" \/>\n<meta property=\"og:image\" content=\"https:\/\/livekaarten.nl\/wp-content\/uploads\/2025\/04\/WS22DC.jpg\" \/>\n\t<meta property=\"og:image:width\" content=\"1000\" \/>\n\t<meta property=\"og:image:height\" content=\"1500\" \/>\n\t<meta property=\"og:image:type\" content=\"image\/jpeg\" \/>\n<meta name=\"twitter:card\" content=\"summary_large_image\" \/>\n<meta name=\"twitter:label1\" content=\"Tiempo de lectura\" \/>\n\t<meta name=\"twitter:data1\" content=\"2 minutos\" \/>\n<script type=\"application\/ld+json\" class=\"yoast-schema-graph\">{\"@context\":\"https:\\\/\\\/schema.org\",\"@graph\":[{\"@type\":\"WebPage\",\"@id\":\"https:\\\/\\\/livekaarten.nl\\\/product\\\/microsoft-windows-server-2022-datacenter\\\/\",\"url\":\"https:\\\/\\\/livekaarten.nl\\\/product\\\/microsoft-windows-server-2022-datacenter\\\/\",\"name\":\"Microsoft Windows Server 2022 Datacenter | livekaarten.nl\",\"isPartOf\":{\"@id\":\"https:\\\/\\\/livekaarten.nl\\\/#website\"},\"primaryImageOfPage\":{\"@id\":\"https:\\\/\\\/livekaarten.nl\\\/product\\\/microsoft-windows-server-2022-datacenter\\\/#primaryimage\"},\"image\":{\"@id\":\"https:\\\/\\\/livekaarten.nl\\\/product\\\/microsoft-windows-server-2022-datacenter\\\/#primaryimage\"},\"thumbnailUrl\":\"https:\\\/\\\/livekaarten.nl\\\/wp-content\\\/uploads\\\/2025\\\/04\\\/WS22DC.jpg\",\"datePublished\":\"2023-08-11T19:12:36+00:00\",\"dateModified\":\"2026-04-03T10:03:25+00:00\",\"breadcrumb\":{\"@id\":\"https:\\\/\\\/livekaarten.nl\\\/product\\\/microsoft-windows-server-2022-datacenter\\\/#breadcrumb\"},\"inLanguage\":\"es\",\"potentialAction\":[{\"@type\":\"ReadAction\",\"target\":[\"https:\\\/\\\/livekaarten.nl\\\/product\\\/microsoft-windows-server-2022-datacenter\\\/\"]}]},{\"@type\":\"ImageObject\",\"inLanguage\":\"es\",\"@id\":\"https:\\\/\\\/livekaarten.nl\\\/product\\\/microsoft-windows-server-2022-datacenter\\\/#primaryimage\",\"url\":\"https:\\\/\\\/livekaarten.nl\\\/wp-content\\\/uploads\\\/2025\\\/04\\\/WS22DC.jpg\",\"contentUrl\":\"https:\\\/\\\/livekaarten.nl\\\/wp-content\\\/uploads\\\/2025\\\/04\\\/WS22DC.jpg\",\"width\":1000,\"height\":1500},{\"@type\":\"BreadcrumbList\",\"@id\":\"https:\\\/\\\/livekaarten.nl\\\/product\\\/microsoft-windows-server-2022-datacenter\\\/#breadcrumb\",\"itemListElement\":[{\"@type\":\"ListItem\",\"position\":1,\"name\":\"Home\",\"item\":\"https:\\\/\\\/livekaarten.nl\\\/\"},{\"@type\":\"ListItem\",\"position\":2,\"name\":\"Winkel\",\"item\":\"https:\\\/\\\/livekaarten.nl\\\/shop\\\/\"},{\"@type\":\"ListItem\",\"position\":3,\"name\":\"Microsoft Windows Server 2022 Datacenter\"}]},{\"@type\":\"WebSite\",\"@id\":\"https:\\\/\\\/livekaarten.nl\\\/#website\",\"url\":\"https:\\\/\\\/livekaarten.nl\\\/\",\"name\":\"Livekaarten.nl\",\"description\":\"Koop uw kantoor\",\"potentialAction\":[{\"@type\":\"SearchAction\",\"target\":{\"@type\":\"EntryPoint\",\"urlTemplate\":\"https:\\\/\\\/livekaarten.nl\\\/?s={search_term_string}\"},\"query-input\":{\"@type\":\"PropertyValueSpecification\",\"valueRequired\":true,\"valueName\":\"search_term_string\"}}],\"inLanguage\":\"es\"}]}<\/script>\n<!-- \/ Yoast SEO plugin. -->","yoast_head_json":{"title":"Microsoft Windows Server 2022 Datacenter | livekaarten.nl","robots":{"index":"index","follow":"follow","max-snippet":"max-snippet:-1","max-image-preview":"max-image-preview:large","max-video-preview":"max-video-preview:-1"},"canonical":"https:\/\/livekaarten.nl\/es\/producto\/microsoft-windows-server-2022-datacenter\/","og_locale":"es_ES","og_type":"article","og_title":"Microsoft Windows Server 2022 Datacenter | livekaarten.nl","og_description":"Microsoft Windows Server 2022 Standaard  Beschikbaar voor 64-bits systemen  Levering per e-mail: productsleutel, instructies, downloadlinks en factuur  Directe download beschikbaar!  Geen tijdslimiet, geen abonnement vereist  Gratis ondersteuning bij installatie en activering  Niet beschikbaar op fysieke media (USB, CD, enz.)  Activering mogelijk via internet of telefonisch  NIET compatibel met Apple macOS\u2122, Android-apparaten en Chromebooks.","og_url":"https:\/\/livekaarten.nl\/es\/producto\/microsoft-windows-server-2022-datacenter\/","og_site_name":"livekaarten.nl","article_modified_time":"2026-04-03T10:03:25+00:00","og_image":[{"width":1000,"height":1500,"url":"https:\/\/livekaarten.nl\/wp-content\/uploads\/2025\/04\/WS22DC.jpg","type":"image\/jpeg"}],"twitter_card":"summary_large_image","twitter_misc":{"Tiempo de lectura":"2 minutos"},"schema":{"@context":"https:\/\/schema.org","@graph":[{"@type":"WebPage","@id":"https:\/\/livekaarten.nl\/product\/microsoft-windows-server-2022-datacenter\/","url":"https:\/\/livekaarten.nl\/product\/microsoft-windows-server-2022-datacenter\/","name":"Microsoft Windows Server 2022 Datacenter | livekaarten.nl","isPartOf":{"@id":"https:\/\/livekaarten.nl\/#website"},"primaryImageOfPage":{"@id":"https:\/\/livekaarten.nl\/product\/microsoft-windows-server-2022-datacenter\/#primaryimage"},"image":{"@id":"https:\/\/livekaarten.nl\/product\/microsoft-windows-server-2022-datacenter\/#primaryimage"},"thumbnailUrl":"https:\/\/livekaarten.nl\/wp-content\/uploads\/2025\/04\/WS22DC.jpg","datePublished":"2023-08-11T19:12:36+00:00","dateModified":"2026-04-03T10:03:25+00:00","breadcrumb":{"@id":"https:\/\/livekaarten.nl\/product\/microsoft-windows-server-2022-datacenter\/#breadcrumb"},"inLanguage":"es","potentialAction":[{"@type":"ReadAction","target":["https:\/\/livekaarten.nl\/product\/microsoft-windows-server-2022-datacenter\/"]}]},{"@type":"ImageObject","inLanguage":"es","@id":"https:\/\/livekaarten.nl\/product\/microsoft-windows-server-2022-datacenter\/#primaryimage","url":"https:\/\/livekaarten.nl\/wp-content\/uploads\/2025\/04\/WS22DC.jpg","contentUrl":"https:\/\/livekaarten.nl\/wp-content\/uploads\/2025\/04\/WS22DC.jpg","width":1000,"height":1500},{"@type":"BreadcrumbList","@id":"https:\/\/livekaarten.nl\/product\/microsoft-windows-server-2022-datacenter\/#breadcrumb","itemListElement":[{"@type":"ListItem","position":1,"name":"Home","item":"https:\/\/livekaarten.nl\/"},{"@type":"ListItem","position":2,"name":"Winkel","item":"https:\/\/livekaarten.nl\/shop\/"},{"@type":"ListItem","position":3,"name":"Microsoft Windows Server 2022 Datacenter"}]},{"@type":"WebSite","@id":"https:\/\/livekaarten.nl\/#website","url":"https:\/\/livekaarten.nl\/","name":"Livecards.es","description":"Compre su oficina","potentialAction":[{"@type":"SearchAction","target":{"@type":"EntryPoint","urlTemplate":"https:\/\/livekaarten.nl\/?s={search_term_string}"},"query-input":{"@type":"PropertyValueSpecification","valueRequired":true,"valueName":"search_term_string"}}],"inLanguage":"es"}]}},"_links":{"self":[{"href":"https:\/\/livekaarten.nl\/es\/wp-json\/wp\/v2\/product\/33839","targetHints":{"allow":["GET"]}}],"collection":[{"href":"https:\/\/livekaarten.nl\/es\/wp-json\/wp\/v2\/product"}],"about":[{"href":"https:\/\/livekaarten.nl\/es\/wp-json\/wp\/v2\/types\/product"}],"replies":[{"embeddable":true,"href":"https:\/\/livekaarten.nl\/es\/wp-json\/wp\/v2\/comments?post=33839"}],"wp:featuredmedia":[{"embeddable":true,"href":"https:\/\/livekaarten.nl\/es\/wp-json\/wp\/v2\/media\/114594"}],"wp:attachment":[{"href":"https:\/\/livekaarten.nl\/es\/wp-json\/wp\/v2\/media?parent=33839"}],"wp:term":[{"taxonomy":"product_cat","embeddable":true,"href":"https:\/\/livekaarten.nl\/es\/wp-json\/wp\/v2\/product_cat?post=33839"},{"taxonomy":"product_tag","embeddable":true,"href":"https:\/\/livekaarten.nl\/es\/wp-json\/wp\/v2\/product_tag?post=33839"}],"curies":[{"name":"wp","href":"https:\/\/api.w.org\/{rel}","templated":true}]}}