{"id":33837,"date":"2023-08-11T21:12:35","date_gmt":"2023-08-11T19:12:35","guid":{"rendered":"https:\/\/gamecardshop.com\/livecards\/?post_type=product&#038;p=33837"},"modified":"2026-04-03T12:03:25","modified_gmt":"2026-04-03T10:03:25","slug":"microsoft-office-2010-professional-plus","status":"publish","type":"product","link":"https:\/\/livekaarten.nl\/es\/producto\/microsoft-office-2010-professional-plus\/","title":{"rendered":"Microsoft Office 2010 Professional Plus Licencia para 3 dispositivos"},"content":{"rendered":"<p>Microsoft Office 2010 Professional marca el inicio de una nueva era para el est\u00e1ndar de oro mundial de las aplicaciones Office de Microsoft. Obtendr\u00e1 las versiones cl\u00e1sicas de aplicaciones conocidas, as\u00ed como las nuevas versiones web de Word, Excel, etc., lo que le permitir\u00e1 ser productivo pr\u00e1cticamente en cualquier lugar.<\/p>\n<p>Otra novedad es la compatibilidad total con el formato de archivo Open XML certificado por ISO. La interfaz de usuario incluye ahora un men\u00fa en cinta, lo que confiere al paquete Office una apariencia propia de Windows 7. El bot\u00f3n Office tambi\u00e9n ofrece funciones adicionales.<\/p>\n<p><strong>Microsoft Office 2010 Professional Plus contiene estas aplicaciones:<\/strong><\/p>\n<ul>\n<li><strong>Microsoft Word 2010<\/strong> - crear documentos profesionales<\/li>\n<li><strong>Microsoft Excel 2010<\/strong> - para an\u00e1lisis detallados<\/li>\n<li><strong>Microsoft PowerPoint 2010<\/strong> - para presentaciones impresionantes<\/li>\n<li><strong>Microsoft Outlook 2010<\/strong> - para gestionar correos electr\u00f3nicos, contactos, calendarios y tareas<\/li>\n<li><strong>Microsoft OneNote 2010<\/strong> - para capturar y organizar notas<\/li>\n<li><strong>Microsoft Publisher 2010<\/strong> - para crear material publicitario de aspecto profesional<\/li>\n<li><strong>Microsoft Access 2010<\/strong> - para aplicaciones de bases de datos basadas en navegador<\/li>\n<li><strong>Aplicaciones web de Microsoft<\/strong> (Word, Excel, PowerPoint, OneNote)<\/li>\n<li><strong>InfoPath<\/strong> - para el dise\u00f1o, distribuci\u00f3n y cumplimentaci\u00f3n de formularios electr\u00f3nicos<\/li>\n<li><strong>Comunicador<\/strong> - Mant\u00e9ngase f\u00e1cilmente en contacto con clientes y colegas<\/li>\n<li><strong>Espacio de trabajo SharePoint<\/strong> - para la cooperaci\u00f3n mundial<\/li>\n<\/ul>\n<p><strong>Requisitos del sistema:<\/strong><\/p>\n<ul>\n<li>Procesador: 500 MHz o m\u00e1s r\u00e1pido; se requiere 1 GHz para Outlook con Business Contact Manager<\/li>\n<li>RAM: 512 MB o m\u00e1s (requisito del sistema muy bajo)<\/li>\n<li>Espacio disponible en el disco duro: 3,5 GB<\/li>\n<li>Para la edici\u00f3n de 32 bits de Office 2010: Windows XP con Service Pack 3, Windows Server 2003 SP2, MSXML 6.0<\/li>\n<li>Para la edici\u00f3n de 32 y 64 bits de Microsoft Office 2010: Windows Vista con SP1, Windows Server 2008, Windows 7, Terminal Server, Windows en Windows (WOW)<\/li>\n<\/ul>","protected":false},"excerpt":{"rendered":"<ul>\n<li>Licencia: Para activaci\u00f3n en 3 PC (en l\u00ednea o por tel\u00e9fono)<\/li>\n<li>Entrega: Enlace de descarga, clave del producto, instrucciones y factura entregados directamente por correo electr\u00f3nico. No disponible en soporte f\u00edsico (USB, CD, etc.)<\/li>\n<li>Versi\u00f3n: Para sistemas de 32 y 64 bits, versiones completas ilimitadas del software.<\/li>\n<li>Idiomas: ingl\u00e9s, espa\u00f1ol, italiano, alem\u00e1n y franc\u00e9s.<\/li>\n<li>Asistencia: 24\/7 en ingl\u00e9s, espa\u00f1ol y alem\u00e1n<\/li>\n<li><strong><span style=\"color: #008000;\">Este producto es compatible con Windows.<\/span><\/strong><\/li>\n<li><strong><span style=\"color: #ff0000;\">NO compatible con Apple macOS\u2122, dispositivos Android y Chromebooks.<\/span><\/strong><\/li>\n<\/ul>","protected":false},"featured_media":114642,"comment_status":"closed","ping_status":"closed","template":"","meta":[],"product_cat":[75],"product_tag":[79,106],"class_list":{"0":"post-33837","1":"product","2":"type-product","3":"status-publish","4":"has-post-thumbnail","6":"product_cat-microsoft-office","7":"product_tag-ms-office","8":"product_tag-ms-office-2010","10":"first","11":"instock","12":"sale","13":"virtual","14":"taxable","15":"purchasable","16":"product-type-simple"},"yoast_head":"<!-- This site is optimized with the Yoast SEO plugin v27.3 - https:\/\/yoast.com\/product\/yoast-seo-wordpress\/ -->\n<title>Microsoft Office 2010 Professional Plus Licentie voor 3 apparaten | Your best option, at the best price<\/title>\n<meta name=\"description\" content=\"Microsoft Office 2010 Professional Plus Licentie voor 3 apparaten Application for editing digital texts. | Best market prices. | 24\/7 Customer support | Immediate delivery\" \/>\n<meta name=\"robots\" content=\"index, follow, max-snippet:-1, max-image-preview:large, max-video-preview:-1\" \/>\n<link rel=\"canonical\" href=\"https:\/\/livekaarten.nl\/es\/producto\/microsoft-office-2010-professional-plus\/\" \/>\n<meta property=\"og:locale\" content=\"es_ES\" \/>\n<meta property=\"og:type\" content=\"article\" \/>\n<meta property=\"og:title\" content=\"Microsoft Office 2010 Professional Plus Licentie voor 3 apparaten | Your best option, at the best price\" \/>\n<meta property=\"og:description\" content=\"Microsoft Office 2010 Professional Plus Licentie voor 3 apparaten Application for editing digital texts. | Best market prices. | 24\/7 Customer support | Immediate delivery\" \/>\n<meta property=\"og:url\" content=\"https:\/\/livekaarten.nl\/es\/producto\/microsoft-office-2010-professional-plus\/\" \/>\n<meta property=\"og:site_name\" content=\"livekaarten.nl\" \/>\n<meta property=\"article:modified_time\" content=\"2026-04-03T10:03:25+00:00\" \/>\n<meta property=\"og:image\" content=\"https:\/\/livekaarten.nl\/wp-content\/uploads\/2025\/04\/O10PP.jpg\" \/>\n\t<meta property=\"og:image:width\" content=\"1000\" \/>\n\t<meta property=\"og:image:height\" content=\"1500\" \/>\n\t<meta property=\"og:image:type\" content=\"image\/jpeg\" \/>\n<meta name=\"twitter:card\" content=\"summary_large_image\" \/>\n<meta name=\"twitter:label1\" content=\"Tiempo de lectura\" \/>\n\t<meta name=\"twitter:data1\" content=\"2 minutos\" \/>\n<script type=\"application\/ld+json\" class=\"yoast-schema-graph\">{\"@context\":\"https:\\\/\\\/schema.org\",\"@graph\":[{\"@type\":\"WebPage\",\"@id\":\"https:\\\/\\\/livekaarten.nl\\\/product\\\/microsoft-office-2010-professional-plus\\\/\",\"url\":\"https:\\\/\\\/livekaarten.nl\\\/product\\\/microsoft-office-2010-professional-plus\\\/\",\"name\":\"Microsoft Office 2010 Professional Plus Licentie voor 3 apparaten | Your best option, at the best price\",\"isPartOf\":{\"@id\":\"https:\\\/\\\/livekaarten.nl\\\/#website\"},\"primaryImageOfPage\":{\"@id\":\"https:\\\/\\\/livekaarten.nl\\\/product\\\/microsoft-office-2010-professional-plus\\\/#primaryimage\"},\"image\":{\"@id\":\"https:\\\/\\\/livekaarten.nl\\\/product\\\/microsoft-office-2010-professional-plus\\\/#primaryimage\"},\"thumbnailUrl\":\"https:\\\/\\\/livekaarten.nl\\\/wp-content\\\/uploads\\\/2025\\\/04\\\/O10PP.jpg\",\"datePublished\":\"2023-08-11T19:12:35+00:00\",\"dateModified\":\"2026-04-03T10:03:25+00:00\",\"description\":\"Microsoft Office 2010 Professional Plus Licentie voor 3 apparaten Application for editing digital texts. | Best market prices. | 24\\\/7 Customer support | Immediate delivery\",\"breadcrumb\":{\"@id\":\"https:\\\/\\\/livekaarten.nl\\\/product\\\/microsoft-office-2010-professional-plus\\\/#breadcrumb\"},\"inLanguage\":\"es\",\"potentialAction\":[{\"@type\":\"ReadAction\",\"target\":[\"https:\\\/\\\/livekaarten.nl\\\/product\\\/microsoft-office-2010-professional-plus\\\/\"]}]},{\"@type\":\"ImageObject\",\"inLanguage\":\"es\",\"@id\":\"https:\\\/\\\/livekaarten.nl\\\/product\\\/microsoft-office-2010-professional-plus\\\/#primaryimage\",\"url\":\"https:\\\/\\\/livekaarten.nl\\\/wp-content\\\/uploads\\\/2025\\\/04\\\/O10PP.jpg\",\"contentUrl\":\"https:\\\/\\\/livekaarten.nl\\\/wp-content\\\/uploads\\\/2025\\\/04\\\/O10PP.jpg\",\"width\":1000,\"height\":1500},{\"@type\":\"BreadcrumbList\",\"@id\":\"https:\\\/\\\/livekaarten.nl\\\/product\\\/microsoft-office-2010-professional-plus\\\/#breadcrumb\",\"itemListElement\":[{\"@type\":\"ListItem\",\"position\":1,\"name\":\"Home\",\"item\":\"https:\\\/\\\/livekaarten.nl\\\/\"},{\"@type\":\"ListItem\",\"position\":2,\"name\":\"Winkel\",\"item\":\"https:\\\/\\\/livekaarten.nl\\\/shop\\\/\"},{\"@type\":\"ListItem\",\"position\":3,\"name\":\"Microsoft Office 2010 Professional Plus Licentie voor 3 apparaten\"}]},{\"@type\":\"WebSite\",\"@id\":\"https:\\\/\\\/livekaarten.nl\\\/#website\",\"url\":\"https:\\\/\\\/livekaarten.nl\\\/\",\"name\":\"Livekaarten.nl\",\"description\":\"Koop uw kantoor\",\"potentialAction\":[{\"@type\":\"SearchAction\",\"target\":{\"@type\":\"EntryPoint\",\"urlTemplate\":\"https:\\\/\\\/livekaarten.nl\\\/?s={search_term_string}\"},\"query-input\":{\"@type\":\"PropertyValueSpecification\",\"valueRequired\":true,\"valueName\":\"search_term_string\"}}],\"inLanguage\":\"es\"}]}<\/script>\n<!-- \/ Yoast SEO plugin. -->","yoast_head_json":{"title":"Microsoft Office 2010 Professional Plus Licentie voor 3 apparaten | Your best option, at the best price","description":"Microsoft Office 2010 Professional Plus Licentie voor 3 apparaten Application for editing digital texts. | Best market prices. | 24\/7 Customer support | Immediate delivery","robots":{"index":"index","follow":"follow","max-snippet":"max-snippet:-1","max-image-preview":"max-image-preview:large","max-video-preview":"max-video-preview:-1"},"canonical":"https:\/\/livekaarten.nl\/es\/producto\/microsoft-office-2010-professional-plus\/","og_locale":"es_ES","og_type":"article","og_title":"Microsoft Office 2010 Professional Plus Licentie voor 3 apparaten | Your best option, at the best price","og_description":"Microsoft Office 2010 Professional Plus Licentie voor 3 apparaten Application for editing digital texts. | Best market prices. | 24\/7 Customer support | Immediate delivery","og_url":"https:\/\/livekaarten.nl\/es\/producto\/microsoft-office-2010-professional-plus\/","og_site_name":"livekaarten.nl","article_modified_time":"2026-04-03T10:03:25+00:00","og_image":[{"width":1000,"height":1500,"url":"https:\/\/livekaarten.nl\/wp-content\/uploads\/2025\/04\/O10PP.jpg","type":"image\/jpeg"}],"twitter_card":"summary_large_image","twitter_misc":{"Tiempo de lectura":"2 minutos"},"schema":{"@context":"https:\/\/schema.org","@graph":[{"@type":"WebPage","@id":"https:\/\/livekaarten.nl\/product\/microsoft-office-2010-professional-plus\/","url":"https:\/\/livekaarten.nl\/product\/microsoft-office-2010-professional-plus\/","name":"Microsoft Office 2010 Professional Plus Licentie voor 3 apparaten | Your best option, at the best price","isPartOf":{"@id":"https:\/\/livekaarten.nl\/#website"},"primaryImageOfPage":{"@id":"https:\/\/livekaarten.nl\/product\/microsoft-office-2010-professional-plus\/#primaryimage"},"image":{"@id":"https:\/\/livekaarten.nl\/product\/microsoft-office-2010-professional-plus\/#primaryimage"},"thumbnailUrl":"https:\/\/livekaarten.nl\/wp-content\/uploads\/2025\/04\/O10PP.jpg","datePublished":"2023-08-11T19:12:35+00:00","dateModified":"2026-04-03T10:03:25+00:00","description":"Microsoft Office 2010 Professional Plus Licentie voor 3 apparaten Application for editing digital texts. | Best market prices. | 24\/7 Customer support | Immediate delivery","breadcrumb":{"@id":"https:\/\/livekaarten.nl\/product\/microsoft-office-2010-professional-plus\/#breadcrumb"},"inLanguage":"es","potentialAction":[{"@type":"ReadAction","target":["https:\/\/livekaarten.nl\/product\/microsoft-office-2010-professional-plus\/"]}]},{"@type":"ImageObject","inLanguage":"es","@id":"https:\/\/livekaarten.nl\/product\/microsoft-office-2010-professional-plus\/#primaryimage","url":"https:\/\/livekaarten.nl\/wp-content\/uploads\/2025\/04\/O10PP.jpg","contentUrl":"https:\/\/livekaarten.nl\/wp-content\/uploads\/2025\/04\/O10PP.jpg","width":1000,"height":1500},{"@type":"BreadcrumbList","@id":"https:\/\/livekaarten.nl\/product\/microsoft-office-2010-professional-plus\/#breadcrumb","itemListElement":[{"@type":"ListItem","position":1,"name":"Home","item":"https:\/\/livekaarten.nl\/"},{"@type":"ListItem","position":2,"name":"Winkel","item":"https:\/\/livekaarten.nl\/shop\/"},{"@type":"ListItem","position":3,"name":"Microsoft Office 2010 Professional Plus Licentie voor 3 apparaten"}]},{"@type":"WebSite","@id":"https:\/\/livekaarten.nl\/#website","url":"https:\/\/livekaarten.nl\/","name":"Livecards.es","description":"Compre su oficina","potentialAction":[{"@type":"SearchAction","target":{"@type":"EntryPoint","urlTemplate":"https:\/\/livekaarten.nl\/?s={search_term_string}"},"query-input":{"@type":"PropertyValueSpecification","valueRequired":true,"valueName":"search_term_string"}}],"inLanguage":"es"}]}},"_links":{"self":[{"href":"https:\/\/livekaarten.nl\/es\/wp-json\/wp\/v2\/product\/33837","targetHints":{"allow":["GET"]}}],"collection":[{"href":"https:\/\/livekaarten.nl\/es\/wp-json\/wp\/v2\/product"}],"about":[{"href":"https:\/\/livekaarten.nl\/es\/wp-json\/wp\/v2\/types\/product"}],"replies":[{"embeddable":true,"href":"https:\/\/livekaarten.nl\/es\/wp-json\/wp\/v2\/comments?post=33837"}],"wp:featuredmedia":[{"embeddable":true,"href":"https:\/\/livekaarten.nl\/es\/wp-json\/wp\/v2\/media\/114642"}],"wp:attachment":[{"href":"https:\/\/livekaarten.nl\/es\/wp-json\/wp\/v2\/media?parent=33837"}],"wp:term":[{"taxonomy":"product_cat","embeddable":true,"href":"https:\/\/livekaarten.nl\/es\/wp-json\/wp\/v2\/product_cat?post=33837"},{"taxonomy":"product_tag","embeddable":true,"href":"https:\/\/livekaarten.nl\/es\/wp-json\/wp\/v2\/product_tag?post=33837"}],"curies":[{"name":"wp","href":"https:\/\/api.w.org\/{rel}","templated":true}]}}