{"id":33836,"date":"2023-08-11T21:12:35","date_gmt":"2023-08-11T19:12:35","guid":{"rendered":"https:\/\/gamecardshop.com\/livecards\/?post_type=product&#038;p=33836"},"modified":"2026-04-03T12:01:43","modified_gmt":"2026-04-03T10:01:43","slug":"office-2013-professional-plus","status":"publish","type":"product","link":"https:\/\/livekaarten.nl\/es\/producto\/office-2013-professional-plus\/","title":{"rendered":"Microsoft Office 2013 Professional Plus Licencia para 3 dispositivos"},"content":{"rendered":"<div>\n<p>Con los programas incluidos, Microsoft Office 2013 Professional Plus cumple todos los requisitos de un software ofim\u00e1tico completo. Tanto si crea cartas modelo, gestiona cifras de negocio y hojas de c\u00e1lculo, dise\u00f1a presentaciones, crea bases de datos u organiza sus correos electr\u00f3nicos para sus proyectos empresariales y privados, todo podr\u00e1 hacerlo en un abrir y cerrar de ojos con las aplicaciones Office.<\/p>\n<p><strong>\u00bfQu\u00e9 programas incluye Microsoft Office 2013 Professional Plus?<\/strong><\/p>\n<ul>\n<li><strong>Microsoft Word 2013<\/strong> - para crear y editar sus textos y documentos<\/li>\n<li><strong>Microsoft Excel 2013<\/strong> - para procesar registros de datos tabulares<\/li>\n<li><strong>Microsoft PowerPoint 2013<\/strong> - para crear presentaciones inspiradoras<\/li>\n<li><strong>Microsoft Outlook 2013<\/strong> - para gestionar sus correos electr\u00f3nicos, contactos, agendas y tareas<\/li>\n<li><strong>Microsoft OneNote 2013<\/strong> - para crear y gestionar sus notas<\/li>\n<li><strong>Microsoft Publisher 2013<\/strong> - para crear f\u00e1cilmente publicaciones de aspecto profesional<\/li>\n<li><strong>Microsoft Access 2013<\/strong> - para crear bases de datos con acceso a Internet<\/li>\n<\/ul>\n<p>Microsoft hace un amplio uso de la nube en Microsoft Office 2013. El paquete permite a los usuarios almacenar documentos directamente en el servicio en la nube SkyDrive de Microsoft. Con esta funci\u00f3n, puede iniciar sesi\u00f3n en un ordenador que no tenga instalado el software Office y utilizar los componentes Web Office de Microsoft para abrir, editar y compartir un documento. La versi\u00f3n 2013 del paquete no requiere ning\u00fan componente de software adicional, lo que hac\u00eda engorroso el proceso en versiones anteriores.<\/p>\n<p>Microsoft ha introducido algunas mejoras bienvenidas en elementos de software espec\u00edficos de la suite Office. Una de las mejoras de Word 2013 es la posibilidad de abrir y editar documentos PDF directamente desde Word, lo que puede suponer un aut\u00e9ntico ahorro de tiempo. Tambi\u00e9n puede reorganizar activamente el texto alrededor de im\u00e1genes o clips de v\u00eddeo mientras escribe. Word tambi\u00e9n viene con Simple Markup, una nueva opci\u00f3n de revisi\u00f3n que ofrece a los usuarios una vista limpia y sin complicaciones de un documento, pero que sigue teniendo indicadores para anotar los cambios rastreados.<\/p>\n<p><strong>Funciones adicionales<\/strong><\/p>\n<ul>\n<li>\u201cB\u00fasqueda \u201dInsights\" directamente desde sus documentos. As\u00ed podr\u00e1 recuperar informaci\u00f3n relevante de Internet e integrarla en sus documentos o presentaciones. Un enlace a Bing garantiza resultados de b\u00fasqueda r\u00e1pidos<\/li>\n<li>Asistente de b\u00fasqueda \u201cTell me\u201d, que agiliza y facilita el uso de todos los programas<\/li>\n<li>Excel con una funci\u00f3n de autorrelleno detecta patrones y rellena los datos autom\u00e1ticamente. Tambi\u00e9n puede predecir f\u00e1cilmente conjuntos de datos y formas para tendencias futuras<\/li>\n<li>Utilice la opci\u00f3n integrada en Publisher para imprimir fotos en l\u00ednea. Ahorre tiempo y garantice resultados profesionales<\/li>\n<li>PowerPoint ofrece la posibilidad de compartir presentaciones a trav\u00e9s de la web. No necesita instalar PowerPoint para verlas<\/li>\n<li>Active el fondo de pantalla \u201cTema negro\u201d para un trabajo agradable a la vista<\/li>\n<li>Utilice OneDrive con 5 GB de almacenamiento gratuito en la nube y colabore con otras personas en tiempo real<\/li>\n<\/ul>\n<p>En otras palabras, la intuitiva interfaz de usuario de Microsoft Office Professional Plus 2013 permite una navegaci\u00f3n r\u00e1pida dentro de los programas. La cinta de opciones revisada facilita la b\u00fasqueda de funciones. Y si no lo consigue, el asistente de b\u00fasqueda \u201cD\u00edgame\u201d le ayudar\u00e1 a encontrar r\u00e1pidamente la funci\u00f3n deseada. Se acostumbrar\u00e1 r\u00e1pidamente a los distintos programas y los utilizar\u00e1 de forma \u00f3ptima para su trabajo.<\/p>\n<p>Gracias a la integraci\u00f3n de Skype Empresarial, siempre estar\u00e1 en contacto con sus colegas y compa\u00f1eros de trabajo. Microsoft Office Professional Plus 2013 ofrece funciones avanzadas de mensajer\u00eda instant\u00e1nea, videoconferencia y telefon\u00eda IP. Podr\u00e1 compartir informaci\u00f3n, aclarar dudas y discutir proyectos. El servicio en la nube OneDrive tambi\u00e9n simplifica el intercambio de datos. Colabore por el \u00e9xito de su empresa, est\u00e9 donde est\u00e9. La interfaz de Microsoft Office 2013 Professional Plus se integra perfectamente con Windows 10 y est\u00e1 optimizada para el control t\u00e1ctil. Trabaje de forma flexible y aumente la productividad con Microsoft Office Professional Plus 2013.<\/p>\n<p><strong>Requisitos del sistema<\/strong><\/p>\n<ul>\n<li>Procesador de 2 n\u00facleos a 1,4 GHz<\/li>\n<li>Windows 7, Windows 8, Windows 10<\/li>\n<li>1 GB (32 bits), 2 GB (64 bits) de RAM<\/li>\n<li>3 GB de espacio disponible en el disco duro<\/li>\n<li>Tarjeta gr\u00e1fica DirectX 9 para utilizar la aceleraci\u00f3n por hardware de gr\u00e1ficos<\/li>\n<\/ul>\n<\/div>","protected":false},"excerpt":{"rendered":"<ul>\n<li>Licencia: Para activaci\u00f3n en 3 PC (en l\u00ednea o por tel\u00e9fono)<\/li>\n<li>Entrega: Enlace de descarga, clave del producto, instrucciones y factura entregados directamente por correo electr\u00f3nico. No disponible en soporte f\u00edsico (USB, CD, etc.)<\/li>\n<li>Versi\u00f3n: Para sistemas de 32 y 64 bits, versiones completas ilimitadas del software.<\/li>\n<li>Idiomas: ingl\u00e9s, espa\u00f1ol, italiano, alem\u00e1n y franc\u00e9s.<\/li>\n<li>Soporte: soporte 24\/7 en ingl\u00e9s, espa\u00f1ol y alem\u00e1n<\/li>\n<li><strong><span style=\"color: #008000;\">Este producto es compatible con Windows.<\/span><\/strong><\/li>\n<li><strong><span style=\"color: #ff0000;\">NO compatible con Apple macOS\u2122, dispositivos Android y Chromebooks.<\/span><\/strong><\/li>\n<\/ul>","protected":false},"featured_media":114643,"comment_status":"closed","ping_status":"closed","template":"","meta":[],"product_cat":[75],"product_tag":[79],"class_list":{"0":"post-33836","1":"product","2":"type-product","3":"status-publish","4":"has-post-thumbnail","6":"product_cat-microsoft-office","7":"product_tag-ms-office","9":"first","10":"instock","11":"sale","12":"virtual","13":"taxable","14":"purchasable","15":"product-type-simple"},"yoast_head":"<!-- This site is optimized with the Yoast SEO plugin v27.3 - https:\/\/yoast.com\/product\/yoast-seo-wordpress\/ -->\n<title>Microsoft Office 2013 Professional Plus Licentie voor 3 apparaten | Your best option, at the best price<\/title>\n<meta name=\"description\" content=\"Microsoft Office 2013 Professional Plus Licentie voor 3 apparaten Application for editing digital texts. | Best market prices. | 24\/7 Customer support | Immediate delivery\" \/>\n<meta name=\"robots\" content=\"index, follow, max-snippet:-1, max-image-preview:large, max-video-preview:-1\" \/>\n<link rel=\"canonical\" href=\"https:\/\/livekaarten.nl\/es\/producto\/office-2013-professional-plus\/\" \/>\n<meta property=\"og:locale\" content=\"es_ES\" \/>\n<meta property=\"og:type\" content=\"article\" \/>\n<meta property=\"og:title\" content=\"Microsoft Office 2013 Professional Plus Licentie voor 3 apparaten | Your best option, at the best price\" \/>\n<meta property=\"og:description\" content=\"Microsoft Office 2013 Professional Plus Licentie voor 3 apparaten Application for editing digital texts. | Best market prices. | 24\/7 Customer support | Immediate delivery\" \/>\n<meta property=\"og:url\" content=\"https:\/\/livekaarten.nl\/es\/producto\/office-2013-professional-plus\/\" \/>\n<meta property=\"og:site_name\" content=\"livekaarten.nl\" \/>\n<meta property=\"article:modified_time\" content=\"2026-04-03T10:01:43+00:00\" \/>\n<meta property=\"og:image\" content=\"https:\/\/livekaarten.nl\/wp-content\/uploads\/2025\/04\/O13PP.jpg\" \/>\n\t<meta property=\"og:image:width\" content=\"1000\" \/>\n\t<meta property=\"og:image:height\" content=\"1500\" \/>\n\t<meta property=\"og:image:type\" content=\"image\/jpeg\" \/>\n<meta name=\"twitter:card\" content=\"summary_large_image\" \/>\n<meta name=\"twitter:label1\" content=\"Tiempo de lectura\" \/>\n\t<meta name=\"twitter:data1\" content=\"4 minutos\" \/>\n<script type=\"application\/ld+json\" class=\"yoast-schema-graph\">{\"@context\":\"https:\\\/\\\/schema.org\",\"@graph\":[{\"@type\":\"WebPage\",\"@id\":\"https:\\\/\\\/livekaarten.nl\\\/product\\\/office-2013-professional-plus\\\/\",\"url\":\"https:\\\/\\\/livekaarten.nl\\\/product\\\/office-2013-professional-plus\\\/\",\"name\":\"Microsoft Office 2013 Professional Plus Licentie voor 3 apparaten | Your best option, at the best price\",\"isPartOf\":{\"@id\":\"https:\\\/\\\/livekaarten.nl\\\/#website\"},\"primaryImageOfPage\":{\"@id\":\"https:\\\/\\\/livekaarten.nl\\\/product\\\/office-2013-professional-plus\\\/#primaryimage\"},\"image\":{\"@id\":\"https:\\\/\\\/livekaarten.nl\\\/product\\\/office-2013-professional-plus\\\/#primaryimage\"},\"thumbnailUrl\":\"https:\\\/\\\/livekaarten.nl\\\/wp-content\\\/uploads\\\/2025\\\/04\\\/O13PP.jpg\",\"datePublished\":\"2023-08-11T19:12:35+00:00\",\"dateModified\":\"2026-04-03T10:01:43+00:00\",\"description\":\"Microsoft Office 2013 Professional Plus Licentie voor 3 apparaten Application for editing digital texts. | Best market prices. | 24\\\/7 Customer support | Immediate delivery\",\"breadcrumb\":{\"@id\":\"https:\\\/\\\/livekaarten.nl\\\/product\\\/office-2013-professional-plus\\\/#breadcrumb\"},\"inLanguage\":\"es\",\"potentialAction\":[{\"@type\":\"ReadAction\",\"target\":[\"https:\\\/\\\/livekaarten.nl\\\/product\\\/office-2013-professional-plus\\\/\"]}]},{\"@type\":\"ImageObject\",\"inLanguage\":\"es\",\"@id\":\"https:\\\/\\\/livekaarten.nl\\\/product\\\/office-2013-professional-plus\\\/#primaryimage\",\"url\":\"https:\\\/\\\/livekaarten.nl\\\/wp-content\\\/uploads\\\/2025\\\/04\\\/O13PP.jpg\",\"contentUrl\":\"https:\\\/\\\/livekaarten.nl\\\/wp-content\\\/uploads\\\/2025\\\/04\\\/O13PP.jpg\",\"width\":1000,\"height\":1500},{\"@type\":\"BreadcrumbList\",\"@id\":\"https:\\\/\\\/livekaarten.nl\\\/product\\\/office-2013-professional-plus\\\/#breadcrumb\",\"itemListElement\":[{\"@type\":\"ListItem\",\"position\":1,\"name\":\"Home\",\"item\":\"https:\\\/\\\/livekaarten.nl\\\/\"},{\"@type\":\"ListItem\",\"position\":2,\"name\":\"Winkel\",\"item\":\"https:\\\/\\\/livekaarten.nl\\\/shop\\\/\"},{\"@type\":\"ListItem\",\"position\":3,\"name\":\"Microsoft Office 2013 Professional Plus Licentie voor 3 apparaten\"}]},{\"@type\":\"WebSite\",\"@id\":\"https:\\\/\\\/livekaarten.nl\\\/#website\",\"url\":\"https:\\\/\\\/livekaarten.nl\\\/\",\"name\":\"Livekaarten.nl\",\"description\":\"Koop uw kantoor\",\"potentialAction\":[{\"@type\":\"SearchAction\",\"target\":{\"@type\":\"EntryPoint\",\"urlTemplate\":\"https:\\\/\\\/livekaarten.nl\\\/?s={search_term_string}\"},\"query-input\":{\"@type\":\"PropertyValueSpecification\",\"valueRequired\":true,\"valueName\":\"search_term_string\"}}],\"inLanguage\":\"es\"}]}<\/script>\n<!-- \/ Yoast SEO plugin. -->","yoast_head_json":{"title":"Microsoft Office 2013 Professional Plus Licentie voor 3 apparaten | Your best option, at the best price","description":"Microsoft Office 2013 Professional Plus Licentie voor 3 apparaten Application for editing digital texts. | Best market prices. | 24\/7 Customer support | Immediate delivery","robots":{"index":"index","follow":"follow","max-snippet":"max-snippet:-1","max-image-preview":"max-image-preview:large","max-video-preview":"max-video-preview:-1"},"canonical":"https:\/\/livekaarten.nl\/es\/producto\/office-2013-professional-plus\/","og_locale":"es_ES","og_type":"article","og_title":"Microsoft Office 2013 Professional Plus Licentie voor 3 apparaten | Your best option, at the best price","og_description":"Microsoft Office 2013 Professional Plus Licentie voor 3 apparaten Application for editing digital texts. | Best market prices. | 24\/7 Customer support | Immediate delivery","og_url":"https:\/\/livekaarten.nl\/es\/producto\/office-2013-professional-plus\/","og_site_name":"livekaarten.nl","article_modified_time":"2026-04-03T10:01:43+00:00","og_image":[{"width":1000,"height":1500,"url":"https:\/\/livekaarten.nl\/wp-content\/uploads\/2025\/04\/O13PP.jpg","type":"image\/jpeg"}],"twitter_card":"summary_large_image","twitter_misc":{"Tiempo de lectura":"4 minutos"},"schema":{"@context":"https:\/\/schema.org","@graph":[{"@type":"WebPage","@id":"https:\/\/livekaarten.nl\/product\/office-2013-professional-plus\/","url":"https:\/\/livekaarten.nl\/product\/office-2013-professional-plus\/","name":"Microsoft Office 2013 Professional Plus Licentie voor 3 apparaten | Your best option, at the best price","isPartOf":{"@id":"https:\/\/livekaarten.nl\/#website"},"primaryImageOfPage":{"@id":"https:\/\/livekaarten.nl\/product\/office-2013-professional-plus\/#primaryimage"},"image":{"@id":"https:\/\/livekaarten.nl\/product\/office-2013-professional-plus\/#primaryimage"},"thumbnailUrl":"https:\/\/livekaarten.nl\/wp-content\/uploads\/2025\/04\/O13PP.jpg","datePublished":"2023-08-11T19:12:35+00:00","dateModified":"2026-04-03T10:01:43+00:00","description":"Microsoft Office 2013 Professional Plus Licentie voor 3 apparaten Application for editing digital texts. | Best market prices. | 24\/7 Customer support | Immediate delivery","breadcrumb":{"@id":"https:\/\/livekaarten.nl\/product\/office-2013-professional-plus\/#breadcrumb"},"inLanguage":"es","potentialAction":[{"@type":"ReadAction","target":["https:\/\/livekaarten.nl\/product\/office-2013-professional-plus\/"]}]},{"@type":"ImageObject","inLanguage":"es","@id":"https:\/\/livekaarten.nl\/product\/office-2013-professional-plus\/#primaryimage","url":"https:\/\/livekaarten.nl\/wp-content\/uploads\/2025\/04\/O13PP.jpg","contentUrl":"https:\/\/livekaarten.nl\/wp-content\/uploads\/2025\/04\/O13PP.jpg","width":1000,"height":1500},{"@type":"BreadcrumbList","@id":"https:\/\/livekaarten.nl\/product\/office-2013-professional-plus\/#breadcrumb","itemListElement":[{"@type":"ListItem","position":1,"name":"Home","item":"https:\/\/livekaarten.nl\/"},{"@type":"ListItem","position":2,"name":"Winkel","item":"https:\/\/livekaarten.nl\/shop\/"},{"@type":"ListItem","position":3,"name":"Microsoft Office 2013 Professional Plus Licentie voor 3 apparaten"}]},{"@type":"WebSite","@id":"https:\/\/livekaarten.nl\/#website","url":"https:\/\/livekaarten.nl\/","name":"Livecards.es","description":"Compre su oficina","potentialAction":[{"@type":"SearchAction","target":{"@type":"EntryPoint","urlTemplate":"https:\/\/livekaarten.nl\/?s={search_term_string}"},"query-input":{"@type":"PropertyValueSpecification","valueRequired":true,"valueName":"search_term_string"}}],"inLanguage":"es"}]}},"_links":{"self":[{"href":"https:\/\/livekaarten.nl\/es\/wp-json\/wp\/v2\/product\/33836","targetHints":{"allow":["GET"]}}],"collection":[{"href":"https:\/\/livekaarten.nl\/es\/wp-json\/wp\/v2\/product"}],"about":[{"href":"https:\/\/livekaarten.nl\/es\/wp-json\/wp\/v2\/types\/product"}],"replies":[{"embeddable":true,"href":"https:\/\/livekaarten.nl\/es\/wp-json\/wp\/v2\/comments?post=33836"}],"wp:featuredmedia":[{"embeddable":true,"href":"https:\/\/livekaarten.nl\/es\/wp-json\/wp\/v2\/media\/114643"}],"wp:attachment":[{"href":"https:\/\/livekaarten.nl\/es\/wp-json\/wp\/v2\/media?parent=33836"}],"wp:term":[{"taxonomy":"product_cat","embeddable":true,"href":"https:\/\/livekaarten.nl\/es\/wp-json\/wp\/v2\/product_cat?post=33836"},{"taxonomy":"product_tag","embeddable":true,"href":"https:\/\/livekaarten.nl\/es\/wp-json\/wp\/v2\/product_tag?post=33836"}],"curies":[{"name":"wp","href":"https:\/\/api.w.org\/{rel}","templated":true}]}}