{"id":33835,"date":"2023-08-11T21:12:35","date_gmt":"2023-08-11T19:12:35","guid":{"rendered":"https:\/\/gamecardshop.com\/livecards\/?post_type=product&#038;p=33835"},"modified":"2026-04-03T12:01:43","modified_gmt":"2026-04-03T10:01:43","slug":"office-2016-professional-plus","status":"publish","type":"product","link":"https:\/\/livekaarten.nl\/es\/producto\/office-2016-professional-plus\/","title":{"rendered":"Licencia Microsoft Office 2016 Professional Plus para 3 dispositivos"},"content":{"rendered":"<p>Con los programas incluidos, Microsoft Office 2016 Professional Plus cumple todos los requisitos de un software ofim\u00e1tico completo. As\u00ed pues, tanto si est\u00e1 creando cartas modelo, gestionando cifras y hojas de c\u00e1lculo empresariales o dise\u00f1ando presentaciones. Asimismo, crear bases de datos u organizar sus correos electr\u00f3nicos para sus proyectos empresariales y privados, todo ello podr\u00e1 hacerlo en un abrir y cerrar de ojos con las aplicaciones Office.<\/p>\n<p><strong>\u00bfQu\u00e9 programas incluye Microsoft Office 2016 Professional Plus?<\/strong><\/p>\n<ul>\n<li><strong>Microsoft Word 2016.<\/strong> Para crear y editar sus textos y documentos<\/li>\n<li><strong>Microsoft Excel 2016.<\/strong> Para procesar registros de datos tabulares<\/li>\n<li><strong>Microsoft PowerPoint 2016.<\/strong> Para crear presentaciones inspiradoras<\/li>\n<li><strong>Microsoft Outlook 2016.<\/strong> Para gestionar correos electr\u00f3nicos, contactos, agendas y tareas<\/li>\n<li><strong>Microsoft OneNote 2016.<\/strong> Para crear y gestionar sus notas<\/li>\n<li><strong>Microsoft Publisher 2016.<\/strong> Para crear f\u00e1cilmente publicaciones de aspecto profesional<\/li>\n<li><strong>Microsoft Access 2016.<\/strong> Para crear bases de datos con acceso a Internet<\/li>\n<li><strong>Skype Empresarial.<\/strong> Para aumentar la productividad mediante la mensajer\u00eda instant\u00e1nea y una comunicaci\u00f3n sencilla<\/li>\n<\/ul>\n<p><strong>Nuevas caracter\u00edsticas en Microsoft Office 2016 Professional Plus<\/strong><\/p>\n<ul>\n<li>\u201cB\u00fasqueda \u201dInsights\" directamente desde sus documentos. As\u00ed podr\u00e1 recuperar informaci\u00f3n relevante de Internet e integrarla en sus documentos o presentaciones. Un enlace a Bing garantiza resultados de b\u00fasqueda r\u00e1pidos<\/li>\n<li>Busque el asistente \u201cDime\u201d. Entonces comprobar\u00e1 que todos los programas funcionan m\u00e1s r\u00e1pido.<\/li>\n<li>Excel con una funci\u00f3n de autorrelleno detecta el patr\u00f3n y rellena autom\u00e1ticamente sus datos. Tambi\u00e9n puede predecir f\u00e1cilmente conjuntos de datos y formas para tendencias futuras.<\/li>\n<li>Utilice la opci\u00f3n integrada en Publisher para imprimir fotos en l\u00ednea. Esto le ahorrar\u00e1 tiempo y le garantizar\u00e1 unos resultados profesionales.<\/li>\n<li>PowerPoint ofrece la posibilidad de compartir presentaciones a trav\u00e9s de la web. No es necesario instalar PowerPoint para verlas.<\/li>\n<li>Active el fondo de pantalla \u201cTema negro\u201d. Esto le permite trabajar de forma agradable a la vista.<\/li>\n<li>Utilice tambi\u00e9n OneDrive con 5 GB de almacenamiento gratuito en la nube. Por lo tanto, se puede trabajar en equipo con la creaci\u00f3n de redes en tiempo real a trav\u00e9s de.<\/li>\n<\/ul>\n<p><strong>Cosas importantes sobre esta versi\u00f3n de Microsoft Office<\/strong><\/p>\n<p>En otras palabras, la intuitiva interfaz de usuario de Microsoft Office Professional Plus 2016 permite una navegaci\u00f3n r\u00e1pida y eficaz. As\u00ed, la cinta de opciones revisada facilita la b\u00fasqueda r\u00e1pida de nuevas funciones. Pero si en alg\u00fan momento no consigue descifrarla, el asistente de b\u00fasqueda \u201cD\u00edgame\u201d le ayudar\u00e1 a encontrar la funci\u00f3n deseada y a utilizarla con eficacia. Se acostumbrar\u00e1 r\u00e1pidamente a los distintos programas y los utilizar\u00e1 de la mejor manera para su trabajo.<\/p>\n<p>En conclusi\u00f3n, al integrar Skype Empresarial, usted y sus empleados y compa\u00f1eros permanecer\u00e1n siempre conectados. Microsoft Office Professional Plus 2016 ofrece as\u00ed nuevas capacidades en mensajer\u00eda instant\u00e1nea, videoconferencia y telefon\u00eda IP. As\u00ed podr\u00e1 intercambiar informaci\u00f3n, aclarar dudas y hacer preguntas sobre los proyectos. El uso del servicio en la nube OneDrive tambi\u00e9n simplifica el intercambio de datos. Colabore por el \u00e9xito de su empresa y mant\u00e9ngase flexible. Incluso su lugar de trabajo se encuentra ahora en cualquier lugar. El dise\u00f1o y la interfaz de usuario de Microsoft Office 2016 Professional Plus se basan en Microsoft Windows 10. Los dos programas est\u00e1n perfectamente alineados. Optimizado para dispositivos t\u00e1ctiles, podr\u00e1 trabajar de forma flexible. Trabaje de forma creativa en cualquier lugar con Microsoft Office Professional Plus 2016 y aumente la productividad de su empresa.<\/p>\n<p><strong>Requisitos del sistema<\/strong>:<\/p>\n<ul>\n<li>Procesador de 2 n\u00facleos a 1,4 GHz<\/li>\n<li>Windows 7 SP1, Windows 8, Windows 10<\/li>\n<li>1 GB (32 bits), 2 GB (64 bits) de RAM<\/li>\n<li>3 GB de espacio disponible en el disco duro<\/li>\n<li>Tarjeta gr\u00e1fica DirectX 9 para utilizar la aceleraci\u00f3n por hardware de gr\u00e1ficos<\/li>\n<\/ul>","protected":false},"excerpt":{"rendered":"<ul>\n<li>Licencia: Para activaci\u00f3n en 3 PC (en l\u00ednea o por tel\u00e9fono)<\/li>\n<li>Entrega: Enlace de descarga, clave del producto, instrucciones y factura entregados directamente por correo electr\u00f3nico. No disponible en soporte f\u00edsico (USB, CD, etc.)<\/li>\n<li>Versi\u00f3n: Para sistemas de 32 y 64 bits, versi\u00f3n completa e ilimitada del software<\/li>\n<li>Idiomas: ingl\u00e9s, espa\u00f1ol, italiano, alem\u00e1n y franc\u00e9s.<\/li>\n<li>Asistencia: 24 horas al d\u00eda, 7 d\u00edas a la semana, en neerland\u00e9s, franc\u00e9s y alem\u00e1n.<\/li>\n<li><strong><span style=\"color: #008000;\">Este producto es compatible con Windows.<\/span><\/strong><\/li>\n<li><strong><span style=\"color: #ff0000;\">NO compatible con Apple macOS\u2122, dispositivos Android y Chromebooks.<\/span><\/strong><\/li>\n<\/ul>","protected":false},"featured_media":100000114645,"comment_status":"closed","ping_status":"closed","template":"","meta":[],"product_cat":[75],"product_tag":[79,105],"class_list":{"0":"post-33835","1":"product","2":"type-product","3":"status-publish","4":"has-post-thumbnail","6":"product_cat-microsoft-office","7":"product_tag-ms-office","8":"product_tag-ms-office-2016","10":"first","11":"instock","12":"sale","13":"virtual","14":"taxable","15":"purchasable","16":"product-type-simple"},"yoast_head":"<!-- This site is optimized with the Yoast SEO plugin v27.3 - https:\/\/yoast.com\/product\/yoast-seo-wordpress\/ -->\n<title>Microsoft Office 2016 Professional Plus Licentie voor 3 apparaten | Your best option, at the best price<\/title>\n<meta name=\"description\" content=\"Microsoft Office 2016 Professional Plus Licentie voor 3 apparaten Application for editing digital texts. | Best market prices. | 24\/7 Customer support | Immediate delivery\" \/>\n<meta name=\"robots\" content=\"index, follow, max-snippet:-1, max-image-preview:large, max-video-preview:-1\" \/>\n<link rel=\"canonical\" href=\"https:\/\/livekaarten.nl\/es\/producto\/office-2016-professional-plus\/\" \/>\n<meta property=\"og:locale\" content=\"es_ES\" \/>\n<meta property=\"og:type\" content=\"article\" \/>\n<meta property=\"og:title\" content=\"Microsoft Office 2016 Professional Plus Licentie voor 3 apparaten | Your best option, at the best price\" \/>\n<meta property=\"og:description\" content=\"Microsoft Office 2016 Professional Plus Licentie voor 3 apparaten Application for editing digital texts. | Best market prices. | 24\/7 Customer support | Immediate delivery\" \/>\n<meta property=\"og:url\" content=\"https:\/\/livekaarten.nl\/es\/producto\/office-2016-professional-plus\/\" \/>\n<meta property=\"og:site_name\" content=\"livekaarten.nl\" \/>\n<meta property=\"article:modified_time\" content=\"2026-04-03T10:01:43+00:00\" \/>\n<meta name=\"twitter:card\" content=\"summary_large_image\" \/>\n<meta name=\"twitter:label1\" content=\"Tiempo de lectura\" \/>\n\t<meta name=\"twitter:data1\" content=\"3 minutos\" \/>\n<script type=\"application\/ld+json\" class=\"yoast-schema-graph\">{\"@context\":\"https:\\\/\\\/schema.org\",\"@graph\":[{\"@type\":\"WebPage\",\"@id\":\"https:\\\/\\\/livekaarten.nl\\\/product\\\/office-2016-professional-plus\\\/\",\"url\":\"https:\\\/\\\/livekaarten.nl\\\/product\\\/office-2016-professional-plus\\\/\",\"name\":\"Microsoft Office 2016 Professional Plus Licentie voor 3 apparaten | Your best option, at the best price\",\"isPartOf\":{\"@id\":\"https:\\\/\\\/livekaarten.nl\\\/#website\"},\"primaryImageOfPage\":{\"@id\":\"https:\\\/\\\/livekaarten.nl\\\/product\\\/office-2016-professional-plus\\\/#primaryimage\"},\"image\":{\"@id\":\"https:\\\/\\\/livekaarten.nl\\\/product\\\/office-2016-professional-plus\\\/#primaryimage\"},\"thumbnailUrl\":\"https:\\\/\\\/livekaarten.nl\\\/wp-content\\\/uploads\\\/2025\\\/04\\\/O16PP.jpg\",\"datePublished\":\"2023-08-11T19:12:35+00:00\",\"dateModified\":\"2026-04-03T10:01:43+00:00\",\"description\":\"Microsoft Office 2016 Professional Plus Licentie voor 3 apparaten Application for editing digital texts. | Best market prices. | 24\\\/7 Customer support | Immediate delivery\",\"breadcrumb\":{\"@id\":\"https:\\\/\\\/livekaarten.nl\\\/product\\\/office-2016-professional-plus\\\/#breadcrumb\"},\"inLanguage\":\"es\",\"potentialAction\":[{\"@type\":\"ReadAction\",\"target\":[\"https:\\\/\\\/livekaarten.nl\\\/product\\\/office-2016-professional-plus\\\/\"]}]},{\"@type\":\"ImageObject\",\"inLanguage\":\"es\",\"@id\":\"https:\\\/\\\/livekaarten.nl\\\/product\\\/office-2016-professional-plus\\\/#primaryimage\",\"url\":\"https:\\\/\\\/livekaarten.nl\\\/wp-content\\\/uploads\\\/2025\\\/04\\\/O16PP.jpg\",\"contentUrl\":\"https:\\\/\\\/livekaarten.nl\\\/wp-content\\\/uploads\\\/2025\\\/04\\\/O16PP.jpg\"},{\"@type\":\"BreadcrumbList\",\"@id\":\"https:\\\/\\\/livekaarten.nl\\\/product\\\/office-2016-professional-plus\\\/#breadcrumb\",\"itemListElement\":[{\"@type\":\"ListItem\",\"position\":1,\"name\":\"Home\",\"item\":\"https:\\\/\\\/livekaarten.nl\\\/\"},{\"@type\":\"ListItem\",\"position\":2,\"name\":\"Winkel\",\"item\":\"https:\\\/\\\/livekaarten.nl\\\/shop\\\/\"},{\"@type\":\"ListItem\",\"position\":3,\"name\":\"Microsoft Office 2016 Professional Plus Licentie voor 3 apparaten\"}]},{\"@type\":\"WebSite\",\"@id\":\"https:\\\/\\\/livekaarten.nl\\\/#website\",\"url\":\"https:\\\/\\\/livekaarten.nl\\\/\",\"name\":\"Livekaarten.nl\",\"description\":\"Koop uw kantoor\",\"potentialAction\":[{\"@type\":\"SearchAction\",\"target\":{\"@type\":\"EntryPoint\",\"urlTemplate\":\"https:\\\/\\\/livekaarten.nl\\\/?s={search_term_string}\"},\"query-input\":{\"@type\":\"PropertyValueSpecification\",\"valueRequired\":true,\"valueName\":\"search_term_string\"}}],\"inLanguage\":\"es\"}]}<\/script>\n<!-- \/ Yoast SEO plugin. -->","yoast_head_json":{"title":"Microsoft Office 2016 Professional Plus Licentie voor 3 apparaten | Your best option, at the best price","description":"Microsoft Office 2016 Professional Plus Licentie voor 3 apparaten Application for editing digital texts. | Best market prices. | 24\/7 Customer support | Immediate delivery","robots":{"index":"index","follow":"follow","max-snippet":"max-snippet:-1","max-image-preview":"max-image-preview:large","max-video-preview":"max-video-preview:-1"},"canonical":"https:\/\/livekaarten.nl\/es\/producto\/office-2016-professional-plus\/","og_locale":"es_ES","og_type":"article","og_title":"Microsoft Office 2016 Professional Plus Licentie voor 3 apparaten | Your best option, at the best price","og_description":"Microsoft Office 2016 Professional Plus Licentie voor 3 apparaten Application for editing digital texts. | Best market prices. | 24\/7 Customer support | Immediate delivery","og_url":"https:\/\/livekaarten.nl\/es\/producto\/office-2016-professional-plus\/","og_site_name":"livekaarten.nl","article_modified_time":"2026-04-03T10:01:43+00:00","twitter_card":"summary_large_image","twitter_misc":{"Tiempo de lectura":"3 minutos"},"schema":{"@context":"https:\/\/schema.org","@graph":[{"@type":"WebPage","@id":"https:\/\/livekaarten.nl\/product\/office-2016-professional-plus\/","url":"https:\/\/livekaarten.nl\/product\/office-2016-professional-plus\/","name":"Microsoft Office 2016 Professional Plus Licentie voor 3 apparaten | Your best option, at the best price","isPartOf":{"@id":"https:\/\/livekaarten.nl\/#website"},"primaryImageOfPage":{"@id":"https:\/\/livekaarten.nl\/product\/office-2016-professional-plus\/#primaryimage"},"image":{"@id":"https:\/\/livekaarten.nl\/product\/office-2016-professional-plus\/#primaryimage"},"thumbnailUrl":"https:\/\/livekaarten.nl\/wp-content\/uploads\/2025\/04\/O16PP.jpg","datePublished":"2023-08-11T19:12:35+00:00","dateModified":"2026-04-03T10:01:43+00:00","description":"Microsoft Office 2016 Professional Plus Licentie voor 3 apparaten Application for editing digital texts. | Best market prices. | 24\/7 Customer support | Immediate delivery","breadcrumb":{"@id":"https:\/\/livekaarten.nl\/product\/office-2016-professional-plus\/#breadcrumb"},"inLanguage":"es","potentialAction":[{"@type":"ReadAction","target":["https:\/\/livekaarten.nl\/product\/office-2016-professional-plus\/"]}]},{"@type":"ImageObject","inLanguage":"es","@id":"https:\/\/livekaarten.nl\/product\/office-2016-professional-plus\/#primaryimage","url":"https:\/\/livekaarten.nl\/wp-content\/uploads\/2025\/04\/O16PP.jpg","contentUrl":"https:\/\/livekaarten.nl\/wp-content\/uploads\/2025\/04\/O16PP.jpg"},{"@type":"BreadcrumbList","@id":"https:\/\/livekaarten.nl\/product\/office-2016-professional-plus\/#breadcrumb","itemListElement":[{"@type":"ListItem","position":1,"name":"Home","item":"https:\/\/livekaarten.nl\/"},{"@type":"ListItem","position":2,"name":"Winkel","item":"https:\/\/livekaarten.nl\/shop\/"},{"@type":"ListItem","position":3,"name":"Microsoft Office 2016 Professional Plus Licentie voor 3 apparaten"}]},{"@type":"WebSite","@id":"https:\/\/livekaarten.nl\/#website","url":"https:\/\/livekaarten.nl\/","name":"Livecards.es","description":"Compre su oficina","potentialAction":[{"@type":"SearchAction","target":{"@type":"EntryPoint","urlTemplate":"https:\/\/livekaarten.nl\/?s={search_term_string}"},"query-input":{"@type":"PropertyValueSpecification","valueRequired":true,"valueName":"search_term_string"}}],"inLanguage":"es"}]}},"_links":{"self":[{"href":"https:\/\/livekaarten.nl\/es\/wp-json\/wp\/v2\/product\/33835","targetHints":{"allow":["GET"]}}],"collection":[{"href":"https:\/\/livekaarten.nl\/es\/wp-json\/wp\/v2\/product"}],"about":[{"href":"https:\/\/livekaarten.nl\/es\/wp-json\/wp\/v2\/types\/product"}],"replies":[{"embeddable":true,"href":"https:\/\/livekaarten.nl\/es\/wp-json\/wp\/v2\/comments?post=33835"}],"wp:featuredmedia":[{"embeddable":true,"href":"https:\/\/livekaarten.nl\/es\/wp-json\/"}],"wp:attachment":[{"href":"https:\/\/livekaarten.nl\/es\/wp-json\/wp\/v2\/media?parent=33835"}],"wp:term":[{"taxonomy":"product_cat","embeddable":true,"href":"https:\/\/livekaarten.nl\/es\/wp-json\/wp\/v2\/product_cat?post=33835"},{"taxonomy":"product_tag","embeddable":true,"href":"https:\/\/livekaarten.nl\/es\/wp-json\/wp\/v2\/product_tag?post=33835"}],"curies":[{"name":"wp","href":"https:\/\/api.w.org\/{rel}","templated":true}]}}