{"id":1939,"date":"2022-10-20T21:47:48","date_gmt":"2022-10-20T21:47:48","guid":{"rendered":"https:\/\/gamecardshop.com\/livecards\/?post_type=product&#038;p=1939"},"modified":"2026-04-03T12:01:35","modified_gmt":"2026-04-03T10:01:35","slug":"windows-11-professional-project-2021-professional-office-2021-professional-visio-2021-standard","status":"publish","type":"product","link":"https:\/\/livekaarten.nl\/es\/producto\/windows-11-professional-project-2021-professional-office-2021-professional-visio-2021-standard\/","title":{"rendered":"Microsoft Windows 11 Pro + Microsoft Project 2021 Pro + Microsoft Office 2021 Pro Plus + Microsoft Visio 2021 Standard Licencia para 3 dispositivos"},"content":{"rendered":"<div id=\"primaryR2\" data-grid=\"container\" data-region-key=\"primaryr2\" data-m=\"{&quot;cN&quot;:&quot;primaryR2 1&quot;,&quot;cT&quot;:&quot;Region_coreui-region&quot;,&quot;id&quot;:&quot;r2a2&quot;,&quot;sN&quot;:2,&quot;aN&quot;:&quot;a2&quot;}\">\n<div id=\"coreui-banner-l03vzh8\" data-m=\"{&quot;cN&quot;:&quot;R2Banner 1&quot;,&quot;cT&quot;:&quot;Module_coreui-banner&quot;,&quot;id&quot;:&quot;m1r2a2&quot;,&quot;sN&quot;:1,&quot;aN&quot;:&quot;r2a2&quot;}\" data-module-id=\"WDG-Windows|primaryR2|coreui-region|coreui-banner-l03vzh8|coreui-banner\">\n<div class=\"m-banner f-align-left\" data-grid=\"col-12\">\n<p class=\"c-heading-3\"><strong><span style=\"font-size: 32px;\">Microsoft Windows 11 Professional<\/span><\/strong><\/p>\n<\/div>\n<\/div>\n<div id=\"coreui-contentrichblock-o5iouct\" data-m=\"{&quot;cN&quot;:&quot;R2ContentRichBlock 1&quot;,&quot;cT&quot;:&quot;Module_coreui-contentrichblock&quot;,&quot;id&quot;:&quot;m3r2a2&quot;,&quot;sN&quot;:3,&quot;aN&quot;:&quot;r2a2&quot;}\" data-module-id=\"WDG-Windows|primaryR2|coreui-region|coreui-contentrichblock-o5iouct|coreui-contentrichblock\">\n<div class=\"m-rich-content-block context-ucx\" data-grid=\"col-12\">\n<p>&nbsp;<\/p>\n<\/div>\n<\/div>\n<div id=\"coreui-tablev2-62jrfm3\" data-m=\"{&quot;cN&quot;:&quot;R2TableV2 1&quot;,&quot;cT&quot;:&quot;Module_coreui-tablev2&quot;,&quot;id&quot;:&quot;m4r2a2&quot;,&quot;sN&quot;:4,&quot;aN&quot;:&quot;r2a2&quot;}\" data-module-id=\"WDG-Windows|primaryR2|coreui-region|coreui-tablev2-62jrfm3|coreui-tablev2\">\n<div class=\"m-table\">\n<div class=\"c-table\" data-f-loc-ascending=\"Sorted by {0} - ascending\" data-f-loc-descending=\"Sorted by {0} - descending\">\n<table>\n<tbody>\n<tr>\n<td class=\"f-divided\"><strong>Procesador:<\/strong><\/td>\n<td class=\"f-divided\">1 gigahercio (GHz) o m\u00e1s r\u00e1pido con 2 o m\u00e1s n\u00facleos en un procesador compatible de 64 bits o System on a Chip (SoC)<\/td>\n<\/tr>\n<tr>\n<td class=\"f-divided\"><strong>RAM:<\/strong><\/td>\n<td class=\"f-divided\">4 gigabytes (GB)<\/td>\n<\/tr>\n<tr>\n<td class=\"f-divided\"><strong>Almacenamiento:<\/strong><\/td>\n<td class=\"f-divided\">Dispositivo de almacenamiento de 64 GB o superior<\/p>\n<p>Nota: Consulte el apartado \u201cM\u00e1s informaci\u00f3n sobre el almacenamiento para mantener Windows 11 actualizado\u201d para obtener m\u00e1s informaci\u00f3n.<\/td>\n<\/tr>\n<tr>\n<td class=\"f-divided\"><strong>Firmware del sistema:<\/strong><\/td>\n<td class=\"f-divided\">UEFI, apto para arranque seguro<\/td>\n<\/tr>\n<tr>\n<td class=\"f-divided\"><strong>TPM:<\/strong><\/td>\n<td class=\"f-divided\">M\u00f3dulo de plataforma segura (TPM) versi\u00f3n 2.0<\/td>\n<\/tr>\n<tr>\n<td class=\"f-divided\"><strong>Tarjeta gr\u00e1fica:<\/strong><\/td>\n<td class=\"f-divided\">Compatible con DirectX 12 o superior con controlador WDDM 2.0<\/td>\n<\/tr>\n<tr>\n<td class=\"f-divided\"><strong>Pantalla:<\/strong><\/td>\n<td class=\"f-divided\">Pantalla de alta definici\u00f3n (720p) con una diagonal de m\u00e1s de 9\u2033, 8 bits por canal de color.<\/td>\n<\/tr>\n<tr>\n<td class=\"f-divided\"><strong>Conexi\u00f3n a Internet y cuentas de Microsoft: <\/strong><\/td>\n<td class=\"f-divided\">La edici\u00f3n 11 de Microsoft Windows requiere una conexi\u00f3n a Internet y una cuenta de Microsoft para completar la instalaci\u00f3n del dispositivo en el primer uso.<\/p>\n<p>Cambiar un dispositivo de Microsoft Windows 11 Home al modo S tambi\u00e9n requiere una conexi\u00f3n a Internet.<\/p>\n<p>Todas las ediciones de Microsoft Windows 11 requieren acceso a Internet para realizar actualizaciones y descargar y utilizar determinadas funciones. Algunas caracter\u00edsticas requieren una cuenta Microsoft.<\/td>\n<\/tr>\n<\/tbody>\n<\/table>\n<\/div>\n<\/div>\n<\/div>\n<div id=\"coreui-contentrichblock-wqm7a2a\" data-m=\"{&quot;cN&quot;:&quot;R2ContentRichBlock 2&quot;,&quot;cT&quot;:&quot;Module_coreui-contentrichblock&quot;,&quot;id&quot;:&quot;m5r2a2&quot;,&quot;sN&quot;:5,&quot;aN&quot;:&quot;r2a2&quot;}\" data-module-id=\"WDG-Windows|primaryR2|coreui-region|coreui-contentrichblock-wqm7a2a|coreui-contentrichblock\">\n<div class=\"m-rich-content-block context-ucx\" data-grid=\"col-12\">\n<p>Con el tiempo, puede haber requisitos adicionales para actualizaciones y requisitos para habilitar funciones espec\u00edficas en el sistema operativo.<\/p>\n<\/div>\n<\/div>\n<\/div>\n<div id=\"primaryR3\" data-grid=\"container\" data-region-key=\"primaryr3\" data-m=\"{&quot;cN&quot;:&quot;primaryR3 1&quot;,&quot;cT&quot;:&quot;Region_coreui-region&quot;,&quot;id&quot;:&quot;r3a2&quot;,&quot;sN&quot;:3,&quot;aN&quot;:&quot;a2&quot;}\">\n<div id=\"coreui-divider-xjbne9z\" data-m=\"{&quot;cN&quot;:&quot;R2Divider 1&quot;,&quot;cT&quot;:&quot;Module_coreui-divider&quot;,&quot;id&quot;:&quot;m2r3a2&quot;,&quot;sN&quot;:2,&quot;aN&quot;:&quot;r3a2&quot;}\" data-module-id=\"WDG-Windows|primaryR3|coreui-region|coreui-divider-xjbne9z|coreui-divider\">\n<hr class=\"c-divider f-pad-top-3x\" data-grid=\"col-12\" \/>\n<\/div>\n<div id=\"coreui-contentrichblock-rhi1sei\" data-m=\"{&quot;cN&quot;:&quot;R2ContentRichBlock 1&quot;,&quot;cT&quot;:&quot;Module_coreui-contentrichblock&quot;,&quot;id&quot;:&quot;m3r3a2&quot;,&quot;sN&quot;:3,&quot;aN&quot;:&quot;r3a2&quot;}\" data-module-id=\"WDG-Windows|primaryR3|coreui-region|coreui-contentrichblock-rhi1sei|coreui-contentrichblock\">\n<div class=\"m-rich-content-block context-ucx\" data-grid=\"col-12\">\n<p>Algunas caracter\u00edsticas de Microsoft Windows 11 tienen requisitos m\u00e1s exigentes que los enumerados anteriormente en la secci\u00f3n de requisitos m\u00ednimos. A continuaci\u00f3n se ofrece m\u00e1s informaci\u00f3n sobre los requisitos de las caracter\u00edsticas clave:<\/p>\n<div>\n<ul class=\"c-list\">\n<li>La compatibilidad con 5G requiere un m\u00f3dem compatible con 5G.<\/li>\n<li>Auto HDR requiere un monitor HDR.<\/li>\n<li>BitLocker to Go requiere una unidad flash USB (disponible en Windows Pro y ediciones superiores).<\/li>\n<li>Client Hyper-V requiere un procesador con capacidades SLAT (traducci\u00f3n de direcciones de segundo nivel) (disponible en Windows Pro y ediciones superiores).<\/li>\n<li>Cortana requiere un micr\u00f3fono y un altavoz y actualmente est\u00e1 disponible en<\/li>\n<li>Windows 11 para Alemania, Australia, Brasil, Canad\u00e1, China, Espa\u00f1a, Estados Unidos, Francia, India, Italia, Jap\u00f3n, M\u00e9xico y Reino Unido.<\/li>\n<li>DirectStorage requiere una SSD NVMe para almacenar y ejecutar juegos mediante el controlador \u201cStandard NVM Express Controller\u201d y un<\/li>\n<li>GPU DirectX12 compatible con Shader Model 6.0.<\/li>\n<li>DirectX 12 Ultimate est\u00e1 disponible con los juegos y chips gr\u00e1ficos compatibles.<\/li>\n<li>La presencia requiere un sensor que pueda detectar la distancia humana al dispositivo o la intenci\u00f3n de interactuar con \u00e9l.<\/li>\n<li>La videoconferencia inteligente requiere una c\u00e1mara de v\u00eddeo, un micr\u00f3fono y un altavoz (salida de audio).<\/li>\n<li>El asistente de voz m\u00faltiple (MVA) requiere un micr\u00f3fono y un altavoz.<\/li>\n<li>Los dise\u00f1os Snap con tres columnas requieren una pantalla con una anchura efectiva de 1920 p\u00edxeles o m\u00e1s.<\/li>\n<li>Silenciar\/activar silencio desde la barra de tareas requiere c\u00e1mara de v\u00eddeo, micr\u00f3fono y altavoz (salida de audio). La aplicaci\u00f3n debe ser compatible con la funci\u00f3n para activar el silencio\/desconexi\u00f3n global.<\/li>\n<li>El Sonido Espacial requiere hardware y software de apoyo.<\/li>\n<li>Los equipos necesitan c\u00e1mara de v\u00eddeo, micr\u00f3fono y altavoz (salida de audio).<\/li>\n<li>La funci\u00f3n t\u00e1ctil requiere una pantalla o monitor que admita la funci\u00f3n multit\u00e1ctil.<\/li>\n<li>La autenticaci\u00f3n de dos factores requiere el uso de PIN, datos biom\u00e9tricos (lector de huellas dactilares o c\u00e1mara de infrarrojos iluminada) o un tel\u00e9fono con capacidades Wi-Fi o Bluetooth.<\/li>\n<li>La escritura por voz requiere un PC con micr\u00f3fono.<\/li>\n<li>Wake on Voice requiere un modelo de alimentaci\u00f3n Modern Standby y un micr\u00f3fono.<\/li>\n<li>Wi-Fi 6E requiere un nuevo hardware y controlador WLAN IHV y un AP\/router compatible con Wi-Fi 6E.<\/li>\n<li>Windows Hello requiere una c\u00e1mara configurada para im\u00e1genes de infrarrojo cercano (IR) o un lector de huellas dactilares para la autenticaci\u00f3n biom\u00e9trica. Los dispositivos sin sensores biom\u00e9tricos pueden utilizar Windows Hello con un PIN o una clave de seguridad port\u00e1til compatible con Microsoft.<\/li>\n<li>Windows Projection requiere un adaptador de pantalla compatible con Windows Display Driver Model (WDDM) 2.0 y un adaptador Wi-Fi compatible con Wi-Fi Direct.<\/li>\n<li>Xbox (app) requiere una cuenta Xbox Live, que no est\u00e1 disponible en todas las regiones.<\/li>\n<li>Consulta Pa\u00edses y regiones de Xbox Live para obtener la informaci\u00f3n m\u00e1s actualizada sobre disponibilidad. Algunas funciones de la aplicaci\u00f3n Xbox requieren una suscripci\u00f3n activa a Xbox Game Pass. M\u00e1s informaci\u00f3n sobre el pase.<\/li>\n<\/ul>\n<\/div>\n<h3><strong>Microsoft Project 2021 Profesional\u00a0<\/strong><strong>\u00a0<\/strong><\/h3>\n<p>La potente edici\u00f3n Microsoft Project Professional 2021 cuenta con amplias funciones y nuevas interfaces para MS SharePoint, Project Server y Skype. Aprovecha al m\u00e1ximo las numerosas ventajas del sistema operativo Microsoft Windows 10 u 11, pero no es compatible con versiones anteriores de Windows. MS Project Professional 2021 est\u00e1 dirigido principalmente a los gestores de proyectos de las empresas que planifican, gestionan, documentan y posteriormente analizan sus proyectos individuales.<\/p>\n<h3><strong>Microsoft Office 2021 Professional Plus<\/strong><\/h3>\n<p>Los usuarios de Microsoft Office que utilizan toda la gama de aplicaciones en casa o en la oficina est\u00e1n en el lugar adecuado con Microsoft Office 2021 Standard Edition. Incluye los principales programas: Word, Excel, Outlook, PowerPoint, Publisher y Access.  OneNote ya se puede descargar desde la Tienda Windows para tomar notas r\u00e1pidamente y tenerlas disponibles en todos los dispositivos a trav\u00e9s de la nube. Debido a su amplia gama de programas diferentes, la versi\u00f3n Standard est\u00e1 dirigida principalmente a personas que trabajan en casa, en la oficina dom\u00e9stica o que buscan una soluci\u00f3n ofim\u00e1tica potente y fiable para organizar documentos, tablas, etc.<\/p>\n<ul>\n<li><strong>Microsoft Word:<\/strong> Cree documentos de texto de calidad profesional en un abrir y cerrar de ojos.<\/li>\n<li><strong>Microsoft Excel:<\/strong> Hoja de c\u00e1lculo inteligente para la gesti\u00f3n de la informaci\u00f3n.<\/li>\n<li><strong>Microsoft PowerPoint:<\/strong> Creaci\u00f3n de presentaciones impresionantes y din\u00e1micas.<\/li>\n<li><strong>Microsoft OneNote:<\/strong> Tu cuaderno digital.<\/li>\n<li><strong>Microsoft Outlook:<\/strong> F\u00e1cil comunicaci\u00f3n.<\/li>\n<li><strong>Microsoft Publisher:<\/strong> Maquetaci\u00f3n de publicaciones profesionales<\/li>\n<\/ul>\n<p><strong>Nota:<\/strong> Tras un <a href=\"https:\/\/blogs.microsoft.com\/eupolicy\/2023\/08\/31\/european-competition-teams-office-microsoft-365\/\" target=\"_blank\" rel=\"noopener\">Investigaci\u00f3n de la Comisi\u00f3n Europea<\/a> Microsoft ya no incluye una licencia de Teams con los productos Office. Usted puede <a href=\"https:\/\/www.microsoft.com\/en-us\/microsoft-teams\/download-app\" target=\"_blank\" rel=\"noopener\">Descarga de equipos<\/a> y utilizarlo con una licencia gratuita o de pago (se venden por separado), en funci\u00f3n de sus necesidades.<\/p>\n<h3><strong>Microsoft Visio 2021 Standard\u00a0<\/strong><\/h3>\n<p>Microsoft Visio Standard 2021 es la \u00faltima generaci\u00f3n del popular software de Microsoft para crear y editar diagramas y visualizaciones. Visio Standard es especialmente adecuado para empresas, ya que varios usuarios de un equipo o departamento pueden trabajar en los diagramas simult\u00e1neamente. Dispone de numerosas interfaces para compartir las visualizaciones finalizadas tanto interna como externamente con las personas seleccionadas. Microsoft ha trabajado intensamente en las plantillas y formas que se utilizan continuamente en Visio. Tambi\u00e9n se han mejorado los estilos de los diagramas para hacerlos visualmente m\u00e1s impresionantes, al tiempo que se facilita su lectura. Con Microsoft Visio Standard 2021, tambi\u00e9n obtendr\u00e1 la posibilidad de introducir datos en una visualizaci\u00f3n existente en tiempo real.<\/p>\n<\/div>\n<\/div>\n<\/div>\n<div id=\"simple-translate\" class=\"simple-translate-system-theme\">\n<div>\n<div class=\"simple-translate-button isShow\" style=\"height: 22px; width: 22px; top: 2362px; left: 249px;\"><\/div>\n<\/div>\n<\/div>","protected":false},"excerpt":{"rendered":"<ul>\n<li>Licencia: esta licencia permite activar el software en 3 dispositivos diferentes, por ejemplo, PC dom\u00e9stico, port\u00e1til y PC de trabajo.<\/li>\n<li>Entrega: El enlace de descarga, la clave del producto, las instrucciones y la factura se env\u00edan directamente por correo electr\u00f3nico.<\/li>\n<li>Versi\u00f3n: Versi\u00f3n completa e ilimitada de un Microsoft Gold Partner certificado: \u00a1garant\u00eda de devoluci\u00f3n del dinero de por vida!<\/li>\n<li>Idiomas: ingl\u00e9s, espa\u00f1ol, italiano, alem\u00e1n y franc\u00e9s.<\/li>\n<li>Asistencia: 24 horas al d\u00eda, 7 d\u00edas a la semana, en neerland\u00e9s, franc\u00e9s y alem\u00e1n.<\/li>\n<li><strong><span style=\"color: #008000;\"> Este producto es compatible con Microsoft Windows.<\/span><\/strong><\/li>\n<li><strong><span style=\"color: #ff0000;\">NO compatible con Apple macOS\u2122, dispositivos Android y Chromebooks.<\/span><\/strong><\/li>\n<\/ul>","protected":false},"featured_media":114613,"comment_status":"closed","ping_status":"closed","template":"","meta":[],"product_cat":[81,83,89],"product_tag":[120,119],"class_list":{"0":"post-1939","1":"product","2":"type-product","3":"status-publish","4":"has-post-thumbnail","6":"product_cat-combo","7":"product_cat-office-2021","8":"product_cat-windows-11","9":"product_tag-microsoft-windows-11-pro-project-2021-pro-office-2021-pro-visio-2021-standard","10":"product_tag-microsoft-windows-11-pro-project-2021-pro-office-2021-pro-visio-2021-standard-license-for-3-pcs","12":"first","13":"instock","14":"sale","15":"virtual","16":"taxable","17":"purchasable","18":"product-type-simple"},"yoast_head":"<!-- This site is optimized with the Yoast SEO plugin v27.3 - https:\/\/yoast.com\/product\/yoast-seo-wordpress\/ -->\n<title>Microsoft Windows 11 Pro + Microsoft Project 2021 Pro + Microsoft Office 2021 Pro p+ Visio 2021 Standard license for 3 PCs<\/title>\n<meta name=\"description\" content=\"With this license the software can be activated on 3 different devices, e.g. home PC, notebook and work PC. Lifetime Replacement Warranty!!!\" \/>\n<meta name=\"robots\" content=\"index, follow, max-snippet:-1, max-image-preview:large, max-video-preview:-1\" \/>\n<link rel=\"canonical\" href=\"https:\/\/livekaarten.nl\/es\/producto\/windows-11-professional-project-2021-professional-office-2021-professional-visio-2021-standard\/\" \/>\n<meta property=\"og:locale\" content=\"es_ES\" \/>\n<meta property=\"og:type\" content=\"article\" \/>\n<meta property=\"og:title\" content=\"Microsoft Windows 11 Pro + Microsoft Project 2021 Pro + Microsoft Office 2021 Pro p+ Visio 2021 Standard license for 3 PCs\" \/>\n<meta property=\"og:description\" content=\"With this license the software can be activated on 3 different devices, e.g. home PC, notebook and work PC. Lifetime Replacement Warranty!!!\" \/>\n<meta property=\"og:url\" content=\"https:\/\/livekaarten.nl\/es\/producto\/windows-11-professional-project-2021-professional-office-2021-professional-visio-2021-standard\/\" \/>\n<meta property=\"og:site_name\" content=\"livekaarten.nl\" \/>\n<meta property=\"article:modified_time\" content=\"2026-04-03T10:01:35+00:00\" \/>\n<meta property=\"og:image\" content=\"https:\/\/livekaarten.nl\/wp-content\/uploads\/2025\/04\/W11PO21PPP21PV21S.jpg\" \/>\n\t<meta property=\"og:image:width\" content=\"1000\" \/>\n\t<meta property=\"og:image:height\" content=\"1500\" \/>\n\t<meta property=\"og:image:type\" content=\"image\/jpeg\" \/>\n<meta name=\"twitter:card\" content=\"summary_large_image\" \/>\n<meta name=\"twitter:label1\" content=\"Tiempo de lectura\" \/>\n\t<meta name=\"twitter:data1\" content=\"6 minutos\" \/>\n<script type=\"application\/ld+json\" class=\"yoast-schema-graph\">{\"@context\":\"https:\\\/\\\/schema.org\",\"@graph\":[{\"@type\":\"WebPage\",\"@id\":\"https:\\\/\\\/livekaarten.nl\\\/product\\\/windows-11-professional-project-2021-professional-office-2021-professional-visio-2021-standard\\\/\",\"url\":\"https:\\\/\\\/livekaarten.nl\\\/product\\\/windows-11-professional-project-2021-professional-office-2021-professional-visio-2021-standard\\\/\",\"name\":\"Microsoft Windows 11 Pro + Microsoft Project 2021 Pro + Microsoft Office 2021 Pro p+ Visio 2021 Standard license for 3 PCs\",\"isPartOf\":{\"@id\":\"https:\\\/\\\/livekaarten.nl\\\/#website\"},\"primaryImageOfPage\":{\"@id\":\"https:\\\/\\\/livekaarten.nl\\\/product\\\/windows-11-professional-project-2021-professional-office-2021-professional-visio-2021-standard\\\/#primaryimage\"},\"image\":{\"@id\":\"https:\\\/\\\/livekaarten.nl\\\/product\\\/windows-11-professional-project-2021-professional-office-2021-professional-visio-2021-standard\\\/#primaryimage\"},\"thumbnailUrl\":\"https:\\\/\\\/livekaarten.nl\\\/wp-content\\\/uploads\\\/2025\\\/04\\\/W11PO21PPP21PV21S.jpg\",\"datePublished\":\"2022-10-20T21:47:48+00:00\",\"dateModified\":\"2026-04-03T10:01:35+00:00\",\"description\":\"With this license the software can be activated on 3 different devices, e.g. home PC, notebook and work PC. Lifetime Replacement Warranty!!!\",\"breadcrumb\":{\"@id\":\"https:\\\/\\\/livekaarten.nl\\\/product\\\/windows-11-professional-project-2021-professional-office-2021-professional-visio-2021-standard\\\/#breadcrumb\"},\"inLanguage\":\"es\",\"potentialAction\":[{\"@type\":\"ReadAction\",\"target\":[\"https:\\\/\\\/livekaarten.nl\\\/product\\\/windows-11-professional-project-2021-professional-office-2021-professional-visio-2021-standard\\\/\"]}]},{\"@type\":\"ImageObject\",\"inLanguage\":\"es\",\"@id\":\"https:\\\/\\\/livekaarten.nl\\\/product\\\/windows-11-professional-project-2021-professional-office-2021-professional-visio-2021-standard\\\/#primaryimage\",\"url\":\"https:\\\/\\\/livekaarten.nl\\\/wp-content\\\/uploads\\\/2025\\\/04\\\/W11PO21PPP21PV21S.jpg\",\"contentUrl\":\"https:\\\/\\\/livekaarten.nl\\\/wp-content\\\/uploads\\\/2025\\\/04\\\/W11PO21PPP21PV21S.jpg\",\"width\":1000,\"height\":1500},{\"@type\":\"BreadcrumbList\",\"@id\":\"https:\\\/\\\/livekaarten.nl\\\/product\\\/windows-11-professional-project-2021-professional-office-2021-professional-visio-2021-standard\\\/#breadcrumb\",\"itemListElement\":[{\"@type\":\"ListItem\",\"position\":1,\"name\":\"Home\",\"item\":\"https:\\\/\\\/livekaarten.nl\\\/\"},{\"@type\":\"ListItem\",\"position\":2,\"name\":\"Winkel\",\"item\":\"https:\\\/\\\/livekaarten.nl\\\/shop\\\/\"},{\"@type\":\"ListItem\",\"position\":3,\"name\":\"Microsoft Windows 11 Pro + Microsoft Project 2021 Pro + Microsoft Office 2021 Pro Plus + Microsoft Visio 2021 Standard Licentie voor 3 apparaten\"}]},{\"@type\":\"WebSite\",\"@id\":\"https:\\\/\\\/livekaarten.nl\\\/#website\",\"url\":\"https:\\\/\\\/livekaarten.nl\\\/\",\"name\":\"Livekaarten.nl\",\"description\":\"Koop uw kantoor\",\"potentialAction\":[{\"@type\":\"SearchAction\",\"target\":{\"@type\":\"EntryPoint\",\"urlTemplate\":\"https:\\\/\\\/livekaarten.nl\\\/?s={search_term_string}\"},\"query-input\":{\"@type\":\"PropertyValueSpecification\",\"valueRequired\":true,\"valueName\":\"search_term_string\"}}],\"inLanguage\":\"es\"}]}<\/script>\n<!-- \/ Yoast SEO plugin. -->","yoast_head_json":{"title":"Microsoft Windows 11 Pro + Microsoft Project 2021 Pro + Microsoft Office 2021 Pro p+ Visio 2021 Standard license for 3 PCs","description":"With this license the software can be activated on 3 different devices, e.g. home PC, notebook and work PC. Lifetime Replacement Warranty!!!","robots":{"index":"index","follow":"follow","max-snippet":"max-snippet:-1","max-image-preview":"max-image-preview:large","max-video-preview":"max-video-preview:-1"},"canonical":"https:\/\/livekaarten.nl\/es\/producto\/windows-11-professional-project-2021-professional-office-2021-professional-visio-2021-standard\/","og_locale":"es_ES","og_type":"article","og_title":"Microsoft Windows 11 Pro + Microsoft Project 2021 Pro + Microsoft Office 2021 Pro p+ Visio 2021 Standard license for 3 PCs","og_description":"With this license the software can be activated on 3 different devices, e.g. home PC, notebook and work PC. Lifetime Replacement Warranty!!!","og_url":"https:\/\/livekaarten.nl\/es\/producto\/windows-11-professional-project-2021-professional-office-2021-professional-visio-2021-standard\/","og_site_name":"livekaarten.nl","article_modified_time":"2026-04-03T10:01:35+00:00","og_image":[{"width":1000,"height":1500,"url":"https:\/\/livekaarten.nl\/wp-content\/uploads\/2025\/04\/W11PO21PPP21PV21S.jpg","type":"image\/jpeg"}],"twitter_card":"summary_large_image","twitter_misc":{"Tiempo de lectura":"6 minutos"},"schema":{"@context":"https:\/\/schema.org","@graph":[{"@type":"WebPage","@id":"https:\/\/livekaarten.nl\/product\/windows-11-professional-project-2021-professional-office-2021-professional-visio-2021-standard\/","url":"https:\/\/livekaarten.nl\/product\/windows-11-professional-project-2021-professional-office-2021-professional-visio-2021-standard\/","name":"Microsoft Windows 11 Pro + Microsoft Project 2021 Pro + Microsoft Office 2021 Pro p+ Visio 2021 Standard license for 3 PCs","isPartOf":{"@id":"https:\/\/livekaarten.nl\/#website"},"primaryImageOfPage":{"@id":"https:\/\/livekaarten.nl\/product\/windows-11-professional-project-2021-professional-office-2021-professional-visio-2021-standard\/#primaryimage"},"image":{"@id":"https:\/\/livekaarten.nl\/product\/windows-11-professional-project-2021-professional-office-2021-professional-visio-2021-standard\/#primaryimage"},"thumbnailUrl":"https:\/\/livekaarten.nl\/wp-content\/uploads\/2025\/04\/W11PO21PPP21PV21S.jpg","datePublished":"2022-10-20T21:47:48+00:00","dateModified":"2026-04-03T10:01:35+00:00","description":"With this license the software can be activated on 3 different devices, e.g. home PC, notebook and work PC. Lifetime Replacement Warranty!!!","breadcrumb":{"@id":"https:\/\/livekaarten.nl\/product\/windows-11-professional-project-2021-professional-office-2021-professional-visio-2021-standard\/#breadcrumb"},"inLanguage":"es","potentialAction":[{"@type":"ReadAction","target":["https:\/\/livekaarten.nl\/product\/windows-11-professional-project-2021-professional-office-2021-professional-visio-2021-standard\/"]}]},{"@type":"ImageObject","inLanguage":"es","@id":"https:\/\/livekaarten.nl\/product\/windows-11-professional-project-2021-professional-office-2021-professional-visio-2021-standard\/#primaryimage","url":"https:\/\/livekaarten.nl\/wp-content\/uploads\/2025\/04\/W11PO21PPP21PV21S.jpg","contentUrl":"https:\/\/livekaarten.nl\/wp-content\/uploads\/2025\/04\/W11PO21PPP21PV21S.jpg","width":1000,"height":1500},{"@type":"BreadcrumbList","@id":"https:\/\/livekaarten.nl\/product\/windows-11-professional-project-2021-professional-office-2021-professional-visio-2021-standard\/#breadcrumb","itemListElement":[{"@type":"ListItem","position":1,"name":"Home","item":"https:\/\/livekaarten.nl\/"},{"@type":"ListItem","position":2,"name":"Winkel","item":"https:\/\/livekaarten.nl\/shop\/"},{"@type":"ListItem","position":3,"name":"Microsoft Windows 11 Pro + Microsoft Project 2021 Pro + Microsoft Office 2021 Pro Plus + Microsoft Visio 2021 Standard Licentie voor 3 apparaten"}]},{"@type":"WebSite","@id":"https:\/\/livekaarten.nl\/#website","url":"https:\/\/livekaarten.nl\/","name":"Livecards.es","description":"Compre su oficina","potentialAction":[{"@type":"SearchAction","target":{"@type":"EntryPoint","urlTemplate":"https:\/\/livekaarten.nl\/?s={search_term_string}"},"query-input":{"@type":"PropertyValueSpecification","valueRequired":true,"valueName":"search_term_string"}}],"inLanguage":"es"}]}},"_links":{"self":[{"href":"https:\/\/livekaarten.nl\/es\/wp-json\/wp\/v2\/product\/1939","targetHints":{"allow":["GET"]}}],"collection":[{"href":"https:\/\/livekaarten.nl\/es\/wp-json\/wp\/v2\/product"}],"about":[{"href":"https:\/\/livekaarten.nl\/es\/wp-json\/wp\/v2\/types\/product"}],"replies":[{"embeddable":true,"href":"https:\/\/livekaarten.nl\/es\/wp-json\/wp\/v2\/comments?post=1939"}],"wp:featuredmedia":[{"embeddable":true,"href":"https:\/\/livekaarten.nl\/es\/wp-json\/wp\/v2\/media\/114613"}],"wp:attachment":[{"href":"https:\/\/livekaarten.nl\/es\/wp-json\/wp\/v2\/media?parent=1939"}],"wp:term":[{"taxonomy":"product_cat","embeddable":true,"href":"https:\/\/livekaarten.nl\/es\/wp-json\/wp\/v2\/product_cat?post=1939"},{"taxonomy":"product_tag","embeddable":true,"href":"https:\/\/livekaarten.nl\/es\/wp-json\/wp\/v2\/product_tag?post=1939"}],"curies":[{"name":"wp","href":"https:\/\/api.w.org\/{rel}","templated":true}]}}