{"id":1905,"date":"2022-10-20T21:47:08","date_gmt":"2022-10-20T21:47:08","guid":{"rendered":"https:\/\/gamecardshop.com\/livecards\/?post_type=product&#038;p=1905"},"modified":"2026-04-03T12:01:28","modified_gmt":"2026-04-03T10:01:28","slug":"microsoft-windows-10-home-microsoft-office-2021-professional-plus","status":"publish","type":"product","link":"https:\/\/livekaarten.nl\/es\/producto\/microsoft-windows-10-home-microsoft-office-2021-professional-plus\/","title":{"rendered":"Microsoft Windows 10 Home + Microsoft Office 2021 Professional Plus"},"content":{"rendered":"<p><span style=\"font-size: 32px;\"><strong>Microsoft Windows 10 Home<\/strong><\/span><\/p>\n<p>Microsoft Windows 10 Home est\u00e1 dirigido a los usuarios dom\u00e9sticos y se centra en los juegos y el uso multimedia. Esta edici\u00f3n funciona en ordenadores de sobremesa, port\u00e1tiles y tabletas. Obtendr\u00e1 todas las funciones que necesita, como el nuevo centro de notificaciones, un men\u00fa de inicio renovado, actualizaciones autom\u00e1ticas y todas las caracter\u00edsticas que conoce de las versiones anteriores de Windows.<\/p>\n<p><strong>Requisitos m\u00ednimos del sistema<\/strong><\/p>\n<ul>\n<li>CPU de 1 GHz o superior<\/li>\n<li>1 GB de RAM para 32 bits o 2 GB de RAM para 64 bits.<\/li>\n<li>16 GB de espacio disponible en el disco duro para un sistema operativo de 32 bits o 20 GB para un sistema operativo de 64 bits.<\/li>\n<li>4 GB de espacio disponible en el disco duro<\/li>\n<\/ul>\n<div id=\"primaryR2\" data-grid=\"container\" data-region-key=\"primaryr2\" data-m=\"{&quot;cN&quot;:&quot;primaryR2 1&quot;,&quot;cT&quot;:&quot;Region_coreui-region&quot;,&quot;id&quot;:&quot;r2a2&quot;,&quot;sN&quot;:2,&quot;aN&quot;:&quot;a2&quot;}\">\n<div id=\"coreui-banner-l03vzh8\" data-m=\"{&quot;cN&quot;:&quot;R2Banner 1&quot;,&quot;cT&quot;:&quot;Module_coreui-banner&quot;,&quot;id&quot;:&quot;m1r2a2&quot;,&quot;sN&quot;:1,&quot;aN&quot;:&quot;r2a2&quot;}\" data-module-id=\"WDG-Windows|primaryR2|coreui-region|coreui-banner-l03vzh8|coreui-banner\">\n<div class=\"m-banner f-align-left\" data-grid=\"col-12\"><span style=\"font-size: 32px;\"><strong>Microsoft Office 2021 Professional Plus<\/strong><\/span><\/div>\n<\/div>\n<\/div>\n<div id=\"primaryR3\" data-grid=\"container\" data-region-key=\"primaryr3\" data-m=\"{&quot;cN&quot;:&quot;primaryR3 1&quot;,&quot;cT&quot;:&quot;Region_coreui-region&quot;,&quot;id&quot;:&quot;r3a2&quot;,&quot;sN&quot;:3,&quot;aN&quot;:&quot;a2&quot;}\">\n<div id=\"coreui-contentrichblock-rhi1sei\" data-m=\"{&quot;cN&quot;:&quot;R2ContentRichBlock 1&quot;,&quot;cT&quot;:&quot;Module_coreui-contentrichblock&quot;,&quot;id&quot;:&quot;m3r3a2&quot;,&quot;sN&quot;:3,&quot;aN&quot;:&quot;r3a2&quot;}\" data-module-id=\"WDG-Windows|primaryR3|coreui-region|coreui-contentrichblock-rhi1sei|coreui-contentrichblock\">\n<div class=\"m-rich-content-block context-ucx\" data-grid=\"col-12\">\n<div class=\"dePhmb\">\n<div class=\"eyKpYb\" data-language=\"en\" data-original-language=\"de\" data-result-index=\"0\">\n<div class=\"J0lOec\">\n<p>Los usuarios de Microsoft Office que utilizan toda la gama de aplicaciones en casa o en la oficina est\u00e1n en el lugar adecuado con el Microsoft Office 2021 Standard Edition. Se incluyen todos los programas principales: Microsoft Word, Microsoft Excel, Microsoft Outlook, Microsoft PowerPoint, Microsoft Publisher y Microsoft Access.  OneNote ya est\u00e1 disponible para su descarga en la Tienda Windows para que pueda tomar notas r\u00e1pidamente y tenerlas disponibles en todos los dispositivos a trav\u00e9s de la nube. Debido a su amplia gama de programas diferentes, la versi\u00f3n Standard se dirige principalmente a las personas que trabajan en casa, en la oficina dom\u00e9stica, o que buscan una soluci\u00f3n potente y fiable en la oficina para organizar documentos, tablas, etc.<\/p>\n<ul>\n<li><strong>Microsoft Word:<\/strong> Cree documentos de texto de calidad profesional en un abrir y cerrar de ojos.<\/li>\n<li><strong>Microsoft Excel:<\/strong> Hoja de c\u00e1lculo inteligente para la gesti\u00f3n de la informaci\u00f3n.<\/li>\n<li><strong>Microsoft PowerPoint:<\/strong> Creaci\u00f3n de presentaciones impresionantes y din\u00e1micas.<\/li>\n<li><strong>Microsoft OneNote:<\/strong> Tu cuaderno digital.<\/li>\n<li><strong>Microsoft Outlook:<\/strong> F\u00e1cil comunicaci\u00f3n.<\/li>\n<li><strong>Microsoft Publisher:<\/strong> Maquetaci\u00f3n de publicaciones profesionales<\/li>\n<\/ul>\n<p><strong>Nota:<\/strong> Tras un <a href=\"https:\/\/blogs.microsoft.com\/eupolicy\/2023\/08\/31\/european-competition-teams-office-microsoft-365\/\" target=\"_blank\" rel=\"noopener\">Investigaci\u00f3n de la Comisi\u00f3n Europea<\/a> Microsoft Teams ya no se incluir\u00e1 en los productos Office. Puede <a href=\"https:\/\/www.microsoft.com\/en-us\/microsoft-teams\/download-app\" target=\"_blank\" rel=\"noopener\">Descarga de equipos<\/a> y utilizarlo con una licencia gratuita o de pago (se venden por separado), en funci\u00f3n de sus necesidades.<\/p>\n<\/div>\n<\/div>\n<\/div>\n<\/div>\n<\/div>\n<\/div>\n<p>&nbsp;<\/p>\n<div id=\"simple-translate\" class=\"simple-translate-system-theme\">\n<div class=\"simple-translate-panel\" style=\"width: 300px; height: 200px; top: 0px; left: 0px; font-size: 13px;\">\n<div class=\"simple-translate-result-wrapper\" style=\"overflow: hidden;\">\n<div class=\"simple-translate-move\"><\/div>\n<div class=\"simple-translate-result-contents\">\n<p class=\"simple-translate-candidate\" dir=\"auto\">\n<\/div>\n<\/div>\n<\/div>\n<\/div>","protected":false},"excerpt":{"rendered":"<ul>\n<li>Licencia: Para activaci\u00f3n en 1 PC (en l\u00ednea o por tel\u00e9fono)<\/li>\n<li>Entrega: El enlace de descarga, la clave del producto, las instrucciones y la factura se entregan directamente por correo electr\u00f3nico. No disponible en soporte f\u00edsico (como USB, CD, etc.).<\/li>\n<li>Versi\u00f3n: Versiones completas e ilimitadas del software para sistemas de 32 y 64 bits.<\/li>\n<li>Idiomas: ingl\u00e9s, espa\u00f1ol, italiano, alem\u00e1n y franc\u00e9s.<\/li>\n<li>Asistencia: 24\/7 en ingl\u00e9s, espa\u00f1ol y alem\u00e1n<\/li>\n<li><strong><span style=\"color: #008000;\"> Este producto es compatible con Microsoft Windows.<\/span><\/strong><\/li>\n<li><strong><span style=\"color: #ff0000;\">NO compatible con Apple macOS\u2122, dispositivos Android y Chromebooks.<\/span><\/strong><\/li>\n<\/ul>","protected":false},"featured_media":114603,"comment_status":"closed","ping_status":"closed","template":"","meta":[],"product_cat":[81,82,83,87],"product_tag":[],"class_list":{"0":"post-1905","1":"product","2":"type-product","3":"status-publish","4":"has-post-thumbnail","6":"product_cat-combo","7":"product_cat-microsoft-windows","8":"product_cat-office-2021","9":"product_cat-window-10","11":"first","12":"instock","13":"sale","14":"virtual","15":"taxable","16":"purchasable","17":"product-type-simple"},"yoast_head":"<!-- This site is optimized with the Yoast SEO plugin v27.3 - https:\/\/yoast.com\/product\/yoast-seo-wordpress\/ -->\n<title>Microsoft Windows 10 Home + Microsoft Office 2021 Professional Plus | livekaarten.nl<\/title>\n<meta name=\"robots\" content=\"index, follow, max-snippet:-1, max-image-preview:large, max-video-preview:-1\" \/>\n<link rel=\"canonical\" href=\"https:\/\/livekaarten.nl\/es\/producto\/microsoft-windows-10-home-microsoft-office-2021-professional-plus\/\" \/>\n<meta property=\"og:locale\" content=\"es_ES\" \/>\n<meta property=\"og:type\" content=\"article\" \/>\n<meta property=\"og:title\" content=\"Microsoft Windows 10 Home + Microsoft Office 2021 Professional Plus | livekaarten.nl\" \/>\n<meta property=\"og:description\" content=\"Licentie: Voor activering op 1 PC (online of telefonisch)  Levering: Downloadlink, productsleutel, instructies en factuur worden direct per e-mail geleverd. Niet beschikbaar op fysieke media (zoals USB, cd, enzovoort).  Versie: Volledige, onbeperkte versies van de software voor 32- en 64-bits systemen.  Talen: Engels, Spaans, Italiaans, Duits, Frans  Ondersteuning: 24\/7 in Engels, Spaans, Duits   Dit product is compatibel met Microsoft Windows.  NIET compatibel met Apple macOS\u2122, Android-apparaten en Chromebooks.\" \/>\n<meta property=\"og:url\" content=\"https:\/\/livekaarten.nl\/es\/producto\/microsoft-windows-10-home-microsoft-office-2021-professional-plus\/\" \/>\n<meta property=\"og:site_name\" content=\"livekaarten.nl\" \/>\n<meta property=\"article:modified_time\" content=\"2026-04-03T10:01:28+00:00\" \/>\n<meta property=\"og:image\" content=\"https:\/\/livekaarten.nl\/wp-content\/uploads\/2025\/04\/W10HO21PP.jpg\" \/>\n\t<meta property=\"og:image:width\" content=\"1000\" \/>\n\t<meta property=\"og:image:height\" content=\"1500\" \/>\n\t<meta property=\"og:image:type\" content=\"image\/jpeg\" \/>\n<meta name=\"twitter:card\" content=\"summary_large_image\" \/>\n<meta name=\"twitter:label1\" content=\"Tiempo de lectura\" \/>\n\t<meta name=\"twitter:data1\" content=\"2 minutos\" \/>\n<script type=\"application\/ld+json\" class=\"yoast-schema-graph\">{\"@context\":\"https:\\\/\\\/schema.org\",\"@graph\":[{\"@type\":\"WebPage\",\"@id\":\"https:\\\/\\\/livekaarten.nl\\\/product\\\/microsoft-windows-10-home-microsoft-office-2021-professional-plus\\\/\",\"url\":\"https:\\\/\\\/livekaarten.nl\\\/product\\\/microsoft-windows-10-home-microsoft-office-2021-professional-plus\\\/\",\"name\":\"Microsoft Windows 10 Home + Microsoft Office 2021 Professional Plus | livekaarten.nl\",\"isPartOf\":{\"@id\":\"https:\\\/\\\/livekaarten.nl\\\/#website\"},\"primaryImageOfPage\":{\"@id\":\"https:\\\/\\\/livekaarten.nl\\\/product\\\/microsoft-windows-10-home-microsoft-office-2021-professional-plus\\\/#primaryimage\"},\"image\":{\"@id\":\"https:\\\/\\\/livekaarten.nl\\\/product\\\/microsoft-windows-10-home-microsoft-office-2021-professional-plus\\\/#primaryimage\"},\"thumbnailUrl\":\"https:\\\/\\\/livekaarten.nl\\\/wp-content\\\/uploads\\\/2025\\\/04\\\/W10HO21PP.jpg\",\"datePublished\":\"2022-10-20T21:47:08+00:00\",\"dateModified\":\"2026-04-03T10:01:28+00:00\",\"breadcrumb\":{\"@id\":\"https:\\\/\\\/livekaarten.nl\\\/product\\\/microsoft-windows-10-home-microsoft-office-2021-professional-plus\\\/#breadcrumb\"},\"inLanguage\":\"es\",\"potentialAction\":[{\"@type\":\"ReadAction\",\"target\":[\"https:\\\/\\\/livekaarten.nl\\\/product\\\/microsoft-windows-10-home-microsoft-office-2021-professional-plus\\\/\"]}]},{\"@type\":\"ImageObject\",\"inLanguage\":\"es\",\"@id\":\"https:\\\/\\\/livekaarten.nl\\\/product\\\/microsoft-windows-10-home-microsoft-office-2021-professional-plus\\\/#primaryimage\",\"url\":\"https:\\\/\\\/livekaarten.nl\\\/wp-content\\\/uploads\\\/2025\\\/04\\\/W10HO21PP.jpg\",\"contentUrl\":\"https:\\\/\\\/livekaarten.nl\\\/wp-content\\\/uploads\\\/2025\\\/04\\\/W10HO21PP.jpg\",\"width\":1000,\"height\":1500},{\"@type\":\"BreadcrumbList\",\"@id\":\"https:\\\/\\\/livekaarten.nl\\\/product\\\/microsoft-windows-10-home-microsoft-office-2021-professional-plus\\\/#breadcrumb\",\"itemListElement\":[{\"@type\":\"ListItem\",\"position\":1,\"name\":\"Home\",\"item\":\"https:\\\/\\\/livekaarten.nl\\\/\"},{\"@type\":\"ListItem\",\"position\":2,\"name\":\"Winkel\",\"item\":\"https:\\\/\\\/livekaarten.nl\\\/shop\\\/\"},{\"@type\":\"ListItem\",\"position\":3,\"name\":\"Microsoft Windows 10 Home + Microsoft Office 2021 Professional Plus\"}]},{\"@type\":\"WebSite\",\"@id\":\"https:\\\/\\\/livekaarten.nl\\\/#website\",\"url\":\"https:\\\/\\\/livekaarten.nl\\\/\",\"name\":\"Livekaarten.nl\",\"description\":\"Koop uw kantoor\",\"potentialAction\":[{\"@type\":\"SearchAction\",\"target\":{\"@type\":\"EntryPoint\",\"urlTemplate\":\"https:\\\/\\\/livekaarten.nl\\\/?s={search_term_string}\"},\"query-input\":{\"@type\":\"PropertyValueSpecification\",\"valueRequired\":true,\"valueName\":\"search_term_string\"}}],\"inLanguage\":\"es\"}]}<\/script>\n<!-- \/ Yoast SEO plugin. -->","yoast_head_json":{"title":"Microsoft Windows 10 Home + Microsoft Office 2021 Professional Plus | livekaarten.nl","robots":{"index":"index","follow":"follow","max-snippet":"max-snippet:-1","max-image-preview":"max-image-preview:large","max-video-preview":"max-video-preview:-1"},"canonical":"https:\/\/livekaarten.nl\/es\/producto\/microsoft-windows-10-home-microsoft-office-2021-professional-plus\/","og_locale":"es_ES","og_type":"article","og_title":"Microsoft Windows 10 Home + Microsoft Office 2021 Professional Plus | livekaarten.nl","og_description":"Licentie: Voor activering op 1 PC (online of telefonisch)  Levering: Downloadlink, productsleutel, instructies en factuur worden direct per e-mail geleverd. Niet beschikbaar op fysieke media (zoals USB, cd, enzovoort).  Versie: Volledige, onbeperkte versies van de software voor 32- en 64-bits systemen.  Talen: Engels, Spaans, Italiaans, Duits, Frans  Ondersteuning: 24\/7 in Engels, Spaans, Duits   Dit product is compatibel met Microsoft Windows.  NIET compatibel met Apple macOS\u2122, Android-apparaten en Chromebooks.","og_url":"https:\/\/livekaarten.nl\/es\/producto\/microsoft-windows-10-home-microsoft-office-2021-professional-plus\/","og_site_name":"livekaarten.nl","article_modified_time":"2026-04-03T10:01:28+00:00","og_image":[{"width":1000,"height":1500,"url":"https:\/\/livekaarten.nl\/wp-content\/uploads\/2025\/04\/W10HO21PP.jpg","type":"image\/jpeg"}],"twitter_card":"summary_large_image","twitter_misc":{"Tiempo de lectura":"2 minutos"},"schema":{"@context":"https:\/\/schema.org","@graph":[{"@type":"WebPage","@id":"https:\/\/livekaarten.nl\/product\/microsoft-windows-10-home-microsoft-office-2021-professional-plus\/","url":"https:\/\/livekaarten.nl\/product\/microsoft-windows-10-home-microsoft-office-2021-professional-plus\/","name":"Microsoft Windows 10 Home + Microsoft Office 2021 Professional Plus | livekaarten.nl","isPartOf":{"@id":"https:\/\/livekaarten.nl\/#website"},"primaryImageOfPage":{"@id":"https:\/\/livekaarten.nl\/product\/microsoft-windows-10-home-microsoft-office-2021-professional-plus\/#primaryimage"},"image":{"@id":"https:\/\/livekaarten.nl\/product\/microsoft-windows-10-home-microsoft-office-2021-professional-plus\/#primaryimage"},"thumbnailUrl":"https:\/\/livekaarten.nl\/wp-content\/uploads\/2025\/04\/W10HO21PP.jpg","datePublished":"2022-10-20T21:47:08+00:00","dateModified":"2026-04-03T10:01:28+00:00","breadcrumb":{"@id":"https:\/\/livekaarten.nl\/product\/microsoft-windows-10-home-microsoft-office-2021-professional-plus\/#breadcrumb"},"inLanguage":"es","potentialAction":[{"@type":"ReadAction","target":["https:\/\/livekaarten.nl\/product\/microsoft-windows-10-home-microsoft-office-2021-professional-plus\/"]}]},{"@type":"ImageObject","inLanguage":"es","@id":"https:\/\/livekaarten.nl\/product\/microsoft-windows-10-home-microsoft-office-2021-professional-plus\/#primaryimage","url":"https:\/\/livekaarten.nl\/wp-content\/uploads\/2025\/04\/W10HO21PP.jpg","contentUrl":"https:\/\/livekaarten.nl\/wp-content\/uploads\/2025\/04\/W10HO21PP.jpg","width":1000,"height":1500},{"@type":"BreadcrumbList","@id":"https:\/\/livekaarten.nl\/product\/microsoft-windows-10-home-microsoft-office-2021-professional-plus\/#breadcrumb","itemListElement":[{"@type":"ListItem","position":1,"name":"Home","item":"https:\/\/livekaarten.nl\/"},{"@type":"ListItem","position":2,"name":"Winkel","item":"https:\/\/livekaarten.nl\/shop\/"},{"@type":"ListItem","position":3,"name":"Microsoft Windows 10 Home + Microsoft Office 2021 Professional Plus"}]},{"@type":"WebSite","@id":"https:\/\/livekaarten.nl\/#website","url":"https:\/\/livekaarten.nl\/","name":"Livecards.es","description":"Compre su oficina","potentialAction":[{"@type":"SearchAction","target":{"@type":"EntryPoint","urlTemplate":"https:\/\/livekaarten.nl\/?s={search_term_string}"},"query-input":{"@type":"PropertyValueSpecification","valueRequired":true,"valueName":"search_term_string"}}],"inLanguage":"es"}]}},"_links":{"self":[{"href":"https:\/\/livekaarten.nl\/es\/wp-json\/wp\/v2\/product\/1905","targetHints":{"allow":["GET"]}}],"collection":[{"href":"https:\/\/livekaarten.nl\/es\/wp-json\/wp\/v2\/product"}],"about":[{"href":"https:\/\/livekaarten.nl\/es\/wp-json\/wp\/v2\/types\/product"}],"replies":[{"embeddable":true,"href":"https:\/\/livekaarten.nl\/es\/wp-json\/wp\/v2\/comments?post=1905"}],"wp:featuredmedia":[{"embeddable":true,"href":"https:\/\/livekaarten.nl\/es\/wp-json\/wp\/v2\/media\/114603"}],"wp:attachment":[{"href":"https:\/\/livekaarten.nl\/es\/wp-json\/wp\/v2\/media?parent=1905"}],"wp:term":[{"taxonomy":"product_cat","embeddable":true,"href":"https:\/\/livekaarten.nl\/es\/wp-json\/wp\/v2\/product_cat?post=1905"},{"taxonomy":"product_tag","embeddable":true,"href":"https:\/\/livekaarten.nl\/es\/wp-json\/wp\/v2\/product_tag?post=1905"}],"curies":[{"name":"wp","href":"https:\/\/api.w.org\/{rel}","templated":true}]}}