{"id":116666,"date":"2025-08-27T21:00:11","date_gmt":"2025-08-27T19:00:11","guid":{"rendered":"https:\/\/livekaarten.nl\/?post_type=product&#038;p=116666"},"modified":"2026-04-03T12:03:49","modified_gmt":"2026-04-03T10:03:49","slug":"microsoft-office-2024-standard-microsoft-windows-10-professional-licentie-voor-3-apparaten","status":"publish","type":"product","link":"https:\/\/livekaarten.nl\/es\/producto\/microsoft-office-2024-standard-microsoft-windows-10-professional-licentie-voor-3-apparaten\/","title":{"rendered":"Microsoft Office 2024 Standard - Licencia Microsoft Windows 10 Professional para 3 dispositivos"},"content":{"rendered":"<h3><strong>Microsoft Office 2024 Standard<\/strong><\/h3>\n<div style=\"margin-bottom: 15px;\">Para los usuarios que necesitan un conjunto fiable de aplicaciones Office en casa o en la oficina, Microsoft Office 2024 Standard Edition es una excelente elecci\u00f3n. Los principales programas incluidos son: Word, Excel, Outlook, PowerPoint y Access (Publisher ya no se incluye porque dejar\u00e1 de fabricarse en 2026). OneNote se puede descargar desde Microsoft Store, para que puedas tomar notas r\u00e1pidamente y sincronizarlas a trav\u00e9s de la nube en todos tus dispositivos. La amplia gama de aplicaciones hace que esta edici\u00f3n sea ideal tanto para oficinas dom\u00e9sticas como para entornos de trabajo profesionales en los que la eficiencia y la organizaci\u00f3n son importantes.<\/div>\n<ul>\n<li><strong>Convi\u00e9rtete en<\/strong>: Crea documentos de texto profesionales sin esfuerzo.<\/li>\n<li><strong>Excel<\/strong>Hojas de c\u00e1lculo: potentes hojas de c\u00e1lculo para la gesti\u00f3n de datos.<\/li>\n<li><strong>PowerPoint<\/strong>: Cree presentaciones impresionantes y din\u00e1micas.<\/li>\n<li><strong>OneNote<\/strong>Tu bloc de notas digital para anotaciones r\u00e1pidas.<\/li>\n<li><strong>Outlook<\/strong>Correo electr\u00f3nico y calendario en una sola aplicaci\u00f3n.<\/li>\n<\/ul>\n<div><strong>Requisitos del sistema operativo: Microsoft Windows 10 u 11<\/strong><\/div>\n<p>&nbsp;<\/p>\n<h4><strong>Microsoft Windows 10 Professional<\/strong><\/h4>\n<p><strong>Esta licencia te permite activar el software en 3 dispositivos diferentes, como un ordenador dom\u00e9stico, un port\u00e1til y un ordenador de trabajo.<\/strong><\/p>\n<p>Con la nueva versi\u00f3n de Microsoft Windows 10 Professional, Microsoft ofrece a los usuarios dom\u00e9sticos y a las empresas especialmente exigentes un sistema operativo moderno e intuitivo. Entre las caracter\u00edsticas de Windows 10 Professional se incluyen funciones de seguridad mejoradas, acceso remoto al escritorio, cifrado BitLocker y el asistente virtual personal Cortana. Gracias a sus caracter\u00edsticas avanzadas, se adapta sin esfuerzo a cualquier dispositivo, mientras que los requisitos del sistema apenas han cambiado respecto a versiones anteriores. Esto significa que no es necesario comprar ning\u00fan hardware nuevo para aprovechar las ventajas de Windows 10 Professional.<\/p>\n<p><strong>Requisitos m\u00ednimos del sistema<\/strong><\/p>\n<ul>\n<li>Procesador de 1 GHz o superior<\/li>\n<li>1 GB de RAM para 32 bits o 2 GB de RAM para 64 bits<\/li>\n<li>16 GB de espacio disponible en disco para el sistema operativo de 32 bits o 20 GB para el de 64 bits<\/li>\n<\/ul>","protected":false},"excerpt":{"rendered":"<ul>\n<li>Microsoft Office 2024 Standard<\/li>\n<li>Microsoft Windows 10 Professional para 3 dispositivos<\/li>\n<li><strong>Esta licencia te permite activar el software en 3 dispositivos diferentes, como un ordenador dom\u00e9stico, un port\u00e1til y un ordenador de trabajo.<\/strong><\/li>\n<li>Apto para sistemas de 32 y 64 bits, versiones de software totalmente ilimitadas <strong>de un Microsoft Gold Partner certificado<\/strong><\/li>\n<li><strong>Garant\u00eda de devoluci\u00f3n del dinero de por vida<\/strong><\/li>\n<li>Entrega por correo electr\u00f3nico: clave de producto, instrucciones, enlaces de descarga, factura<\/li>\n<li>Descarga inmediata<\/li>\n<li>Sin l\u00edmite de tiempo, sin necesidad de suscripci\u00f3n<\/li>\n<li>Asistencia gratuita para la instalaci\u00f3n y activaci\u00f3n 24 horas al d\u00eda, 7 d\u00edas a la semana<\/li>\n<li>No disponible en soporte f\u00edsico (USB, CD, etc.)<\/li>\n<li>Activaci\u00f3n en l\u00ednea y por tel\u00e9fono<\/li>\n<li>Idiomas: ingl\u00e9s, espa\u00f1ol, italiano, alem\u00e1n y franc\u00e9s.<\/li>\n<li><strong><span style=\"color: #008000;\">Este producto es compatible con Microsoft Windows.<\/span><\/strong><\/li>\n<li><strong><span style=\"color: #ff0000;\">NO compatible con Apple macOS\u2122, dispositivos Android y Chromebooks.<\/span><\/strong><\/li>\n<\/ul>","protected":false},"featured_media":114620,"comment_status":"open","ping_status":"closed","template":"","meta":[],"product_cat":[75,82,129,87],"product_tag":[79,232],"class_list":{"0":"post-116666","1":"product","2":"type-product","3":"status-publish","4":"has-post-thumbnail","6":"product_cat-microsoft-office","7":"product_cat-microsoft-windows","8":"product_cat-office-2024","9":"product_cat-window-10","10":"product_tag-ms-office","11":"product_tag-standard","13":"first","14":"instock","15":"sale","16":"virtual","17":"taxable","18":"purchasable","19":"product-type-simple"},"yoast_head":"<!-- This site is optimized with the Yoast SEO plugin v27.3 - https:\/\/yoast.com\/product\/yoast-seo-wordpress\/ -->\n<title>Microsoft Office 2024 Standard - Microsoft Windows 10 Professional licentie voor 3 apparaten | livekaarten.nl<\/title>\n<meta name=\"robots\" content=\"index, follow, max-snippet:-1, max-image-preview:large, max-video-preview:-1\" \/>\n<link rel=\"canonical\" href=\"https:\/\/livekaarten.nl\/es\/producto\/microsoft-office-2024-standard-microsoft-windows-10-professional-licentie-voor-3-apparaten\/\" \/>\n<meta property=\"og:locale\" content=\"es_ES\" \/>\n<meta property=\"og:type\" content=\"article\" \/>\n<meta property=\"og:title\" content=\"Microsoft Office 2024 Standard - Microsoft Windows 10 Professional licentie voor 3 apparaten | livekaarten.nl\" \/>\n<meta property=\"og:description\" content=\"Microsoft Office 2024 Standard  Microsoft Windows 10 Professional voor 3 apparaten  Met deze licentie kunt u de software activeren op 3 verschillende apparaten, zoals een thuis-pc, notebook en werkcomputer.  Geschikt voor 32- en 64-bits systemen, volledige onbeperkte softwareversies van een gecertificeerde Microsoft Gold Partner  Levenslange geld-terug-garantie!  Levering via e-mail: productsleutel, instructies, downloadlinks, factuur  Direct te downloaden!  Geen tijdslimiet, geen abonnement vereist  Gratis 24\/7 ondersteuning bij installatie en activering  Niet beschikbaar op fysieke media (USB, CD, enz.)  Online en telefonische activering  Talen: Engels, Spaans, Italiaans, Duits, Frans  Dit product is compatibel met Microsoft Windows.  NIET compatibel met Apple macOS\u2122, Android-apparaten en Chromebooks.\" \/>\n<meta property=\"og:url\" content=\"https:\/\/livekaarten.nl\/es\/producto\/microsoft-office-2024-standard-microsoft-windows-10-professional-licentie-voor-3-apparaten\/\" \/>\n<meta property=\"og:site_name\" content=\"livekaarten.nl\" \/>\n<meta property=\"article:modified_time\" content=\"2026-04-03T10:03:49+00:00\" \/>\n<meta property=\"og:image\" content=\"https:\/\/livekaarten.nl\/wp-content\/uploads\/2025\/04\/W10PO24S.jpg\" \/>\n\t<meta property=\"og:image:width\" content=\"1000\" \/>\n\t<meta property=\"og:image:height\" content=\"1500\" \/>\n\t<meta property=\"og:image:type\" content=\"image\/jpeg\" \/>\n<meta name=\"twitter:card\" content=\"summary_large_image\" \/>\n<meta name=\"twitter:label1\" content=\"Tiempo de lectura\" \/>\n\t<meta name=\"twitter:data1\" content=\"2 minutos\" \/>\n<script type=\"application\/ld+json\" class=\"yoast-schema-graph\">{\"@context\":\"https:\\\/\\\/schema.org\",\"@graph\":[{\"@type\":\"WebPage\",\"@id\":\"https:\\\/\\\/livekaarten.nl\\\/product\\\/microsoft-office-2024-standard-microsoft-windows-10-professional-licentie-voor-3-apparaten\\\/\",\"url\":\"https:\\\/\\\/livekaarten.nl\\\/product\\\/microsoft-office-2024-standard-microsoft-windows-10-professional-licentie-voor-3-apparaten\\\/\",\"name\":\"Microsoft Office 2024 Standard - Microsoft Windows 10 Professional licentie voor 3 apparaten | livekaarten.nl\",\"isPartOf\":{\"@id\":\"https:\\\/\\\/livekaarten.nl\\\/#website\"},\"primaryImageOfPage\":{\"@id\":\"https:\\\/\\\/livekaarten.nl\\\/product\\\/microsoft-office-2024-standard-microsoft-windows-10-professional-licentie-voor-3-apparaten\\\/#primaryimage\"},\"image\":{\"@id\":\"https:\\\/\\\/livekaarten.nl\\\/product\\\/microsoft-office-2024-standard-microsoft-windows-10-professional-licentie-voor-3-apparaten\\\/#primaryimage\"},\"thumbnailUrl\":\"https:\\\/\\\/livekaarten.nl\\\/wp-content\\\/uploads\\\/2025\\\/04\\\/W10PO24S.jpg\",\"datePublished\":\"2025-08-27T19:00:11+00:00\",\"dateModified\":\"2026-04-03T10:03:49+00:00\",\"breadcrumb\":{\"@id\":\"https:\\\/\\\/livekaarten.nl\\\/product\\\/microsoft-office-2024-standard-microsoft-windows-10-professional-licentie-voor-3-apparaten\\\/#breadcrumb\"},\"inLanguage\":\"es\",\"potentialAction\":[{\"@type\":\"ReadAction\",\"target\":[\"https:\\\/\\\/livekaarten.nl\\\/product\\\/microsoft-office-2024-standard-microsoft-windows-10-professional-licentie-voor-3-apparaten\\\/\"]}]},{\"@type\":\"ImageObject\",\"inLanguage\":\"es\",\"@id\":\"https:\\\/\\\/livekaarten.nl\\\/product\\\/microsoft-office-2024-standard-microsoft-windows-10-professional-licentie-voor-3-apparaten\\\/#primaryimage\",\"url\":\"https:\\\/\\\/livekaarten.nl\\\/wp-content\\\/uploads\\\/2025\\\/04\\\/W10PO24S.jpg\",\"contentUrl\":\"https:\\\/\\\/livekaarten.nl\\\/wp-content\\\/uploads\\\/2025\\\/04\\\/W10PO24S.jpg\",\"width\":1000,\"height\":1500},{\"@type\":\"BreadcrumbList\",\"@id\":\"https:\\\/\\\/livekaarten.nl\\\/product\\\/microsoft-office-2024-standard-microsoft-windows-10-professional-licentie-voor-3-apparaten\\\/#breadcrumb\",\"itemListElement\":[{\"@type\":\"ListItem\",\"position\":1,\"name\":\"Home\",\"item\":\"https:\\\/\\\/livekaarten.nl\\\/\"},{\"@type\":\"ListItem\",\"position\":2,\"name\":\"Winkel\",\"item\":\"https:\\\/\\\/livekaarten.nl\\\/shop\\\/\"},{\"@type\":\"ListItem\",\"position\":3,\"name\":\"Microsoft Office 2024 Standard &#8211; Microsoft Windows 10 Professional licentie voor 3 apparaten\"}]},{\"@type\":\"WebSite\",\"@id\":\"https:\\\/\\\/livekaarten.nl\\\/#website\",\"url\":\"https:\\\/\\\/livekaarten.nl\\\/\",\"name\":\"Livekaarten.nl\",\"description\":\"Koop uw kantoor\",\"potentialAction\":[{\"@type\":\"SearchAction\",\"target\":{\"@type\":\"EntryPoint\",\"urlTemplate\":\"https:\\\/\\\/livekaarten.nl\\\/?s={search_term_string}\"},\"query-input\":{\"@type\":\"PropertyValueSpecification\",\"valueRequired\":true,\"valueName\":\"search_term_string\"}}],\"inLanguage\":\"es\"}]}<\/script>\n<!-- \/ Yoast SEO plugin. -->","yoast_head_json":{"title":"Microsoft Office 2024 Standard - Microsoft Windows 10 Professional licentie voor 3 apparaten | livekaarten.nl","robots":{"index":"index","follow":"follow","max-snippet":"max-snippet:-1","max-image-preview":"max-image-preview:large","max-video-preview":"max-video-preview:-1"},"canonical":"https:\/\/livekaarten.nl\/es\/producto\/microsoft-office-2024-standard-microsoft-windows-10-professional-licentie-voor-3-apparaten\/","og_locale":"es_ES","og_type":"article","og_title":"Microsoft Office 2024 Standard - Microsoft Windows 10 Professional licentie voor 3 apparaten | livekaarten.nl","og_description":"Microsoft Office 2024 Standard  Microsoft Windows 10 Professional voor 3 apparaten  Met deze licentie kunt u de software activeren op 3 verschillende apparaten, zoals een thuis-pc, notebook en werkcomputer.  Geschikt voor 32- en 64-bits systemen, volledige onbeperkte softwareversies van een gecertificeerde Microsoft Gold Partner  Levenslange geld-terug-garantie!  Levering via e-mail: productsleutel, instructies, downloadlinks, factuur  Direct te downloaden!  Geen tijdslimiet, geen abonnement vereist  Gratis 24\/7 ondersteuning bij installatie en activering  Niet beschikbaar op fysieke media (USB, CD, enz.)  Online en telefonische activering  Talen: Engels, Spaans, Italiaans, Duits, Frans  Dit product is compatibel met Microsoft Windows.  NIET compatibel met Apple macOS\u2122, Android-apparaten en Chromebooks.","og_url":"https:\/\/livekaarten.nl\/es\/producto\/microsoft-office-2024-standard-microsoft-windows-10-professional-licentie-voor-3-apparaten\/","og_site_name":"livekaarten.nl","article_modified_time":"2026-04-03T10:03:49+00:00","og_image":[{"width":1000,"height":1500,"url":"https:\/\/livekaarten.nl\/wp-content\/uploads\/2025\/04\/W10PO24S.jpg","type":"image\/jpeg"}],"twitter_card":"summary_large_image","twitter_misc":{"Tiempo de lectura":"2 minutos"},"schema":{"@context":"https:\/\/schema.org","@graph":[{"@type":"WebPage","@id":"https:\/\/livekaarten.nl\/product\/microsoft-office-2024-standard-microsoft-windows-10-professional-licentie-voor-3-apparaten\/","url":"https:\/\/livekaarten.nl\/product\/microsoft-office-2024-standard-microsoft-windows-10-professional-licentie-voor-3-apparaten\/","name":"Microsoft Office 2024 Standard - Microsoft Windows 10 Professional licentie voor 3 apparaten | livekaarten.nl","isPartOf":{"@id":"https:\/\/livekaarten.nl\/#website"},"primaryImageOfPage":{"@id":"https:\/\/livekaarten.nl\/product\/microsoft-office-2024-standard-microsoft-windows-10-professional-licentie-voor-3-apparaten\/#primaryimage"},"image":{"@id":"https:\/\/livekaarten.nl\/product\/microsoft-office-2024-standard-microsoft-windows-10-professional-licentie-voor-3-apparaten\/#primaryimage"},"thumbnailUrl":"https:\/\/livekaarten.nl\/wp-content\/uploads\/2025\/04\/W10PO24S.jpg","datePublished":"2025-08-27T19:00:11+00:00","dateModified":"2026-04-03T10:03:49+00:00","breadcrumb":{"@id":"https:\/\/livekaarten.nl\/product\/microsoft-office-2024-standard-microsoft-windows-10-professional-licentie-voor-3-apparaten\/#breadcrumb"},"inLanguage":"es","potentialAction":[{"@type":"ReadAction","target":["https:\/\/livekaarten.nl\/product\/microsoft-office-2024-standard-microsoft-windows-10-professional-licentie-voor-3-apparaten\/"]}]},{"@type":"ImageObject","inLanguage":"es","@id":"https:\/\/livekaarten.nl\/product\/microsoft-office-2024-standard-microsoft-windows-10-professional-licentie-voor-3-apparaten\/#primaryimage","url":"https:\/\/livekaarten.nl\/wp-content\/uploads\/2025\/04\/W10PO24S.jpg","contentUrl":"https:\/\/livekaarten.nl\/wp-content\/uploads\/2025\/04\/W10PO24S.jpg","width":1000,"height":1500},{"@type":"BreadcrumbList","@id":"https:\/\/livekaarten.nl\/product\/microsoft-office-2024-standard-microsoft-windows-10-professional-licentie-voor-3-apparaten\/#breadcrumb","itemListElement":[{"@type":"ListItem","position":1,"name":"Home","item":"https:\/\/livekaarten.nl\/"},{"@type":"ListItem","position":2,"name":"Winkel","item":"https:\/\/livekaarten.nl\/shop\/"},{"@type":"ListItem","position":3,"name":"Microsoft Office 2024 Standard &#8211; Microsoft Windows 10 Professional licentie voor 3 apparaten"}]},{"@type":"WebSite","@id":"https:\/\/livekaarten.nl\/#website","url":"https:\/\/livekaarten.nl\/","name":"Livecards.es","description":"Compre su oficina","potentialAction":[{"@type":"SearchAction","target":{"@type":"EntryPoint","urlTemplate":"https:\/\/livekaarten.nl\/?s={search_term_string}"},"query-input":{"@type":"PropertyValueSpecification","valueRequired":true,"valueName":"search_term_string"}}],"inLanguage":"es"}]}},"_links":{"self":[{"href":"https:\/\/livekaarten.nl\/es\/wp-json\/wp\/v2\/product\/116666","targetHints":{"allow":["GET"]}}],"collection":[{"href":"https:\/\/livekaarten.nl\/es\/wp-json\/wp\/v2\/product"}],"about":[{"href":"https:\/\/livekaarten.nl\/es\/wp-json\/wp\/v2\/types\/product"}],"replies":[{"embeddable":true,"href":"https:\/\/livekaarten.nl\/es\/wp-json\/wp\/v2\/comments?post=116666"}],"wp:featuredmedia":[{"embeddable":true,"href":"https:\/\/livekaarten.nl\/es\/wp-json\/wp\/v2\/media\/114620"}],"wp:attachment":[{"href":"https:\/\/livekaarten.nl\/es\/wp-json\/wp\/v2\/media?parent=116666"}],"wp:term":[{"taxonomy":"product_cat","embeddable":true,"href":"https:\/\/livekaarten.nl\/es\/wp-json\/wp\/v2\/product_cat?post=116666"},{"taxonomy":"product_tag","embeddable":true,"href":"https:\/\/livekaarten.nl\/es\/wp-json\/wp\/v2\/product_tag?post=116666"}],"curies":[{"name":"wp","href":"https:\/\/api.w.org\/{rel}","templated":true}]}}