{"id":116664,"date":"2025-08-27T20:47:22","date_gmt":"2025-08-27T18:47:22","guid":{"rendered":"https:\/\/livekaarten.nl\/?post_type=product&#038;p=116664"},"modified":"2026-04-20T12:49:12","modified_gmt":"2026-04-20T10:49:12","slug":"microsoft-office-2024-standard-microsoft-windows-11-professional-licentie-voor-3-apparaten","status":"publish","type":"product","link":"https:\/\/livekaarten.nl\/es\/producto\/microsoft-office-2024-standard-microsoft-windows-11-professional-licentie-voor-3-apparaten\/","title":{"rendered":"Microsoft Office 2024 Standard - Licencia Microsoft Windows 11 Professional para 3 dispositivos"},"content":{"rendered":"<div class=\"product-content\">\n<h2>Microsoft Office 2024 Standard<\/h2>\n<p><strong>Esta licencia te permite activar el software en 3 dispositivos diferentes, como un ordenador dom\u00e9stico, un port\u00e1til y un ordenador de trabajo.<\/strong><\/p>\n<p>Voor gebruikers die thuis of op kantoor behoefte hebben aan een betrouwbare set Office-toepassingen, is Microsoft Office 2024 Standard Edition een uitstekende keuze. De belangrijkste programma&#8217;s zijn inbegrepen: Word, Excel, Outlook, PowerPoint en Access. Publisher is niet meer inbegrepen, omdat deze in 2026 wordt be\u00ebindigd. OneNote is beschikbaar als download via de Microsoft Store, zodat u snel notities kunt maken en ze via de cloud op al uw apparaten kunt synchroniseren. Dankzij het brede aanbod aan toepassingen is deze editie ideaal voor zowel thuiskantoren als professionele werkomgevingen waar effici\u00ebntie en organisatie belangrijk zijn.<\/p>\n<ul>\n<li><strong>Word:<\/strong> Cre\u00eber moeiteloos professionele tekstdocumenten.<\/li>\n<li><strong>Excel:<\/strong> Krachtige spreadsheets voor databeheer.<\/li>\n<li><strong>PowerPoint:<\/strong> Maak indrukwekkende en dynamische presentaties.<\/li>\n<li><strong>OneNote:<\/strong> Uw digitale notitieblok voor snelle aantekeningen.<\/li>\n<li><strong>Outlook:<\/strong> E-mail en agenda in \u00e9\u00e9n overzichtelijke toepassing.<\/li>\n<\/ul>\n<p><strong>Besturingssysteemvereisten:<\/strong> Microsoft Windows 10 u 11<\/p>\n<hr \/>\n<h2>Microsoft Windows 11 Professional<\/h2>\n<h3>Requisitos del sistema<\/h3>\n<ul>\n<li><strong>Procesador:<\/strong> 1 gigahertz (GHz) of sneller met 2 of meer kernen op een compatibele 64-bits processor of System on a Chip (SoC).<\/li>\n<li><strong>RAM:<\/strong> 4 gigabyte (GB).<\/li>\n<li><strong>Almacenamiento:<\/strong> 64 GB of groter opslagapparaat. Opmerking: zie hieronder bij &#8220;Meer informatie over opslagruimte om Windows 11 up-to-date te houden&#8221; voor meer details.<\/li>\n<li><strong>Firmware del sistema:<\/strong> UEFI, geschikt voor Secure Boot.<\/li>\n<li><strong>TPM:<\/strong> Trusted Platform Module (TPM) versie 2.0.<\/li>\n<li><strong>Tarjeta gr\u00e1fica:<\/strong> Compatibel met DirectX 12 of hoger met WDDM 2.0 stuurprogramma.<\/li>\n<li><strong>Pantalla:<\/strong> Hoge definitie (720p) beeldscherm met een diagonaal van meer dan 9 inch, 8 bits per kleurkanaal.<\/li>\n<li><strong>Conexi\u00f3n a Internet y cuenta Microsoft:<\/strong> Windows 11 vereist een internetverbinding en een Microsoft-account om de installatie van het apparaat bij het eerste gebruik te voltooien. Om een apparaat uit Windows 11 Home in de S-modus te schakelen, is ook een internetverbinding nodig. Voor alle Windows 11-edities is internettoegang vereist om updates uit te voeren en bepaalde functies te downloaden en te gebruiken. Voor sommige functies is een Microsoft-account vereist.<\/li>\n<\/ul>\n<p>Con el tiempo, puede haber requisitos adicionales para las actualizaciones o para utilizar determinadas funciones del sistema operativo.<\/p>\n<hr \/>\n<h3>Extra vereisten voor belangrijke functies<\/h3>\n<p>Algunas caracter\u00edsticas de Windows 11 requieren requisitos del sistema superiores a los indicados en la secci\u00f3n de requisitos m\u00ednimos. A continuaci\u00f3n se ofrece m\u00e1s informaci\u00f3n sobre los requisitos de las principales caracter\u00edsticas:<\/p>\n<ul>\n<li>La compatibilidad con 5G requiere un m\u00f3dem compatible con 5G.<\/li>\n<li>Auto HDR requiere un monitor HDR.<\/li>\n<li>BitLocker to Go requiere una unidad flash USB (disponible en Windows Pro y ediciones superiores).<\/li>\n<li>Client Hyper-V vereist een processor met SLAT-mogelijkheden (Second Level Address Translation) (beschikbaar in Windows Pro en hogere edities).<\/li>\n<li>Cortana vereist een microfoon en luidspreker en is momenteel beschikbaar in Windows 11 voor Australi\u00eb, Brazili\u00eb, Canada, China, Frankrijk, Duitsland, India, Itali\u00eb, Japan, Mexico, Spanje, het Verenigd Koninkrijk en de Verenigde Staten.<\/li>\n<li>DirectStorage vereist een NVMe SSD om games op te slaan en uit te voeren die het stuurprogramma &#8220;Standard NVM Express Controller&#8221; gebruiken, plus een DirectX 12 GPU met ondersteuning voor Shader Model 6.0.<\/li>\n<li>DirectX 12 Ultimate est\u00e1 disponible con los juegos y chips gr\u00e1ficos compatibles.<\/li>\n<li>La presencia requiere un sensor que pueda detectar la distancia humana del dispositivo o la intenci\u00f3n de interactuar.<\/li>\n<li>La videoconferencia inteligente requiere una c\u00e1mara de v\u00eddeo, un micr\u00f3fono y un altavoz (salida de audio).<\/li>\n<li>El asistente de voz m\u00faltiple (MVA) requiere un micr\u00f3fono y un altavoz.<\/li>\n<li>Los dise\u00f1os Snap con tres columnas requieren una pantalla con una anchura efectiva de 1920 p\u00edxeles o m\u00e1s.<\/li>\n<li>Mute\/Unmute vanuit de taakbalk vereist een videocamera, microfoon en luidspreker (audio-uitgang). De app moet compatibel zijn met de functie voor globale mute\/unmute.<\/li>\n<li>El Sonido Espacial requiere hardware y software de apoyo.<\/li>\n<li>Los equipos necesitan una c\u00e1mara de v\u00eddeo, un micr\u00f3fono y un altavoz (salida de audio).<\/li>\n<li>La funci\u00f3n t\u00e1ctil requiere una pantalla o monitor que admita la funci\u00f3n multit\u00e1ctil.<\/li>\n<li>La autenticaci\u00f3n de dos factores requiere el uso de un PIN, datos biom\u00e9tricos (lector de huellas dactilares o c\u00e1mara de infrarrojos iluminada) o un tel\u00e9fono con capacidades Wi-Fi o Bluetooth.<\/li>\n<li>La escritura por voz requiere un PC con micr\u00f3fono.<\/li>\n<li>Wake on Voice requiere un modelo de alimentaci\u00f3n Modern Standby y un micr\u00f3fono.<\/li>\n<li>Wi-Fi 6E vereist nieuwe WLAN IHV-hardware en -stuurprogramma, plus een AP\/router die geschikt is voor Wi-Fi 6E.<\/li>\n<li>Windows Hello requiere una c\u00e1mara configurada para im\u00e1genes de infrarrojo cercano (IR) o un lector de huellas dactilares para la autenticaci\u00f3n biom\u00e9trica. Los dispositivos sin sensores biom\u00e9tricos pueden utilizar Windows Hello con un PIN o una clave de seguridad port\u00e1til compatible con Microsoft.<\/li>\n<li>Windows Projection requiere un adaptador de pantalla compatible con Windows Display Driver Model (WDDM) 2.0 y un adaptador Wi-Fi compatible con Wi-Fi Direct.<\/li>\n<li>Xbox (app) vereist een Xbox Live-account, dat niet in alle regio&#8217;s beschikbaar is. Zie Landen en regio&#8217;s van Xbox Live voor de meest actuele informatie over beschikbaarheid. Voor sommige functies in de Xbox-app is een actief Xbox Game Pass-abonnement vereist.<\/li>\n<\/ul>\n<\/div>","protected":false},"excerpt":{"rendered":"<ul>\n<li>Licencia Microsoft Office 2024 Standard para 3 dispositivos<\/li>\n<li>Microsoft Windows 11 Professional para 3 PC<\/li>\n<li><strong>Esta licencia te permite activar el software en 3 dispositivos diferentes, como un ordenador dom\u00e9stico, un port\u00e1til y un ordenador de trabajo.<\/strong><\/li>\n<li>Apto para sistemas de 32 y 64 bits, versiones de software totalmente ilimitadas <strong>de un Microsoft Gold Partner certificado<\/strong><\/li>\n<li><strong>Garant\u00eda de devoluci\u00f3n del dinero de por vida<\/strong><\/li>\n<li>Entrega por correo electr\u00f3nico: clave de producto, instrucciones, enlaces de descarga, factura<\/li>\n<li>Descarga inmediata<\/li>\n<li>Sin l\u00edmite de tiempo, sin necesidad de suscripci\u00f3n<\/li>\n<li>Asistencia gratuita para la instalaci\u00f3n y activaci\u00f3n 24 horas al d\u00eda, 7 d\u00edas a la semana<\/li>\n<li>No disponible en soporte f\u00edsico (USB, CD, etc.)<\/li>\n<li>Activaci\u00f3n en l\u00ednea y por tel\u00e9fono<\/li>\n<li>Idiomas: ingl\u00e9s, espa\u00f1ol, italiano, alem\u00e1n y franc\u00e9s.<\/li>\n<li><strong><span style=\"color: #008000;\">Este producto es compatible con Microsoft Windows.<\/span><\/strong><\/li>\n<li><strong><span style=\"color: #ff0000;\">NO compatible con Apple macOS\u2122, dispositivos Android y Chromebooks.<\/span><\/strong><\/li>\n<\/ul>","protected":false},"featured_media":114621,"comment_status":"open","ping_status":"closed","template":"","meta":{"rs_blank_template":"","rs_page_bg_color":"","slide_template_v7":""},"product_cat":[75,129],"product_tag":[79,232],"class_list":{"0":"post-116664","1":"product","2":"type-product","3":"status-publish","4":"has-post-thumbnail","6":"product_cat-microsoft-office","7":"product_cat-office-2024","8":"product_tag-ms-office","9":"product_tag-standard","11":"first","12":"instock","13":"sale","14":"taxable","15":"shipping-taxable","16":"purchasable","17":"product-type-simple"},"yoast_head":"<!-- This site is optimized with the Yoast SEO plugin v27.5 - https:\/\/yoast.com\/product\/yoast-seo-wordpress\/ -->\n<title>Microsoft Office 2024 Standard - Microsoft Windows 11 Professional licentie voor 3 apparaten | livekaarten.nl<\/title>\n<meta name=\"robots\" content=\"index, follow, max-snippet:-1, max-image-preview:large, max-video-preview:-1\" \/>\n<link rel=\"canonical\" href=\"https:\/\/livekaarten.nl\/es\/producto\/microsoft-office-2024-standard-microsoft-windows-11-professional-licentie-voor-3-apparaten\/\" \/>\n<meta property=\"og:locale\" content=\"es_ES\" \/>\n<meta property=\"og:type\" content=\"article\" \/>\n<meta property=\"og:title\" content=\"Microsoft Office 2024 Standard - Microsoft Windows 11 Professional licentie voor 3 apparaten | livekaarten.nl\" \/>\n<meta property=\"og:description\" content=\"Microsoft Office 2024 Standard licentie voor 3 apparaten  Microsoft Windows 11 Professional f\u00fcr 3 PC  Met deze licentie kunt u de software activeren op 3 verschillende apparaten, zoals een thuis-pc, notebook en werkcomputer.  Geschikt voor 32- en 64-bits systemen, volledige onbeperkte softwareversies van een gecertificeerde Microsoft Gold Partner  Levenslange geld-terug-garantie!  Levering via e-mail: productsleutel, instructies, downloadlinks, factuur  Direct te downloaden!  Geen tijdslimiet, geen abonnement vereist  Gratis 24\/7 ondersteuning bij installatie en activering  Niet beschikbaar op fysieke media (USB, CD, enz.)  Online en telefonische activering  Talen: Engels, Spaans, Italiaans, Duits, Frans  Dit product is compatibel met Microsoft Windows.  NIET compatibel met Apple macOS\u2122, Android-apparaten en Chromebooks.\" \/>\n<meta property=\"og:url\" content=\"https:\/\/livekaarten.nl\/es\/producto\/microsoft-office-2024-standard-microsoft-windows-11-professional-licentie-voor-3-apparaten\/\" \/>\n<meta property=\"og:site_name\" content=\"livekaarten.nl\" \/>\n<meta property=\"article:modified_time\" content=\"2026-04-20T10:49:12+00:00\" \/>\n<meta property=\"og:image\" content=\"https:\/\/livekaarten.nl\/wp-content\/uploads\/2025\/04\/W11PO24S.jpg\" \/>\n\t<meta property=\"og:image:width\" content=\"1000\" \/>\n\t<meta property=\"og:image:height\" content=\"1500\" \/>\n\t<meta property=\"og:image:type\" content=\"image\/jpeg\" \/>\n<meta name=\"twitter:card\" content=\"summary_large_image\" \/>\n<meta name=\"twitter:label1\" content=\"Tiempo de lectura\" \/>\n\t<meta name=\"twitter:data1\" content=\"4 minutos\" \/>\n<script type=\"application\/ld+json\" class=\"yoast-schema-graph\">{\"@context\":\"https:\\\/\\\/schema.org\",\"@graph\":[{\"@type\":\"WebPage\",\"@id\":\"https:\\\/\\\/livekaarten.nl\\\/product\\\/microsoft-office-2024-standard-microsoft-windows-11-professional-licentie-voor-3-apparaten\\\/\",\"url\":\"https:\\\/\\\/livekaarten.nl\\\/product\\\/microsoft-office-2024-standard-microsoft-windows-11-professional-licentie-voor-3-apparaten\\\/\",\"name\":\"Microsoft Office 2024 Standard - Microsoft Windows 11 Professional licentie voor 3 apparaten | livekaarten.nl\",\"isPartOf\":{\"@id\":\"https:\\\/\\\/livekaarten.nl\\\/#website\"},\"primaryImageOfPage\":{\"@id\":\"https:\\\/\\\/livekaarten.nl\\\/product\\\/microsoft-office-2024-standard-microsoft-windows-11-professional-licentie-voor-3-apparaten\\\/#primaryimage\"},\"image\":{\"@id\":\"https:\\\/\\\/livekaarten.nl\\\/product\\\/microsoft-office-2024-standard-microsoft-windows-11-professional-licentie-voor-3-apparaten\\\/#primaryimage\"},\"thumbnailUrl\":\"https:\\\/\\\/livekaarten.nl\\\/wp-content\\\/uploads\\\/2025\\\/04\\\/W11PO24S.jpg\",\"datePublished\":\"2025-08-27T18:47:22+00:00\",\"dateModified\":\"2026-04-20T10:49:12+00:00\",\"breadcrumb\":{\"@id\":\"https:\\\/\\\/livekaarten.nl\\\/product\\\/microsoft-office-2024-standard-microsoft-windows-11-professional-licentie-voor-3-apparaten\\\/#breadcrumb\"},\"inLanguage\":\"es\",\"potentialAction\":[{\"@type\":\"ReadAction\",\"target\":[\"https:\\\/\\\/livekaarten.nl\\\/product\\\/microsoft-office-2024-standard-microsoft-windows-11-professional-licentie-voor-3-apparaten\\\/\"]}]},{\"@type\":\"ImageObject\",\"inLanguage\":\"es\",\"@id\":\"https:\\\/\\\/livekaarten.nl\\\/product\\\/microsoft-office-2024-standard-microsoft-windows-11-professional-licentie-voor-3-apparaten\\\/#primaryimage\",\"url\":\"https:\\\/\\\/livekaarten.nl\\\/wp-content\\\/uploads\\\/2025\\\/04\\\/W11PO24S.jpg\",\"contentUrl\":\"https:\\\/\\\/livekaarten.nl\\\/wp-content\\\/uploads\\\/2025\\\/04\\\/W11PO24S.jpg\",\"width\":1000,\"height\":1500},{\"@type\":\"BreadcrumbList\",\"@id\":\"https:\\\/\\\/livekaarten.nl\\\/product\\\/microsoft-office-2024-standard-microsoft-windows-11-professional-licentie-voor-3-apparaten\\\/#breadcrumb\",\"itemListElement\":[{\"@type\":\"ListItem\",\"position\":1,\"name\":\"Home\",\"item\":\"https:\\\/\\\/livekaarten.nl\\\/\"},{\"@type\":\"ListItem\",\"position\":2,\"name\":\"Winkel\",\"item\":\"https:\\\/\\\/livekaarten.nl\\\/shop\\\/\"},{\"@type\":\"ListItem\",\"position\":3,\"name\":\"Microsoft Office 2024 Standard &#8211; Microsoft Windows 11 Professional licentie voor 3 apparaten\"}]},{\"@type\":\"WebSite\",\"@id\":\"https:\\\/\\\/livekaarten.nl\\\/#website\",\"url\":\"https:\\\/\\\/livekaarten.nl\\\/\",\"name\":\"Livekaarten.nl\",\"description\":\"Koop uw kantoor\",\"potentialAction\":[{\"@type\":\"SearchAction\",\"target\":{\"@type\":\"EntryPoint\",\"urlTemplate\":\"https:\\\/\\\/livekaarten.nl\\\/?s={search_term_string}\"},\"query-input\":{\"@type\":\"PropertyValueSpecification\",\"valueRequired\":true,\"valueName\":\"search_term_string\"}}],\"inLanguage\":\"es\"}]}<\/script>\n<!-- \/ Yoast SEO plugin. -->","yoast_head_json":{"title":"Microsoft Office 2024 Standard - Microsoft Windows 11 Professional licentie voor 3 apparaten | livekaarten.nl","robots":{"index":"index","follow":"follow","max-snippet":"max-snippet:-1","max-image-preview":"max-image-preview:large","max-video-preview":"max-video-preview:-1"},"canonical":"https:\/\/livekaarten.nl\/es\/producto\/microsoft-office-2024-standard-microsoft-windows-11-professional-licentie-voor-3-apparaten\/","og_locale":"es_ES","og_type":"article","og_title":"Microsoft Office 2024 Standard - Microsoft Windows 11 Professional licentie voor 3 apparaten | livekaarten.nl","og_description":"Microsoft Office 2024 Standard licentie voor 3 apparaten  Microsoft Windows 11 Professional f\u00fcr 3 PC  Met deze licentie kunt u de software activeren op 3 verschillende apparaten, zoals een thuis-pc, notebook en werkcomputer.  Geschikt voor 32- en 64-bits systemen, volledige onbeperkte softwareversies van een gecertificeerde Microsoft Gold Partner  Levenslange geld-terug-garantie!  Levering via e-mail: productsleutel, instructies, downloadlinks, factuur  Direct te downloaden!  Geen tijdslimiet, geen abonnement vereist  Gratis 24\/7 ondersteuning bij installatie en activering  Niet beschikbaar op fysieke media (USB, CD, enz.)  Online en telefonische activering  Talen: Engels, Spaans, Italiaans, Duits, Frans  Dit product is compatibel met Microsoft Windows.  NIET compatibel met Apple macOS\u2122, Android-apparaten en Chromebooks.","og_url":"https:\/\/livekaarten.nl\/es\/producto\/microsoft-office-2024-standard-microsoft-windows-11-professional-licentie-voor-3-apparaten\/","og_site_name":"livekaarten.nl","article_modified_time":"2026-04-20T10:49:12+00:00","og_image":[{"width":1000,"height":1500,"url":"https:\/\/livekaarten.nl\/wp-content\/uploads\/2025\/04\/W11PO24S.jpg","type":"image\/jpeg"}],"twitter_card":"summary_large_image","twitter_misc":{"Tiempo de lectura":"4 minutos"},"schema":{"@context":"https:\/\/schema.org","@graph":[{"@type":"WebPage","@id":"https:\/\/livekaarten.nl\/product\/microsoft-office-2024-standard-microsoft-windows-11-professional-licentie-voor-3-apparaten\/","url":"https:\/\/livekaarten.nl\/product\/microsoft-office-2024-standard-microsoft-windows-11-professional-licentie-voor-3-apparaten\/","name":"Microsoft Office 2024 Standard - Microsoft Windows 11 Professional licentie voor 3 apparaten | livekaarten.nl","isPartOf":{"@id":"https:\/\/livekaarten.nl\/#website"},"primaryImageOfPage":{"@id":"https:\/\/livekaarten.nl\/product\/microsoft-office-2024-standard-microsoft-windows-11-professional-licentie-voor-3-apparaten\/#primaryimage"},"image":{"@id":"https:\/\/livekaarten.nl\/product\/microsoft-office-2024-standard-microsoft-windows-11-professional-licentie-voor-3-apparaten\/#primaryimage"},"thumbnailUrl":"https:\/\/livekaarten.nl\/wp-content\/uploads\/2025\/04\/W11PO24S.jpg","datePublished":"2025-08-27T18:47:22+00:00","dateModified":"2026-04-20T10:49:12+00:00","breadcrumb":{"@id":"https:\/\/livekaarten.nl\/product\/microsoft-office-2024-standard-microsoft-windows-11-professional-licentie-voor-3-apparaten\/#breadcrumb"},"inLanguage":"es","potentialAction":[{"@type":"ReadAction","target":["https:\/\/livekaarten.nl\/product\/microsoft-office-2024-standard-microsoft-windows-11-professional-licentie-voor-3-apparaten\/"]}]},{"@type":"ImageObject","inLanguage":"es","@id":"https:\/\/livekaarten.nl\/product\/microsoft-office-2024-standard-microsoft-windows-11-professional-licentie-voor-3-apparaten\/#primaryimage","url":"https:\/\/livekaarten.nl\/wp-content\/uploads\/2025\/04\/W11PO24S.jpg","contentUrl":"https:\/\/livekaarten.nl\/wp-content\/uploads\/2025\/04\/W11PO24S.jpg","width":1000,"height":1500},{"@type":"BreadcrumbList","@id":"https:\/\/livekaarten.nl\/product\/microsoft-office-2024-standard-microsoft-windows-11-professional-licentie-voor-3-apparaten\/#breadcrumb","itemListElement":[{"@type":"ListItem","position":1,"name":"Home","item":"https:\/\/livekaarten.nl\/"},{"@type":"ListItem","position":2,"name":"Winkel","item":"https:\/\/livekaarten.nl\/shop\/"},{"@type":"ListItem","position":3,"name":"Microsoft Office 2024 Standard &#8211; Microsoft Windows 11 Professional licentie voor 3 apparaten"}]},{"@type":"WebSite","@id":"https:\/\/livekaarten.nl\/#website","url":"https:\/\/livekaarten.nl\/","name":"Livecards.es","description":"Compre su oficina","potentialAction":[{"@type":"SearchAction","target":{"@type":"EntryPoint","urlTemplate":"https:\/\/livekaarten.nl\/?s={search_term_string}"},"query-input":{"@type":"PropertyValueSpecification","valueRequired":true,"valueName":"search_term_string"}}],"inLanguage":"es"}]}},"_links":{"self":[{"href":"https:\/\/livekaarten.nl\/es\/wp-json\/wp\/v2\/product\/116664","targetHints":{"allow":["GET"]}}],"collection":[{"href":"https:\/\/livekaarten.nl\/es\/wp-json\/wp\/v2\/product"}],"about":[{"href":"https:\/\/livekaarten.nl\/es\/wp-json\/wp\/v2\/types\/product"}],"replies":[{"embeddable":true,"href":"https:\/\/livekaarten.nl\/es\/wp-json\/wp\/v2\/comments?post=116664"}],"wp:featuredmedia":[{"embeddable":true,"href":"https:\/\/livekaarten.nl\/es\/wp-json\/wp\/v2\/media\/114621"}],"wp:attachment":[{"href":"https:\/\/livekaarten.nl\/es\/wp-json\/wp\/v2\/media?parent=116664"}],"wp:term":[{"taxonomy":"product_cat","embeddable":true,"href":"https:\/\/livekaarten.nl\/es\/wp-json\/wp\/v2\/product_cat?post=116664"},{"taxonomy":"product_tag","embeddable":true,"href":"https:\/\/livekaarten.nl\/es\/wp-json\/wp\/v2\/product_tag?post=116664"}],"curies":[{"name":"wp","href":"https:\/\/api.w.org\/{rel}","templated":true}]}}