{"id":115523,"date":"2025-06-10T13:16:10","date_gmt":"2025-06-10T11:16:10","guid":{"rendered":"https:\/\/livekaarten.nl\/?post_type=product&#038;p=115523"},"modified":"2026-04-03T12:03:41","modified_gmt":"2026-04-03T10:03:41","slug":"microsoft-project-2019-professional","status":"publish","type":"product","link":"https:\/\/livekaarten.nl\/es\/producto\/microsoft-project-2019-professional\/","title":{"rendered":"Microsoft Project 2019 Professional para 3 dispositivos"},"content":{"rendered":"<p>Colabore con otros para lanzar y ejecutar proyectos de \u00e9xito en un abrir y cerrar de ojos. Incluye todas las caracter\u00edsticas de Microsoft Project Standard, adem\u00e1s de soluciones de colaboraci\u00f3n, gesti\u00f3n de recursos, sincronizaci\u00f3n de tareas de SharePoint, uso compartido de hojas de horas y mucho m\u00e1s. Microsoft Project Professional 2019 ofrece funciones flexibles que le permiten planificar proyectos, realizar un seguimiento de su estado y colaborar con otras personas pr\u00e1cticamente desde cualquier lugar. La aplicaci\u00f3n ofrece comunicaci\u00f3n en tiempo real y mensajer\u00eda instant\u00e1nea, directamente en su plan de proyecto a trav\u00e9s de Skype Empresarial, y consolida todos los recursos potenciales del proyecto en una sola vista.<\/p>\n<p>Organ\u00edcese y mantenga el control. Tanto si se trata de un peque\u00f1o proyecto como de una gran campa\u00f1a, Microsoft Project le ayuda a superar cualquier reto. \u00bfNo es gestor de proyectos? No hay problema, con esta potente y pr\u00e1ctica aplicaci\u00f3n, casi cualquiera puede gestionar proyectos con \u00e9xito.<\/p>\n<p>Inicie proyectos r\u00e1pidamente y ejec\u00fatelos con facilidad.<\/p>\n<p>Conf\u00ede en una potente herramienta de gesti\u00f3n de proyectos para establecer y gestionar nuevos proyectos de forma r\u00e1pida y sencilla.<\/p>\n<p>Gestione los proyectos sin estr\u00e9s.<\/p>\n<p>Mantenga bajo control incluso los proyectos m\u00e1s complejos con herramientas y m\u00e9todos adaptados a sus necesidades.<\/p>\n<p>Colabore f\u00e1cilmente en equipo, pr\u00e1cticamente en cualquier lugar.<\/p>\n<p>Colabore en proyectos, incluso a larga distancia. Como todos los miembros del equipo trabajan en la misma versi\u00f3n al mismo tiempo, usted es a\u00fan m\u00e1s productivo.<\/p>\n<p>Planifique proyectos f\u00e1cilmente<\/p>\n<p>Mantenga el rumbo de sus proyectos planificando de forma din\u00e1mica el esfuerzo, la duraci\u00f3n y el despliegue de los miembros del equipo.<\/p>\n<p>Inteligencia empresarial: obtenga mejores perspectivas y resultados con rapidez<\/p>\n<p>Cree cuadros de mando interactivos con Power BI para visualizar el estado general y examinar los proyectos y programas en detalle.<\/p>\n<p>Pensar y actuar de forma m\u00e1s innovadora<\/p>\n<p>Desarrolle soluciones personalizadas para ordenadores de sobremesa o dispositivos m\u00f3viles y automatice los flujos de trabajo en unos pocos pasos. Utilice una plataforma flexible y segura en Azure, una nube empresarial reconocida en todo el mundo.<\/p>\n<p><strong>Requisitos del sistema:<\/strong><\/p>\n<ul>\n<li>Procesador de doble n\u00facleo a 1,6 GHz<\/li>\n<li>Microsoft Windows 10<\/li>\n<li>2 GB (32 bits), 4 GB (64 bits) de RAM<\/li>\n<li>4 GB de espacio disponible en el disco duro<\/li>\n<li>La aceleraci\u00f3n gr\u00e1fica requiere una tarjeta gr\u00e1fica compatible con DirectX 10<\/li>\n<\/ul>","protected":false},"excerpt":{"rendered":"<ul>\n<li>Licencia Microsoft Project 2019 Professional para 1 PC<\/li>\n<li>Disponible para sistemas de 32 y 64 bits<\/li>\n<li>Env\u00edo por correo electr\u00f3nico: c\u00f3digo de producto, instrucciones, enlaces de descarga y factura<\/li>\n<li><strong>Reembolso completo en 30 d\u00edas - \u00a1Garant\u00eda de sustituci\u00f3n de por vida!<\/strong><\/li>\n<li>Descargar inmediatamente<\/li>\n<li>Sin l\u00edmite de tiempo, sin necesidad de suscripci\u00f3n<\/li>\n<li>Asistencia gratuita para la instalaci\u00f3n y activaci\u00f3n<\/li>\n<li>No hay entrega en soporte f\u00edsico (USB, CD, etc.)<\/li>\n<li>Activaci\u00f3n en l\u00ednea y por tel\u00e9fono<\/li>\n<li><strong><span style=\"color: #008000;\">Este producto es compatible con Windows.<\/span><\/strong><\/li>\n<li><strong><span style=\"color: #ff0000;\">NO compatible con Apple macOS\u2122, dispositivos Android o Chromebooks.<\/span><\/strong><\/li>\n<\/ul>","protected":false},"featured_media":100000114596,"comment_status":"closed","ping_status":"closed","template":"","meta":[],"product_cat":[75],"product_tag":[],"class_list":{"0":"post-115523","1":"product","2":"type-product","3":"status-publish","4":"has-post-thumbnail","6":"product_cat-microsoft-office","8":"first","9":"instock","10":"sale","11":"virtual","12":"taxable","13":"purchasable","14":"product-type-simple"},"yoast_head":"<!-- This site is optimized with the Yoast SEO plugin v27.3 - https:\/\/yoast.com\/product\/yoast-seo-wordpress\/ -->\n<title>Microsoft Project 2019 Professional voor 3 apparaten | livekaarten.nl<\/title>\n<meta name=\"robots\" content=\"index, follow, max-snippet:-1, max-image-preview:large, max-video-preview:-1\" \/>\n<link rel=\"canonical\" href=\"https:\/\/livekaarten.nl\/es\/producto\/microsoft-project-2019-professional\/\" \/>\n<meta property=\"og:locale\" content=\"es_ES\" \/>\n<meta property=\"og:type\" content=\"article\" \/>\n<meta property=\"og:title\" content=\"Microsoft Project 2019 Professional voor 3 apparaten | livekaarten.nl\" \/>\n<meta property=\"og:description\" content=\"Microsoft Project 2019 Professional-licentie voor 1 pc  Beschikbaar voor 32- en 64-bits systemen  Verzending per e-mail: productcode, instructies, downloadlinks en factuur  30 dagen volledige restitutie \u2013 levenslange vervangingsgarantie!  Direct downloaden!  Geen tijdslimiet, geen abonnement nodig  Gratis ondersteuning bij installatie en activering  Geen levering op fysieke dragers (USB, cd, enz.)  Activering online en telefonisch  Dit product is compatibel met Windows.  NIET compatibel met Apple macOS\u2122, Android-apparaten of Chromebooks.\" \/>\n<meta property=\"og:url\" content=\"https:\/\/livekaarten.nl\/es\/producto\/microsoft-project-2019-professional\/\" \/>\n<meta property=\"og:site_name\" content=\"livekaarten.nl\" \/>\n<meta property=\"article:modified_time\" content=\"2026-04-03T10:03:41+00:00\" \/>\n<meta name=\"twitter:card\" content=\"summary_large_image\" \/>\n<meta name=\"twitter:label1\" content=\"Tiempo de lectura\" \/>\n\t<meta name=\"twitter:data1\" content=\"2 minutos\" \/>\n<script type=\"application\/ld+json\" class=\"yoast-schema-graph\">{\"@context\":\"https:\\\/\\\/schema.org\",\"@graph\":[{\"@type\":\"WebPage\",\"@id\":\"https:\\\/\\\/livekaarten.nl\\\/product\\\/microsoft-project-2019-professional\\\/\",\"url\":\"https:\\\/\\\/livekaarten.nl\\\/product\\\/microsoft-project-2019-professional\\\/\",\"name\":\"Microsoft Project 2019 Professional voor 3 apparaten | livekaarten.nl\",\"isPartOf\":{\"@id\":\"https:\\\/\\\/livekaarten.nl\\\/#website\"},\"primaryImageOfPage\":{\"@id\":\"https:\\\/\\\/livekaarten.nl\\\/product\\\/microsoft-project-2019-professional\\\/#primaryimage\"},\"image\":{\"@id\":\"https:\\\/\\\/livekaarten.nl\\\/product\\\/microsoft-project-2019-professional\\\/#primaryimage\"},\"thumbnailUrl\":\"https:\\\/\\\/livekaarten.nl\\\/wp-content\\\/uploads\\\/2025\\\/04\\\/P19P.jpg\",\"datePublished\":\"2025-06-10T11:16:10+00:00\",\"dateModified\":\"2026-04-03T10:03:41+00:00\",\"breadcrumb\":{\"@id\":\"https:\\\/\\\/livekaarten.nl\\\/product\\\/microsoft-project-2019-professional\\\/#breadcrumb\"},\"inLanguage\":\"es\",\"potentialAction\":[{\"@type\":\"ReadAction\",\"target\":[\"https:\\\/\\\/livekaarten.nl\\\/product\\\/microsoft-project-2019-professional\\\/\"]}]},{\"@type\":\"ImageObject\",\"inLanguage\":\"es\",\"@id\":\"https:\\\/\\\/livekaarten.nl\\\/product\\\/microsoft-project-2019-professional\\\/#primaryimage\",\"url\":\"https:\\\/\\\/livekaarten.nl\\\/wp-content\\\/uploads\\\/2025\\\/04\\\/P19P.jpg\",\"contentUrl\":\"https:\\\/\\\/livekaarten.nl\\\/wp-content\\\/uploads\\\/2025\\\/04\\\/P19P.jpg\"},{\"@type\":\"BreadcrumbList\",\"@id\":\"https:\\\/\\\/livekaarten.nl\\\/product\\\/microsoft-project-2019-professional\\\/#breadcrumb\",\"itemListElement\":[{\"@type\":\"ListItem\",\"position\":1,\"name\":\"Home\",\"item\":\"https:\\\/\\\/livekaarten.nl\\\/\"},{\"@type\":\"ListItem\",\"position\":2,\"name\":\"Winkel\",\"item\":\"https:\\\/\\\/livekaarten.nl\\\/shop\\\/\"},{\"@type\":\"ListItem\",\"position\":3,\"name\":\"Microsoft Project 2019 Professional voor 3 apparaten\"}]},{\"@type\":\"WebSite\",\"@id\":\"https:\\\/\\\/livekaarten.nl\\\/#website\",\"url\":\"https:\\\/\\\/livekaarten.nl\\\/\",\"name\":\"Livekaarten.nl\",\"description\":\"Koop uw kantoor\",\"potentialAction\":[{\"@type\":\"SearchAction\",\"target\":{\"@type\":\"EntryPoint\",\"urlTemplate\":\"https:\\\/\\\/livekaarten.nl\\\/?s={search_term_string}\"},\"query-input\":{\"@type\":\"PropertyValueSpecification\",\"valueRequired\":true,\"valueName\":\"search_term_string\"}}],\"inLanguage\":\"es\"}]}<\/script>\n<!-- \/ Yoast SEO plugin. -->","yoast_head_json":{"title":"Microsoft Project 2019 Professional voor 3 apparaten | livekaarten.nl","robots":{"index":"index","follow":"follow","max-snippet":"max-snippet:-1","max-image-preview":"max-image-preview:large","max-video-preview":"max-video-preview:-1"},"canonical":"https:\/\/livekaarten.nl\/es\/producto\/microsoft-project-2019-professional\/","og_locale":"es_ES","og_type":"article","og_title":"Microsoft Project 2019 Professional voor 3 apparaten | livekaarten.nl","og_description":"Microsoft Project 2019 Professional-licentie voor 1 pc  Beschikbaar voor 32- en 64-bits systemen  Verzending per e-mail: productcode, instructies, downloadlinks en factuur  30 dagen volledige restitutie \u2013 levenslange vervangingsgarantie!  Direct downloaden!  Geen tijdslimiet, geen abonnement nodig  Gratis ondersteuning bij installatie en activering  Geen levering op fysieke dragers (USB, cd, enz.)  Activering online en telefonisch  Dit product is compatibel met Windows.  NIET compatibel met Apple macOS\u2122, Android-apparaten of Chromebooks.","og_url":"https:\/\/livekaarten.nl\/es\/producto\/microsoft-project-2019-professional\/","og_site_name":"livekaarten.nl","article_modified_time":"2026-04-03T10:03:41+00:00","twitter_card":"summary_large_image","twitter_misc":{"Tiempo de lectura":"2 minutos"},"schema":{"@context":"https:\/\/schema.org","@graph":[{"@type":"WebPage","@id":"https:\/\/livekaarten.nl\/product\/microsoft-project-2019-professional\/","url":"https:\/\/livekaarten.nl\/product\/microsoft-project-2019-professional\/","name":"Microsoft Project 2019 Professional voor 3 apparaten | livekaarten.nl","isPartOf":{"@id":"https:\/\/livekaarten.nl\/#website"},"primaryImageOfPage":{"@id":"https:\/\/livekaarten.nl\/product\/microsoft-project-2019-professional\/#primaryimage"},"image":{"@id":"https:\/\/livekaarten.nl\/product\/microsoft-project-2019-professional\/#primaryimage"},"thumbnailUrl":"https:\/\/livekaarten.nl\/wp-content\/uploads\/2025\/04\/P19P.jpg","datePublished":"2025-06-10T11:16:10+00:00","dateModified":"2026-04-03T10:03:41+00:00","breadcrumb":{"@id":"https:\/\/livekaarten.nl\/product\/microsoft-project-2019-professional\/#breadcrumb"},"inLanguage":"es","potentialAction":[{"@type":"ReadAction","target":["https:\/\/livekaarten.nl\/product\/microsoft-project-2019-professional\/"]}]},{"@type":"ImageObject","inLanguage":"es","@id":"https:\/\/livekaarten.nl\/product\/microsoft-project-2019-professional\/#primaryimage","url":"https:\/\/livekaarten.nl\/wp-content\/uploads\/2025\/04\/P19P.jpg","contentUrl":"https:\/\/livekaarten.nl\/wp-content\/uploads\/2025\/04\/P19P.jpg"},{"@type":"BreadcrumbList","@id":"https:\/\/livekaarten.nl\/product\/microsoft-project-2019-professional\/#breadcrumb","itemListElement":[{"@type":"ListItem","position":1,"name":"Home","item":"https:\/\/livekaarten.nl\/"},{"@type":"ListItem","position":2,"name":"Winkel","item":"https:\/\/livekaarten.nl\/shop\/"},{"@type":"ListItem","position":3,"name":"Microsoft Project 2019 Professional voor 3 apparaten"}]},{"@type":"WebSite","@id":"https:\/\/livekaarten.nl\/#website","url":"https:\/\/livekaarten.nl\/","name":"Livecards.es","description":"Compre su oficina","potentialAction":[{"@type":"SearchAction","target":{"@type":"EntryPoint","urlTemplate":"https:\/\/livekaarten.nl\/?s={search_term_string}"},"query-input":{"@type":"PropertyValueSpecification","valueRequired":true,"valueName":"search_term_string"}}],"inLanguage":"es"}]}},"_links":{"self":[{"href":"https:\/\/livekaarten.nl\/es\/wp-json\/wp\/v2\/product\/115523","targetHints":{"allow":["GET"]}}],"collection":[{"href":"https:\/\/livekaarten.nl\/es\/wp-json\/wp\/v2\/product"}],"about":[{"href":"https:\/\/livekaarten.nl\/es\/wp-json\/wp\/v2\/types\/product"}],"replies":[{"embeddable":true,"href":"https:\/\/livekaarten.nl\/es\/wp-json\/wp\/v2\/comments?post=115523"}],"wp:featuredmedia":[{"embeddable":true,"href":"https:\/\/livekaarten.nl\/es\/wp-json\/"}],"wp:attachment":[{"href":"https:\/\/livekaarten.nl\/es\/wp-json\/wp\/v2\/media?parent=115523"}],"wp:term":[{"taxonomy":"product_cat","embeddable":true,"href":"https:\/\/livekaarten.nl\/es\/wp-json\/wp\/v2\/product_cat?post=115523"},{"taxonomy":"product_tag","embeddable":true,"href":"https:\/\/livekaarten.nl\/es\/wp-json\/wp\/v2\/product_tag?post=115523"}],"curies":[{"name":"wp","href":"https:\/\/api.w.org\/{rel}","templated":true}]}}